{"id":267643,"date":"2025-11-11T16:44:29","date_gmt":"2025-11-11T15:44:29","guid":{"rendered":"https:\/\/nueva.ledsolintel.com\/product\/downlight-led-7w-cuadrado-serie-pc\/"},"modified":"2025-12-17T12:55:10","modified_gmt":"2025-12-17T11:55:10","slug":"downlight-led-7w-cuadrado-serie-pc","status":"publish","type":"product","link":"https:\/\/ledsolintel.com\/fr\/produit-2\/downlight-led-7w-cuadrado-serie-pc\/","title":{"rendered":"Downlight LED 7W square s\u00e9rie PC"},"content":{"rendered":"<p>Downlight de LEDs cuadrado empotrable (en hueco redondo) con acabado en color blanco, es uno de los productos m\u00e1s utilizados en iluminaci\u00f3n ya que es ideal para su instalaci\u00f3n en techos, tanto si cuentan con poco o mucho espacio. Debido a su \u00e1ngulo de dispersi\u00f3n lum\u00ednica de 40\u00b0 y su estructura basculante, lo hace ideal como fuente de iluminaci\u00f3n para uso residencial (pasillos, zonas de entrada, armarios, salones, dormitorios, ba\u00f1os o cocinas) y espacios m\u00e1s amplios como oficinas, tiendas, hoteles, bares, restaurantes o supermercados. No permite regular la intensidad de luz.  La tecnolog\u00eda LED presenta un menor consumo en comparaci\u00f3n con los downlight hal\u00f3genos convencionales, permitiendo ahorrar cada mes en la factura de la luz.  Cuenta con una alta eficacia al consumir 7W mediante el LED SMD que integra, logrando proporcionar un flujo luminoso de 620 lumens. La iluminaci\u00f3n que aporta representa un consumo por valor de 7kWh\/1000h, lo que supone una reducci\u00f3n de la cantidad de energ\u00eda facturada y de emisiones de gases contaminantes a la atm\u00f3sfera. Este downlight est\u00e1 disponible en tres temperaturas de color: blanca (6000\u00b0K), neutra (4000\u00b0K) y c\u00e1lida (3000\u00b0K).  Su instalaci\u00f3n debe realizarse en lugares interiores al poseer un grado de protecci\u00f3n IP20 (protecci\u00f3n contra part\u00edculas s\u00f3lidas de tama\u00f1o superior a 12 mm y no es resistente al agua). Soporta un voltaje de entrada de 200 a 240V y una frecuencia de servicio de 50 Hz. A la hora de realizar el montaje de cualquier downlight es primorcial tener en cuenta tres dimensiones. En primer lugar, el espesor del downlight (65 mm), por otro lado el tama\u00f1o de corte (75 mm) que debe ser igual o menor al agujero del techo, y por \u00faltimo el tama\u00f1o externo del downlight (90 mm) que tiene que ser mayor al del agujero.  Adem\u00e1s de ser un producto que tiene m\u00e1s de 30.000 horas de vida, dispone de una garant\u00eda de 3 a\u00f1os. Cuenta tambi\u00e9n con el certificado CE, que acredita que se cumple con los requisitos de la UE respecto a compatibilidad electromagn\u00e9tica y normativa de baja tensi\u00f3n. Con este certificado se declara la conformidad de dicho producto con todos los requisitos legales exigidos, y asegura la validez del producto para ser vendido en todo el Espacio Econ\u00f3mico Europeo.  Incluye driver<\/p>","protected":false},"excerpt":{"rendered":"<p>Downlight de LEDs cuadrado empotrable (en hueco redondo) con acabado en color blanco, es uno de los productos m\u00e1s utilizados en iluminaci\u00f3n ya que es ideal para su instalaci\u00f3n en techos, tanto si cuentan con poco o mucho espacio. Debido a su \u00e1ngulo de dispersi\u00f3n lum\u00ednica de 40\u00b0 y su estructura basculante, lo hace ideal &hellip; <a href=\"https:\/\/ledsolintel.com\/fr\/produit-2\/downlight-led-7w-cuadrado-serie-pc\/\" class=\"more-link\">Continue reading <span class=\"screen-reader-text\">Downlight LED 7W square s\u00e9rie PC<\/span><\/a><\/p>","protected":false},"featured_media":261023,"template":"","meta":[],"product_brand":[101370],"product_cat":[15,101371],"product_tag":[],"class_list":{"0":"post-267643","1":"product","2":"type-product","3":"status-publish","4":"has-post-thumbnail","6":"product_brand-masterled","7":"product_cat-uncategorized","8":"product_cat-masterled","9":"pa_temperatura-color-luz-blanca","10":"pa_temperatura-color-luz-calida","11":"pa_temperatura-color-luz-neutra","14":"instock","15":"purchasable","16":"product-type-variable","17":"has-default-attributes"},"yoast_head":"<!-- This site is optimized with the Yoast SEO plugin v26.6 - https:\/\/yoast.com\/wordpress\/plugins\/seo\/ -->\n<title>Downlight LED 7W cuadrado serie PC - Ledsolintel<\/title>\n<meta name=\"robots\" content=\"index, follow, max-snippet:-1, max-image-preview:large, max-video-preview:-1\" \/>\n<link rel=\"canonical\" href=\"https:\/\/ledsolintel.com\/fr\/produit-2\/downlight-led-7w-cuadrado-serie-pc\/\" \/>\n<meta property=\"og:locale\" content=\"fr_FR\" \/>\n<meta property=\"og:type\" content=\"article\" \/>\n<meta property=\"og:title\" content=\"Downlight LED 7W cuadrado serie PC - Ledsolintel\" \/>\n<meta property=\"og:description\" content=\"Downlight de LEDs cuadrado empotrable (en hueco redondo) con acabado en color blanco, es uno de los productos m\u00e1s utilizados en iluminaci\u00f3n ya que es ideal para su instalaci\u00f3n en techos, tanto si cuentan con poco o mucho espacio. Debido a su \u00e1ngulo de dispersi\u00f3n lum\u00ednica de 40\u00b0 y su estructura basculante, lo hace ideal &hellip; Continue reading Downlight LED 7W cuadrado serie PC\" \/>\n<meta property=\"og:url\" content=\"https:\/\/ledsolintel.com\/fr\/produit-2\/downlight-led-7w-cuadrado-serie-pc\/\" \/>\n<meta property=\"og:site_name\" content=\"Ledsolintel\" \/>\n<meta property=\"article:publisher\" content=\"http:\/\/www.facebook.com\/webmenaje\" \/>\n<meta property=\"article:modified_time\" content=\"2025-12-17T11:55:10+00:00\" \/>\n<meta property=\"og:image\" content=\"https:\/\/ledsolintel.com\/wp-content\/uploads\/2025\/11\/downlight-led-7w-cuadrado-serie-pc.jpg\" \/>\n\t<meta property=\"og:image:width\" content=\"1500\" \/>\n\t<meta property=\"og:image:height\" content=\"1500\" \/>\n\t<meta property=\"og:image:type\" content=\"image\/jpeg\" \/>\n<meta name=\"twitter:card\" content=\"summary_large_image\" \/>\n<meta name=\"twitter:site\" content=\"@webmenaje\" \/>\n<meta name=\"twitter:label1\" content=\"Dur\u00e9e de lecture estim\u00e9e\" \/>\n\t<meta name=\"twitter:data1\" content=\"2 minutes\" \/>\n<script type=\"application\/ld+json\" class=\"yoast-schema-graph\">{\"@context\":\"https:\/\/schema.org\",\"@graph\":[{\"@type\":\"WebPage\",\"@id\":\"https:\/\/ledsolintel.com\/product\/downlight-led-7w-cuadrado-serie-pc\/\",\"url\":\"https:\/\/ledsolintel.com\/product\/downlight-led-7w-cuadrado-serie-pc\/\",\"name\":\"Downlight LED 7W cuadrado serie PC - Ledsolintel\",\"isPartOf\":{\"@id\":\"https:\/\/ledsolintel.com\/#website\"},\"primaryImageOfPage\":{\"@id\":\"https:\/\/ledsolintel.com\/product\/downlight-led-7w-cuadrado-serie-pc\/#primaryimage\"},\"image\":{\"@id\":\"https:\/\/ledsolintel.com\/product\/downlight-led-7w-cuadrado-serie-pc\/#primaryimage\"},\"thumbnailUrl\":\"https:\/\/ledsolintel.com\/wp-content\/uploads\/2025\/11\/downlight-led-7w-cuadrado-serie-pc.jpg\",\"datePublished\":\"2025-11-11T15:44:29+00:00\",\"dateModified\":\"2025-12-17T11:55:10+00:00\",\"breadcrumb\":{\"@id\":\"https:\/\/ledsolintel.com\/product\/downlight-led-7w-cuadrado-serie-pc\/#breadcrumb\"},\"inLanguage\":\"fr-FR\",\"potentialAction\":[{\"@type\":\"ReadAction\",\"target\":[\"https:\/\/ledsolintel.com\/product\/downlight-led-7w-cuadrado-serie-pc\/\"]}]},{\"@type\":\"ImageObject\",\"inLanguage\":\"fr-FR\",\"@id\":\"https:\/\/ledsolintel.com\/product\/downlight-led-7w-cuadrado-serie-pc\/#primaryimage\",\"url\":\"https:\/\/ledsolintel.com\/wp-content\/uploads\/2025\/11\/downlight-led-7w-cuadrado-serie-pc.jpg\",\"contentUrl\":\"https:\/\/ledsolintel.com\/wp-content\/uploads\/2025\/11\/downlight-led-7w-cuadrado-serie-pc.jpg\",\"width\":1500,\"height\":1500},{\"@type\":\"BreadcrumbList\",\"@id\":\"https:\/\/ledsolintel.com\/product\/downlight-led-7w-cuadrado-serie-pc\/#breadcrumb\",\"itemListElement\":[{\"@type\":\"ListItem\",\"position\":1,\"name\":\"Portada\",\"item\":\"https:\/\/ledsolintel.com\/fr\/\"},{\"@type\":\"ListItem\",\"position\":2,\"name\":\"Tienda\",\"item\":\"https:\/\/ledsolintel.com\/tienda\/\"},{\"@type\":\"ListItem\",\"position\":3,\"name\":\"Downlight LED 7W cuadrado serie PC\"}]},{\"@type\":\"WebSite\",\"@id\":\"https:\/\/ledsolintel.com\/#website\",\"url\":\"https:\/\/ledsolintel.com\/\",\"name\":\"Webmenaje\",\"description\":\"Tienda de bombillas y l\u00e1mparas LED para profesionales\",\"publisher\":{\"@id\":\"https:\/\/ledsolintel.com\/#organization\"},\"potentialAction\":[{\"@type\":\"SearchAction\",\"target\":{\"@type\":\"EntryPoint\",\"urlTemplate\":\"https:\/\/ledsolintel.com\/?s={search_term_string}\"},\"query-input\":{\"@type\":\"PropertyValueSpecification\",\"valueRequired\":true,\"valueName\":\"search_term_string\"}}],\"inLanguage\":\"fr-FR\"},{\"@type\":\"Organization\",\"@id\":\"https:\/\/ledsolintel.com\/#organization\",\"name\":\"Solintel Noroeste, S.L.\",\"url\":\"https:\/\/ledsolintel.com\/\",\"logo\":{\"@type\":\"ImageObject\",\"inLanguage\":\"fr-FR\",\"@id\":\"https:\/\/ledsolintel.com\/#\/schema\/logo\/image\/\",\"url\":\"https:\/\/ledsolintel.com\/wp-content\/uploads\/2024\/11\/webmenaje-logo-1508269066.jpg\",\"contentUrl\":\"https:\/\/ledsolintel.com\/wp-content\/uploads\/2024\/11\/webmenaje-logo-1508269066.jpg\",\"width\":370,\"height\":90,\"caption\":\"Solintel Noroeste, S.L.\"},\"image\":{\"@id\":\"https:\/\/ledsolintel.com\/#\/schema\/logo\/image\/\"},\"sameAs\":[\"http:\/\/www.facebook.com\/webmenaje\",\"https:\/\/x.com\/webmenaje\",\"https:\/\/www.youtube.com\/channel\/UCX2KoVoeCG4LocZjUc6LmSQ\",\"http:\/\/www.pinterest.com\/webmenaje\"]}]}<\/script>\n<!-- \/ Yoast SEO plugin. -->","yoast_head_json":{"title":"Downlight LED 7W cuadrado serie PC - Ledsolintel","robots":{"index":"index","follow":"follow","max-snippet":"max-snippet:-1","max-image-preview":"max-image-preview:large","max-video-preview":"max-video-preview:-1"},"canonical":"https:\/\/ledsolintel.com\/fr\/produit-2\/downlight-led-7w-cuadrado-serie-pc\/","og_locale":"fr_FR","og_type":"article","og_title":"Downlight LED 7W cuadrado serie PC - Ledsolintel","og_description":"Downlight de LEDs cuadrado empotrable (en hueco redondo) con acabado en color blanco, es uno de los productos m\u00e1s utilizados en iluminaci\u00f3n ya que es ideal para su instalaci\u00f3n en techos, tanto si cuentan con poco o mucho espacio. Debido a su \u00e1ngulo de dispersi\u00f3n lum\u00ednica de 40\u00b0 y su estructura basculante, lo hace ideal &hellip; Continue reading Downlight LED 7W cuadrado serie PC","og_url":"https:\/\/ledsolintel.com\/fr\/produit-2\/downlight-led-7w-cuadrado-serie-pc\/","og_site_name":"Ledsolintel","article_publisher":"http:\/\/www.facebook.com\/webmenaje","article_modified_time":"2025-12-17T11:55:10+00:00","og_image":[{"width":1500,"height":1500,"url":"https:\/\/ledsolintel.com\/wp-content\/uploads\/2025\/11\/downlight-led-7w-cuadrado-serie-pc.jpg","type":"image\/jpeg"}],"twitter_card":"summary_large_image","twitter_site":"@webmenaje","twitter_misc":{"Dur\u00e9e de lecture estim\u00e9e":"2 minutes"},"schema":{"@context":"https:\/\/schema.org","@graph":[{"@type":"WebPage","@id":"https:\/\/ledsolintel.com\/product\/downlight-led-7w-cuadrado-serie-pc\/","url":"https:\/\/ledsolintel.com\/product\/downlight-led-7w-cuadrado-serie-pc\/","name":"Downlight LED 7W cuadrado serie PC - Ledsolintel","isPartOf":{"@id":"https:\/\/ledsolintel.com\/#website"},"primaryImageOfPage":{"@id":"https:\/\/ledsolintel.com\/product\/downlight-led-7w-cuadrado-serie-pc\/#primaryimage"},"image":{"@id":"https:\/\/ledsolintel.com\/product\/downlight-led-7w-cuadrado-serie-pc\/#primaryimage"},"thumbnailUrl":"https:\/\/ledsolintel.com\/wp-content\/uploads\/2025\/11\/downlight-led-7w-cuadrado-serie-pc.jpg","datePublished":"2025-11-11T15:44:29+00:00","dateModified":"2025-12-17T11:55:10+00:00","breadcrumb":{"@id":"https:\/\/ledsolintel.com\/product\/downlight-led-7w-cuadrado-serie-pc\/#breadcrumb"},"inLanguage":"fr-FR","potentialAction":[{"@type":"ReadAction","target":["https:\/\/ledsolintel.com\/product\/downlight-led-7w-cuadrado-serie-pc\/"]}]},{"@type":"ImageObject","inLanguage":"fr-FR","@id":"https:\/\/ledsolintel.com\/product\/downlight-led-7w-cuadrado-serie-pc\/#primaryimage","url":"https:\/\/ledsolintel.com\/wp-content\/uploads\/2025\/11\/downlight-led-7w-cuadrado-serie-pc.jpg","contentUrl":"https:\/\/ledsolintel.com\/wp-content\/uploads\/2025\/11\/downlight-led-7w-cuadrado-serie-pc.jpg","width":1500,"height":1500},{"@type":"BreadcrumbList","@id":"https:\/\/ledsolintel.com\/product\/downlight-led-7w-cuadrado-serie-pc\/#breadcrumb","itemListElement":[{"@type":"ListItem","position":1,"name":"Portada","item":"https:\/\/ledsolintel.com\/fr\/"},{"@type":"ListItem","position":2,"name":"Tienda","item":"https:\/\/ledsolintel.com\/tienda\/"},{"@type":"ListItem","position":3,"name":"Downlight LED 7W cuadrado serie PC"}]},{"@type":"WebSite","@id":"https:\/\/ledsolintel.com\/#website","url":"https:\/\/ledsolintel.com\/","name":"Webmenaje","description":"Magasin d'ampoules et de lampes LED pour les professionnels","publisher":{"@id":"https:\/\/ledsolintel.com\/#organization"},"potentialAction":[{"@type":"SearchAction","target":{"@type":"EntryPoint","urlTemplate":"https:\/\/ledsolintel.com\/?s={search_term_string}"},"query-input":{"@type":"PropertyValueSpecification","valueRequired":true,"valueName":"search_term_string"}}],"inLanguage":"fr-FR"},{"@type":"Organization","@id":"https:\/\/ledsolintel.com\/#organization","name":"Solintel Noroeste, S.L.","url":"https:\/\/ledsolintel.com\/","logo":{"@type":"ImageObject","inLanguage":"fr-FR","@id":"https:\/\/ledsolintel.com\/#\/schema\/logo\/image\/","url":"https:\/\/ledsolintel.com\/wp-content\/uploads\/2024\/11\/webmenaje-logo-1508269066.jpg","contentUrl":"https:\/\/ledsolintel.com\/wp-content\/uploads\/2024\/11\/webmenaje-logo-1508269066.jpg","width":370,"height":90,"caption":"Solintel Noroeste, S.L."},"image":{"@id":"https:\/\/ledsolintel.com\/#\/schema\/logo\/image\/"},"sameAs":["http:\/\/www.facebook.com\/webmenaje","https:\/\/x.com\/webmenaje","https:\/\/www.youtube.com\/channel\/UCX2KoVoeCG4LocZjUc6LmSQ","http:\/\/www.pinterest.com\/webmenaje"]}]}},"_links":{"self":[{"href":"https:\/\/ledsolintel.com\/fr\/wp-json\/wp\/v2\/product\/267643","targetHints":{"allow":["GET"]}}],"collection":[{"href":"https:\/\/ledsolintel.com\/fr\/wp-json\/wp\/v2\/product"}],"about":[{"href":"https:\/\/ledsolintel.com\/fr\/wp-json\/wp\/v2\/types\/product"}],"version-history":[{"count":1,"href":"https:\/\/ledsolintel.com\/fr\/wp-json\/wp\/v2\/product\/267643\/revisions"}],"predecessor-version":[{"id":267644,"href":"https:\/\/ledsolintel.com\/fr\/wp-json\/wp\/v2\/product\/267643\/revisions\/267644"}],"wp:featuredmedia":[{"embeddable":true,"href":"https:\/\/ledsolintel.com\/fr\/wp-json\/wp\/v2\/media\/261023"}],"wp:attachment":[{"href":"https:\/\/ledsolintel.com\/fr\/wp-json\/wp\/v2\/media?parent=267643"}],"wp:term":[{"taxonomy":"product_brand","embeddable":true,"href":"https:\/\/ledsolintel.com\/fr\/wp-json\/wp\/v2\/product_brand?post=267643"},{"taxonomy":"product_cat","embeddable":true,"href":"https:\/\/ledsolintel.com\/fr\/wp-json\/wp\/v2\/product_cat?post=267643"},{"taxonomy":"product_tag","embeddable":true,"href":"https:\/\/ledsolintel.com\/fr\/wp-json\/wp\/v2\/product_tag?post=267643"}],"curies":[{"name":"wp","href":"https:\/\/api.w.org\/{rel}","templated":true}]}}