{"id":267607,"date":"2025-11-11T16:43:27","date_gmt":"2025-11-11T15:43:27","guid":{"rendered":"https:\/\/nueva.ledsolintel.com\/product\/marco-orientable-doble-para-bombilla-dicroica-color-blanco\/"},"modified":"2025-12-17T12:55:12","modified_gmt":"2025-12-17T11:55:12","slug":"marco-orientable-doble-para-bombilla-dicroica-color-blanco","status":"publish","type":"product","link":"https:\/\/ledsolintel.com\/fr\/produit-2\/marco-orientable-doble-para-bombilla-dicroica-color-blanco\/","title":{"rendered":"Double cadre pivotant pour ampoule dichro\u00efque en blanc"},"content":{"rendered":"<p>El marco cuadrado doble empotrable es ideal para la instalaci\u00f3n de l\u00e1mparas dicroicas, tanto GU10 como GU5.3. Sus dos aros orientables permiten dirigir de manera independiente el haz de luz de manera precisa en la direcci\u00f3n deseada para crear el ambiente perfecto dentro de cualquier estancia. Su dise\u00f1o est\u00e1 pensado para ofrecer un \u00e1ngulo de apertura peque\u00f1o y concentrar el haz de luz de la bombilla.  Est\u00e1 fabricado en aluminio color blanco mate con las medidas de 225 x 130 x 35 mm. La medida de corte es 195 x 105 mm. Su instalaci\u00f3n es muy sencilla, ya que \u00fanicamente debemos tener en cuenta la medida de corte (105 x 105 mm) en el techo para empotrar la base cuadrada. Respecto a la luz que emite este elemento depender\u00e1 siempre de la bombilla que escojamos, pudiendo ser una luz fr\u00eda, neutra o c\u00e1lida.  Su instalaci\u00f3n debe realizarse en lugares interiores al poseer un grado de protecci\u00f3n IP20 (protecci\u00f3n contra part\u00edculas s\u00f3lidas de tama\u00f1o superior a 12 mm y no es resistente al agua). Es ideal para su uso dentro del hogar, restaurantes, tiendas, comercios, hoteles o centros comerciales.  Dispone de una garant\u00eda de 3 a\u00f1os. Cuenta tambi\u00e9n con el certificado CE, que acredita que se cumple con los requisitos de la UE respecto a compatibilidad electromagn\u00e9tica y normativa de baja tensi\u00f3n. Con este certificado se declara la conformidad de dicho producto con todos los requisitos legales exigidos, y asegura la validez del producto para ser vendido en todo el Espacio Econ\u00f3mico Europeo.  No incluye l\u00e1mpara.<\/p>","protected":false},"excerpt":{"rendered":"<p>El marco cuadrado doble empotrable es ideal para la instalaci\u00f3n de l\u00e1mparas dicroicas, tanto GU10 como GU5.3. Sus dos aros orientables permiten dirigir de manera independiente el haz de luz de manera precisa en la direcci\u00f3n deseada para crear el ambiente perfecto dentro de cualquier estancia. Su dise\u00f1o est\u00e1 pensado para ofrecer un \u00e1ngulo de &hellip; <a href=\"https:\/\/ledsolintel.com\/fr\/produit-2\/marco-orientable-doble-para-bombilla-dicroica-color-blanco\/\" class=\"more-link\">Continue reading <span class=\"screen-reader-text\">Double cadre pivotant pour ampoule dichro\u00efque en blanc<\/span><\/a><\/p>","protected":false},"featured_media":260952,"template":"","meta":[],"product_brand":[101370],"product_cat":[15,99713,101371],"product_tag":[],"class_list":{"0":"post-267607","1":"product","2":"type-product","3":"status-publish","4":"has-post-thumbnail","6":"product_brand-masterled","7":"product_cat-uncategorized","8":"product_cat-aros-cardans-y-estructuras-empotrables","9":"product_cat-masterled","10":"pa_color-blanco","13":"instock","14":"purchasable","15":"product-type-simple"},"yoast_head":"<!-- This site is optimized with the Yoast SEO plugin v26.6 - https:\/\/yoast.com\/wordpress\/plugins\/seo\/ -->\n<title>Marco orientable doble para bombilla dicroica color blanco - Ledsolintel<\/title>\n<meta name=\"robots\" content=\"index, follow, max-snippet:-1, max-image-preview:large, max-video-preview:-1\" \/>\n<link rel=\"canonical\" href=\"https:\/\/ledsolintel.com\/fr\/produit-2\/marco-orientable-doble-para-bombilla-dicroica-color-blanco\/\" \/>\n<meta property=\"og:locale\" content=\"fr_FR\" \/>\n<meta property=\"og:type\" content=\"article\" \/>\n<meta property=\"og:title\" content=\"Marco orientable doble para bombilla dicroica color blanco - Ledsolintel\" \/>\n<meta property=\"og:description\" content=\"El marco cuadrado doble empotrable es ideal para la instalaci\u00f3n de l\u00e1mparas dicroicas, tanto GU10 como GU5.3. Sus dos aros orientables permiten dirigir de manera independiente el haz de luz de manera precisa en la direcci\u00f3n deseada para crear el ambiente perfecto dentro de cualquier estancia. Su dise\u00f1o est\u00e1 pensado para ofrecer un \u00e1ngulo de &hellip; Continue reading Marco orientable doble para bombilla dicroica color blanco\" \/>\n<meta property=\"og:url\" content=\"https:\/\/ledsolintel.com\/fr\/produit-2\/marco-orientable-doble-para-bombilla-dicroica-color-blanco\/\" \/>\n<meta property=\"og:site_name\" content=\"Ledsolintel\" \/>\n<meta property=\"article:publisher\" content=\"http:\/\/www.facebook.com\/webmenaje\" \/>\n<meta property=\"article:modified_time\" content=\"2025-12-17T11:55:12+00:00\" \/>\n<meta property=\"og:image\" content=\"https:\/\/ledsolintel.com\/wp-content\/uploads\/2025\/11\/marco-orientable-doble-para-bombilla-dicroica-color-blanco.jpg\" \/>\n\t<meta property=\"og:image:width\" content=\"1500\" \/>\n\t<meta property=\"og:image:height\" content=\"1500\" \/>\n\t<meta property=\"og:image:type\" content=\"image\/jpeg\" \/>\n<meta name=\"twitter:card\" content=\"summary_large_image\" \/>\n<meta name=\"twitter:site\" content=\"@webmenaje\" \/>\n<meta name=\"twitter:label1\" content=\"Dur\u00e9e de lecture estim\u00e9e\" \/>\n\t<meta name=\"twitter:data1\" content=\"1 minute\" \/>\n<script type=\"application\/ld+json\" class=\"yoast-schema-graph\">{\"@context\":\"https:\/\/schema.org\",\"@graph\":[{\"@type\":\"WebPage\",\"@id\":\"https:\/\/ledsolintel.com\/product\/marco-orientable-doble-para-bombilla-dicroica-color-blanco\/\",\"url\":\"https:\/\/ledsolintel.com\/product\/marco-orientable-doble-para-bombilla-dicroica-color-blanco\/\",\"name\":\"Marco orientable doble para bombilla dicroica color blanco - Ledsolintel\",\"isPartOf\":{\"@id\":\"https:\/\/ledsolintel.com\/#website\"},\"primaryImageOfPage\":{\"@id\":\"https:\/\/ledsolintel.com\/product\/marco-orientable-doble-para-bombilla-dicroica-color-blanco\/#primaryimage\"},\"image\":{\"@id\":\"https:\/\/ledsolintel.com\/product\/marco-orientable-doble-para-bombilla-dicroica-color-blanco\/#primaryimage\"},\"thumbnailUrl\":\"https:\/\/ledsolintel.com\/wp-content\/uploads\/2025\/11\/marco-orientable-doble-para-bombilla-dicroica-color-blanco.jpg\",\"datePublished\":\"2025-11-11T15:43:27+00:00\",\"dateModified\":\"2025-12-17T11:55:12+00:00\",\"breadcrumb\":{\"@id\":\"https:\/\/ledsolintel.com\/product\/marco-orientable-doble-para-bombilla-dicroica-color-blanco\/#breadcrumb\"},\"inLanguage\":\"fr-FR\",\"potentialAction\":[{\"@type\":\"ReadAction\",\"target\":[\"https:\/\/ledsolintel.com\/product\/marco-orientable-doble-para-bombilla-dicroica-color-blanco\/\"]}]},{\"@type\":\"ImageObject\",\"inLanguage\":\"fr-FR\",\"@id\":\"https:\/\/ledsolintel.com\/product\/marco-orientable-doble-para-bombilla-dicroica-color-blanco\/#primaryimage\",\"url\":\"https:\/\/ledsolintel.com\/wp-content\/uploads\/2025\/11\/marco-orientable-doble-para-bombilla-dicroica-color-blanco.jpg\",\"contentUrl\":\"https:\/\/ledsolintel.com\/wp-content\/uploads\/2025\/11\/marco-orientable-doble-para-bombilla-dicroica-color-blanco.jpg\",\"width\":1500,\"height\":1500},{\"@type\":\"BreadcrumbList\",\"@id\":\"https:\/\/ledsolintel.com\/product\/marco-orientable-doble-para-bombilla-dicroica-color-blanco\/#breadcrumb\",\"itemListElement\":[{\"@type\":\"ListItem\",\"position\":1,\"name\":\"Portada\",\"item\":\"https:\/\/ledsolintel.com\/fr\/\"},{\"@type\":\"ListItem\",\"position\":2,\"name\":\"Tienda\",\"item\":\"https:\/\/ledsolintel.com\/tienda\/\"},{\"@type\":\"ListItem\",\"position\":3,\"name\":\"Marco orientable doble para bombilla dicroica color blanco\"}]},{\"@type\":\"WebSite\",\"@id\":\"https:\/\/ledsolintel.com\/#website\",\"url\":\"https:\/\/ledsolintel.com\/\",\"name\":\"Webmenaje\",\"description\":\"Tienda de bombillas y l\u00e1mparas LED para profesionales\",\"publisher\":{\"@id\":\"https:\/\/ledsolintel.com\/#organization\"},\"potentialAction\":[{\"@type\":\"SearchAction\",\"target\":{\"@type\":\"EntryPoint\",\"urlTemplate\":\"https:\/\/ledsolintel.com\/?s={search_term_string}\"},\"query-input\":{\"@type\":\"PropertyValueSpecification\",\"valueRequired\":true,\"valueName\":\"search_term_string\"}}],\"inLanguage\":\"fr-FR\"},{\"@type\":\"Organization\",\"@id\":\"https:\/\/ledsolintel.com\/#organization\",\"name\":\"Solintel Noroeste, S.L.\",\"url\":\"https:\/\/ledsolintel.com\/\",\"logo\":{\"@type\":\"ImageObject\",\"inLanguage\":\"fr-FR\",\"@id\":\"https:\/\/ledsolintel.com\/#\/schema\/logo\/image\/\",\"url\":\"https:\/\/ledsolintel.com\/wp-content\/uploads\/2024\/11\/webmenaje-logo-1508269066.jpg\",\"contentUrl\":\"https:\/\/ledsolintel.com\/wp-content\/uploads\/2024\/11\/webmenaje-logo-1508269066.jpg\",\"width\":370,\"height\":90,\"caption\":\"Solintel Noroeste, S.L.\"},\"image\":{\"@id\":\"https:\/\/ledsolintel.com\/#\/schema\/logo\/image\/\"},\"sameAs\":[\"http:\/\/www.facebook.com\/webmenaje\",\"https:\/\/x.com\/webmenaje\",\"https:\/\/www.youtube.com\/channel\/UCX2KoVoeCG4LocZjUc6LmSQ\",\"http:\/\/www.pinterest.com\/webmenaje\"]}]}<\/script>\n<!-- \/ Yoast SEO plugin. -->","yoast_head_json":{"title":"Marco orientable doble para bombilla dicroica color blanco - Ledsolintel","robots":{"index":"index","follow":"follow","max-snippet":"max-snippet:-1","max-image-preview":"max-image-preview:large","max-video-preview":"max-video-preview:-1"},"canonical":"https:\/\/ledsolintel.com\/fr\/produit-2\/marco-orientable-doble-para-bombilla-dicroica-color-blanco\/","og_locale":"fr_FR","og_type":"article","og_title":"Marco orientable doble para bombilla dicroica color blanco - Ledsolintel","og_description":"El marco cuadrado doble empotrable es ideal para la instalaci\u00f3n de l\u00e1mparas dicroicas, tanto GU10 como GU5.3. Sus dos aros orientables permiten dirigir de manera independiente el haz de luz de manera precisa en la direcci\u00f3n deseada para crear el ambiente perfecto dentro de cualquier estancia. Su dise\u00f1o est\u00e1 pensado para ofrecer un \u00e1ngulo de &hellip; Continue reading Marco orientable doble para bombilla dicroica color blanco","og_url":"https:\/\/ledsolintel.com\/fr\/produit-2\/marco-orientable-doble-para-bombilla-dicroica-color-blanco\/","og_site_name":"Ledsolintel","article_publisher":"http:\/\/www.facebook.com\/webmenaje","article_modified_time":"2025-12-17T11:55:12+00:00","og_image":[{"width":1500,"height":1500,"url":"https:\/\/ledsolintel.com\/wp-content\/uploads\/2025\/11\/marco-orientable-doble-para-bombilla-dicroica-color-blanco.jpg","type":"image\/jpeg"}],"twitter_card":"summary_large_image","twitter_site":"@webmenaje","twitter_misc":{"Dur\u00e9e de lecture estim\u00e9e":"1 minute"},"schema":{"@context":"https:\/\/schema.org","@graph":[{"@type":"WebPage","@id":"https:\/\/ledsolintel.com\/product\/marco-orientable-doble-para-bombilla-dicroica-color-blanco\/","url":"https:\/\/ledsolintel.com\/product\/marco-orientable-doble-para-bombilla-dicroica-color-blanco\/","name":"Marco orientable doble para bombilla dicroica color blanco - Ledsolintel","isPartOf":{"@id":"https:\/\/ledsolintel.com\/#website"},"primaryImageOfPage":{"@id":"https:\/\/ledsolintel.com\/product\/marco-orientable-doble-para-bombilla-dicroica-color-blanco\/#primaryimage"},"image":{"@id":"https:\/\/ledsolintel.com\/product\/marco-orientable-doble-para-bombilla-dicroica-color-blanco\/#primaryimage"},"thumbnailUrl":"https:\/\/ledsolintel.com\/wp-content\/uploads\/2025\/11\/marco-orientable-doble-para-bombilla-dicroica-color-blanco.jpg","datePublished":"2025-11-11T15:43:27+00:00","dateModified":"2025-12-17T11:55:12+00:00","breadcrumb":{"@id":"https:\/\/ledsolintel.com\/product\/marco-orientable-doble-para-bombilla-dicroica-color-blanco\/#breadcrumb"},"inLanguage":"fr-FR","potentialAction":[{"@type":"ReadAction","target":["https:\/\/ledsolintel.com\/product\/marco-orientable-doble-para-bombilla-dicroica-color-blanco\/"]}]},{"@type":"ImageObject","inLanguage":"fr-FR","@id":"https:\/\/ledsolintel.com\/product\/marco-orientable-doble-para-bombilla-dicroica-color-blanco\/#primaryimage","url":"https:\/\/ledsolintel.com\/wp-content\/uploads\/2025\/11\/marco-orientable-doble-para-bombilla-dicroica-color-blanco.jpg","contentUrl":"https:\/\/ledsolintel.com\/wp-content\/uploads\/2025\/11\/marco-orientable-doble-para-bombilla-dicroica-color-blanco.jpg","width":1500,"height":1500},{"@type":"BreadcrumbList","@id":"https:\/\/ledsolintel.com\/product\/marco-orientable-doble-para-bombilla-dicroica-color-blanco\/#breadcrumb","itemListElement":[{"@type":"ListItem","position":1,"name":"Portada","item":"https:\/\/ledsolintel.com\/fr\/"},{"@type":"ListItem","position":2,"name":"Tienda","item":"https:\/\/ledsolintel.com\/tienda\/"},{"@type":"ListItem","position":3,"name":"Marco orientable doble para bombilla dicroica color blanco"}]},{"@type":"WebSite","@id":"https:\/\/ledsolintel.com\/#website","url":"https:\/\/ledsolintel.com\/","name":"Webmenaje","description":"Magasin d'ampoules et de lampes LED pour les professionnels","publisher":{"@id":"https:\/\/ledsolintel.com\/#organization"},"potentialAction":[{"@type":"SearchAction","target":{"@type":"EntryPoint","urlTemplate":"https:\/\/ledsolintel.com\/?s={search_term_string}"},"query-input":{"@type":"PropertyValueSpecification","valueRequired":true,"valueName":"search_term_string"}}],"inLanguage":"fr-FR"},{"@type":"Organization","@id":"https:\/\/ledsolintel.com\/#organization","name":"Solintel Noroeste, S.L.","url":"https:\/\/ledsolintel.com\/","logo":{"@type":"ImageObject","inLanguage":"fr-FR","@id":"https:\/\/ledsolintel.com\/#\/schema\/logo\/image\/","url":"https:\/\/ledsolintel.com\/wp-content\/uploads\/2024\/11\/webmenaje-logo-1508269066.jpg","contentUrl":"https:\/\/ledsolintel.com\/wp-content\/uploads\/2024\/11\/webmenaje-logo-1508269066.jpg","width":370,"height":90,"caption":"Solintel Noroeste, S.L."},"image":{"@id":"https:\/\/ledsolintel.com\/#\/schema\/logo\/image\/"},"sameAs":["http:\/\/www.facebook.com\/webmenaje","https:\/\/x.com\/webmenaje","https:\/\/www.youtube.com\/channel\/UCX2KoVoeCG4LocZjUc6LmSQ","http:\/\/www.pinterest.com\/webmenaje"]}]}},"_links":{"self":[{"href":"https:\/\/ledsolintel.com\/fr\/wp-json\/wp\/v2\/product\/267607","targetHints":{"allow":["GET"]}}],"collection":[{"href":"https:\/\/ledsolintel.com\/fr\/wp-json\/wp\/v2\/product"}],"about":[{"href":"https:\/\/ledsolintel.com\/fr\/wp-json\/wp\/v2\/types\/product"}],"version-history":[{"count":1,"href":"https:\/\/ledsolintel.com\/fr\/wp-json\/wp\/v2\/product\/267607\/revisions"}],"predecessor-version":[{"id":267608,"href":"https:\/\/ledsolintel.com\/fr\/wp-json\/wp\/v2\/product\/267607\/revisions\/267608"}],"wp:featuredmedia":[{"embeddable":true,"href":"https:\/\/ledsolintel.com\/fr\/wp-json\/wp\/v2\/media\/260952"}],"wp:attachment":[{"href":"https:\/\/ledsolintel.com\/fr\/wp-json\/wp\/v2\/media?parent=267607"}],"wp:term":[{"taxonomy":"product_brand","embeddable":true,"href":"https:\/\/ledsolintel.com\/fr\/wp-json\/wp\/v2\/product_brand?post=267607"},{"taxonomy":"product_cat","embeddable":true,"href":"https:\/\/ledsolintel.com\/fr\/wp-json\/wp\/v2\/product_cat?post=267607"},{"taxonomy":"product_tag","embeddable":true,"href":"https:\/\/ledsolintel.com\/fr\/wp-json\/wp\/v2\/product_tag?post=267607"}],"curies":[{"name":"wp","href":"https:\/\/api.w.org\/{rel}","templated":true}]}}