{"id":267584,"date":"2025-11-11T16:43:01","date_gmt":"2025-11-11T15:43:01","guid":{"rendered":"https:\/\/nueva.ledsolintel.com\/product\/aplique-pared-loft5\/"},"modified":"2026-04-07T10:19:12","modified_gmt":"2026-04-07T08:19:12","slug":"aplique-pared-loft5","status":"publish","type":"product","link":"https:\/\/ledsolintel.com\/fr\/produit-2\/aplique-pared-loft5\/","title":{"rendered":"Applique LOFT5"},"content":{"rendered":"<p>Aplique vintage de acero con forma de urna y acabado en color negro. La l\u00e1mpara tiene una base que permite la colocaci\u00f3n de cualquier bombilla de casquillo E27. Este tipo de luminaria es ideal para crear ambientes vintage en el hogar, bares, restaurantes, hoteles o tiendas.  Su instalaci\u00f3n debe realizarse en lugares interiores al poseer un grado de protecci\u00f3n IP20 (protecci\u00f3n contra part\u00edculas s\u00f3lidas de tama\u00f1o superior a 12 mm y no es resistente al agua).  Dispone de una garant\u00eda de 3 a\u00f1os. Cuenta tambi\u00e9n con el certificado CE, que acredita que se cumple con los requisitos de la UE respecto a compatibilidad electromagn\u00e9tica y normativa de baja tensi\u00f3n. Con este certificado se declara la conformidad de dicho producto con todos los requisitos legales exigidos, y asegura la validez del producto para ser vendido en todo el Espacio Econ\u00f3mico Europeo.  No incluye bombilla.<\/p>","protected":false},"excerpt":{"rendered":"<p>Aplique vintage de acero con forma de urna y acabado en color negro. La l\u00e1mpara tiene una base que permite la colocaci\u00f3n de cualquier bombilla de casquillo E27. Este tipo de luminaria es ideal para crear ambientes vintage en el hogar, bares, restaurantes, hoteles o tiendas. Su instalaci\u00f3n debe realizarse en lugares interiores al poseer &hellip; <a href=\"https:\/\/ledsolintel.com\/fr\/produit-2\/aplique-pared-loft5\/\" class=\"more-link\">Continue reading <span class=\"screen-reader-text\">Applique LOFT5<\/span><\/a><\/p>","protected":false},"featured_media":260909,"template":"","meta":[],"product_brand":[101370],"product_cat":[99903,99573,99659,101371,15],"product_tag":[],"class_list":{"0":"post-267584","1":"product","2":"type-product","3":"status-publish","4":"has-post-thumbnail","6":"product_brand-masterled","7":"product_cat-apliques-y-lamparas-de-techo-lamparas-de-pared","8":"product_cat-iluminacion-interior","9":"product_cat-lamparas-de-pared","10":"product_cat-masterled","11":"product_cat-uncategorized","12":"pa_tipo-casquillo-casquillo-e27","15":"instock","16":"taxable","17":"shipping-taxable","18":"purchasable","19":"product-type-simple"},"yoast_head":"<!-- This site is optimized with the Yoast SEO plugin v26.6 - https:\/\/yoast.com\/wordpress\/plugins\/seo\/ -->\n<title>Aplique pared LOFT5 - Ledsolintel<\/title>\n<meta name=\"robots\" content=\"index, follow, max-snippet:-1, max-image-preview:large, max-video-preview:-1\" \/>\n<link rel=\"canonical\" href=\"https:\/\/ledsolintel.com\/fr\/produit-2\/aplique-pared-loft5\/\" \/>\n<meta property=\"og:locale\" content=\"fr_FR\" \/>\n<meta property=\"og:type\" content=\"article\" \/>\n<meta property=\"og:title\" content=\"Aplique pared LOFT5 - Ledsolintel\" \/>\n<meta property=\"og:description\" content=\"Aplique vintage de acero con forma de urna y acabado en color negro. La l\u00e1mpara tiene una base que permite la colocaci\u00f3n de cualquier bombilla de casquillo E27. Este tipo de luminaria es ideal para crear ambientes vintage en el hogar, bares, restaurantes, hoteles o tiendas. Su instalaci\u00f3n debe realizarse en lugares interiores al poseer &hellip; Continue reading Aplique pared LOFT5\" \/>\n<meta property=\"og:url\" content=\"https:\/\/ledsolintel.com\/fr\/produit-2\/aplique-pared-loft5\/\" \/>\n<meta property=\"og:site_name\" content=\"Ledsolintel\" \/>\n<meta property=\"article:publisher\" content=\"http:\/\/www.facebook.com\/webmenaje\" \/>\n<meta property=\"article:modified_time\" content=\"2026-04-07T08:19:12+00:00\" \/>\n<meta property=\"og:image\" content=\"https:\/\/ledsolintel.com\/wp-content\/uploads\/2025\/11\/aplique-pared-loft5.jpg\" \/>\n\t<meta property=\"og:image:width\" content=\"1500\" \/>\n\t<meta property=\"og:image:height\" content=\"1500\" \/>\n\t<meta property=\"og:image:type\" content=\"image\/jpeg\" \/>\n<meta name=\"twitter:card\" content=\"summary_large_image\" \/>\n<meta name=\"twitter:site\" content=\"@webmenaje\" \/>\n<meta name=\"twitter:label1\" content=\"Dur\u00e9e de lecture estim\u00e9e\" \/>\n\t<meta name=\"twitter:data1\" content=\"1 minute\" \/>\n<script type=\"application\/ld+json\" class=\"yoast-schema-graph\">{\"@context\":\"https:\/\/schema.org\",\"@graph\":[{\"@type\":\"WebPage\",\"@id\":\"https:\/\/ledsolintel.com\/product\/aplique-pared-loft5\/\",\"url\":\"https:\/\/ledsolintel.com\/product\/aplique-pared-loft5\/\",\"name\":\"Aplique pared LOFT5 - Ledsolintel\",\"isPartOf\":{\"@id\":\"https:\/\/ledsolintel.com\/#website\"},\"primaryImageOfPage\":{\"@id\":\"https:\/\/ledsolintel.com\/product\/aplique-pared-loft5\/#primaryimage\"},\"image\":{\"@id\":\"https:\/\/ledsolintel.com\/product\/aplique-pared-loft5\/#primaryimage\"},\"thumbnailUrl\":\"https:\/\/ledsolintel.com\/wp-content\/uploads\/2025\/11\/aplique-pared-loft5.jpg\",\"datePublished\":\"2025-11-11T15:43:01+00:00\",\"dateModified\":\"2026-04-07T08:19:12+00:00\",\"breadcrumb\":{\"@id\":\"https:\/\/ledsolintel.com\/product\/aplique-pared-loft5\/#breadcrumb\"},\"inLanguage\":\"fr-FR\",\"potentialAction\":[{\"@type\":\"ReadAction\",\"target\":[\"https:\/\/ledsolintel.com\/product\/aplique-pared-loft5\/\"]}]},{\"@type\":\"ImageObject\",\"inLanguage\":\"fr-FR\",\"@id\":\"https:\/\/ledsolintel.com\/product\/aplique-pared-loft5\/#primaryimage\",\"url\":\"https:\/\/ledsolintel.com\/wp-content\/uploads\/2025\/11\/aplique-pared-loft5.jpg\",\"contentUrl\":\"https:\/\/ledsolintel.com\/wp-content\/uploads\/2025\/11\/aplique-pared-loft5.jpg\",\"width\":1500,\"height\":1500},{\"@type\":\"BreadcrumbList\",\"@id\":\"https:\/\/ledsolintel.com\/product\/aplique-pared-loft5\/#breadcrumb\",\"itemListElement\":[{\"@type\":\"ListItem\",\"position\":1,\"name\":\"Portada\",\"item\":\"https:\/\/ledsolintel.com\/fr\/\"},{\"@type\":\"ListItem\",\"position\":2,\"name\":\"Tienda\",\"item\":\"https:\/\/ledsolintel.com\/tienda\/\"},{\"@type\":\"ListItem\",\"position\":3,\"name\":\"Aplique pared LOFT5\"}]},{\"@type\":\"WebSite\",\"@id\":\"https:\/\/ledsolintel.com\/#website\",\"url\":\"https:\/\/ledsolintel.com\/\",\"name\":\"Webmenaje\",\"description\":\"Tienda de bombillas y l\u00e1mparas LED para profesionales\",\"publisher\":{\"@id\":\"https:\/\/ledsolintel.com\/#organization\"},\"potentialAction\":[{\"@type\":\"SearchAction\",\"target\":{\"@type\":\"EntryPoint\",\"urlTemplate\":\"https:\/\/ledsolintel.com\/?s={search_term_string}\"},\"query-input\":{\"@type\":\"PropertyValueSpecification\",\"valueRequired\":true,\"valueName\":\"search_term_string\"}}],\"inLanguage\":\"fr-FR\"},{\"@type\":\"Organization\",\"@id\":\"https:\/\/ledsolintel.com\/#organization\",\"name\":\"Solintel Noroeste, S.L.\",\"url\":\"https:\/\/ledsolintel.com\/\",\"logo\":{\"@type\":\"ImageObject\",\"inLanguage\":\"fr-FR\",\"@id\":\"https:\/\/ledsolintel.com\/#\/schema\/logo\/image\/\",\"url\":\"https:\/\/ledsolintel.com\/wp-content\/uploads\/2024\/11\/webmenaje-logo-1508269066.jpg\",\"contentUrl\":\"https:\/\/ledsolintel.com\/wp-content\/uploads\/2024\/11\/webmenaje-logo-1508269066.jpg\",\"width\":370,\"height\":90,\"caption\":\"Solintel Noroeste, S.L.\"},\"image\":{\"@id\":\"https:\/\/ledsolintel.com\/#\/schema\/logo\/image\/\"},\"sameAs\":[\"http:\/\/www.facebook.com\/webmenaje\",\"https:\/\/x.com\/webmenaje\",\"https:\/\/www.youtube.com\/channel\/UCX2KoVoeCG4LocZjUc6LmSQ\",\"http:\/\/www.pinterest.com\/webmenaje\"]}]}<\/script>\n<!-- \/ Yoast SEO plugin. -->","yoast_head_json":{"title":"Aplique pared LOFT5 - Ledsolintel","robots":{"index":"index","follow":"follow","max-snippet":"max-snippet:-1","max-image-preview":"max-image-preview:large","max-video-preview":"max-video-preview:-1"},"canonical":"https:\/\/ledsolintel.com\/fr\/produit-2\/aplique-pared-loft5\/","og_locale":"fr_FR","og_type":"article","og_title":"Aplique pared LOFT5 - Ledsolintel","og_description":"Aplique vintage de acero con forma de urna y acabado en color negro. La l\u00e1mpara tiene una base que permite la colocaci\u00f3n de cualquier bombilla de casquillo E27. Este tipo de luminaria es ideal para crear ambientes vintage en el hogar, bares, restaurantes, hoteles o tiendas. Su instalaci\u00f3n debe realizarse en lugares interiores al poseer &hellip; Continue reading Aplique pared LOFT5","og_url":"https:\/\/ledsolintel.com\/fr\/produit-2\/aplique-pared-loft5\/","og_site_name":"Ledsolintel","article_publisher":"http:\/\/www.facebook.com\/webmenaje","article_modified_time":"2026-04-07T08:19:12+00:00","og_image":[{"width":1500,"height":1500,"url":"https:\/\/ledsolintel.com\/wp-content\/uploads\/2025\/11\/aplique-pared-loft5.jpg","type":"image\/jpeg"}],"twitter_card":"summary_large_image","twitter_site":"@webmenaje","twitter_misc":{"Dur\u00e9e de lecture estim\u00e9e":"1 minute"},"schema":{"@context":"https:\/\/schema.org","@graph":[{"@type":"WebPage","@id":"https:\/\/ledsolintel.com\/product\/aplique-pared-loft5\/","url":"https:\/\/ledsolintel.com\/product\/aplique-pared-loft5\/","name":"Aplique pared LOFT5 - Ledsolintel","isPartOf":{"@id":"https:\/\/ledsolintel.com\/#website"},"primaryImageOfPage":{"@id":"https:\/\/ledsolintel.com\/product\/aplique-pared-loft5\/#primaryimage"},"image":{"@id":"https:\/\/ledsolintel.com\/product\/aplique-pared-loft5\/#primaryimage"},"thumbnailUrl":"https:\/\/ledsolintel.com\/wp-content\/uploads\/2025\/11\/aplique-pared-loft5.jpg","datePublished":"2025-11-11T15:43:01+00:00","dateModified":"2026-04-07T08:19:12+00:00","breadcrumb":{"@id":"https:\/\/ledsolintel.com\/product\/aplique-pared-loft5\/#breadcrumb"},"inLanguage":"fr-FR","potentialAction":[{"@type":"ReadAction","target":["https:\/\/ledsolintel.com\/product\/aplique-pared-loft5\/"]}]},{"@type":"ImageObject","inLanguage":"fr-FR","@id":"https:\/\/ledsolintel.com\/product\/aplique-pared-loft5\/#primaryimage","url":"https:\/\/ledsolintel.com\/wp-content\/uploads\/2025\/11\/aplique-pared-loft5.jpg","contentUrl":"https:\/\/ledsolintel.com\/wp-content\/uploads\/2025\/11\/aplique-pared-loft5.jpg","width":1500,"height":1500},{"@type":"BreadcrumbList","@id":"https:\/\/ledsolintel.com\/product\/aplique-pared-loft5\/#breadcrumb","itemListElement":[{"@type":"ListItem","position":1,"name":"Portada","item":"https:\/\/ledsolintel.com\/fr\/"},{"@type":"ListItem","position":2,"name":"Tienda","item":"https:\/\/ledsolintel.com\/tienda\/"},{"@type":"ListItem","position":3,"name":"Aplique pared LOFT5"}]},{"@type":"WebSite","@id":"https:\/\/ledsolintel.com\/#website","url":"https:\/\/ledsolintel.com\/","name":"Webmenaje","description":"Magasin d'ampoules et de lampes LED pour les professionnels","publisher":{"@id":"https:\/\/ledsolintel.com\/#organization"},"potentialAction":[{"@type":"SearchAction","target":{"@type":"EntryPoint","urlTemplate":"https:\/\/ledsolintel.com\/?s={search_term_string}"},"query-input":{"@type":"PropertyValueSpecification","valueRequired":true,"valueName":"search_term_string"}}],"inLanguage":"fr-FR"},{"@type":"Organization","@id":"https:\/\/ledsolintel.com\/#organization","name":"Solintel Noroeste, S.L.","url":"https:\/\/ledsolintel.com\/","logo":{"@type":"ImageObject","inLanguage":"fr-FR","@id":"https:\/\/ledsolintel.com\/#\/schema\/logo\/image\/","url":"https:\/\/ledsolintel.com\/wp-content\/uploads\/2024\/11\/webmenaje-logo-1508269066.jpg","contentUrl":"https:\/\/ledsolintel.com\/wp-content\/uploads\/2024\/11\/webmenaje-logo-1508269066.jpg","width":370,"height":90,"caption":"Solintel Noroeste, S.L."},"image":{"@id":"https:\/\/ledsolintel.com\/#\/schema\/logo\/image\/"},"sameAs":["http:\/\/www.facebook.com\/webmenaje","https:\/\/x.com\/webmenaje","https:\/\/www.youtube.com\/channel\/UCX2KoVoeCG4LocZjUc6LmSQ","http:\/\/www.pinterest.com\/webmenaje"]}]}},"_links":{"self":[{"href":"https:\/\/ledsolintel.com\/fr\/wp-json\/wp\/v2\/product\/267584","targetHints":{"allow":["GET"]}}],"collection":[{"href":"https:\/\/ledsolintel.com\/fr\/wp-json\/wp\/v2\/product"}],"about":[{"href":"https:\/\/ledsolintel.com\/fr\/wp-json\/wp\/v2\/types\/product"}],"version-history":[{"count":1,"href":"https:\/\/ledsolintel.com\/fr\/wp-json\/wp\/v2\/product\/267584\/revisions"}],"predecessor-version":[{"id":267585,"href":"https:\/\/ledsolintel.com\/fr\/wp-json\/wp\/v2\/product\/267584\/revisions\/267585"}],"wp:featuredmedia":[{"embeddable":true,"href":"https:\/\/ledsolintel.com\/fr\/wp-json\/wp\/v2\/media\/260909"}],"wp:attachment":[{"href":"https:\/\/ledsolintel.com\/fr\/wp-json\/wp\/v2\/media?parent=267584"}],"wp:term":[{"taxonomy":"product_brand","embeddable":true,"href":"https:\/\/ledsolintel.com\/fr\/wp-json\/wp\/v2\/product_brand?post=267584"},{"taxonomy":"product_cat","embeddable":true,"href":"https:\/\/ledsolintel.com\/fr\/wp-json\/wp\/v2\/product_cat?post=267584"},{"taxonomy":"product_tag","embeddable":true,"href":"https:\/\/ledsolintel.com\/fr\/wp-json\/wp\/v2\/product_tag?post=267584"}],"curies":[{"name":"wp","href":"https:\/\/api.w.org\/{rel}","templated":true}]}}