{"id":267552,"date":"2025-11-11T16:42:17","date_gmt":"2025-11-11T15:42:17","guid":{"rendered":"https:\/\/nueva.ledsolintel.com\/product\/tubo-led-18w-360o-cristal-caja-30-uds\/"},"modified":"2026-04-07T10:19:12","modified_gmt":"2026-04-07T08:19:12","slug":"tube-led-18w-360o-glass-box-30-pcs","status":"publish","type":"product","link":"https:\/\/ledsolintel.com\/fr\/produit-2\/tube-led-18w-360o-glass-box-30-pcs\/","title":{"rendered":"Tube LED 18W 360\u00ba CRISTAL box 30 pcs."},"content":{"rendered":"<p>Tube LED de 18W en aluminium et PVC, avec connexion aux deux extr\u00e9mit\u00e9s et t\u00eate rotative, c'est-\u00e0-dire que la phase est connect\u00e9e \u00e0 un c\u00f4t\u00e9 du tube et le neutre \u00e0 l'autre extr\u00e9mit\u00e9. Avec un angle de dispersion de la lumi\u00e8re de 120\u00b0, il constitue une option efficace et durable pour l'\u00e9clairage des espaces r\u00e9sidentiels, des centres commerciaux, des magasins, des centres de sant\u00e9, des bureaux, des entrep\u00f4ts ou dans le canal HORECA. C'est le choix id\u00e9al pour ceux qui recherchent un \u00e9clairage uniforme et efficace. Sa conception \u00e0 360 degr\u00e9s permet une distribution compl\u00e8te de la lumi\u00e8re, id\u00e9ale pour remplacer les tubes fluorescents traditionnels et r\u00e9duire la consommation d'\u00e9nergie dans les maisons et les entreprises. Il s'agit d'un produit qui n'est pas con\u00e7u pour une utilisation intensive. Il remplace les tubes fluorescents classiques de 36W.  Ce type de tube est directement raccord\u00e9 au r\u00e9seau \u00e9lectrique, ce qui permet :    - la suppression de l'utilisation de starters et de ballasts - une plus grande durabilit\u00e9 et moins d'entretien (remplacement des starters, ballasts...) - un allumage instantan\u00e9 - la suppression de l'effet flicker (scintillement de la lumi\u00e8re) - une \u00e9conomie d'\u00e9nergie (plus de 50%) Il a un rendement \u00e9lev\u00e9 en consommant 18W gr\u00e2ce \u00e0 la LED de type SMD, fournissant un flux lumineux de 1650 lumens, sa consommation repr\u00e9sentant une valeur de 18kWh\/1000h. Diffuseur opaque. Il est disponible en une seule temp\u00e9rature de couleur : blanc (6500\u00b0K).  Il doit \u00eatre install\u00e9 \u00e0 l'int\u00e9rieur en raison de son degr\u00e9 de protection IP20 (il est prot\u00e9g\u00e9 contre les particules solides de plus de 12 mm et n'est pas \u00e9tanche). Il peut \u00eatre install\u00e9 directement sur les prises de courant (200-240V) avec une fr\u00e9quence de fonctionnement de 50\/60Hz. Son installation est tr\u00e8s simple, pour cela il faut d'abord d\u00e9connecter le courant \u00e9lectrique et ensuite connecter la phase et le neutre \u00e0 chaque extr\u00e9mit\u00e9 du tube. Ce tube a une longueur de 1200 mm et un diam\u00e8tre de 26 mm.  En plus d'\u00eatre un produit qui a une dur\u00e9e de vie de plus de 30 000 heures, il b\u00e9n\u00e9ficie d'une garantie de 3 ans. Il poss\u00e8de \u00e9galement le certificat CE, qui atteste qu'il est conforme aux exigences de l'UE en mati\u00e8re de compatibilit\u00e9 \u00e9lectromagn\u00e9tique et de basse tension. Ce certificat d\u00e9clare la conformit\u00e9 du produit \u00e0 toutes les exigences l\u00e9gales et garantit la validit\u00e9 de la vente du produit dans l'Espace \u00e9conomique europ\u00e9en.  Vendu en bo\u00eetes de 30 unit\u00e9s.<\/p>","protected":false},"excerpt":{"rendered":"<p>Tubo led de 18W fabricado en aluminio y PVC, con conexi\u00f3n por los dos extremos y cabeza rotatoria, es decir, fase se conecta en un lateral del tubo y el neutro en el otro extremo. Con un \u00e1ngulo de dispersi\u00f3n lum\u00ednica de 120\u00b0 es una opci\u00f3n eficiente y duradera para iluminar espacios residenciales, centros comerciales, &hellip; <a href=\"https:\/\/ledsolintel.com\/fr\/produit-2\/tube-led-18w-360o-glass-box-30-pcs\/\" class=\"more-link\">Continue reading <span class=\"screen-reader-text\">Tube LED 18W 360\u00ba CRISTAL box 30 pcs.<\/span><\/a><\/p>","protected":false},"featured_media":260850,"template":"","meta":[],"product_brand":[101370],"product_cat":[101371,15],"product_tag":[],"class_list":{"0":"post-267552","1":"product","2":"type-product","3":"status-publish","4":"has-post-thumbnail","6":"product_brand-masterled","7":"product_cat-masterled","8":"product_cat-uncategorized","9":"pa_temperatura-color-luz-blanca","12":"instock","13":"taxable","14":"shipping-taxable","15":"purchasable","16":"product-type-simple"},"yoast_head":"<!-- This site is optimized with the Yoast SEO plugin v27.4 - https:\/\/yoast.com\/product\/yoast-seo-wordpress\/ -->\n<title>Tubo LED 18W 360\u00ba CRISTAL caja 30 uds. - Ledsolintel<\/title>\n<meta name=\"robots\" content=\"index, follow, max-snippet:-1, max-image-preview:large, max-video-preview:-1\" \/>\n<link rel=\"canonical\" href=\"https:\/\/ledsolintel.com\/fr\/produit-2\/tube-led-18w-360o-glass-box-30-pcs\/\" \/>\n<meta property=\"og:locale\" content=\"fr_FR\" \/>\n<meta property=\"og:type\" content=\"article\" \/>\n<meta property=\"og:title\" content=\"Tubo LED 18W 360\u00ba CRISTAL caja 30 uds. - Ledsolintel\" \/>\n<meta property=\"og:description\" content=\"Tubo led de 18W fabricado en aluminio y PVC, con conexi\u00f3n por los dos extremos y cabeza rotatoria, es decir, fase se conecta en un lateral del tubo y el neutro en el otro extremo. Con un \u00e1ngulo de dispersi\u00f3n lum\u00ednica de 120\u00b0 es una opci\u00f3n eficiente y duradera para iluminar espacios residenciales, centros comerciales, &hellip; Continue reading Tubo LED 18W 360\u00ba CRISTAL caja 30 uds.\" \/>\n<meta property=\"og:url\" content=\"https:\/\/ledsolintel.com\/fr\/produit-2\/tube-led-18w-360o-glass-box-30-pcs\/\" \/>\n<meta property=\"og:site_name\" content=\"Ledsolintel\" \/>\n<meta property=\"article:publisher\" content=\"http:\/\/www.facebook.com\/webmenaje\" \/>\n<meta property=\"article:modified_time\" content=\"2026-04-07T08:19:12+00:00\" \/>\n<meta property=\"og:image\" content=\"https:\/\/ledsolintel.com\/wp-content\/uploads\/2025\/11\/tubo-led-18w-360-cristal.jpg\" \/>\n\t<meta property=\"og:image:width\" content=\"1510\" \/>\n\t<meta property=\"og:image:height\" content=\"1510\" \/>\n\t<meta property=\"og:image:type\" content=\"image\/jpeg\" \/>\n<meta name=\"twitter:card\" content=\"summary_large_image\" \/>\n<meta name=\"twitter:site\" content=\"@webmenaje\" \/>\n<meta name=\"twitter:label1\" content=\"Dur\u00e9e de lecture estim\u00e9e\" \/>\n\t<meta name=\"twitter:data1\" content=\"2 minutes\" \/>\n<script type=\"application\/ld+json\" class=\"yoast-schema-graph\">{\"@context\":\"https:\\\/\\\/schema.org\",\"@graph\":[{\"@type\":\"WebPage\",\"@id\":\"https:\\\/\\\/ledsolintel.com\\\/product\\\/tubo-led-18w-360o-cristal-caja-30-uds\\\/\",\"url\":\"https:\\\/\\\/ledsolintel.com\\\/product\\\/tubo-led-18w-360o-cristal-caja-30-uds\\\/\",\"name\":\"Tubo LED 18W 360\u00ba CRISTAL caja 30 uds. - Ledsolintel\",\"isPartOf\":{\"@id\":\"https:\\\/\\\/ledsolintel.com\\\/#website\"},\"primaryImageOfPage\":{\"@id\":\"https:\\\/\\\/ledsolintel.com\\\/product\\\/tubo-led-18w-360o-cristal-caja-30-uds\\\/#primaryimage\"},\"image\":{\"@id\":\"https:\\\/\\\/ledsolintel.com\\\/product\\\/tubo-led-18w-360o-cristal-caja-30-uds\\\/#primaryimage\"},\"thumbnailUrl\":\"https:\\\/\\\/ledsolintel.com\\\/wp-content\\\/uploads\\\/2025\\\/11\\\/tubo-led-18w-360-cristal.jpg\",\"datePublished\":\"2025-11-11T15:42:17+00:00\",\"dateModified\":\"2026-04-07T08:19:12+00:00\",\"breadcrumb\":{\"@id\":\"https:\\\/\\\/ledsolintel.com\\\/product\\\/tubo-led-18w-360o-cristal-caja-30-uds\\\/#breadcrumb\"},\"inLanguage\":\"fr-FR\",\"potentialAction\":[{\"@type\":\"ReadAction\",\"target\":[\"https:\\\/\\\/ledsolintel.com\\\/product\\\/tubo-led-18w-360o-cristal-caja-30-uds\\\/\"]}]},{\"@type\":\"ImageObject\",\"inLanguage\":\"fr-FR\",\"@id\":\"https:\\\/\\\/ledsolintel.com\\\/product\\\/tubo-led-18w-360o-cristal-caja-30-uds\\\/#primaryimage\",\"url\":\"https:\\\/\\\/ledsolintel.com\\\/wp-content\\\/uploads\\\/2025\\\/11\\\/tubo-led-18w-360-cristal.jpg\",\"contentUrl\":\"https:\\\/\\\/ledsolintel.com\\\/wp-content\\\/uploads\\\/2025\\\/11\\\/tubo-led-18w-360-cristal.jpg\",\"width\":1510,\"height\":1510},{\"@type\":\"BreadcrumbList\",\"@id\":\"https:\\\/\\\/ledsolintel.com\\\/product\\\/tubo-led-18w-360o-cristal-caja-30-uds\\\/#breadcrumb\",\"itemListElement\":[{\"@type\":\"ListItem\",\"position\":1,\"name\":\"Portada\",\"item\":\"https:\\\/\\\/ledsolintel.com\\\/fr\\\/\"},{\"@type\":\"ListItem\",\"position\":2,\"name\":\"Tienda\",\"item\":\"https:\\\/\\\/ledsolintel.com\\\/tienda\\\/\"},{\"@type\":\"ListItem\",\"position\":3,\"name\":\"Tubo LED 18W 360\u00ba CRISTAL caja 30 uds.\"}]},{\"@type\":\"WebSite\",\"@id\":\"https:\\\/\\\/ledsolintel.com\\\/#website\",\"url\":\"https:\\\/\\\/ledsolintel.com\\\/\",\"name\":\"Webmenaje\",\"description\":\"Tienda de bombillas y l\u00e1mparas LED para profesionales\",\"publisher\":{\"@id\":\"https:\\\/\\\/ledsolintel.com\\\/#organization\"},\"potentialAction\":[{\"@type\":\"SearchAction\",\"target\":{\"@type\":\"EntryPoint\",\"urlTemplate\":\"https:\\\/\\\/ledsolintel.com\\\/?s={search_term_string}\"},\"query-input\":{\"@type\":\"PropertyValueSpecification\",\"valueRequired\":true,\"valueName\":\"search_term_string\"}}],\"inLanguage\":\"fr-FR\"},{\"@type\":\"Organization\",\"@id\":\"https:\\\/\\\/ledsolintel.com\\\/#organization\",\"name\":\"Solintel Noroeste, S.L.\",\"url\":\"https:\\\/\\\/ledsolintel.com\\\/\",\"logo\":{\"@type\":\"ImageObject\",\"inLanguage\":\"fr-FR\",\"@id\":\"https:\\\/\\\/ledsolintel.com\\\/#\\\/schema\\\/logo\\\/image\\\/\",\"url\":\"https:\\\/\\\/ledsolintel.com\\\/wp-content\\\/uploads\\\/2024\\\/11\\\/webmenaje-logo-1508269066.jpg\",\"contentUrl\":\"https:\\\/\\\/ledsolintel.com\\\/wp-content\\\/uploads\\\/2024\\\/11\\\/webmenaje-logo-1508269066.jpg\",\"width\":370,\"height\":90,\"caption\":\"Solintel Noroeste, S.L.\"},\"image\":{\"@id\":\"https:\\\/\\\/ledsolintel.com\\\/#\\\/schema\\\/logo\\\/image\\\/\"},\"sameAs\":[\"http:\\\/\\\/www.facebook.com\\\/webmenaje\",\"https:\\\/\\\/x.com\\\/webmenaje\",\"https:\\\/\\\/www.youtube.com\\\/channel\\\/UCX2KoVoeCG4LocZjUc6LmSQ\",\"http:\\\/\\\/www.pinterest.com\\\/webmenaje\"]}]}<\/script>\n<!-- \/ Yoast SEO plugin. -->","yoast_head_json":{"title":"Tube LED 18W 360\u00ba CRYSTAL box 30 pcs. - Ledsolintel","robots":{"index":"index","follow":"follow","max-snippet":"max-snippet:-1","max-image-preview":"max-image-preview:large","max-video-preview":"max-video-preview:-1"},"canonical":"https:\/\/ledsolintel.com\/fr\/produit-2\/tube-led-18w-360o-glass-box-30-pcs\/","og_locale":"fr_FR","og_type":"article","og_title":"Tubo LED 18W 360\u00ba CRISTAL caja 30 uds. - Ledsolintel","og_description":"Tubo led de 18W fabricado en aluminio y PVC, con conexi\u00f3n por los dos extremos y cabeza rotatoria, es decir, fase se conecta en un lateral del tubo y el neutro en el otro extremo. Con un \u00e1ngulo de dispersi\u00f3n lum\u00ednica de 120\u00b0 es una opci\u00f3n eficiente y duradera para iluminar espacios residenciales, centros comerciales, &hellip; Continue reading Tubo LED 18W 360\u00ba CRISTAL caja 30 uds.","og_url":"https:\/\/ledsolintel.com\/fr\/produit-2\/tube-led-18w-360o-glass-box-30-pcs\/","og_site_name":"Ledsolintel","article_publisher":"http:\/\/www.facebook.com\/webmenaje","article_modified_time":"2026-04-07T08:19:12+00:00","og_image":[{"width":1510,"height":1510,"url":"https:\/\/ledsolintel.com\/wp-content\/uploads\/2025\/11\/tubo-led-18w-360-cristal.jpg","type":"image\/jpeg"}],"twitter_card":"summary_large_image","twitter_site":"@webmenaje","twitter_misc":{"Dur\u00e9e de lecture estim\u00e9e":"2 minutes"},"schema":{"@context":"https:\/\/schema.org","@graph":[{"@type":"WebPage","@id":"https:\/\/ledsolintel.com\/product\/tubo-led-18w-360o-cristal-caja-30-uds\/","url":"https:\/\/ledsolintel.com\/product\/tubo-led-18w-360o-cristal-caja-30-uds\/","name":"Tube LED 18W 360\u00ba CRYSTAL box 30 pcs. - Ledsolintel","isPartOf":{"@id":"https:\/\/ledsolintel.com\/#website"},"primaryImageOfPage":{"@id":"https:\/\/ledsolintel.com\/product\/tubo-led-18w-360o-cristal-caja-30-uds\/#primaryimage"},"image":{"@id":"https:\/\/ledsolintel.com\/product\/tubo-led-18w-360o-cristal-caja-30-uds\/#primaryimage"},"thumbnailUrl":"https:\/\/ledsolintel.com\/wp-content\/uploads\/2025\/11\/tubo-led-18w-360-cristal.jpg","datePublished":"2025-11-11T15:42:17+00:00","dateModified":"2026-04-07T08:19:12+00:00","breadcrumb":{"@id":"https:\/\/ledsolintel.com\/product\/tubo-led-18w-360o-cristal-caja-30-uds\/#breadcrumb"},"inLanguage":"fr-FR","potentialAction":[{"@type":"ReadAction","target":["https:\/\/ledsolintel.com\/product\/tubo-led-18w-360o-cristal-caja-30-uds\/"]}]},{"@type":"ImageObject","inLanguage":"fr-FR","@id":"https:\/\/ledsolintel.com\/product\/tubo-led-18w-360o-cristal-caja-30-uds\/#primaryimage","url":"https:\/\/ledsolintel.com\/wp-content\/uploads\/2025\/11\/tubo-led-18w-360-cristal.jpg","contentUrl":"https:\/\/ledsolintel.com\/wp-content\/uploads\/2025\/11\/tubo-led-18w-360-cristal.jpg","width":1510,"height":1510},{"@type":"BreadcrumbList","@id":"https:\/\/ledsolintel.com\/product\/tubo-led-18w-360o-cristal-caja-30-uds\/#breadcrumb","itemListElement":[{"@type":"ListItem","position":1,"name":"Portada","item":"https:\/\/ledsolintel.com\/fr\/"},{"@type":"ListItem","position":2,"name":"Tienda","item":"https:\/\/ledsolintel.com\/tienda\/"},{"@type":"ListItem","position":3,"name":"Tubo LED 18W 360\u00ba CRISTAL caja 30 uds."}]},{"@type":"WebSite","@id":"https:\/\/ledsolintel.com\/#website","url":"https:\/\/ledsolintel.com\/","name":"Webmenaje","description":"Magasin d'ampoules et de lampes LED pour les professionnels","publisher":{"@id":"https:\/\/ledsolintel.com\/#organization"},"potentialAction":[{"@type":"SearchAction","target":{"@type":"EntryPoint","urlTemplate":"https:\/\/ledsolintel.com\/?s={search_term_string}"},"query-input":{"@type":"PropertyValueSpecification","valueRequired":true,"valueName":"search_term_string"}}],"inLanguage":"fr-FR"},{"@type":"Organization","@id":"https:\/\/ledsolintel.com\/#organization","name":"Solintel Noroeste, S.L.","url":"https:\/\/ledsolintel.com\/","logo":{"@type":"ImageObject","inLanguage":"fr-FR","@id":"https:\/\/ledsolintel.com\/#\/schema\/logo\/image\/","url":"https:\/\/ledsolintel.com\/wp-content\/uploads\/2024\/11\/webmenaje-logo-1508269066.jpg","contentUrl":"https:\/\/ledsolintel.com\/wp-content\/uploads\/2024\/11\/webmenaje-logo-1508269066.jpg","width":370,"height":90,"caption":"Solintel Noroeste, S.L."},"image":{"@id":"https:\/\/ledsolintel.com\/#\/schema\/logo\/image\/"},"sameAs":["http:\/\/www.facebook.com\/webmenaje","https:\/\/x.com\/webmenaje","https:\/\/www.youtube.com\/channel\/UCX2KoVoeCG4LocZjUc6LmSQ","http:\/\/www.pinterest.com\/webmenaje"]}]}},"_links":{"self":[{"href":"https:\/\/ledsolintel.com\/fr\/wp-json\/wp\/v2\/product\/267552","targetHints":{"allow":["GET"]}}],"collection":[{"href":"https:\/\/ledsolintel.com\/fr\/wp-json\/wp\/v2\/product"}],"about":[{"href":"https:\/\/ledsolintel.com\/fr\/wp-json\/wp\/v2\/types\/product"}],"version-history":[{"count":1,"href":"https:\/\/ledsolintel.com\/fr\/wp-json\/wp\/v2\/product\/267552\/revisions"}],"predecessor-version":[{"id":267553,"href":"https:\/\/ledsolintel.com\/fr\/wp-json\/wp\/v2\/product\/267552\/revisions\/267553"}],"wp:featuredmedia":[{"embeddable":true,"href":"https:\/\/ledsolintel.com\/fr\/wp-json\/wp\/v2\/media\/260850"}],"wp:attachment":[{"href":"https:\/\/ledsolintel.com\/fr\/wp-json\/wp\/v2\/media?parent=267552"}],"wp:term":[{"taxonomy":"product_brand","embeddable":true,"href":"https:\/\/ledsolintel.com\/fr\/wp-json\/wp\/v2\/product_brand?post=267552"},{"taxonomy":"product_cat","embeddable":true,"href":"https:\/\/ledsolintel.com\/fr\/wp-json\/wp\/v2\/product_cat?post=267552"},{"taxonomy":"product_tag","embeddable":true,"href":"https:\/\/ledsolintel.com\/fr\/wp-json\/wp\/v2\/product_tag?post=267552"}],"curies":[{"name":"wp","href":"https:\/\/api.w.org\/{rel}","templated":true}]}}