{"id":267537,"date":"2025-11-11T16:41:31","date_gmt":"2025-11-11T15:41:31","guid":{"rendered":"https:\/\/nueva.ledsolintel.com\/product\/plafon-redondo-aluminio-ip65\/"},"modified":"2026-04-07T10:19:12","modified_gmt":"2026-04-07T08:19:12","slug":"plafonnier-rond-en-aluminium-ip65","status":"publish","type":"product","link":"https:\/\/ledsolintel.com\/fr\/produit-2\/plafonnier-rond-en-aluminium-ip65\/","title":{"rendered":"Plafonnier rond en aluminium IP65"},"content":{"rendered":"<p>Plafonnier LED rond en saillie avec une finition grise, c'est l'un des produits les plus utilis\u00e9s dans l'\u00e9clairage car il est id\u00e9al pour l'installation dans les plafonds, qu'ils aient peu ou beaucoup d'espace. Gr\u00e2ce \u00e0 son angle de dispersion de la lumi\u00e8re de 120\u00b0 et \u00e0 son \u00e9clairage efficace et doux, il est id\u00e9al comme source lumineuse pour un usage r\u00e9sidentiel (couloirs, entr\u00e9es, all\u00e9es, jardins ou terrasses) et pour des espaces plus grands comme les bureaux, les magasins, les h\u00f4tels, les bars ou les restaurants. Grand angle d'ouverture de la lumi\u00e8re, \u00e9galement avec un \u00e9clairage lat\u00e9ral. Remplace tous les types d'ampoules conventionnelles mont\u00e9es en surface La technologie LED a une consommation d'\u00e9nergie inf\u00e9rieure \u00e0 celle des downlights halog\u00e8nes conventionnels, ce qui vous permet d'\u00e9conomiser chaque mois sur votre facture d'\u00e9lectricit\u00e9.  Pour \u00e9viter d'endommager le driver ou le luminaire, l'installation doit \u00eatre r\u00e9alis\u00e9e hors tension.  Son culot permet d'y ins\u00e9rer des ampoules \u00e0 douille E27, ce qui permet \u00e0 l'utilisateur de choisir la puissance et la temp\u00e9rature de couleur souhait\u00e9es.  Il est con\u00e7u pour \u00eatre install\u00e9 aussi bien \u00e0 l'int\u00e9rieur qu'\u00e0 l'ext\u00e9rieur gr\u00e2ce \u00e0 son degr\u00e9 de protection IP65 (protection totale contre la poussi\u00e8re et les jets d'eau). Il est con\u00e7u en aluminium et en PVC avec des dimensions de \u00d8 300 x 87 mm. Il est facile \u00e0 installer car il n'est pas n\u00e9cessaire de faire des trous d'encastrement, une simple fixation avec des vis suffit. Elle peut \u00eatre install\u00e9e au plafond ou au mur en tant qu'applique.  En plus d'\u00eatre un produit qui a une dur\u00e9e de vie de plus de 30 000 heures, il est garanti 3 ans. Elle poss\u00e8de \u00e9galement le certificat CE, qui atteste qu'elle est conforme aux exigences de l'UE en mati\u00e8re de compatibilit\u00e9 \u00e9lectromagn\u00e9tique et de basse tension. Ce certificat d\u00e9clare la conformit\u00e9 de ce produit \u00e0 toutes les exigences l\u00e9gales et garantit la validit\u00e9 de la vente du produit dans l'Espace \u00e9conomique europ\u00e9en.  Ampoule non incluse.<\/p>","protected":false},"excerpt":{"rendered":"<p>Plaf\u00f3n de LEDs redondo de superficie con acabado en color gris, es uno de los productos m\u00e1s utilizados en iluminaci\u00f3n ya que es ideal para su instalaci\u00f3n en techos, tanto si cuentan con poco o mucho espacio. Debido a su \u00e1ngulo de dispersi\u00f3n lum\u00ednica de 120\u00b0 y su iluminaci\u00f3n eficiente y suave, lo hace ideal &hellip; <a href=\"https:\/\/ledsolintel.com\/fr\/produit-2\/plafonnier-rond-en-aluminium-ip65\/\" class=\"more-link\">Continue reading <span class=\"screen-reader-text\">Plafonnier rond en aluminium IP65<\/span><\/a><\/p>","protected":false},"featured_media":260823,"template":"","meta":[],"product_brand":[101370],"product_cat":[15,99603,101371,99575],"product_tag":[],"class_list":{"0":"post-267537","1":"product","2":"type-product","3":"status-publish","4":"has-post-thumbnail","6":"product_brand-masterled","7":"product_cat-uncategorized","8":"product_cat-apliques-para-exterior","9":"product_cat-masterled","10":"product_cat-iluminacion-para-jardines-y-exteriores","11":"pa_tipo-casquillo-casquillo-e27","14":"instock","15":"taxable","16":"shipping-taxable","17":"purchasable","18":"product-type-simple"},"yoast_head":"<!-- This site is optimized with the Yoast SEO plugin v26.6 - https:\/\/yoast.com\/wordpress\/plugins\/seo\/ -->\n<title>Plaf\u00f3n redondo aluminio IP65 - Ledsolintel<\/title>\n<meta name=\"robots\" content=\"index, follow, max-snippet:-1, max-image-preview:large, max-video-preview:-1\" \/>\n<link rel=\"canonical\" href=\"https:\/\/ledsolintel.com\/fr\/produit-2\/plafonnier-rond-en-aluminium-ip65\/\" \/>\n<meta property=\"og:locale\" content=\"fr_FR\" \/>\n<meta property=\"og:type\" content=\"article\" \/>\n<meta property=\"og:title\" content=\"Plaf\u00f3n redondo aluminio IP65 - Ledsolintel\" \/>\n<meta property=\"og:description\" content=\"Plaf\u00f3n de LEDs redondo de superficie con acabado en color gris, es uno de los productos m\u00e1s utilizados en iluminaci\u00f3n ya que es ideal para su instalaci\u00f3n en techos, tanto si cuentan con poco o mucho espacio. Debido a su \u00e1ngulo de dispersi\u00f3n lum\u00ednica de 120\u00b0 y su iluminaci\u00f3n eficiente y suave, lo hace ideal &hellip; Continue reading Plaf\u00f3n redondo aluminio IP65\" \/>\n<meta property=\"og:url\" content=\"https:\/\/ledsolintel.com\/fr\/produit-2\/plafonnier-rond-en-aluminium-ip65\/\" \/>\n<meta property=\"og:site_name\" content=\"Ledsolintel\" \/>\n<meta property=\"article:publisher\" content=\"http:\/\/www.facebook.com\/webmenaje\" \/>\n<meta property=\"article:modified_time\" content=\"2026-04-07T08:19:12+00:00\" \/>\n<meta property=\"og:image\" content=\"https:\/\/ledsolintel.com\/wp-content\/uploads\/2025\/11\/plafon-redondo-aluminio-ip65.jpg\" \/>\n\t<meta property=\"og:image:width\" content=\"1500\" \/>\n\t<meta property=\"og:image:height\" content=\"1500\" \/>\n\t<meta property=\"og:image:type\" content=\"image\/jpeg\" \/>\n<meta name=\"twitter:card\" content=\"summary_large_image\" \/>\n<meta name=\"twitter:site\" content=\"@webmenaje\" \/>\n<meta name=\"twitter:label1\" content=\"Dur\u00e9e de lecture estim\u00e9e\" \/>\n\t<meta name=\"twitter:data1\" content=\"2 minutes\" \/>\n<script type=\"application\/ld+json\" class=\"yoast-schema-graph\">{\"@context\":\"https:\/\/schema.org\",\"@graph\":[{\"@type\":\"WebPage\",\"@id\":\"https:\/\/ledsolintel.com\/product\/plafon-redondo-aluminio-ip65\/\",\"url\":\"https:\/\/ledsolintel.com\/product\/plafon-redondo-aluminio-ip65\/\",\"name\":\"Plaf\u00f3n redondo aluminio IP65 - Ledsolintel\",\"isPartOf\":{\"@id\":\"https:\/\/ledsolintel.com\/#website\"},\"primaryImageOfPage\":{\"@id\":\"https:\/\/ledsolintel.com\/product\/plafon-redondo-aluminio-ip65\/#primaryimage\"},\"image\":{\"@id\":\"https:\/\/ledsolintel.com\/product\/plafon-redondo-aluminio-ip65\/#primaryimage\"},\"thumbnailUrl\":\"https:\/\/ledsolintel.com\/wp-content\/uploads\/2025\/11\/plafon-redondo-aluminio-ip65.jpg\",\"datePublished\":\"2025-11-11T15:41:31+00:00\",\"dateModified\":\"2026-04-07T08:19:12+00:00\",\"breadcrumb\":{\"@id\":\"https:\/\/ledsolintel.com\/product\/plafon-redondo-aluminio-ip65\/#breadcrumb\"},\"inLanguage\":\"fr-FR\",\"potentialAction\":[{\"@type\":\"ReadAction\",\"target\":[\"https:\/\/ledsolintel.com\/product\/plafon-redondo-aluminio-ip65\/\"]}]},{\"@type\":\"ImageObject\",\"inLanguage\":\"fr-FR\",\"@id\":\"https:\/\/ledsolintel.com\/product\/plafon-redondo-aluminio-ip65\/#primaryimage\",\"url\":\"https:\/\/ledsolintel.com\/wp-content\/uploads\/2025\/11\/plafon-redondo-aluminio-ip65.jpg\",\"contentUrl\":\"https:\/\/ledsolintel.com\/wp-content\/uploads\/2025\/11\/plafon-redondo-aluminio-ip65.jpg\",\"width\":1500,\"height\":1500},{\"@type\":\"BreadcrumbList\",\"@id\":\"https:\/\/ledsolintel.com\/product\/plafon-redondo-aluminio-ip65\/#breadcrumb\",\"itemListElement\":[{\"@type\":\"ListItem\",\"position\":1,\"name\":\"Portada\",\"item\":\"https:\/\/ledsolintel.com\/fr\/\"},{\"@type\":\"ListItem\",\"position\":2,\"name\":\"Tienda\",\"item\":\"https:\/\/ledsolintel.com\/tienda\/\"},{\"@type\":\"ListItem\",\"position\":3,\"name\":\"Plaf\u00f3n redondo aluminio IP65\"}]},{\"@type\":\"WebSite\",\"@id\":\"https:\/\/ledsolintel.com\/#website\",\"url\":\"https:\/\/ledsolintel.com\/\",\"name\":\"Webmenaje\",\"description\":\"Tienda de bombillas y l\u00e1mparas LED para profesionales\",\"publisher\":{\"@id\":\"https:\/\/ledsolintel.com\/#organization\"},\"potentialAction\":[{\"@type\":\"SearchAction\",\"target\":{\"@type\":\"EntryPoint\",\"urlTemplate\":\"https:\/\/ledsolintel.com\/?s={search_term_string}\"},\"query-input\":{\"@type\":\"PropertyValueSpecification\",\"valueRequired\":true,\"valueName\":\"search_term_string\"}}],\"inLanguage\":\"fr-FR\"},{\"@type\":\"Organization\",\"@id\":\"https:\/\/ledsolintel.com\/#organization\",\"name\":\"Solintel Noroeste, S.L.\",\"url\":\"https:\/\/ledsolintel.com\/\",\"logo\":{\"@type\":\"ImageObject\",\"inLanguage\":\"fr-FR\",\"@id\":\"https:\/\/ledsolintel.com\/#\/schema\/logo\/image\/\",\"url\":\"https:\/\/ledsolintel.com\/wp-content\/uploads\/2024\/11\/webmenaje-logo-1508269066.jpg\",\"contentUrl\":\"https:\/\/ledsolintel.com\/wp-content\/uploads\/2024\/11\/webmenaje-logo-1508269066.jpg\",\"width\":370,\"height\":90,\"caption\":\"Solintel Noroeste, S.L.\"},\"image\":{\"@id\":\"https:\/\/ledsolintel.com\/#\/schema\/logo\/image\/\"},\"sameAs\":[\"http:\/\/www.facebook.com\/webmenaje\",\"https:\/\/x.com\/webmenaje\",\"https:\/\/www.youtube.com\/channel\/UCX2KoVoeCG4LocZjUc6LmSQ\",\"http:\/\/www.pinterest.com\/webmenaje\"]}]}<\/script>\n<!-- \/ Yoast SEO plugin. -->","yoast_head_json":{"title":"Plafonnier rond en aluminium IP65 - Ledsolintel","robots":{"index":"index","follow":"follow","max-snippet":"max-snippet:-1","max-image-preview":"max-image-preview:large","max-video-preview":"max-video-preview:-1"},"canonical":"https:\/\/ledsolintel.com\/fr\/produit-2\/plafonnier-rond-en-aluminium-ip65\/","og_locale":"fr_FR","og_type":"article","og_title":"Plaf\u00f3n redondo aluminio IP65 - Ledsolintel","og_description":"Plaf\u00f3n de LEDs redondo de superficie con acabado en color gris, es uno de los productos m\u00e1s utilizados en iluminaci\u00f3n ya que es ideal para su instalaci\u00f3n en techos, tanto si cuentan con poco o mucho espacio. Debido a su \u00e1ngulo de dispersi\u00f3n lum\u00ednica de 120\u00b0 y su iluminaci\u00f3n eficiente y suave, lo hace ideal &hellip; Continue reading Plaf\u00f3n redondo aluminio IP65","og_url":"https:\/\/ledsolintel.com\/fr\/produit-2\/plafonnier-rond-en-aluminium-ip65\/","og_site_name":"Ledsolintel","article_publisher":"http:\/\/www.facebook.com\/webmenaje","article_modified_time":"2026-04-07T08:19:12+00:00","og_image":[{"width":1500,"height":1500,"url":"https:\/\/ledsolintel.com\/wp-content\/uploads\/2025\/11\/plafon-redondo-aluminio-ip65.jpg","type":"image\/jpeg"}],"twitter_card":"summary_large_image","twitter_site":"@webmenaje","twitter_misc":{"Dur\u00e9e de lecture estim\u00e9e":"2 minutes"},"schema":{"@context":"https:\/\/schema.org","@graph":[{"@type":"WebPage","@id":"https:\/\/ledsolintel.com\/product\/plafon-redondo-aluminio-ip65\/","url":"https:\/\/ledsolintel.com\/product\/plafon-redondo-aluminio-ip65\/","name":"Plafonnier rond en aluminium IP65 - Ledsolintel","isPartOf":{"@id":"https:\/\/ledsolintel.com\/#website"},"primaryImageOfPage":{"@id":"https:\/\/ledsolintel.com\/product\/plafon-redondo-aluminio-ip65\/#primaryimage"},"image":{"@id":"https:\/\/ledsolintel.com\/product\/plafon-redondo-aluminio-ip65\/#primaryimage"},"thumbnailUrl":"https:\/\/ledsolintel.com\/wp-content\/uploads\/2025\/11\/plafon-redondo-aluminio-ip65.jpg","datePublished":"2025-11-11T15:41:31+00:00","dateModified":"2026-04-07T08:19:12+00:00","breadcrumb":{"@id":"https:\/\/ledsolintel.com\/product\/plafon-redondo-aluminio-ip65\/#breadcrumb"},"inLanguage":"fr-FR","potentialAction":[{"@type":"ReadAction","target":["https:\/\/ledsolintel.com\/product\/plafon-redondo-aluminio-ip65\/"]}]},{"@type":"ImageObject","inLanguage":"fr-FR","@id":"https:\/\/ledsolintel.com\/product\/plafon-redondo-aluminio-ip65\/#primaryimage","url":"https:\/\/ledsolintel.com\/wp-content\/uploads\/2025\/11\/plafon-redondo-aluminio-ip65.jpg","contentUrl":"https:\/\/ledsolintel.com\/wp-content\/uploads\/2025\/11\/plafon-redondo-aluminio-ip65.jpg","width":1500,"height":1500},{"@type":"BreadcrumbList","@id":"https:\/\/ledsolintel.com\/product\/plafon-redondo-aluminio-ip65\/#breadcrumb","itemListElement":[{"@type":"ListItem","position":1,"name":"Portada","item":"https:\/\/ledsolintel.com\/fr\/"},{"@type":"ListItem","position":2,"name":"Tienda","item":"https:\/\/ledsolintel.com\/tienda\/"},{"@type":"ListItem","position":3,"name":"Plaf\u00f3n redondo aluminio IP65"}]},{"@type":"WebSite","@id":"https:\/\/ledsolintel.com\/#website","url":"https:\/\/ledsolintel.com\/","name":"Webmenaje","description":"Magasin d'ampoules et de lampes LED pour les professionnels","publisher":{"@id":"https:\/\/ledsolintel.com\/#organization"},"potentialAction":[{"@type":"SearchAction","target":{"@type":"EntryPoint","urlTemplate":"https:\/\/ledsolintel.com\/?s={search_term_string}"},"query-input":{"@type":"PropertyValueSpecification","valueRequired":true,"valueName":"search_term_string"}}],"inLanguage":"fr-FR"},{"@type":"Organization","@id":"https:\/\/ledsolintel.com\/#organization","name":"Solintel Noroeste, S.L.","url":"https:\/\/ledsolintel.com\/","logo":{"@type":"ImageObject","inLanguage":"fr-FR","@id":"https:\/\/ledsolintel.com\/#\/schema\/logo\/image\/","url":"https:\/\/ledsolintel.com\/wp-content\/uploads\/2024\/11\/webmenaje-logo-1508269066.jpg","contentUrl":"https:\/\/ledsolintel.com\/wp-content\/uploads\/2024\/11\/webmenaje-logo-1508269066.jpg","width":370,"height":90,"caption":"Solintel Noroeste, S.L."},"image":{"@id":"https:\/\/ledsolintel.com\/#\/schema\/logo\/image\/"},"sameAs":["http:\/\/www.facebook.com\/webmenaje","https:\/\/x.com\/webmenaje","https:\/\/www.youtube.com\/channel\/UCX2KoVoeCG4LocZjUc6LmSQ","http:\/\/www.pinterest.com\/webmenaje"]}]}},"_links":{"self":[{"href":"https:\/\/ledsolintel.com\/fr\/wp-json\/wp\/v2\/product\/267537","targetHints":{"allow":["GET"]}}],"collection":[{"href":"https:\/\/ledsolintel.com\/fr\/wp-json\/wp\/v2\/product"}],"about":[{"href":"https:\/\/ledsolintel.com\/fr\/wp-json\/wp\/v2\/types\/product"}],"version-history":[{"count":1,"href":"https:\/\/ledsolintel.com\/fr\/wp-json\/wp\/v2\/product\/267537\/revisions"}],"predecessor-version":[{"id":267538,"href":"https:\/\/ledsolintel.com\/fr\/wp-json\/wp\/v2\/product\/267537\/revisions\/267538"}],"wp:featuredmedia":[{"embeddable":true,"href":"https:\/\/ledsolintel.com\/fr\/wp-json\/wp\/v2\/media\/260823"}],"wp:attachment":[{"href":"https:\/\/ledsolintel.com\/fr\/wp-json\/wp\/v2\/media?parent=267537"}],"wp:term":[{"taxonomy":"product_brand","embeddable":true,"href":"https:\/\/ledsolintel.com\/fr\/wp-json\/wp\/v2\/product_brand?post=267537"},{"taxonomy":"product_cat","embeddable":true,"href":"https:\/\/ledsolintel.com\/fr\/wp-json\/wp\/v2\/product_cat?post=267537"},{"taxonomy":"product_tag","embeddable":true,"href":"https:\/\/ledsolintel.com\/fr\/wp-json\/wp\/v2\/product_tag?post=267537"}],"curies":[{"name":"wp","href":"https:\/\/api.w.org\/{rel}","templated":true}]}}