{"id":267524,"date":"2025-11-11T16:41:13","date_gmt":"2025-11-11T15:41:13","guid":{"rendered":"https:\/\/nueva.ledsolintel.com\/product\/foco-exterior-e27-con-pincho-ip65\/"},"modified":"2026-04-07T10:19:12","modified_gmt":"2026-04-07T08:19:12","slug":"foco-exterior-e27-con-pincho-ip65","status":"publish","type":"product","link":"https:\/\/ledsolintel.com\/fr\/produit-2\/foco-exterior-e27-con-pincho-ip65\/","title":{"rendered":"Spot d'ext\u00e9rieur E27 avec pointe IP65"},"content":{"rendered":"<p>Projecteur en aluminium avec support de pointe pour fixation au sol.Le culot E27 est id\u00e9al pour une utilisation avec des ampoules PAR30 ou PAR38.Class\u00e9 IP65, installation ext\u00e9rieure et \u00e9tanche.Id\u00e9al pour une installation dans les parcs, les jardins, etc.Mod\u00e8le de couleur noire.Ampoule non incluse.<\/p>","protected":false},"excerpt":{"rendered":"<p>Projecteur en aluminium avec support de pointe pour fixation au sol.Le culot E27 est id\u00e9al pour une utilisation avec des ampoules PAR30 ou PAR38.Class\u00e9 IP65, installation ext\u00e9rieure et \u00e9tanche.Id\u00e9al pour une installation dans les parcs, les jardins, etc.Mod\u00e8le de couleur noire.Ampoule non incluse.<\/p>","protected":false},"featured_media":260792,"template":"","meta":[],"product_brand":[101370],"product_cat":[101371,15],"product_tag":[],"class_list":{"0":"post-267524","1":"product","2":"type-product","3":"status-publish","4":"has-post-thumbnail","6":"product_brand-masterled","7":"product_cat-masterled","8":"product_cat-uncategorized","9":"pa_tipo-casquillo-casquillo-e27","12":"instock","13":"taxable","14":"shipping-taxable","15":"purchasable","16":"product-type-simple"},"yoast_head":"<!-- This site is optimized with the Yoast SEO plugin v26.6 - https:\/\/yoast.com\/wordpress\/plugins\/seo\/ -->\n<title>Foco exterior E27 con pincho IP65 - Ledsolintel<\/title>\n<meta name=\"robots\" content=\"index, follow, max-snippet:-1, max-image-preview:large, max-video-preview:-1\" \/>\n<link rel=\"canonical\" href=\"https:\/\/ledsolintel.com\/fr\/produit-2\/foco-exterior-e27-con-pincho-ip65\/\" \/>\n<meta property=\"og:locale\" content=\"fr_FR\" \/>\n<meta property=\"og:type\" content=\"article\" \/>\n<meta property=\"og:title\" content=\"Foco exterior E27 con pincho IP65 - Ledsolintel\" \/>\n<meta property=\"og:description\" content=\"Foco de aluminio con soporte de pincho para clavar en tierra.Su base E27 es ideal para su utilizaci\u00f3n con bombillas del tipo PAR30 o PAR38.Con un grado de protecci\u00f3n IP65, se puede instalar en exteriores y es resistente al agua.Ideal para su instalaci\u00f3n en parques, jardines, etc.Modelo color negro.No incluye bombilla.\" \/>\n<meta property=\"og:url\" content=\"https:\/\/ledsolintel.com\/fr\/produit-2\/foco-exterior-e27-con-pincho-ip65\/\" \/>\n<meta property=\"og:site_name\" content=\"Ledsolintel\" \/>\n<meta property=\"article:publisher\" content=\"http:\/\/www.facebook.com\/webmenaje\" \/>\n<meta property=\"article:modified_time\" content=\"2026-04-07T08:19:12+00:00\" \/>\n<meta property=\"og:image\" content=\"https:\/\/ledsolintel.com\/wp-content\/uploads\/2025\/11\/foco-exterior-e27-con-pincho-ip65.jpg\" \/>\n\t<meta property=\"og:image:width\" content=\"1500\" \/>\n\t<meta property=\"og:image:height\" content=\"1500\" \/>\n\t<meta property=\"og:image:type\" content=\"image\/jpeg\" \/>\n<meta name=\"twitter:card\" content=\"summary_large_image\" \/>\n<meta name=\"twitter:site\" content=\"@webmenaje\" \/>\n<script type=\"application\/ld+json\" class=\"yoast-schema-graph\">{\"@context\":\"https:\/\/schema.org\",\"@graph\":[{\"@type\":\"WebPage\",\"@id\":\"https:\/\/ledsolintel.com\/product\/foco-exterior-e27-con-pincho-ip65\/\",\"url\":\"https:\/\/ledsolintel.com\/product\/foco-exterior-e27-con-pincho-ip65\/\",\"name\":\"Foco exterior E27 con pincho IP65 - Ledsolintel\",\"isPartOf\":{\"@id\":\"https:\/\/ledsolintel.com\/#website\"},\"primaryImageOfPage\":{\"@id\":\"https:\/\/ledsolintel.com\/product\/foco-exterior-e27-con-pincho-ip65\/#primaryimage\"},\"image\":{\"@id\":\"https:\/\/ledsolintel.com\/product\/foco-exterior-e27-con-pincho-ip65\/#primaryimage\"},\"thumbnailUrl\":\"https:\/\/ledsolintel.com\/wp-content\/uploads\/2025\/11\/foco-exterior-e27-con-pincho-ip65.jpg\",\"datePublished\":\"2025-11-11T15:41:13+00:00\",\"dateModified\":\"2026-04-07T08:19:12+00:00\",\"breadcrumb\":{\"@id\":\"https:\/\/ledsolintel.com\/product\/foco-exterior-e27-con-pincho-ip65\/#breadcrumb\"},\"inLanguage\":\"fr-FR\",\"potentialAction\":[{\"@type\":\"ReadAction\",\"target\":[\"https:\/\/ledsolintel.com\/product\/foco-exterior-e27-con-pincho-ip65\/\"]}]},{\"@type\":\"ImageObject\",\"inLanguage\":\"fr-FR\",\"@id\":\"https:\/\/ledsolintel.com\/product\/foco-exterior-e27-con-pincho-ip65\/#primaryimage\",\"url\":\"https:\/\/ledsolintel.com\/wp-content\/uploads\/2025\/11\/foco-exterior-e27-con-pincho-ip65.jpg\",\"contentUrl\":\"https:\/\/ledsolintel.com\/wp-content\/uploads\/2025\/11\/foco-exterior-e27-con-pincho-ip65.jpg\",\"width\":1500,\"height\":1500},{\"@type\":\"BreadcrumbList\",\"@id\":\"https:\/\/ledsolintel.com\/product\/foco-exterior-e27-con-pincho-ip65\/#breadcrumb\",\"itemListElement\":[{\"@type\":\"ListItem\",\"position\":1,\"name\":\"Portada\",\"item\":\"https:\/\/ledsolintel.com\/fr\/\"},{\"@type\":\"ListItem\",\"position\":2,\"name\":\"Tienda\",\"item\":\"https:\/\/ledsolintel.com\/tienda\/\"},{\"@type\":\"ListItem\",\"position\":3,\"name\":\"Foco exterior E27 con pincho IP65\"}]},{\"@type\":\"WebSite\",\"@id\":\"https:\/\/ledsolintel.com\/#website\",\"url\":\"https:\/\/ledsolintel.com\/\",\"name\":\"Webmenaje\",\"description\":\"Tienda de bombillas y l\u00e1mparas LED para profesionales\",\"publisher\":{\"@id\":\"https:\/\/ledsolintel.com\/#organization\"},\"potentialAction\":[{\"@type\":\"SearchAction\",\"target\":{\"@type\":\"EntryPoint\",\"urlTemplate\":\"https:\/\/ledsolintel.com\/?s={search_term_string}\"},\"query-input\":{\"@type\":\"PropertyValueSpecification\",\"valueRequired\":true,\"valueName\":\"search_term_string\"}}],\"inLanguage\":\"fr-FR\"},{\"@type\":\"Organization\",\"@id\":\"https:\/\/ledsolintel.com\/#organization\",\"name\":\"Solintel Noroeste, S.L.\",\"url\":\"https:\/\/ledsolintel.com\/\",\"logo\":{\"@type\":\"ImageObject\",\"inLanguage\":\"fr-FR\",\"@id\":\"https:\/\/ledsolintel.com\/#\/schema\/logo\/image\/\",\"url\":\"https:\/\/ledsolintel.com\/wp-content\/uploads\/2024\/11\/webmenaje-logo-1508269066.jpg\",\"contentUrl\":\"https:\/\/ledsolintel.com\/wp-content\/uploads\/2024\/11\/webmenaje-logo-1508269066.jpg\",\"width\":370,\"height\":90,\"caption\":\"Solintel Noroeste, S.L.\"},\"image\":{\"@id\":\"https:\/\/ledsolintel.com\/#\/schema\/logo\/image\/\"},\"sameAs\":[\"http:\/\/www.facebook.com\/webmenaje\",\"https:\/\/x.com\/webmenaje\",\"https:\/\/www.youtube.com\/channel\/UCX2KoVoeCG4LocZjUc6LmSQ\",\"http:\/\/www.pinterest.com\/webmenaje\"]}]}<\/script>\n<!-- \/ Yoast SEO plugin. -->","yoast_head_json":{"title":"Foco exterior E27 con pincho IP65 - Ledsolintel","robots":{"index":"index","follow":"follow","max-snippet":"max-snippet:-1","max-image-preview":"max-image-preview:large","max-video-preview":"max-video-preview:-1"},"canonical":"https:\/\/ledsolintel.com\/fr\/produit-2\/foco-exterior-e27-con-pincho-ip65\/","og_locale":"fr_FR","og_type":"article","og_title":"Foco exterior E27 con pincho IP65 - Ledsolintel","og_description":"Foco de aluminio con soporte de pincho para clavar en tierra.Su base E27 es ideal para su utilizaci\u00f3n con bombillas del tipo PAR30 o PAR38.Con un grado de protecci\u00f3n IP65, se puede instalar en exteriores y es resistente al agua.Ideal para su instalaci\u00f3n en parques, jardines, etc.Modelo color negro.No incluye bombilla.","og_url":"https:\/\/ledsolintel.com\/fr\/produit-2\/foco-exterior-e27-con-pincho-ip65\/","og_site_name":"Ledsolintel","article_publisher":"http:\/\/www.facebook.com\/webmenaje","article_modified_time":"2026-04-07T08:19:12+00:00","og_image":[{"width":1500,"height":1500,"url":"https:\/\/ledsolintel.com\/wp-content\/uploads\/2025\/11\/foco-exterior-e27-con-pincho-ip65.jpg","type":"image\/jpeg"}],"twitter_card":"summary_large_image","twitter_site":"@webmenaje","schema":{"@context":"https:\/\/schema.org","@graph":[{"@type":"WebPage","@id":"https:\/\/ledsolintel.com\/product\/foco-exterior-e27-con-pincho-ip65\/","url":"https:\/\/ledsolintel.com\/product\/foco-exterior-e27-con-pincho-ip65\/","name":"Foco exterior E27 con pincho IP65 - Ledsolintel","isPartOf":{"@id":"https:\/\/ledsolintel.com\/#website"},"primaryImageOfPage":{"@id":"https:\/\/ledsolintel.com\/product\/foco-exterior-e27-con-pincho-ip65\/#primaryimage"},"image":{"@id":"https:\/\/ledsolintel.com\/product\/foco-exterior-e27-con-pincho-ip65\/#primaryimage"},"thumbnailUrl":"https:\/\/ledsolintel.com\/wp-content\/uploads\/2025\/11\/foco-exterior-e27-con-pincho-ip65.jpg","datePublished":"2025-11-11T15:41:13+00:00","dateModified":"2026-04-07T08:19:12+00:00","breadcrumb":{"@id":"https:\/\/ledsolintel.com\/product\/foco-exterior-e27-con-pincho-ip65\/#breadcrumb"},"inLanguage":"fr-FR","potentialAction":[{"@type":"ReadAction","target":["https:\/\/ledsolintel.com\/product\/foco-exterior-e27-con-pincho-ip65\/"]}]},{"@type":"ImageObject","inLanguage":"fr-FR","@id":"https:\/\/ledsolintel.com\/product\/foco-exterior-e27-con-pincho-ip65\/#primaryimage","url":"https:\/\/ledsolintel.com\/wp-content\/uploads\/2025\/11\/foco-exterior-e27-con-pincho-ip65.jpg","contentUrl":"https:\/\/ledsolintel.com\/wp-content\/uploads\/2025\/11\/foco-exterior-e27-con-pincho-ip65.jpg","width":1500,"height":1500},{"@type":"BreadcrumbList","@id":"https:\/\/ledsolintel.com\/product\/foco-exterior-e27-con-pincho-ip65\/#breadcrumb","itemListElement":[{"@type":"ListItem","position":1,"name":"Portada","item":"https:\/\/ledsolintel.com\/fr\/"},{"@type":"ListItem","position":2,"name":"Tienda","item":"https:\/\/ledsolintel.com\/tienda\/"},{"@type":"ListItem","position":3,"name":"Foco exterior E27 con pincho IP65"}]},{"@type":"WebSite","@id":"https:\/\/ledsolintel.com\/#website","url":"https:\/\/ledsolintel.com\/","name":"Webmenaje","description":"Magasin d'ampoules et de lampes LED pour les professionnels","publisher":{"@id":"https:\/\/ledsolintel.com\/#organization"},"potentialAction":[{"@type":"SearchAction","target":{"@type":"EntryPoint","urlTemplate":"https:\/\/ledsolintel.com\/?s={search_term_string}"},"query-input":{"@type":"PropertyValueSpecification","valueRequired":true,"valueName":"search_term_string"}}],"inLanguage":"fr-FR"},{"@type":"Organization","@id":"https:\/\/ledsolintel.com\/#organization","name":"Solintel Noroeste, S.L.","url":"https:\/\/ledsolintel.com\/","logo":{"@type":"ImageObject","inLanguage":"fr-FR","@id":"https:\/\/ledsolintel.com\/#\/schema\/logo\/image\/","url":"https:\/\/ledsolintel.com\/wp-content\/uploads\/2024\/11\/webmenaje-logo-1508269066.jpg","contentUrl":"https:\/\/ledsolintel.com\/wp-content\/uploads\/2024\/11\/webmenaje-logo-1508269066.jpg","width":370,"height":90,"caption":"Solintel Noroeste, S.L."},"image":{"@id":"https:\/\/ledsolintel.com\/#\/schema\/logo\/image\/"},"sameAs":["http:\/\/www.facebook.com\/webmenaje","https:\/\/x.com\/webmenaje","https:\/\/www.youtube.com\/channel\/UCX2KoVoeCG4LocZjUc6LmSQ","http:\/\/www.pinterest.com\/webmenaje"]}]}},"_links":{"self":[{"href":"https:\/\/ledsolintel.com\/fr\/wp-json\/wp\/v2\/product\/267524","targetHints":{"allow":["GET"]}}],"collection":[{"href":"https:\/\/ledsolintel.com\/fr\/wp-json\/wp\/v2\/product"}],"about":[{"href":"https:\/\/ledsolintel.com\/fr\/wp-json\/wp\/v2\/types\/product"}],"version-history":[{"count":1,"href":"https:\/\/ledsolintel.com\/fr\/wp-json\/wp\/v2\/product\/267524\/revisions"}],"predecessor-version":[{"id":267525,"href":"https:\/\/ledsolintel.com\/fr\/wp-json\/wp\/v2\/product\/267524\/revisions\/267525"}],"wp:featuredmedia":[{"embeddable":true,"href":"https:\/\/ledsolintel.com\/fr\/wp-json\/wp\/v2\/media\/260792"}],"wp:attachment":[{"href":"https:\/\/ledsolintel.com\/fr\/wp-json\/wp\/v2\/media?parent=267524"}],"wp:term":[{"taxonomy":"product_brand","embeddable":true,"href":"https:\/\/ledsolintel.com\/fr\/wp-json\/wp\/v2\/product_brand?post=267524"},{"taxonomy":"product_cat","embeddable":true,"href":"https:\/\/ledsolintel.com\/fr\/wp-json\/wp\/v2\/product_cat?post=267524"},{"taxonomy":"product_tag","embeddable":true,"href":"https:\/\/ledsolintel.com\/fr\/wp-json\/wp\/v2\/product_tag?post=267524"}],"curies":[{"name":"wp","href":"https:\/\/api.w.org\/{rel}","templated":true}]}}