{"id":267497,"date":"2025-11-11T16:40:40","date_gmt":"2025-11-11T15:40:40","guid":{"rendered":"https:\/\/nueva.ledsolintel.com\/product\/aplique-rectangular-e27-negro-ip54\/"},"modified":"2025-12-17T12:55:17","modified_gmt":"2025-12-17T11:55:17","slug":"aplique-rectangular-e27-negro-ip54","status":"publish","type":"product","link":"https:\/\/ledsolintel.com\/fr\/produit-2\/aplique-rectangular-e27-negro-ip54\/","title":{"rendered":"Applique rectangulaire E27 noir IP54"},"content":{"rendered":"<p>Aplique rectangular de aluminio y policarbonato con base para una bombilla de casquillo E27 con acabado en color negro. Es una iluminaria ideal para instalar en hogares, fachadas, jardines, restaurantes, terrazas etc.  Su instalaci\u00f3n puede ser tanto en espacios interiores como exteriores debido a su grado de protecci\u00f3n IP54 (protecci\u00f3n ante el polvo y ante salpicaduras).  Dispone de una garant\u00eda de 3 a\u00f1os. Cuenta tambi\u00e9n con el certificado CE, que acredita que se cumple con los requisitos de la UE respecto a compatibilidad electromagn\u00e9tica y normativa de baja tensi\u00f3n. Con este certificado se declara la conformidad de dicho producto con todos los requisitos legales exigidos, y asegura la validez del producto para ser vendido en todo el Espacio Econ\u00f3mico Europeo.\u00a0  No incluye bombilla.<\/p>","protected":false},"excerpt":{"rendered":"<p>Aplique rectangular de aluminio y policarbonato con base para una bombilla de casquillo E27 con acabado en color negro. Es una iluminaria ideal para instalar en hogares, fachadas, jardines, restaurantes, terrazas etc. Su instalaci\u00f3n puede ser tanto en espacios interiores como exteriores debido a su grado de protecci\u00f3n IP54 (protecci\u00f3n ante el polvo y ante &hellip; <a href=\"https:\/\/ledsolintel.com\/fr\/produit-2\/aplique-rectangular-e27-negro-ip54\/\" class=\"more-link\">Continue reading <span class=\"screen-reader-text\">Applique rectangulaire E27 noir IP54<\/span><\/a><\/p>","protected":false},"featured_media":260731,"template":"","meta":[],"product_brand":[101370],"product_cat":[15,101371],"product_tag":[],"class_list":{"0":"post-267497","1":"product","2":"type-product","3":"status-publish","4":"has-post-thumbnail","6":"product_brand-masterled","7":"product_cat-uncategorized","8":"product_cat-masterled","9":"pa_color-negro","12":"instock","13":"purchasable","14":"product-type-simple"},"yoast_head":"<!-- This site is optimized with the Yoast SEO plugin v26.6 - https:\/\/yoast.com\/wordpress\/plugins\/seo\/ -->\n<title>Aplique rectangular E27 negro IP54 - Ledsolintel<\/title>\n<meta name=\"robots\" content=\"index, follow, max-snippet:-1, max-image-preview:large, max-video-preview:-1\" \/>\n<link rel=\"canonical\" href=\"https:\/\/ledsolintel.com\/fr\/produit-2\/aplique-rectangular-e27-negro-ip54\/\" \/>\n<meta property=\"og:locale\" content=\"fr_FR\" \/>\n<meta property=\"og:type\" content=\"article\" \/>\n<meta property=\"og:title\" content=\"Aplique rectangular E27 negro IP54 - Ledsolintel\" \/>\n<meta property=\"og:description\" content=\"Aplique rectangular de aluminio y policarbonato con base para una bombilla de casquillo E27 con acabado en color negro. Es una iluminaria ideal para instalar en hogares, fachadas, jardines, restaurantes, terrazas etc. Su instalaci\u00f3n puede ser tanto en espacios interiores como exteriores debido a su grado de protecci\u00f3n IP54 (protecci\u00f3n ante el polvo y ante &hellip; Continue reading Aplique rectangular E27 negro IP54\" \/>\n<meta property=\"og:url\" content=\"https:\/\/ledsolintel.com\/fr\/produit-2\/aplique-rectangular-e27-negro-ip54\/\" \/>\n<meta property=\"og:site_name\" content=\"Ledsolintel\" \/>\n<meta property=\"article:publisher\" content=\"http:\/\/www.facebook.com\/webmenaje\" \/>\n<meta property=\"article:modified_time\" content=\"2025-12-17T11:55:17+00:00\" \/>\n<meta property=\"og:image\" content=\"https:\/\/ledsolintel.com\/wp-content\/uploads\/2025\/11\/aplique-rectangular-e27-negro-ip54.jpg\" \/>\n\t<meta property=\"og:image:width\" content=\"600\" \/>\n\t<meta property=\"og:image:height\" content=\"600\" \/>\n\t<meta property=\"og:image:type\" content=\"image\/jpeg\" \/>\n<meta name=\"twitter:card\" content=\"summary_large_image\" \/>\n<meta name=\"twitter:site\" content=\"@webmenaje\" \/>\n<meta name=\"twitter:label1\" content=\"Dur\u00e9e de lecture estim\u00e9e\" \/>\n\t<meta name=\"twitter:data1\" content=\"1 minute\" \/>\n<script type=\"application\/ld+json\" class=\"yoast-schema-graph\">{\"@context\":\"https:\/\/schema.org\",\"@graph\":[{\"@type\":\"WebPage\",\"@id\":\"https:\/\/ledsolintel.com\/product\/aplique-rectangular-e27-negro-ip54\/\",\"url\":\"https:\/\/ledsolintel.com\/product\/aplique-rectangular-e27-negro-ip54\/\",\"name\":\"Aplique rectangular E27 negro IP54 - Ledsolintel\",\"isPartOf\":{\"@id\":\"https:\/\/ledsolintel.com\/#website\"},\"primaryImageOfPage\":{\"@id\":\"https:\/\/ledsolintel.com\/product\/aplique-rectangular-e27-negro-ip54\/#primaryimage\"},\"image\":{\"@id\":\"https:\/\/ledsolintel.com\/product\/aplique-rectangular-e27-negro-ip54\/#primaryimage\"},\"thumbnailUrl\":\"https:\/\/ledsolintel.com\/wp-content\/uploads\/2025\/11\/aplique-rectangular-e27-negro-ip54.jpg\",\"datePublished\":\"2025-11-11T15:40:40+00:00\",\"dateModified\":\"2025-12-17T11:55:17+00:00\",\"breadcrumb\":{\"@id\":\"https:\/\/ledsolintel.com\/product\/aplique-rectangular-e27-negro-ip54\/#breadcrumb\"},\"inLanguage\":\"fr-FR\",\"potentialAction\":[{\"@type\":\"ReadAction\",\"target\":[\"https:\/\/ledsolintel.com\/product\/aplique-rectangular-e27-negro-ip54\/\"]}]},{\"@type\":\"ImageObject\",\"inLanguage\":\"fr-FR\",\"@id\":\"https:\/\/ledsolintel.com\/product\/aplique-rectangular-e27-negro-ip54\/#primaryimage\",\"url\":\"https:\/\/ledsolintel.com\/wp-content\/uploads\/2025\/11\/aplique-rectangular-e27-negro-ip54.jpg\",\"contentUrl\":\"https:\/\/ledsolintel.com\/wp-content\/uploads\/2025\/11\/aplique-rectangular-e27-negro-ip54.jpg\",\"width\":600,\"height\":600},{\"@type\":\"BreadcrumbList\",\"@id\":\"https:\/\/ledsolintel.com\/product\/aplique-rectangular-e27-negro-ip54\/#breadcrumb\",\"itemListElement\":[{\"@type\":\"ListItem\",\"position\":1,\"name\":\"Portada\",\"item\":\"https:\/\/ledsolintel.com\/fr\/\"},{\"@type\":\"ListItem\",\"position\":2,\"name\":\"Tienda\",\"item\":\"https:\/\/ledsolintel.com\/tienda\/\"},{\"@type\":\"ListItem\",\"position\":3,\"name\":\"Aplique rectangular E27 negro IP54\"}]},{\"@type\":\"WebSite\",\"@id\":\"https:\/\/ledsolintel.com\/#website\",\"url\":\"https:\/\/ledsolintel.com\/\",\"name\":\"Webmenaje\",\"description\":\"Tienda de bombillas y l\u00e1mparas LED para profesionales\",\"publisher\":{\"@id\":\"https:\/\/ledsolintel.com\/#organization\"},\"potentialAction\":[{\"@type\":\"SearchAction\",\"target\":{\"@type\":\"EntryPoint\",\"urlTemplate\":\"https:\/\/ledsolintel.com\/?s={search_term_string}\"},\"query-input\":{\"@type\":\"PropertyValueSpecification\",\"valueRequired\":true,\"valueName\":\"search_term_string\"}}],\"inLanguage\":\"fr-FR\"},{\"@type\":\"Organization\",\"@id\":\"https:\/\/ledsolintel.com\/#organization\",\"name\":\"Solintel Noroeste, S.L.\",\"url\":\"https:\/\/ledsolintel.com\/\",\"logo\":{\"@type\":\"ImageObject\",\"inLanguage\":\"fr-FR\",\"@id\":\"https:\/\/ledsolintel.com\/#\/schema\/logo\/image\/\",\"url\":\"https:\/\/ledsolintel.com\/wp-content\/uploads\/2024\/11\/webmenaje-logo-1508269066.jpg\",\"contentUrl\":\"https:\/\/ledsolintel.com\/wp-content\/uploads\/2024\/11\/webmenaje-logo-1508269066.jpg\",\"width\":370,\"height\":90,\"caption\":\"Solintel Noroeste, S.L.\"},\"image\":{\"@id\":\"https:\/\/ledsolintel.com\/#\/schema\/logo\/image\/\"},\"sameAs\":[\"http:\/\/www.facebook.com\/webmenaje\",\"https:\/\/x.com\/webmenaje\",\"https:\/\/www.youtube.com\/channel\/UCX2KoVoeCG4LocZjUc6LmSQ\",\"http:\/\/www.pinterest.com\/webmenaje\"]}]}<\/script>\n<!-- \/ Yoast SEO plugin. -->","yoast_head_json":{"title":"Aplique rectangular E27 negro IP54 - Ledsolintel","robots":{"index":"index","follow":"follow","max-snippet":"max-snippet:-1","max-image-preview":"max-image-preview:large","max-video-preview":"max-video-preview:-1"},"canonical":"https:\/\/ledsolintel.com\/fr\/produit-2\/aplique-rectangular-e27-negro-ip54\/","og_locale":"fr_FR","og_type":"article","og_title":"Aplique rectangular E27 negro IP54 - Ledsolintel","og_description":"Aplique rectangular de aluminio y policarbonato con base para una bombilla de casquillo E27 con acabado en color negro. Es una iluminaria ideal para instalar en hogares, fachadas, jardines, restaurantes, terrazas etc. Su instalaci\u00f3n puede ser tanto en espacios interiores como exteriores debido a su grado de protecci\u00f3n IP54 (protecci\u00f3n ante el polvo y ante &hellip; Continue reading Aplique rectangular E27 negro IP54","og_url":"https:\/\/ledsolintel.com\/fr\/produit-2\/aplique-rectangular-e27-negro-ip54\/","og_site_name":"Ledsolintel","article_publisher":"http:\/\/www.facebook.com\/webmenaje","article_modified_time":"2025-12-17T11:55:17+00:00","og_image":[{"width":600,"height":600,"url":"https:\/\/ledsolintel.com\/wp-content\/uploads\/2025\/11\/aplique-rectangular-e27-negro-ip54.jpg","type":"image\/jpeg"}],"twitter_card":"summary_large_image","twitter_site":"@webmenaje","twitter_misc":{"Dur\u00e9e de lecture estim\u00e9e":"1 minute"},"schema":{"@context":"https:\/\/schema.org","@graph":[{"@type":"WebPage","@id":"https:\/\/ledsolintel.com\/product\/aplique-rectangular-e27-negro-ip54\/","url":"https:\/\/ledsolintel.com\/product\/aplique-rectangular-e27-negro-ip54\/","name":"Aplique rectangular E27 negro IP54 - Ledsolintel","isPartOf":{"@id":"https:\/\/ledsolintel.com\/#website"},"primaryImageOfPage":{"@id":"https:\/\/ledsolintel.com\/product\/aplique-rectangular-e27-negro-ip54\/#primaryimage"},"image":{"@id":"https:\/\/ledsolintel.com\/product\/aplique-rectangular-e27-negro-ip54\/#primaryimage"},"thumbnailUrl":"https:\/\/ledsolintel.com\/wp-content\/uploads\/2025\/11\/aplique-rectangular-e27-negro-ip54.jpg","datePublished":"2025-11-11T15:40:40+00:00","dateModified":"2025-12-17T11:55:17+00:00","breadcrumb":{"@id":"https:\/\/ledsolintel.com\/product\/aplique-rectangular-e27-negro-ip54\/#breadcrumb"},"inLanguage":"fr-FR","potentialAction":[{"@type":"ReadAction","target":["https:\/\/ledsolintel.com\/product\/aplique-rectangular-e27-negro-ip54\/"]}]},{"@type":"ImageObject","inLanguage":"fr-FR","@id":"https:\/\/ledsolintel.com\/product\/aplique-rectangular-e27-negro-ip54\/#primaryimage","url":"https:\/\/ledsolintel.com\/wp-content\/uploads\/2025\/11\/aplique-rectangular-e27-negro-ip54.jpg","contentUrl":"https:\/\/ledsolintel.com\/wp-content\/uploads\/2025\/11\/aplique-rectangular-e27-negro-ip54.jpg","width":600,"height":600},{"@type":"BreadcrumbList","@id":"https:\/\/ledsolintel.com\/product\/aplique-rectangular-e27-negro-ip54\/#breadcrumb","itemListElement":[{"@type":"ListItem","position":1,"name":"Portada","item":"https:\/\/ledsolintel.com\/fr\/"},{"@type":"ListItem","position":2,"name":"Tienda","item":"https:\/\/ledsolintel.com\/tienda\/"},{"@type":"ListItem","position":3,"name":"Aplique rectangular E27 negro IP54"}]},{"@type":"WebSite","@id":"https:\/\/ledsolintel.com\/#website","url":"https:\/\/ledsolintel.com\/","name":"Webmenaje","description":"Magasin d'ampoules et de lampes LED pour les professionnels","publisher":{"@id":"https:\/\/ledsolintel.com\/#organization"},"potentialAction":[{"@type":"SearchAction","target":{"@type":"EntryPoint","urlTemplate":"https:\/\/ledsolintel.com\/?s={search_term_string}"},"query-input":{"@type":"PropertyValueSpecification","valueRequired":true,"valueName":"search_term_string"}}],"inLanguage":"fr-FR"},{"@type":"Organization","@id":"https:\/\/ledsolintel.com\/#organization","name":"Solintel Noroeste, S.L.","url":"https:\/\/ledsolintel.com\/","logo":{"@type":"ImageObject","inLanguage":"fr-FR","@id":"https:\/\/ledsolintel.com\/#\/schema\/logo\/image\/","url":"https:\/\/ledsolintel.com\/wp-content\/uploads\/2024\/11\/webmenaje-logo-1508269066.jpg","contentUrl":"https:\/\/ledsolintel.com\/wp-content\/uploads\/2024\/11\/webmenaje-logo-1508269066.jpg","width":370,"height":90,"caption":"Solintel Noroeste, S.L."},"image":{"@id":"https:\/\/ledsolintel.com\/#\/schema\/logo\/image\/"},"sameAs":["http:\/\/www.facebook.com\/webmenaje","https:\/\/x.com\/webmenaje","https:\/\/www.youtube.com\/channel\/UCX2KoVoeCG4LocZjUc6LmSQ","http:\/\/www.pinterest.com\/webmenaje"]}]}},"_links":{"self":[{"href":"https:\/\/ledsolintel.com\/fr\/wp-json\/wp\/v2\/product\/267497","targetHints":{"allow":["GET"]}}],"collection":[{"href":"https:\/\/ledsolintel.com\/fr\/wp-json\/wp\/v2\/product"}],"about":[{"href":"https:\/\/ledsolintel.com\/fr\/wp-json\/wp\/v2\/types\/product"}],"version-history":[{"count":1,"href":"https:\/\/ledsolintel.com\/fr\/wp-json\/wp\/v2\/product\/267497\/revisions"}],"predecessor-version":[{"id":267498,"href":"https:\/\/ledsolintel.com\/fr\/wp-json\/wp\/v2\/product\/267497\/revisions\/267498"}],"wp:featuredmedia":[{"embeddable":true,"href":"https:\/\/ledsolintel.com\/fr\/wp-json\/wp\/v2\/media\/260731"}],"wp:attachment":[{"href":"https:\/\/ledsolintel.com\/fr\/wp-json\/wp\/v2\/media?parent=267497"}],"wp:term":[{"taxonomy":"product_brand","embeddable":true,"href":"https:\/\/ledsolintel.com\/fr\/wp-json\/wp\/v2\/product_brand?post=267497"},{"taxonomy":"product_cat","embeddable":true,"href":"https:\/\/ledsolintel.com\/fr\/wp-json\/wp\/v2\/product_cat?post=267497"},{"taxonomy":"product_tag","embeddable":true,"href":"https:\/\/ledsolintel.com\/fr\/wp-json\/wp\/v2\/product_tag?post=267497"}],"curies":[{"name":"wp","href":"https:\/\/api.w.org\/{rel}","templated":true}]}}