{"id":267464,"date":"2025-11-11T16:39:21","date_gmt":"2025-11-11T15:39:21","guid":{"rendered":"https:\/\/nueva.ledsolintel.com\/product\/interruptor-automatico-4p-6ka\/"},"modified":"2026-04-07T10:19:13","modified_gmt":"2026-04-07T08:19:13","slug":"interruptor-automatico-4p-6ka","status":"publish","type":"product","link":"https:\/\/ledsolintel.com\/fr\/produit-2\/interruptor-automatico-4p-6ka\/","title":{"rendered":"Disjoncteur 4P 6kA"},"content":{"rendered":"<p>Disjoncteur magn\u00e9to-thermique quadripolaire, disponible en 10, 16, 20, 25, 32 et 40 amp\u00e8res. Prot\u00e8ge efficacement les circuits \u00e9lectriques contre les surcharges et les courts-circuits.  Id\u00e9al pour la protection des installations \u00e9lectriques en milieu industriel.  Caract\u00e9ristiques techniques :  - Nombre de p\u00f4les : 4P - Pouvoir de coupure : 6 kA - Courbe de d\u00e9clenchement : C - Section maximale du conducteur : 25mm\u00b2 Il est con\u00e7u avec des dimensions de 74 x 78 x 72 mm. Il supporte une tension d'entr\u00e9e de 230-400V et une fr\u00e9quence de fonctionnement de 50 Hz.  Gr\u00e2ce \u00e0 son degr\u00e9 de protection IP20, il est id\u00e9al pour une installation \u00e0 l'int\u00e9rieur (protection contre les particules solides de plus de 12 mm et n'est pas \u00e9tanche).  Il est garanti 3 ans. Il poss\u00e8de \u00e9galement le certificat CE, qui atteste qu'il est conforme aux exigences de l'UE en mati\u00e8re de compatibilit\u00e9 \u00e9lectromagn\u00e9tique et de basse tension. Ce certificat d\u00e9clare la conformit\u00e9 du produit \u00e0 toutes les exigences l\u00e9gales et garantit la validit\u00e9 de la vente du produit dans l'ensemble de l'Espace \u00e9conomique europ\u00e9en.<\/p>","protected":false},"excerpt":{"rendered":"<p>Interruptor autom\u00e1tico magnetot\u00e9rmico de cuatro polos, disponible en 10, 16, 20, 25, 32 y 40 amperios. Protege eficazmente los circuitos el\u00e9ctricos contra sobrecargas y cortocircuitos. Ideal para la protecci\u00f3n de instalaciones el\u00e9ctricas en el \u00e1mbito industrial. Especificaciones t\u00e9cnicas: &#8211; N\u00ba de polos: 4P &#8211; Poder de corte: 6 kA &#8211; Curva de disparo: C &#8211; &hellip; <a href=\"https:\/\/ledsolintel.com\/fr\/produit-2\/interruptor-automatico-4p-6ka\/\" class=\"more-link\">Continue reading <span class=\"screen-reader-text\">Disjoncteur 4P 6kA<\/span><\/a><\/p>","protected":false},"featured_media":260660,"template":"","meta":[],"product_brand":[101370],"product_cat":[101371,99617,15],"product_tag":[],"class_list":{"0":"post-267464","1":"product","2":"type-product","3":"status-publish","4":"has-post-thumbnail","6":"product_brand-masterled","7":"product_cat-masterled","8":"product_cat-material-electrico","9":"product_cat-uncategorized","10":"pa_intensidad-16a","11":"pa_intensidad-20a","12":"pa_intensidad-25a","13":"pa_intensidad-32a","14":"pa_intensidad-40a","17":"instock","18":"taxable","19":"shipping-taxable","20":"purchasable","21":"product-type-variable","22":"has-default-attributes"},"yoast_head":"<!-- This site is optimized with the Yoast SEO plugin v26.6 - https:\/\/yoast.com\/wordpress\/plugins\/seo\/ -->\n<title>Interruptor autom\u00e1tico 4P 6kA - Ledsolintel<\/title>\n<meta name=\"robots\" content=\"index, follow, max-snippet:-1, max-image-preview:large, max-video-preview:-1\" \/>\n<link rel=\"canonical\" href=\"https:\/\/ledsolintel.com\/fr\/produit-2\/interruptor-automatico-4p-6ka\/\" \/>\n<meta property=\"og:locale\" content=\"fr_FR\" \/>\n<meta property=\"og:type\" content=\"article\" \/>\n<meta property=\"og:title\" content=\"Interruptor autom\u00e1tico 4P 6kA - Ledsolintel\" \/>\n<meta property=\"og:description\" content=\"Interruptor autom\u00e1tico magnetot\u00e9rmico de cuatro polos, disponible en 10, 16, 20, 25, 32 y 40 amperios. Protege eficazmente los circuitos el\u00e9ctricos contra sobrecargas y cortocircuitos. Ideal para la protecci\u00f3n de instalaciones el\u00e9ctricas en el \u00e1mbito industrial. Especificaciones t\u00e9cnicas: &#8211; N\u00ba de polos: 4P &#8211; Poder de corte: 6 kA &#8211; Curva de disparo: C &#8211; &hellip; Continue reading Interruptor autom\u00e1tico 4P 6kA\" \/>\n<meta property=\"og:url\" content=\"https:\/\/ledsolintel.com\/fr\/produit-2\/interruptor-automatico-4p-6ka\/\" \/>\n<meta property=\"og:site_name\" content=\"Ledsolintel\" \/>\n<meta property=\"article:publisher\" content=\"http:\/\/www.facebook.com\/webmenaje\" \/>\n<meta property=\"article:modified_time\" content=\"2026-04-07T08:19:13+00:00\" \/>\n<meta property=\"og:image\" content=\"https:\/\/ledsolintel.com\/wp-content\/uploads\/2025\/11\/interruptor-automatico-4p-6ka.jpg\" \/>\n\t<meta property=\"og:image:width\" content=\"600\" \/>\n\t<meta property=\"og:image:height\" content=\"600\" \/>\n\t<meta property=\"og:image:type\" content=\"image\/jpeg\" \/>\n<meta name=\"twitter:card\" content=\"summary_large_image\" \/>\n<meta name=\"twitter:site\" content=\"@webmenaje\" \/>\n<meta name=\"twitter:label1\" content=\"Dur\u00e9e de lecture estim\u00e9e\" \/>\n\t<meta name=\"twitter:data1\" content=\"1 minute\" \/>\n<script type=\"application\/ld+json\" class=\"yoast-schema-graph\">{\"@context\":\"https:\/\/schema.org\",\"@graph\":[{\"@type\":\"WebPage\",\"@id\":\"https:\/\/ledsolintel.com\/product\/interruptor-automatico-4p-6ka\/\",\"url\":\"https:\/\/ledsolintel.com\/product\/interruptor-automatico-4p-6ka\/\",\"name\":\"Interruptor autom\u00e1tico 4P 6kA - Ledsolintel\",\"isPartOf\":{\"@id\":\"https:\/\/ledsolintel.com\/#website\"},\"primaryImageOfPage\":{\"@id\":\"https:\/\/ledsolintel.com\/product\/interruptor-automatico-4p-6ka\/#primaryimage\"},\"image\":{\"@id\":\"https:\/\/ledsolintel.com\/product\/interruptor-automatico-4p-6ka\/#primaryimage\"},\"thumbnailUrl\":\"https:\/\/ledsolintel.com\/wp-content\/uploads\/2025\/11\/interruptor-automatico-4p-6ka.jpg\",\"datePublished\":\"2025-11-11T15:39:21+00:00\",\"dateModified\":\"2026-04-07T08:19:13+00:00\",\"breadcrumb\":{\"@id\":\"https:\/\/ledsolintel.com\/product\/interruptor-automatico-4p-6ka\/#breadcrumb\"},\"inLanguage\":\"fr-FR\",\"potentialAction\":[{\"@type\":\"ReadAction\",\"target\":[\"https:\/\/ledsolintel.com\/product\/interruptor-automatico-4p-6ka\/\"]}]},{\"@type\":\"ImageObject\",\"inLanguage\":\"fr-FR\",\"@id\":\"https:\/\/ledsolintel.com\/product\/interruptor-automatico-4p-6ka\/#primaryimage\",\"url\":\"https:\/\/ledsolintel.com\/wp-content\/uploads\/2025\/11\/interruptor-automatico-4p-6ka.jpg\",\"contentUrl\":\"https:\/\/ledsolintel.com\/wp-content\/uploads\/2025\/11\/interruptor-automatico-4p-6ka.jpg\",\"width\":600,\"height\":600},{\"@type\":\"BreadcrumbList\",\"@id\":\"https:\/\/ledsolintel.com\/product\/interruptor-automatico-4p-6ka\/#breadcrumb\",\"itemListElement\":[{\"@type\":\"ListItem\",\"position\":1,\"name\":\"Portada\",\"item\":\"https:\/\/ledsolintel.com\/fr\/\"},{\"@type\":\"ListItem\",\"position\":2,\"name\":\"Tienda\",\"item\":\"https:\/\/ledsolintel.com\/tienda\/\"},{\"@type\":\"ListItem\",\"position\":3,\"name\":\"Interruptor autom\u00e1tico 4P 6kA\"}]},{\"@type\":\"WebSite\",\"@id\":\"https:\/\/ledsolintel.com\/#website\",\"url\":\"https:\/\/ledsolintel.com\/\",\"name\":\"Webmenaje\",\"description\":\"Tienda de bombillas y l\u00e1mparas LED para profesionales\",\"publisher\":{\"@id\":\"https:\/\/ledsolintel.com\/#organization\"},\"potentialAction\":[{\"@type\":\"SearchAction\",\"target\":{\"@type\":\"EntryPoint\",\"urlTemplate\":\"https:\/\/ledsolintel.com\/?s={search_term_string}\"},\"query-input\":{\"@type\":\"PropertyValueSpecification\",\"valueRequired\":true,\"valueName\":\"search_term_string\"}}],\"inLanguage\":\"fr-FR\"},{\"@type\":\"Organization\",\"@id\":\"https:\/\/ledsolintel.com\/#organization\",\"name\":\"Solintel Noroeste, S.L.\",\"url\":\"https:\/\/ledsolintel.com\/\",\"logo\":{\"@type\":\"ImageObject\",\"inLanguage\":\"fr-FR\",\"@id\":\"https:\/\/ledsolintel.com\/#\/schema\/logo\/image\/\",\"url\":\"https:\/\/ledsolintel.com\/wp-content\/uploads\/2024\/11\/webmenaje-logo-1508269066.jpg\",\"contentUrl\":\"https:\/\/ledsolintel.com\/wp-content\/uploads\/2024\/11\/webmenaje-logo-1508269066.jpg\",\"width\":370,\"height\":90,\"caption\":\"Solintel Noroeste, S.L.\"},\"image\":{\"@id\":\"https:\/\/ledsolintel.com\/#\/schema\/logo\/image\/\"},\"sameAs\":[\"http:\/\/www.facebook.com\/webmenaje\",\"https:\/\/x.com\/webmenaje\",\"https:\/\/www.youtube.com\/channel\/UCX2KoVoeCG4LocZjUc6LmSQ\",\"http:\/\/www.pinterest.com\/webmenaje\"]}]}<\/script>\n<!-- \/ Yoast SEO plugin. -->","yoast_head_json":{"title":"Interruptor autom\u00e1tico 4P 6kA - Ledsolintel","robots":{"index":"index","follow":"follow","max-snippet":"max-snippet:-1","max-image-preview":"max-image-preview:large","max-video-preview":"max-video-preview:-1"},"canonical":"https:\/\/ledsolintel.com\/fr\/produit-2\/interruptor-automatico-4p-6ka\/","og_locale":"fr_FR","og_type":"article","og_title":"Interruptor autom\u00e1tico 4P 6kA - Ledsolintel","og_description":"Interruptor autom\u00e1tico magnetot\u00e9rmico de cuatro polos, disponible en 10, 16, 20, 25, 32 y 40 amperios. Protege eficazmente los circuitos el\u00e9ctricos contra sobrecargas y cortocircuitos. Ideal para la protecci\u00f3n de instalaciones el\u00e9ctricas en el \u00e1mbito industrial. Especificaciones t\u00e9cnicas: &#8211; N\u00ba de polos: 4P &#8211; Poder de corte: 6 kA &#8211; Curva de disparo: C &#8211; &hellip; Continue reading Interruptor autom\u00e1tico 4P 6kA","og_url":"https:\/\/ledsolintel.com\/fr\/produit-2\/interruptor-automatico-4p-6ka\/","og_site_name":"Ledsolintel","article_publisher":"http:\/\/www.facebook.com\/webmenaje","article_modified_time":"2026-04-07T08:19:13+00:00","og_image":[{"width":600,"height":600,"url":"https:\/\/ledsolintel.com\/wp-content\/uploads\/2025\/11\/interruptor-automatico-4p-6ka.jpg","type":"image\/jpeg"}],"twitter_card":"summary_large_image","twitter_site":"@webmenaje","twitter_misc":{"Dur\u00e9e de lecture estim\u00e9e":"1 minute"},"schema":{"@context":"https:\/\/schema.org","@graph":[{"@type":"WebPage","@id":"https:\/\/ledsolintel.com\/product\/interruptor-automatico-4p-6ka\/","url":"https:\/\/ledsolintel.com\/product\/interruptor-automatico-4p-6ka\/","name":"Interruptor autom\u00e1tico 4P 6kA - Ledsolintel","isPartOf":{"@id":"https:\/\/ledsolintel.com\/#website"},"primaryImageOfPage":{"@id":"https:\/\/ledsolintel.com\/product\/interruptor-automatico-4p-6ka\/#primaryimage"},"image":{"@id":"https:\/\/ledsolintel.com\/product\/interruptor-automatico-4p-6ka\/#primaryimage"},"thumbnailUrl":"https:\/\/ledsolintel.com\/wp-content\/uploads\/2025\/11\/interruptor-automatico-4p-6ka.jpg","datePublished":"2025-11-11T15:39:21+00:00","dateModified":"2026-04-07T08:19:13+00:00","breadcrumb":{"@id":"https:\/\/ledsolintel.com\/product\/interruptor-automatico-4p-6ka\/#breadcrumb"},"inLanguage":"fr-FR","potentialAction":[{"@type":"ReadAction","target":["https:\/\/ledsolintel.com\/product\/interruptor-automatico-4p-6ka\/"]}]},{"@type":"ImageObject","inLanguage":"fr-FR","@id":"https:\/\/ledsolintel.com\/product\/interruptor-automatico-4p-6ka\/#primaryimage","url":"https:\/\/ledsolintel.com\/wp-content\/uploads\/2025\/11\/interruptor-automatico-4p-6ka.jpg","contentUrl":"https:\/\/ledsolintel.com\/wp-content\/uploads\/2025\/11\/interruptor-automatico-4p-6ka.jpg","width":600,"height":600},{"@type":"BreadcrumbList","@id":"https:\/\/ledsolintel.com\/product\/interruptor-automatico-4p-6ka\/#breadcrumb","itemListElement":[{"@type":"ListItem","position":1,"name":"Portada","item":"https:\/\/ledsolintel.com\/fr\/"},{"@type":"ListItem","position":2,"name":"Tienda","item":"https:\/\/ledsolintel.com\/tienda\/"},{"@type":"ListItem","position":3,"name":"Interruptor autom\u00e1tico 4P 6kA"}]},{"@type":"WebSite","@id":"https:\/\/ledsolintel.com\/#website","url":"https:\/\/ledsolintel.com\/","name":"Webmenaje","description":"Magasin d'ampoules et de lampes LED pour les professionnels","publisher":{"@id":"https:\/\/ledsolintel.com\/#organization"},"potentialAction":[{"@type":"SearchAction","target":{"@type":"EntryPoint","urlTemplate":"https:\/\/ledsolintel.com\/?s={search_term_string}"},"query-input":{"@type":"PropertyValueSpecification","valueRequired":true,"valueName":"search_term_string"}}],"inLanguage":"fr-FR"},{"@type":"Organization","@id":"https:\/\/ledsolintel.com\/#organization","name":"Solintel Noroeste, S.L.","url":"https:\/\/ledsolintel.com\/","logo":{"@type":"ImageObject","inLanguage":"fr-FR","@id":"https:\/\/ledsolintel.com\/#\/schema\/logo\/image\/","url":"https:\/\/ledsolintel.com\/wp-content\/uploads\/2024\/11\/webmenaje-logo-1508269066.jpg","contentUrl":"https:\/\/ledsolintel.com\/wp-content\/uploads\/2024\/11\/webmenaje-logo-1508269066.jpg","width":370,"height":90,"caption":"Solintel Noroeste, S.L."},"image":{"@id":"https:\/\/ledsolintel.com\/#\/schema\/logo\/image\/"},"sameAs":["http:\/\/www.facebook.com\/webmenaje","https:\/\/x.com\/webmenaje","https:\/\/www.youtube.com\/channel\/UCX2KoVoeCG4LocZjUc6LmSQ","http:\/\/www.pinterest.com\/webmenaje"]}]}},"_links":{"self":[{"href":"https:\/\/ledsolintel.com\/fr\/wp-json\/wp\/v2\/product\/267464","targetHints":{"allow":["GET"]}}],"collection":[{"href":"https:\/\/ledsolintel.com\/fr\/wp-json\/wp\/v2\/product"}],"about":[{"href":"https:\/\/ledsolintel.com\/fr\/wp-json\/wp\/v2\/types\/product"}],"version-history":[{"count":1,"href":"https:\/\/ledsolintel.com\/fr\/wp-json\/wp\/v2\/product\/267464\/revisions"}],"predecessor-version":[{"id":267465,"href":"https:\/\/ledsolintel.com\/fr\/wp-json\/wp\/v2\/product\/267464\/revisions\/267465"}],"wp:featuredmedia":[{"embeddable":true,"href":"https:\/\/ledsolintel.com\/fr\/wp-json\/wp\/v2\/media\/260660"}],"wp:attachment":[{"href":"https:\/\/ledsolintel.com\/fr\/wp-json\/wp\/v2\/media?parent=267464"}],"wp:term":[{"taxonomy":"product_brand","embeddable":true,"href":"https:\/\/ledsolintel.com\/fr\/wp-json\/wp\/v2\/product_brand?post=267464"},{"taxonomy":"product_cat","embeddable":true,"href":"https:\/\/ledsolintel.com\/fr\/wp-json\/wp\/v2\/product_cat?post=267464"},{"taxonomy":"product_tag","embeddable":true,"href":"https:\/\/ledsolintel.com\/fr\/wp-json\/wp\/v2\/product_tag?post=267464"}],"curies":[{"name":"wp","href":"https:\/\/api.w.org\/{rel}","templated":true}]}}