{"id":267429,"date":"2025-11-11T16:38:32","date_gmt":"2025-11-11T15:38:32","guid":{"rendered":"https:\/\/nueva.ledsolintel.com\/product\/rotativo-led-base-din-12-24v\/"},"modified":"2025-12-17T13:01:28","modified_gmt":"2025-12-17T12:01:28","slug":"base-led-rotative-din-12-24v","status":"publish","type":"product","link":"https:\/\/ledsolintel.com\/fr\/produit-2\/base-led-rotative-din-12-24v\/","title":{"rendered":"Interrupteur rotatif \u00e0 LED Base DIN 12\/24V"},"content":{"rendered":"<p>LED rotative de couleur ambre, d'une puissance de 10W. Sa base tubulaire lui permet d'\u00eatre plac\u00e9e sur un support DIN, admettant une alimentation de 12 ou 24 volts.  Il dispose de 3 modes de fonctionnement s\u00e9lectionnables : rotatif, flash et flash multiple. Il est id\u00e9al pour les v\u00e9hicules d'urgence, les machines agricoles, les machines lourdes, etc.  Il a un rendement \u00e9lev\u00e9 en consommant 10W gr\u00e2ce aux LED SMD 5730 40 qu'il int\u00e8gre. L'\u00e9clairage qu'il fournit repr\u00e9sente une valeur de consommation de 10kWh\/1000h, ce qui signifie une r\u00e9duction de la quantit\u00e9 d'\u00e9nergie factur\u00e9e et des \u00e9missions de gaz polluants dans l'atmosph\u00e8re. Il supporte une tension d'entr\u00e9e de 12-24V.  Il est con\u00e7u pour \u00eatre install\u00e9 \u00e0 l'int\u00e9rieur et \u00e0 l'ext\u00e9rieur gr\u00e2ce \u00e0 son degr\u00e9 de protection IP65 (protection totale contre la poussi\u00e8re et les jets d'eau).  Il est conforme aux normes CE et ECE R10.  Il est garanti 3 ans. Il poss\u00e8de \u00e9galement le certificat CE, qui atteste qu'il est conforme aux exigences de l'UE en mati\u00e8re de compatibilit\u00e9 \u00e9lectromagn\u00e9tique et de r\u00e9glementation sur la basse tension. Ce certificat d\u00e9clare la conformit\u00e9 du produit \u00e0 toutes les exigences l\u00e9gales et garantit la validit\u00e9 de la vente du produit dans l'Espace \u00e9conomique europ\u00e9en.<\/p>","protected":false},"excerpt":{"rendered":"<p>Rotativo LED color \u00e1mbar, con 10W de potencia. Su base tubular permite la colocaci\u00f3n en soporte DIN, admitiendo alimentaci\u00f3n a 12 \u00f3 24 voltios. Dispone de 3 modos de funcionamiento seleccionables: rotativo, flash y flash m\u00faltiple. Es ideal para su utilizaci\u00f3n en veh\u00edculos de emergencias, m\u00e1quinas agr\u00edcolas, maquinaria pesada, etc. Cuenta con una alta eficacia &hellip; <a href=\"https:\/\/ledsolintel.com\/fr\/produit-2\/base-led-rotative-din-12-24v\/\" class=\"more-link\">Continue reading <span class=\"screen-reader-text\">Interrupteur rotatif \u00e0 LED Base DIN 12\/24V<\/span><\/a><\/p>","protected":false},"featured_media":260592,"template":"","meta":[],"product_brand":[101370],"product_cat":[15,101371],"product_tag":[],"class_list":{"0":"post-267429","1":"product","2":"type-product","3":"status-publish","4":"has-post-thumbnail","6":"product_brand-masterled","7":"product_cat-uncategorized","8":"product_cat-masterled","9":"pa_temperatura-color-luz-naranja","12":"instock","13":"purchasable","14":"product-type-simple"},"yoast_head":"<!-- This site is optimized with the Yoast SEO plugin v26.6 - https:\/\/yoast.com\/wordpress\/plugins\/seo\/ -->\n<title>Rotativo LED base DIN 12\/24V - Ledsolintel<\/title>\n<meta name=\"robots\" content=\"index, follow, max-snippet:-1, max-image-preview:large, max-video-preview:-1\" \/>\n<link rel=\"canonical\" href=\"https:\/\/ledsolintel.com\/fr\/produit-2\/base-led-rotative-din-12-24v\/\" \/>\n<meta property=\"og:locale\" content=\"fr_FR\" \/>\n<meta property=\"og:type\" content=\"article\" \/>\n<meta property=\"og:title\" content=\"Rotativo LED base DIN 12\/24V - Ledsolintel\" \/>\n<meta property=\"og:description\" content=\"Rotativo LED color \u00e1mbar, con 10W de potencia. Su base tubular permite la colocaci\u00f3n en soporte DIN, admitiendo alimentaci\u00f3n a 12 \u00f3 24 voltios. Dispone de 3 modos de funcionamiento seleccionables: rotativo, flash y flash m\u00faltiple. Es ideal para su utilizaci\u00f3n en veh\u00edculos de emergencias, m\u00e1quinas agr\u00edcolas, maquinaria pesada, etc. Cuenta con una alta eficacia &hellip; Continue reading Rotativo LED base DIN 12\/24V\" \/>\n<meta property=\"og:url\" content=\"https:\/\/ledsolintel.com\/fr\/produit-2\/base-led-rotative-din-12-24v\/\" \/>\n<meta property=\"og:site_name\" content=\"Ledsolintel\" \/>\n<meta property=\"article:publisher\" content=\"http:\/\/www.facebook.com\/webmenaje\" \/>\n<meta property=\"article:modified_time\" content=\"2025-12-17T12:01:28+00:00\" \/>\n<meta property=\"og:image\" content=\"https:\/\/ledsolintel.com\/wp-content\/uploads\/2025\/11\/luz-rotativa-led-12v-base-tubular.jpg\" \/>\n\t<meta property=\"og:image:width\" content=\"600\" \/>\n\t<meta property=\"og:image:height\" content=\"600\" \/>\n\t<meta property=\"og:image:type\" content=\"image\/jpeg\" \/>\n<meta name=\"twitter:card\" content=\"summary_large_image\" \/>\n<meta name=\"twitter:site\" content=\"@webmenaje\" \/>\n<meta name=\"twitter:label1\" content=\"Dur\u00e9e de lecture estim\u00e9e\" \/>\n\t<meta name=\"twitter:data1\" content=\"1 minute\" \/>\n<script type=\"application\/ld+json\" class=\"yoast-schema-graph\">{\"@context\":\"https:\/\/schema.org\",\"@graph\":[{\"@type\":\"WebPage\",\"@id\":\"https:\/\/ledsolintel.com\/product\/rotativo-led-base-din-12-24v\/\",\"url\":\"https:\/\/ledsolintel.com\/product\/rotativo-led-base-din-12-24v\/\",\"name\":\"Rotativo LED base DIN 12\/24V - Ledsolintel\",\"isPartOf\":{\"@id\":\"https:\/\/ledsolintel.com\/#website\"},\"primaryImageOfPage\":{\"@id\":\"https:\/\/ledsolintel.com\/product\/rotativo-led-base-din-12-24v\/#primaryimage\"},\"image\":{\"@id\":\"https:\/\/ledsolintel.com\/product\/rotativo-led-base-din-12-24v\/#primaryimage\"},\"thumbnailUrl\":\"https:\/\/ledsolintel.com\/wp-content\/uploads\/2025\/11\/luz-rotativa-led-12v-base-tubular.jpg\",\"datePublished\":\"2025-11-11T15:38:32+00:00\",\"dateModified\":\"2025-12-17T12:01:28+00:00\",\"breadcrumb\":{\"@id\":\"https:\/\/ledsolintel.com\/product\/rotativo-led-base-din-12-24v\/#breadcrumb\"},\"inLanguage\":\"fr-FR\",\"potentialAction\":[{\"@type\":\"ReadAction\",\"target\":[\"https:\/\/ledsolintel.com\/product\/rotativo-led-base-din-12-24v\/\"]}]},{\"@type\":\"ImageObject\",\"inLanguage\":\"fr-FR\",\"@id\":\"https:\/\/ledsolintel.com\/product\/rotativo-led-base-din-12-24v\/#primaryimage\",\"url\":\"https:\/\/ledsolintel.com\/wp-content\/uploads\/2025\/11\/luz-rotativa-led-12v-base-tubular.jpg\",\"contentUrl\":\"https:\/\/ledsolintel.com\/wp-content\/uploads\/2025\/11\/luz-rotativa-led-12v-base-tubular.jpg\",\"width\":600,\"height\":600},{\"@type\":\"BreadcrumbList\",\"@id\":\"https:\/\/ledsolintel.com\/product\/rotativo-led-base-din-12-24v\/#breadcrumb\",\"itemListElement\":[{\"@type\":\"ListItem\",\"position\":1,\"name\":\"Portada\",\"item\":\"https:\/\/ledsolintel.com\/fr\/\"},{\"@type\":\"ListItem\",\"position\":2,\"name\":\"Tienda\",\"item\":\"https:\/\/ledsolintel.com\/tienda\/\"},{\"@type\":\"ListItem\",\"position\":3,\"name\":\"Rotativo LED base DIN 12\/24V\"}]},{\"@type\":\"WebSite\",\"@id\":\"https:\/\/ledsolintel.com\/#website\",\"url\":\"https:\/\/ledsolintel.com\/\",\"name\":\"Webmenaje\",\"description\":\"Tienda de bombillas y l\u00e1mparas LED para profesionales\",\"publisher\":{\"@id\":\"https:\/\/ledsolintel.com\/#organization\"},\"potentialAction\":[{\"@type\":\"SearchAction\",\"target\":{\"@type\":\"EntryPoint\",\"urlTemplate\":\"https:\/\/ledsolintel.com\/?s={search_term_string}\"},\"query-input\":{\"@type\":\"PropertyValueSpecification\",\"valueRequired\":true,\"valueName\":\"search_term_string\"}}],\"inLanguage\":\"fr-FR\"},{\"@type\":\"Organization\",\"@id\":\"https:\/\/ledsolintel.com\/#organization\",\"name\":\"Solintel Noroeste, S.L.\",\"url\":\"https:\/\/ledsolintel.com\/\",\"logo\":{\"@type\":\"ImageObject\",\"inLanguage\":\"fr-FR\",\"@id\":\"https:\/\/ledsolintel.com\/#\/schema\/logo\/image\/\",\"url\":\"https:\/\/ledsolintel.com\/wp-content\/uploads\/2024\/11\/webmenaje-logo-1508269066.jpg\",\"contentUrl\":\"https:\/\/ledsolintel.com\/wp-content\/uploads\/2024\/11\/webmenaje-logo-1508269066.jpg\",\"width\":370,\"height\":90,\"caption\":\"Solintel Noroeste, S.L.\"},\"image\":{\"@id\":\"https:\/\/ledsolintel.com\/#\/schema\/logo\/image\/\"},\"sameAs\":[\"http:\/\/www.facebook.com\/webmenaje\",\"https:\/\/x.com\/webmenaje\",\"https:\/\/www.youtube.com\/channel\/UCX2KoVoeCG4LocZjUc6LmSQ\",\"http:\/\/www.pinterest.com\/webmenaje\"]}]}<\/script>\n<!-- \/ Yoast SEO plugin. -->","yoast_head_json":{"title":"Base rotative \u00e0 LED DIN 12\/24V - Ledsolintel","robots":{"index":"index","follow":"follow","max-snippet":"max-snippet:-1","max-image-preview":"max-image-preview:large","max-video-preview":"max-video-preview:-1"},"canonical":"https:\/\/ledsolintel.com\/fr\/produit-2\/base-led-rotative-din-12-24v\/","og_locale":"fr_FR","og_type":"article","og_title":"Rotativo LED base DIN 12\/24V - Ledsolintel","og_description":"Rotativo LED color \u00e1mbar, con 10W de potencia. Su base tubular permite la colocaci\u00f3n en soporte DIN, admitiendo alimentaci\u00f3n a 12 \u00f3 24 voltios. Dispone de 3 modos de funcionamiento seleccionables: rotativo, flash y flash m\u00faltiple. Es ideal para su utilizaci\u00f3n en veh\u00edculos de emergencias, m\u00e1quinas agr\u00edcolas, maquinaria pesada, etc. Cuenta con una alta eficacia &hellip; Continue reading Rotativo LED base DIN 12\/24V","og_url":"https:\/\/ledsolintel.com\/fr\/produit-2\/base-led-rotative-din-12-24v\/","og_site_name":"Ledsolintel","article_publisher":"http:\/\/www.facebook.com\/webmenaje","article_modified_time":"2025-12-17T12:01:28+00:00","og_image":[{"width":600,"height":600,"url":"https:\/\/ledsolintel.com\/wp-content\/uploads\/2025\/11\/luz-rotativa-led-12v-base-tubular.jpg","type":"image\/jpeg"}],"twitter_card":"summary_large_image","twitter_site":"@webmenaje","twitter_misc":{"Dur\u00e9e de lecture estim\u00e9e":"1 minute"},"schema":{"@context":"https:\/\/schema.org","@graph":[{"@type":"WebPage","@id":"https:\/\/ledsolintel.com\/product\/rotativo-led-base-din-12-24v\/","url":"https:\/\/ledsolintel.com\/product\/rotativo-led-base-din-12-24v\/","name":"Base rotative \u00e0 LED DIN 12\/24V - Ledsolintel","isPartOf":{"@id":"https:\/\/ledsolintel.com\/#website"},"primaryImageOfPage":{"@id":"https:\/\/ledsolintel.com\/product\/rotativo-led-base-din-12-24v\/#primaryimage"},"image":{"@id":"https:\/\/ledsolintel.com\/product\/rotativo-led-base-din-12-24v\/#primaryimage"},"thumbnailUrl":"https:\/\/ledsolintel.com\/wp-content\/uploads\/2025\/11\/luz-rotativa-led-12v-base-tubular.jpg","datePublished":"2025-11-11T15:38:32+00:00","dateModified":"2025-12-17T12:01:28+00:00","breadcrumb":{"@id":"https:\/\/ledsolintel.com\/product\/rotativo-led-base-din-12-24v\/#breadcrumb"},"inLanguage":"fr-FR","potentialAction":[{"@type":"ReadAction","target":["https:\/\/ledsolintel.com\/product\/rotativo-led-base-din-12-24v\/"]}]},{"@type":"ImageObject","inLanguage":"fr-FR","@id":"https:\/\/ledsolintel.com\/product\/rotativo-led-base-din-12-24v\/#primaryimage","url":"https:\/\/ledsolintel.com\/wp-content\/uploads\/2025\/11\/luz-rotativa-led-12v-base-tubular.jpg","contentUrl":"https:\/\/ledsolintel.com\/wp-content\/uploads\/2025\/11\/luz-rotativa-led-12v-base-tubular.jpg","width":600,"height":600},{"@type":"BreadcrumbList","@id":"https:\/\/ledsolintel.com\/product\/rotativo-led-base-din-12-24v\/#breadcrumb","itemListElement":[{"@type":"ListItem","position":1,"name":"Portada","item":"https:\/\/ledsolintel.com\/fr\/"},{"@type":"ListItem","position":2,"name":"Tienda","item":"https:\/\/ledsolintel.com\/tienda\/"},{"@type":"ListItem","position":3,"name":"Rotativo LED base DIN 12\/24V"}]},{"@type":"WebSite","@id":"https:\/\/ledsolintel.com\/#website","url":"https:\/\/ledsolintel.com\/","name":"Webmenaje","description":"Magasin d'ampoules et de lampes LED pour les professionnels","publisher":{"@id":"https:\/\/ledsolintel.com\/#organization"},"potentialAction":[{"@type":"SearchAction","target":{"@type":"EntryPoint","urlTemplate":"https:\/\/ledsolintel.com\/?s={search_term_string}"},"query-input":{"@type":"PropertyValueSpecification","valueRequired":true,"valueName":"search_term_string"}}],"inLanguage":"fr-FR"},{"@type":"Organization","@id":"https:\/\/ledsolintel.com\/#organization","name":"Solintel Noroeste, S.L.","url":"https:\/\/ledsolintel.com\/","logo":{"@type":"ImageObject","inLanguage":"fr-FR","@id":"https:\/\/ledsolintel.com\/#\/schema\/logo\/image\/","url":"https:\/\/ledsolintel.com\/wp-content\/uploads\/2024\/11\/webmenaje-logo-1508269066.jpg","contentUrl":"https:\/\/ledsolintel.com\/wp-content\/uploads\/2024\/11\/webmenaje-logo-1508269066.jpg","width":370,"height":90,"caption":"Solintel Noroeste, S.L."},"image":{"@id":"https:\/\/ledsolintel.com\/#\/schema\/logo\/image\/"},"sameAs":["http:\/\/www.facebook.com\/webmenaje","https:\/\/x.com\/webmenaje","https:\/\/www.youtube.com\/channel\/UCX2KoVoeCG4LocZjUc6LmSQ","http:\/\/www.pinterest.com\/webmenaje"]}]}},"_links":{"self":[{"href":"https:\/\/ledsolintel.com\/fr\/wp-json\/wp\/v2\/product\/267429","targetHints":{"allow":["GET"]}}],"collection":[{"href":"https:\/\/ledsolintel.com\/fr\/wp-json\/wp\/v2\/product"}],"about":[{"href":"https:\/\/ledsolintel.com\/fr\/wp-json\/wp\/v2\/types\/product"}],"version-history":[{"count":1,"href":"https:\/\/ledsolintel.com\/fr\/wp-json\/wp\/v2\/product\/267429\/revisions"}],"predecessor-version":[{"id":267430,"href":"https:\/\/ledsolintel.com\/fr\/wp-json\/wp\/v2\/product\/267429\/revisions\/267430"}],"wp:featuredmedia":[{"embeddable":true,"href":"https:\/\/ledsolintel.com\/fr\/wp-json\/wp\/v2\/media\/260592"}],"wp:attachment":[{"href":"https:\/\/ledsolintel.com\/fr\/wp-json\/wp\/v2\/media?parent=267429"}],"wp:term":[{"taxonomy":"product_brand","embeddable":true,"href":"https:\/\/ledsolintel.com\/fr\/wp-json\/wp\/v2\/product_brand?post=267429"},{"taxonomy":"product_cat","embeddable":true,"href":"https:\/\/ledsolintel.com\/fr\/wp-json\/wp\/v2\/product_cat?post=267429"},{"taxonomy":"product_tag","embeddable":true,"href":"https:\/\/ledsolintel.com\/fr\/wp-json\/wp\/v2\/product_tag?post=267429"}],"curies":[{"name":"wp","href":"https:\/\/api.w.org\/{rel}","templated":true}]}}