{"id":267421,"date":"2025-11-11T16:38:22","date_gmt":"2025-11-11T15:38:22","guid":{"rendered":"https:\/\/nueva.ledsolintel.com\/product\/rotativo-led-base-magnetica-12-24v\/"},"modified":"2026-04-07T10:19:13","modified_gmt":"2026-04-07T08:19:13","slug":"rotativo-led-base-magnetica-12-24v","status":"publish","type":"product","link":"https:\/\/ledsolintel.com\/fr\/produit-2\/rotativo-led-base-magnetica-12-24v\/","title":{"rendered":"Base magn\u00e9tique rotative LED 12\/24V"},"content":{"rendered":"<p>Rotativo LED color \u00e1mbar, con 12W de potencia. Su base imantada permite la colocaci\u00f3n tanto en superficies ferromagn\u00e9ticas como la fijaci\u00f3n mediante taladros. Incorpora adaptador de mechero para su alimentaci\u00f3n a 12 \u00f3 24 voltios. Dispone de 3 modos de funcionamiento seleccionables: rotativo, flash y flash m\u00faltiple. Es ideal para su utilizaci\u00f3n en veh\u00edculos de emergencias, m\u00e1quinas agr\u00edcolas, maquinaria pesada, etc.  Cuenta con una alta eficacia al consumir 12W mediante el LED SMD 5730 60leds que integra. La iluminaci\u00f3n que aporta representa un consumo por valor de 12kWh\/1000h, lo que supone una reducci\u00f3n de la cantidad de energ\u00eda facturada y de emisiones de gases contaminantes a la atm\u00f3sfera. Soporta un voltaje de entrada de 12-24V.  Est\u00e1 dise\u00f1ado para ser instalado en interior y exterior debido a su grado de protecci\u00f3n IP65 (protecci\u00f3n total frente al polvo y ante chorros de agua).  Cumple con la normativa CE y ECE R10.  Dispone de una garant\u00eda de 3 a\u00f1os. Cuenta tambi\u00e9n con el certificado CE, que acredita que se cumple con los requisitos de la UE respecto a compatibilidad electromagn\u00e9tica y normativa de baja tensi\u00f3n. Con este certificado se declara la conformidad de dicho producto con todos los requisitos legales exigidos, y asegura la validez del producto para ser vendido en todo el Espacio Econ\u00f3mico Europeo.<\/p>","protected":false},"excerpt":{"rendered":"<p>Rotativo LED color \u00e1mbar, con 12W de potencia. Su base imantada permite la colocaci\u00f3n tanto en superficies ferromagn\u00e9ticas como la fijaci\u00f3n mediante taladros. Incorpora adaptador de mechero para su alimentaci\u00f3n a 12 \u00f3 24 voltios. Dispone de 3 modos de funcionamiento seleccionables: rotativo, flash y flash m\u00faltiple. Es ideal para su utilizaci\u00f3n en veh\u00edculos de &hellip; <a href=\"https:\/\/ledsolintel.com\/fr\/produit-2\/rotativo-led-base-magnetica-12-24v\/\" class=\"more-link\">Continue reading <span class=\"screen-reader-text\">Base magn\u00e9tique rotative LED 12\/24V<\/span><\/a><\/p>","protected":false},"featured_media":260577,"template":"","meta":[],"product_brand":[101370],"product_cat":[101371,15],"product_tag":[],"class_list":{"0":"post-267421","1":"product","2":"type-product","3":"status-publish","4":"has-post-thumbnail","6":"product_brand-masterled","7":"product_cat-masterled","8":"product_cat-uncategorized","9":"pa_temperatura-color-luz-naranja","12":"instock","13":"taxable","14":"shipping-taxable","15":"purchasable","16":"product-type-simple"},"yoast_head":"<!-- This site is optimized with the Yoast SEO plugin v27.4 - https:\/\/yoast.com\/product\/yoast-seo-wordpress\/ -->\n<title>Rotativo LED base magn\u00e9tica 12\/24V - Ledsolintel<\/title>\n<meta name=\"robots\" content=\"index, follow, max-snippet:-1, max-image-preview:large, max-video-preview:-1\" \/>\n<link rel=\"canonical\" href=\"https:\/\/ledsolintel.com\/fr\/produit-2\/rotativo-led-base-magnetica-12-24v\/\" \/>\n<meta property=\"og:locale\" content=\"fr_FR\" \/>\n<meta property=\"og:type\" content=\"article\" \/>\n<meta property=\"og:title\" content=\"Rotativo LED base magn\u00e9tica 12\/24V - Ledsolintel\" \/>\n<meta property=\"og:description\" content=\"Rotativo LED color \u00e1mbar, con 12W de potencia. Su base imantada permite la colocaci\u00f3n tanto en superficies ferromagn\u00e9ticas como la fijaci\u00f3n mediante taladros. Incorpora adaptador de mechero para su alimentaci\u00f3n a 12 \u00f3 24 voltios. Dispone de 3 modos de funcionamiento seleccionables: rotativo, flash y flash m\u00faltiple. Es ideal para su utilizaci\u00f3n en veh\u00edculos de &hellip; Continue reading Rotativo LED base magn\u00e9tica 12\/24V\" \/>\n<meta property=\"og:url\" content=\"https:\/\/ledsolintel.com\/fr\/produit-2\/rotativo-led-base-magnetica-12-24v\/\" \/>\n<meta property=\"og:site_name\" content=\"Ledsolintel\" \/>\n<meta property=\"article:publisher\" content=\"http:\/\/www.facebook.com\/webmenaje\" \/>\n<meta property=\"article:modified_time\" content=\"2026-04-07T08:19:13+00:00\" \/>\n<meta property=\"og:image\" content=\"https:\/\/ledsolintel.com\/wp-content\/uploads\/2025\/11\/rotativo-led-base-magnetica-1224v.jpg\" \/>\n\t<meta property=\"og:image:width\" content=\"600\" \/>\n\t<meta property=\"og:image:height\" content=\"600\" \/>\n\t<meta property=\"og:image:type\" content=\"image\/jpeg\" \/>\n<meta name=\"twitter:card\" content=\"summary_large_image\" \/>\n<meta name=\"twitter:site\" content=\"@webmenaje\" \/>\n<meta name=\"twitter:label1\" content=\"Dur\u00e9e de lecture estim\u00e9e\" \/>\n\t<meta name=\"twitter:data1\" content=\"1 minute\" \/>\n<script type=\"application\/ld+json\" class=\"yoast-schema-graph\">{\"@context\":\"https:\\\/\\\/schema.org\",\"@graph\":[{\"@type\":\"WebPage\",\"@id\":\"https:\\\/\\\/ledsolintel.com\\\/product\\\/rotativo-led-base-magnetica-12-24v\\\/\",\"url\":\"https:\\\/\\\/ledsolintel.com\\\/product\\\/rotativo-led-base-magnetica-12-24v\\\/\",\"name\":\"Rotativo LED base magn\u00e9tica 12\\\/24V - Ledsolintel\",\"isPartOf\":{\"@id\":\"https:\\\/\\\/ledsolintel.com\\\/#website\"},\"primaryImageOfPage\":{\"@id\":\"https:\\\/\\\/ledsolintel.com\\\/product\\\/rotativo-led-base-magnetica-12-24v\\\/#primaryimage\"},\"image\":{\"@id\":\"https:\\\/\\\/ledsolintel.com\\\/product\\\/rotativo-led-base-magnetica-12-24v\\\/#primaryimage\"},\"thumbnailUrl\":\"https:\\\/\\\/ledsolintel.com\\\/wp-content\\\/uploads\\\/2025\\\/11\\\/rotativo-led-base-magnetica-1224v.jpg\",\"datePublished\":\"2025-11-11T15:38:22+00:00\",\"dateModified\":\"2026-04-07T08:19:13+00:00\",\"breadcrumb\":{\"@id\":\"https:\\\/\\\/ledsolintel.com\\\/product\\\/rotativo-led-base-magnetica-12-24v\\\/#breadcrumb\"},\"inLanguage\":\"fr-FR\",\"potentialAction\":[{\"@type\":\"ReadAction\",\"target\":[\"https:\\\/\\\/ledsolintel.com\\\/product\\\/rotativo-led-base-magnetica-12-24v\\\/\"]}]},{\"@type\":\"ImageObject\",\"inLanguage\":\"fr-FR\",\"@id\":\"https:\\\/\\\/ledsolintel.com\\\/product\\\/rotativo-led-base-magnetica-12-24v\\\/#primaryimage\",\"url\":\"https:\\\/\\\/ledsolintel.com\\\/wp-content\\\/uploads\\\/2025\\\/11\\\/rotativo-led-base-magnetica-1224v.jpg\",\"contentUrl\":\"https:\\\/\\\/ledsolintel.com\\\/wp-content\\\/uploads\\\/2025\\\/11\\\/rotativo-led-base-magnetica-1224v.jpg\",\"width\":600,\"height\":600},{\"@type\":\"BreadcrumbList\",\"@id\":\"https:\\\/\\\/ledsolintel.com\\\/product\\\/rotativo-led-base-magnetica-12-24v\\\/#breadcrumb\",\"itemListElement\":[{\"@type\":\"ListItem\",\"position\":1,\"name\":\"Portada\",\"item\":\"https:\\\/\\\/ledsolintel.com\\\/fr\\\/\"},{\"@type\":\"ListItem\",\"position\":2,\"name\":\"Tienda\",\"item\":\"https:\\\/\\\/ledsolintel.com\\\/tienda\\\/\"},{\"@type\":\"ListItem\",\"position\":3,\"name\":\"Rotativo LED base magn\u00e9tica 12\\\/24V\"}]},{\"@type\":\"WebSite\",\"@id\":\"https:\\\/\\\/ledsolintel.com\\\/#website\",\"url\":\"https:\\\/\\\/ledsolintel.com\\\/\",\"name\":\"Webmenaje\",\"description\":\"Tienda de bombillas y l\u00e1mparas LED para profesionales\",\"publisher\":{\"@id\":\"https:\\\/\\\/ledsolintel.com\\\/#organization\"},\"potentialAction\":[{\"@type\":\"SearchAction\",\"target\":{\"@type\":\"EntryPoint\",\"urlTemplate\":\"https:\\\/\\\/ledsolintel.com\\\/?s={search_term_string}\"},\"query-input\":{\"@type\":\"PropertyValueSpecification\",\"valueRequired\":true,\"valueName\":\"search_term_string\"}}],\"inLanguage\":\"fr-FR\"},{\"@type\":\"Organization\",\"@id\":\"https:\\\/\\\/ledsolintel.com\\\/#organization\",\"name\":\"Solintel Noroeste, S.L.\",\"url\":\"https:\\\/\\\/ledsolintel.com\\\/\",\"logo\":{\"@type\":\"ImageObject\",\"inLanguage\":\"fr-FR\",\"@id\":\"https:\\\/\\\/ledsolintel.com\\\/#\\\/schema\\\/logo\\\/image\\\/\",\"url\":\"https:\\\/\\\/ledsolintel.com\\\/wp-content\\\/uploads\\\/2024\\\/11\\\/webmenaje-logo-1508269066.jpg\",\"contentUrl\":\"https:\\\/\\\/ledsolintel.com\\\/wp-content\\\/uploads\\\/2024\\\/11\\\/webmenaje-logo-1508269066.jpg\",\"width\":370,\"height\":90,\"caption\":\"Solintel Noroeste, S.L.\"},\"image\":{\"@id\":\"https:\\\/\\\/ledsolintel.com\\\/#\\\/schema\\\/logo\\\/image\\\/\"},\"sameAs\":[\"http:\\\/\\\/www.facebook.com\\\/webmenaje\",\"https:\\\/\\\/x.com\\\/webmenaje\",\"https:\\\/\\\/www.youtube.com\\\/channel\\\/UCX2KoVoeCG4LocZjUc6LmSQ\",\"http:\\\/\\\/www.pinterest.com\\\/webmenaje\"]}]}<\/script>\n<!-- \/ Yoast SEO plugin. -->","yoast_head_json":{"title":"Rotativo LED base magn\u00e9tica 12\/24V - Ledsolintel","robots":{"index":"index","follow":"follow","max-snippet":"max-snippet:-1","max-image-preview":"max-image-preview:large","max-video-preview":"max-video-preview:-1"},"canonical":"https:\/\/ledsolintel.com\/fr\/produit-2\/rotativo-led-base-magnetica-12-24v\/","og_locale":"fr_FR","og_type":"article","og_title":"Rotativo LED base magn\u00e9tica 12\/24V - Ledsolintel","og_description":"Rotativo LED color \u00e1mbar, con 12W de potencia. Su base imantada permite la colocaci\u00f3n tanto en superficies ferromagn\u00e9ticas como la fijaci\u00f3n mediante taladros. Incorpora adaptador de mechero para su alimentaci\u00f3n a 12 \u00f3 24 voltios. Dispone de 3 modos de funcionamiento seleccionables: rotativo, flash y flash m\u00faltiple. Es ideal para su utilizaci\u00f3n en veh\u00edculos de &hellip; Continue reading Rotativo LED base magn\u00e9tica 12\/24V","og_url":"https:\/\/ledsolintel.com\/fr\/produit-2\/rotativo-led-base-magnetica-12-24v\/","og_site_name":"Ledsolintel","article_publisher":"http:\/\/www.facebook.com\/webmenaje","article_modified_time":"2026-04-07T08:19:13+00:00","og_image":[{"width":600,"height":600,"url":"https:\/\/ledsolintel.com\/wp-content\/uploads\/2025\/11\/rotativo-led-base-magnetica-1224v.jpg","type":"image\/jpeg"}],"twitter_card":"summary_large_image","twitter_site":"@webmenaje","twitter_misc":{"Dur\u00e9e de lecture estim\u00e9e":"1 minute"},"schema":{"@context":"https:\/\/schema.org","@graph":[{"@type":"WebPage","@id":"https:\/\/ledsolintel.com\/product\/rotativo-led-base-magnetica-12-24v\/","url":"https:\/\/ledsolintel.com\/product\/rotativo-led-base-magnetica-12-24v\/","name":"Rotativo LED base magn\u00e9tica 12\/24V - Ledsolintel","isPartOf":{"@id":"https:\/\/ledsolintel.com\/#website"},"primaryImageOfPage":{"@id":"https:\/\/ledsolintel.com\/product\/rotativo-led-base-magnetica-12-24v\/#primaryimage"},"image":{"@id":"https:\/\/ledsolintel.com\/product\/rotativo-led-base-magnetica-12-24v\/#primaryimage"},"thumbnailUrl":"https:\/\/ledsolintel.com\/wp-content\/uploads\/2025\/11\/rotativo-led-base-magnetica-1224v.jpg","datePublished":"2025-11-11T15:38:22+00:00","dateModified":"2026-04-07T08:19:13+00:00","breadcrumb":{"@id":"https:\/\/ledsolintel.com\/product\/rotativo-led-base-magnetica-12-24v\/#breadcrumb"},"inLanguage":"fr-FR","potentialAction":[{"@type":"ReadAction","target":["https:\/\/ledsolintel.com\/product\/rotativo-led-base-magnetica-12-24v\/"]}]},{"@type":"ImageObject","inLanguage":"fr-FR","@id":"https:\/\/ledsolintel.com\/product\/rotativo-led-base-magnetica-12-24v\/#primaryimage","url":"https:\/\/ledsolintel.com\/wp-content\/uploads\/2025\/11\/rotativo-led-base-magnetica-1224v.jpg","contentUrl":"https:\/\/ledsolintel.com\/wp-content\/uploads\/2025\/11\/rotativo-led-base-magnetica-1224v.jpg","width":600,"height":600},{"@type":"BreadcrumbList","@id":"https:\/\/ledsolintel.com\/product\/rotativo-led-base-magnetica-12-24v\/#breadcrumb","itemListElement":[{"@type":"ListItem","position":1,"name":"Portada","item":"https:\/\/ledsolintel.com\/fr\/"},{"@type":"ListItem","position":2,"name":"Tienda","item":"https:\/\/ledsolintel.com\/tienda\/"},{"@type":"ListItem","position":3,"name":"Rotativo LED base magn\u00e9tica 12\/24V"}]},{"@type":"WebSite","@id":"https:\/\/ledsolintel.com\/#website","url":"https:\/\/ledsolintel.com\/","name":"Webmenaje","description":"Magasin d'ampoules et de lampes LED pour les professionnels","publisher":{"@id":"https:\/\/ledsolintel.com\/#organization"},"potentialAction":[{"@type":"SearchAction","target":{"@type":"EntryPoint","urlTemplate":"https:\/\/ledsolintel.com\/?s={search_term_string}"},"query-input":{"@type":"PropertyValueSpecification","valueRequired":true,"valueName":"search_term_string"}}],"inLanguage":"fr-FR"},{"@type":"Organization","@id":"https:\/\/ledsolintel.com\/#organization","name":"Solintel Noroeste, S.L.","url":"https:\/\/ledsolintel.com\/","logo":{"@type":"ImageObject","inLanguage":"fr-FR","@id":"https:\/\/ledsolintel.com\/#\/schema\/logo\/image\/","url":"https:\/\/ledsolintel.com\/wp-content\/uploads\/2024\/11\/webmenaje-logo-1508269066.jpg","contentUrl":"https:\/\/ledsolintel.com\/wp-content\/uploads\/2024\/11\/webmenaje-logo-1508269066.jpg","width":370,"height":90,"caption":"Solintel Noroeste, S.L."},"image":{"@id":"https:\/\/ledsolintel.com\/#\/schema\/logo\/image\/"},"sameAs":["http:\/\/www.facebook.com\/webmenaje","https:\/\/x.com\/webmenaje","https:\/\/www.youtube.com\/channel\/UCX2KoVoeCG4LocZjUc6LmSQ","http:\/\/www.pinterest.com\/webmenaje"]}]}},"_links":{"self":[{"href":"https:\/\/ledsolintel.com\/fr\/wp-json\/wp\/v2\/product\/267421","targetHints":{"allow":["GET"]}}],"collection":[{"href":"https:\/\/ledsolintel.com\/fr\/wp-json\/wp\/v2\/product"}],"about":[{"href":"https:\/\/ledsolintel.com\/fr\/wp-json\/wp\/v2\/types\/product"}],"version-history":[{"count":1,"href":"https:\/\/ledsolintel.com\/fr\/wp-json\/wp\/v2\/product\/267421\/revisions"}],"predecessor-version":[{"id":267422,"href":"https:\/\/ledsolintel.com\/fr\/wp-json\/wp\/v2\/product\/267421\/revisions\/267422"}],"wp:featuredmedia":[{"embeddable":true,"href":"https:\/\/ledsolintel.com\/fr\/wp-json\/wp\/v2\/media\/260577"}],"wp:attachment":[{"href":"https:\/\/ledsolintel.com\/fr\/wp-json\/wp\/v2\/media?parent=267421"}],"wp:term":[{"taxonomy":"product_brand","embeddable":true,"href":"https:\/\/ledsolintel.com\/fr\/wp-json\/wp\/v2\/product_brand?post=267421"},{"taxonomy":"product_cat","embeddable":true,"href":"https:\/\/ledsolintel.com\/fr\/wp-json\/wp\/v2\/product_cat?post=267421"},{"taxonomy":"product_tag","embeddable":true,"href":"https:\/\/ledsolintel.com\/fr\/wp-json\/wp\/v2\/product_tag?post=267421"}],"curies":[{"name":"wp","href":"https:\/\/api.w.org\/{rel}","templated":true}]}}