{"id":267414,"date":"2025-11-11T16:38:17","date_gmt":"2025-11-11T15:38:17","guid":{"rendered":"https:\/\/nueva.ledsolintel.com\/product\/luminaria-evacuacion-led-funcion-emergencia\/"},"modified":"2026-04-07T10:19:13","modified_gmt":"2026-04-07T08:19:13","slug":"luminaria-evacuacion-led-funcion-emergencia","status":"publish","type":"product","link":"https:\/\/ledsolintel.com\/fr\/produit-2\/luminaria-evacuacion-led-funcion-emergencia\/","title":{"rendered":"Luminaire d'\u00e9vacuation \u00e0 LED fonction d'urgence"},"content":{"rendered":"<p>Luz de emergencia LED de 8W con luz permanente. En condiciones normales, la luminaria permanece apagada mientras carga su bater\u00eda. En el momento que hay un corte de tensi\u00f3n, la se\u00f1al permanece encendida en modo de emergencia, permitiendo se\u00f1alizar las v\u00edas de evacuaci\u00f3n, garantizando una r\u00e1pida identificaci\u00f3n ante situaciones de emergencia. Est\u00e1 disponible en 2 versiones: r\u00f3tulo con la flecha hacia abajo y con la fecha lateral (derecha e izquierda). Su sencilla instalaci\u00f3n y dise\u00f1o compacto la convierten en una iluminaria ideal para su utilizaci\u00f3n en cualquier tipo de edificio para poder se\u00f1alizar salidas de emergencia. Es muy \u00fatil en edificios de oficinas, hospitales, colegios, universidades, tiendas, centros comerciales, etc.  Caracter\u00edsticas principales:  &#8211; Tiempo de carga de la bater\u00eda: 24 horas.  &#8211; Duraci\u00f3n de la bater\u00eda en modo emergencia: 3 horas.    Cuenta con una alta eficacia al consumir 8W mediante el LED que integra, logrando proporcionar un flujo luminoso de 300 lumens. La iluminaci\u00f3n que aporta representa un consumo por valor de 8kWh\/1000h, lo que supone una reducci\u00f3n de la cantidad de energ\u00eda facturada y de emisiones de gases contaminantes a la atm\u00f3sfera. Soporta un voltaje de entrada de 85-265V y una frecuencia de servicio de 50\/60Hz. Est\u00e1 disponible en una temperatura de color: blanca (6000\u00b0K). Est\u00e1 dise\u00f1ado en ABS con las medidas de 310 x 220 x 45 mm.  Su instalaci\u00f3n debe realizarse en lugares interiores al poseer un grado de protecci\u00f3n IP20 (protecci\u00f3n contra part\u00edculas s\u00f3lidas de tama\u00f1o superior a 12 mm y no es resistente al agua).  Adem\u00e1s de ser un producto que tiene m\u00e1s de 30.000 horas de vida, dispone de una garant\u00eda de 3 a\u00f1os. Cuenta tambi\u00e9n con el certificado CE, que acredita que se cumple con los requisitos de la UE respecto a compatibilidad electromagn\u00e9tica y normativa de baja tensi\u00f3n. Con este certificado se declara la conformidad de dicho producto con todos los requisitos legales exigidos, y asegura la validez del producto para ser vendido en todo el Espacio Econ\u00f3mico Europeo.  Incluye tornillos y soporte para su instalaci\u00f3n en techo o pared con iluminaci\u00f3n a dos caras y tambi\u00e9n se incluye tapa para fijaci\u00f3n en superficie iluminando a una sola cara.<\/p>","protected":false},"excerpt":{"rendered":"<p>Luz de emergencia LED de 8W con luz permanente. En condiciones normales, la luminaria permanece apagada mientras carga su bater\u00eda. En el momento que hay un corte de tensi\u00f3n, la se\u00f1al permanece encendida en modo de emergencia, permitiendo se\u00f1alizar las v\u00edas de evacuaci\u00f3n, garantizando una r\u00e1pida identificaci\u00f3n ante situaciones de emergencia. Est\u00e1 disponible en 2 &hellip; <a href=\"https:\/\/ledsolintel.com\/fr\/produit-2\/luminaria-evacuacion-led-funcion-emergencia\/\" class=\"more-link\">Continue reading <span class=\"screen-reader-text\">Luminaire d'\u00e9vacuation \u00e0 LED fonction d'urgence<\/span><\/a><\/p>","protected":false},"featured_media":260564,"template":"","meta":[],"product_brand":[101370],"product_cat":[101371,15],"product_tag":[],"class_list":{"0":"post-267414","1":"product","2":"type-product","3":"status-publish","4":"has-post-thumbnail","6":"product_brand-masterled","7":"product_cat-masterled","8":"product_cat-uncategorized","9":"pa_rotulo-abajo","10":"pa_rotulo-lateralizq-y-der","13":"instock","14":"taxable","15":"shipping-taxable","16":"purchasable","17":"product-type-variable","18":"has-default-attributes"},"yoast_head":"<!-- This site is optimized with the Yoast SEO plugin v26.6 - https:\/\/yoast.com\/wordpress\/plugins\/seo\/ -->\n<title>Luminaria evacuaci\u00f3n LED funci\u00f3n emergencia - Ledsolintel<\/title>\n<meta name=\"robots\" content=\"index, follow, max-snippet:-1, max-image-preview:large, max-video-preview:-1\" \/>\n<link rel=\"canonical\" href=\"https:\/\/ledsolintel.com\/fr\/produit-2\/luminaria-evacuacion-led-funcion-emergencia\/\" \/>\n<meta property=\"og:locale\" content=\"fr_FR\" \/>\n<meta property=\"og:type\" content=\"article\" \/>\n<meta property=\"og:title\" content=\"Luminaria evacuaci\u00f3n LED funci\u00f3n emergencia - Ledsolintel\" \/>\n<meta property=\"og:description\" content=\"Luz de emergencia LED de 8W con luz permanente. En condiciones normales, la luminaria permanece apagada mientras carga su bater\u00eda. En el momento que hay un corte de tensi\u00f3n, la se\u00f1al permanece encendida en modo de emergencia, permitiendo se\u00f1alizar las v\u00edas de evacuaci\u00f3n, garantizando una r\u00e1pida identificaci\u00f3n ante situaciones de emergencia. Est\u00e1 disponible en 2 &hellip; Continue reading Luminaria evacuaci\u00f3n LED funci\u00f3n emergencia\" \/>\n<meta property=\"og:url\" content=\"https:\/\/ledsolintel.com\/fr\/produit-2\/luminaria-evacuacion-led-funcion-emergencia\/\" \/>\n<meta property=\"og:site_name\" content=\"Ledsolintel\" \/>\n<meta property=\"article:publisher\" content=\"http:\/\/www.facebook.com\/webmenaje\" \/>\n<meta property=\"article:modified_time\" content=\"2026-04-07T08:19:13+00:00\" \/>\n<meta property=\"og:image\" content=\"https:\/\/ledsolintel.com\/wp-content\/uploads\/2025\/11\/luminaria-evacuacion-led-funcion-emergencia.jpg\" \/>\n\t<meta property=\"og:image:width\" content=\"1500\" \/>\n\t<meta property=\"og:image:height\" content=\"1500\" \/>\n\t<meta property=\"og:image:type\" content=\"image\/jpeg\" \/>\n<meta name=\"twitter:card\" content=\"summary_large_image\" \/>\n<meta name=\"twitter:site\" content=\"@webmenaje\" \/>\n<meta name=\"twitter:label1\" content=\"Dur\u00e9e de lecture estim\u00e9e\" \/>\n\t<meta name=\"twitter:data1\" content=\"2 minutes\" \/>\n<script type=\"application\/ld+json\" class=\"yoast-schema-graph\">{\"@context\":\"https:\/\/schema.org\",\"@graph\":[{\"@type\":\"WebPage\",\"@id\":\"https:\/\/ledsolintel.com\/product\/luminaria-evacuacion-led-funcion-emergencia\/\",\"url\":\"https:\/\/ledsolintel.com\/product\/luminaria-evacuacion-led-funcion-emergencia\/\",\"name\":\"Luminaria evacuaci\u00f3n LED funci\u00f3n emergencia - Ledsolintel\",\"isPartOf\":{\"@id\":\"https:\/\/ledsolintel.com\/#website\"},\"primaryImageOfPage\":{\"@id\":\"https:\/\/ledsolintel.com\/product\/luminaria-evacuacion-led-funcion-emergencia\/#primaryimage\"},\"image\":{\"@id\":\"https:\/\/ledsolintel.com\/product\/luminaria-evacuacion-led-funcion-emergencia\/#primaryimage\"},\"thumbnailUrl\":\"https:\/\/ledsolintel.com\/wp-content\/uploads\/2025\/11\/luminaria-evacuacion-led-funcion-emergencia.jpg\",\"datePublished\":\"2025-11-11T15:38:17+00:00\",\"dateModified\":\"2026-04-07T08:19:13+00:00\",\"breadcrumb\":{\"@id\":\"https:\/\/ledsolintel.com\/product\/luminaria-evacuacion-led-funcion-emergencia\/#breadcrumb\"},\"inLanguage\":\"fr-FR\",\"potentialAction\":[{\"@type\":\"ReadAction\",\"target\":[\"https:\/\/ledsolintel.com\/product\/luminaria-evacuacion-led-funcion-emergencia\/\"]}]},{\"@type\":\"ImageObject\",\"inLanguage\":\"fr-FR\",\"@id\":\"https:\/\/ledsolintel.com\/product\/luminaria-evacuacion-led-funcion-emergencia\/#primaryimage\",\"url\":\"https:\/\/ledsolintel.com\/wp-content\/uploads\/2025\/11\/luminaria-evacuacion-led-funcion-emergencia.jpg\",\"contentUrl\":\"https:\/\/ledsolintel.com\/wp-content\/uploads\/2025\/11\/luminaria-evacuacion-led-funcion-emergencia.jpg\",\"width\":1500,\"height\":1500},{\"@type\":\"BreadcrumbList\",\"@id\":\"https:\/\/ledsolintel.com\/product\/luminaria-evacuacion-led-funcion-emergencia\/#breadcrumb\",\"itemListElement\":[{\"@type\":\"ListItem\",\"position\":1,\"name\":\"Portada\",\"item\":\"https:\/\/ledsolintel.com\/fr\/\"},{\"@type\":\"ListItem\",\"position\":2,\"name\":\"Tienda\",\"item\":\"https:\/\/ledsolintel.com\/tienda\/\"},{\"@type\":\"ListItem\",\"position\":3,\"name\":\"Luminaria evacuaci\u00f3n LED funci\u00f3n emergencia\"}]},{\"@type\":\"WebSite\",\"@id\":\"https:\/\/ledsolintel.com\/#website\",\"url\":\"https:\/\/ledsolintel.com\/\",\"name\":\"Webmenaje\",\"description\":\"Tienda de bombillas y l\u00e1mparas LED para profesionales\",\"publisher\":{\"@id\":\"https:\/\/ledsolintel.com\/#organization\"},\"potentialAction\":[{\"@type\":\"SearchAction\",\"target\":{\"@type\":\"EntryPoint\",\"urlTemplate\":\"https:\/\/ledsolintel.com\/?s={search_term_string}\"},\"query-input\":{\"@type\":\"PropertyValueSpecification\",\"valueRequired\":true,\"valueName\":\"search_term_string\"}}],\"inLanguage\":\"fr-FR\"},{\"@type\":\"Organization\",\"@id\":\"https:\/\/ledsolintel.com\/#organization\",\"name\":\"Solintel Noroeste, S.L.\",\"url\":\"https:\/\/ledsolintel.com\/\",\"logo\":{\"@type\":\"ImageObject\",\"inLanguage\":\"fr-FR\",\"@id\":\"https:\/\/ledsolintel.com\/#\/schema\/logo\/image\/\",\"url\":\"https:\/\/ledsolintel.com\/wp-content\/uploads\/2024\/11\/webmenaje-logo-1508269066.jpg\",\"contentUrl\":\"https:\/\/ledsolintel.com\/wp-content\/uploads\/2024\/11\/webmenaje-logo-1508269066.jpg\",\"width\":370,\"height\":90,\"caption\":\"Solintel Noroeste, S.L.\"},\"image\":{\"@id\":\"https:\/\/ledsolintel.com\/#\/schema\/logo\/image\/\"},\"sameAs\":[\"http:\/\/www.facebook.com\/webmenaje\",\"https:\/\/x.com\/webmenaje\",\"https:\/\/www.youtube.com\/channel\/UCX2KoVoeCG4LocZjUc6LmSQ\",\"http:\/\/www.pinterest.com\/webmenaje\"]}]}<\/script>\n<!-- \/ Yoast SEO plugin. -->","yoast_head_json":{"title":"Luminaria evacuaci\u00f3n LED funci\u00f3n emergencia - Ledsolintel","robots":{"index":"index","follow":"follow","max-snippet":"max-snippet:-1","max-image-preview":"max-image-preview:large","max-video-preview":"max-video-preview:-1"},"canonical":"https:\/\/ledsolintel.com\/fr\/produit-2\/luminaria-evacuacion-led-funcion-emergencia\/","og_locale":"fr_FR","og_type":"article","og_title":"Luminaria evacuaci\u00f3n LED funci\u00f3n emergencia - Ledsolintel","og_description":"Luz de emergencia LED de 8W con luz permanente. En condiciones normales, la luminaria permanece apagada mientras carga su bater\u00eda. En el momento que hay un corte de tensi\u00f3n, la se\u00f1al permanece encendida en modo de emergencia, permitiendo se\u00f1alizar las v\u00edas de evacuaci\u00f3n, garantizando una r\u00e1pida identificaci\u00f3n ante situaciones de emergencia. Est\u00e1 disponible en 2 &hellip; Continue reading Luminaria evacuaci\u00f3n LED funci\u00f3n emergencia","og_url":"https:\/\/ledsolintel.com\/fr\/produit-2\/luminaria-evacuacion-led-funcion-emergencia\/","og_site_name":"Ledsolintel","article_publisher":"http:\/\/www.facebook.com\/webmenaje","article_modified_time":"2026-04-07T08:19:13+00:00","og_image":[{"width":1500,"height":1500,"url":"https:\/\/ledsolintel.com\/wp-content\/uploads\/2025\/11\/luminaria-evacuacion-led-funcion-emergencia.jpg","type":"image\/jpeg"}],"twitter_card":"summary_large_image","twitter_site":"@webmenaje","twitter_misc":{"Dur\u00e9e de lecture estim\u00e9e":"2 minutes"},"schema":{"@context":"https:\/\/schema.org","@graph":[{"@type":"WebPage","@id":"https:\/\/ledsolintel.com\/product\/luminaria-evacuacion-led-funcion-emergencia\/","url":"https:\/\/ledsolintel.com\/product\/luminaria-evacuacion-led-funcion-emergencia\/","name":"Luminaria evacuaci\u00f3n LED funci\u00f3n emergencia - Ledsolintel","isPartOf":{"@id":"https:\/\/ledsolintel.com\/#website"},"primaryImageOfPage":{"@id":"https:\/\/ledsolintel.com\/product\/luminaria-evacuacion-led-funcion-emergencia\/#primaryimage"},"image":{"@id":"https:\/\/ledsolintel.com\/product\/luminaria-evacuacion-led-funcion-emergencia\/#primaryimage"},"thumbnailUrl":"https:\/\/ledsolintel.com\/wp-content\/uploads\/2025\/11\/luminaria-evacuacion-led-funcion-emergencia.jpg","datePublished":"2025-11-11T15:38:17+00:00","dateModified":"2026-04-07T08:19:13+00:00","breadcrumb":{"@id":"https:\/\/ledsolintel.com\/product\/luminaria-evacuacion-led-funcion-emergencia\/#breadcrumb"},"inLanguage":"fr-FR","potentialAction":[{"@type":"ReadAction","target":["https:\/\/ledsolintel.com\/product\/luminaria-evacuacion-led-funcion-emergencia\/"]}]},{"@type":"ImageObject","inLanguage":"fr-FR","@id":"https:\/\/ledsolintel.com\/product\/luminaria-evacuacion-led-funcion-emergencia\/#primaryimage","url":"https:\/\/ledsolintel.com\/wp-content\/uploads\/2025\/11\/luminaria-evacuacion-led-funcion-emergencia.jpg","contentUrl":"https:\/\/ledsolintel.com\/wp-content\/uploads\/2025\/11\/luminaria-evacuacion-led-funcion-emergencia.jpg","width":1500,"height":1500},{"@type":"BreadcrumbList","@id":"https:\/\/ledsolintel.com\/product\/luminaria-evacuacion-led-funcion-emergencia\/#breadcrumb","itemListElement":[{"@type":"ListItem","position":1,"name":"Portada","item":"https:\/\/ledsolintel.com\/fr\/"},{"@type":"ListItem","position":2,"name":"Tienda","item":"https:\/\/ledsolintel.com\/tienda\/"},{"@type":"ListItem","position":3,"name":"Luminaria evacuaci\u00f3n LED funci\u00f3n emergencia"}]},{"@type":"WebSite","@id":"https:\/\/ledsolintel.com\/#website","url":"https:\/\/ledsolintel.com\/","name":"Webmenaje","description":"Magasin d'ampoules et de lampes LED pour les professionnels","publisher":{"@id":"https:\/\/ledsolintel.com\/#organization"},"potentialAction":[{"@type":"SearchAction","target":{"@type":"EntryPoint","urlTemplate":"https:\/\/ledsolintel.com\/?s={search_term_string}"},"query-input":{"@type":"PropertyValueSpecification","valueRequired":true,"valueName":"search_term_string"}}],"inLanguage":"fr-FR"},{"@type":"Organization","@id":"https:\/\/ledsolintel.com\/#organization","name":"Solintel Noroeste, S.L.","url":"https:\/\/ledsolintel.com\/","logo":{"@type":"ImageObject","inLanguage":"fr-FR","@id":"https:\/\/ledsolintel.com\/#\/schema\/logo\/image\/","url":"https:\/\/ledsolintel.com\/wp-content\/uploads\/2024\/11\/webmenaje-logo-1508269066.jpg","contentUrl":"https:\/\/ledsolintel.com\/wp-content\/uploads\/2024\/11\/webmenaje-logo-1508269066.jpg","width":370,"height":90,"caption":"Solintel Noroeste, S.L."},"image":{"@id":"https:\/\/ledsolintel.com\/#\/schema\/logo\/image\/"},"sameAs":["http:\/\/www.facebook.com\/webmenaje","https:\/\/x.com\/webmenaje","https:\/\/www.youtube.com\/channel\/UCX2KoVoeCG4LocZjUc6LmSQ","http:\/\/www.pinterest.com\/webmenaje"]}]}},"_links":{"self":[{"href":"https:\/\/ledsolintel.com\/fr\/wp-json\/wp\/v2\/product\/267414","targetHints":{"allow":["GET"]}}],"collection":[{"href":"https:\/\/ledsolintel.com\/fr\/wp-json\/wp\/v2\/product"}],"about":[{"href":"https:\/\/ledsolintel.com\/fr\/wp-json\/wp\/v2\/types\/product"}],"version-history":[{"count":1,"href":"https:\/\/ledsolintel.com\/fr\/wp-json\/wp\/v2\/product\/267414\/revisions"}],"predecessor-version":[{"id":267415,"href":"https:\/\/ledsolintel.com\/fr\/wp-json\/wp\/v2\/product\/267414\/revisions\/267415"}],"wp:featuredmedia":[{"embeddable":true,"href":"https:\/\/ledsolintel.com\/fr\/wp-json\/wp\/v2\/media\/260564"}],"wp:attachment":[{"href":"https:\/\/ledsolintel.com\/fr\/wp-json\/wp\/v2\/media?parent=267414"}],"wp:term":[{"taxonomy":"product_brand","embeddable":true,"href":"https:\/\/ledsolintel.com\/fr\/wp-json\/wp\/v2\/product_brand?post=267414"},{"taxonomy":"product_cat","embeddable":true,"href":"https:\/\/ledsolintel.com\/fr\/wp-json\/wp\/v2\/product_cat?post=267414"},{"taxonomy":"product_tag","embeddable":true,"href":"https:\/\/ledsolintel.com\/fr\/wp-json\/wp\/v2\/product_tag?post=267414"}],"curies":[{"name":"wp","href":"https:\/\/api.w.org\/{rel}","templated":true}]}}