{"id":267354,"date":"2025-11-11T16:37:10","date_gmt":"2025-11-11T15:37:10","guid":{"rendered":"https:\/\/nueva.ledsolintel.com\/product\/par38-12w-colores\/"},"modified":"2026-04-07T10:19:14","modified_gmt":"2026-04-07T08:19:14","slug":"par38-12w-colores","status":"publish","type":"product","link":"https:\/\/ledsolintel.com\/fr\/produit-2\/par38-12w-colores\/","title":{"rendered":"PAR38 12W couleurs"},"content":{"rendered":"<p>La l\u00e1mpara LED PAR38 de 12W, es una opci\u00f3n ideal para iluminar cualquier espacio de manera eficiente y econ\u00f3mica. Esta l\u00e1mpara sustituye a las bombillas tipo PAR convencionales de hasta 120W. Las bombillas LED consumen hasta un 85% menos de energ\u00eda y duran 20 veces m\u00e1s que las bombillas incandescentes.  Su instalaci\u00f3n debe realizarse en lugares interiores al poseer un grado de protecci\u00f3n IP20 (protecci\u00f3n contra part\u00edculas s\u00f3lidas de tama\u00f1o superior a 12mm y no es resistente al agua). Es ideal para la iluminaci\u00f3n de bares, discotecas, escaparates, tiendas o centros comerciales.  Los LEDs que integra proporcionan un flujo luminoso de 1000 lumens distribuidos uniformemente por un difusor de ABS, distribuyendo la luz en un \u00e1ngulo de apertura de 120\u00b0.  Posee unas dimensiones de \u2205 120 X 135 mm. Se instala en un casquillo de rosca normal (E27) pudiendo soportar un voltaje de entrada de 220\/240V, y una frecuencia de 50\/60 Hz. Est\u00e1 disponible en diferentes colores: \u00a0blanco fr\u00edo, blanco c\u00e1lido, blanco neutro, rojo, verde, azul y naranja.  Adem\u00e1s de ser un producto que tiene m\u00e1s de 30.000 horas de vida, dispone de una garant\u00eda de 3 a\u00f1os. Cuenta tambi\u00e9n con el certificado CE, que acredita que se cumple con los requisitos de la UE respecto a compatibilidad electromagn\u00e9tica y normativa de baja tensi\u00f3n. Con este certificado se declara la conformidad de dicho producto con todos los requisitos legales exigidos, y asegura la validez del producto para ser vendido en todo el Espacio Econ\u00f3mico Europeo.<\/p>","protected":false},"excerpt":{"rendered":"<p>La l\u00e1mpara LED PAR38 de 12W, es una opci\u00f3n ideal para iluminar cualquier espacio de manera eficiente y econ\u00f3mica. Esta l\u00e1mpara sustituye a las bombillas tipo PAR convencionales de hasta 120W. Las bombillas LED consumen hasta un 85% menos de energ\u00eda y duran 20 veces m\u00e1s que las bombillas incandescentes. Su instalaci\u00f3n debe realizarse en &hellip; <a href=\"https:\/\/ledsolintel.com\/fr\/produit-2\/par38-12w-colores\/\" class=\"more-link\">Continue reading <span class=\"screen-reader-text\">PAR38 12W couleurs<\/span><\/a><\/p>","protected":false},"featured_media":260441,"template":"","meta":[],"product_brand":[101370],"product_cat":[15,101371],"product_tag":[],"class_list":{"0":"post-267354","1":"product","2":"type-product","3":"status-publish","4":"has-post-thumbnail","6":"product_brand-masterled","7":"product_cat-uncategorized","8":"product_cat-masterled","9":"pa_temperatura-color-luz-blanca","10":"pa_temperatura-color-luz-azul","11":"pa_temperatura-color-luz-calida","12":"pa_temperatura-color-luz-naranja","13":"pa_temperatura-color-luz-neutra","14":"pa_temperatura-color-luz-roja","15":"pa_temperatura-color-luz-verde","18":"instock","19":"taxable","20":"shipping-taxable","21":"purchasable","22":"product-type-variable","23":"has-default-attributes"},"yoast_head":"<!-- This site is optimized with the Yoast SEO plugin v26.6 - https:\/\/yoast.com\/wordpress\/plugins\/seo\/ -->\n<title>PAR38 12W colores - Ledsolintel<\/title>\n<meta name=\"robots\" content=\"index, follow, max-snippet:-1, max-image-preview:large, max-video-preview:-1\" \/>\n<link rel=\"canonical\" href=\"https:\/\/ledsolintel.com\/fr\/produit-2\/par38-12w-colores\/\" \/>\n<meta property=\"og:locale\" content=\"fr_FR\" \/>\n<meta property=\"og:type\" content=\"article\" \/>\n<meta property=\"og:title\" content=\"PAR38 12W colores - Ledsolintel\" \/>\n<meta property=\"og:description\" content=\"La l\u00e1mpara LED PAR38 de 12W, es una opci\u00f3n ideal para iluminar cualquier espacio de manera eficiente y econ\u00f3mica. Esta l\u00e1mpara sustituye a las bombillas tipo PAR convencionales de hasta 120W. Las bombillas LED consumen hasta un 85% menos de energ\u00eda y duran 20 veces m\u00e1s que las bombillas incandescentes. Su instalaci\u00f3n debe realizarse en &hellip; Continue reading PAR38 12W colores\" \/>\n<meta property=\"og:url\" content=\"https:\/\/ledsolintel.com\/fr\/produit-2\/par38-12w-colores\/\" \/>\n<meta property=\"og:site_name\" content=\"Ledsolintel\" \/>\n<meta property=\"article:publisher\" content=\"http:\/\/www.facebook.com\/webmenaje\" \/>\n<meta property=\"article:modified_time\" content=\"2026-04-07T08:19:14+00:00\" \/>\n<meta property=\"og:image\" content=\"https:\/\/ledsolintel.com\/wp-content\/uploads\/2025\/11\/par38-12w-colores.jpg\" \/>\n\t<meta property=\"og:image:width\" content=\"1500\" \/>\n\t<meta property=\"og:image:height\" content=\"1500\" \/>\n\t<meta property=\"og:image:type\" content=\"image\/jpeg\" \/>\n<meta name=\"twitter:card\" content=\"summary_large_image\" \/>\n<meta name=\"twitter:site\" content=\"@webmenaje\" \/>\n<meta name=\"twitter:label1\" content=\"Dur\u00e9e de lecture estim\u00e9e\" \/>\n\t<meta name=\"twitter:data1\" content=\"1 minute\" \/>\n<script type=\"application\/ld+json\" class=\"yoast-schema-graph\">{\"@context\":\"https:\/\/schema.org\",\"@graph\":[{\"@type\":\"WebPage\",\"@id\":\"https:\/\/ledsolintel.com\/product\/par38-12w-colores\/\",\"url\":\"https:\/\/ledsolintel.com\/product\/par38-12w-colores\/\",\"name\":\"PAR38 12W colores - Ledsolintel\",\"isPartOf\":{\"@id\":\"https:\/\/ledsolintel.com\/#website\"},\"primaryImageOfPage\":{\"@id\":\"https:\/\/ledsolintel.com\/product\/par38-12w-colores\/#primaryimage\"},\"image\":{\"@id\":\"https:\/\/ledsolintel.com\/product\/par38-12w-colores\/#primaryimage\"},\"thumbnailUrl\":\"https:\/\/ledsolintel.com\/wp-content\/uploads\/2025\/11\/par38-12w-colores.jpg\",\"datePublished\":\"2025-11-11T15:37:10+00:00\",\"dateModified\":\"2026-04-07T08:19:14+00:00\",\"breadcrumb\":{\"@id\":\"https:\/\/ledsolintel.com\/product\/par38-12w-colores\/#breadcrumb\"},\"inLanguage\":\"fr-FR\",\"potentialAction\":[{\"@type\":\"ReadAction\",\"target\":[\"https:\/\/ledsolintel.com\/product\/par38-12w-colores\/\"]}]},{\"@type\":\"ImageObject\",\"inLanguage\":\"fr-FR\",\"@id\":\"https:\/\/ledsolintel.com\/product\/par38-12w-colores\/#primaryimage\",\"url\":\"https:\/\/ledsolintel.com\/wp-content\/uploads\/2025\/11\/par38-12w-colores.jpg\",\"contentUrl\":\"https:\/\/ledsolintel.com\/wp-content\/uploads\/2025\/11\/par38-12w-colores.jpg\",\"width\":1500,\"height\":1500},{\"@type\":\"BreadcrumbList\",\"@id\":\"https:\/\/ledsolintel.com\/product\/par38-12w-colores\/#breadcrumb\",\"itemListElement\":[{\"@type\":\"ListItem\",\"position\":1,\"name\":\"Portada\",\"item\":\"https:\/\/ledsolintel.com\/fr\/\"},{\"@type\":\"ListItem\",\"position\":2,\"name\":\"Tienda\",\"item\":\"https:\/\/ledsolintel.com\/tienda\/\"},{\"@type\":\"ListItem\",\"position\":3,\"name\":\"PAR38 12W colores\"}]},{\"@type\":\"WebSite\",\"@id\":\"https:\/\/ledsolintel.com\/#website\",\"url\":\"https:\/\/ledsolintel.com\/\",\"name\":\"Webmenaje\",\"description\":\"Tienda de bombillas y l\u00e1mparas LED para profesionales\",\"publisher\":{\"@id\":\"https:\/\/ledsolintel.com\/#organization\"},\"potentialAction\":[{\"@type\":\"SearchAction\",\"target\":{\"@type\":\"EntryPoint\",\"urlTemplate\":\"https:\/\/ledsolintel.com\/?s={search_term_string}\"},\"query-input\":{\"@type\":\"PropertyValueSpecification\",\"valueRequired\":true,\"valueName\":\"search_term_string\"}}],\"inLanguage\":\"fr-FR\"},{\"@type\":\"Organization\",\"@id\":\"https:\/\/ledsolintel.com\/#organization\",\"name\":\"Solintel Noroeste, S.L.\",\"url\":\"https:\/\/ledsolintel.com\/\",\"logo\":{\"@type\":\"ImageObject\",\"inLanguage\":\"fr-FR\",\"@id\":\"https:\/\/ledsolintel.com\/#\/schema\/logo\/image\/\",\"url\":\"https:\/\/ledsolintel.com\/wp-content\/uploads\/2024\/11\/webmenaje-logo-1508269066.jpg\",\"contentUrl\":\"https:\/\/ledsolintel.com\/wp-content\/uploads\/2024\/11\/webmenaje-logo-1508269066.jpg\",\"width\":370,\"height\":90,\"caption\":\"Solintel Noroeste, S.L.\"},\"image\":{\"@id\":\"https:\/\/ledsolintel.com\/#\/schema\/logo\/image\/\"},\"sameAs\":[\"http:\/\/www.facebook.com\/webmenaje\",\"https:\/\/x.com\/webmenaje\",\"https:\/\/www.youtube.com\/channel\/UCX2KoVoeCG4LocZjUc6LmSQ\",\"http:\/\/www.pinterest.com\/webmenaje\"]}]}<\/script>\n<!-- \/ Yoast SEO plugin. -->","yoast_head_json":{"title":"PAR38 12W colores - Ledsolintel","robots":{"index":"index","follow":"follow","max-snippet":"max-snippet:-1","max-image-preview":"max-image-preview:large","max-video-preview":"max-video-preview:-1"},"canonical":"https:\/\/ledsolintel.com\/fr\/produit-2\/par38-12w-colores\/","og_locale":"fr_FR","og_type":"article","og_title":"PAR38 12W colores - Ledsolintel","og_description":"La l\u00e1mpara LED PAR38 de 12W, es una opci\u00f3n ideal para iluminar cualquier espacio de manera eficiente y econ\u00f3mica. Esta l\u00e1mpara sustituye a las bombillas tipo PAR convencionales de hasta 120W. Las bombillas LED consumen hasta un 85% menos de energ\u00eda y duran 20 veces m\u00e1s que las bombillas incandescentes. Su instalaci\u00f3n debe realizarse en &hellip; Continue reading PAR38 12W colores","og_url":"https:\/\/ledsolintel.com\/fr\/produit-2\/par38-12w-colores\/","og_site_name":"Ledsolintel","article_publisher":"http:\/\/www.facebook.com\/webmenaje","article_modified_time":"2026-04-07T08:19:14+00:00","og_image":[{"width":1500,"height":1500,"url":"https:\/\/ledsolintel.com\/wp-content\/uploads\/2025\/11\/par38-12w-colores.jpg","type":"image\/jpeg"}],"twitter_card":"summary_large_image","twitter_site":"@webmenaje","twitter_misc":{"Dur\u00e9e de lecture estim\u00e9e":"1 minute"},"schema":{"@context":"https:\/\/schema.org","@graph":[{"@type":"WebPage","@id":"https:\/\/ledsolintel.com\/product\/par38-12w-colores\/","url":"https:\/\/ledsolintel.com\/product\/par38-12w-colores\/","name":"PAR38 12W colores - Ledsolintel","isPartOf":{"@id":"https:\/\/ledsolintel.com\/#website"},"primaryImageOfPage":{"@id":"https:\/\/ledsolintel.com\/product\/par38-12w-colores\/#primaryimage"},"image":{"@id":"https:\/\/ledsolintel.com\/product\/par38-12w-colores\/#primaryimage"},"thumbnailUrl":"https:\/\/ledsolintel.com\/wp-content\/uploads\/2025\/11\/par38-12w-colores.jpg","datePublished":"2025-11-11T15:37:10+00:00","dateModified":"2026-04-07T08:19:14+00:00","breadcrumb":{"@id":"https:\/\/ledsolintel.com\/product\/par38-12w-colores\/#breadcrumb"},"inLanguage":"fr-FR","potentialAction":[{"@type":"ReadAction","target":["https:\/\/ledsolintel.com\/product\/par38-12w-colores\/"]}]},{"@type":"ImageObject","inLanguage":"fr-FR","@id":"https:\/\/ledsolintel.com\/product\/par38-12w-colores\/#primaryimage","url":"https:\/\/ledsolintel.com\/wp-content\/uploads\/2025\/11\/par38-12w-colores.jpg","contentUrl":"https:\/\/ledsolintel.com\/wp-content\/uploads\/2025\/11\/par38-12w-colores.jpg","width":1500,"height":1500},{"@type":"BreadcrumbList","@id":"https:\/\/ledsolintel.com\/product\/par38-12w-colores\/#breadcrumb","itemListElement":[{"@type":"ListItem","position":1,"name":"Portada","item":"https:\/\/ledsolintel.com\/fr\/"},{"@type":"ListItem","position":2,"name":"Tienda","item":"https:\/\/ledsolintel.com\/tienda\/"},{"@type":"ListItem","position":3,"name":"PAR38 12W colores"}]},{"@type":"WebSite","@id":"https:\/\/ledsolintel.com\/#website","url":"https:\/\/ledsolintel.com\/","name":"Webmenaje","description":"Magasin d'ampoules et de lampes LED pour les professionnels","publisher":{"@id":"https:\/\/ledsolintel.com\/#organization"},"potentialAction":[{"@type":"SearchAction","target":{"@type":"EntryPoint","urlTemplate":"https:\/\/ledsolintel.com\/?s={search_term_string}"},"query-input":{"@type":"PropertyValueSpecification","valueRequired":true,"valueName":"search_term_string"}}],"inLanguage":"fr-FR"},{"@type":"Organization","@id":"https:\/\/ledsolintel.com\/#organization","name":"Solintel Noroeste, S.L.","url":"https:\/\/ledsolintel.com\/","logo":{"@type":"ImageObject","inLanguage":"fr-FR","@id":"https:\/\/ledsolintel.com\/#\/schema\/logo\/image\/","url":"https:\/\/ledsolintel.com\/wp-content\/uploads\/2024\/11\/webmenaje-logo-1508269066.jpg","contentUrl":"https:\/\/ledsolintel.com\/wp-content\/uploads\/2024\/11\/webmenaje-logo-1508269066.jpg","width":370,"height":90,"caption":"Solintel Noroeste, S.L."},"image":{"@id":"https:\/\/ledsolintel.com\/#\/schema\/logo\/image\/"},"sameAs":["http:\/\/www.facebook.com\/webmenaje","https:\/\/x.com\/webmenaje","https:\/\/www.youtube.com\/channel\/UCX2KoVoeCG4LocZjUc6LmSQ","http:\/\/www.pinterest.com\/webmenaje"]}]}},"_links":{"self":[{"href":"https:\/\/ledsolintel.com\/fr\/wp-json\/wp\/v2\/product\/267354","targetHints":{"allow":["GET"]}}],"collection":[{"href":"https:\/\/ledsolintel.com\/fr\/wp-json\/wp\/v2\/product"}],"about":[{"href":"https:\/\/ledsolintel.com\/fr\/wp-json\/wp\/v2\/types\/product"}],"version-history":[{"count":1,"href":"https:\/\/ledsolintel.com\/fr\/wp-json\/wp\/v2\/product\/267354\/revisions"}],"predecessor-version":[{"id":267355,"href":"https:\/\/ledsolintel.com\/fr\/wp-json\/wp\/v2\/product\/267354\/revisions\/267355"}],"wp:featuredmedia":[{"embeddable":true,"href":"https:\/\/ledsolintel.com\/fr\/wp-json\/wp\/v2\/media\/260441"}],"wp:attachment":[{"href":"https:\/\/ledsolintel.com\/fr\/wp-json\/wp\/v2\/media?parent=267354"}],"wp:term":[{"taxonomy":"product_brand","embeddable":true,"href":"https:\/\/ledsolintel.com\/fr\/wp-json\/wp\/v2\/product_brand?post=267354"},{"taxonomy":"product_cat","embeddable":true,"href":"https:\/\/ledsolintel.com\/fr\/wp-json\/wp\/v2\/product_cat?post=267354"},{"taxonomy":"product_tag","embeddable":true,"href":"https:\/\/ledsolintel.com\/fr\/wp-json\/wp\/v2\/product_tag?post=267354"}],"curies":[{"name":"wp","href":"https:\/\/api.w.org\/{rel}","templated":true}]}}