{"id":267338,"date":"2025-11-11T16:36:49","date_gmt":"2025-11-11T15:36:49","guid":{"rendered":"https:\/\/nueva.ledsolintel.com\/product\/aplique-aluminio-led-2x6w-ip65-color-negro\/"},"modified":"2026-04-07T10:19:14","modified_gmt":"2026-04-07T08:19:14","slug":"aplique-aluminio-led-2x6w-ip65-color-negro","status":"publish","type":"product","link":"https:\/\/ledsolintel.com\/fr\/produit-2\/aplique-aluminio-led-2x6w-ip65-color-negro\/","title":{"rendered":"Applique aluminium LED 2x6W IP65 noir"},"content":{"rendered":"<p>Aplique LED de aluminio con dos puntos de luz de 6W cada uno y con acabado en color negro. Es una iluminaria ideal para instalar en hogares, fachadas, jardines, restaurantes, terrazas etc. La luz no es regulable.  Los LED COB que integra cuentan con una alta eficacia y logra proporcionar un flujo luminoso de 1000 lumens. Soporta un voltaje de entrada de 85-265V y una frecuencia de servicio de 50\/60Hz. Est\u00e1 disponible en dos temperaturas de color: neutra (4000\u00b0K) y c\u00e1lida (3000\u00b0K).  Su instalaci\u00f3n puede ser tanto en espacios interiores como exteriores debido a su grado de protecci\u00f3n IP65 (protecci\u00f3n total frente al polvo y ante chorros de agua).  Adem\u00e1s de ser un producto que tiene m\u00e1s de 30.000 horas de vida, dispone de una garant\u00eda de 3 a\u00f1os. Cuenta tambi\u00e9n con el certificado CE, que acredita que se cumple con los requisitos de la UE respecto a compatibilidad electromagn\u00e9tica y normativa de baja tensi\u00f3n. Con este certificado se declara la conformidad de dicho producto con todos los requisitos legales exigidos, y asegura la validez del producto para ser vendido en todo el Espacio Econ\u00f3mico Europeo.<\/p>","protected":false},"excerpt":{"rendered":"<p>Aplique LED de aluminio con dos puntos de luz de 6W cada uno y con acabado en color negro. Es una iluminaria ideal para instalar en hogares, fachadas, jardines, restaurantes, terrazas etc. La luz no es regulable. Los LED COB que integra cuentan con una alta eficacia y logra proporcionar un flujo luminoso de 1000 &hellip; <a href=\"https:\/\/ledsolintel.com\/fr\/produit-2\/aplique-aluminio-led-2x6w-ip65-color-negro\/\" class=\"more-link\">Continue reading <span class=\"screen-reader-text\">Applique aluminium LED 2x6W IP65 noir<\/span><\/a><\/p>","protected":false},"featured_media":260411,"template":"","meta":[],"product_brand":[101370],"product_cat":[15,99603,101371,99575],"product_tag":[],"class_list":{"0":"post-267338","1":"product","2":"type-product","3":"status-publish","4":"has-post-thumbnail","6":"product_brand-masterled","7":"product_cat-uncategorized","8":"product_cat-apliques-para-exterior","9":"product_cat-masterled","10":"product_cat-iluminacion-para-jardines-y-exteriores","11":"pa_temperatura-color-luz-calida","12":"pa_temperatura-color-luz-neutra","15":"instock","16":"taxable","17":"shipping-taxable","18":"purchasable","19":"product-type-variable","20":"has-default-attributes"},"yoast_head":"<!-- This site is optimized with the Yoast SEO plugin v26.6 - https:\/\/yoast.com\/wordpress\/plugins\/seo\/ -->\n<title>Aplique aluminio LED 2x6W IP65 color negro - Ledsolintel<\/title>\n<meta name=\"robots\" content=\"index, follow, max-snippet:-1, max-image-preview:large, max-video-preview:-1\" \/>\n<link rel=\"canonical\" href=\"https:\/\/ledsolintel.com\/fr\/produit-2\/aplique-aluminio-led-2x6w-ip65-color-negro\/\" \/>\n<meta property=\"og:locale\" content=\"fr_FR\" \/>\n<meta property=\"og:type\" content=\"article\" \/>\n<meta property=\"og:title\" content=\"Aplique aluminio LED 2x6W IP65 color negro - Ledsolintel\" \/>\n<meta property=\"og:description\" content=\"Aplique LED de aluminio con dos puntos de luz de 6W cada uno y con acabado en color negro. Es una iluminaria ideal para instalar en hogares, fachadas, jardines, restaurantes, terrazas etc. La luz no es regulable. Los LED COB que integra cuentan con una alta eficacia y logra proporcionar un flujo luminoso de 1000 &hellip; Continue reading Aplique aluminio LED 2x6W IP65 color negro\" \/>\n<meta property=\"og:url\" content=\"https:\/\/ledsolintel.com\/fr\/produit-2\/aplique-aluminio-led-2x6w-ip65-color-negro\/\" \/>\n<meta property=\"og:site_name\" content=\"Ledsolintel\" \/>\n<meta property=\"article:publisher\" content=\"http:\/\/www.facebook.com\/webmenaje\" \/>\n<meta property=\"article:modified_time\" content=\"2026-04-07T08:19:14+00:00\" \/>\n<meta property=\"og:image\" content=\"https:\/\/ledsolintel.com\/wp-content\/uploads\/2025\/11\/aplique-led-2x6w-ip65-color-negro.jpg\" \/>\n\t<meta property=\"og:image:width\" content=\"600\" \/>\n\t<meta property=\"og:image:height\" content=\"600\" \/>\n\t<meta property=\"og:image:type\" content=\"image\/png\" \/>\n<meta name=\"twitter:card\" content=\"summary_large_image\" \/>\n<meta name=\"twitter:site\" content=\"@webmenaje\" \/>\n<meta name=\"twitter:label1\" content=\"Dur\u00e9e de lecture estim\u00e9e\" \/>\n\t<meta name=\"twitter:data1\" content=\"1 minute\" \/>\n<script type=\"application\/ld+json\" class=\"yoast-schema-graph\">{\"@context\":\"https:\/\/schema.org\",\"@graph\":[{\"@type\":\"WebPage\",\"@id\":\"https:\/\/ledsolintel.com\/product\/aplique-aluminio-led-2x6w-ip65-color-negro\/\",\"url\":\"https:\/\/ledsolintel.com\/product\/aplique-aluminio-led-2x6w-ip65-color-negro\/\",\"name\":\"Aplique aluminio LED 2x6W IP65 color negro - Ledsolintel\",\"isPartOf\":{\"@id\":\"https:\/\/ledsolintel.com\/#website\"},\"primaryImageOfPage\":{\"@id\":\"https:\/\/ledsolintel.com\/product\/aplique-aluminio-led-2x6w-ip65-color-negro\/#primaryimage\"},\"image\":{\"@id\":\"https:\/\/ledsolintel.com\/product\/aplique-aluminio-led-2x6w-ip65-color-negro\/#primaryimage\"},\"thumbnailUrl\":\"https:\/\/ledsolintel.com\/wp-content\/uploads\/2025\/11\/aplique-led-2x6w-ip65-color-negro.jpg\",\"datePublished\":\"2025-11-11T15:36:49+00:00\",\"dateModified\":\"2026-04-07T08:19:14+00:00\",\"breadcrumb\":{\"@id\":\"https:\/\/ledsolintel.com\/product\/aplique-aluminio-led-2x6w-ip65-color-negro\/#breadcrumb\"},\"inLanguage\":\"fr-FR\",\"potentialAction\":[{\"@type\":\"ReadAction\",\"target\":[\"https:\/\/ledsolintel.com\/product\/aplique-aluminio-led-2x6w-ip65-color-negro\/\"]}]},{\"@type\":\"ImageObject\",\"inLanguage\":\"fr-FR\",\"@id\":\"https:\/\/ledsolintel.com\/product\/aplique-aluminio-led-2x6w-ip65-color-negro\/#primaryimage\",\"url\":\"https:\/\/ledsolintel.com\/wp-content\/uploads\/2025\/11\/aplique-led-2x6w-ip65-color-negro.jpg\",\"contentUrl\":\"https:\/\/ledsolintel.com\/wp-content\/uploads\/2025\/11\/aplique-led-2x6w-ip65-color-negro.jpg\",\"width\":600,\"height\":600},{\"@type\":\"BreadcrumbList\",\"@id\":\"https:\/\/ledsolintel.com\/product\/aplique-aluminio-led-2x6w-ip65-color-negro\/#breadcrumb\",\"itemListElement\":[{\"@type\":\"ListItem\",\"position\":1,\"name\":\"Portada\",\"item\":\"https:\/\/ledsolintel.com\/fr\/\"},{\"@type\":\"ListItem\",\"position\":2,\"name\":\"Tienda\",\"item\":\"https:\/\/ledsolintel.com\/tienda\/\"},{\"@type\":\"ListItem\",\"position\":3,\"name\":\"Aplique aluminio LED 2x6W IP65 color negro\"}]},{\"@type\":\"WebSite\",\"@id\":\"https:\/\/ledsolintel.com\/#website\",\"url\":\"https:\/\/ledsolintel.com\/\",\"name\":\"Webmenaje\",\"description\":\"Tienda de bombillas y l\u00e1mparas LED para profesionales\",\"publisher\":{\"@id\":\"https:\/\/ledsolintel.com\/#organization\"},\"potentialAction\":[{\"@type\":\"SearchAction\",\"target\":{\"@type\":\"EntryPoint\",\"urlTemplate\":\"https:\/\/ledsolintel.com\/?s={search_term_string}\"},\"query-input\":{\"@type\":\"PropertyValueSpecification\",\"valueRequired\":true,\"valueName\":\"search_term_string\"}}],\"inLanguage\":\"fr-FR\"},{\"@type\":\"Organization\",\"@id\":\"https:\/\/ledsolintel.com\/#organization\",\"name\":\"Solintel Noroeste, S.L.\",\"url\":\"https:\/\/ledsolintel.com\/\",\"logo\":{\"@type\":\"ImageObject\",\"inLanguage\":\"fr-FR\",\"@id\":\"https:\/\/ledsolintel.com\/#\/schema\/logo\/image\/\",\"url\":\"https:\/\/ledsolintel.com\/wp-content\/uploads\/2024\/11\/webmenaje-logo-1508269066.jpg\",\"contentUrl\":\"https:\/\/ledsolintel.com\/wp-content\/uploads\/2024\/11\/webmenaje-logo-1508269066.jpg\",\"width\":370,\"height\":90,\"caption\":\"Solintel Noroeste, S.L.\"},\"image\":{\"@id\":\"https:\/\/ledsolintel.com\/#\/schema\/logo\/image\/\"},\"sameAs\":[\"http:\/\/www.facebook.com\/webmenaje\",\"https:\/\/x.com\/webmenaje\",\"https:\/\/www.youtube.com\/channel\/UCX2KoVoeCG4LocZjUc6LmSQ\",\"http:\/\/www.pinterest.com\/webmenaje\"]}]}<\/script>\n<!-- \/ Yoast SEO plugin. -->","yoast_head_json":{"title":"Aplique aluminio LED 2x6W IP65 color negro - Ledsolintel","robots":{"index":"index","follow":"follow","max-snippet":"max-snippet:-1","max-image-preview":"max-image-preview:large","max-video-preview":"max-video-preview:-1"},"canonical":"https:\/\/ledsolintel.com\/fr\/produit-2\/aplique-aluminio-led-2x6w-ip65-color-negro\/","og_locale":"fr_FR","og_type":"article","og_title":"Aplique aluminio LED 2x6W IP65 color negro - Ledsolintel","og_description":"Aplique LED de aluminio con dos puntos de luz de 6W cada uno y con acabado en color negro. Es una iluminaria ideal para instalar en hogares, fachadas, jardines, restaurantes, terrazas etc. La luz no es regulable. Los LED COB que integra cuentan con una alta eficacia y logra proporcionar un flujo luminoso de 1000 &hellip; Continue reading Aplique aluminio LED 2x6W IP65 color negro","og_url":"https:\/\/ledsolintel.com\/fr\/produit-2\/aplique-aluminio-led-2x6w-ip65-color-negro\/","og_site_name":"Ledsolintel","article_publisher":"http:\/\/www.facebook.com\/webmenaje","article_modified_time":"2026-04-07T08:19:14+00:00","og_image":[{"width":600,"height":600,"url":"https:\/\/ledsolintel.com\/wp-content\/uploads\/2025\/11\/aplique-led-2x6w-ip65-color-negro.jpg","type":"image\/png"}],"twitter_card":"summary_large_image","twitter_site":"@webmenaje","twitter_misc":{"Dur\u00e9e de lecture estim\u00e9e":"1 minute"},"schema":{"@context":"https:\/\/schema.org","@graph":[{"@type":"WebPage","@id":"https:\/\/ledsolintel.com\/product\/aplique-aluminio-led-2x6w-ip65-color-negro\/","url":"https:\/\/ledsolintel.com\/product\/aplique-aluminio-led-2x6w-ip65-color-negro\/","name":"Aplique aluminio LED 2x6W IP65 color negro - Ledsolintel","isPartOf":{"@id":"https:\/\/ledsolintel.com\/#website"},"primaryImageOfPage":{"@id":"https:\/\/ledsolintel.com\/product\/aplique-aluminio-led-2x6w-ip65-color-negro\/#primaryimage"},"image":{"@id":"https:\/\/ledsolintel.com\/product\/aplique-aluminio-led-2x6w-ip65-color-negro\/#primaryimage"},"thumbnailUrl":"https:\/\/ledsolintel.com\/wp-content\/uploads\/2025\/11\/aplique-led-2x6w-ip65-color-negro.jpg","datePublished":"2025-11-11T15:36:49+00:00","dateModified":"2026-04-07T08:19:14+00:00","breadcrumb":{"@id":"https:\/\/ledsolintel.com\/product\/aplique-aluminio-led-2x6w-ip65-color-negro\/#breadcrumb"},"inLanguage":"fr-FR","potentialAction":[{"@type":"ReadAction","target":["https:\/\/ledsolintel.com\/product\/aplique-aluminio-led-2x6w-ip65-color-negro\/"]}]},{"@type":"ImageObject","inLanguage":"fr-FR","@id":"https:\/\/ledsolintel.com\/product\/aplique-aluminio-led-2x6w-ip65-color-negro\/#primaryimage","url":"https:\/\/ledsolintel.com\/wp-content\/uploads\/2025\/11\/aplique-led-2x6w-ip65-color-negro.jpg","contentUrl":"https:\/\/ledsolintel.com\/wp-content\/uploads\/2025\/11\/aplique-led-2x6w-ip65-color-negro.jpg","width":600,"height":600},{"@type":"BreadcrumbList","@id":"https:\/\/ledsolintel.com\/product\/aplique-aluminio-led-2x6w-ip65-color-negro\/#breadcrumb","itemListElement":[{"@type":"ListItem","position":1,"name":"Portada","item":"https:\/\/ledsolintel.com\/fr\/"},{"@type":"ListItem","position":2,"name":"Tienda","item":"https:\/\/ledsolintel.com\/tienda\/"},{"@type":"ListItem","position":3,"name":"Aplique aluminio LED 2x6W IP65 color negro"}]},{"@type":"WebSite","@id":"https:\/\/ledsolintel.com\/#website","url":"https:\/\/ledsolintel.com\/","name":"Webmenaje","description":"Magasin d'ampoules et de lampes LED pour les professionnels","publisher":{"@id":"https:\/\/ledsolintel.com\/#organization"},"potentialAction":[{"@type":"SearchAction","target":{"@type":"EntryPoint","urlTemplate":"https:\/\/ledsolintel.com\/?s={search_term_string}"},"query-input":{"@type":"PropertyValueSpecification","valueRequired":true,"valueName":"search_term_string"}}],"inLanguage":"fr-FR"},{"@type":"Organization","@id":"https:\/\/ledsolintel.com\/#organization","name":"Solintel Noroeste, S.L.","url":"https:\/\/ledsolintel.com\/","logo":{"@type":"ImageObject","inLanguage":"fr-FR","@id":"https:\/\/ledsolintel.com\/#\/schema\/logo\/image\/","url":"https:\/\/ledsolintel.com\/wp-content\/uploads\/2024\/11\/webmenaje-logo-1508269066.jpg","contentUrl":"https:\/\/ledsolintel.com\/wp-content\/uploads\/2024\/11\/webmenaje-logo-1508269066.jpg","width":370,"height":90,"caption":"Solintel Noroeste, S.L."},"image":{"@id":"https:\/\/ledsolintel.com\/#\/schema\/logo\/image\/"},"sameAs":["http:\/\/www.facebook.com\/webmenaje","https:\/\/x.com\/webmenaje","https:\/\/www.youtube.com\/channel\/UCX2KoVoeCG4LocZjUc6LmSQ","http:\/\/www.pinterest.com\/webmenaje"]}]}},"_links":{"self":[{"href":"https:\/\/ledsolintel.com\/fr\/wp-json\/wp\/v2\/product\/267338","targetHints":{"allow":["GET"]}}],"collection":[{"href":"https:\/\/ledsolintel.com\/fr\/wp-json\/wp\/v2\/product"}],"about":[{"href":"https:\/\/ledsolintel.com\/fr\/wp-json\/wp\/v2\/types\/product"}],"version-history":[{"count":1,"href":"https:\/\/ledsolintel.com\/fr\/wp-json\/wp\/v2\/product\/267338\/revisions"}],"predecessor-version":[{"id":267339,"href":"https:\/\/ledsolintel.com\/fr\/wp-json\/wp\/v2\/product\/267338\/revisions\/267339"}],"wp:featuredmedia":[{"embeddable":true,"href":"https:\/\/ledsolintel.com\/fr\/wp-json\/wp\/v2\/media\/260411"}],"wp:attachment":[{"href":"https:\/\/ledsolintel.com\/fr\/wp-json\/wp\/v2\/media?parent=267338"}],"wp:term":[{"taxonomy":"product_brand","embeddable":true,"href":"https:\/\/ledsolintel.com\/fr\/wp-json\/wp\/v2\/product_brand?post=267338"},{"taxonomy":"product_cat","embeddable":true,"href":"https:\/\/ledsolintel.com\/fr\/wp-json\/wp\/v2\/product_cat?post=267338"},{"taxonomy":"product_tag","embeddable":true,"href":"https:\/\/ledsolintel.com\/fr\/wp-json\/wp\/v2\/product_tag?post=267338"}],"curies":[{"name":"wp","href":"https:\/\/api.w.org\/{rel}","templated":true}]}}