{"id":267298,"date":"2025-11-11T16:36:07","date_gmt":"2025-11-11T15:36:07","guid":{"rendered":"https:\/\/nueva.ledsolintel.com\/product\/driver-regulable-para-panel-led-de-15-a-24w\/"},"modified":"2026-02-02T13:33:15","modified_gmt":"2026-02-02T12:33:15","slug":"driver-regulable-para-panel-led-de-15-a-24w","status":"publish","type":"product","link":"https:\/\/ledsolintel.com\/fr\/produit-2\/driver-regulable-para-panel-led-de-15-a-24w\/","title":{"rendered":"Pilote ADJUSTABLE pour panneau LED de 15 \u00e0 24W"},"content":{"rendered":"<p>La fuente de alimentaci\u00f3n driver de intensidad regulable es compatible con el panel LED de 15W a 24W. Es un transformador de corriente y voltaje regulable para los downlight led, su caja de PVC protege de posibles da\u00f1os causados por el agua y el polvo. El objetivo de los drivers es el uso de transformadores electr\u00f3nicos, ahorro de energ\u00eda LED econ\u00f3mica y ecol\u00f3gica. Este driver permite que se regule la intensidad de luz de los downlight led mediante un regulador tipo TRIAC.  Para evitar da\u00f1os en el driver o en la luminaria, se debe realizar la instalaci\u00f3n sin tensi\u00f3n en la red el\u00e9ctrica. Nunca conecte un panel a un driver cuando dicho driver tenga tensi\u00f3n el\u00e9ctrica.  Su instalaci\u00f3n debe realizarse en lugares interiores al poseer un grado de protecci\u00f3n IP20 (protecci\u00f3n contra part\u00edculas s\u00f3lidas de tama\u00f1o superior a 12mm y no es resistente al agua). Soporta una intensidad de 300 mA y una frecuencia de servicio de 50\/60 Hz. Est\u00e1 dise\u00f1ado con las medidas de 68 x 33 x 22 mm.  Adem\u00e1s de ser un producto que tiene m\u00e1s de 30.000 horas de vida, dispone de una garant\u00eda de 3 a\u00f1os. Cuenta tambi\u00e9n con el certificado CE, que acredita que se cumple con los requisitos de la UE respecto a compatibilidad electromagn\u00e9tica y normativa de baja tensi\u00f3n. Con este certificado se declara la conformidad de dicho producto con todos los requisitos legales exigidos, y asegura la validez del producto para ser vendido en todo el Espacio Econ\u00f3mico Europeo.<\/p>","protected":false},"excerpt":{"rendered":"<p>La fuente de alimentaci\u00f3n driver de intensidad regulable es compatible con el panel LED de 15W a 24W. Es un transformador de corriente y voltaje regulable para los downlight led, su caja de PVC protege de posibles da\u00f1os causados por el agua y el polvo. El objetivo de los drivers es el uso de transformadores &hellip; <a href=\"https:\/\/ledsolintel.com\/fr\/produit-2\/driver-regulable-para-panel-led-de-15-a-24w\/\" class=\"more-link\">Continue reading <span class=\"screen-reader-text\">Pilote ADJUSTABLE pour panneau LED de 15 \u00e0 24W<\/span><\/a><\/p>","protected":false},"featured_media":260333,"template":"","meta":[],"product_brand":[101370],"product_cat":[15,100093,99757,101371,99617],"product_tag":[],"class_list":{"0":"post-267298","1":"product","2":"type-product","3":"status-publish","4":"has-post-thumbnail","6":"product_brand-masterled","7":"product_cat-uncategorized","8":"product_cat-balastros-electronicos-y-transformadores","9":"product_cat-balastros-y-transformadores","10":"product_cat-masterled","11":"product_cat-material-electrico","12":"pa_intensidad-regulable","15":"instock","16":"purchasable","17":"product-type-simple"},"yoast_head":"<!-- This site is optimized with the Yoast SEO plugin v26.6 - https:\/\/yoast.com\/wordpress\/plugins\/seo\/ -->\n<title>Driver REGULABLE para panel LED de 15 a 24W - Ledsolintel<\/title>\n<meta name=\"robots\" content=\"index, follow, max-snippet:-1, max-image-preview:large, max-video-preview:-1\" \/>\n<link rel=\"canonical\" href=\"https:\/\/ledsolintel.com\/fr\/produit-2\/driver-regulable-para-panel-led-de-15-a-24w\/\" \/>\n<meta property=\"og:locale\" content=\"fr_FR\" \/>\n<meta property=\"og:type\" content=\"article\" \/>\n<meta property=\"og:title\" content=\"Driver REGULABLE para panel LED de 15 a 24W - Ledsolintel\" \/>\n<meta property=\"og:description\" content=\"La fuente de alimentaci\u00f3n driver de intensidad regulable es compatible con el panel LED de 15W a 24W. Es un transformador de corriente y voltaje regulable para los downlight led, su caja de PVC protege de posibles da\u00f1os causados por el agua y el polvo. El objetivo de los drivers es el uso de transformadores &hellip; Continue reading Driver REGULABLE para panel LED de 15 a 24W\" \/>\n<meta property=\"og:url\" content=\"https:\/\/ledsolintel.com\/fr\/produit-2\/driver-regulable-para-panel-led-de-15-a-24w\/\" \/>\n<meta property=\"og:site_name\" content=\"Ledsolintel\" \/>\n<meta property=\"article:publisher\" content=\"http:\/\/www.facebook.com\/webmenaje\" \/>\n<meta property=\"article:modified_time\" content=\"2026-02-02T12:33:15+00:00\" \/>\n<meta property=\"og:image\" content=\"https:\/\/ledsolintel.com\/wp-content\/uploads\/2025\/11\/driver-regulable-para-panel-led-de-24w.jpg\" \/>\n\t<meta property=\"og:image:width\" content=\"1500\" \/>\n\t<meta property=\"og:image:height\" content=\"1500\" \/>\n\t<meta property=\"og:image:type\" content=\"image\/jpeg\" \/>\n<meta name=\"twitter:card\" content=\"summary_large_image\" \/>\n<meta name=\"twitter:site\" content=\"@webmenaje\" \/>\n<meta name=\"twitter:label1\" content=\"Dur\u00e9e de lecture estim\u00e9e\" \/>\n\t<meta name=\"twitter:data1\" content=\"1 minute\" \/>\n<script type=\"application\/ld+json\" class=\"yoast-schema-graph\">{\"@context\":\"https:\/\/schema.org\",\"@graph\":[{\"@type\":\"WebPage\",\"@id\":\"https:\/\/ledsolintel.com\/product\/driver-regulable-para-panel-led-de-15-a-24w\/\",\"url\":\"https:\/\/ledsolintel.com\/product\/driver-regulable-para-panel-led-de-15-a-24w\/\",\"name\":\"Driver REGULABLE para panel LED de 15 a 24W - Ledsolintel\",\"isPartOf\":{\"@id\":\"https:\/\/ledsolintel.com\/#website\"},\"primaryImageOfPage\":{\"@id\":\"https:\/\/ledsolintel.com\/product\/driver-regulable-para-panel-led-de-15-a-24w\/#primaryimage\"},\"image\":{\"@id\":\"https:\/\/ledsolintel.com\/product\/driver-regulable-para-panel-led-de-15-a-24w\/#primaryimage\"},\"thumbnailUrl\":\"https:\/\/ledsolintel.com\/wp-content\/uploads\/2025\/11\/driver-regulable-para-panel-led-de-24w.jpg\",\"datePublished\":\"2025-11-11T15:36:07+00:00\",\"dateModified\":\"2026-02-02T12:33:15+00:00\",\"breadcrumb\":{\"@id\":\"https:\/\/ledsolintel.com\/product\/driver-regulable-para-panel-led-de-15-a-24w\/#breadcrumb\"},\"inLanguage\":\"fr-FR\",\"potentialAction\":[{\"@type\":\"ReadAction\",\"target\":[\"https:\/\/ledsolintel.com\/product\/driver-regulable-para-panel-led-de-15-a-24w\/\"]}]},{\"@type\":\"ImageObject\",\"inLanguage\":\"fr-FR\",\"@id\":\"https:\/\/ledsolintel.com\/product\/driver-regulable-para-panel-led-de-15-a-24w\/#primaryimage\",\"url\":\"https:\/\/ledsolintel.com\/wp-content\/uploads\/2025\/11\/driver-regulable-para-panel-led-de-24w.jpg\",\"contentUrl\":\"https:\/\/ledsolintel.com\/wp-content\/uploads\/2025\/11\/driver-regulable-para-panel-led-de-24w.jpg\",\"width\":1500,\"height\":1500},{\"@type\":\"BreadcrumbList\",\"@id\":\"https:\/\/ledsolintel.com\/product\/driver-regulable-para-panel-led-de-15-a-24w\/#breadcrumb\",\"itemListElement\":[{\"@type\":\"ListItem\",\"position\":1,\"name\":\"Portada\",\"item\":\"https:\/\/ledsolintel.com\/fr\/\"},{\"@type\":\"ListItem\",\"position\":2,\"name\":\"Tienda\",\"item\":\"https:\/\/ledsolintel.com\/tienda\/\"},{\"@type\":\"ListItem\",\"position\":3,\"name\":\"Driver REGULABLE para panel LED de 15 a 24W\"}]},{\"@type\":\"WebSite\",\"@id\":\"https:\/\/ledsolintel.com\/#website\",\"url\":\"https:\/\/ledsolintel.com\/\",\"name\":\"Webmenaje\",\"description\":\"Tienda de bombillas y l\u00e1mparas LED para profesionales\",\"publisher\":{\"@id\":\"https:\/\/ledsolintel.com\/#organization\"},\"potentialAction\":[{\"@type\":\"SearchAction\",\"target\":{\"@type\":\"EntryPoint\",\"urlTemplate\":\"https:\/\/ledsolintel.com\/?s={search_term_string}\"},\"query-input\":{\"@type\":\"PropertyValueSpecification\",\"valueRequired\":true,\"valueName\":\"search_term_string\"}}],\"inLanguage\":\"fr-FR\"},{\"@type\":\"Organization\",\"@id\":\"https:\/\/ledsolintel.com\/#organization\",\"name\":\"Solintel Noroeste, S.L.\",\"url\":\"https:\/\/ledsolintel.com\/\",\"logo\":{\"@type\":\"ImageObject\",\"inLanguage\":\"fr-FR\",\"@id\":\"https:\/\/ledsolintel.com\/#\/schema\/logo\/image\/\",\"url\":\"https:\/\/ledsolintel.com\/wp-content\/uploads\/2024\/11\/webmenaje-logo-1508269066.jpg\",\"contentUrl\":\"https:\/\/ledsolintel.com\/wp-content\/uploads\/2024\/11\/webmenaje-logo-1508269066.jpg\",\"width\":370,\"height\":90,\"caption\":\"Solintel Noroeste, S.L.\"},\"image\":{\"@id\":\"https:\/\/ledsolintel.com\/#\/schema\/logo\/image\/\"},\"sameAs\":[\"http:\/\/www.facebook.com\/webmenaje\",\"https:\/\/x.com\/webmenaje\",\"https:\/\/www.youtube.com\/channel\/UCX2KoVoeCG4LocZjUc6LmSQ\",\"http:\/\/www.pinterest.com\/webmenaje\"]}]}<\/script>\n<!-- \/ Yoast SEO plugin. -->","yoast_head_json":{"title":"Driver REGULABLE para panel LED de 15 a 24W - Ledsolintel","robots":{"index":"index","follow":"follow","max-snippet":"max-snippet:-1","max-image-preview":"max-image-preview:large","max-video-preview":"max-video-preview:-1"},"canonical":"https:\/\/ledsolintel.com\/fr\/produit-2\/driver-regulable-para-panel-led-de-15-a-24w\/","og_locale":"fr_FR","og_type":"article","og_title":"Driver REGULABLE para panel LED de 15 a 24W - Ledsolintel","og_description":"La fuente de alimentaci\u00f3n driver de intensidad regulable es compatible con el panel LED de 15W a 24W. Es un transformador de corriente y voltaje regulable para los downlight led, su caja de PVC protege de posibles da\u00f1os causados por el agua y el polvo. El objetivo de los drivers es el uso de transformadores &hellip; Continue reading Driver REGULABLE para panel LED de 15 a 24W","og_url":"https:\/\/ledsolintel.com\/fr\/produit-2\/driver-regulable-para-panel-led-de-15-a-24w\/","og_site_name":"Ledsolintel","article_publisher":"http:\/\/www.facebook.com\/webmenaje","article_modified_time":"2026-02-02T12:33:15+00:00","og_image":[{"width":1500,"height":1500,"url":"https:\/\/ledsolintel.com\/wp-content\/uploads\/2025\/11\/driver-regulable-para-panel-led-de-24w.jpg","type":"image\/jpeg"}],"twitter_card":"summary_large_image","twitter_site":"@webmenaje","twitter_misc":{"Dur\u00e9e de lecture estim\u00e9e":"1 minute"},"schema":{"@context":"https:\/\/schema.org","@graph":[{"@type":"WebPage","@id":"https:\/\/ledsolintel.com\/product\/driver-regulable-para-panel-led-de-15-a-24w\/","url":"https:\/\/ledsolintel.com\/product\/driver-regulable-para-panel-led-de-15-a-24w\/","name":"Driver REGULABLE para panel LED de 15 a 24W - Ledsolintel","isPartOf":{"@id":"https:\/\/ledsolintel.com\/#website"},"primaryImageOfPage":{"@id":"https:\/\/ledsolintel.com\/product\/driver-regulable-para-panel-led-de-15-a-24w\/#primaryimage"},"image":{"@id":"https:\/\/ledsolintel.com\/product\/driver-regulable-para-panel-led-de-15-a-24w\/#primaryimage"},"thumbnailUrl":"https:\/\/ledsolintel.com\/wp-content\/uploads\/2025\/11\/driver-regulable-para-panel-led-de-24w.jpg","datePublished":"2025-11-11T15:36:07+00:00","dateModified":"2026-02-02T12:33:15+00:00","breadcrumb":{"@id":"https:\/\/ledsolintel.com\/product\/driver-regulable-para-panel-led-de-15-a-24w\/#breadcrumb"},"inLanguage":"fr-FR","potentialAction":[{"@type":"ReadAction","target":["https:\/\/ledsolintel.com\/product\/driver-regulable-para-panel-led-de-15-a-24w\/"]}]},{"@type":"ImageObject","inLanguage":"fr-FR","@id":"https:\/\/ledsolintel.com\/product\/driver-regulable-para-panel-led-de-15-a-24w\/#primaryimage","url":"https:\/\/ledsolintel.com\/wp-content\/uploads\/2025\/11\/driver-regulable-para-panel-led-de-24w.jpg","contentUrl":"https:\/\/ledsolintel.com\/wp-content\/uploads\/2025\/11\/driver-regulable-para-panel-led-de-24w.jpg","width":1500,"height":1500},{"@type":"BreadcrumbList","@id":"https:\/\/ledsolintel.com\/product\/driver-regulable-para-panel-led-de-15-a-24w\/#breadcrumb","itemListElement":[{"@type":"ListItem","position":1,"name":"Portada","item":"https:\/\/ledsolintel.com\/fr\/"},{"@type":"ListItem","position":2,"name":"Tienda","item":"https:\/\/ledsolintel.com\/tienda\/"},{"@type":"ListItem","position":3,"name":"Driver REGULABLE para panel LED de 15 a 24W"}]},{"@type":"WebSite","@id":"https:\/\/ledsolintel.com\/#website","url":"https:\/\/ledsolintel.com\/","name":"Webmenaje","description":"Magasin d'ampoules et de lampes LED pour les professionnels","publisher":{"@id":"https:\/\/ledsolintel.com\/#organization"},"potentialAction":[{"@type":"SearchAction","target":{"@type":"EntryPoint","urlTemplate":"https:\/\/ledsolintel.com\/?s={search_term_string}"},"query-input":{"@type":"PropertyValueSpecification","valueRequired":true,"valueName":"search_term_string"}}],"inLanguage":"fr-FR"},{"@type":"Organization","@id":"https:\/\/ledsolintel.com\/#organization","name":"Solintel Noroeste, S.L.","url":"https:\/\/ledsolintel.com\/","logo":{"@type":"ImageObject","inLanguage":"fr-FR","@id":"https:\/\/ledsolintel.com\/#\/schema\/logo\/image\/","url":"https:\/\/ledsolintel.com\/wp-content\/uploads\/2024\/11\/webmenaje-logo-1508269066.jpg","contentUrl":"https:\/\/ledsolintel.com\/wp-content\/uploads\/2024\/11\/webmenaje-logo-1508269066.jpg","width":370,"height":90,"caption":"Solintel Noroeste, S.L."},"image":{"@id":"https:\/\/ledsolintel.com\/#\/schema\/logo\/image\/"},"sameAs":["http:\/\/www.facebook.com\/webmenaje","https:\/\/x.com\/webmenaje","https:\/\/www.youtube.com\/channel\/UCX2KoVoeCG4LocZjUc6LmSQ","http:\/\/www.pinterest.com\/webmenaje"]}]}},"_links":{"self":[{"href":"https:\/\/ledsolintel.com\/fr\/wp-json\/wp\/v2\/product\/267298","targetHints":{"allow":["GET"]}}],"collection":[{"href":"https:\/\/ledsolintel.com\/fr\/wp-json\/wp\/v2\/product"}],"about":[{"href":"https:\/\/ledsolintel.com\/fr\/wp-json\/wp\/v2\/types\/product"}],"version-history":[{"count":1,"href":"https:\/\/ledsolintel.com\/fr\/wp-json\/wp\/v2\/product\/267298\/revisions"}],"predecessor-version":[{"id":267299,"href":"https:\/\/ledsolintel.com\/fr\/wp-json\/wp\/v2\/product\/267298\/revisions\/267299"}],"wp:featuredmedia":[{"embeddable":true,"href":"https:\/\/ledsolintel.com\/fr\/wp-json\/wp\/v2\/media\/260333"}],"wp:attachment":[{"href":"https:\/\/ledsolintel.com\/fr\/wp-json\/wp\/v2\/media?parent=267298"}],"wp:term":[{"taxonomy":"product_brand","embeddable":true,"href":"https:\/\/ledsolintel.com\/fr\/wp-json\/wp\/v2\/product_brand?post=267298"},{"taxonomy":"product_cat","embeddable":true,"href":"https:\/\/ledsolintel.com\/fr\/wp-json\/wp\/v2\/product_cat?post=267298"},{"taxonomy":"product_tag","embeddable":true,"href":"https:\/\/ledsolintel.com\/fr\/wp-json\/wp\/v2\/product_tag?post=267298"}],"curies":[{"name":"wp","href":"https:\/\/api.w.org\/{rel}","templated":true}]}}