{"id":267292,"date":"2025-11-11T16:36:01","date_gmt":"2025-11-11T15:36:01","guid":{"rendered":"https:\/\/nueva.ledsolintel.com\/product\/adaptador-60mm-para-soporte-farola\/"},"modified":"2026-04-07T10:19:14","modified_gmt":"2026-04-07T08:19:14","slug":"adaptador-60mm-para-soporte-farola","status":"publish","type":"product","link":"https:\/\/ledsolintel.com\/fr\/produit-2\/adaptador-60mm-para-soporte-farola\/","title":{"rendered":"Adaptateur 60mm pour support de lampadaire"},"content":{"rendered":"<p>Adaptador cil\u00edndrico fabricado en aluminio de 60 mm de di\u00e1metro.Este adaptador se combina con el\u00a0Soporte r\u00edgido para farola\u00a0permitiendo as\u00ed colocar en este \u00faltimo farolas de cuello grande (m\u00e1s de 60 mm)Colocando este adaptador en el soporte r\u00edgido se pueden instalar las siguientes farolas MasterLED:-\u00a0Farola LED 60W PHILIPS &#8211; MEAN WELL-\u00a0Farola LED 100W PHILIPS &#8211; MEAN WELL-\u00a0Farola LED 120W PHILIPS &#8211; MEAN WELL-\u00a0Farola LED 150W PHILIPS &#8211; MEAN WELL\u00a0<\/p>","protected":false},"excerpt":{"rendered":"<p>Adaptador cil\u00edndrico fabricado en aluminio de 60 mm de di\u00e1metro.Este adaptador se combina con el\u00a0Soporte r\u00edgido para farola\u00a0permitiendo as\u00ed colocar en este \u00faltimo farolas de cuello grande (m\u00e1s de 60 mm)Colocando este adaptador en el soporte r\u00edgido se pueden instalar las siguientes farolas MasterLED:-\u00a0Farola LED 60W PHILIPS &#8211; MEAN WELL-\u00a0Farola LED 100W PHILIPS &#8211; MEAN &hellip; <a href=\"https:\/\/ledsolintel.com\/fr\/produit-2\/adaptador-60mm-para-soporte-farola\/\" class=\"more-link\">Continue reading <span class=\"screen-reader-text\">Adaptateur 60mm pour support de lampadaire<\/span><\/a><\/p>","protected":false},"featured_media":260317,"template":"","meta":[],"product_brand":[101370],"product_cat":[15,101371],"product_tag":[],"class_list":{"0":"post-267292","1":"product","2":"type-product","3":"status-publish","4":"has-post-thumbnail","6":"product_brand-masterled","7":"product_cat-uncategorized","8":"product_cat-masterled","9":"pa_material-aluminio","12":"instock","13":"taxable","14":"shipping-taxable","15":"purchasable","16":"product-type-simple"},"yoast_head":"<!-- This site is optimized with the Yoast SEO plugin v26.6 - https:\/\/yoast.com\/wordpress\/plugins\/seo\/ -->\n<title>Adaptador 60mm para soporte farola - Ledsolintel<\/title>\n<meta name=\"robots\" content=\"index, follow, max-snippet:-1, max-image-preview:large, max-video-preview:-1\" \/>\n<link rel=\"canonical\" href=\"https:\/\/ledsolintel.com\/fr\/produit-2\/adaptador-60mm-para-soporte-farola\/\" \/>\n<meta property=\"og:locale\" content=\"fr_FR\" \/>\n<meta property=\"og:type\" content=\"article\" \/>\n<meta property=\"og:title\" content=\"Adaptador 60mm para soporte farola - Ledsolintel\" \/>\n<meta property=\"og:description\" content=\"Adaptador cil\u00edndrico fabricado en aluminio de 60 mm de di\u00e1metro.Este adaptador se combina con el\u00a0Soporte r\u00edgido para farola\u00a0permitiendo as\u00ed colocar en este \u00faltimo farolas de cuello grande (m\u00e1s de 60 mm)Colocando este adaptador en el soporte r\u00edgido se pueden instalar las siguientes farolas MasterLED:-\u00a0Farola LED 60W PHILIPS &#8211; MEAN WELL-\u00a0Farola LED 100W PHILIPS &#8211; MEAN &hellip; Continue reading Adaptador 60mm para soporte farola\" \/>\n<meta property=\"og:url\" content=\"https:\/\/ledsolintel.com\/fr\/produit-2\/adaptador-60mm-para-soporte-farola\/\" \/>\n<meta property=\"og:site_name\" content=\"Ledsolintel\" \/>\n<meta property=\"article:publisher\" content=\"http:\/\/www.facebook.com\/webmenaje\" \/>\n<meta property=\"article:modified_time\" content=\"2026-04-07T08:19:14+00:00\" \/>\n<meta property=\"og:image\" content=\"https:\/\/ledsolintel.com\/wp-content\/uploads\/2025\/11\/adaptador-60mm-para-soporte-farola.jpg\" \/>\n\t<meta property=\"og:image:width\" content=\"1500\" \/>\n\t<meta property=\"og:image:height\" content=\"1500\" \/>\n\t<meta property=\"og:image:type\" content=\"image\/jpeg\" \/>\n<meta name=\"twitter:card\" content=\"summary_large_image\" \/>\n<meta name=\"twitter:site\" content=\"@webmenaje\" \/>\n<script type=\"application\/ld+json\" class=\"yoast-schema-graph\">{\"@context\":\"https:\/\/schema.org\",\"@graph\":[{\"@type\":\"WebPage\",\"@id\":\"https:\/\/ledsolintel.com\/product\/adaptador-60mm-para-soporte-farola\/\",\"url\":\"https:\/\/ledsolintel.com\/product\/adaptador-60mm-para-soporte-farola\/\",\"name\":\"Adaptador 60mm para soporte farola - Ledsolintel\",\"isPartOf\":{\"@id\":\"https:\/\/ledsolintel.com\/#website\"},\"primaryImageOfPage\":{\"@id\":\"https:\/\/ledsolintel.com\/product\/adaptador-60mm-para-soporte-farola\/#primaryimage\"},\"image\":{\"@id\":\"https:\/\/ledsolintel.com\/product\/adaptador-60mm-para-soporte-farola\/#primaryimage\"},\"thumbnailUrl\":\"https:\/\/ledsolintel.com\/wp-content\/uploads\/2025\/11\/adaptador-60mm-para-soporte-farola.jpg\",\"datePublished\":\"2025-11-11T15:36:01+00:00\",\"dateModified\":\"2026-04-07T08:19:14+00:00\",\"breadcrumb\":{\"@id\":\"https:\/\/ledsolintel.com\/product\/adaptador-60mm-para-soporte-farola\/#breadcrumb\"},\"inLanguage\":\"fr-FR\",\"potentialAction\":[{\"@type\":\"ReadAction\",\"target\":[\"https:\/\/ledsolintel.com\/product\/adaptador-60mm-para-soporte-farola\/\"]}]},{\"@type\":\"ImageObject\",\"inLanguage\":\"fr-FR\",\"@id\":\"https:\/\/ledsolintel.com\/product\/adaptador-60mm-para-soporte-farola\/#primaryimage\",\"url\":\"https:\/\/ledsolintel.com\/wp-content\/uploads\/2025\/11\/adaptador-60mm-para-soporte-farola.jpg\",\"contentUrl\":\"https:\/\/ledsolintel.com\/wp-content\/uploads\/2025\/11\/adaptador-60mm-para-soporte-farola.jpg\",\"width\":1500,\"height\":1500},{\"@type\":\"BreadcrumbList\",\"@id\":\"https:\/\/ledsolintel.com\/product\/adaptador-60mm-para-soporte-farola\/#breadcrumb\",\"itemListElement\":[{\"@type\":\"ListItem\",\"position\":1,\"name\":\"Portada\",\"item\":\"https:\/\/ledsolintel.com\/fr\/\"},{\"@type\":\"ListItem\",\"position\":2,\"name\":\"Tienda\",\"item\":\"https:\/\/ledsolintel.com\/tienda\/\"},{\"@type\":\"ListItem\",\"position\":3,\"name\":\"Adaptador 60mm para soporte farola\"}]},{\"@type\":\"WebSite\",\"@id\":\"https:\/\/ledsolintel.com\/#website\",\"url\":\"https:\/\/ledsolintel.com\/\",\"name\":\"Webmenaje\",\"description\":\"Tienda de bombillas y l\u00e1mparas LED para profesionales\",\"publisher\":{\"@id\":\"https:\/\/ledsolintel.com\/#organization\"},\"potentialAction\":[{\"@type\":\"SearchAction\",\"target\":{\"@type\":\"EntryPoint\",\"urlTemplate\":\"https:\/\/ledsolintel.com\/?s={search_term_string}\"},\"query-input\":{\"@type\":\"PropertyValueSpecification\",\"valueRequired\":true,\"valueName\":\"search_term_string\"}}],\"inLanguage\":\"fr-FR\"},{\"@type\":\"Organization\",\"@id\":\"https:\/\/ledsolintel.com\/#organization\",\"name\":\"Solintel Noroeste, S.L.\",\"url\":\"https:\/\/ledsolintel.com\/\",\"logo\":{\"@type\":\"ImageObject\",\"inLanguage\":\"fr-FR\",\"@id\":\"https:\/\/ledsolintel.com\/#\/schema\/logo\/image\/\",\"url\":\"https:\/\/ledsolintel.com\/wp-content\/uploads\/2024\/11\/webmenaje-logo-1508269066.jpg\",\"contentUrl\":\"https:\/\/ledsolintel.com\/wp-content\/uploads\/2024\/11\/webmenaje-logo-1508269066.jpg\",\"width\":370,\"height\":90,\"caption\":\"Solintel Noroeste, S.L.\"},\"image\":{\"@id\":\"https:\/\/ledsolintel.com\/#\/schema\/logo\/image\/\"},\"sameAs\":[\"http:\/\/www.facebook.com\/webmenaje\",\"https:\/\/x.com\/webmenaje\",\"https:\/\/www.youtube.com\/channel\/UCX2KoVoeCG4LocZjUc6LmSQ\",\"http:\/\/www.pinterest.com\/webmenaje\"]}]}<\/script>\n<!-- \/ Yoast SEO plugin. -->","yoast_head_json":{"title":"Adaptador 60mm para soporte farola - Ledsolintel","robots":{"index":"index","follow":"follow","max-snippet":"max-snippet:-1","max-image-preview":"max-image-preview:large","max-video-preview":"max-video-preview:-1"},"canonical":"https:\/\/ledsolintel.com\/fr\/produit-2\/adaptador-60mm-para-soporte-farola\/","og_locale":"fr_FR","og_type":"article","og_title":"Adaptador 60mm para soporte farola - Ledsolintel","og_description":"Adaptador cil\u00edndrico fabricado en aluminio de 60 mm de di\u00e1metro.Este adaptador se combina con el\u00a0Soporte r\u00edgido para farola\u00a0permitiendo as\u00ed colocar en este \u00faltimo farolas de cuello grande (m\u00e1s de 60 mm)Colocando este adaptador en el soporte r\u00edgido se pueden instalar las siguientes farolas MasterLED:-\u00a0Farola LED 60W PHILIPS &#8211; MEAN WELL-\u00a0Farola LED 100W PHILIPS &#8211; MEAN &hellip; Continue reading Adaptador 60mm para soporte farola","og_url":"https:\/\/ledsolintel.com\/fr\/produit-2\/adaptador-60mm-para-soporte-farola\/","og_site_name":"Ledsolintel","article_publisher":"http:\/\/www.facebook.com\/webmenaje","article_modified_time":"2026-04-07T08:19:14+00:00","og_image":[{"width":1500,"height":1500,"url":"https:\/\/ledsolintel.com\/wp-content\/uploads\/2025\/11\/adaptador-60mm-para-soporte-farola.jpg","type":"image\/jpeg"}],"twitter_card":"summary_large_image","twitter_site":"@webmenaje","schema":{"@context":"https:\/\/schema.org","@graph":[{"@type":"WebPage","@id":"https:\/\/ledsolintel.com\/product\/adaptador-60mm-para-soporte-farola\/","url":"https:\/\/ledsolintel.com\/product\/adaptador-60mm-para-soporte-farola\/","name":"Adaptador 60mm para soporte farola - Ledsolintel","isPartOf":{"@id":"https:\/\/ledsolintel.com\/#website"},"primaryImageOfPage":{"@id":"https:\/\/ledsolintel.com\/product\/adaptador-60mm-para-soporte-farola\/#primaryimage"},"image":{"@id":"https:\/\/ledsolintel.com\/product\/adaptador-60mm-para-soporte-farola\/#primaryimage"},"thumbnailUrl":"https:\/\/ledsolintel.com\/wp-content\/uploads\/2025\/11\/adaptador-60mm-para-soporte-farola.jpg","datePublished":"2025-11-11T15:36:01+00:00","dateModified":"2026-04-07T08:19:14+00:00","breadcrumb":{"@id":"https:\/\/ledsolintel.com\/product\/adaptador-60mm-para-soporte-farola\/#breadcrumb"},"inLanguage":"fr-FR","potentialAction":[{"@type":"ReadAction","target":["https:\/\/ledsolintel.com\/product\/adaptador-60mm-para-soporte-farola\/"]}]},{"@type":"ImageObject","inLanguage":"fr-FR","@id":"https:\/\/ledsolintel.com\/product\/adaptador-60mm-para-soporte-farola\/#primaryimage","url":"https:\/\/ledsolintel.com\/wp-content\/uploads\/2025\/11\/adaptador-60mm-para-soporte-farola.jpg","contentUrl":"https:\/\/ledsolintel.com\/wp-content\/uploads\/2025\/11\/adaptador-60mm-para-soporte-farola.jpg","width":1500,"height":1500},{"@type":"BreadcrumbList","@id":"https:\/\/ledsolintel.com\/product\/adaptador-60mm-para-soporte-farola\/#breadcrumb","itemListElement":[{"@type":"ListItem","position":1,"name":"Portada","item":"https:\/\/ledsolintel.com\/fr\/"},{"@type":"ListItem","position":2,"name":"Tienda","item":"https:\/\/ledsolintel.com\/tienda\/"},{"@type":"ListItem","position":3,"name":"Adaptador 60mm para soporte farola"}]},{"@type":"WebSite","@id":"https:\/\/ledsolintel.com\/#website","url":"https:\/\/ledsolintel.com\/","name":"Webmenaje","description":"Magasin d'ampoules et de lampes LED pour les professionnels","publisher":{"@id":"https:\/\/ledsolintel.com\/#organization"},"potentialAction":[{"@type":"SearchAction","target":{"@type":"EntryPoint","urlTemplate":"https:\/\/ledsolintel.com\/?s={search_term_string}"},"query-input":{"@type":"PropertyValueSpecification","valueRequired":true,"valueName":"search_term_string"}}],"inLanguage":"fr-FR"},{"@type":"Organization","@id":"https:\/\/ledsolintel.com\/#organization","name":"Solintel Noroeste, S.L.","url":"https:\/\/ledsolintel.com\/","logo":{"@type":"ImageObject","inLanguage":"fr-FR","@id":"https:\/\/ledsolintel.com\/#\/schema\/logo\/image\/","url":"https:\/\/ledsolintel.com\/wp-content\/uploads\/2024\/11\/webmenaje-logo-1508269066.jpg","contentUrl":"https:\/\/ledsolintel.com\/wp-content\/uploads\/2024\/11\/webmenaje-logo-1508269066.jpg","width":370,"height":90,"caption":"Solintel Noroeste, S.L."},"image":{"@id":"https:\/\/ledsolintel.com\/#\/schema\/logo\/image\/"},"sameAs":["http:\/\/www.facebook.com\/webmenaje","https:\/\/x.com\/webmenaje","https:\/\/www.youtube.com\/channel\/UCX2KoVoeCG4LocZjUc6LmSQ","http:\/\/www.pinterest.com\/webmenaje"]}]}},"_links":{"self":[{"href":"https:\/\/ledsolintel.com\/fr\/wp-json\/wp\/v2\/product\/267292","targetHints":{"allow":["GET"]}}],"collection":[{"href":"https:\/\/ledsolintel.com\/fr\/wp-json\/wp\/v2\/product"}],"about":[{"href":"https:\/\/ledsolintel.com\/fr\/wp-json\/wp\/v2\/types\/product"}],"version-history":[{"count":1,"href":"https:\/\/ledsolintel.com\/fr\/wp-json\/wp\/v2\/product\/267292\/revisions"}],"predecessor-version":[{"id":267293,"href":"https:\/\/ledsolintel.com\/fr\/wp-json\/wp\/v2\/product\/267292\/revisions\/267293"}],"wp:featuredmedia":[{"embeddable":true,"href":"https:\/\/ledsolintel.com\/fr\/wp-json\/wp\/v2\/media\/260317"}],"wp:attachment":[{"href":"https:\/\/ledsolintel.com\/fr\/wp-json\/wp\/v2\/media?parent=267292"}],"wp:term":[{"taxonomy":"product_brand","embeddable":true,"href":"https:\/\/ledsolintel.com\/fr\/wp-json\/wp\/v2\/product_brand?post=267292"},{"taxonomy":"product_cat","embeddable":true,"href":"https:\/\/ledsolintel.com\/fr\/wp-json\/wp\/v2\/product_cat?post=267292"},{"taxonomy":"product_tag","embeddable":true,"href":"https:\/\/ledsolintel.com\/fr\/wp-json\/wp\/v2\/product_tag?post=267292"}],"curies":[{"name":"wp","href":"https:\/\/api.w.org\/{rel}","templated":true}]}}