{"id":267277,"date":"2025-11-11T16:35:46","date_gmt":"2025-11-11T15:35:46","guid":{"rendered":"https:\/\/nueva.ledsolintel.com\/product\/interruptor-inalambrico-digital\/"},"modified":"2026-04-07T10:19:15","modified_gmt":"2026-04-07T08:19:15","slug":"commutateur-numerique-sans-fil","status":"publish","type":"product","link":"https:\/\/ledsolintel.com\/fr\/produit-2\/commutateur-numerique-sans-fil\/","title":{"rendered":"Commutateur num\u00e9rique sans fil"},"content":{"rendered":"<p>L'interrupteur num\u00e9rique sans fil permet une installation simple qui \u00e9vite les travaux de c\u00e2blage et de construction. Il se compose d'un interrupteur num\u00e9rique et d'une t\u00e9l\u00e9commande. Sa port\u00e9e est de 30 m \u00e0 l'int\u00e9rieur. L'interrupteur est branch\u00e9 directement sur le secteur et la t\u00e9l\u00e9commande est aliment\u00e9e par une batterie de 12V. Il s'agit d'un produit tr\u00e8s polyvalent car il est compatible avec tous les types de luminaires (incandescents, \u00e0 \u00e9conomie d'\u00e9nergie et LED).  Il peut supporter une tension d'entr\u00e9e de 220\/240V et une fr\u00e9quence de fonctionnement de 50\/60 Hz. Il est con\u00e7u en aluminium et en PVC et mesure 58 x 42 x 20 mm.  Les puissances maximales support\u00e9es sont  - Incandescence : 1000W - Basse consommation : 300W - LED : 200W Gr\u00e2ce \u00e0 son degr\u00e9 de protection IP20, il est id\u00e9al pour une installation en int\u00e9rieur (protection contre les particules solides de plus de 12 mm et il n'est pas \u00e9tanche).  En plus d'\u00eatre un produit qui a une dur\u00e9e de vie de plus de 30 000 heures, il b\u00e9n\u00e9ficie d'une garantie de 3 ans. Il poss\u00e8de \u00e9galement le certificat CE, qui atteste qu'il est conforme aux exigences de l'UE en mati\u00e8re de compatibilit\u00e9 \u00e9lectromagn\u00e9tique et de basse tension. Ce certificat d\u00e9clare la conformit\u00e9 du produit \u00e0 toutes les exigences l\u00e9gales et garantit la validit\u00e9 de la vente du produit dans l'Espace \u00e9conomique europ\u00e9en.  Batterie de l'unit\u00e9 de contr\u00f4le incluse.<\/p>","protected":false},"excerpt":{"rendered":"<p>El interruptor digital inal\u00e1mbrico permite una instalaci\u00f3n sencilla evitando el cableado y obras para su colocaci\u00f3n. Se compone de un interruptor digital y un mando a distancia. Tiene un rango de alcance de 30 m en interiores. El interruptor se conecta directamente a la red y el mando se alimenta con una pila de 12V. &hellip; <a href=\"https:\/\/ledsolintel.com\/fr\/produit-2\/commutateur-numerique-sans-fil\/\" class=\"more-link\">Continue reading <span class=\"screen-reader-text\">Commutateur num\u00e9rique sans fil<\/span><\/a><\/p>","protected":false},"featured_media":260287,"template":"","meta":[],"product_brand":[101370],"product_cat":[101371,99617,15],"product_tag":[],"class_list":{"0":"post-267277","1":"product","2":"type-product","3":"status-publish","4":"has-post-thumbnail","6":"product_brand-masterled","7":"product_cat-masterled","8":"product_cat-material-electrico","9":"product_cat-uncategorized","10":"pa_tipo-control-radiofrecuencia","13":"instock","14":"taxable","15":"shipping-taxable","16":"purchasable","17":"product-type-simple"},"yoast_head":"<!-- This site is optimized with the Yoast SEO plugin v27.4 - https:\/\/yoast.com\/product\/yoast-seo-wordpress\/ -->\n<title>Interruptor inal\u00e1mbrico digital - Ledsolintel<\/title>\n<meta name=\"robots\" content=\"index, follow, max-snippet:-1, max-image-preview:large, max-video-preview:-1\" \/>\n<link rel=\"canonical\" href=\"https:\/\/ledsolintel.com\/fr\/produit-2\/commutateur-numerique-sans-fil\/\" \/>\n<meta property=\"og:locale\" content=\"fr_FR\" \/>\n<meta property=\"og:type\" content=\"article\" \/>\n<meta property=\"og:title\" content=\"Interruptor inal\u00e1mbrico digital - Ledsolintel\" \/>\n<meta property=\"og:description\" content=\"El interruptor digital inal\u00e1mbrico permite una instalaci\u00f3n sencilla evitando el cableado y obras para su colocaci\u00f3n. Se compone de un interruptor digital y un mando a distancia. Tiene un rango de alcance de 30 m en interiores. El interruptor se conecta directamente a la red y el mando se alimenta con una pila de 12V. &hellip; Continue reading Interruptor inal\u00e1mbrico digital\" \/>\n<meta property=\"og:url\" content=\"https:\/\/ledsolintel.com\/fr\/produit-2\/commutateur-numerique-sans-fil\/\" \/>\n<meta property=\"og:site_name\" content=\"Ledsolintel\" \/>\n<meta property=\"article:publisher\" content=\"http:\/\/www.facebook.com\/webmenaje\" \/>\n<meta property=\"article:modified_time\" content=\"2026-04-07T08:19:15+00:00\" \/>\n<meta property=\"og:image\" content=\"https:\/\/ledsolintel.com\/wp-content\/uploads\/2025\/11\/interruptor-inalambrico-digital.jpg\" \/>\n\t<meta property=\"og:image:width\" content=\"1500\" \/>\n\t<meta property=\"og:image:height\" content=\"1500\" \/>\n\t<meta property=\"og:image:type\" content=\"image\/jpeg\" \/>\n<meta name=\"twitter:card\" content=\"summary_large_image\" \/>\n<meta name=\"twitter:site\" content=\"@webmenaje\" \/>\n<meta name=\"twitter:label1\" content=\"Dur\u00e9e de lecture estim\u00e9e\" \/>\n\t<meta name=\"twitter:data1\" content=\"1 minute\" \/>\n<script type=\"application\/ld+json\" class=\"yoast-schema-graph\">{\"@context\":\"https:\\\/\\\/schema.org\",\"@graph\":[{\"@type\":\"WebPage\",\"@id\":\"https:\\\/\\\/ledsolintel.com\\\/product\\\/interruptor-inalambrico-digital\\\/\",\"url\":\"https:\\\/\\\/ledsolintel.com\\\/product\\\/interruptor-inalambrico-digital\\\/\",\"name\":\"Interruptor inal\u00e1mbrico digital - Ledsolintel\",\"isPartOf\":{\"@id\":\"https:\\\/\\\/ledsolintel.com\\\/#website\"},\"primaryImageOfPage\":{\"@id\":\"https:\\\/\\\/ledsolintel.com\\\/product\\\/interruptor-inalambrico-digital\\\/#primaryimage\"},\"image\":{\"@id\":\"https:\\\/\\\/ledsolintel.com\\\/product\\\/interruptor-inalambrico-digital\\\/#primaryimage\"},\"thumbnailUrl\":\"https:\\\/\\\/ledsolintel.com\\\/wp-content\\\/uploads\\\/2025\\\/11\\\/interruptor-inalambrico-digital.jpg\",\"datePublished\":\"2025-11-11T15:35:46+00:00\",\"dateModified\":\"2026-04-07T08:19:15+00:00\",\"breadcrumb\":{\"@id\":\"https:\\\/\\\/ledsolintel.com\\\/product\\\/interruptor-inalambrico-digital\\\/#breadcrumb\"},\"inLanguage\":\"fr-FR\",\"potentialAction\":[{\"@type\":\"ReadAction\",\"target\":[\"https:\\\/\\\/ledsolintel.com\\\/product\\\/interruptor-inalambrico-digital\\\/\"]}]},{\"@type\":\"ImageObject\",\"inLanguage\":\"fr-FR\",\"@id\":\"https:\\\/\\\/ledsolintel.com\\\/product\\\/interruptor-inalambrico-digital\\\/#primaryimage\",\"url\":\"https:\\\/\\\/ledsolintel.com\\\/wp-content\\\/uploads\\\/2025\\\/11\\\/interruptor-inalambrico-digital.jpg\",\"contentUrl\":\"https:\\\/\\\/ledsolintel.com\\\/wp-content\\\/uploads\\\/2025\\\/11\\\/interruptor-inalambrico-digital.jpg\",\"width\":1500,\"height\":1500},{\"@type\":\"BreadcrumbList\",\"@id\":\"https:\\\/\\\/ledsolintel.com\\\/product\\\/interruptor-inalambrico-digital\\\/#breadcrumb\",\"itemListElement\":[{\"@type\":\"ListItem\",\"position\":1,\"name\":\"Portada\",\"item\":\"https:\\\/\\\/ledsolintel.com\\\/fr\\\/\"},{\"@type\":\"ListItem\",\"position\":2,\"name\":\"Tienda\",\"item\":\"https:\\\/\\\/ledsolintel.com\\\/tienda\\\/\"},{\"@type\":\"ListItem\",\"position\":3,\"name\":\"Interruptor inal\u00e1mbrico digital\"}]},{\"@type\":\"WebSite\",\"@id\":\"https:\\\/\\\/ledsolintel.com\\\/#website\",\"url\":\"https:\\\/\\\/ledsolintel.com\\\/\",\"name\":\"Webmenaje\",\"description\":\"Tienda de bombillas y l\u00e1mparas LED para profesionales\",\"publisher\":{\"@id\":\"https:\\\/\\\/ledsolintel.com\\\/#organization\"},\"potentialAction\":[{\"@type\":\"SearchAction\",\"target\":{\"@type\":\"EntryPoint\",\"urlTemplate\":\"https:\\\/\\\/ledsolintel.com\\\/?s={search_term_string}\"},\"query-input\":{\"@type\":\"PropertyValueSpecification\",\"valueRequired\":true,\"valueName\":\"search_term_string\"}}],\"inLanguage\":\"fr-FR\"},{\"@type\":\"Organization\",\"@id\":\"https:\\\/\\\/ledsolintel.com\\\/#organization\",\"name\":\"Solintel Noroeste, S.L.\",\"url\":\"https:\\\/\\\/ledsolintel.com\\\/\",\"logo\":{\"@type\":\"ImageObject\",\"inLanguage\":\"fr-FR\",\"@id\":\"https:\\\/\\\/ledsolintel.com\\\/#\\\/schema\\\/logo\\\/image\\\/\",\"url\":\"https:\\\/\\\/ledsolintel.com\\\/wp-content\\\/uploads\\\/2024\\\/11\\\/webmenaje-logo-1508269066.jpg\",\"contentUrl\":\"https:\\\/\\\/ledsolintel.com\\\/wp-content\\\/uploads\\\/2024\\\/11\\\/webmenaje-logo-1508269066.jpg\",\"width\":370,\"height\":90,\"caption\":\"Solintel Noroeste, S.L.\"},\"image\":{\"@id\":\"https:\\\/\\\/ledsolintel.com\\\/#\\\/schema\\\/logo\\\/image\\\/\"},\"sameAs\":[\"http:\\\/\\\/www.facebook.com\\\/webmenaje\",\"https:\\\/\\\/x.com\\\/webmenaje\",\"https:\\\/\\\/www.youtube.com\\\/channel\\\/UCX2KoVoeCG4LocZjUc6LmSQ\",\"http:\\\/\\\/www.pinterest.com\\\/webmenaje\"]}]}<\/script>\n<!-- \/ Yoast SEO plugin. -->","yoast_head_json":{"title":"Interrupteur num\u00e9rique sans fil - Ledsolintel","robots":{"index":"index","follow":"follow","max-snippet":"max-snippet:-1","max-image-preview":"max-image-preview:large","max-video-preview":"max-video-preview:-1"},"canonical":"https:\/\/ledsolintel.com\/fr\/produit-2\/commutateur-numerique-sans-fil\/","og_locale":"fr_FR","og_type":"article","og_title":"Interruptor inal\u00e1mbrico digital - Ledsolintel","og_description":"El interruptor digital inal\u00e1mbrico permite una instalaci\u00f3n sencilla evitando el cableado y obras para su colocaci\u00f3n. Se compone de un interruptor digital y un mando a distancia. Tiene un rango de alcance de 30 m en interiores. El interruptor se conecta directamente a la red y el mando se alimenta con una pila de 12V. &hellip; Continue reading Interruptor inal\u00e1mbrico digital","og_url":"https:\/\/ledsolintel.com\/fr\/produit-2\/commutateur-numerique-sans-fil\/","og_site_name":"Ledsolintel","article_publisher":"http:\/\/www.facebook.com\/webmenaje","article_modified_time":"2026-04-07T08:19:15+00:00","og_image":[{"width":1500,"height":1500,"url":"https:\/\/ledsolintel.com\/wp-content\/uploads\/2025\/11\/interruptor-inalambrico-digital.jpg","type":"image\/jpeg"}],"twitter_card":"summary_large_image","twitter_site":"@webmenaje","twitter_misc":{"Dur\u00e9e de lecture estim\u00e9e":"1 minute"},"schema":{"@context":"https:\/\/schema.org","@graph":[{"@type":"WebPage","@id":"https:\/\/ledsolintel.com\/product\/interruptor-inalambrico-digital\/","url":"https:\/\/ledsolintel.com\/product\/interruptor-inalambrico-digital\/","name":"Interrupteur num\u00e9rique sans fil - Ledsolintel","isPartOf":{"@id":"https:\/\/ledsolintel.com\/#website"},"primaryImageOfPage":{"@id":"https:\/\/ledsolintel.com\/product\/interruptor-inalambrico-digital\/#primaryimage"},"image":{"@id":"https:\/\/ledsolintel.com\/product\/interruptor-inalambrico-digital\/#primaryimage"},"thumbnailUrl":"https:\/\/ledsolintel.com\/wp-content\/uploads\/2025\/11\/interruptor-inalambrico-digital.jpg","datePublished":"2025-11-11T15:35:46+00:00","dateModified":"2026-04-07T08:19:15+00:00","breadcrumb":{"@id":"https:\/\/ledsolintel.com\/product\/interruptor-inalambrico-digital\/#breadcrumb"},"inLanguage":"fr-FR","potentialAction":[{"@type":"ReadAction","target":["https:\/\/ledsolintel.com\/product\/interruptor-inalambrico-digital\/"]}]},{"@type":"ImageObject","inLanguage":"fr-FR","@id":"https:\/\/ledsolintel.com\/product\/interruptor-inalambrico-digital\/#primaryimage","url":"https:\/\/ledsolintel.com\/wp-content\/uploads\/2025\/11\/interruptor-inalambrico-digital.jpg","contentUrl":"https:\/\/ledsolintel.com\/wp-content\/uploads\/2025\/11\/interruptor-inalambrico-digital.jpg","width":1500,"height":1500},{"@type":"BreadcrumbList","@id":"https:\/\/ledsolintel.com\/product\/interruptor-inalambrico-digital\/#breadcrumb","itemListElement":[{"@type":"ListItem","position":1,"name":"Portada","item":"https:\/\/ledsolintel.com\/fr\/"},{"@type":"ListItem","position":2,"name":"Tienda","item":"https:\/\/ledsolintel.com\/tienda\/"},{"@type":"ListItem","position":3,"name":"Interruptor inal\u00e1mbrico digital"}]},{"@type":"WebSite","@id":"https:\/\/ledsolintel.com\/#website","url":"https:\/\/ledsolintel.com\/","name":"Webmenaje","description":"Magasin d'ampoules et de lampes LED pour les professionnels","publisher":{"@id":"https:\/\/ledsolintel.com\/#organization"},"potentialAction":[{"@type":"SearchAction","target":{"@type":"EntryPoint","urlTemplate":"https:\/\/ledsolintel.com\/?s={search_term_string}"},"query-input":{"@type":"PropertyValueSpecification","valueRequired":true,"valueName":"search_term_string"}}],"inLanguage":"fr-FR"},{"@type":"Organization","@id":"https:\/\/ledsolintel.com\/#organization","name":"Solintel Noroeste, S.L.","url":"https:\/\/ledsolintel.com\/","logo":{"@type":"ImageObject","inLanguage":"fr-FR","@id":"https:\/\/ledsolintel.com\/#\/schema\/logo\/image\/","url":"https:\/\/ledsolintel.com\/wp-content\/uploads\/2024\/11\/webmenaje-logo-1508269066.jpg","contentUrl":"https:\/\/ledsolintel.com\/wp-content\/uploads\/2024\/11\/webmenaje-logo-1508269066.jpg","width":370,"height":90,"caption":"Solintel Noroeste, S.L."},"image":{"@id":"https:\/\/ledsolintel.com\/#\/schema\/logo\/image\/"},"sameAs":["http:\/\/www.facebook.com\/webmenaje","https:\/\/x.com\/webmenaje","https:\/\/www.youtube.com\/channel\/UCX2KoVoeCG4LocZjUc6LmSQ","http:\/\/www.pinterest.com\/webmenaje"]}]}},"_links":{"self":[{"href":"https:\/\/ledsolintel.com\/fr\/wp-json\/wp\/v2\/product\/267277","targetHints":{"allow":["GET"]}}],"collection":[{"href":"https:\/\/ledsolintel.com\/fr\/wp-json\/wp\/v2\/product"}],"about":[{"href":"https:\/\/ledsolintel.com\/fr\/wp-json\/wp\/v2\/types\/product"}],"version-history":[{"count":1,"href":"https:\/\/ledsolintel.com\/fr\/wp-json\/wp\/v2\/product\/267277\/revisions"}],"predecessor-version":[{"id":267278,"href":"https:\/\/ledsolintel.com\/fr\/wp-json\/wp\/v2\/product\/267277\/revisions\/267278"}],"wp:featuredmedia":[{"embeddable":true,"href":"https:\/\/ledsolintel.com\/fr\/wp-json\/wp\/v2\/media\/260287"}],"wp:attachment":[{"href":"https:\/\/ledsolintel.com\/fr\/wp-json\/wp\/v2\/media?parent=267277"}],"wp:term":[{"taxonomy":"product_brand","embeddable":true,"href":"https:\/\/ledsolintel.com\/fr\/wp-json\/wp\/v2\/product_brand?post=267277"},{"taxonomy":"product_cat","embeddable":true,"href":"https:\/\/ledsolintel.com\/fr\/wp-json\/wp\/v2\/product_cat?post=267277"},{"taxonomy":"product_tag","embeddable":true,"href":"https:\/\/ledsolintel.com\/fr\/wp-json\/wp\/v2\/product_tag?post=267277"}],"curies":[{"name":"wp","href":"https:\/\/api.w.org\/{rel}","templated":true}]}}