{"id":267274,"date":"2025-11-11T14:15:00","date_gmt":"2025-11-11T13:15:00","guid":{"rendered":"https:\/\/nueva.ledsolintel.com\/product\/timbre-inalambrico-doble-ip44\/"},"modified":"2025-12-17T13:01:35","modified_gmt":"2025-12-17T12:01:35","slug":"timbre-inalambrico-doble-ip44","status":"publish","type":"product","link":"https:\/\/ledsolintel.com\/fr\/produit-2\/timbre-inalambrico-doble-ip44\/","title":{"rendered":"Sonnette double sans fil IP44"},"content":{"rendered":"<p>El timbre inal\u00e1mbrico permite una instalaci\u00f3n sencilla evitando el cableado y obras para su colocaci\u00f3n. Se compone de un interruptor apto para instalaci\u00f3n a la intemperie y dos timbres con 48 melod\u00edas seleccionables. Se puede ajustar tambi\u00e9n el volumen del timbre en cada uno de ellos.El rango de alcance es de 280 metros en espacios abiertos.Los timbres se conectan directamente a un enchufe y el interruptor se alimenta con una pila de 12V ya inclu\u00edda.Se incluyen tornillos y tacos para la fijaci\u00f3n del interruptor en superficie.  Descripci\u00f3n del Producto  El Timbre Inal\u00e1mbrico Doble IP44 es la soluci\u00f3n ideal para entradas y exteriores. Este timbre ofrece un funcionamiento confiable y cuenta con protecci\u00f3n IP44, haci\u00e9ndolo resistente al agua y al polvo para un rendimiento \u00f3ptimo en ambientes exteriores.  Caracter\u00edsticas T\u00e9cnicas    Tipo: Timbre inal\u00e1mbrico doble  Protecci\u00f3n IP44: resistente al agua y al polvo  F\u00e1cil instalaci\u00f3n sin cables  Alcance amplio y m\u00faltiples melod\u00edas    Aplicaciones Recomendadas  Perfecto para entradas, patios, jardines y espacios donde se requiere un timbre sin cables. Este timbre inal\u00e1mbrico garantiza comodidad y durabilidad, siendo una excelente opci\u00f3n para uso residencial o comercial.  Explora nuestra secci\u00f3n de Electr\u00f3nica de Consumo para encontrar m\u00e1s soluciones pr\u00e1cticas y confiables.<\/p>","protected":false},"excerpt":{"rendered":"<p>El timbre inal\u00e1mbrico permite una instalaci\u00f3n sencilla evitando el cableado y obras para su colocaci\u00f3n. Se compone de un interruptor apto para instalaci\u00f3n a la intemperie y dos timbres con 48 melod\u00edas seleccionables. Se puede ajustar tambi\u00e9n el volumen del timbre en cada uno de ellos.El rango de alcance es de 280 metros en espacios &hellip; <a href=\"https:\/\/ledsolintel.com\/fr\/produit-2\/timbre-inalambrico-doble-ip44\/\" class=\"more-link\">Continue reading <span class=\"screen-reader-text\">Sonnette double sans fil IP44<\/span><\/a><\/p>","protected":false},"featured_media":260282,"template":"","meta":[],"product_brand":[101370],"product_cat":[15,101371,99617],"product_tag":[],"class_list":{"0":"post-267274","1":"product","2":"type-product","3":"status-publish","4":"has-post-thumbnail","6":"product_brand-masterled","7":"product_cat-uncategorized","8":"product_cat-masterled","9":"product_cat-material-electrico","10":"pa_tipo-control-radiofrecuencia","13":"instock","14":"purchasable","15":"product-type-variable"},"yoast_head":"<!-- This site is optimized with the Yoast SEO plugin v26.6 - https:\/\/yoast.com\/wordpress\/plugins\/seo\/ -->\n<title>Timbre inal\u00e1mbrico doble IP44 - Ledsolintel<\/title>\n<meta name=\"robots\" content=\"index, follow, max-snippet:-1, max-image-preview:large, max-video-preview:-1\" \/>\n<link rel=\"canonical\" href=\"https:\/\/ledsolintel.com\/fr\/produit-2\/timbre-inalambrico-doble-ip44\/\" \/>\n<meta property=\"og:locale\" content=\"fr_FR\" \/>\n<meta property=\"og:type\" content=\"article\" \/>\n<meta property=\"og:title\" content=\"Timbre inal\u00e1mbrico doble IP44 - Ledsolintel\" \/>\n<meta property=\"og:description\" content=\"El timbre inal\u00e1mbrico permite una instalaci\u00f3n sencilla evitando el cableado y obras para su colocaci\u00f3n. Se compone de un interruptor apto para instalaci\u00f3n a la intemperie y dos timbres con 48 melod\u00edas seleccionables. Se puede ajustar tambi\u00e9n el volumen del timbre en cada uno de ellos.El rango de alcance es de 280 metros en espacios &hellip; Continue reading Timbre inal\u00e1mbrico doble IP44\" \/>\n<meta property=\"og:url\" content=\"https:\/\/ledsolintel.com\/fr\/produit-2\/timbre-inalambrico-doble-ip44\/\" \/>\n<meta property=\"og:site_name\" content=\"Ledsolintel\" \/>\n<meta property=\"article:publisher\" content=\"http:\/\/www.facebook.com\/webmenaje\" \/>\n<meta property=\"article:modified_time\" content=\"2025-12-17T12:01:35+00:00\" \/>\n<meta property=\"og:image\" content=\"https:\/\/ledsolintel.com\/wp-content\/uploads\/2025\/11\/timbre-inalambrico-doble-ip44.jpg\" \/>\n\t<meta property=\"og:image:width\" content=\"1200\" \/>\n\t<meta property=\"og:image:height\" content=\"1200\" \/>\n\t<meta property=\"og:image:type\" content=\"image\/jpeg\" \/>\n<meta name=\"twitter:card\" content=\"summary_large_image\" \/>\n<meta name=\"twitter:site\" content=\"@webmenaje\" \/>\n<meta name=\"twitter:label1\" content=\"Dur\u00e9e de lecture estim\u00e9e\" \/>\n\t<meta name=\"twitter:data1\" content=\"1 minute\" \/>\n<script type=\"application\/ld+json\" class=\"yoast-schema-graph\">{\"@context\":\"https:\/\/schema.org\",\"@graph\":[{\"@type\":\"WebPage\",\"@id\":\"https:\/\/ledsolintel.com\/product\/timbre-inalambrico-doble-ip44\/\",\"url\":\"https:\/\/ledsolintel.com\/product\/timbre-inalambrico-doble-ip44\/\",\"name\":\"Timbre inal\u00e1mbrico doble IP44 - Ledsolintel\",\"isPartOf\":{\"@id\":\"https:\/\/ledsolintel.com\/#website\"},\"primaryImageOfPage\":{\"@id\":\"https:\/\/ledsolintel.com\/product\/timbre-inalambrico-doble-ip44\/#primaryimage\"},\"image\":{\"@id\":\"https:\/\/ledsolintel.com\/product\/timbre-inalambrico-doble-ip44\/#primaryimage\"},\"thumbnailUrl\":\"https:\/\/ledsolintel.com\/wp-content\/uploads\/2025\/11\/timbre-inalambrico-doble-ip44.jpg\",\"datePublished\":\"2025-11-11T13:15:00+00:00\",\"dateModified\":\"2025-12-17T12:01:35+00:00\",\"breadcrumb\":{\"@id\":\"https:\/\/ledsolintel.com\/product\/timbre-inalambrico-doble-ip44\/#breadcrumb\"},\"inLanguage\":\"fr-FR\",\"potentialAction\":[{\"@type\":\"ReadAction\",\"target\":[\"https:\/\/ledsolintel.com\/product\/timbre-inalambrico-doble-ip44\/\"]}]},{\"@type\":\"ImageObject\",\"inLanguage\":\"fr-FR\",\"@id\":\"https:\/\/ledsolintel.com\/product\/timbre-inalambrico-doble-ip44\/#primaryimage\",\"url\":\"https:\/\/ledsolintel.com\/wp-content\/uploads\/2025\/11\/timbre-inalambrico-doble-ip44.jpg\",\"contentUrl\":\"https:\/\/ledsolintel.com\/wp-content\/uploads\/2025\/11\/timbre-inalambrico-doble-ip44.jpg\",\"width\":1200,\"height\":1200},{\"@type\":\"BreadcrumbList\",\"@id\":\"https:\/\/ledsolintel.com\/product\/timbre-inalambrico-doble-ip44\/#breadcrumb\",\"itemListElement\":[{\"@type\":\"ListItem\",\"position\":1,\"name\":\"Portada\",\"item\":\"https:\/\/ledsolintel.com\/fr\/\"},{\"@type\":\"ListItem\",\"position\":2,\"name\":\"Tienda\",\"item\":\"https:\/\/ledsolintel.com\/tienda\/\"},{\"@type\":\"ListItem\",\"position\":3,\"name\":\"Timbre inal\u00e1mbrico doble IP44\"}]},{\"@type\":\"WebSite\",\"@id\":\"https:\/\/ledsolintel.com\/#website\",\"url\":\"https:\/\/ledsolintel.com\/\",\"name\":\"Webmenaje\",\"description\":\"Tienda de bombillas y l\u00e1mparas LED para profesionales\",\"publisher\":{\"@id\":\"https:\/\/ledsolintel.com\/#organization\"},\"potentialAction\":[{\"@type\":\"SearchAction\",\"target\":{\"@type\":\"EntryPoint\",\"urlTemplate\":\"https:\/\/ledsolintel.com\/?s={search_term_string}\"},\"query-input\":{\"@type\":\"PropertyValueSpecification\",\"valueRequired\":true,\"valueName\":\"search_term_string\"}}],\"inLanguage\":\"fr-FR\"},{\"@type\":\"Organization\",\"@id\":\"https:\/\/ledsolintel.com\/#organization\",\"name\":\"Solintel Noroeste, S.L.\",\"url\":\"https:\/\/ledsolintel.com\/\",\"logo\":{\"@type\":\"ImageObject\",\"inLanguage\":\"fr-FR\",\"@id\":\"https:\/\/ledsolintel.com\/#\/schema\/logo\/image\/\",\"url\":\"https:\/\/ledsolintel.com\/wp-content\/uploads\/2024\/11\/webmenaje-logo-1508269066.jpg\",\"contentUrl\":\"https:\/\/ledsolintel.com\/wp-content\/uploads\/2024\/11\/webmenaje-logo-1508269066.jpg\",\"width\":370,\"height\":90,\"caption\":\"Solintel Noroeste, S.L.\"},\"image\":{\"@id\":\"https:\/\/ledsolintel.com\/#\/schema\/logo\/image\/\"},\"sameAs\":[\"http:\/\/www.facebook.com\/webmenaje\",\"https:\/\/x.com\/webmenaje\",\"https:\/\/www.youtube.com\/channel\/UCX2KoVoeCG4LocZjUc6LmSQ\",\"http:\/\/www.pinterest.com\/webmenaje\"]}]}<\/script>\n<!-- \/ Yoast SEO plugin. -->","yoast_head_json":{"title":"Timbre inal\u00e1mbrico doble IP44 - Ledsolintel","robots":{"index":"index","follow":"follow","max-snippet":"max-snippet:-1","max-image-preview":"max-image-preview:large","max-video-preview":"max-video-preview:-1"},"canonical":"https:\/\/ledsolintel.com\/fr\/produit-2\/timbre-inalambrico-doble-ip44\/","og_locale":"fr_FR","og_type":"article","og_title":"Timbre inal\u00e1mbrico doble IP44 - Ledsolintel","og_description":"El timbre inal\u00e1mbrico permite una instalaci\u00f3n sencilla evitando el cableado y obras para su colocaci\u00f3n. Se compone de un interruptor apto para instalaci\u00f3n a la intemperie y dos timbres con 48 melod\u00edas seleccionables. Se puede ajustar tambi\u00e9n el volumen del timbre en cada uno de ellos.El rango de alcance es de 280 metros en espacios &hellip; Continue reading Timbre inal\u00e1mbrico doble IP44","og_url":"https:\/\/ledsolintel.com\/fr\/produit-2\/timbre-inalambrico-doble-ip44\/","og_site_name":"Ledsolintel","article_publisher":"http:\/\/www.facebook.com\/webmenaje","article_modified_time":"2025-12-17T12:01:35+00:00","og_image":[{"width":1200,"height":1200,"url":"https:\/\/ledsolintel.com\/wp-content\/uploads\/2025\/11\/timbre-inalambrico-doble-ip44.jpg","type":"image\/jpeg"}],"twitter_card":"summary_large_image","twitter_site":"@webmenaje","twitter_misc":{"Dur\u00e9e de lecture estim\u00e9e":"1 minute"},"schema":{"@context":"https:\/\/schema.org","@graph":[{"@type":"WebPage","@id":"https:\/\/ledsolintel.com\/product\/timbre-inalambrico-doble-ip44\/","url":"https:\/\/ledsolintel.com\/product\/timbre-inalambrico-doble-ip44\/","name":"Timbre inal\u00e1mbrico doble IP44 - Ledsolintel","isPartOf":{"@id":"https:\/\/ledsolintel.com\/#website"},"primaryImageOfPage":{"@id":"https:\/\/ledsolintel.com\/product\/timbre-inalambrico-doble-ip44\/#primaryimage"},"image":{"@id":"https:\/\/ledsolintel.com\/product\/timbre-inalambrico-doble-ip44\/#primaryimage"},"thumbnailUrl":"https:\/\/ledsolintel.com\/wp-content\/uploads\/2025\/11\/timbre-inalambrico-doble-ip44.jpg","datePublished":"2025-11-11T13:15:00+00:00","dateModified":"2025-12-17T12:01:35+00:00","breadcrumb":{"@id":"https:\/\/ledsolintel.com\/product\/timbre-inalambrico-doble-ip44\/#breadcrumb"},"inLanguage":"fr-FR","potentialAction":[{"@type":"ReadAction","target":["https:\/\/ledsolintel.com\/product\/timbre-inalambrico-doble-ip44\/"]}]},{"@type":"ImageObject","inLanguage":"fr-FR","@id":"https:\/\/ledsolintel.com\/product\/timbre-inalambrico-doble-ip44\/#primaryimage","url":"https:\/\/ledsolintel.com\/wp-content\/uploads\/2025\/11\/timbre-inalambrico-doble-ip44.jpg","contentUrl":"https:\/\/ledsolintel.com\/wp-content\/uploads\/2025\/11\/timbre-inalambrico-doble-ip44.jpg","width":1200,"height":1200},{"@type":"BreadcrumbList","@id":"https:\/\/ledsolintel.com\/product\/timbre-inalambrico-doble-ip44\/#breadcrumb","itemListElement":[{"@type":"ListItem","position":1,"name":"Portada","item":"https:\/\/ledsolintel.com\/fr\/"},{"@type":"ListItem","position":2,"name":"Tienda","item":"https:\/\/ledsolintel.com\/tienda\/"},{"@type":"ListItem","position":3,"name":"Timbre inal\u00e1mbrico doble IP44"}]},{"@type":"WebSite","@id":"https:\/\/ledsolintel.com\/#website","url":"https:\/\/ledsolintel.com\/","name":"Webmenaje","description":"Magasin d'ampoules et de lampes LED pour les professionnels","publisher":{"@id":"https:\/\/ledsolintel.com\/#organization"},"potentialAction":[{"@type":"SearchAction","target":{"@type":"EntryPoint","urlTemplate":"https:\/\/ledsolintel.com\/?s={search_term_string}"},"query-input":{"@type":"PropertyValueSpecification","valueRequired":true,"valueName":"search_term_string"}}],"inLanguage":"fr-FR"},{"@type":"Organization","@id":"https:\/\/ledsolintel.com\/#organization","name":"Solintel Noroeste, S.L.","url":"https:\/\/ledsolintel.com\/","logo":{"@type":"ImageObject","inLanguage":"fr-FR","@id":"https:\/\/ledsolintel.com\/#\/schema\/logo\/image\/","url":"https:\/\/ledsolintel.com\/wp-content\/uploads\/2024\/11\/webmenaje-logo-1508269066.jpg","contentUrl":"https:\/\/ledsolintel.com\/wp-content\/uploads\/2024\/11\/webmenaje-logo-1508269066.jpg","width":370,"height":90,"caption":"Solintel Noroeste, S.L."},"image":{"@id":"https:\/\/ledsolintel.com\/#\/schema\/logo\/image\/"},"sameAs":["http:\/\/www.facebook.com\/webmenaje","https:\/\/x.com\/webmenaje","https:\/\/www.youtube.com\/channel\/UCX2KoVoeCG4LocZjUc6LmSQ","http:\/\/www.pinterest.com\/webmenaje"]}]}},"_links":{"self":[{"href":"https:\/\/ledsolintel.com\/fr\/wp-json\/wp\/v2\/product\/267274","targetHints":{"allow":["GET"]}}],"collection":[{"href":"https:\/\/ledsolintel.com\/fr\/wp-json\/wp\/v2\/product"}],"about":[{"href":"https:\/\/ledsolintel.com\/fr\/wp-json\/wp\/v2\/types\/product"}],"version-history":[{"count":1,"href":"https:\/\/ledsolintel.com\/fr\/wp-json\/wp\/v2\/product\/267274\/revisions"}],"predecessor-version":[{"id":267275,"href":"https:\/\/ledsolintel.com\/fr\/wp-json\/wp\/v2\/product\/267274\/revisions\/267275"}],"wp:featuredmedia":[{"embeddable":true,"href":"https:\/\/ledsolintel.com\/fr\/wp-json\/wp\/v2\/media\/260282"}],"wp:attachment":[{"href":"https:\/\/ledsolintel.com\/fr\/wp-json\/wp\/v2\/media?parent=267274"}],"wp:term":[{"taxonomy":"product_brand","embeddable":true,"href":"https:\/\/ledsolintel.com\/fr\/wp-json\/wp\/v2\/product_brand?post=267274"},{"taxonomy":"product_cat","embeddable":true,"href":"https:\/\/ledsolintel.com\/fr\/wp-json\/wp\/v2\/product_cat?post=267274"},{"taxonomy":"product_tag","embeddable":true,"href":"https:\/\/ledsolintel.com\/fr\/wp-json\/wp\/v2\/product_tag?post=267274"}],"curies":[{"name":"wp","href":"https:\/\/api.w.org\/{rel}","templated":true}]}}