{"id":267271,"date":"2025-11-11T14:14:57","date_gmt":"2025-11-11T13:14:57","guid":{"rendered":"https:\/\/nueva.ledsolintel.com\/product\/timbre-inalambrico-ip44\/"},"modified":"2026-04-07T10:19:15","modified_gmt":"2026-04-07T08:19:15","slug":"timbre-inalambrico-ip44","status":"publish","type":"product","link":"https:\/\/ledsolintel.com\/fr\/produit-2\/timbre-inalambrico-ip44\/","title":{"rendered":"Sonnette sans fil IP44"},"content":{"rendered":"<p>Timbre inal\u00e1mbrico para puertas  Permite una instalaci\u00f3n sencilla evitando el cableado y obras para su colocaci\u00f3n. Se compone de un interruptor apto para instalaci\u00f3n a la intemperie y un timbre con 48 melod\u00edas seleccionables. Se puede ajustar tambi\u00e9n el volumen del timbre.El rango de alcance es de 280 metros en espacios abiertos. Por tanto se puede usar en portales o verjas, sin tener que tender cables para la instalaci\u00f3n de un timbre.El timbre se conecta directamente a un enchufe y el interruptor se alimenta con una pila de 12V ya inclu\u00edda.Se incluyen tornillos y banda adhesiva para la fijaci\u00f3n del interruptor en superficie.    Timbre inal\u00e1mbrico para puerta con un dise\u00f1o moderno y funcional, ideal para casas, oficinas o cualquier espacio donde se necesite un timbre eficiente y f\u00e1cil de instalar. Con un rango de cobertura de hasta 150 metros, este timbre ofrece la comodidad de no tener que depender de cables y una excelente se\u00f1al para no perder ninguna visita.  El timbre cuenta con m\u00faltiples tonos entre los que se puede elegir y ajustar el volumen seg\u00fan las necesidades. Adem\u00e1s, su instalaci\u00f3n es r\u00e1pida y sencilla, ya que solo requiere fijar el receptor en la ubicaci\u00f3n deseada. El transmisor funciona con bater\u00eda, garantizando una larga duraci\u00f3n de uso sin necesidad de reemplazos frecuentes.  Caracter\u00edsticas principales:    Tecnolog\u00eda inal\u00e1mbrica con alcance de hasta 150 metros.  M\u00faltiples melod\u00edas para elegir, adaptadas a diferentes ambientes.  Ajuste de volumen para personalizar la intensidad del sonido.  F\u00e1cil instalaci\u00f3n sin necesidad de herramientas complejas.  Receptor y transmisor compactos y duraderos.  Apto para interiores y exteriores, resistente a las inclemencias del tiempo.    Beneficios:    Instalaci\u00f3n r\u00e1pida: Ideal para aquellos que no quieren complicarse con cables.  Adaptable a cualquier espacio: Perfecto tanto para hogares como para oficinas.  Duradero y resistente: Dise\u00f1ado para durar, incluso en exteriores.  Tono personalizable: Elige entre diferentes melod\u00edas y vol\u00famenes para adaptarse a tus preferencias.    \u00bfPor qu\u00e9 elegir este timbre inal\u00e1mbrico?  Este timbre inal\u00e1mbrico para puerta es la soluci\u00f3n ideal para quienes buscan una opci\u00f3n econ\u00f3mica, eficiente y f\u00e1cil de instalar. Con su dise\u00f1o compacto y m\u00faltiples funcionalidades, garantiza que nunca m\u00e1s te pierdas una visita o entrega. Adem\u00e1s, gracias a su gran alcance y resistencia, es una excelente opci\u00f3n tanto para interiores como para exteriores.  \u00a0<\/p>","protected":false},"excerpt":{"rendered":"<p>Timbre inal\u00e1mbrico para puertas Permite una instalaci\u00f3n sencilla evitando el cableado y obras para su colocaci\u00f3n. Se compone de un interruptor apto para instalaci\u00f3n a la intemperie y un timbre con 48 melod\u00edas seleccionables. Se puede ajustar tambi\u00e9n el volumen del timbre.El rango de alcance es de 280 metros en espacios abiertos. Por tanto se &hellip; <a href=\"https:\/\/ledsolintel.com\/fr\/produit-2\/timbre-inalambrico-ip44\/\" class=\"more-link\">Continue reading <span class=\"screen-reader-text\">Sonnette sans fil IP44<\/span><\/a><\/p>","protected":false},"featured_media":260276,"template":"","meta":[],"product_brand":[101370],"product_cat":[15,101371,99617],"product_tag":[],"class_list":{"0":"post-267271","1":"product","2":"type-product","3":"status-publish","4":"has-post-thumbnail","6":"product_brand-masterled","7":"product_cat-uncategorized","8":"product_cat-masterled","9":"product_cat-material-electrico","10":"pa_tipo-control-radiofrecuencia","13":"instock","14":"taxable","15":"shipping-taxable","16":"purchasable","17":"product-type-simple"},"yoast_head":"<!-- This site is optimized with the Yoast SEO plugin v26.6 - https:\/\/yoast.com\/wordpress\/plugins\/seo\/ -->\n<title>Timbre inal\u00e1mbrico IP44 - Ledsolintel<\/title>\n<meta name=\"robots\" content=\"index, follow, max-snippet:-1, max-image-preview:large, max-video-preview:-1\" \/>\n<link rel=\"canonical\" href=\"https:\/\/ledsolintel.com\/fr\/produit-2\/timbre-inalambrico-ip44\/\" \/>\n<meta property=\"og:locale\" content=\"fr_FR\" \/>\n<meta property=\"og:type\" content=\"article\" \/>\n<meta property=\"og:title\" content=\"Timbre inal\u00e1mbrico IP44 - Ledsolintel\" \/>\n<meta property=\"og:description\" content=\"Timbre inal\u00e1mbrico para puertas Permite una instalaci\u00f3n sencilla evitando el cableado y obras para su colocaci\u00f3n. Se compone de un interruptor apto para instalaci\u00f3n a la intemperie y un timbre con 48 melod\u00edas seleccionables. Se puede ajustar tambi\u00e9n el volumen del timbre.El rango de alcance es de 280 metros en espacios abiertos. Por tanto se &hellip; Continue reading Timbre inal\u00e1mbrico IP44\" \/>\n<meta property=\"og:url\" content=\"https:\/\/ledsolintel.com\/fr\/produit-2\/timbre-inalambrico-ip44\/\" \/>\n<meta property=\"og:site_name\" content=\"Ledsolintel\" \/>\n<meta property=\"article:publisher\" content=\"http:\/\/www.facebook.com\/webmenaje\" \/>\n<meta property=\"article:modified_time\" content=\"2026-04-07T08:19:15+00:00\" \/>\n<meta property=\"og:image\" content=\"https:\/\/ledsolintel.com\/wp-content\/uploads\/2025\/11\/timbre-inalambrico-puerta.jpg\" \/>\n\t<meta property=\"og:image:width\" content=\"1200\" \/>\n\t<meta property=\"og:image:height\" content=\"1200\" \/>\n\t<meta property=\"og:image:type\" content=\"image\/jpeg\" \/>\n<meta name=\"twitter:card\" content=\"summary_large_image\" \/>\n<meta name=\"twitter:site\" content=\"@webmenaje\" \/>\n<meta name=\"twitter:label1\" content=\"Dur\u00e9e de lecture estim\u00e9e\" \/>\n\t<meta name=\"twitter:data1\" content=\"2 minutes\" \/>\n<script type=\"application\/ld+json\" class=\"yoast-schema-graph\">{\"@context\":\"https:\/\/schema.org\",\"@graph\":[{\"@type\":\"WebPage\",\"@id\":\"https:\/\/ledsolintel.com\/product\/timbre-inalambrico-ip44\/\",\"url\":\"https:\/\/ledsolintel.com\/product\/timbre-inalambrico-ip44\/\",\"name\":\"Timbre inal\u00e1mbrico IP44 - Ledsolintel\",\"isPartOf\":{\"@id\":\"https:\/\/ledsolintel.com\/#website\"},\"primaryImageOfPage\":{\"@id\":\"https:\/\/ledsolintel.com\/product\/timbre-inalambrico-ip44\/#primaryimage\"},\"image\":{\"@id\":\"https:\/\/ledsolintel.com\/product\/timbre-inalambrico-ip44\/#primaryimage\"},\"thumbnailUrl\":\"https:\/\/ledsolintel.com\/wp-content\/uploads\/2025\/11\/timbre-inalambrico-puerta.jpg\",\"datePublished\":\"2025-11-11T13:14:57+00:00\",\"dateModified\":\"2026-04-07T08:19:15+00:00\",\"breadcrumb\":{\"@id\":\"https:\/\/ledsolintel.com\/product\/timbre-inalambrico-ip44\/#breadcrumb\"},\"inLanguage\":\"fr-FR\",\"potentialAction\":[{\"@type\":\"ReadAction\",\"target\":[\"https:\/\/ledsolintel.com\/product\/timbre-inalambrico-ip44\/\"]}]},{\"@type\":\"ImageObject\",\"inLanguage\":\"fr-FR\",\"@id\":\"https:\/\/ledsolintel.com\/product\/timbre-inalambrico-ip44\/#primaryimage\",\"url\":\"https:\/\/ledsolintel.com\/wp-content\/uploads\/2025\/11\/timbre-inalambrico-puerta.jpg\",\"contentUrl\":\"https:\/\/ledsolintel.com\/wp-content\/uploads\/2025\/11\/timbre-inalambrico-puerta.jpg\",\"width\":1200,\"height\":1200},{\"@type\":\"BreadcrumbList\",\"@id\":\"https:\/\/ledsolintel.com\/product\/timbre-inalambrico-ip44\/#breadcrumb\",\"itemListElement\":[{\"@type\":\"ListItem\",\"position\":1,\"name\":\"Portada\",\"item\":\"https:\/\/ledsolintel.com\/fr\/\"},{\"@type\":\"ListItem\",\"position\":2,\"name\":\"Tienda\",\"item\":\"https:\/\/ledsolintel.com\/tienda\/\"},{\"@type\":\"ListItem\",\"position\":3,\"name\":\"Timbre inal\u00e1mbrico IP44\"}]},{\"@type\":\"WebSite\",\"@id\":\"https:\/\/ledsolintel.com\/#website\",\"url\":\"https:\/\/ledsolintel.com\/\",\"name\":\"Webmenaje\",\"description\":\"Tienda de bombillas y l\u00e1mparas LED para profesionales\",\"publisher\":{\"@id\":\"https:\/\/ledsolintel.com\/#organization\"},\"potentialAction\":[{\"@type\":\"SearchAction\",\"target\":{\"@type\":\"EntryPoint\",\"urlTemplate\":\"https:\/\/ledsolintel.com\/?s={search_term_string}\"},\"query-input\":{\"@type\":\"PropertyValueSpecification\",\"valueRequired\":true,\"valueName\":\"search_term_string\"}}],\"inLanguage\":\"fr-FR\"},{\"@type\":\"Organization\",\"@id\":\"https:\/\/ledsolintel.com\/#organization\",\"name\":\"Solintel Noroeste, S.L.\",\"url\":\"https:\/\/ledsolintel.com\/\",\"logo\":{\"@type\":\"ImageObject\",\"inLanguage\":\"fr-FR\",\"@id\":\"https:\/\/ledsolintel.com\/#\/schema\/logo\/image\/\",\"url\":\"https:\/\/ledsolintel.com\/wp-content\/uploads\/2024\/11\/webmenaje-logo-1508269066.jpg\",\"contentUrl\":\"https:\/\/ledsolintel.com\/wp-content\/uploads\/2024\/11\/webmenaje-logo-1508269066.jpg\",\"width\":370,\"height\":90,\"caption\":\"Solintel Noroeste, S.L.\"},\"image\":{\"@id\":\"https:\/\/ledsolintel.com\/#\/schema\/logo\/image\/\"},\"sameAs\":[\"http:\/\/www.facebook.com\/webmenaje\",\"https:\/\/x.com\/webmenaje\",\"https:\/\/www.youtube.com\/channel\/UCX2KoVoeCG4LocZjUc6LmSQ\",\"http:\/\/www.pinterest.com\/webmenaje\"]}]}<\/script>\n<!-- \/ Yoast SEO plugin. -->","yoast_head_json":{"title":"Timbre inal\u00e1mbrico IP44 - Ledsolintel","robots":{"index":"index","follow":"follow","max-snippet":"max-snippet:-1","max-image-preview":"max-image-preview:large","max-video-preview":"max-video-preview:-1"},"canonical":"https:\/\/ledsolintel.com\/fr\/produit-2\/timbre-inalambrico-ip44\/","og_locale":"fr_FR","og_type":"article","og_title":"Timbre inal\u00e1mbrico IP44 - Ledsolintel","og_description":"Timbre inal\u00e1mbrico para puertas Permite una instalaci\u00f3n sencilla evitando el cableado y obras para su colocaci\u00f3n. Se compone de un interruptor apto para instalaci\u00f3n a la intemperie y un timbre con 48 melod\u00edas seleccionables. Se puede ajustar tambi\u00e9n el volumen del timbre.El rango de alcance es de 280 metros en espacios abiertos. Por tanto se &hellip; Continue reading Timbre inal\u00e1mbrico IP44","og_url":"https:\/\/ledsolintel.com\/fr\/produit-2\/timbre-inalambrico-ip44\/","og_site_name":"Ledsolintel","article_publisher":"http:\/\/www.facebook.com\/webmenaje","article_modified_time":"2026-04-07T08:19:15+00:00","og_image":[{"width":1200,"height":1200,"url":"https:\/\/ledsolintel.com\/wp-content\/uploads\/2025\/11\/timbre-inalambrico-puerta.jpg","type":"image\/jpeg"}],"twitter_card":"summary_large_image","twitter_site":"@webmenaje","twitter_misc":{"Dur\u00e9e de lecture estim\u00e9e":"2 minutes"},"schema":{"@context":"https:\/\/schema.org","@graph":[{"@type":"WebPage","@id":"https:\/\/ledsolintel.com\/product\/timbre-inalambrico-ip44\/","url":"https:\/\/ledsolintel.com\/product\/timbre-inalambrico-ip44\/","name":"Timbre inal\u00e1mbrico IP44 - Ledsolintel","isPartOf":{"@id":"https:\/\/ledsolintel.com\/#website"},"primaryImageOfPage":{"@id":"https:\/\/ledsolintel.com\/product\/timbre-inalambrico-ip44\/#primaryimage"},"image":{"@id":"https:\/\/ledsolintel.com\/product\/timbre-inalambrico-ip44\/#primaryimage"},"thumbnailUrl":"https:\/\/ledsolintel.com\/wp-content\/uploads\/2025\/11\/timbre-inalambrico-puerta.jpg","datePublished":"2025-11-11T13:14:57+00:00","dateModified":"2026-04-07T08:19:15+00:00","breadcrumb":{"@id":"https:\/\/ledsolintel.com\/product\/timbre-inalambrico-ip44\/#breadcrumb"},"inLanguage":"fr-FR","potentialAction":[{"@type":"ReadAction","target":["https:\/\/ledsolintel.com\/product\/timbre-inalambrico-ip44\/"]}]},{"@type":"ImageObject","inLanguage":"fr-FR","@id":"https:\/\/ledsolintel.com\/product\/timbre-inalambrico-ip44\/#primaryimage","url":"https:\/\/ledsolintel.com\/wp-content\/uploads\/2025\/11\/timbre-inalambrico-puerta.jpg","contentUrl":"https:\/\/ledsolintel.com\/wp-content\/uploads\/2025\/11\/timbre-inalambrico-puerta.jpg","width":1200,"height":1200},{"@type":"BreadcrumbList","@id":"https:\/\/ledsolintel.com\/product\/timbre-inalambrico-ip44\/#breadcrumb","itemListElement":[{"@type":"ListItem","position":1,"name":"Portada","item":"https:\/\/ledsolintel.com\/fr\/"},{"@type":"ListItem","position":2,"name":"Tienda","item":"https:\/\/ledsolintel.com\/tienda\/"},{"@type":"ListItem","position":3,"name":"Timbre inal\u00e1mbrico IP44"}]},{"@type":"WebSite","@id":"https:\/\/ledsolintel.com\/#website","url":"https:\/\/ledsolintel.com\/","name":"Webmenaje","description":"Magasin d'ampoules et de lampes LED pour les professionnels","publisher":{"@id":"https:\/\/ledsolintel.com\/#organization"},"potentialAction":[{"@type":"SearchAction","target":{"@type":"EntryPoint","urlTemplate":"https:\/\/ledsolintel.com\/?s={search_term_string}"},"query-input":{"@type":"PropertyValueSpecification","valueRequired":true,"valueName":"search_term_string"}}],"inLanguage":"fr-FR"},{"@type":"Organization","@id":"https:\/\/ledsolintel.com\/#organization","name":"Solintel Noroeste, S.L.","url":"https:\/\/ledsolintel.com\/","logo":{"@type":"ImageObject","inLanguage":"fr-FR","@id":"https:\/\/ledsolintel.com\/#\/schema\/logo\/image\/","url":"https:\/\/ledsolintel.com\/wp-content\/uploads\/2024\/11\/webmenaje-logo-1508269066.jpg","contentUrl":"https:\/\/ledsolintel.com\/wp-content\/uploads\/2024\/11\/webmenaje-logo-1508269066.jpg","width":370,"height":90,"caption":"Solintel Noroeste, S.L."},"image":{"@id":"https:\/\/ledsolintel.com\/#\/schema\/logo\/image\/"},"sameAs":["http:\/\/www.facebook.com\/webmenaje","https:\/\/x.com\/webmenaje","https:\/\/www.youtube.com\/channel\/UCX2KoVoeCG4LocZjUc6LmSQ","http:\/\/www.pinterest.com\/webmenaje"]}]}},"_links":{"self":[{"href":"https:\/\/ledsolintel.com\/fr\/wp-json\/wp\/v2\/product\/267271","targetHints":{"allow":["GET"]}}],"collection":[{"href":"https:\/\/ledsolintel.com\/fr\/wp-json\/wp\/v2\/product"}],"about":[{"href":"https:\/\/ledsolintel.com\/fr\/wp-json\/wp\/v2\/types\/product"}],"version-history":[{"count":1,"href":"https:\/\/ledsolintel.com\/fr\/wp-json\/wp\/v2\/product\/267271\/revisions"}],"predecessor-version":[{"id":267272,"href":"https:\/\/ledsolintel.com\/fr\/wp-json\/wp\/v2\/product\/267271\/revisions\/267272"}],"wp:featuredmedia":[{"embeddable":true,"href":"https:\/\/ledsolintel.com\/fr\/wp-json\/wp\/v2\/media\/260276"}],"wp:attachment":[{"href":"https:\/\/ledsolintel.com\/fr\/wp-json\/wp\/v2\/media?parent=267271"}],"wp:term":[{"taxonomy":"product_brand","embeddable":true,"href":"https:\/\/ledsolintel.com\/fr\/wp-json\/wp\/v2\/product_brand?post=267271"},{"taxonomy":"product_cat","embeddable":true,"href":"https:\/\/ledsolintel.com\/fr\/wp-json\/wp\/v2\/product_cat?post=267271"},{"taxonomy":"product_tag","embeddable":true,"href":"https:\/\/ledsolintel.com\/fr\/wp-json\/wp\/v2\/product_tag?post=267271"}],"curies":[{"name":"wp","href":"https:\/\/api.w.org\/{rel}","templated":true}]}}