{"id":267246,"date":"2025-11-11T14:13:42","date_gmt":"2025-11-11T13:13:42","guid":{"rendered":"https:\/\/nueva.ledsolintel.com\/product\/bombilla-9w-sensor-movimiento-crepuscular\/"},"modified":"2025-12-17T13:01:36","modified_gmt":"2025-12-17T12:01:36","slug":"ampoule-9w-twilight-detecteur-de-mouvement","status":"publish","type":"product","link":"https:\/\/ledsolintel.com\/fr\/produit-2\/ampoule-9w-twilight-detecteur-de-mouvement\/","title":{"rendered":"Ampoule \u00e0 d\u00e9tecteur de mouvement 9W + ampoule \u00e0 d\u00e9tecteur cr\u00e9pusculaire"},"content":{"rendered":"<p>L'ampoule LED sph\u00e9rique 9W est une option id\u00e9ale pour \u00e9clairer tout espace de mani\u00e8re efficace et \u00e9conomique. Elle est parfaite pour remplacer les ampoules \u00e0 incandescence traditionnelles de 90W. Gr\u00e2ce \u00e0 sa faible consommation et \u00e0 sa grande durabilit\u00e9, cette ampoule est parfaite pour remplacer les ampoules \u00e0 incandescence traditionnelles, offrant un \u00e9clairage lumineux et uniforme. Les ampoules LED consomment jusqu'\u00e0 85% d'\u00e9nergie en moins et durent 20 fois plus longtemps que les ampoules \u00e0 incandescence. Elle comprend un d\u00e9tecteur de mouvement et de cr\u00e9puscule, qui permet \u00e0 l'ampoule de s'allumer automatiquement dans l'obscurit\u00e9 lorsqu'elle d\u00e9tecte un mouvement et de s'\u00e9teindre lorsqu'il fait clair.  Elle doit \u00eatre install\u00e9e \u00e0 l'int\u00e9rieur car elle pr\u00e9sente un degr\u00e9 de protection IP20 (protection contre les particules solides de plus de 12 mm et n'est pas \u00e9tanche). Il est id\u00e9al pour toutes les pi\u00e8ces de la maison, les bureaux, les magasins ou d'autres espaces qui n\u00e9cessitent un \u00e9clairage \u00e0 faible consommation.  Les LED int\u00e9gr\u00e9es sont capables de fournir un flux lumineux de 850 lumens r\u00e9partis uniform\u00e9ment par un diffuseur en PVC, distribuant la lumi\u00e8re selon un angle d'ouverture de 200\u00b0.  Ses dimensions sont de 80 x 110 mm. Elle s'installe dans une douille filet\u00e9e normale (E27) et peut supporter une tension d'entr\u00e9e comprise entre 175 et 265V, et une fr\u00e9quence de 50\/60 Hz.  Elle est disponible en deux temp\u00e9ratures de couleur : blanc (6500\u00b0K) et chaud (3000\u00b0K).  En plus d'\u00eatre un produit d'une dur\u00e9e de vie de plus de 30 000 heures, il est garanti 3 ans. Elle poss\u00e8de \u00e9galement le certificat CE, qui atteste qu'elle est conforme aux exigences de l'UE en mati\u00e8re de compatibilit\u00e9 \u00e9lectromagn\u00e9tique et de basse tension. Ce certificat d\u00e9clare la conformit\u00e9 du produit \u00e0 toutes les exigences l\u00e9gales et garantit la validit\u00e9 de la vente du produit dans l'Espace \u00e9conomique europ\u00e9en.<\/p>","protected":false},"excerpt":{"rendered":"<p>La bombilla LED esfera de 9W, es una opci\u00f3n ideal para iluminar cualquier espacio de manera eficiente y econ\u00f3mica. Es perfecta para sustuir a las bombillas convencionales incandescentes de 90W. Gracias a su bajo consumo y alta durabilidad, esta bombilla es perfecta para reemplazar bombillas incandescentes tradicionales, brindando una iluminaci\u00f3n clara y uniforme. Las bombillas &hellip; <a href=\"https:\/\/ledsolintel.com\/fr\/produit-2\/ampoule-9w-twilight-detecteur-de-mouvement\/\" class=\"more-link\">Continue reading <span class=\"screen-reader-text\">Ampoule \u00e0 d\u00e9tecteur de mouvement 9W + ampoule \u00e0 d\u00e9tecteur cr\u00e9pusculaire<\/span><\/a><\/p>","protected":false},"featured_media":260220,"template":"","meta":[],"product_brand":[101370],"product_cat":[15,101371],"product_tag":[],"class_list":{"0":"post-267246","1":"product","2":"type-product","3":"status-publish","4":"has-post-thumbnail","6":"product_brand-masterled","7":"product_cat-uncategorized","8":"product_cat-masterled","9":"pa_temperatura-color-luz-blanca","10":"pa_temperatura-color-luz-calida","13":"instock","14":"purchasable","15":"product-type-variable","16":"has-default-attributes"},"yoast_head":"<!-- This site is optimized with the Yoast SEO plugin v26.6 - https:\/\/yoast.com\/wordpress\/plugins\/seo\/ -->\n<title>Bombilla 9W sensor movimiento + crepuscular - Ledsolintel<\/title>\n<meta name=\"robots\" content=\"index, follow, max-snippet:-1, max-image-preview:large, max-video-preview:-1\" \/>\n<link rel=\"canonical\" href=\"https:\/\/ledsolintel.com\/fr\/produit-2\/ampoule-9w-twilight-detecteur-de-mouvement\/\" \/>\n<meta property=\"og:locale\" content=\"fr_FR\" \/>\n<meta property=\"og:type\" content=\"article\" \/>\n<meta property=\"og:title\" content=\"Bombilla 9W sensor movimiento + crepuscular - Ledsolintel\" \/>\n<meta property=\"og:description\" content=\"La bombilla LED esfera de 9W, es una opci\u00f3n ideal para iluminar cualquier espacio de manera eficiente y econ\u00f3mica. Es perfecta para sustuir a las bombillas convencionales incandescentes de 90W. Gracias a su bajo consumo y alta durabilidad, esta bombilla es perfecta para reemplazar bombillas incandescentes tradicionales, brindando una iluminaci\u00f3n clara y uniforme. Las bombillas &hellip; Continue reading Bombilla 9W sensor movimiento + crepuscular\" \/>\n<meta property=\"og:url\" content=\"https:\/\/ledsolintel.com\/fr\/produit-2\/ampoule-9w-twilight-detecteur-de-mouvement\/\" \/>\n<meta property=\"og:site_name\" content=\"Ledsolintel\" \/>\n<meta property=\"article:publisher\" content=\"http:\/\/www.facebook.com\/webmenaje\" \/>\n<meta property=\"article:modified_time\" content=\"2025-12-17T12:01:36+00:00\" \/>\n<meta property=\"og:image\" content=\"https:\/\/ledsolintel.com\/wp-content\/uploads\/2025\/11\/bombilla-10w-sensor-movimiento-crepuscular.jpg\" \/>\n\t<meta property=\"og:image:width\" content=\"1500\" \/>\n\t<meta property=\"og:image:height\" content=\"1500\" \/>\n\t<meta property=\"og:image:type\" content=\"image\/jpeg\" \/>\n<meta name=\"twitter:card\" content=\"summary_large_image\" \/>\n<meta name=\"twitter:site\" content=\"@webmenaje\" \/>\n<meta name=\"twitter:label1\" content=\"Dur\u00e9e de lecture estim\u00e9e\" \/>\n\t<meta name=\"twitter:data1\" content=\"2 minutes\" \/>\n<script type=\"application\/ld+json\" class=\"yoast-schema-graph\">{\"@context\":\"https:\/\/schema.org\",\"@graph\":[{\"@type\":\"WebPage\",\"@id\":\"https:\/\/ledsolintel.com\/product\/bombilla-9w-sensor-movimiento-crepuscular\/\",\"url\":\"https:\/\/ledsolintel.com\/product\/bombilla-9w-sensor-movimiento-crepuscular\/\",\"name\":\"Bombilla 9W sensor movimiento + crepuscular - Ledsolintel\",\"isPartOf\":{\"@id\":\"https:\/\/ledsolintel.com\/#website\"},\"primaryImageOfPage\":{\"@id\":\"https:\/\/ledsolintel.com\/product\/bombilla-9w-sensor-movimiento-crepuscular\/#primaryimage\"},\"image\":{\"@id\":\"https:\/\/ledsolintel.com\/product\/bombilla-9w-sensor-movimiento-crepuscular\/#primaryimage\"},\"thumbnailUrl\":\"https:\/\/ledsolintel.com\/wp-content\/uploads\/2025\/11\/bombilla-10w-sensor-movimiento-crepuscular.jpg\",\"datePublished\":\"2025-11-11T13:13:42+00:00\",\"dateModified\":\"2025-12-17T12:01:36+00:00\",\"breadcrumb\":{\"@id\":\"https:\/\/ledsolintel.com\/product\/bombilla-9w-sensor-movimiento-crepuscular\/#breadcrumb\"},\"inLanguage\":\"fr-FR\",\"potentialAction\":[{\"@type\":\"ReadAction\",\"target\":[\"https:\/\/ledsolintel.com\/product\/bombilla-9w-sensor-movimiento-crepuscular\/\"]}]},{\"@type\":\"ImageObject\",\"inLanguage\":\"fr-FR\",\"@id\":\"https:\/\/ledsolintel.com\/product\/bombilla-9w-sensor-movimiento-crepuscular\/#primaryimage\",\"url\":\"https:\/\/ledsolintel.com\/wp-content\/uploads\/2025\/11\/bombilla-10w-sensor-movimiento-crepuscular.jpg\",\"contentUrl\":\"https:\/\/ledsolintel.com\/wp-content\/uploads\/2025\/11\/bombilla-10w-sensor-movimiento-crepuscular.jpg\",\"width\":1500,\"height\":1500},{\"@type\":\"BreadcrumbList\",\"@id\":\"https:\/\/ledsolintel.com\/product\/bombilla-9w-sensor-movimiento-crepuscular\/#breadcrumb\",\"itemListElement\":[{\"@type\":\"ListItem\",\"position\":1,\"name\":\"Portada\",\"item\":\"https:\/\/ledsolintel.com\/fr\/\"},{\"@type\":\"ListItem\",\"position\":2,\"name\":\"Tienda\",\"item\":\"https:\/\/ledsolintel.com\/tienda\/\"},{\"@type\":\"ListItem\",\"position\":3,\"name\":\"Bombilla 9W sensor movimiento + crepuscular\"}]},{\"@type\":\"WebSite\",\"@id\":\"https:\/\/ledsolintel.com\/#website\",\"url\":\"https:\/\/ledsolintel.com\/\",\"name\":\"Webmenaje\",\"description\":\"Tienda de bombillas y l\u00e1mparas LED para profesionales\",\"publisher\":{\"@id\":\"https:\/\/ledsolintel.com\/#organization\"},\"potentialAction\":[{\"@type\":\"SearchAction\",\"target\":{\"@type\":\"EntryPoint\",\"urlTemplate\":\"https:\/\/ledsolintel.com\/?s={search_term_string}\"},\"query-input\":{\"@type\":\"PropertyValueSpecification\",\"valueRequired\":true,\"valueName\":\"search_term_string\"}}],\"inLanguage\":\"fr-FR\"},{\"@type\":\"Organization\",\"@id\":\"https:\/\/ledsolintel.com\/#organization\",\"name\":\"Solintel Noroeste, S.L.\",\"url\":\"https:\/\/ledsolintel.com\/\",\"logo\":{\"@type\":\"ImageObject\",\"inLanguage\":\"fr-FR\",\"@id\":\"https:\/\/ledsolintel.com\/#\/schema\/logo\/image\/\",\"url\":\"https:\/\/ledsolintel.com\/wp-content\/uploads\/2024\/11\/webmenaje-logo-1508269066.jpg\",\"contentUrl\":\"https:\/\/ledsolintel.com\/wp-content\/uploads\/2024\/11\/webmenaje-logo-1508269066.jpg\",\"width\":370,\"height\":90,\"caption\":\"Solintel Noroeste, S.L.\"},\"image\":{\"@id\":\"https:\/\/ledsolintel.com\/#\/schema\/logo\/image\/\"},\"sameAs\":[\"http:\/\/www.facebook.com\/webmenaje\",\"https:\/\/x.com\/webmenaje\",\"https:\/\/www.youtube.com\/channel\/UCX2KoVoeCG4LocZjUc6LmSQ\",\"http:\/\/www.pinterest.com\/webmenaje\"]}]}<\/script>\n<!-- \/ Yoast SEO plugin. -->","yoast_head_json":{"title":"Ampoule 9W d\u00e9tecteur de mouvement + cr\u00e9pusculaire - Ledsolintel","robots":{"index":"index","follow":"follow","max-snippet":"max-snippet:-1","max-image-preview":"max-image-preview:large","max-video-preview":"max-video-preview:-1"},"canonical":"https:\/\/ledsolintel.com\/fr\/produit-2\/ampoule-9w-twilight-detecteur-de-mouvement\/","og_locale":"fr_FR","og_type":"article","og_title":"Bombilla 9W sensor movimiento + crepuscular - Ledsolintel","og_description":"La bombilla LED esfera de 9W, es una opci\u00f3n ideal para iluminar cualquier espacio de manera eficiente y econ\u00f3mica. Es perfecta para sustuir a las bombillas convencionales incandescentes de 90W. Gracias a su bajo consumo y alta durabilidad, esta bombilla es perfecta para reemplazar bombillas incandescentes tradicionales, brindando una iluminaci\u00f3n clara y uniforme. Las bombillas &hellip; Continue reading Bombilla 9W sensor movimiento + crepuscular","og_url":"https:\/\/ledsolintel.com\/fr\/produit-2\/ampoule-9w-twilight-detecteur-de-mouvement\/","og_site_name":"Ledsolintel","article_publisher":"http:\/\/www.facebook.com\/webmenaje","article_modified_time":"2025-12-17T12:01:36+00:00","og_image":[{"width":1500,"height":1500,"url":"https:\/\/ledsolintel.com\/wp-content\/uploads\/2025\/11\/bombilla-10w-sensor-movimiento-crepuscular.jpg","type":"image\/jpeg"}],"twitter_card":"summary_large_image","twitter_site":"@webmenaje","twitter_misc":{"Dur\u00e9e de lecture estim\u00e9e":"2 minutes"},"schema":{"@context":"https:\/\/schema.org","@graph":[{"@type":"WebPage","@id":"https:\/\/ledsolintel.com\/product\/bombilla-9w-sensor-movimiento-crepuscular\/","url":"https:\/\/ledsolintel.com\/product\/bombilla-9w-sensor-movimiento-crepuscular\/","name":"Ampoule 9W d\u00e9tecteur de mouvement + cr\u00e9pusculaire - Ledsolintel","isPartOf":{"@id":"https:\/\/ledsolintel.com\/#website"},"primaryImageOfPage":{"@id":"https:\/\/ledsolintel.com\/product\/bombilla-9w-sensor-movimiento-crepuscular\/#primaryimage"},"image":{"@id":"https:\/\/ledsolintel.com\/product\/bombilla-9w-sensor-movimiento-crepuscular\/#primaryimage"},"thumbnailUrl":"https:\/\/ledsolintel.com\/wp-content\/uploads\/2025\/11\/bombilla-10w-sensor-movimiento-crepuscular.jpg","datePublished":"2025-11-11T13:13:42+00:00","dateModified":"2025-12-17T12:01:36+00:00","breadcrumb":{"@id":"https:\/\/ledsolintel.com\/product\/bombilla-9w-sensor-movimiento-crepuscular\/#breadcrumb"},"inLanguage":"fr-FR","potentialAction":[{"@type":"ReadAction","target":["https:\/\/ledsolintel.com\/product\/bombilla-9w-sensor-movimiento-crepuscular\/"]}]},{"@type":"ImageObject","inLanguage":"fr-FR","@id":"https:\/\/ledsolintel.com\/product\/bombilla-9w-sensor-movimiento-crepuscular\/#primaryimage","url":"https:\/\/ledsolintel.com\/wp-content\/uploads\/2025\/11\/bombilla-10w-sensor-movimiento-crepuscular.jpg","contentUrl":"https:\/\/ledsolintel.com\/wp-content\/uploads\/2025\/11\/bombilla-10w-sensor-movimiento-crepuscular.jpg","width":1500,"height":1500},{"@type":"BreadcrumbList","@id":"https:\/\/ledsolintel.com\/product\/bombilla-9w-sensor-movimiento-crepuscular\/#breadcrumb","itemListElement":[{"@type":"ListItem","position":1,"name":"Portada","item":"https:\/\/ledsolintel.com\/fr\/"},{"@type":"ListItem","position":2,"name":"Tienda","item":"https:\/\/ledsolintel.com\/tienda\/"},{"@type":"ListItem","position":3,"name":"Bombilla 9W sensor movimiento + crepuscular"}]},{"@type":"WebSite","@id":"https:\/\/ledsolintel.com\/#website","url":"https:\/\/ledsolintel.com\/","name":"Webmenaje","description":"Magasin d'ampoules et de lampes LED pour les professionnels","publisher":{"@id":"https:\/\/ledsolintel.com\/#organization"},"potentialAction":[{"@type":"SearchAction","target":{"@type":"EntryPoint","urlTemplate":"https:\/\/ledsolintel.com\/?s={search_term_string}"},"query-input":{"@type":"PropertyValueSpecification","valueRequired":true,"valueName":"search_term_string"}}],"inLanguage":"fr-FR"},{"@type":"Organization","@id":"https:\/\/ledsolintel.com\/#organization","name":"Solintel Noroeste, S.L.","url":"https:\/\/ledsolintel.com\/","logo":{"@type":"ImageObject","inLanguage":"fr-FR","@id":"https:\/\/ledsolintel.com\/#\/schema\/logo\/image\/","url":"https:\/\/ledsolintel.com\/wp-content\/uploads\/2024\/11\/webmenaje-logo-1508269066.jpg","contentUrl":"https:\/\/ledsolintel.com\/wp-content\/uploads\/2024\/11\/webmenaje-logo-1508269066.jpg","width":370,"height":90,"caption":"Solintel Noroeste, S.L."},"image":{"@id":"https:\/\/ledsolintel.com\/#\/schema\/logo\/image\/"},"sameAs":["http:\/\/www.facebook.com\/webmenaje","https:\/\/x.com\/webmenaje","https:\/\/www.youtube.com\/channel\/UCX2KoVoeCG4LocZjUc6LmSQ","http:\/\/www.pinterest.com\/webmenaje"]}]}},"_links":{"self":[{"href":"https:\/\/ledsolintel.com\/fr\/wp-json\/wp\/v2\/product\/267246","targetHints":{"allow":["GET"]}}],"collection":[{"href":"https:\/\/ledsolintel.com\/fr\/wp-json\/wp\/v2\/product"}],"about":[{"href":"https:\/\/ledsolintel.com\/fr\/wp-json\/wp\/v2\/types\/product"}],"version-history":[{"count":1,"href":"https:\/\/ledsolintel.com\/fr\/wp-json\/wp\/v2\/product\/267246\/revisions"}],"predecessor-version":[{"id":267247,"href":"https:\/\/ledsolintel.com\/fr\/wp-json\/wp\/v2\/product\/267246\/revisions\/267247"}],"wp:featuredmedia":[{"embeddable":true,"href":"https:\/\/ledsolintel.com\/fr\/wp-json\/wp\/v2\/media\/260220"}],"wp:attachment":[{"href":"https:\/\/ledsolintel.com\/fr\/wp-json\/wp\/v2\/media?parent=267246"}],"wp:term":[{"taxonomy":"product_brand","embeddable":true,"href":"https:\/\/ledsolintel.com\/fr\/wp-json\/wp\/v2\/product_brand?post=267246"},{"taxonomy":"product_cat","embeddable":true,"href":"https:\/\/ledsolintel.com\/fr\/wp-json\/wp\/v2\/product_cat?post=267246"},{"taxonomy":"product_tag","embeddable":true,"href":"https:\/\/ledsolintel.com\/fr\/wp-json\/wp\/v2\/product_tag?post=267246"}],"curies":[{"name":"wp","href":"https:\/\/api.w.org\/{rel}","templated":true}]}}