{"id":267228,"date":"2025-11-11T14:12:30","date_gmt":"2025-11-11T13:12:30","guid":{"rendered":"https:\/\/nueva.ledsolintel.com\/product\/guirnalda-10xe27-5-metros-ip54\/"},"modified":"2026-04-07T10:19:15","modified_gmt":"2026-04-07T08:19:15","slug":"guirnalda-10xe27-5-metros-ip54","status":"publish","type":"product","link":"https:\/\/ledsolintel.com\/fr\/produit-2\/guirnalda-10xe27-5-metros-ip54\/","title":{"rendered":"Guirlande 10xE27 5 m\u00e8tres IP54"},"content":{"rendered":"<p>La guirnalda para l\u00e1mparas con casquillo E27 fabricado en PVC de 5 m de longitud, incorpora un total de 10 portal\u00e1mparas, con una separaci\u00f3n de 50 cm entre cada portal\u00e1mpara.\u00a0En los extremos incluye conectores para unir las guirnaldas entre s\u00ed, para lograr un mayor longitud. Es ideal para su instalaci\u00f3n en el hogar, terrazas, jardines, fachadas, centros comerciales, hoteles, restaurantes o bares.  Es capaz de soportar un voltaje de entrada de 85 &#8211; 265V y un frecuencia de servicio de 50\/60 Hz. Para la conexi\u00f3n a la corriente se debe cortar el conector del extremo y empalmar los cables mediante un conector estanco.  Est\u00e1 dise\u00f1ado para ser instalado tanto en interior como en exterior debido a su grado de protecci\u00f3n IP54 (protecci\u00f3n ante el polvo y ante salpicaduras).\u00a0  Dispone de una garant\u00eda de 3 a\u00f1os. Cuenta tambi\u00e9n con el certificado CE, que acredita que se cumple con los requisitos de la UE respecto a compatibilidad electromagn\u00e9tica y normativa de baja tensi\u00f3n. Con este certificado se declara la conformidad de dicho producto con todos los requisitos legales exigidos, y asegura la validez del producto para ser vendido en todo el Espacio Econ\u00f3mico Europeo.  No incluye bombillas<\/p>","protected":false},"excerpt":{"rendered":"<p>La guirnalda para l\u00e1mparas con casquillo E27 fabricado en PVC de 5 m de longitud, incorpora un total de 10 portal\u00e1mparas, con una separaci\u00f3n de 50 cm entre cada portal\u00e1mpara.\u00a0En los extremos incluye conectores para unir las guirnaldas entre s\u00ed, para lograr un mayor longitud. Es ideal para su instalaci\u00f3n en el hogar, terrazas, jardines, &hellip; <a href=\"https:\/\/ledsolintel.com\/fr\/produit-2\/guirnalda-10xe27-5-metros-ip54\/\" class=\"more-link\">Continue reading <span class=\"screen-reader-text\">Guirlande 10xE27 5 m\u00e8tres IP54<\/span><\/a><\/p>","protected":false},"featured_media":260191,"template":"","meta":[],"product_brand":[101370],"product_cat":[101371,15],"product_tag":[],"class_list":{"0":"post-267228","1":"product","2":"type-product","3":"status-publish","4":"has-post-thumbnail","6":"product_brand-masterled","7":"product_cat-masterled","8":"product_cat-uncategorized","9":"pa_tipo-casquillo-casquillo-e27","12":"instock","13":"taxable","14":"shipping-taxable","15":"purchasable","16":"product-type-simple"},"yoast_head":"<!-- This site is optimized with the Yoast SEO plugin v27.4 - https:\/\/yoast.com\/product\/yoast-seo-wordpress\/ -->\n<title>Guirnalda 10xE27 5 metros IP54 - Ledsolintel<\/title>\n<meta name=\"robots\" content=\"index, follow, max-snippet:-1, max-image-preview:large, max-video-preview:-1\" \/>\n<link rel=\"canonical\" href=\"https:\/\/ledsolintel.com\/fr\/produit-2\/guirnalda-10xe27-5-metros-ip54\/\" \/>\n<meta property=\"og:locale\" content=\"fr_FR\" \/>\n<meta property=\"og:type\" content=\"article\" \/>\n<meta property=\"og:title\" content=\"Guirnalda 10xE27 5 metros IP54 - Ledsolintel\" \/>\n<meta property=\"og:description\" content=\"La guirnalda para l\u00e1mparas con casquillo E27 fabricado en PVC de 5 m de longitud, incorpora un total de 10 portal\u00e1mparas, con una separaci\u00f3n de 50 cm entre cada portal\u00e1mpara.\u00a0En los extremos incluye conectores para unir las guirnaldas entre s\u00ed, para lograr un mayor longitud. Es ideal para su instalaci\u00f3n en el hogar, terrazas, jardines, &hellip; Continue reading Guirnalda 10xE27 5 metros IP54\" \/>\n<meta property=\"og:url\" content=\"https:\/\/ledsolintel.com\/fr\/produit-2\/guirnalda-10xe27-5-metros-ip54\/\" \/>\n<meta property=\"og:site_name\" content=\"Ledsolintel\" \/>\n<meta property=\"article:publisher\" content=\"http:\/\/www.facebook.com\/webmenaje\" \/>\n<meta property=\"article:modified_time\" content=\"2026-04-07T08:19:15+00:00\" \/>\n<meta property=\"og:image\" content=\"https:\/\/ledsolintel.com\/wp-content\/uploads\/2025\/11\/guirnalda-10xe27-5-metros.jpg\" \/>\n\t<meta property=\"og:image:width\" content=\"600\" \/>\n\t<meta property=\"og:image:height\" content=\"600\" \/>\n\t<meta property=\"og:image:type\" content=\"image\/jpeg\" \/>\n<meta name=\"twitter:card\" content=\"summary_large_image\" \/>\n<meta name=\"twitter:site\" content=\"@webmenaje\" \/>\n<meta name=\"twitter:label1\" content=\"Dur\u00e9e de lecture estim\u00e9e\" \/>\n\t<meta name=\"twitter:data1\" content=\"1 minute\" \/>\n<script type=\"application\/ld+json\" class=\"yoast-schema-graph\">{\"@context\":\"https:\\\/\\\/schema.org\",\"@graph\":[{\"@type\":\"WebPage\",\"@id\":\"https:\\\/\\\/ledsolintel.com\\\/product\\\/guirnalda-10xe27-5-metros-ip54\\\/\",\"url\":\"https:\\\/\\\/ledsolintel.com\\\/product\\\/guirnalda-10xe27-5-metros-ip54\\\/\",\"name\":\"Guirnalda 10xE27 5 metros IP54 - Ledsolintel\",\"isPartOf\":{\"@id\":\"https:\\\/\\\/ledsolintel.com\\\/#website\"},\"primaryImageOfPage\":{\"@id\":\"https:\\\/\\\/ledsolintel.com\\\/product\\\/guirnalda-10xe27-5-metros-ip54\\\/#primaryimage\"},\"image\":{\"@id\":\"https:\\\/\\\/ledsolintel.com\\\/product\\\/guirnalda-10xe27-5-metros-ip54\\\/#primaryimage\"},\"thumbnailUrl\":\"https:\\\/\\\/ledsolintel.com\\\/wp-content\\\/uploads\\\/2025\\\/11\\\/guirnalda-10xe27-5-metros.jpg\",\"datePublished\":\"2025-11-11T13:12:30+00:00\",\"dateModified\":\"2026-04-07T08:19:15+00:00\",\"breadcrumb\":{\"@id\":\"https:\\\/\\\/ledsolintel.com\\\/product\\\/guirnalda-10xe27-5-metros-ip54\\\/#breadcrumb\"},\"inLanguage\":\"fr-FR\",\"potentialAction\":[{\"@type\":\"ReadAction\",\"target\":[\"https:\\\/\\\/ledsolintel.com\\\/product\\\/guirnalda-10xe27-5-metros-ip54\\\/\"]}]},{\"@type\":\"ImageObject\",\"inLanguage\":\"fr-FR\",\"@id\":\"https:\\\/\\\/ledsolintel.com\\\/product\\\/guirnalda-10xe27-5-metros-ip54\\\/#primaryimage\",\"url\":\"https:\\\/\\\/ledsolintel.com\\\/wp-content\\\/uploads\\\/2025\\\/11\\\/guirnalda-10xe27-5-metros.jpg\",\"contentUrl\":\"https:\\\/\\\/ledsolintel.com\\\/wp-content\\\/uploads\\\/2025\\\/11\\\/guirnalda-10xe27-5-metros.jpg\",\"width\":600,\"height\":600},{\"@type\":\"BreadcrumbList\",\"@id\":\"https:\\\/\\\/ledsolintel.com\\\/product\\\/guirnalda-10xe27-5-metros-ip54\\\/#breadcrumb\",\"itemListElement\":[{\"@type\":\"ListItem\",\"position\":1,\"name\":\"Portada\",\"item\":\"https:\\\/\\\/ledsolintel.com\\\/fr\\\/\"},{\"@type\":\"ListItem\",\"position\":2,\"name\":\"Tienda\",\"item\":\"https:\\\/\\\/ledsolintel.com\\\/tienda\\\/\"},{\"@type\":\"ListItem\",\"position\":3,\"name\":\"Guirnalda 10xE27 5 metros IP54\"}]},{\"@type\":\"WebSite\",\"@id\":\"https:\\\/\\\/ledsolintel.com\\\/#website\",\"url\":\"https:\\\/\\\/ledsolintel.com\\\/\",\"name\":\"Webmenaje\",\"description\":\"Tienda de bombillas y l\u00e1mparas LED para profesionales\",\"publisher\":{\"@id\":\"https:\\\/\\\/ledsolintel.com\\\/#organization\"},\"potentialAction\":[{\"@type\":\"SearchAction\",\"target\":{\"@type\":\"EntryPoint\",\"urlTemplate\":\"https:\\\/\\\/ledsolintel.com\\\/?s={search_term_string}\"},\"query-input\":{\"@type\":\"PropertyValueSpecification\",\"valueRequired\":true,\"valueName\":\"search_term_string\"}}],\"inLanguage\":\"fr-FR\"},{\"@type\":\"Organization\",\"@id\":\"https:\\\/\\\/ledsolintel.com\\\/#organization\",\"name\":\"Solintel Noroeste, S.L.\",\"url\":\"https:\\\/\\\/ledsolintel.com\\\/\",\"logo\":{\"@type\":\"ImageObject\",\"inLanguage\":\"fr-FR\",\"@id\":\"https:\\\/\\\/ledsolintel.com\\\/#\\\/schema\\\/logo\\\/image\\\/\",\"url\":\"https:\\\/\\\/ledsolintel.com\\\/wp-content\\\/uploads\\\/2024\\\/11\\\/webmenaje-logo-1508269066.jpg\",\"contentUrl\":\"https:\\\/\\\/ledsolintel.com\\\/wp-content\\\/uploads\\\/2024\\\/11\\\/webmenaje-logo-1508269066.jpg\",\"width\":370,\"height\":90,\"caption\":\"Solintel Noroeste, S.L.\"},\"image\":{\"@id\":\"https:\\\/\\\/ledsolintel.com\\\/#\\\/schema\\\/logo\\\/image\\\/\"},\"sameAs\":[\"http:\\\/\\\/www.facebook.com\\\/webmenaje\",\"https:\\\/\\\/x.com\\\/webmenaje\",\"https:\\\/\\\/www.youtube.com\\\/channel\\\/UCX2KoVoeCG4LocZjUc6LmSQ\",\"http:\\\/\\\/www.pinterest.com\\\/webmenaje\"]}]}<\/script>\n<!-- \/ Yoast SEO plugin. -->","yoast_head_json":{"title":"Guirnalda 10xE27 5 metros IP54 - Ledsolintel","robots":{"index":"index","follow":"follow","max-snippet":"max-snippet:-1","max-image-preview":"max-image-preview:large","max-video-preview":"max-video-preview:-1"},"canonical":"https:\/\/ledsolintel.com\/fr\/produit-2\/guirnalda-10xe27-5-metros-ip54\/","og_locale":"fr_FR","og_type":"article","og_title":"Guirnalda 10xE27 5 metros IP54 - Ledsolintel","og_description":"La guirnalda para l\u00e1mparas con casquillo E27 fabricado en PVC de 5 m de longitud, incorpora un total de 10 portal\u00e1mparas, con una separaci\u00f3n de 50 cm entre cada portal\u00e1mpara.\u00a0En los extremos incluye conectores para unir las guirnaldas entre s\u00ed, para lograr un mayor longitud. Es ideal para su instalaci\u00f3n en el hogar, terrazas, jardines, &hellip; Continue reading Guirnalda 10xE27 5 metros IP54","og_url":"https:\/\/ledsolintel.com\/fr\/produit-2\/guirnalda-10xe27-5-metros-ip54\/","og_site_name":"Ledsolintel","article_publisher":"http:\/\/www.facebook.com\/webmenaje","article_modified_time":"2026-04-07T08:19:15+00:00","og_image":[{"width":600,"height":600,"url":"https:\/\/ledsolintel.com\/wp-content\/uploads\/2025\/11\/guirnalda-10xe27-5-metros.jpg","type":"image\/jpeg"}],"twitter_card":"summary_large_image","twitter_site":"@webmenaje","twitter_misc":{"Dur\u00e9e de lecture estim\u00e9e":"1 minute"},"schema":{"@context":"https:\/\/schema.org","@graph":[{"@type":"WebPage","@id":"https:\/\/ledsolintel.com\/product\/guirnalda-10xe27-5-metros-ip54\/","url":"https:\/\/ledsolintel.com\/product\/guirnalda-10xe27-5-metros-ip54\/","name":"Guirnalda 10xE27 5 metros IP54 - Ledsolintel","isPartOf":{"@id":"https:\/\/ledsolintel.com\/#website"},"primaryImageOfPage":{"@id":"https:\/\/ledsolintel.com\/product\/guirnalda-10xe27-5-metros-ip54\/#primaryimage"},"image":{"@id":"https:\/\/ledsolintel.com\/product\/guirnalda-10xe27-5-metros-ip54\/#primaryimage"},"thumbnailUrl":"https:\/\/ledsolintel.com\/wp-content\/uploads\/2025\/11\/guirnalda-10xe27-5-metros.jpg","datePublished":"2025-11-11T13:12:30+00:00","dateModified":"2026-04-07T08:19:15+00:00","breadcrumb":{"@id":"https:\/\/ledsolintel.com\/product\/guirnalda-10xe27-5-metros-ip54\/#breadcrumb"},"inLanguage":"fr-FR","potentialAction":[{"@type":"ReadAction","target":["https:\/\/ledsolintel.com\/product\/guirnalda-10xe27-5-metros-ip54\/"]}]},{"@type":"ImageObject","inLanguage":"fr-FR","@id":"https:\/\/ledsolintel.com\/product\/guirnalda-10xe27-5-metros-ip54\/#primaryimage","url":"https:\/\/ledsolintel.com\/wp-content\/uploads\/2025\/11\/guirnalda-10xe27-5-metros.jpg","contentUrl":"https:\/\/ledsolintel.com\/wp-content\/uploads\/2025\/11\/guirnalda-10xe27-5-metros.jpg","width":600,"height":600},{"@type":"BreadcrumbList","@id":"https:\/\/ledsolintel.com\/product\/guirnalda-10xe27-5-metros-ip54\/#breadcrumb","itemListElement":[{"@type":"ListItem","position":1,"name":"Portada","item":"https:\/\/ledsolintel.com\/fr\/"},{"@type":"ListItem","position":2,"name":"Tienda","item":"https:\/\/ledsolintel.com\/tienda\/"},{"@type":"ListItem","position":3,"name":"Guirnalda 10xE27 5 metros IP54"}]},{"@type":"WebSite","@id":"https:\/\/ledsolintel.com\/#website","url":"https:\/\/ledsolintel.com\/","name":"Webmenaje","description":"Magasin d'ampoules et de lampes LED pour les professionnels","publisher":{"@id":"https:\/\/ledsolintel.com\/#organization"},"potentialAction":[{"@type":"SearchAction","target":{"@type":"EntryPoint","urlTemplate":"https:\/\/ledsolintel.com\/?s={search_term_string}"},"query-input":{"@type":"PropertyValueSpecification","valueRequired":true,"valueName":"search_term_string"}}],"inLanguage":"fr-FR"},{"@type":"Organization","@id":"https:\/\/ledsolintel.com\/#organization","name":"Solintel Noroeste, S.L.","url":"https:\/\/ledsolintel.com\/","logo":{"@type":"ImageObject","inLanguage":"fr-FR","@id":"https:\/\/ledsolintel.com\/#\/schema\/logo\/image\/","url":"https:\/\/ledsolintel.com\/wp-content\/uploads\/2024\/11\/webmenaje-logo-1508269066.jpg","contentUrl":"https:\/\/ledsolintel.com\/wp-content\/uploads\/2024\/11\/webmenaje-logo-1508269066.jpg","width":370,"height":90,"caption":"Solintel Noroeste, S.L."},"image":{"@id":"https:\/\/ledsolintel.com\/#\/schema\/logo\/image\/"},"sameAs":["http:\/\/www.facebook.com\/webmenaje","https:\/\/x.com\/webmenaje","https:\/\/www.youtube.com\/channel\/UCX2KoVoeCG4LocZjUc6LmSQ","http:\/\/www.pinterest.com\/webmenaje"]}]}},"_links":{"self":[{"href":"https:\/\/ledsolintel.com\/fr\/wp-json\/wp\/v2\/product\/267228","targetHints":{"allow":["GET"]}}],"collection":[{"href":"https:\/\/ledsolintel.com\/fr\/wp-json\/wp\/v2\/product"}],"about":[{"href":"https:\/\/ledsolintel.com\/fr\/wp-json\/wp\/v2\/types\/product"}],"version-history":[{"count":1,"href":"https:\/\/ledsolintel.com\/fr\/wp-json\/wp\/v2\/product\/267228\/revisions"}],"predecessor-version":[{"id":267229,"href":"https:\/\/ledsolintel.com\/fr\/wp-json\/wp\/v2\/product\/267228\/revisions\/267229"}],"wp:featuredmedia":[{"embeddable":true,"href":"https:\/\/ledsolintel.com\/fr\/wp-json\/wp\/v2\/media\/260191"}],"wp:attachment":[{"href":"https:\/\/ledsolintel.com\/fr\/wp-json\/wp\/v2\/media?parent=267228"}],"wp:term":[{"taxonomy":"product_brand","embeddable":true,"href":"https:\/\/ledsolintel.com\/fr\/wp-json\/wp\/v2\/product_brand?post=267228"},{"taxonomy":"product_cat","embeddable":true,"href":"https:\/\/ledsolintel.com\/fr\/wp-json\/wp\/v2\/product_cat?post=267228"},{"taxonomy":"product_tag","embeddable":true,"href":"https:\/\/ledsolintel.com\/fr\/wp-json\/wp\/v2\/product_tag?post=267228"}],"curies":[{"name":"wp","href":"https:\/\/api.w.org\/{rel}","templated":true}]}}