{"id":267176,"date":"2025-11-11T14:10:14","date_gmt":"2025-11-11T13:10:14","guid":{"rendered":"https:\/\/nueva.ledsolintel.com\/product\/pantalla-estanca-1-tubo-1500mm\/"},"modified":"2025-12-17T13:01:40","modified_gmt":"2025-12-17T12:01:40","slug":"pantalla-estanca-1-tubo-1500mm","status":"publish","type":"product","link":"https:\/\/ledsolintel.com\/fr\/produit-2\/pantalla-estanca-1-tubo-1500mm\/","title":{"rendered":"Ecran \u00e9tanche 1 tuyau 1500mm"},"content":{"rendered":"<p>Pantalla estanca con capacidad para un tubo led T8 de 1500 mm, fabricada en ABS + PS con un dise\u00f1o compacto y compatible con tubos LED de conexi\u00f3n por las dos cabezas. Es un dispositivo completamente estanco que permite la iluminaci\u00f3n con LED en espacios exteriores e interiores debido a su grado de protecci\u00f3n IP65 (protecci\u00f3n total frente al polvo y ante chorros de agua). Permite un voltaje de entrada de 180\/240V.  Estas caracter\u00edsticas la convierten en una iluminaria ideal para el alumbrado de espacios interiores como garajes, almacenes o f\u00e1bricas, as\u00ed como lugares donde puede haber humedad o lluv\u00eda como terrazas, ba\u00f1os o piscinas.  Dispone de una garant\u00eda de 3 a\u00f1os. Cuenta tambi\u00e9n con el certificado CE, que acredita que se cumple con los requisitos de la UE respecto a compatibilidad electromagn\u00e9tica y normativa de baja tensi\u00f3n. Con este certificado se declara la conformidad de dicho producto con todos los requisitos legales exigidos, y asegura la validez del producto para ser vendido en todo el Espacio Econ\u00f3mico Europeo.  No incluye tubo.<\/p>","protected":false},"excerpt":{"rendered":"<p>Pantalla estanca con capacidad para un tubo led T8 de 1500 mm, fabricada en ABS + PS con un dise\u00f1o compacto y compatible con tubos LED de conexi\u00f3n por las dos cabezas. Es un dispositivo completamente estanco que permite la iluminaci\u00f3n con LED en espacios exteriores e interiores debido a su grado de protecci\u00f3n IP65 &hellip; <a href=\"https:\/\/ledsolintel.com\/fr\/produit-2\/pantalla-estanca-1-tubo-1500mm\/\" class=\"more-link\">Continue reading <span class=\"screen-reader-text\">Ecran \u00e9tanche 1 tuyau 1500mm<\/span><\/a><\/p>","protected":false},"featured_media":260111,"template":"","meta":[],"product_brand":[101370],"product_cat":[15,101371],"product_tag":[],"class_list":{"0":"post-267176","1":"product","2":"type-product","3":"status-publish","4":"has-post-thumbnail","6":"product_brand-masterled","7":"product_cat-uncategorized","8":"product_cat-masterled","9":"pa_material-policarbonato","12":"instock","13":"purchasable","14":"product-type-simple"},"yoast_head":"<!-- This site is optimized with the Yoast SEO plugin v26.6 - https:\/\/yoast.com\/wordpress\/plugins\/seo\/ -->\n<title>Pantalla estanca 1 tubo 1500mm - Ledsolintel<\/title>\n<meta name=\"robots\" content=\"index, follow, max-snippet:-1, max-image-preview:large, max-video-preview:-1\" \/>\n<link rel=\"canonical\" href=\"https:\/\/ledsolintel.com\/fr\/produit-2\/pantalla-estanca-1-tubo-1500mm\/\" \/>\n<meta property=\"og:locale\" content=\"fr_FR\" \/>\n<meta property=\"og:type\" content=\"article\" \/>\n<meta property=\"og:title\" content=\"Pantalla estanca 1 tubo 1500mm - Ledsolintel\" \/>\n<meta property=\"og:description\" content=\"Pantalla estanca con capacidad para un tubo led T8 de 1500 mm, fabricada en ABS + PS con un dise\u00f1o compacto y compatible con tubos LED de conexi\u00f3n por las dos cabezas. Es un dispositivo completamente estanco que permite la iluminaci\u00f3n con LED en espacios exteriores e interiores debido a su grado de protecci\u00f3n IP65 &hellip; Continue reading Pantalla estanca 1 tubo 1500mm\" \/>\n<meta property=\"og:url\" content=\"https:\/\/ledsolintel.com\/fr\/produit-2\/pantalla-estanca-1-tubo-1500mm\/\" \/>\n<meta property=\"og:site_name\" content=\"Ledsolintel\" \/>\n<meta property=\"article:publisher\" content=\"http:\/\/www.facebook.com\/webmenaje\" \/>\n<meta property=\"article:modified_time\" content=\"2025-12-17T12:01:40+00:00\" \/>\n<meta property=\"og:image\" content=\"https:\/\/ledsolintel.com\/wp-content\/uploads\/2025\/11\/pantalla-estanca-1-tubo-1500mm.jpg\" \/>\n\t<meta property=\"og:image:width\" content=\"1500\" \/>\n\t<meta property=\"og:image:height\" content=\"1500\" \/>\n\t<meta property=\"og:image:type\" content=\"image\/jpeg\" \/>\n<meta name=\"twitter:card\" content=\"summary_large_image\" \/>\n<meta name=\"twitter:site\" content=\"@webmenaje\" \/>\n<meta name=\"twitter:label1\" content=\"Dur\u00e9e de lecture estim\u00e9e\" \/>\n\t<meta name=\"twitter:data1\" content=\"1 minute\" \/>\n<script type=\"application\/ld+json\" class=\"yoast-schema-graph\">{\"@context\":\"https:\/\/schema.org\",\"@graph\":[{\"@type\":\"WebPage\",\"@id\":\"https:\/\/ledsolintel.com\/product\/pantalla-estanca-1-tubo-1500mm\/\",\"url\":\"https:\/\/ledsolintel.com\/product\/pantalla-estanca-1-tubo-1500mm\/\",\"name\":\"Pantalla estanca 1 tubo 1500mm - Ledsolintel\",\"isPartOf\":{\"@id\":\"https:\/\/ledsolintel.com\/#website\"},\"primaryImageOfPage\":{\"@id\":\"https:\/\/ledsolintel.com\/product\/pantalla-estanca-1-tubo-1500mm\/#primaryimage\"},\"image\":{\"@id\":\"https:\/\/ledsolintel.com\/product\/pantalla-estanca-1-tubo-1500mm\/#primaryimage\"},\"thumbnailUrl\":\"https:\/\/ledsolintel.com\/wp-content\/uploads\/2025\/11\/pantalla-estanca-1-tubo-1500mm.jpg\",\"datePublished\":\"2025-11-11T13:10:14+00:00\",\"dateModified\":\"2025-12-17T12:01:40+00:00\",\"breadcrumb\":{\"@id\":\"https:\/\/ledsolintel.com\/product\/pantalla-estanca-1-tubo-1500mm\/#breadcrumb\"},\"inLanguage\":\"fr-FR\",\"potentialAction\":[{\"@type\":\"ReadAction\",\"target\":[\"https:\/\/ledsolintel.com\/product\/pantalla-estanca-1-tubo-1500mm\/\"]}]},{\"@type\":\"ImageObject\",\"inLanguage\":\"fr-FR\",\"@id\":\"https:\/\/ledsolintel.com\/product\/pantalla-estanca-1-tubo-1500mm\/#primaryimage\",\"url\":\"https:\/\/ledsolintel.com\/wp-content\/uploads\/2025\/11\/pantalla-estanca-1-tubo-1500mm.jpg\",\"contentUrl\":\"https:\/\/ledsolintel.com\/wp-content\/uploads\/2025\/11\/pantalla-estanca-1-tubo-1500mm.jpg\",\"width\":1500,\"height\":1500},{\"@type\":\"BreadcrumbList\",\"@id\":\"https:\/\/ledsolintel.com\/product\/pantalla-estanca-1-tubo-1500mm\/#breadcrumb\",\"itemListElement\":[{\"@type\":\"ListItem\",\"position\":1,\"name\":\"Portada\",\"item\":\"https:\/\/ledsolintel.com\/fr\/\"},{\"@type\":\"ListItem\",\"position\":2,\"name\":\"Tienda\",\"item\":\"https:\/\/ledsolintel.com\/tienda\/\"},{\"@type\":\"ListItem\",\"position\":3,\"name\":\"Pantalla estanca 1 tubo 1500mm\"}]},{\"@type\":\"WebSite\",\"@id\":\"https:\/\/ledsolintel.com\/#website\",\"url\":\"https:\/\/ledsolintel.com\/\",\"name\":\"Webmenaje\",\"description\":\"Tienda de bombillas y l\u00e1mparas LED para profesionales\",\"publisher\":{\"@id\":\"https:\/\/ledsolintel.com\/#organization\"},\"potentialAction\":[{\"@type\":\"SearchAction\",\"target\":{\"@type\":\"EntryPoint\",\"urlTemplate\":\"https:\/\/ledsolintel.com\/?s={search_term_string}\"},\"query-input\":{\"@type\":\"PropertyValueSpecification\",\"valueRequired\":true,\"valueName\":\"search_term_string\"}}],\"inLanguage\":\"fr-FR\"},{\"@type\":\"Organization\",\"@id\":\"https:\/\/ledsolintel.com\/#organization\",\"name\":\"Solintel Noroeste, S.L.\",\"url\":\"https:\/\/ledsolintel.com\/\",\"logo\":{\"@type\":\"ImageObject\",\"inLanguage\":\"fr-FR\",\"@id\":\"https:\/\/ledsolintel.com\/#\/schema\/logo\/image\/\",\"url\":\"https:\/\/ledsolintel.com\/wp-content\/uploads\/2024\/11\/webmenaje-logo-1508269066.jpg\",\"contentUrl\":\"https:\/\/ledsolintel.com\/wp-content\/uploads\/2024\/11\/webmenaje-logo-1508269066.jpg\",\"width\":370,\"height\":90,\"caption\":\"Solintel Noroeste, S.L.\"},\"image\":{\"@id\":\"https:\/\/ledsolintel.com\/#\/schema\/logo\/image\/\"},\"sameAs\":[\"http:\/\/www.facebook.com\/webmenaje\",\"https:\/\/x.com\/webmenaje\",\"https:\/\/www.youtube.com\/channel\/UCX2KoVoeCG4LocZjUc6LmSQ\",\"http:\/\/www.pinterest.com\/webmenaje\"]}]}<\/script>\n<!-- \/ Yoast SEO plugin. -->","yoast_head_json":{"title":"Pantalla estanca 1 tubo 1500mm - Ledsolintel","robots":{"index":"index","follow":"follow","max-snippet":"max-snippet:-1","max-image-preview":"max-image-preview:large","max-video-preview":"max-video-preview:-1"},"canonical":"https:\/\/ledsolintel.com\/fr\/produit-2\/pantalla-estanca-1-tubo-1500mm\/","og_locale":"fr_FR","og_type":"article","og_title":"Pantalla estanca 1 tubo 1500mm - Ledsolintel","og_description":"Pantalla estanca con capacidad para un tubo led T8 de 1500 mm, fabricada en ABS + PS con un dise\u00f1o compacto y compatible con tubos LED de conexi\u00f3n por las dos cabezas. Es un dispositivo completamente estanco que permite la iluminaci\u00f3n con LED en espacios exteriores e interiores debido a su grado de protecci\u00f3n IP65 &hellip; Continue reading Pantalla estanca 1 tubo 1500mm","og_url":"https:\/\/ledsolintel.com\/fr\/produit-2\/pantalla-estanca-1-tubo-1500mm\/","og_site_name":"Ledsolintel","article_publisher":"http:\/\/www.facebook.com\/webmenaje","article_modified_time":"2025-12-17T12:01:40+00:00","og_image":[{"width":1500,"height":1500,"url":"https:\/\/ledsolintel.com\/wp-content\/uploads\/2025\/11\/pantalla-estanca-1-tubo-1500mm.jpg","type":"image\/jpeg"}],"twitter_card":"summary_large_image","twitter_site":"@webmenaje","twitter_misc":{"Dur\u00e9e de lecture estim\u00e9e":"1 minute"},"schema":{"@context":"https:\/\/schema.org","@graph":[{"@type":"WebPage","@id":"https:\/\/ledsolintel.com\/product\/pantalla-estanca-1-tubo-1500mm\/","url":"https:\/\/ledsolintel.com\/product\/pantalla-estanca-1-tubo-1500mm\/","name":"Pantalla estanca 1 tubo 1500mm - Ledsolintel","isPartOf":{"@id":"https:\/\/ledsolintel.com\/#website"},"primaryImageOfPage":{"@id":"https:\/\/ledsolintel.com\/product\/pantalla-estanca-1-tubo-1500mm\/#primaryimage"},"image":{"@id":"https:\/\/ledsolintel.com\/product\/pantalla-estanca-1-tubo-1500mm\/#primaryimage"},"thumbnailUrl":"https:\/\/ledsolintel.com\/wp-content\/uploads\/2025\/11\/pantalla-estanca-1-tubo-1500mm.jpg","datePublished":"2025-11-11T13:10:14+00:00","dateModified":"2025-12-17T12:01:40+00:00","breadcrumb":{"@id":"https:\/\/ledsolintel.com\/product\/pantalla-estanca-1-tubo-1500mm\/#breadcrumb"},"inLanguage":"fr-FR","potentialAction":[{"@type":"ReadAction","target":["https:\/\/ledsolintel.com\/product\/pantalla-estanca-1-tubo-1500mm\/"]}]},{"@type":"ImageObject","inLanguage":"fr-FR","@id":"https:\/\/ledsolintel.com\/product\/pantalla-estanca-1-tubo-1500mm\/#primaryimage","url":"https:\/\/ledsolintel.com\/wp-content\/uploads\/2025\/11\/pantalla-estanca-1-tubo-1500mm.jpg","contentUrl":"https:\/\/ledsolintel.com\/wp-content\/uploads\/2025\/11\/pantalla-estanca-1-tubo-1500mm.jpg","width":1500,"height":1500},{"@type":"BreadcrumbList","@id":"https:\/\/ledsolintel.com\/product\/pantalla-estanca-1-tubo-1500mm\/#breadcrumb","itemListElement":[{"@type":"ListItem","position":1,"name":"Portada","item":"https:\/\/ledsolintel.com\/fr\/"},{"@type":"ListItem","position":2,"name":"Tienda","item":"https:\/\/ledsolintel.com\/tienda\/"},{"@type":"ListItem","position":3,"name":"Pantalla estanca 1 tubo 1500mm"}]},{"@type":"WebSite","@id":"https:\/\/ledsolintel.com\/#website","url":"https:\/\/ledsolintel.com\/","name":"Webmenaje","description":"Magasin d'ampoules et de lampes LED pour les professionnels","publisher":{"@id":"https:\/\/ledsolintel.com\/#organization"},"potentialAction":[{"@type":"SearchAction","target":{"@type":"EntryPoint","urlTemplate":"https:\/\/ledsolintel.com\/?s={search_term_string}"},"query-input":{"@type":"PropertyValueSpecification","valueRequired":true,"valueName":"search_term_string"}}],"inLanguage":"fr-FR"},{"@type":"Organization","@id":"https:\/\/ledsolintel.com\/#organization","name":"Solintel Noroeste, S.L.","url":"https:\/\/ledsolintel.com\/","logo":{"@type":"ImageObject","inLanguage":"fr-FR","@id":"https:\/\/ledsolintel.com\/#\/schema\/logo\/image\/","url":"https:\/\/ledsolintel.com\/wp-content\/uploads\/2024\/11\/webmenaje-logo-1508269066.jpg","contentUrl":"https:\/\/ledsolintel.com\/wp-content\/uploads\/2024\/11\/webmenaje-logo-1508269066.jpg","width":370,"height":90,"caption":"Solintel Noroeste, S.L."},"image":{"@id":"https:\/\/ledsolintel.com\/#\/schema\/logo\/image\/"},"sameAs":["http:\/\/www.facebook.com\/webmenaje","https:\/\/x.com\/webmenaje","https:\/\/www.youtube.com\/channel\/UCX2KoVoeCG4LocZjUc6LmSQ","http:\/\/www.pinterest.com\/webmenaje"]}]}},"_links":{"self":[{"href":"https:\/\/ledsolintel.com\/fr\/wp-json\/wp\/v2\/product\/267176","targetHints":{"allow":["GET"]}}],"collection":[{"href":"https:\/\/ledsolintel.com\/fr\/wp-json\/wp\/v2\/product"}],"about":[{"href":"https:\/\/ledsolintel.com\/fr\/wp-json\/wp\/v2\/types\/product"}],"version-history":[{"count":1,"href":"https:\/\/ledsolintel.com\/fr\/wp-json\/wp\/v2\/product\/267176\/revisions"}],"predecessor-version":[{"id":267177,"href":"https:\/\/ledsolintel.com\/fr\/wp-json\/wp\/v2\/product\/267176\/revisions\/267177"}],"wp:featuredmedia":[{"embeddable":true,"href":"https:\/\/ledsolintel.com\/fr\/wp-json\/wp\/v2\/media\/260111"}],"wp:attachment":[{"href":"https:\/\/ledsolintel.com\/fr\/wp-json\/wp\/v2\/media?parent=267176"}],"wp:term":[{"taxonomy":"product_brand","embeddable":true,"href":"https:\/\/ledsolintel.com\/fr\/wp-json\/wp\/v2\/product_brand?post=267176"},{"taxonomy":"product_cat","embeddable":true,"href":"https:\/\/ledsolintel.com\/fr\/wp-json\/wp\/v2\/product_cat?post=267176"},{"taxonomy":"product_tag","embeddable":true,"href":"https:\/\/ledsolintel.com\/fr\/wp-json\/wp\/v2\/product_tag?post=267176"}],"curies":[{"name":"wp","href":"https:\/\/api.w.org\/{rel}","templated":true}]}}