{"id":267173,"date":"2025-11-11T14:10:11","date_gmt":"2025-11-11T13:10:11","guid":{"rendered":"https:\/\/nueva.ledsolintel.com\/product\/pantalla-estanca-2-tubos-600mm\/"},"modified":"2026-04-07T10:19:16","modified_gmt":"2026-04-07T08:19:16","slug":"ecran-etanche-2-tubes-600mm","status":"publish","type":"product","link":"https:\/\/ledsolintel.com\/fr\/produit-2\/ecran-etanche-2-tubes-600mm\/","title":{"rendered":"Ecran \u00e9tanche 2 tubes 600mm"},"content":{"rendered":"<p>Ecran \u00e9tanche pouvant accueillir deux tubes LED T8 de 600 mm, en ABS + PS, au design compact et compatible avec les tubes LED reliant les deux t\u00eates. Il s'agit d'un dispositif compl\u00e8tement \u00e9tanche qui permet l'\u00e9clairage LED dans des espaces ext\u00e9rieurs et int\u00e9rieurs gr\u00e2ce \u00e0 son degr\u00e9 de protection IP65 (protection totale contre la poussi\u00e8re et les jets d'eau). Il admet une tension d'entr\u00e9e de 180\/240V.  Ces caract\u00e9ristiques le rendent id\u00e9al pour l'\u00e9clairage des espaces int\u00e9rieurs tels que les garages, les entrep\u00f4ts ou les usines, ainsi que les lieux o\u00f9 il peut y avoir de l'humidit\u00e9 ou de la pluie comme les terrasses, les salles de bains ou les piscines.  Il b\u00e9n\u00e9ficie d'une garantie de 3 ans. Il poss\u00e8de \u00e9galement le certificat CE, qui atteste qu'il est conforme aux exigences de l'UE en mati\u00e8re de compatibilit\u00e9 \u00e9lectromagn\u00e9tique et de basse tension. Ce certificat d\u00e9clare la conformit\u00e9 du produit \u00e0 toutes les exigences l\u00e9gales et garantit la validit\u00e9 de la vente du produit dans l'Espace \u00e9conomique europ\u00e9en.  Le tube n'est pas inclus.<\/p>","protected":false},"excerpt":{"rendered":"<p>Pantalla estanca con capacidad para dos tubos led T8 de 600 mm, fabricada en ABS + PS con un dise\u00f1o compacto y conmpatible con tubos LED de conexi\u00f3n por las dos cabezas. Es un dispositivo completamente estanco que permite la iluminaci\u00f3n con LED en espacios exteriores e interiores debido a su grado de protecci\u00f3n IP65 &hellip; <a href=\"https:\/\/ledsolintel.com\/fr\/produit-2\/ecran-etanche-2-tubes-600mm\/\" class=\"more-link\">Continue reading <span class=\"screen-reader-text\">Ecran \u00e9tanche 2 tubes 600mm<\/span><\/a><\/p>","protected":false},"featured_media":260105,"template":"","meta":[],"product_brand":[101370],"product_cat":[15,101371],"product_tag":[],"class_list":{"0":"post-267173","1":"product","2":"type-product","3":"status-publish","4":"has-post-thumbnail","6":"product_brand-masterled","7":"product_cat-uncategorized","8":"product_cat-masterled","9":"pa_material-policarbonato","12":"instock","13":"taxable","14":"shipping-taxable","15":"purchasable","16":"product-type-simple"},"yoast_head":"<!-- This site is optimized with the Yoast SEO plugin v26.6 - https:\/\/yoast.com\/wordpress\/plugins\/seo\/ -->\n<title>Pantalla estanca 2 tubos 600mm - Ledsolintel<\/title>\n<meta name=\"robots\" content=\"index, follow, max-snippet:-1, max-image-preview:large, max-video-preview:-1\" \/>\n<link rel=\"canonical\" href=\"https:\/\/ledsolintel.com\/fr\/produit-2\/ecran-etanche-2-tubes-600mm\/\" \/>\n<meta property=\"og:locale\" content=\"fr_FR\" \/>\n<meta property=\"og:type\" content=\"article\" \/>\n<meta property=\"og:title\" content=\"Pantalla estanca 2 tubos 600mm - Ledsolintel\" \/>\n<meta property=\"og:description\" content=\"Pantalla estanca con capacidad para dos tubos led T8 de 600 mm, fabricada en ABS + PS con un dise\u00f1o compacto y conmpatible con tubos LED de conexi\u00f3n por las dos cabezas. Es un dispositivo completamente estanco que permite la iluminaci\u00f3n con LED en espacios exteriores e interiores debido a su grado de protecci\u00f3n IP65 &hellip; Continue reading Pantalla estanca 2 tubos 600mm\" \/>\n<meta property=\"og:url\" content=\"https:\/\/ledsolintel.com\/fr\/produit-2\/ecran-etanche-2-tubes-600mm\/\" \/>\n<meta property=\"og:site_name\" content=\"Ledsolintel\" \/>\n<meta property=\"article:publisher\" content=\"http:\/\/www.facebook.com\/webmenaje\" \/>\n<meta property=\"article:modified_time\" content=\"2026-04-07T08:19:16+00:00\" \/>\n<meta property=\"og:image\" content=\"https:\/\/ledsolintel.com\/wp-content\/uploads\/2025\/11\/pantalla-estanca-2-tubos-600mm.jpg\" \/>\n\t<meta property=\"og:image:width\" content=\"1500\" \/>\n\t<meta property=\"og:image:height\" content=\"1500\" \/>\n\t<meta property=\"og:image:type\" content=\"image\/jpeg\" \/>\n<meta name=\"twitter:card\" content=\"summary_large_image\" \/>\n<meta name=\"twitter:site\" content=\"@webmenaje\" \/>\n<meta name=\"twitter:label1\" content=\"Dur\u00e9e de lecture estim\u00e9e\" \/>\n\t<meta name=\"twitter:data1\" content=\"1 minute\" \/>\n<script type=\"application\/ld+json\" class=\"yoast-schema-graph\">{\"@context\":\"https:\/\/schema.org\",\"@graph\":[{\"@type\":\"WebPage\",\"@id\":\"https:\/\/ledsolintel.com\/product\/pantalla-estanca-2-tubos-600mm\/\",\"url\":\"https:\/\/ledsolintel.com\/product\/pantalla-estanca-2-tubos-600mm\/\",\"name\":\"Pantalla estanca 2 tubos 600mm - Ledsolintel\",\"isPartOf\":{\"@id\":\"https:\/\/ledsolintel.com\/#website\"},\"primaryImageOfPage\":{\"@id\":\"https:\/\/ledsolintel.com\/product\/pantalla-estanca-2-tubos-600mm\/#primaryimage\"},\"image\":{\"@id\":\"https:\/\/ledsolintel.com\/product\/pantalla-estanca-2-tubos-600mm\/#primaryimage\"},\"thumbnailUrl\":\"https:\/\/ledsolintel.com\/wp-content\/uploads\/2025\/11\/pantalla-estanca-2-tubos-600mm.jpg\",\"datePublished\":\"2025-11-11T13:10:11+00:00\",\"dateModified\":\"2026-04-07T08:19:16+00:00\",\"breadcrumb\":{\"@id\":\"https:\/\/ledsolintel.com\/product\/pantalla-estanca-2-tubos-600mm\/#breadcrumb\"},\"inLanguage\":\"fr-FR\",\"potentialAction\":[{\"@type\":\"ReadAction\",\"target\":[\"https:\/\/ledsolintel.com\/product\/pantalla-estanca-2-tubos-600mm\/\"]}]},{\"@type\":\"ImageObject\",\"inLanguage\":\"fr-FR\",\"@id\":\"https:\/\/ledsolintel.com\/product\/pantalla-estanca-2-tubos-600mm\/#primaryimage\",\"url\":\"https:\/\/ledsolintel.com\/wp-content\/uploads\/2025\/11\/pantalla-estanca-2-tubos-600mm.jpg\",\"contentUrl\":\"https:\/\/ledsolintel.com\/wp-content\/uploads\/2025\/11\/pantalla-estanca-2-tubos-600mm.jpg\",\"width\":1500,\"height\":1500},{\"@type\":\"BreadcrumbList\",\"@id\":\"https:\/\/ledsolintel.com\/product\/pantalla-estanca-2-tubos-600mm\/#breadcrumb\",\"itemListElement\":[{\"@type\":\"ListItem\",\"position\":1,\"name\":\"Portada\",\"item\":\"https:\/\/ledsolintel.com\/fr\/\"},{\"@type\":\"ListItem\",\"position\":2,\"name\":\"Tienda\",\"item\":\"https:\/\/ledsolintel.com\/tienda\/\"},{\"@type\":\"ListItem\",\"position\":3,\"name\":\"Pantalla estanca 2 tubos 600mm\"}]},{\"@type\":\"WebSite\",\"@id\":\"https:\/\/ledsolintel.com\/#website\",\"url\":\"https:\/\/ledsolintel.com\/\",\"name\":\"Webmenaje\",\"description\":\"Tienda de bombillas y l\u00e1mparas LED para profesionales\",\"publisher\":{\"@id\":\"https:\/\/ledsolintel.com\/#organization\"},\"potentialAction\":[{\"@type\":\"SearchAction\",\"target\":{\"@type\":\"EntryPoint\",\"urlTemplate\":\"https:\/\/ledsolintel.com\/?s={search_term_string}\"},\"query-input\":{\"@type\":\"PropertyValueSpecification\",\"valueRequired\":true,\"valueName\":\"search_term_string\"}}],\"inLanguage\":\"fr-FR\"},{\"@type\":\"Organization\",\"@id\":\"https:\/\/ledsolintel.com\/#organization\",\"name\":\"Solintel Noroeste, S.L.\",\"url\":\"https:\/\/ledsolintel.com\/\",\"logo\":{\"@type\":\"ImageObject\",\"inLanguage\":\"fr-FR\",\"@id\":\"https:\/\/ledsolintel.com\/#\/schema\/logo\/image\/\",\"url\":\"https:\/\/ledsolintel.com\/wp-content\/uploads\/2024\/11\/webmenaje-logo-1508269066.jpg\",\"contentUrl\":\"https:\/\/ledsolintel.com\/wp-content\/uploads\/2024\/11\/webmenaje-logo-1508269066.jpg\",\"width\":370,\"height\":90,\"caption\":\"Solintel Noroeste, S.L.\"},\"image\":{\"@id\":\"https:\/\/ledsolintel.com\/#\/schema\/logo\/image\/\"},\"sameAs\":[\"http:\/\/www.facebook.com\/webmenaje\",\"https:\/\/x.com\/webmenaje\",\"https:\/\/www.youtube.com\/channel\/UCX2KoVoeCG4LocZjUc6LmSQ\",\"http:\/\/www.pinterest.com\/webmenaje\"]}]}<\/script>\n<!-- \/ Yoast SEO plugin. -->","yoast_head_json":{"title":"Ecran \u00e9tanche 2 tubes 600mm - Ledsolintel","robots":{"index":"index","follow":"follow","max-snippet":"max-snippet:-1","max-image-preview":"max-image-preview:large","max-video-preview":"max-video-preview:-1"},"canonical":"https:\/\/ledsolintel.com\/fr\/produit-2\/ecran-etanche-2-tubes-600mm\/","og_locale":"fr_FR","og_type":"article","og_title":"Pantalla estanca 2 tubos 600mm - Ledsolintel","og_description":"Pantalla estanca con capacidad para dos tubos led T8 de 600 mm, fabricada en ABS + PS con un dise\u00f1o compacto y conmpatible con tubos LED de conexi\u00f3n por las dos cabezas. Es un dispositivo completamente estanco que permite la iluminaci\u00f3n con LED en espacios exteriores e interiores debido a su grado de protecci\u00f3n IP65 &hellip; Continue reading Pantalla estanca 2 tubos 600mm","og_url":"https:\/\/ledsolintel.com\/fr\/produit-2\/ecran-etanche-2-tubes-600mm\/","og_site_name":"Ledsolintel","article_publisher":"http:\/\/www.facebook.com\/webmenaje","article_modified_time":"2026-04-07T08:19:16+00:00","og_image":[{"width":1500,"height":1500,"url":"https:\/\/ledsolintel.com\/wp-content\/uploads\/2025\/11\/pantalla-estanca-2-tubos-600mm.jpg","type":"image\/jpeg"}],"twitter_card":"summary_large_image","twitter_site":"@webmenaje","twitter_misc":{"Dur\u00e9e de lecture estim\u00e9e":"1 minute"},"schema":{"@context":"https:\/\/schema.org","@graph":[{"@type":"WebPage","@id":"https:\/\/ledsolintel.com\/product\/pantalla-estanca-2-tubos-600mm\/","url":"https:\/\/ledsolintel.com\/product\/pantalla-estanca-2-tubos-600mm\/","name":"Ecran \u00e9tanche 2 tubes 600mm - Ledsolintel","isPartOf":{"@id":"https:\/\/ledsolintel.com\/#website"},"primaryImageOfPage":{"@id":"https:\/\/ledsolintel.com\/product\/pantalla-estanca-2-tubos-600mm\/#primaryimage"},"image":{"@id":"https:\/\/ledsolintel.com\/product\/pantalla-estanca-2-tubos-600mm\/#primaryimage"},"thumbnailUrl":"https:\/\/ledsolintel.com\/wp-content\/uploads\/2025\/11\/pantalla-estanca-2-tubos-600mm.jpg","datePublished":"2025-11-11T13:10:11+00:00","dateModified":"2026-04-07T08:19:16+00:00","breadcrumb":{"@id":"https:\/\/ledsolintel.com\/product\/pantalla-estanca-2-tubos-600mm\/#breadcrumb"},"inLanguage":"fr-FR","potentialAction":[{"@type":"ReadAction","target":["https:\/\/ledsolintel.com\/product\/pantalla-estanca-2-tubos-600mm\/"]}]},{"@type":"ImageObject","inLanguage":"fr-FR","@id":"https:\/\/ledsolintel.com\/product\/pantalla-estanca-2-tubos-600mm\/#primaryimage","url":"https:\/\/ledsolintel.com\/wp-content\/uploads\/2025\/11\/pantalla-estanca-2-tubos-600mm.jpg","contentUrl":"https:\/\/ledsolintel.com\/wp-content\/uploads\/2025\/11\/pantalla-estanca-2-tubos-600mm.jpg","width":1500,"height":1500},{"@type":"BreadcrumbList","@id":"https:\/\/ledsolintel.com\/product\/pantalla-estanca-2-tubos-600mm\/#breadcrumb","itemListElement":[{"@type":"ListItem","position":1,"name":"Portada","item":"https:\/\/ledsolintel.com\/fr\/"},{"@type":"ListItem","position":2,"name":"Tienda","item":"https:\/\/ledsolintel.com\/tienda\/"},{"@type":"ListItem","position":3,"name":"Pantalla estanca 2 tubos 600mm"}]},{"@type":"WebSite","@id":"https:\/\/ledsolintel.com\/#website","url":"https:\/\/ledsolintel.com\/","name":"Webmenaje","description":"Magasin d'ampoules et de lampes LED pour les professionnels","publisher":{"@id":"https:\/\/ledsolintel.com\/#organization"},"potentialAction":[{"@type":"SearchAction","target":{"@type":"EntryPoint","urlTemplate":"https:\/\/ledsolintel.com\/?s={search_term_string}"},"query-input":{"@type":"PropertyValueSpecification","valueRequired":true,"valueName":"search_term_string"}}],"inLanguage":"fr-FR"},{"@type":"Organization","@id":"https:\/\/ledsolintel.com\/#organization","name":"Solintel Noroeste, S.L.","url":"https:\/\/ledsolintel.com\/","logo":{"@type":"ImageObject","inLanguage":"fr-FR","@id":"https:\/\/ledsolintel.com\/#\/schema\/logo\/image\/","url":"https:\/\/ledsolintel.com\/wp-content\/uploads\/2024\/11\/webmenaje-logo-1508269066.jpg","contentUrl":"https:\/\/ledsolintel.com\/wp-content\/uploads\/2024\/11\/webmenaje-logo-1508269066.jpg","width":370,"height":90,"caption":"Solintel Noroeste, S.L."},"image":{"@id":"https:\/\/ledsolintel.com\/#\/schema\/logo\/image\/"},"sameAs":["http:\/\/www.facebook.com\/webmenaje","https:\/\/x.com\/webmenaje","https:\/\/www.youtube.com\/channel\/UCX2KoVoeCG4LocZjUc6LmSQ","http:\/\/www.pinterest.com\/webmenaje"]}]}},"_links":{"self":[{"href":"https:\/\/ledsolintel.com\/fr\/wp-json\/wp\/v2\/product\/267173","targetHints":{"allow":["GET"]}}],"collection":[{"href":"https:\/\/ledsolintel.com\/fr\/wp-json\/wp\/v2\/product"}],"about":[{"href":"https:\/\/ledsolintel.com\/fr\/wp-json\/wp\/v2\/types\/product"}],"version-history":[{"count":1,"href":"https:\/\/ledsolintel.com\/fr\/wp-json\/wp\/v2\/product\/267173\/revisions"}],"predecessor-version":[{"id":267174,"href":"https:\/\/ledsolintel.com\/fr\/wp-json\/wp\/v2\/product\/267173\/revisions\/267174"}],"wp:featuredmedia":[{"embeddable":true,"href":"https:\/\/ledsolintel.com\/fr\/wp-json\/wp\/v2\/media\/260105"}],"wp:attachment":[{"href":"https:\/\/ledsolintel.com\/fr\/wp-json\/wp\/v2\/media?parent=267173"}],"wp:term":[{"taxonomy":"product_brand","embeddable":true,"href":"https:\/\/ledsolintel.com\/fr\/wp-json\/wp\/v2\/product_brand?post=267173"},{"taxonomy":"product_cat","embeddable":true,"href":"https:\/\/ledsolintel.com\/fr\/wp-json\/wp\/v2\/product_cat?post=267173"},{"taxonomy":"product_tag","embeddable":true,"href":"https:\/\/ledsolintel.com\/fr\/wp-json\/wp\/v2\/product_tag?post=267173"}],"curies":[{"name":"wp","href":"https:\/\/api.w.org\/{rel}","templated":true}]}}