{"id":267156,"date":"2025-11-11T14:09:45","date_gmt":"2025-11-11T13:09:45","guid":{"rendered":"https:\/\/nueva.ledsolintel.com\/product\/banador-de-pared-led-18w\/"},"modified":"2026-04-07T10:19:16","modified_gmt":"2026-04-07T08:19:16","slug":"banador-de-pared-led-18w","status":"publish","type":"product","link":"https:\/\/ledsolintel.com\/fr\/produit-2\/banador-de-pared-led-18w\/","title":{"rendered":"L\u00e8che-mur LED 18W"},"content":{"rendered":"<p>Ba\u00f1ador de pared LED de 18W dise\u00f1ado para resaltar elementos a trav\u00e9s de una iluminaci\u00f3n difusa. Se utiliza para proyectar luz sobre muros, fachadas, jardines, parques, carteles, escenarios, monumentos, etc. Puede ser utilizado en el suelo y como aplique de pared al disponer de un soporte ajustable. La estructura de esta iluminaria consta de chasis de aluminio que aporta una excelente conductividad t\u00e9rmica, adem\u00e1s de una gran resistencia a temperaturas elevadas.  Es una iluminaria que se caracteriza por tener multitud de ventajas:  &#8211; Instalaci\u00f3n sencilla  &#8211; Encendido instant\u00e1neo  &#8211; Versatilidad, al permitir unir varios ba\u00f1adores lineales entre s\u00ed para formar un l\u00ednea continua    Cuenta con una alta eficacia al consumir 18W mediante el LED SMD que integra, logrando proporcionar un flujo luminoso de 1800 lumens. La iluminaci\u00f3n que aporta representa un consumo por valor de 18kWh\/1000h, lo que supone una reducci\u00f3n de la cantidad de energ\u00eda facturada y de emisiones de gases contaminantes a la atm\u00f3sfera. Soporta un voltaje de entrada de 200\/240V y una frecuencia de servicio de 50 Hz. Este proyector est\u00e1 disponible en dos temperaturas de color: c\u00e1lida (3000\u00b0K), neutra (4000\u00b0K) y blanca (6000\u00b0K). Est\u00e1 dise\u00f1ado con las medidas de 1000 x 45 x 25 mm.  Debido a su grado de protecci\u00f3n IP65 es ideal para instalar en zonas interiores y exteriores (protecci\u00f3n totalmente estanco contra el polvo y ante chorros continuos de agua).  Adem\u00e1s de ser un producto que tiene m\u00e1s de 30.000 horas de vida, dispone de una garant\u00eda de 3 a\u00f1os. Cuenta tambi\u00e9n con el certificado CE, que acredita que se cumple con los requisitos de la UE respecto a compatibilidad electromagn\u00e9tica y normativa de baja tensi\u00f3n. Con este certificado se declara la conformidad de dicho producto con todos los requisitos legales exigidos, y asegura la validez del producto para ser vendido en todo el Espacio Econ\u00f3mico Europeo.<\/p>","protected":false},"excerpt":{"rendered":"<p>Ba\u00f1ador de pared LED de 18W dise\u00f1ado para resaltar elementos a trav\u00e9s de una iluminaci\u00f3n difusa. Se utiliza para proyectar luz sobre muros, fachadas, jardines, parques, carteles, escenarios, monumentos, etc. Puede ser utilizado en el suelo y como aplique de pared al disponer de un soporte ajustable. La estructura de esta iluminaria consta de chasis &hellip; <a href=\"https:\/\/ledsolintel.com\/fr\/produit-2\/banador-de-pared-led-18w\/\" class=\"more-link\">Continue reading <span class=\"screen-reader-text\">L\u00e8che-mur LED 18W<\/span><\/a><\/p>","protected":false},"featured_media":260085,"template":"","meta":[],"product_brand":[101370],"product_cat":[101371,15],"product_tag":[],"class_list":{"0":"post-267156","1":"product","2":"type-product","3":"status-publish","4":"has-post-thumbnail","6":"product_brand-masterled","7":"product_cat-masterled","8":"product_cat-uncategorized","9":"pa_temperatura-color-luz-blanca","10":"pa_temperatura-color-luz-calida","11":"pa_temperatura-color-luz-neutra","14":"instock","15":"taxable","16":"shipping-taxable","17":"purchasable","18":"product-type-variable","19":"has-default-attributes"},"yoast_head":"<!-- This site is optimized with the Yoast SEO plugin v26.6 - https:\/\/yoast.com\/wordpress\/plugins\/seo\/ -->\n<title>Ba\u00f1ador de pared LED 18W - Ledsolintel<\/title>\n<meta name=\"robots\" content=\"index, follow, max-snippet:-1, max-image-preview:large, max-video-preview:-1\" \/>\n<link rel=\"canonical\" href=\"https:\/\/ledsolintel.com\/fr\/produit-2\/banador-de-pared-led-18w\/\" \/>\n<meta property=\"og:locale\" content=\"fr_FR\" \/>\n<meta property=\"og:type\" content=\"article\" \/>\n<meta property=\"og:title\" content=\"Ba\u00f1ador de pared LED 18W - Ledsolintel\" \/>\n<meta property=\"og:description\" content=\"Ba\u00f1ador de pared LED de 18W dise\u00f1ado para resaltar elementos a trav\u00e9s de una iluminaci\u00f3n difusa. Se utiliza para proyectar luz sobre muros, fachadas, jardines, parques, carteles, escenarios, monumentos, etc. Puede ser utilizado en el suelo y como aplique de pared al disponer de un soporte ajustable. La estructura de esta iluminaria consta de chasis &hellip; Continue reading Ba\u00f1ador de pared LED 18W\" \/>\n<meta property=\"og:url\" content=\"https:\/\/ledsolintel.com\/fr\/produit-2\/banador-de-pared-led-18w\/\" \/>\n<meta property=\"og:site_name\" content=\"Ledsolintel\" \/>\n<meta property=\"article:publisher\" content=\"http:\/\/www.facebook.com\/webmenaje\" \/>\n<meta property=\"article:modified_time\" content=\"2026-04-07T08:19:16+00:00\" \/>\n<meta property=\"og:image\" content=\"https:\/\/ledsolintel.com\/wp-content\/uploads\/2025\/11\/banador-de-pared-led-18w.jpg\" \/>\n\t<meta property=\"og:image:width\" content=\"600\" \/>\n\t<meta property=\"og:image:height\" content=\"600\" \/>\n\t<meta property=\"og:image:type\" content=\"image\/jpeg\" \/>\n<meta name=\"twitter:card\" content=\"summary_large_image\" \/>\n<meta name=\"twitter:site\" content=\"@webmenaje\" \/>\n<meta name=\"twitter:label1\" content=\"Dur\u00e9e de lecture estim\u00e9e\" \/>\n\t<meta name=\"twitter:data1\" content=\"2 minutes\" \/>\n<script type=\"application\/ld+json\" class=\"yoast-schema-graph\">{\"@context\":\"https:\/\/schema.org\",\"@graph\":[{\"@type\":\"WebPage\",\"@id\":\"https:\/\/ledsolintel.com\/product\/banador-de-pared-led-18w\/\",\"url\":\"https:\/\/ledsolintel.com\/product\/banador-de-pared-led-18w\/\",\"name\":\"Ba\u00f1ador de pared LED 18W - Ledsolintel\",\"isPartOf\":{\"@id\":\"https:\/\/ledsolintel.com\/#website\"},\"primaryImageOfPage\":{\"@id\":\"https:\/\/ledsolintel.com\/product\/banador-de-pared-led-18w\/#primaryimage\"},\"image\":{\"@id\":\"https:\/\/ledsolintel.com\/product\/banador-de-pared-led-18w\/#primaryimage\"},\"thumbnailUrl\":\"https:\/\/ledsolintel.com\/wp-content\/uploads\/2025\/11\/banador-de-pared-led-18w.jpg\",\"datePublished\":\"2025-11-11T13:09:45+00:00\",\"dateModified\":\"2026-04-07T08:19:16+00:00\",\"breadcrumb\":{\"@id\":\"https:\/\/ledsolintel.com\/product\/banador-de-pared-led-18w\/#breadcrumb\"},\"inLanguage\":\"fr-FR\",\"potentialAction\":[{\"@type\":\"ReadAction\",\"target\":[\"https:\/\/ledsolintel.com\/product\/banador-de-pared-led-18w\/\"]}]},{\"@type\":\"ImageObject\",\"inLanguage\":\"fr-FR\",\"@id\":\"https:\/\/ledsolintel.com\/product\/banador-de-pared-led-18w\/#primaryimage\",\"url\":\"https:\/\/ledsolintel.com\/wp-content\/uploads\/2025\/11\/banador-de-pared-led-18w.jpg\",\"contentUrl\":\"https:\/\/ledsolintel.com\/wp-content\/uploads\/2025\/11\/banador-de-pared-led-18w.jpg\",\"width\":600,\"height\":600},{\"@type\":\"BreadcrumbList\",\"@id\":\"https:\/\/ledsolintel.com\/product\/banador-de-pared-led-18w\/#breadcrumb\",\"itemListElement\":[{\"@type\":\"ListItem\",\"position\":1,\"name\":\"Portada\",\"item\":\"https:\/\/ledsolintel.com\/fr\/\"},{\"@type\":\"ListItem\",\"position\":2,\"name\":\"Tienda\",\"item\":\"https:\/\/ledsolintel.com\/tienda\/\"},{\"@type\":\"ListItem\",\"position\":3,\"name\":\"Ba\u00f1ador de pared LED 18W\"}]},{\"@type\":\"WebSite\",\"@id\":\"https:\/\/ledsolintel.com\/#website\",\"url\":\"https:\/\/ledsolintel.com\/\",\"name\":\"Webmenaje\",\"description\":\"Tienda de bombillas y l\u00e1mparas LED para profesionales\",\"publisher\":{\"@id\":\"https:\/\/ledsolintel.com\/#organization\"},\"potentialAction\":[{\"@type\":\"SearchAction\",\"target\":{\"@type\":\"EntryPoint\",\"urlTemplate\":\"https:\/\/ledsolintel.com\/?s={search_term_string}\"},\"query-input\":{\"@type\":\"PropertyValueSpecification\",\"valueRequired\":true,\"valueName\":\"search_term_string\"}}],\"inLanguage\":\"fr-FR\"},{\"@type\":\"Organization\",\"@id\":\"https:\/\/ledsolintel.com\/#organization\",\"name\":\"Solintel Noroeste, S.L.\",\"url\":\"https:\/\/ledsolintel.com\/\",\"logo\":{\"@type\":\"ImageObject\",\"inLanguage\":\"fr-FR\",\"@id\":\"https:\/\/ledsolintel.com\/#\/schema\/logo\/image\/\",\"url\":\"https:\/\/ledsolintel.com\/wp-content\/uploads\/2024\/11\/webmenaje-logo-1508269066.jpg\",\"contentUrl\":\"https:\/\/ledsolintel.com\/wp-content\/uploads\/2024\/11\/webmenaje-logo-1508269066.jpg\",\"width\":370,\"height\":90,\"caption\":\"Solintel Noroeste, S.L.\"},\"image\":{\"@id\":\"https:\/\/ledsolintel.com\/#\/schema\/logo\/image\/\"},\"sameAs\":[\"http:\/\/www.facebook.com\/webmenaje\",\"https:\/\/x.com\/webmenaje\",\"https:\/\/www.youtube.com\/channel\/UCX2KoVoeCG4LocZjUc6LmSQ\",\"http:\/\/www.pinterest.com\/webmenaje\"]}]}<\/script>\n<!-- \/ Yoast SEO plugin. -->","yoast_head_json":{"title":"Ba\u00f1ador de pared LED 18W - Ledsolintel","robots":{"index":"index","follow":"follow","max-snippet":"max-snippet:-1","max-image-preview":"max-image-preview:large","max-video-preview":"max-video-preview:-1"},"canonical":"https:\/\/ledsolintel.com\/fr\/produit-2\/banador-de-pared-led-18w\/","og_locale":"fr_FR","og_type":"article","og_title":"Ba\u00f1ador de pared LED 18W - Ledsolintel","og_description":"Ba\u00f1ador de pared LED de 18W dise\u00f1ado para resaltar elementos a trav\u00e9s de una iluminaci\u00f3n difusa. Se utiliza para proyectar luz sobre muros, fachadas, jardines, parques, carteles, escenarios, monumentos, etc. Puede ser utilizado en el suelo y como aplique de pared al disponer de un soporte ajustable. La estructura de esta iluminaria consta de chasis &hellip; Continue reading Ba\u00f1ador de pared LED 18W","og_url":"https:\/\/ledsolintel.com\/fr\/produit-2\/banador-de-pared-led-18w\/","og_site_name":"Ledsolintel","article_publisher":"http:\/\/www.facebook.com\/webmenaje","article_modified_time":"2026-04-07T08:19:16+00:00","og_image":[{"width":600,"height":600,"url":"https:\/\/ledsolintel.com\/wp-content\/uploads\/2025\/11\/banador-de-pared-led-18w.jpg","type":"image\/jpeg"}],"twitter_card":"summary_large_image","twitter_site":"@webmenaje","twitter_misc":{"Dur\u00e9e de lecture estim\u00e9e":"2 minutes"},"schema":{"@context":"https:\/\/schema.org","@graph":[{"@type":"WebPage","@id":"https:\/\/ledsolintel.com\/product\/banador-de-pared-led-18w\/","url":"https:\/\/ledsolintel.com\/product\/banador-de-pared-led-18w\/","name":"Ba\u00f1ador de pared LED 18W - Ledsolintel","isPartOf":{"@id":"https:\/\/ledsolintel.com\/#website"},"primaryImageOfPage":{"@id":"https:\/\/ledsolintel.com\/product\/banador-de-pared-led-18w\/#primaryimage"},"image":{"@id":"https:\/\/ledsolintel.com\/product\/banador-de-pared-led-18w\/#primaryimage"},"thumbnailUrl":"https:\/\/ledsolintel.com\/wp-content\/uploads\/2025\/11\/banador-de-pared-led-18w.jpg","datePublished":"2025-11-11T13:09:45+00:00","dateModified":"2026-04-07T08:19:16+00:00","breadcrumb":{"@id":"https:\/\/ledsolintel.com\/product\/banador-de-pared-led-18w\/#breadcrumb"},"inLanguage":"fr-FR","potentialAction":[{"@type":"ReadAction","target":["https:\/\/ledsolintel.com\/product\/banador-de-pared-led-18w\/"]}]},{"@type":"ImageObject","inLanguage":"fr-FR","@id":"https:\/\/ledsolintel.com\/product\/banador-de-pared-led-18w\/#primaryimage","url":"https:\/\/ledsolintel.com\/wp-content\/uploads\/2025\/11\/banador-de-pared-led-18w.jpg","contentUrl":"https:\/\/ledsolintel.com\/wp-content\/uploads\/2025\/11\/banador-de-pared-led-18w.jpg","width":600,"height":600},{"@type":"BreadcrumbList","@id":"https:\/\/ledsolintel.com\/product\/banador-de-pared-led-18w\/#breadcrumb","itemListElement":[{"@type":"ListItem","position":1,"name":"Portada","item":"https:\/\/ledsolintel.com\/fr\/"},{"@type":"ListItem","position":2,"name":"Tienda","item":"https:\/\/ledsolintel.com\/tienda\/"},{"@type":"ListItem","position":3,"name":"Ba\u00f1ador de pared LED 18W"}]},{"@type":"WebSite","@id":"https:\/\/ledsolintel.com\/#website","url":"https:\/\/ledsolintel.com\/","name":"Webmenaje","description":"Magasin d'ampoules et de lampes LED pour les professionnels","publisher":{"@id":"https:\/\/ledsolintel.com\/#organization"},"potentialAction":[{"@type":"SearchAction","target":{"@type":"EntryPoint","urlTemplate":"https:\/\/ledsolintel.com\/?s={search_term_string}"},"query-input":{"@type":"PropertyValueSpecification","valueRequired":true,"valueName":"search_term_string"}}],"inLanguage":"fr-FR"},{"@type":"Organization","@id":"https:\/\/ledsolintel.com\/#organization","name":"Solintel Noroeste, S.L.","url":"https:\/\/ledsolintel.com\/","logo":{"@type":"ImageObject","inLanguage":"fr-FR","@id":"https:\/\/ledsolintel.com\/#\/schema\/logo\/image\/","url":"https:\/\/ledsolintel.com\/wp-content\/uploads\/2024\/11\/webmenaje-logo-1508269066.jpg","contentUrl":"https:\/\/ledsolintel.com\/wp-content\/uploads\/2024\/11\/webmenaje-logo-1508269066.jpg","width":370,"height":90,"caption":"Solintel Noroeste, S.L."},"image":{"@id":"https:\/\/ledsolintel.com\/#\/schema\/logo\/image\/"},"sameAs":["http:\/\/www.facebook.com\/webmenaje","https:\/\/x.com\/webmenaje","https:\/\/www.youtube.com\/channel\/UCX2KoVoeCG4LocZjUc6LmSQ","http:\/\/www.pinterest.com\/webmenaje"]}]}},"_links":{"self":[{"href":"https:\/\/ledsolintel.com\/fr\/wp-json\/wp\/v2\/product\/267156","targetHints":{"allow":["GET"]}}],"collection":[{"href":"https:\/\/ledsolintel.com\/fr\/wp-json\/wp\/v2\/product"}],"about":[{"href":"https:\/\/ledsolintel.com\/fr\/wp-json\/wp\/v2\/types\/product"}],"version-history":[{"count":1,"href":"https:\/\/ledsolintel.com\/fr\/wp-json\/wp\/v2\/product\/267156\/revisions"}],"predecessor-version":[{"id":267157,"href":"https:\/\/ledsolintel.com\/fr\/wp-json\/wp\/v2\/product\/267156\/revisions\/267157"}],"wp:featuredmedia":[{"embeddable":true,"href":"https:\/\/ledsolintel.com\/fr\/wp-json\/wp\/v2\/media\/260085"}],"wp:attachment":[{"href":"https:\/\/ledsolintel.com\/fr\/wp-json\/wp\/v2\/media?parent=267156"}],"wp:term":[{"taxonomy":"product_brand","embeddable":true,"href":"https:\/\/ledsolintel.com\/fr\/wp-json\/wp\/v2\/product_brand?post=267156"},{"taxonomy":"product_cat","embeddable":true,"href":"https:\/\/ledsolintel.com\/fr\/wp-json\/wp\/v2\/product_cat?post=267156"},{"taxonomy":"product_tag","embeddable":true,"href":"https:\/\/ledsolintel.com\/fr\/wp-json\/wp\/v2\/product_tag?post=267156"}],"curies":[{"name":"wp","href":"https:\/\/api.w.org\/{rel}","templated":true}]}}