{"id":267113,"date":"2025-11-11T14:08:41","date_gmt":"2025-11-11T13:08:41","guid":{"rendered":"https:\/\/nueva.ledsolintel.com\/product\/bombilla-led-rgbw-10w\/"},"modified":"2026-04-07T10:19:16","modified_gmt":"2026-04-07T08:19:16","slug":"bombilla-led-rgbw-10w","status":"publish","type":"product","link":"https:\/\/ledsolintel.com\/fr\/produit-2\/bombilla-led-rgbw-10w\/","title":{"rendered":"Ampoule LED RGBW 10W"},"content":{"rendered":"<p>La bombilla LED RGBW de 10W, es una opci\u00f3n ideal para iluminar cualquier espacio de manera eficiente y econ\u00f3mica. Las bombillas LED consumen hasta un 85% menos de energ\u00eda y duran 20 veces m\u00e1s que las bombillas incandescentes.  La tecnolog\u00eda RGBW, permite reproducir el tono de luz blanco puro, haciendo que la bombilla pueda lucir como una bombilla normal de luz blanca. La bombilla conserva la \u00faltima configuraci\u00f3n incluso si se apaga en el interruptor. Incluye un mando a distancia por infrarrojos que permite seleccionar el color deseado, la intensidad de luz, la velocidad o modo de funcionamiento.  Su instalaci\u00f3n debe realizarse en lugares interiores al poseer un grado de protecci\u00f3n IP20 (protecci\u00f3n contra part\u00edculas s\u00f3lidas de tama\u00f1o superior a 12mm y no es resistente al agua). Es ideal para cualquier estancia dentro del hogar, restaurantes, bares, hoteles o discotecas.  Los LEDs que integra son capaces de proporcionar un flujo luminoso de 900 lumens distribuidos uniformemente por un difusor de PVC, distribuyendo la luz en un \u00e1ngulo de apertura de 330\u00b0.  Posee unas dimensiones de \u2205 115 X 70 mm. Se instala en un casquillo de rosca normal (E27) pudiendo soportar un voltaje de entrada entre 85 y 265V, y una frecuencia de 50\/60 Hz.  Adem\u00e1s de ser un producto que tiene m\u00e1s de 30.000 horas de vida, dispone de una garant\u00eda de 3 a\u00f1os. Cuenta tambi\u00e9n con el certificado CE, que acredita que se cumple con los requisitos de la UE respecto a compatibilidad electromagn\u00e9tica y normativa de baja tensi\u00f3n. Con este certificado se declara la conformidad de dicho producto con todos los requisitos legales exigidos, y asegura la validez del producto para ser vendido en todo el Espacio Econ\u00f3mico Europeo.<\/p>","protected":false},"excerpt":{"rendered":"<p>La bombilla LED RGBW de 10W, es una opci\u00f3n ideal para iluminar cualquier espacio de manera eficiente y econ\u00f3mica. Las bombillas LED consumen hasta un 85% menos de energ\u00eda y duran 20 veces m\u00e1s que las bombillas incandescentes. La tecnolog\u00eda RGBW, permite reproducir el tono de luz blanco puro, haciendo que la bombilla pueda lucir &hellip; <a href=\"https:\/\/ledsolintel.com\/fr\/produit-2\/bombilla-led-rgbw-10w\/\" class=\"more-link\">Continue reading <span class=\"screen-reader-text\">Ampoule LED RGBW 10W<\/span><\/a><\/p>","protected":false},"featured_media":260037,"template":"","meta":[],"product_brand":[101370],"product_cat":[101371,15],"product_tag":[],"class_list":{"0":"post-267113","1":"product","2":"type-product","3":"status-publish","4":"has-post-thumbnail","6":"product_brand-masterled","7":"product_cat-masterled","8":"product_cat-uncategorized","9":"pa_temperatura-color-luz-rgbw","12":"instock","13":"taxable","14":"shipping-taxable","15":"purchasable","16":"product-type-simple"},"yoast_head":"<!-- This site is optimized with the Yoast SEO plugin v27.4 - https:\/\/yoast.com\/product\/yoast-seo-wordpress\/ -->\n<title>Bombilla led RGBW 10W - Ledsolintel<\/title>\n<meta name=\"robots\" content=\"index, follow, max-snippet:-1, max-image-preview:large, max-video-preview:-1\" \/>\n<link rel=\"canonical\" href=\"https:\/\/ledsolintel.com\/fr\/produit-2\/bombilla-led-rgbw-10w\/\" \/>\n<meta property=\"og:locale\" content=\"fr_FR\" \/>\n<meta property=\"og:type\" content=\"article\" \/>\n<meta property=\"og:title\" content=\"Bombilla led RGBW 10W - Ledsolintel\" \/>\n<meta property=\"og:description\" content=\"La bombilla LED RGBW de 10W, es una opci\u00f3n ideal para iluminar cualquier espacio de manera eficiente y econ\u00f3mica. Las bombillas LED consumen hasta un 85% menos de energ\u00eda y duran 20 veces m\u00e1s que las bombillas incandescentes. La tecnolog\u00eda RGBW, permite reproducir el tono de luz blanco puro, haciendo que la bombilla pueda lucir &hellip; Continue reading Bombilla led RGBW 10W\" \/>\n<meta property=\"og:url\" content=\"https:\/\/ledsolintel.com\/fr\/produit-2\/bombilla-led-rgbw-10w\/\" \/>\n<meta property=\"og:site_name\" content=\"Ledsolintel\" \/>\n<meta property=\"article:publisher\" content=\"http:\/\/www.facebook.com\/webmenaje\" \/>\n<meta property=\"article:modified_time\" content=\"2026-04-07T08:19:16+00:00\" \/>\n<meta property=\"og:image\" content=\"https:\/\/ledsolintel.com\/wp-content\/uploads\/2025\/11\/bombilla-led-rgbw-10w.jpg\" \/>\n\t<meta property=\"og:image:width\" content=\"1500\" \/>\n\t<meta property=\"og:image:height\" content=\"1500\" \/>\n\t<meta property=\"og:image:type\" content=\"image\/jpeg\" \/>\n<meta name=\"twitter:card\" content=\"summary_large_image\" \/>\n<meta name=\"twitter:site\" content=\"@webmenaje\" \/>\n<meta name=\"twitter:label1\" content=\"Dur\u00e9e de lecture estim\u00e9e\" \/>\n\t<meta name=\"twitter:data1\" content=\"1 minute\" \/>\n<script type=\"application\/ld+json\" class=\"yoast-schema-graph\">{\"@context\":\"https:\\\/\\\/schema.org\",\"@graph\":[{\"@type\":\"WebPage\",\"@id\":\"https:\\\/\\\/ledsolintel.com\\\/product\\\/bombilla-led-rgbw-10w\\\/\",\"url\":\"https:\\\/\\\/ledsolintel.com\\\/product\\\/bombilla-led-rgbw-10w\\\/\",\"name\":\"Bombilla led RGBW 10W - Ledsolintel\",\"isPartOf\":{\"@id\":\"https:\\\/\\\/ledsolintel.com\\\/#website\"},\"primaryImageOfPage\":{\"@id\":\"https:\\\/\\\/ledsolintel.com\\\/product\\\/bombilla-led-rgbw-10w\\\/#primaryimage\"},\"image\":{\"@id\":\"https:\\\/\\\/ledsolintel.com\\\/product\\\/bombilla-led-rgbw-10w\\\/#primaryimage\"},\"thumbnailUrl\":\"https:\\\/\\\/ledsolintel.com\\\/wp-content\\\/uploads\\\/2025\\\/11\\\/bombilla-led-rgbw-10w.jpg\",\"datePublished\":\"2025-11-11T13:08:41+00:00\",\"dateModified\":\"2026-04-07T08:19:16+00:00\",\"breadcrumb\":{\"@id\":\"https:\\\/\\\/ledsolintel.com\\\/product\\\/bombilla-led-rgbw-10w\\\/#breadcrumb\"},\"inLanguage\":\"fr-FR\",\"potentialAction\":[{\"@type\":\"ReadAction\",\"target\":[\"https:\\\/\\\/ledsolintel.com\\\/product\\\/bombilla-led-rgbw-10w\\\/\"]}]},{\"@type\":\"ImageObject\",\"inLanguage\":\"fr-FR\",\"@id\":\"https:\\\/\\\/ledsolintel.com\\\/product\\\/bombilla-led-rgbw-10w\\\/#primaryimage\",\"url\":\"https:\\\/\\\/ledsolintel.com\\\/wp-content\\\/uploads\\\/2025\\\/11\\\/bombilla-led-rgbw-10w.jpg\",\"contentUrl\":\"https:\\\/\\\/ledsolintel.com\\\/wp-content\\\/uploads\\\/2025\\\/11\\\/bombilla-led-rgbw-10w.jpg\",\"width\":1500,\"height\":1500},{\"@type\":\"BreadcrumbList\",\"@id\":\"https:\\\/\\\/ledsolintel.com\\\/product\\\/bombilla-led-rgbw-10w\\\/#breadcrumb\",\"itemListElement\":[{\"@type\":\"ListItem\",\"position\":1,\"name\":\"Portada\",\"item\":\"https:\\\/\\\/ledsolintel.com\\\/fr\\\/\"},{\"@type\":\"ListItem\",\"position\":2,\"name\":\"Tienda\",\"item\":\"https:\\\/\\\/ledsolintel.com\\\/tienda\\\/\"},{\"@type\":\"ListItem\",\"position\":3,\"name\":\"Bombilla led RGBW 10W\"}]},{\"@type\":\"WebSite\",\"@id\":\"https:\\\/\\\/ledsolintel.com\\\/#website\",\"url\":\"https:\\\/\\\/ledsolintel.com\\\/\",\"name\":\"Webmenaje\",\"description\":\"Tienda de bombillas y l\u00e1mparas LED para profesionales\",\"publisher\":{\"@id\":\"https:\\\/\\\/ledsolintel.com\\\/#organization\"},\"potentialAction\":[{\"@type\":\"SearchAction\",\"target\":{\"@type\":\"EntryPoint\",\"urlTemplate\":\"https:\\\/\\\/ledsolintel.com\\\/?s={search_term_string}\"},\"query-input\":{\"@type\":\"PropertyValueSpecification\",\"valueRequired\":true,\"valueName\":\"search_term_string\"}}],\"inLanguage\":\"fr-FR\"},{\"@type\":\"Organization\",\"@id\":\"https:\\\/\\\/ledsolintel.com\\\/#organization\",\"name\":\"Solintel Noroeste, S.L.\",\"url\":\"https:\\\/\\\/ledsolintel.com\\\/\",\"logo\":{\"@type\":\"ImageObject\",\"inLanguage\":\"fr-FR\",\"@id\":\"https:\\\/\\\/ledsolintel.com\\\/#\\\/schema\\\/logo\\\/image\\\/\",\"url\":\"https:\\\/\\\/ledsolintel.com\\\/wp-content\\\/uploads\\\/2024\\\/11\\\/webmenaje-logo-1508269066.jpg\",\"contentUrl\":\"https:\\\/\\\/ledsolintel.com\\\/wp-content\\\/uploads\\\/2024\\\/11\\\/webmenaje-logo-1508269066.jpg\",\"width\":370,\"height\":90,\"caption\":\"Solintel Noroeste, S.L.\"},\"image\":{\"@id\":\"https:\\\/\\\/ledsolintel.com\\\/#\\\/schema\\\/logo\\\/image\\\/\"},\"sameAs\":[\"http:\\\/\\\/www.facebook.com\\\/webmenaje\",\"https:\\\/\\\/x.com\\\/webmenaje\",\"https:\\\/\\\/www.youtube.com\\\/channel\\\/UCX2KoVoeCG4LocZjUc6LmSQ\",\"http:\\\/\\\/www.pinterest.com\\\/webmenaje\"]}]}<\/script>\n<!-- \/ Yoast SEO plugin. -->","yoast_head_json":{"title":"Bombilla led RGBW 10W - Ledsolintel","robots":{"index":"index","follow":"follow","max-snippet":"max-snippet:-1","max-image-preview":"max-image-preview:large","max-video-preview":"max-video-preview:-1"},"canonical":"https:\/\/ledsolintel.com\/fr\/produit-2\/bombilla-led-rgbw-10w\/","og_locale":"fr_FR","og_type":"article","og_title":"Bombilla led RGBW 10W - Ledsolintel","og_description":"La bombilla LED RGBW de 10W, es una opci\u00f3n ideal para iluminar cualquier espacio de manera eficiente y econ\u00f3mica. Las bombillas LED consumen hasta un 85% menos de energ\u00eda y duran 20 veces m\u00e1s que las bombillas incandescentes. La tecnolog\u00eda RGBW, permite reproducir el tono de luz blanco puro, haciendo que la bombilla pueda lucir &hellip; Continue reading Bombilla led RGBW 10W","og_url":"https:\/\/ledsolintel.com\/fr\/produit-2\/bombilla-led-rgbw-10w\/","og_site_name":"Ledsolintel","article_publisher":"http:\/\/www.facebook.com\/webmenaje","article_modified_time":"2026-04-07T08:19:16+00:00","og_image":[{"width":1500,"height":1500,"url":"https:\/\/ledsolintel.com\/wp-content\/uploads\/2025\/11\/bombilla-led-rgbw-10w.jpg","type":"image\/jpeg"}],"twitter_card":"summary_large_image","twitter_site":"@webmenaje","twitter_misc":{"Dur\u00e9e de lecture estim\u00e9e":"1 minute"},"schema":{"@context":"https:\/\/schema.org","@graph":[{"@type":"WebPage","@id":"https:\/\/ledsolintel.com\/product\/bombilla-led-rgbw-10w\/","url":"https:\/\/ledsolintel.com\/product\/bombilla-led-rgbw-10w\/","name":"Bombilla led RGBW 10W - Ledsolintel","isPartOf":{"@id":"https:\/\/ledsolintel.com\/#website"},"primaryImageOfPage":{"@id":"https:\/\/ledsolintel.com\/product\/bombilla-led-rgbw-10w\/#primaryimage"},"image":{"@id":"https:\/\/ledsolintel.com\/product\/bombilla-led-rgbw-10w\/#primaryimage"},"thumbnailUrl":"https:\/\/ledsolintel.com\/wp-content\/uploads\/2025\/11\/bombilla-led-rgbw-10w.jpg","datePublished":"2025-11-11T13:08:41+00:00","dateModified":"2026-04-07T08:19:16+00:00","breadcrumb":{"@id":"https:\/\/ledsolintel.com\/product\/bombilla-led-rgbw-10w\/#breadcrumb"},"inLanguage":"fr-FR","potentialAction":[{"@type":"ReadAction","target":["https:\/\/ledsolintel.com\/product\/bombilla-led-rgbw-10w\/"]}]},{"@type":"ImageObject","inLanguage":"fr-FR","@id":"https:\/\/ledsolintel.com\/product\/bombilla-led-rgbw-10w\/#primaryimage","url":"https:\/\/ledsolintel.com\/wp-content\/uploads\/2025\/11\/bombilla-led-rgbw-10w.jpg","contentUrl":"https:\/\/ledsolintel.com\/wp-content\/uploads\/2025\/11\/bombilla-led-rgbw-10w.jpg","width":1500,"height":1500},{"@type":"BreadcrumbList","@id":"https:\/\/ledsolintel.com\/product\/bombilla-led-rgbw-10w\/#breadcrumb","itemListElement":[{"@type":"ListItem","position":1,"name":"Portada","item":"https:\/\/ledsolintel.com\/fr\/"},{"@type":"ListItem","position":2,"name":"Tienda","item":"https:\/\/ledsolintel.com\/tienda\/"},{"@type":"ListItem","position":3,"name":"Bombilla led RGBW 10W"}]},{"@type":"WebSite","@id":"https:\/\/ledsolintel.com\/#website","url":"https:\/\/ledsolintel.com\/","name":"Webmenaje","description":"Magasin d'ampoules et de lampes LED pour les professionnels","publisher":{"@id":"https:\/\/ledsolintel.com\/#organization"},"potentialAction":[{"@type":"SearchAction","target":{"@type":"EntryPoint","urlTemplate":"https:\/\/ledsolintel.com\/?s={search_term_string}"},"query-input":{"@type":"PropertyValueSpecification","valueRequired":true,"valueName":"search_term_string"}}],"inLanguage":"fr-FR"},{"@type":"Organization","@id":"https:\/\/ledsolintel.com\/#organization","name":"Solintel Noroeste, S.L.","url":"https:\/\/ledsolintel.com\/","logo":{"@type":"ImageObject","inLanguage":"fr-FR","@id":"https:\/\/ledsolintel.com\/#\/schema\/logo\/image\/","url":"https:\/\/ledsolintel.com\/wp-content\/uploads\/2024\/11\/webmenaje-logo-1508269066.jpg","contentUrl":"https:\/\/ledsolintel.com\/wp-content\/uploads\/2024\/11\/webmenaje-logo-1508269066.jpg","width":370,"height":90,"caption":"Solintel Noroeste, S.L."},"image":{"@id":"https:\/\/ledsolintel.com\/#\/schema\/logo\/image\/"},"sameAs":["http:\/\/www.facebook.com\/webmenaje","https:\/\/x.com\/webmenaje","https:\/\/www.youtube.com\/channel\/UCX2KoVoeCG4LocZjUc6LmSQ","http:\/\/www.pinterest.com\/webmenaje"]}]}},"_links":{"self":[{"href":"https:\/\/ledsolintel.com\/fr\/wp-json\/wp\/v2\/product\/267113","targetHints":{"allow":["GET"]}}],"collection":[{"href":"https:\/\/ledsolintel.com\/fr\/wp-json\/wp\/v2\/product"}],"about":[{"href":"https:\/\/ledsolintel.com\/fr\/wp-json\/wp\/v2\/types\/product"}],"version-history":[{"count":1,"href":"https:\/\/ledsolintel.com\/fr\/wp-json\/wp\/v2\/product\/267113\/revisions"}],"predecessor-version":[{"id":267114,"href":"https:\/\/ledsolintel.com\/fr\/wp-json\/wp\/v2\/product\/267113\/revisions\/267114"}],"wp:featuredmedia":[{"embeddable":true,"href":"https:\/\/ledsolintel.com\/fr\/wp-json\/wp\/v2\/media\/260037"}],"wp:attachment":[{"href":"https:\/\/ledsolintel.com\/fr\/wp-json\/wp\/v2\/media?parent=267113"}],"wp:term":[{"taxonomy":"product_brand","embeddable":true,"href":"https:\/\/ledsolintel.com\/fr\/wp-json\/wp\/v2\/product_brand?post=267113"},{"taxonomy":"product_cat","embeddable":true,"href":"https:\/\/ledsolintel.com\/fr\/wp-json\/wp\/v2\/product_cat?post=267113"},{"taxonomy":"product_tag","embeddable":true,"href":"https:\/\/ledsolintel.com\/fr\/wp-json\/wp\/v2\/product_tag?post=267113"}],"curies":[{"name":"wp","href":"https:\/\/api.w.org\/{rel}","templated":true}]}}