{"id":267097,"date":"2025-11-11T14:08:11","date_gmt":"2025-11-11T13:08:11","guid":{"rendered":"https:\/\/nueva.ledsolintel.com\/product\/perfil-rectangular-aluminio-tira-led-20-x-21-x-2m\/"},"modified":"2026-04-07T10:19:16","modified_gmt":"2026-04-07T08:19:16","slug":"perfil-rectangular-aluminio-tira-led-20-x-21-x-2m","status":"publish","type":"product","link":"https:\/\/ledsolintel.com\/fr\/produit-2\/perfil-rectangular-aluminio-tira-led-20-x-21-x-2m\/","title":{"rendered":"Bande lumineuse rectangulaire en aluminium 20 x 21 x 2m"},"content":{"rendered":"<p>Perfil rectangular de aluminio, en color plata, con cubierta en PVC, que se emplea para ocultar y proteger las tiras led de 2 m con un m\u00e1ximo de 16 mm. Este tipo de perfil se utiliza en instalaciones en interior para ocultar y proteger las tiras led. Al disponer de una cubierta opaca se reduce la intensidad lum\u00ednica y el deslumbramiento, creando ambientes acogedores. Los perfiles se emplean tanto para tiras led r\u00edgidas como flexibles, pudi\u00e9ndose utilizar para diferentes aplicaciones.  Compatible con todos nuestros modelos de tira LED, aunque no es recomendable su uso con tiras de 12\/24V IP65 debido a que la silicona protectora se puede oscurecer por sobrecalentamiento.  Debido a su grado de protecci\u00f3n IP20 es ideal para instalar en zonas interiores (protecci\u00f3n contra part\u00edculas s\u00f3lidas de tama\u00f1o superior a 12mm y no es resistente al agua).  Dispone de una garant\u00eda de 3 a\u00f1os. Cuenta tambi\u00e9n con el certificado CE, que acredita que se cumple con los requisitos de la UE respecto a compatibilidad electromagn\u00e9tica y normativa de baja tensi\u00f3n. Con este certificado se declara la conformidad de dicho producto con todos los requisitos legales exigidos, y asegura la validez del producto para ser vendido en todo el Espacio Econ\u00f3mico Europeo.  Incluye perfil de aluminio de 2 m, difusor trasl\u00facido y tapas finales de aluminio.<\/p>","protected":false},"excerpt":{"rendered":"<p>Perfil rectangular de aluminio, en color plata, con cubierta en PVC, que se emplea para ocultar y proteger las tiras led de 2 m con un m\u00e1ximo de 16 mm. Este tipo de perfil se utiliza en instalaciones en interior para ocultar y proteger las tiras led. Al disponer de una cubierta opaca se reduce &hellip; <a href=\"https:\/\/ledsolintel.com\/fr\/produit-2\/perfil-rectangular-aluminio-tira-led-20-x-21-x-2m\/\" class=\"more-link\">Continue reading <span class=\"screen-reader-text\">Bande lumineuse rectangulaire en aluminium 20 x 21 x 2m<\/span><\/a><\/p>","protected":false},"featured_media":260024,"template":"","meta":[],"product_brand":[101370],"product_cat":[101371,15],"product_tag":[],"class_list":{"0":"post-267097","1":"product","2":"type-product","3":"status-publish","4":"has-post-thumbnail","6":"product_brand-masterled","7":"product_cat-masterled","8":"product_cat-uncategorized","9":"pa_material-aluminio","12":"instock","13":"taxable","14":"shipping-taxable","15":"purchasable","16":"product-type-simple"},"yoast_head":"<!-- This site is optimized with the Yoast SEO plugin v27.4 - https:\/\/yoast.com\/product\/yoast-seo-wordpress\/ -->\n<title>Perfil rectangular aluminio tira led 20 x 21 x 2m - Ledsolintel<\/title>\n<meta name=\"robots\" content=\"index, follow, max-snippet:-1, max-image-preview:large, max-video-preview:-1\" \/>\n<link rel=\"canonical\" href=\"https:\/\/ledsolintel.com\/fr\/produit-2\/perfil-rectangular-aluminio-tira-led-20-x-21-x-2m\/\" \/>\n<meta property=\"og:locale\" content=\"fr_FR\" \/>\n<meta property=\"og:type\" content=\"article\" \/>\n<meta property=\"og:title\" content=\"Perfil rectangular aluminio tira led 20 x 21 x 2m - Ledsolintel\" \/>\n<meta property=\"og:description\" content=\"Perfil rectangular de aluminio, en color plata, con cubierta en PVC, que se emplea para ocultar y proteger las tiras led de 2 m con un m\u00e1ximo de 16 mm. Este tipo de perfil se utiliza en instalaciones en interior para ocultar y proteger las tiras led. Al disponer de una cubierta opaca se reduce &hellip; Continue reading Perfil rectangular aluminio tira led 20 x 21 x 2m\" \/>\n<meta property=\"og:url\" content=\"https:\/\/ledsolintel.com\/fr\/produit-2\/perfil-rectangular-aluminio-tira-led-20-x-21-x-2m\/\" \/>\n<meta property=\"og:site_name\" content=\"Ledsolintel\" \/>\n<meta property=\"article:publisher\" content=\"http:\/\/www.facebook.com\/webmenaje\" \/>\n<meta property=\"article:modified_time\" content=\"2026-04-07T08:19:16+00:00\" \/>\n<meta property=\"og:image\" content=\"https:\/\/ledsolintel.com\/wp-content\/uploads\/2025\/11\/perfil-rectangular-aluminio-tira-led-20-x-21-x-2000mm.jpg\" \/>\n\t<meta property=\"og:image:width\" content=\"1500\" \/>\n\t<meta property=\"og:image:height\" content=\"1500\" \/>\n\t<meta property=\"og:image:type\" content=\"image\/jpeg\" \/>\n<meta name=\"twitter:card\" content=\"summary_large_image\" \/>\n<meta name=\"twitter:site\" content=\"@webmenaje\" \/>\n<meta name=\"twitter:label1\" content=\"Dur\u00e9e de lecture estim\u00e9e\" \/>\n\t<meta name=\"twitter:data1\" content=\"1 minute\" \/>\n<script type=\"application\/ld+json\" class=\"yoast-schema-graph\">{\"@context\":\"https:\\\/\\\/schema.org\",\"@graph\":[{\"@type\":\"WebPage\",\"@id\":\"https:\\\/\\\/ledsolintel.com\\\/product\\\/perfil-rectangular-aluminio-tira-led-20-x-21-x-2m\\\/\",\"url\":\"https:\\\/\\\/ledsolintel.com\\\/product\\\/perfil-rectangular-aluminio-tira-led-20-x-21-x-2m\\\/\",\"name\":\"Perfil rectangular aluminio tira led 20 x 21 x 2m - Ledsolintel\",\"isPartOf\":{\"@id\":\"https:\\\/\\\/ledsolintel.com\\\/#website\"},\"primaryImageOfPage\":{\"@id\":\"https:\\\/\\\/ledsolintel.com\\\/product\\\/perfil-rectangular-aluminio-tira-led-20-x-21-x-2m\\\/#primaryimage\"},\"image\":{\"@id\":\"https:\\\/\\\/ledsolintel.com\\\/product\\\/perfil-rectangular-aluminio-tira-led-20-x-21-x-2m\\\/#primaryimage\"},\"thumbnailUrl\":\"https:\\\/\\\/ledsolintel.com\\\/wp-content\\\/uploads\\\/2025\\\/11\\\/perfil-rectangular-aluminio-tira-led-20-x-21-x-2000mm.jpg\",\"datePublished\":\"2025-11-11T13:08:11+00:00\",\"dateModified\":\"2026-04-07T08:19:16+00:00\",\"breadcrumb\":{\"@id\":\"https:\\\/\\\/ledsolintel.com\\\/product\\\/perfil-rectangular-aluminio-tira-led-20-x-21-x-2m\\\/#breadcrumb\"},\"inLanguage\":\"fr-FR\",\"potentialAction\":[{\"@type\":\"ReadAction\",\"target\":[\"https:\\\/\\\/ledsolintel.com\\\/product\\\/perfil-rectangular-aluminio-tira-led-20-x-21-x-2m\\\/\"]}]},{\"@type\":\"ImageObject\",\"inLanguage\":\"fr-FR\",\"@id\":\"https:\\\/\\\/ledsolintel.com\\\/product\\\/perfil-rectangular-aluminio-tira-led-20-x-21-x-2m\\\/#primaryimage\",\"url\":\"https:\\\/\\\/ledsolintel.com\\\/wp-content\\\/uploads\\\/2025\\\/11\\\/perfil-rectangular-aluminio-tira-led-20-x-21-x-2000mm.jpg\",\"contentUrl\":\"https:\\\/\\\/ledsolintel.com\\\/wp-content\\\/uploads\\\/2025\\\/11\\\/perfil-rectangular-aluminio-tira-led-20-x-21-x-2000mm.jpg\",\"width\":1500,\"height\":1500},{\"@type\":\"BreadcrumbList\",\"@id\":\"https:\\\/\\\/ledsolintel.com\\\/product\\\/perfil-rectangular-aluminio-tira-led-20-x-21-x-2m\\\/#breadcrumb\",\"itemListElement\":[{\"@type\":\"ListItem\",\"position\":1,\"name\":\"Portada\",\"item\":\"https:\\\/\\\/ledsolintel.com\\\/fr\\\/\"},{\"@type\":\"ListItem\",\"position\":2,\"name\":\"Tienda\",\"item\":\"https:\\\/\\\/ledsolintel.com\\\/tienda\\\/\"},{\"@type\":\"ListItem\",\"position\":3,\"name\":\"Perfil rectangular aluminio tira led 20 x 21 x 2m\"}]},{\"@type\":\"WebSite\",\"@id\":\"https:\\\/\\\/ledsolintel.com\\\/#website\",\"url\":\"https:\\\/\\\/ledsolintel.com\\\/\",\"name\":\"Webmenaje\",\"description\":\"Tienda de bombillas y l\u00e1mparas LED para profesionales\",\"publisher\":{\"@id\":\"https:\\\/\\\/ledsolintel.com\\\/#organization\"},\"potentialAction\":[{\"@type\":\"SearchAction\",\"target\":{\"@type\":\"EntryPoint\",\"urlTemplate\":\"https:\\\/\\\/ledsolintel.com\\\/?s={search_term_string}\"},\"query-input\":{\"@type\":\"PropertyValueSpecification\",\"valueRequired\":true,\"valueName\":\"search_term_string\"}}],\"inLanguage\":\"fr-FR\"},{\"@type\":\"Organization\",\"@id\":\"https:\\\/\\\/ledsolintel.com\\\/#organization\",\"name\":\"Solintel Noroeste, S.L.\",\"url\":\"https:\\\/\\\/ledsolintel.com\\\/\",\"logo\":{\"@type\":\"ImageObject\",\"inLanguage\":\"fr-FR\",\"@id\":\"https:\\\/\\\/ledsolintel.com\\\/#\\\/schema\\\/logo\\\/image\\\/\",\"url\":\"https:\\\/\\\/ledsolintel.com\\\/wp-content\\\/uploads\\\/2024\\\/11\\\/webmenaje-logo-1508269066.jpg\",\"contentUrl\":\"https:\\\/\\\/ledsolintel.com\\\/wp-content\\\/uploads\\\/2024\\\/11\\\/webmenaje-logo-1508269066.jpg\",\"width\":370,\"height\":90,\"caption\":\"Solintel Noroeste, S.L.\"},\"image\":{\"@id\":\"https:\\\/\\\/ledsolintel.com\\\/#\\\/schema\\\/logo\\\/image\\\/\"},\"sameAs\":[\"http:\\\/\\\/www.facebook.com\\\/webmenaje\",\"https:\\\/\\\/x.com\\\/webmenaje\",\"https:\\\/\\\/www.youtube.com\\\/channel\\\/UCX2KoVoeCG4LocZjUc6LmSQ\",\"http:\\\/\\\/www.pinterest.com\\\/webmenaje\"]}]}<\/script>\n<!-- \/ Yoast SEO plugin. -->","yoast_head_json":{"title":"Perfil rectangular aluminio tira led 20 x 21 x 2m - Ledsolintel","robots":{"index":"index","follow":"follow","max-snippet":"max-snippet:-1","max-image-preview":"max-image-preview:large","max-video-preview":"max-video-preview:-1"},"canonical":"https:\/\/ledsolintel.com\/fr\/produit-2\/perfil-rectangular-aluminio-tira-led-20-x-21-x-2m\/","og_locale":"fr_FR","og_type":"article","og_title":"Perfil rectangular aluminio tira led 20 x 21 x 2m - Ledsolintel","og_description":"Perfil rectangular de aluminio, en color plata, con cubierta en PVC, que se emplea para ocultar y proteger las tiras led de 2 m con un m\u00e1ximo de 16 mm. Este tipo de perfil se utiliza en instalaciones en interior para ocultar y proteger las tiras led. Al disponer de una cubierta opaca se reduce &hellip; Continue reading Perfil rectangular aluminio tira led 20 x 21 x 2m","og_url":"https:\/\/ledsolintel.com\/fr\/produit-2\/perfil-rectangular-aluminio-tira-led-20-x-21-x-2m\/","og_site_name":"Ledsolintel","article_publisher":"http:\/\/www.facebook.com\/webmenaje","article_modified_time":"2026-04-07T08:19:16+00:00","og_image":[{"width":1500,"height":1500,"url":"https:\/\/ledsolintel.com\/wp-content\/uploads\/2025\/11\/perfil-rectangular-aluminio-tira-led-20-x-21-x-2000mm.jpg","type":"image\/jpeg"}],"twitter_card":"summary_large_image","twitter_site":"@webmenaje","twitter_misc":{"Dur\u00e9e de lecture estim\u00e9e":"1 minute"},"schema":{"@context":"https:\/\/schema.org","@graph":[{"@type":"WebPage","@id":"https:\/\/ledsolintel.com\/product\/perfil-rectangular-aluminio-tira-led-20-x-21-x-2m\/","url":"https:\/\/ledsolintel.com\/product\/perfil-rectangular-aluminio-tira-led-20-x-21-x-2m\/","name":"Perfil rectangular aluminio tira led 20 x 21 x 2m - Ledsolintel","isPartOf":{"@id":"https:\/\/ledsolintel.com\/#website"},"primaryImageOfPage":{"@id":"https:\/\/ledsolintel.com\/product\/perfil-rectangular-aluminio-tira-led-20-x-21-x-2m\/#primaryimage"},"image":{"@id":"https:\/\/ledsolintel.com\/product\/perfil-rectangular-aluminio-tira-led-20-x-21-x-2m\/#primaryimage"},"thumbnailUrl":"https:\/\/ledsolintel.com\/wp-content\/uploads\/2025\/11\/perfil-rectangular-aluminio-tira-led-20-x-21-x-2000mm.jpg","datePublished":"2025-11-11T13:08:11+00:00","dateModified":"2026-04-07T08:19:16+00:00","breadcrumb":{"@id":"https:\/\/ledsolintel.com\/product\/perfil-rectangular-aluminio-tira-led-20-x-21-x-2m\/#breadcrumb"},"inLanguage":"fr-FR","potentialAction":[{"@type":"ReadAction","target":["https:\/\/ledsolintel.com\/product\/perfil-rectangular-aluminio-tira-led-20-x-21-x-2m\/"]}]},{"@type":"ImageObject","inLanguage":"fr-FR","@id":"https:\/\/ledsolintel.com\/product\/perfil-rectangular-aluminio-tira-led-20-x-21-x-2m\/#primaryimage","url":"https:\/\/ledsolintel.com\/wp-content\/uploads\/2025\/11\/perfil-rectangular-aluminio-tira-led-20-x-21-x-2000mm.jpg","contentUrl":"https:\/\/ledsolintel.com\/wp-content\/uploads\/2025\/11\/perfil-rectangular-aluminio-tira-led-20-x-21-x-2000mm.jpg","width":1500,"height":1500},{"@type":"BreadcrumbList","@id":"https:\/\/ledsolintel.com\/product\/perfil-rectangular-aluminio-tira-led-20-x-21-x-2m\/#breadcrumb","itemListElement":[{"@type":"ListItem","position":1,"name":"Portada","item":"https:\/\/ledsolintel.com\/fr\/"},{"@type":"ListItem","position":2,"name":"Tienda","item":"https:\/\/ledsolintel.com\/tienda\/"},{"@type":"ListItem","position":3,"name":"Perfil rectangular aluminio tira led 20 x 21 x 2m"}]},{"@type":"WebSite","@id":"https:\/\/ledsolintel.com\/#website","url":"https:\/\/ledsolintel.com\/","name":"Webmenaje","description":"Magasin d'ampoules et de lampes LED pour les professionnels","publisher":{"@id":"https:\/\/ledsolintel.com\/#organization"},"potentialAction":[{"@type":"SearchAction","target":{"@type":"EntryPoint","urlTemplate":"https:\/\/ledsolintel.com\/?s={search_term_string}"},"query-input":{"@type":"PropertyValueSpecification","valueRequired":true,"valueName":"search_term_string"}}],"inLanguage":"fr-FR"},{"@type":"Organization","@id":"https:\/\/ledsolintel.com\/#organization","name":"Solintel Noroeste, S.L.","url":"https:\/\/ledsolintel.com\/","logo":{"@type":"ImageObject","inLanguage":"fr-FR","@id":"https:\/\/ledsolintel.com\/#\/schema\/logo\/image\/","url":"https:\/\/ledsolintel.com\/wp-content\/uploads\/2024\/11\/webmenaje-logo-1508269066.jpg","contentUrl":"https:\/\/ledsolintel.com\/wp-content\/uploads\/2024\/11\/webmenaje-logo-1508269066.jpg","width":370,"height":90,"caption":"Solintel Noroeste, S.L."},"image":{"@id":"https:\/\/ledsolintel.com\/#\/schema\/logo\/image\/"},"sameAs":["http:\/\/www.facebook.com\/webmenaje","https:\/\/x.com\/webmenaje","https:\/\/www.youtube.com\/channel\/UCX2KoVoeCG4LocZjUc6LmSQ","http:\/\/www.pinterest.com\/webmenaje"]}]}},"_links":{"self":[{"href":"https:\/\/ledsolintel.com\/fr\/wp-json\/wp\/v2\/product\/267097","targetHints":{"allow":["GET"]}}],"collection":[{"href":"https:\/\/ledsolintel.com\/fr\/wp-json\/wp\/v2\/product"}],"about":[{"href":"https:\/\/ledsolintel.com\/fr\/wp-json\/wp\/v2\/types\/product"}],"version-history":[{"count":1,"href":"https:\/\/ledsolintel.com\/fr\/wp-json\/wp\/v2\/product\/267097\/revisions"}],"predecessor-version":[{"id":267098,"href":"https:\/\/ledsolintel.com\/fr\/wp-json\/wp\/v2\/product\/267097\/revisions\/267098"}],"wp:featuredmedia":[{"embeddable":true,"href":"https:\/\/ledsolintel.com\/fr\/wp-json\/wp\/v2\/media\/260024"}],"wp:attachment":[{"href":"https:\/\/ledsolintel.com\/fr\/wp-json\/wp\/v2\/media?parent=267097"}],"wp:term":[{"taxonomy":"product_brand","embeddable":true,"href":"https:\/\/ledsolintel.com\/fr\/wp-json\/wp\/v2\/product_brand?post=267097"},{"taxonomy":"product_cat","embeddable":true,"href":"https:\/\/ledsolintel.com\/fr\/wp-json\/wp\/v2\/product_cat?post=267097"},{"taxonomy":"product_tag","embeddable":true,"href":"https:\/\/ledsolintel.com\/fr\/wp-json\/wp\/v2\/product_tag?post=267097"}],"curies":[{"name":"wp","href":"https:\/\/api.w.org\/{rel}","templated":true}]}}