{"id":267048,"date":"2025-11-11T14:06:43","date_gmt":"2025-11-11T13:06:43","guid":{"rendered":"https:\/\/nueva.ledsolintel.com\/product\/driver-para-panel-led-de-18-a-24w\/"},"modified":"2026-04-07T10:19:17","modified_gmt":"2026-04-07T08:19:17","slug":"18-a-24w-led-panel-driver","status":"publish","type":"product","link":"https:\/\/ledsolintel.com\/fr\/produit-2\/18-a-24w-led-panel-driver\/","title":{"rendered":"Pilote pour panneau LED de 18 \u00e0 24W"},"content":{"rendered":"<p>L'alimentation du driver \u00e0 courant constant est compatible avec les panneaux LED de 18W \u00e0 24W. Ce dispositif adapte la tension secteur aux param\u00e8tres appropri\u00e9s pour les downlights \u00e0 LED, son bo\u00eetier en PVC prot\u00e8ge des dommages \u00e9ventuels caus\u00e9s par l'eau et la poussi\u00e8re. L'objectif des drivers est d'utiliser des transformateurs \u00e9lectroniques, ce qui permet d'\u00e9conomiser l'\u00e9nergie des LED de mani\u00e8re \u00e9conomique et respectueuse de l'environnement.  Pour \u00e9viter d'endommager le driver ou le luminaire, l'installation doit \u00eatre effectu\u00e9e hors tension. Ne jamais connecter un panneau \u00e0 un driver lorsque celui-ci est sous tension.  Cette alimentation pr\u00e9sente trois avantages principaux : (1) une efficacit\u00e9 \u00e9nerg\u00e9tique optimis\u00e9e pour une consommation \u00e9lectrique r\u00e9duite (2) une protection robuste contre les \u00e9l\u00e9ments ext\u00e9rieurs, garantissant la durabilit\u00e9 (3) une facilit\u00e9 d'utilisation avec une installation s\u00fbre et simple Son installation doit se faire \u00e0 l'int\u00e9rieur car elle a un indice IP20 (protection contre les particules solides de plus de 12 mm et n'est pas \u00e9tanche). Il prend en charge une tension d'entr\u00e9e de 85-265V, un courant de 300 mA et une fr\u00e9quence de fonctionnement de 50\/60 Hz. Ses dimensions sont de 68 x 33 x 22 mm.  En plus d'\u00eatre un produit qui a une dur\u00e9e de vie de plus de 30 000 heures, il est assorti d'une garantie de 3 ans. Il poss\u00e8de \u00e9galement le certificat CE, qui atteste qu'il est conforme aux exigences de l'UE en mati\u00e8re de compatibilit\u00e9 \u00e9lectromagn\u00e9tique et de basse tension. Ce certificat d\u00e9clare la conformit\u00e9 du produit \u00e0 toutes les exigences l\u00e9gales et garantit la validit\u00e9 de la vente du produit dans l'Espace \u00e9conomique europ\u00e9en.<\/p>","protected":false},"excerpt":{"rendered":"<p>La fuente de alimentaci\u00f3n driver de corriente constante es compatible con el panel LED de 18W a 24W. Este dispositivo adec\u00faa la tensi\u00f3n de red a los par\u00e1metros adecuados para los downlight led, su caja de PVC protege de posibles da\u00f1os causados por el agua y el polvo. El objetivo de los drivers es el &hellip; <a href=\"https:\/\/ledsolintel.com\/fr\/produit-2\/18-a-24w-led-panel-driver\/\" class=\"more-link\">Continue reading <span class=\"screen-reader-text\">Pilote pour panneau LED de 18 \u00e0 24W<\/span><\/a><\/p>","protected":false},"featured_media":259984,"template":"","meta":[],"product_brand":[101370],"product_cat":[100093,99757,101371,99617,15],"product_tag":[],"class_list":{"0":"post-267048","1":"product","2":"type-product","3":"status-publish","4":"has-post-thumbnail","6":"product_brand-masterled","7":"product_cat-balastros-electronicos-y-transformadores","8":"product_cat-balastros-y-transformadores","9":"product_cat-masterled","10":"product_cat-material-electrico","11":"product_cat-uncategorized","12":"pa_intensidad-no-regulable","15":"instock","16":"taxable","17":"shipping-taxable","18":"purchasable","19":"product-type-simple"},"yoast_head":"<!-- This site is optimized with the Yoast SEO plugin v27.4 - https:\/\/yoast.com\/product\/yoast-seo-wordpress\/ -->\n<title>Driver para panel LED de 18 a 24W - Ledsolintel<\/title>\n<meta name=\"robots\" content=\"index, follow, max-snippet:-1, max-image-preview:large, max-video-preview:-1\" \/>\n<link rel=\"canonical\" href=\"https:\/\/ledsolintel.com\/fr\/produit-2\/18-a-24w-led-panel-driver\/\" \/>\n<meta property=\"og:locale\" content=\"fr_FR\" \/>\n<meta property=\"og:type\" content=\"article\" \/>\n<meta property=\"og:title\" content=\"Driver para panel LED de 18 a 24W - Ledsolintel\" \/>\n<meta property=\"og:description\" content=\"La fuente de alimentaci\u00f3n driver de corriente constante es compatible con el panel LED de 18W a 24W. Este dispositivo adec\u00faa la tensi\u00f3n de red a los par\u00e1metros adecuados para los downlight led, su caja de PVC protege de posibles da\u00f1os causados por el agua y el polvo. El objetivo de los drivers es el &hellip; Continue reading Driver para panel LED de 18 a 24W\" \/>\n<meta property=\"og:url\" content=\"https:\/\/ledsolintel.com\/fr\/produit-2\/18-a-24w-led-panel-driver\/\" \/>\n<meta property=\"og:site_name\" content=\"Ledsolintel\" \/>\n<meta property=\"article:publisher\" content=\"http:\/\/www.facebook.com\/webmenaje\" \/>\n<meta property=\"article:modified_time\" content=\"2026-04-07T08:19:17+00:00\" \/>\n<meta property=\"og:image\" content=\"https:\/\/ledsolintel.com\/wp-content\/uploads\/2025\/11\/driver-para-panel-led-de-18-a-24w.jpg\" \/>\n\t<meta property=\"og:image:width\" content=\"1500\" \/>\n\t<meta property=\"og:image:height\" content=\"1500\" \/>\n\t<meta property=\"og:image:type\" content=\"image\/jpeg\" \/>\n<meta name=\"twitter:card\" content=\"summary_large_image\" \/>\n<meta name=\"twitter:site\" content=\"@webmenaje\" \/>\n<meta name=\"twitter:label1\" content=\"Dur\u00e9e de lecture estim\u00e9e\" \/>\n\t<meta name=\"twitter:data1\" content=\"1 minute\" \/>\n<script type=\"application\/ld+json\" class=\"yoast-schema-graph\">{\"@context\":\"https:\\\/\\\/schema.org\",\"@graph\":[{\"@type\":\"WebPage\",\"@id\":\"https:\\\/\\\/ledsolintel.com\\\/product\\\/driver-para-panel-led-de-18-a-24w\\\/\",\"url\":\"https:\\\/\\\/ledsolintel.com\\\/product\\\/driver-para-panel-led-de-18-a-24w\\\/\",\"name\":\"Driver para panel LED de 18 a 24W - Ledsolintel\",\"isPartOf\":{\"@id\":\"https:\\\/\\\/ledsolintel.com\\\/#website\"},\"primaryImageOfPage\":{\"@id\":\"https:\\\/\\\/ledsolintel.com\\\/product\\\/driver-para-panel-led-de-18-a-24w\\\/#primaryimage\"},\"image\":{\"@id\":\"https:\\\/\\\/ledsolintel.com\\\/product\\\/driver-para-panel-led-de-18-a-24w\\\/#primaryimage\"},\"thumbnailUrl\":\"https:\\\/\\\/ledsolintel.com\\\/wp-content\\\/uploads\\\/2025\\\/11\\\/driver-para-panel-led-de-18-a-24w.jpg\",\"datePublished\":\"2025-11-11T13:06:43+00:00\",\"dateModified\":\"2026-04-07T08:19:17+00:00\",\"breadcrumb\":{\"@id\":\"https:\\\/\\\/ledsolintel.com\\\/product\\\/driver-para-panel-led-de-18-a-24w\\\/#breadcrumb\"},\"inLanguage\":\"fr-FR\",\"potentialAction\":[{\"@type\":\"ReadAction\",\"target\":[\"https:\\\/\\\/ledsolintel.com\\\/product\\\/driver-para-panel-led-de-18-a-24w\\\/\"]}]},{\"@type\":\"ImageObject\",\"inLanguage\":\"fr-FR\",\"@id\":\"https:\\\/\\\/ledsolintel.com\\\/product\\\/driver-para-panel-led-de-18-a-24w\\\/#primaryimage\",\"url\":\"https:\\\/\\\/ledsolintel.com\\\/wp-content\\\/uploads\\\/2025\\\/11\\\/driver-para-panel-led-de-18-a-24w.jpg\",\"contentUrl\":\"https:\\\/\\\/ledsolintel.com\\\/wp-content\\\/uploads\\\/2025\\\/11\\\/driver-para-panel-led-de-18-a-24w.jpg\",\"width\":1500,\"height\":1500},{\"@type\":\"BreadcrumbList\",\"@id\":\"https:\\\/\\\/ledsolintel.com\\\/product\\\/driver-para-panel-led-de-18-a-24w\\\/#breadcrumb\",\"itemListElement\":[{\"@type\":\"ListItem\",\"position\":1,\"name\":\"Portada\",\"item\":\"https:\\\/\\\/ledsolintel.com\\\/fr\\\/\"},{\"@type\":\"ListItem\",\"position\":2,\"name\":\"Tienda\",\"item\":\"https:\\\/\\\/ledsolintel.com\\\/tienda\\\/\"},{\"@type\":\"ListItem\",\"position\":3,\"name\":\"Driver para panel LED de 18 a 24W\"}]},{\"@type\":\"WebSite\",\"@id\":\"https:\\\/\\\/ledsolintel.com\\\/#website\",\"url\":\"https:\\\/\\\/ledsolintel.com\\\/\",\"name\":\"Webmenaje\",\"description\":\"Tienda de bombillas y l\u00e1mparas LED para profesionales\",\"publisher\":{\"@id\":\"https:\\\/\\\/ledsolintel.com\\\/#organization\"},\"potentialAction\":[{\"@type\":\"SearchAction\",\"target\":{\"@type\":\"EntryPoint\",\"urlTemplate\":\"https:\\\/\\\/ledsolintel.com\\\/?s={search_term_string}\"},\"query-input\":{\"@type\":\"PropertyValueSpecification\",\"valueRequired\":true,\"valueName\":\"search_term_string\"}}],\"inLanguage\":\"fr-FR\"},{\"@type\":\"Organization\",\"@id\":\"https:\\\/\\\/ledsolintel.com\\\/#organization\",\"name\":\"Solintel Noroeste, S.L.\",\"url\":\"https:\\\/\\\/ledsolintel.com\\\/\",\"logo\":{\"@type\":\"ImageObject\",\"inLanguage\":\"fr-FR\",\"@id\":\"https:\\\/\\\/ledsolintel.com\\\/#\\\/schema\\\/logo\\\/image\\\/\",\"url\":\"https:\\\/\\\/ledsolintel.com\\\/wp-content\\\/uploads\\\/2024\\\/11\\\/webmenaje-logo-1508269066.jpg\",\"contentUrl\":\"https:\\\/\\\/ledsolintel.com\\\/wp-content\\\/uploads\\\/2024\\\/11\\\/webmenaje-logo-1508269066.jpg\",\"width\":370,\"height\":90,\"caption\":\"Solintel Noroeste, S.L.\"},\"image\":{\"@id\":\"https:\\\/\\\/ledsolintel.com\\\/#\\\/schema\\\/logo\\\/image\\\/\"},\"sameAs\":[\"http:\\\/\\\/www.facebook.com\\\/webmenaje\",\"https:\\\/\\\/x.com\\\/webmenaje\",\"https:\\\/\\\/www.youtube.com\\\/channel\\\/UCX2KoVoeCG4LocZjUc6LmSQ\",\"http:\\\/\\\/www.pinterest.com\\\/webmenaje\"]}]}<\/script>\n<!-- \/ Yoast SEO plugin. -->","yoast_head_json":{"title":"Pilote pour panneau LED de 18 \u00e0 24W - Ledsolintel","robots":{"index":"index","follow":"follow","max-snippet":"max-snippet:-1","max-image-preview":"max-image-preview:large","max-video-preview":"max-video-preview:-1"},"canonical":"https:\/\/ledsolintel.com\/fr\/produit-2\/18-a-24w-led-panel-driver\/","og_locale":"fr_FR","og_type":"article","og_title":"Driver para panel LED de 18 a 24W - Ledsolintel","og_description":"La fuente de alimentaci\u00f3n driver de corriente constante es compatible con el panel LED de 18W a 24W. Este dispositivo adec\u00faa la tensi\u00f3n de red a los par\u00e1metros adecuados para los downlight led, su caja de PVC protege de posibles da\u00f1os causados por el agua y el polvo. El objetivo de los drivers es el &hellip; Continue reading Driver para panel LED de 18 a 24W","og_url":"https:\/\/ledsolintel.com\/fr\/produit-2\/18-a-24w-led-panel-driver\/","og_site_name":"Ledsolintel","article_publisher":"http:\/\/www.facebook.com\/webmenaje","article_modified_time":"2026-04-07T08:19:17+00:00","og_image":[{"width":1500,"height":1500,"url":"https:\/\/ledsolintel.com\/wp-content\/uploads\/2025\/11\/driver-para-panel-led-de-18-a-24w.jpg","type":"image\/jpeg"}],"twitter_card":"summary_large_image","twitter_site":"@webmenaje","twitter_misc":{"Dur\u00e9e de lecture estim\u00e9e":"1 minute"},"schema":{"@context":"https:\/\/schema.org","@graph":[{"@type":"WebPage","@id":"https:\/\/ledsolintel.com\/product\/driver-para-panel-led-de-18-a-24w\/","url":"https:\/\/ledsolintel.com\/product\/driver-para-panel-led-de-18-a-24w\/","name":"Pilote pour panneau LED de 18 \u00e0 24W - Ledsolintel","isPartOf":{"@id":"https:\/\/ledsolintel.com\/#website"},"primaryImageOfPage":{"@id":"https:\/\/ledsolintel.com\/product\/driver-para-panel-led-de-18-a-24w\/#primaryimage"},"image":{"@id":"https:\/\/ledsolintel.com\/product\/driver-para-panel-led-de-18-a-24w\/#primaryimage"},"thumbnailUrl":"https:\/\/ledsolintel.com\/wp-content\/uploads\/2025\/11\/driver-para-panel-led-de-18-a-24w.jpg","datePublished":"2025-11-11T13:06:43+00:00","dateModified":"2026-04-07T08:19:17+00:00","breadcrumb":{"@id":"https:\/\/ledsolintel.com\/product\/driver-para-panel-led-de-18-a-24w\/#breadcrumb"},"inLanguage":"fr-FR","potentialAction":[{"@type":"ReadAction","target":["https:\/\/ledsolintel.com\/product\/driver-para-panel-led-de-18-a-24w\/"]}]},{"@type":"ImageObject","inLanguage":"fr-FR","@id":"https:\/\/ledsolintel.com\/product\/driver-para-panel-led-de-18-a-24w\/#primaryimage","url":"https:\/\/ledsolintel.com\/wp-content\/uploads\/2025\/11\/driver-para-panel-led-de-18-a-24w.jpg","contentUrl":"https:\/\/ledsolintel.com\/wp-content\/uploads\/2025\/11\/driver-para-panel-led-de-18-a-24w.jpg","width":1500,"height":1500},{"@type":"BreadcrumbList","@id":"https:\/\/ledsolintel.com\/product\/driver-para-panel-led-de-18-a-24w\/#breadcrumb","itemListElement":[{"@type":"ListItem","position":1,"name":"Portada","item":"https:\/\/ledsolintel.com\/fr\/"},{"@type":"ListItem","position":2,"name":"Tienda","item":"https:\/\/ledsolintel.com\/tienda\/"},{"@type":"ListItem","position":3,"name":"Driver para panel LED de 18 a 24W"}]},{"@type":"WebSite","@id":"https:\/\/ledsolintel.com\/#website","url":"https:\/\/ledsolintel.com\/","name":"Webmenaje","description":"Magasin d'ampoules et de lampes LED pour les professionnels","publisher":{"@id":"https:\/\/ledsolintel.com\/#organization"},"potentialAction":[{"@type":"SearchAction","target":{"@type":"EntryPoint","urlTemplate":"https:\/\/ledsolintel.com\/?s={search_term_string}"},"query-input":{"@type":"PropertyValueSpecification","valueRequired":true,"valueName":"search_term_string"}}],"inLanguage":"fr-FR"},{"@type":"Organization","@id":"https:\/\/ledsolintel.com\/#organization","name":"Solintel Noroeste, S.L.","url":"https:\/\/ledsolintel.com\/","logo":{"@type":"ImageObject","inLanguage":"fr-FR","@id":"https:\/\/ledsolintel.com\/#\/schema\/logo\/image\/","url":"https:\/\/ledsolintel.com\/wp-content\/uploads\/2024\/11\/webmenaje-logo-1508269066.jpg","contentUrl":"https:\/\/ledsolintel.com\/wp-content\/uploads\/2024\/11\/webmenaje-logo-1508269066.jpg","width":370,"height":90,"caption":"Solintel Noroeste, S.L."},"image":{"@id":"https:\/\/ledsolintel.com\/#\/schema\/logo\/image\/"},"sameAs":["http:\/\/www.facebook.com\/webmenaje","https:\/\/x.com\/webmenaje","https:\/\/www.youtube.com\/channel\/UCX2KoVoeCG4LocZjUc6LmSQ","http:\/\/www.pinterest.com\/webmenaje"]}]}},"_links":{"self":[{"href":"https:\/\/ledsolintel.com\/fr\/wp-json\/wp\/v2\/product\/267048","targetHints":{"allow":["GET"]}}],"collection":[{"href":"https:\/\/ledsolintel.com\/fr\/wp-json\/wp\/v2\/product"}],"about":[{"href":"https:\/\/ledsolintel.com\/fr\/wp-json\/wp\/v2\/types\/product"}],"version-history":[{"count":1,"href":"https:\/\/ledsolintel.com\/fr\/wp-json\/wp\/v2\/product\/267048\/revisions"}],"predecessor-version":[{"id":267049,"href":"https:\/\/ledsolintel.com\/fr\/wp-json\/wp\/v2\/product\/267048\/revisions\/267049"}],"wp:featuredmedia":[{"embeddable":true,"href":"https:\/\/ledsolintel.com\/fr\/wp-json\/wp\/v2\/media\/259984"}],"wp:attachment":[{"href":"https:\/\/ledsolintel.com\/fr\/wp-json\/wp\/v2\/media?parent=267048"}],"wp:term":[{"taxonomy":"product_brand","embeddable":true,"href":"https:\/\/ledsolintel.com\/fr\/wp-json\/wp\/v2\/product_brand?post=267048"},{"taxonomy":"product_cat","embeddable":true,"href":"https:\/\/ledsolintel.com\/fr\/wp-json\/wp\/v2\/product_cat?post=267048"},{"taxonomy":"product_tag","embeddable":true,"href":"https:\/\/ledsolintel.com\/fr\/wp-json\/wp\/v2\/product_tag?post=267048"}],"curies":[{"name":"wp","href":"https:\/\/api.w.org\/{rel}","templated":true}]}}