{"id":266920,"date":"2025-11-11T14:03:16","date_gmt":"2025-11-11T13:03:16","guid":{"rendered":"https:\/\/nueva.ledsolintel.com\/product\/portalamparas-metal-vintage-cromado\/"},"modified":"2026-04-07T10:19:19","modified_gmt":"2026-04-07T08:19:19","slug":"porte-lampe-en-metal-vintage-chrome","status":"publish","type":"product","link":"https:\/\/ledsolintel.com\/fr\/produit-2\/porte-lampe-en-metal-vintage-chrome\/","title":{"rendered":"Porte-lampe vintage en m\u00e9tal chrom\u00e9"},"content":{"rendered":"<p>La douille de lampe avec filetage E27, de style r\u00e9tro et de couleur chrom\u00e9e, est id\u00e9ale pour \u00eatre install\u00e9e dans n'importe quelle pi\u00e8ce de la maison, dans les centres commerciaux, les magasins ou les restaurants.  Elle est fabriqu\u00e9e en c\u00e9ramique et mesure \u00d8 50 x 85 mm. Il supporte une puissance de 1000W et permet une tension d'entr\u00e9e de 200\/240V.  Il doit \u00eatre install\u00e9 \u00e0 l'int\u00e9rieur car il a un degr\u00e9 de protection IP20 (protection contre les particules solides de plus de 12 mm et n'est pas \u00e9tanche).  Il est garanti 3 ans. Il poss\u00e8de \u00e9galement le certificat CE, qui atteste qu'il est conforme aux exigences de l'UE en mati\u00e8re de compatibilit\u00e9 \u00e9lectromagn\u00e9tique et de r\u00e9glementation sur la basse tension. Ce certificat d\u00e9clare la conformit\u00e9 du produit \u00e0 toutes les exigences l\u00e9gales et garantit la validit\u00e9 de la vente du produit dans l'ensemble de l'Espace \u00e9conomique europ\u00e9en.<\/p>","protected":false},"excerpt":{"rendered":"<p>El porta l\u00e1mparas con rosca E27, est\u00e1 dise\u00f1ado en un estilo retro con color cromo, siendo ideal para su instalaci\u00f3n en cualquier estancia dentro del hogar, en centros comerciales, tiendas o en restauraci\u00f3n. Est\u00e1 fabricado en cer\u00e1mica con las medidas \u00d8 50 x 85 mm. Soporta una potencia de 1000W y permite una voltaje de &hellip; <a href=\"https:\/\/ledsolintel.com\/fr\/produit-2\/porte-lampe-en-metal-vintage-chrome\/\" class=\"more-link\">Continue reading <span class=\"screen-reader-text\">Porte-lampe vintage en m\u00e9tal chrom\u00e9<\/span><\/a><\/p>","protected":false},"featured_media":259875,"template":"","meta":[],"product_brand":[101370],"product_cat":[15,101371],"product_tag":[],"class_list":{"0":"post-266920","1":"product","2":"type-product","3":"status-publish","4":"has-post-thumbnail","6":"product_brand-masterled","7":"product_cat-uncategorized","8":"product_cat-masterled","9":"pa_tipo-casquillo-casquillo-e27","12":"instock","13":"taxable","14":"shipping-taxable","15":"purchasable","16":"product-type-simple"},"yoast_head":"<!-- This site is optimized with the Yoast SEO plugin v26.6 - https:\/\/yoast.com\/wordpress\/plugins\/seo\/ -->\n<title>Portal\u00e1mparas metal vintage cromado - Ledsolintel<\/title>\n<meta name=\"robots\" content=\"index, follow, max-snippet:-1, max-image-preview:large, max-video-preview:-1\" \/>\n<link rel=\"canonical\" href=\"https:\/\/ledsolintel.com\/fr\/produit-2\/porte-lampe-en-metal-vintage-chrome\/\" \/>\n<meta property=\"og:locale\" content=\"fr_FR\" \/>\n<meta property=\"og:type\" content=\"article\" \/>\n<meta property=\"og:title\" content=\"Portal\u00e1mparas metal vintage cromado - Ledsolintel\" \/>\n<meta property=\"og:description\" content=\"El porta l\u00e1mparas con rosca E27, est\u00e1 dise\u00f1ado en un estilo retro con color cromo, siendo ideal para su instalaci\u00f3n en cualquier estancia dentro del hogar, en centros comerciales, tiendas o en restauraci\u00f3n. Est\u00e1 fabricado en cer\u00e1mica con las medidas \u00d8 50 x 85 mm. Soporta una potencia de 1000W y permite una voltaje de &hellip; Continue reading Portal\u00e1mparas metal vintage cromado\" \/>\n<meta property=\"og:url\" content=\"https:\/\/ledsolintel.com\/fr\/produit-2\/porte-lampe-en-metal-vintage-chrome\/\" \/>\n<meta property=\"og:site_name\" content=\"Ledsolintel\" \/>\n<meta property=\"article:publisher\" content=\"http:\/\/www.facebook.com\/webmenaje\" \/>\n<meta property=\"article:modified_time\" content=\"2026-04-07T08:19:19+00:00\" \/>\n<meta property=\"og:image\" content=\"https:\/\/ledsolintel.com\/wp-content\/uploads\/2025\/11\/portalamparas-ceramica-metal-vintage-plata.jpg\" \/>\n\t<meta property=\"og:image:width\" content=\"1500\" \/>\n\t<meta property=\"og:image:height\" content=\"1500\" \/>\n\t<meta property=\"og:image:type\" content=\"image\/jpeg\" \/>\n<meta name=\"twitter:card\" content=\"summary_large_image\" \/>\n<meta name=\"twitter:site\" content=\"@webmenaje\" \/>\n<meta name=\"twitter:label1\" content=\"Dur\u00e9e de lecture estim\u00e9e\" \/>\n\t<meta name=\"twitter:data1\" content=\"1 minute\" \/>\n<script type=\"application\/ld+json\" class=\"yoast-schema-graph\">{\"@context\":\"https:\/\/schema.org\",\"@graph\":[{\"@type\":\"WebPage\",\"@id\":\"https:\/\/ledsolintel.com\/product\/portalamparas-metal-vintage-cromado\/\",\"url\":\"https:\/\/ledsolintel.com\/product\/portalamparas-metal-vintage-cromado\/\",\"name\":\"Portal\u00e1mparas metal vintage cromado - Ledsolintel\",\"isPartOf\":{\"@id\":\"https:\/\/ledsolintel.com\/#website\"},\"primaryImageOfPage\":{\"@id\":\"https:\/\/ledsolintel.com\/product\/portalamparas-metal-vintage-cromado\/#primaryimage\"},\"image\":{\"@id\":\"https:\/\/ledsolintel.com\/product\/portalamparas-metal-vintage-cromado\/#primaryimage\"},\"thumbnailUrl\":\"https:\/\/ledsolintel.com\/wp-content\/uploads\/2025\/11\/portalamparas-ceramica-metal-vintage-plata.jpg\",\"datePublished\":\"2025-11-11T13:03:16+00:00\",\"dateModified\":\"2026-04-07T08:19:19+00:00\",\"breadcrumb\":{\"@id\":\"https:\/\/ledsolintel.com\/product\/portalamparas-metal-vintage-cromado\/#breadcrumb\"},\"inLanguage\":\"fr-FR\",\"potentialAction\":[{\"@type\":\"ReadAction\",\"target\":[\"https:\/\/ledsolintel.com\/product\/portalamparas-metal-vintage-cromado\/\"]}]},{\"@type\":\"ImageObject\",\"inLanguage\":\"fr-FR\",\"@id\":\"https:\/\/ledsolintel.com\/product\/portalamparas-metal-vintage-cromado\/#primaryimage\",\"url\":\"https:\/\/ledsolintel.com\/wp-content\/uploads\/2025\/11\/portalamparas-ceramica-metal-vintage-plata.jpg\",\"contentUrl\":\"https:\/\/ledsolintel.com\/wp-content\/uploads\/2025\/11\/portalamparas-ceramica-metal-vintage-plata.jpg\",\"width\":1500,\"height\":1500},{\"@type\":\"BreadcrumbList\",\"@id\":\"https:\/\/ledsolintel.com\/product\/portalamparas-metal-vintage-cromado\/#breadcrumb\",\"itemListElement\":[{\"@type\":\"ListItem\",\"position\":1,\"name\":\"Portada\",\"item\":\"https:\/\/ledsolintel.com\/fr\/\"},{\"@type\":\"ListItem\",\"position\":2,\"name\":\"Tienda\",\"item\":\"https:\/\/ledsolintel.com\/tienda\/\"},{\"@type\":\"ListItem\",\"position\":3,\"name\":\"Portal\u00e1mparas metal vintage cromado\"}]},{\"@type\":\"WebSite\",\"@id\":\"https:\/\/ledsolintel.com\/#website\",\"url\":\"https:\/\/ledsolintel.com\/\",\"name\":\"Webmenaje\",\"description\":\"Tienda de bombillas y l\u00e1mparas LED para profesionales\",\"publisher\":{\"@id\":\"https:\/\/ledsolintel.com\/#organization\"},\"potentialAction\":[{\"@type\":\"SearchAction\",\"target\":{\"@type\":\"EntryPoint\",\"urlTemplate\":\"https:\/\/ledsolintel.com\/?s={search_term_string}\"},\"query-input\":{\"@type\":\"PropertyValueSpecification\",\"valueRequired\":true,\"valueName\":\"search_term_string\"}}],\"inLanguage\":\"fr-FR\"},{\"@type\":\"Organization\",\"@id\":\"https:\/\/ledsolintel.com\/#organization\",\"name\":\"Solintel Noroeste, S.L.\",\"url\":\"https:\/\/ledsolintel.com\/\",\"logo\":{\"@type\":\"ImageObject\",\"inLanguage\":\"fr-FR\",\"@id\":\"https:\/\/ledsolintel.com\/#\/schema\/logo\/image\/\",\"url\":\"https:\/\/ledsolintel.com\/wp-content\/uploads\/2024\/11\/webmenaje-logo-1508269066.jpg\",\"contentUrl\":\"https:\/\/ledsolintel.com\/wp-content\/uploads\/2024\/11\/webmenaje-logo-1508269066.jpg\",\"width\":370,\"height\":90,\"caption\":\"Solintel Noroeste, S.L.\"},\"image\":{\"@id\":\"https:\/\/ledsolintel.com\/#\/schema\/logo\/image\/\"},\"sameAs\":[\"http:\/\/www.facebook.com\/webmenaje\",\"https:\/\/x.com\/webmenaje\",\"https:\/\/www.youtube.com\/channel\/UCX2KoVoeCG4LocZjUc6LmSQ\",\"http:\/\/www.pinterest.com\/webmenaje\"]}]}<\/script>\n<!-- \/ Yoast SEO plugin. -->","yoast_head_json":{"title":"Porte-lampe vintage en m\u00e9tal chrom\u00e9 - Ledsolintel","robots":{"index":"index","follow":"follow","max-snippet":"max-snippet:-1","max-image-preview":"max-image-preview:large","max-video-preview":"max-video-preview:-1"},"canonical":"https:\/\/ledsolintel.com\/fr\/produit-2\/porte-lampe-en-metal-vintage-chrome\/","og_locale":"fr_FR","og_type":"article","og_title":"Portal\u00e1mparas metal vintage cromado - Ledsolintel","og_description":"El porta l\u00e1mparas con rosca E27, est\u00e1 dise\u00f1ado en un estilo retro con color cromo, siendo ideal para su instalaci\u00f3n en cualquier estancia dentro del hogar, en centros comerciales, tiendas o en restauraci\u00f3n. Est\u00e1 fabricado en cer\u00e1mica con las medidas \u00d8 50 x 85 mm. Soporta una potencia de 1000W y permite una voltaje de &hellip; Continue reading Portal\u00e1mparas metal vintage cromado","og_url":"https:\/\/ledsolintel.com\/fr\/produit-2\/porte-lampe-en-metal-vintage-chrome\/","og_site_name":"Ledsolintel","article_publisher":"http:\/\/www.facebook.com\/webmenaje","article_modified_time":"2026-04-07T08:19:19+00:00","og_image":[{"width":1500,"height":1500,"url":"https:\/\/ledsolintel.com\/wp-content\/uploads\/2025\/11\/portalamparas-ceramica-metal-vintage-plata.jpg","type":"image\/jpeg"}],"twitter_card":"summary_large_image","twitter_site":"@webmenaje","twitter_misc":{"Dur\u00e9e de lecture estim\u00e9e":"1 minute"},"schema":{"@context":"https:\/\/schema.org","@graph":[{"@type":"WebPage","@id":"https:\/\/ledsolintel.com\/product\/portalamparas-metal-vintage-cromado\/","url":"https:\/\/ledsolintel.com\/product\/portalamparas-metal-vintage-cromado\/","name":"Porte-lampe vintage en m\u00e9tal chrom\u00e9 - Ledsolintel","isPartOf":{"@id":"https:\/\/ledsolintel.com\/#website"},"primaryImageOfPage":{"@id":"https:\/\/ledsolintel.com\/product\/portalamparas-metal-vintage-cromado\/#primaryimage"},"image":{"@id":"https:\/\/ledsolintel.com\/product\/portalamparas-metal-vintage-cromado\/#primaryimage"},"thumbnailUrl":"https:\/\/ledsolintel.com\/wp-content\/uploads\/2025\/11\/portalamparas-ceramica-metal-vintage-plata.jpg","datePublished":"2025-11-11T13:03:16+00:00","dateModified":"2026-04-07T08:19:19+00:00","breadcrumb":{"@id":"https:\/\/ledsolintel.com\/product\/portalamparas-metal-vintage-cromado\/#breadcrumb"},"inLanguage":"fr-FR","potentialAction":[{"@type":"ReadAction","target":["https:\/\/ledsolintel.com\/product\/portalamparas-metal-vintage-cromado\/"]}]},{"@type":"ImageObject","inLanguage":"fr-FR","@id":"https:\/\/ledsolintel.com\/product\/portalamparas-metal-vintage-cromado\/#primaryimage","url":"https:\/\/ledsolintel.com\/wp-content\/uploads\/2025\/11\/portalamparas-ceramica-metal-vintage-plata.jpg","contentUrl":"https:\/\/ledsolintel.com\/wp-content\/uploads\/2025\/11\/portalamparas-ceramica-metal-vintage-plata.jpg","width":1500,"height":1500},{"@type":"BreadcrumbList","@id":"https:\/\/ledsolintel.com\/product\/portalamparas-metal-vintage-cromado\/#breadcrumb","itemListElement":[{"@type":"ListItem","position":1,"name":"Portada","item":"https:\/\/ledsolintel.com\/fr\/"},{"@type":"ListItem","position":2,"name":"Tienda","item":"https:\/\/ledsolintel.com\/tienda\/"},{"@type":"ListItem","position":3,"name":"Portal\u00e1mparas metal vintage cromado"}]},{"@type":"WebSite","@id":"https:\/\/ledsolintel.com\/#website","url":"https:\/\/ledsolintel.com\/","name":"Webmenaje","description":"Magasin d'ampoules et de lampes LED pour les professionnels","publisher":{"@id":"https:\/\/ledsolintel.com\/#organization"},"potentialAction":[{"@type":"SearchAction","target":{"@type":"EntryPoint","urlTemplate":"https:\/\/ledsolintel.com\/?s={search_term_string}"},"query-input":{"@type":"PropertyValueSpecification","valueRequired":true,"valueName":"search_term_string"}}],"inLanguage":"fr-FR"},{"@type":"Organization","@id":"https:\/\/ledsolintel.com\/#organization","name":"Solintel Noroeste, S.L.","url":"https:\/\/ledsolintel.com\/","logo":{"@type":"ImageObject","inLanguage":"fr-FR","@id":"https:\/\/ledsolintel.com\/#\/schema\/logo\/image\/","url":"https:\/\/ledsolintel.com\/wp-content\/uploads\/2024\/11\/webmenaje-logo-1508269066.jpg","contentUrl":"https:\/\/ledsolintel.com\/wp-content\/uploads\/2024\/11\/webmenaje-logo-1508269066.jpg","width":370,"height":90,"caption":"Solintel Noroeste, S.L."},"image":{"@id":"https:\/\/ledsolintel.com\/#\/schema\/logo\/image\/"},"sameAs":["http:\/\/www.facebook.com\/webmenaje","https:\/\/x.com\/webmenaje","https:\/\/www.youtube.com\/channel\/UCX2KoVoeCG4LocZjUc6LmSQ","http:\/\/www.pinterest.com\/webmenaje"]}]}},"_links":{"self":[{"href":"https:\/\/ledsolintel.com\/fr\/wp-json\/wp\/v2\/product\/266920","targetHints":{"allow":["GET"]}}],"collection":[{"href":"https:\/\/ledsolintel.com\/fr\/wp-json\/wp\/v2\/product"}],"about":[{"href":"https:\/\/ledsolintel.com\/fr\/wp-json\/wp\/v2\/types\/product"}],"version-history":[{"count":1,"href":"https:\/\/ledsolintel.com\/fr\/wp-json\/wp\/v2\/product\/266920\/revisions"}],"predecessor-version":[{"id":266921,"href":"https:\/\/ledsolintel.com\/fr\/wp-json\/wp\/v2\/product\/266920\/revisions\/266921"}],"wp:featuredmedia":[{"embeddable":true,"href":"https:\/\/ledsolintel.com\/fr\/wp-json\/wp\/v2\/media\/259875"}],"wp:attachment":[{"href":"https:\/\/ledsolintel.com\/fr\/wp-json\/wp\/v2\/media?parent=266920"}],"wp:term":[{"taxonomy":"product_brand","embeddable":true,"href":"https:\/\/ledsolintel.com\/fr\/wp-json\/wp\/v2\/product_brand?post=266920"},{"taxonomy":"product_cat","embeddable":true,"href":"https:\/\/ledsolintel.com\/fr\/wp-json\/wp\/v2\/product_cat?post=266920"},{"taxonomy":"product_tag","embeddable":true,"href":"https:\/\/ledsolintel.com\/fr\/wp-json\/wp\/v2\/product_tag?post=266920"}],"curies":[{"name":"wp","href":"https:\/\/api.w.org\/{rel}","templated":true}]}}