{"id":266915,"date":"2025-11-11T14:03:11","date_gmt":"2025-11-11T13:03:11","guid":{"rendered":"https:\/\/nueva.ledsolintel.com\/product\/dicroica-5w-gu5-3-mr16-12v\/"},"modified":"2026-04-07T10:19:19","modified_gmt":"2026-04-07T08:19:19","slug":"dicroica-5w-gu5-3-mr16-12v","status":"publish","type":"product","link":"https:\/\/ledsolintel.com\/fr\/produit-2\/dicroica-5w-gu5-3-mr16-12v\/","title":{"rendered":"5W GU5.3 dichro\u00efque MR16 12V"},"content":{"rendered":"<p>La bombilla LED GU5.3 dicroica de 5W, es una opci\u00f3n ideal para iluminar cualquier espacio de manera eficiente y econ\u00f3mica. Las bombillas LED consumen hasta un 85% menos de energ\u00eda y duran 20 veces m\u00e1s que las bombillas incandescentes. Esta bombilla es ideal para sustituir a los hal\u00f3genos tradicionales de hasta 50W. Las bombillas LED consumen hasta un 85% menos de energ\u00eda y duran 20 veces m\u00e1s que las bombillas incandescentes. Este tipo de bombilla permite regular la intensidad de la luz.  Su instalaci\u00f3n debe realizarse en lugares interiores al poseer un grado de protecci\u00f3n IP20 (protecci\u00f3n contra part\u00edculas s\u00f3lidas de tama\u00f1o superior a 12 mm y no es resistente al agua). Es ideal para su uso dentro del hogar, restaurantes, tiendas, comercios, hoteles o centros comerciales.  Los LEDs SMD que integra proporcionan un flujo luminoso de 470 lumens distribuidos uniformemente por un difusor de PVC, distribuyendo la luz en un \u00e1ngulo de apertura de 120\u00b0.  Posee unas dimensiones de \u2205 50 X 59 mm. Se instala en un casquillo del tipo GU5.3. Permite un voltaje de entrada de 12V de corriente continua.  Adem\u00e1s de ser un producto que tiene m\u00e1s de 30.000 horas de vida, dispone de una garant\u00eda de 3 a\u00f1os. Cuenta tambi\u00e9n con el certificado CE, que acredita que se cumple con los requisitos de la UE respecto a compatibilidad electromagn\u00e9tica y normativa de baja tensi\u00f3n. Con este certificado se declara la conformidad de dicho producto con todos los requisitos legales exigidos, y asegura la validez del producto para ser vendido en todo el Espacio Econ\u00f3mico Europeo.<\/p>","protected":false},"excerpt":{"rendered":"<p>La bombilla LED GU5.3 dicroica de 5W, es una opci\u00f3n ideal para iluminar cualquier espacio de manera eficiente y econ\u00f3mica. Las bombillas LED consumen hasta un 85% menos de energ\u00eda y duran 20 veces m\u00e1s que las bombillas incandescentes. Esta bombilla es ideal para sustituir a los hal\u00f3genos tradicionales de hasta 50W. Las bombillas LED &hellip; <a href=\"https:\/\/ledsolintel.com\/fr\/produit-2\/dicroica-5w-gu5-3-mr16-12v\/\" class=\"more-link\">Continue reading <span class=\"screen-reader-text\">5W GU5.3 dichro\u00efque MR16 12V<\/span><\/a><\/p>","protected":false},"featured_media":259872,"template":"","meta":[],"product_brand":[101370],"product_cat":[15,101371],"product_tag":[],"class_list":{"0":"post-266915","1":"product","2":"type-product","3":"status-publish","4":"has-post-thumbnail","6":"product_brand-masterled","7":"product_cat-uncategorized","8":"product_cat-masterled","9":"pa_temperatura-color-luz-blanca","10":"pa_temperatura-color-luz-calida","11":"pa_temperatura-color-luz-neutra","14":"instock","15":"taxable","16":"shipping-taxable","17":"purchasable","18":"product-type-variable","19":"has-default-attributes"},"yoast_head":"<!-- This site is optimized with the Yoast SEO plugin v26.6 - https:\/\/yoast.com\/wordpress\/plugins\/seo\/ -->\n<title>Dicroica 5W GU5.3 MR16 12V - Ledsolintel<\/title>\n<meta name=\"robots\" content=\"index, follow, max-snippet:-1, max-image-preview:large, max-video-preview:-1\" \/>\n<link rel=\"canonical\" href=\"https:\/\/ledsolintel.com\/fr\/produit-2\/dicroica-5w-gu5-3-mr16-12v\/\" \/>\n<meta property=\"og:locale\" content=\"fr_FR\" \/>\n<meta property=\"og:type\" content=\"article\" \/>\n<meta property=\"og:title\" content=\"Dicroica 5W GU5.3 MR16 12V - Ledsolintel\" \/>\n<meta property=\"og:description\" content=\"La bombilla LED GU5.3 dicroica de 5W, es una opci\u00f3n ideal para iluminar cualquier espacio de manera eficiente y econ\u00f3mica. Las bombillas LED consumen hasta un 85% menos de energ\u00eda y duran 20 veces m\u00e1s que las bombillas incandescentes. Esta bombilla es ideal para sustituir a los hal\u00f3genos tradicionales de hasta 50W. Las bombillas LED &hellip; Continue reading Dicroica 5W GU5.3 MR16 12V\" \/>\n<meta property=\"og:url\" content=\"https:\/\/ledsolintel.com\/fr\/produit-2\/dicroica-5w-gu5-3-mr16-12v\/\" \/>\n<meta property=\"og:site_name\" content=\"Ledsolintel\" \/>\n<meta property=\"article:publisher\" content=\"http:\/\/www.facebook.com\/webmenaje\" \/>\n<meta property=\"article:modified_time\" content=\"2026-04-07T08:19:19+00:00\" \/>\n<meta property=\"og:image\" content=\"https:\/\/ledsolintel.com\/wp-content\/uploads\/2025\/11\/dicroica-5w-gu53-mr16.jpg\" \/>\n\t<meta property=\"og:image:width\" content=\"1500\" \/>\n\t<meta property=\"og:image:height\" content=\"1500\" \/>\n\t<meta property=\"og:image:type\" content=\"image\/jpeg\" \/>\n<meta name=\"twitter:card\" content=\"summary_large_image\" \/>\n<meta name=\"twitter:site\" content=\"@webmenaje\" \/>\n<meta name=\"twitter:label1\" content=\"Dur\u00e9e de lecture estim\u00e9e\" \/>\n\t<meta name=\"twitter:data1\" content=\"1 minute\" \/>\n<script type=\"application\/ld+json\" class=\"yoast-schema-graph\">{\"@context\":\"https:\/\/schema.org\",\"@graph\":[{\"@type\":\"WebPage\",\"@id\":\"https:\/\/ledsolintel.com\/product\/dicroica-5w-gu5-3-mr16-12v\/\",\"url\":\"https:\/\/ledsolintel.com\/product\/dicroica-5w-gu5-3-mr16-12v\/\",\"name\":\"Dicroica 5W GU5.3 MR16 12V - Ledsolintel\",\"isPartOf\":{\"@id\":\"https:\/\/ledsolintel.com\/#website\"},\"primaryImageOfPage\":{\"@id\":\"https:\/\/ledsolintel.com\/product\/dicroica-5w-gu5-3-mr16-12v\/#primaryimage\"},\"image\":{\"@id\":\"https:\/\/ledsolintel.com\/product\/dicroica-5w-gu5-3-mr16-12v\/#primaryimage\"},\"thumbnailUrl\":\"https:\/\/ledsolintel.com\/wp-content\/uploads\/2025\/11\/dicroica-5w-gu53-mr16.jpg\",\"datePublished\":\"2025-11-11T13:03:11+00:00\",\"dateModified\":\"2026-04-07T08:19:19+00:00\",\"breadcrumb\":{\"@id\":\"https:\/\/ledsolintel.com\/product\/dicroica-5w-gu5-3-mr16-12v\/#breadcrumb\"},\"inLanguage\":\"fr-FR\",\"potentialAction\":[{\"@type\":\"ReadAction\",\"target\":[\"https:\/\/ledsolintel.com\/product\/dicroica-5w-gu5-3-mr16-12v\/\"]}]},{\"@type\":\"ImageObject\",\"inLanguage\":\"fr-FR\",\"@id\":\"https:\/\/ledsolintel.com\/product\/dicroica-5w-gu5-3-mr16-12v\/#primaryimage\",\"url\":\"https:\/\/ledsolintel.com\/wp-content\/uploads\/2025\/11\/dicroica-5w-gu53-mr16.jpg\",\"contentUrl\":\"https:\/\/ledsolintel.com\/wp-content\/uploads\/2025\/11\/dicroica-5w-gu53-mr16.jpg\",\"width\":1500,\"height\":1500},{\"@type\":\"BreadcrumbList\",\"@id\":\"https:\/\/ledsolintel.com\/product\/dicroica-5w-gu5-3-mr16-12v\/#breadcrumb\",\"itemListElement\":[{\"@type\":\"ListItem\",\"position\":1,\"name\":\"Portada\",\"item\":\"https:\/\/ledsolintel.com\/fr\/\"},{\"@type\":\"ListItem\",\"position\":2,\"name\":\"Tienda\",\"item\":\"https:\/\/ledsolintel.com\/tienda\/\"},{\"@type\":\"ListItem\",\"position\":3,\"name\":\"Dicroica 5W GU5.3 MR16 12V\"}]},{\"@type\":\"WebSite\",\"@id\":\"https:\/\/ledsolintel.com\/#website\",\"url\":\"https:\/\/ledsolintel.com\/\",\"name\":\"Webmenaje\",\"description\":\"Tienda de bombillas y l\u00e1mparas LED para profesionales\",\"publisher\":{\"@id\":\"https:\/\/ledsolintel.com\/#organization\"},\"potentialAction\":[{\"@type\":\"SearchAction\",\"target\":{\"@type\":\"EntryPoint\",\"urlTemplate\":\"https:\/\/ledsolintel.com\/?s={search_term_string}\"},\"query-input\":{\"@type\":\"PropertyValueSpecification\",\"valueRequired\":true,\"valueName\":\"search_term_string\"}}],\"inLanguage\":\"fr-FR\"},{\"@type\":\"Organization\",\"@id\":\"https:\/\/ledsolintel.com\/#organization\",\"name\":\"Solintel Noroeste, S.L.\",\"url\":\"https:\/\/ledsolintel.com\/\",\"logo\":{\"@type\":\"ImageObject\",\"inLanguage\":\"fr-FR\",\"@id\":\"https:\/\/ledsolintel.com\/#\/schema\/logo\/image\/\",\"url\":\"https:\/\/ledsolintel.com\/wp-content\/uploads\/2024\/11\/webmenaje-logo-1508269066.jpg\",\"contentUrl\":\"https:\/\/ledsolintel.com\/wp-content\/uploads\/2024\/11\/webmenaje-logo-1508269066.jpg\",\"width\":370,\"height\":90,\"caption\":\"Solintel Noroeste, S.L.\"},\"image\":{\"@id\":\"https:\/\/ledsolintel.com\/#\/schema\/logo\/image\/\"},\"sameAs\":[\"http:\/\/www.facebook.com\/webmenaje\",\"https:\/\/x.com\/webmenaje\",\"https:\/\/www.youtube.com\/channel\/UCX2KoVoeCG4LocZjUc6LmSQ\",\"http:\/\/www.pinterest.com\/webmenaje\"]}]}<\/script>\n<!-- \/ Yoast SEO plugin. -->","yoast_head_json":{"title":"Dicroica 5W GU5.3 MR16 12V - Ledsolintel","robots":{"index":"index","follow":"follow","max-snippet":"max-snippet:-1","max-image-preview":"max-image-preview:large","max-video-preview":"max-video-preview:-1"},"canonical":"https:\/\/ledsolintel.com\/fr\/produit-2\/dicroica-5w-gu5-3-mr16-12v\/","og_locale":"fr_FR","og_type":"article","og_title":"Dicroica 5W GU5.3 MR16 12V - Ledsolintel","og_description":"La bombilla LED GU5.3 dicroica de 5W, es una opci\u00f3n ideal para iluminar cualquier espacio de manera eficiente y econ\u00f3mica. Las bombillas LED consumen hasta un 85% menos de energ\u00eda y duran 20 veces m\u00e1s que las bombillas incandescentes. Esta bombilla es ideal para sustituir a los hal\u00f3genos tradicionales de hasta 50W. Las bombillas LED &hellip; Continue reading Dicroica 5W GU5.3 MR16 12V","og_url":"https:\/\/ledsolintel.com\/fr\/produit-2\/dicroica-5w-gu5-3-mr16-12v\/","og_site_name":"Ledsolintel","article_publisher":"http:\/\/www.facebook.com\/webmenaje","article_modified_time":"2026-04-07T08:19:19+00:00","og_image":[{"width":1500,"height":1500,"url":"https:\/\/ledsolintel.com\/wp-content\/uploads\/2025\/11\/dicroica-5w-gu53-mr16.jpg","type":"image\/jpeg"}],"twitter_card":"summary_large_image","twitter_site":"@webmenaje","twitter_misc":{"Dur\u00e9e de lecture estim\u00e9e":"1 minute"},"schema":{"@context":"https:\/\/schema.org","@graph":[{"@type":"WebPage","@id":"https:\/\/ledsolintel.com\/product\/dicroica-5w-gu5-3-mr16-12v\/","url":"https:\/\/ledsolintel.com\/product\/dicroica-5w-gu5-3-mr16-12v\/","name":"Dicroica 5W GU5.3 MR16 12V - Ledsolintel","isPartOf":{"@id":"https:\/\/ledsolintel.com\/#website"},"primaryImageOfPage":{"@id":"https:\/\/ledsolintel.com\/product\/dicroica-5w-gu5-3-mr16-12v\/#primaryimage"},"image":{"@id":"https:\/\/ledsolintel.com\/product\/dicroica-5w-gu5-3-mr16-12v\/#primaryimage"},"thumbnailUrl":"https:\/\/ledsolintel.com\/wp-content\/uploads\/2025\/11\/dicroica-5w-gu53-mr16.jpg","datePublished":"2025-11-11T13:03:11+00:00","dateModified":"2026-04-07T08:19:19+00:00","breadcrumb":{"@id":"https:\/\/ledsolintel.com\/product\/dicroica-5w-gu5-3-mr16-12v\/#breadcrumb"},"inLanguage":"fr-FR","potentialAction":[{"@type":"ReadAction","target":["https:\/\/ledsolintel.com\/product\/dicroica-5w-gu5-3-mr16-12v\/"]}]},{"@type":"ImageObject","inLanguage":"fr-FR","@id":"https:\/\/ledsolintel.com\/product\/dicroica-5w-gu5-3-mr16-12v\/#primaryimage","url":"https:\/\/ledsolintel.com\/wp-content\/uploads\/2025\/11\/dicroica-5w-gu53-mr16.jpg","contentUrl":"https:\/\/ledsolintel.com\/wp-content\/uploads\/2025\/11\/dicroica-5w-gu53-mr16.jpg","width":1500,"height":1500},{"@type":"BreadcrumbList","@id":"https:\/\/ledsolintel.com\/product\/dicroica-5w-gu5-3-mr16-12v\/#breadcrumb","itemListElement":[{"@type":"ListItem","position":1,"name":"Portada","item":"https:\/\/ledsolintel.com\/fr\/"},{"@type":"ListItem","position":2,"name":"Tienda","item":"https:\/\/ledsolintel.com\/tienda\/"},{"@type":"ListItem","position":3,"name":"Dicroica 5W GU5.3 MR16 12V"}]},{"@type":"WebSite","@id":"https:\/\/ledsolintel.com\/#website","url":"https:\/\/ledsolintel.com\/","name":"Webmenaje","description":"Magasin d'ampoules et de lampes LED pour les professionnels","publisher":{"@id":"https:\/\/ledsolintel.com\/#organization"},"potentialAction":[{"@type":"SearchAction","target":{"@type":"EntryPoint","urlTemplate":"https:\/\/ledsolintel.com\/?s={search_term_string}"},"query-input":{"@type":"PropertyValueSpecification","valueRequired":true,"valueName":"search_term_string"}}],"inLanguage":"fr-FR"},{"@type":"Organization","@id":"https:\/\/ledsolintel.com\/#organization","name":"Solintel Noroeste, S.L.","url":"https:\/\/ledsolintel.com\/","logo":{"@type":"ImageObject","inLanguage":"fr-FR","@id":"https:\/\/ledsolintel.com\/#\/schema\/logo\/image\/","url":"https:\/\/ledsolintel.com\/wp-content\/uploads\/2024\/11\/webmenaje-logo-1508269066.jpg","contentUrl":"https:\/\/ledsolintel.com\/wp-content\/uploads\/2024\/11\/webmenaje-logo-1508269066.jpg","width":370,"height":90,"caption":"Solintel Noroeste, S.L."},"image":{"@id":"https:\/\/ledsolintel.com\/#\/schema\/logo\/image\/"},"sameAs":["http:\/\/www.facebook.com\/webmenaje","https:\/\/x.com\/webmenaje","https:\/\/www.youtube.com\/channel\/UCX2KoVoeCG4LocZjUc6LmSQ","http:\/\/www.pinterest.com\/webmenaje"]}]}},"_links":{"self":[{"href":"https:\/\/ledsolintel.com\/fr\/wp-json\/wp\/v2\/product\/266915","targetHints":{"allow":["GET"]}}],"collection":[{"href":"https:\/\/ledsolintel.com\/fr\/wp-json\/wp\/v2\/product"}],"about":[{"href":"https:\/\/ledsolintel.com\/fr\/wp-json\/wp\/v2\/types\/product"}],"version-history":[{"count":1,"href":"https:\/\/ledsolintel.com\/fr\/wp-json\/wp\/v2\/product\/266915\/revisions"}],"predecessor-version":[{"id":266916,"href":"https:\/\/ledsolintel.com\/fr\/wp-json\/wp\/v2\/product\/266915\/revisions\/266916"}],"wp:featuredmedia":[{"embeddable":true,"href":"https:\/\/ledsolintel.com\/fr\/wp-json\/wp\/v2\/media\/259872"}],"wp:attachment":[{"href":"https:\/\/ledsolintel.com\/fr\/wp-json\/wp\/v2\/media?parent=266915"}],"wp:term":[{"taxonomy":"product_brand","embeddable":true,"href":"https:\/\/ledsolintel.com\/fr\/wp-json\/wp\/v2\/product_brand?post=266915"},{"taxonomy":"product_cat","embeddable":true,"href":"https:\/\/ledsolintel.com\/fr\/wp-json\/wp\/v2\/product_cat?post=266915"},{"taxonomy":"product_tag","embeddable":true,"href":"https:\/\/ledsolintel.com\/fr\/wp-json\/wp\/v2\/product_tag?post=266915"}],"curies":[{"name":"wp","href":"https:\/\/api.w.org\/{rel}","templated":true}]}}