{"id":266835,"date":"2025-11-11T14:00:17","date_gmt":"2025-11-11T13:00:17","guid":{"rendered":"https:\/\/nueva.ledsolintel.com\/product\/marco-orientable-triple-para-ar111-color-blanco\/"},"modified":"2026-04-07T10:19:20","modified_gmt":"2026-04-07T08:19:20","slug":"cadre-pivotant-triple-pour-ar111-blanc","status":"publish","type":"product","link":"https:\/\/ledsolintel.com\/fr\/produit-2\/cadre-pivotant-triple-pour-ar111-blanc\/","title":{"rendered":"Cadre pivotant triple pour AR111 blanc"},"content":{"rendered":"<p>Ce cadre encastrable triple carr\u00e9 est id\u00e9al pour l'installation de lampes AR111. Son anneau r\u00e9glable permet d'orienter pr\u00e9cis\u00e9ment le faisceau lumineux dans la direction souhait\u00e9e pour cr\u00e9er l'ambiance parfaite dans n'importe quelle pi\u00e8ce. Son design est con\u00e7u pour offrir un angle d'ouverture r\u00e9duit et concentrer le faisceau lumineux de l'ampoule.  Il est fabriqu\u00e9 en aluminium blanc mat et mesure 481 x 182 mm. La taille de d\u00e9coupe est de 445 x 150 mm. Il est tr\u00e8s facile \u00e0 installer, puisqu'il suffit de tenir compte de la taille de la d\u00e9coupe (300 x 150 mm) dans le plafond pour encastrer la base ronde. La lumi\u00e8re \u00e9mise par cet \u00e9l\u00e9ment d\u00e9pend toujours de l'ampoule choisie et peut \u00eatre froide, neutre ou chaude.  Il doit \u00eatre install\u00e9 \u00e0 l'int\u00e9rieur car il a un degr\u00e9 de protection IP20 (protection contre les particules solides de plus de 12 mm et n'est pas \u00e9tanche). Elle est id\u00e9ale pour une utilisation \u00e0 l'int\u00e9rieur de la maison, des restaurants, des magasins, des entreprises, des h\u00f4tels ou des centres commerciaux.  Il est garanti 3 ans. Il poss\u00e8de \u00e9galement le certificat CE, qui atteste qu'il est conforme aux exigences de l'UE en mati\u00e8re de compatibilit\u00e9 \u00e9lectromagn\u00e9tique et de basse tension. Ce certificat d\u00e9clare la conformit\u00e9 de ce produit \u00e0 toutes les exigences l\u00e9gales et garantit la validit\u00e9 de la vente du produit dans l'Espace \u00e9conomique europ\u00e9en.  Ampoule non incluse<\/p>","protected":false},"excerpt":{"rendered":"<p>Este marco cuadrado triple de empotrar es ideal para la instalaci\u00f3n de l\u00e1mparas AR111. Su aro orientable permite dirigir el haz de luz de manera precisa en la direcci\u00f3n deseada para crear el ambiente perfecto dentro de cualquier estancia. Su dise\u00f1o est\u00e1 pensado para ofrecer un \u00e1ngulo de apertura peque\u00f1o y concentrar el haz de &hellip; <a href=\"https:\/\/ledsolintel.com\/fr\/produit-2\/cadre-pivotant-triple-pour-ar111-blanc\/\" class=\"more-link\">Continue reading <span class=\"screen-reader-text\">Cadre pivotant triple pour AR111 blanc<\/span><\/a><\/p>","protected":false},"featured_media":259799,"template":"","meta":[],"product_brand":[101370],"product_cat":[99713,101371,15],"product_tag":[],"class_list":{"0":"post-266835","1":"product","2":"type-product","3":"status-publish","4":"has-post-thumbnail","6":"product_brand-masterled","7":"product_cat-aros-cardans-y-estructuras-empotrables","8":"product_cat-masterled","9":"product_cat-uncategorized","10":"pa_color-blanco","13":"instock","14":"taxable","15":"shipping-taxable","16":"purchasable","17":"product-type-simple"},"yoast_head":"<!-- This site is optimized with the Yoast SEO plugin v27.4 - https:\/\/yoast.com\/product\/yoast-seo-wordpress\/ -->\n<title>Marco orientable triple para AR111 color blanco - Ledsolintel<\/title>\n<meta name=\"robots\" content=\"index, follow, max-snippet:-1, max-image-preview:large, max-video-preview:-1\" \/>\n<link rel=\"canonical\" href=\"https:\/\/ledsolintel.com\/fr\/produit-2\/cadre-pivotant-triple-pour-ar111-blanc\/\" \/>\n<meta property=\"og:locale\" content=\"fr_FR\" \/>\n<meta property=\"og:type\" content=\"article\" \/>\n<meta property=\"og:title\" content=\"Marco orientable triple para AR111 color blanco - Ledsolintel\" \/>\n<meta property=\"og:description\" content=\"Este marco cuadrado triple de empotrar es ideal para la instalaci\u00f3n de l\u00e1mparas AR111. Su aro orientable permite dirigir el haz de luz de manera precisa en la direcci\u00f3n deseada para crear el ambiente perfecto dentro de cualquier estancia. Su dise\u00f1o est\u00e1 pensado para ofrecer un \u00e1ngulo de apertura peque\u00f1o y concentrar el haz de &hellip; Continue reading Marco orientable triple para AR111 color blanco\" \/>\n<meta property=\"og:url\" content=\"https:\/\/ledsolintel.com\/fr\/produit-2\/cadre-pivotant-triple-pour-ar111-blanc\/\" \/>\n<meta property=\"og:site_name\" content=\"Ledsolintel\" \/>\n<meta property=\"article:publisher\" content=\"http:\/\/www.facebook.com\/webmenaje\" \/>\n<meta property=\"article:modified_time\" content=\"2026-04-07T08:19:20+00:00\" \/>\n<meta property=\"og:image\" content=\"https:\/\/ledsolintel.com\/wp-content\/uploads\/2025\/11\/marco-orientable-triple-para-ar111-color-blanco.jpg\" \/>\n\t<meta property=\"og:image:width\" content=\"600\" \/>\n\t<meta property=\"og:image:height\" content=\"600\" \/>\n\t<meta property=\"og:image:type\" content=\"image\/jpeg\" \/>\n<meta name=\"twitter:card\" content=\"summary_large_image\" \/>\n<meta name=\"twitter:site\" content=\"@webmenaje\" \/>\n<meta name=\"twitter:label1\" content=\"Dur\u00e9e de lecture estim\u00e9e\" \/>\n\t<meta name=\"twitter:data1\" content=\"1 minute\" \/>\n<script type=\"application\/ld+json\" class=\"yoast-schema-graph\">{\"@context\":\"https:\\\/\\\/schema.org\",\"@graph\":[{\"@type\":\"WebPage\",\"@id\":\"https:\\\/\\\/ledsolintel.com\\\/product\\\/marco-orientable-triple-para-ar111-color-blanco\\\/\",\"url\":\"https:\\\/\\\/ledsolintel.com\\\/product\\\/marco-orientable-triple-para-ar111-color-blanco\\\/\",\"name\":\"Marco orientable triple para AR111 color blanco - Ledsolintel\",\"isPartOf\":{\"@id\":\"https:\\\/\\\/ledsolintel.com\\\/#website\"},\"primaryImageOfPage\":{\"@id\":\"https:\\\/\\\/ledsolintel.com\\\/product\\\/marco-orientable-triple-para-ar111-color-blanco\\\/#primaryimage\"},\"image\":{\"@id\":\"https:\\\/\\\/ledsolintel.com\\\/product\\\/marco-orientable-triple-para-ar111-color-blanco\\\/#primaryimage\"},\"thumbnailUrl\":\"https:\\\/\\\/ledsolintel.com\\\/wp-content\\\/uploads\\\/2025\\\/11\\\/marco-orientable-triple-para-ar111-color-blanco.jpg\",\"datePublished\":\"2025-11-11T13:00:17+00:00\",\"dateModified\":\"2026-04-07T08:19:20+00:00\",\"breadcrumb\":{\"@id\":\"https:\\\/\\\/ledsolintel.com\\\/product\\\/marco-orientable-triple-para-ar111-color-blanco\\\/#breadcrumb\"},\"inLanguage\":\"fr-FR\",\"potentialAction\":[{\"@type\":\"ReadAction\",\"target\":[\"https:\\\/\\\/ledsolintel.com\\\/product\\\/marco-orientable-triple-para-ar111-color-blanco\\\/\"]}]},{\"@type\":\"ImageObject\",\"inLanguage\":\"fr-FR\",\"@id\":\"https:\\\/\\\/ledsolintel.com\\\/product\\\/marco-orientable-triple-para-ar111-color-blanco\\\/#primaryimage\",\"url\":\"https:\\\/\\\/ledsolintel.com\\\/wp-content\\\/uploads\\\/2025\\\/11\\\/marco-orientable-triple-para-ar111-color-blanco.jpg\",\"contentUrl\":\"https:\\\/\\\/ledsolintel.com\\\/wp-content\\\/uploads\\\/2025\\\/11\\\/marco-orientable-triple-para-ar111-color-blanco.jpg\",\"width\":600,\"height\":600},{\"@type\":\"BreadcrumbList\",\"@id\":\"https:\\\/\\\/ledsolintel.com\\\/product\\\/marco-orientable-triple-para-ar111-color-blanco\\\/#breadcrumb\",\"itemListElement\":[{\"@type\":\"ListItem\",\"position\":1,\"name\":\"Portada\",\"item\":\"https:\\\/\\\/ledsolintel.com\\\/fr\\\/\"},{\"@type\":\"ListItem\",\"position\":2,\"name\":\"Tienda\",\"item\":\"https:\\\/\\\/ledsolintel.com\\\/tienda\\\/\"},{\"@type\":\"ListItem\",\"position\":3,\"name\":\"Marco orientable triple para AR111 color blanco\"}]},{\"@type\":\"WebSite\",\"@id\":\"https:\\\/\\\/ledsolintel.com\\\/#website\",\"url\":\"https:\\\/\\\/ledsolintel.com\\\/\",\"name\":\"Webmenaje\",\"description\":\"Tienda de bombillas y l\u00e1mparas LED para profesionales\",\"publisher\":{\"@id\":\"https:\\\/\\\/ledsolintel.com\\\/#organization\"},\"potentialAction\":[{\"@type\":\"SearchAction\",\"target\":{\"@type\":\"EntryPoint\",\"urlTemplate\":\"https:\\\/\\\/ledsolintel.com\\\/?s={search_term_string}\"},\"query-input\":{\"@type\":\"PropertyValueSpecification\",\"valueRequired\":true,\"valueName\":\"search_term_string\"}}],\"inLanguage\":\"fr-FR\"},{\"@type\":\"Organization\",\"@id\":\"https:\\\/\\\/ledsolintel.com\\\/#organization\",\"name\":\"Solintel Noroeste, S.L.\",\"url\":\"https:\\\/\\\/ledsolintel.com\\\/\",\"logo\":{\"@type\":\"ImageObject\",\"inLanguage\":\"fr-FR\",\"@id\":\"https:\\\/\\\/ledsolintel.com\\\/#\\\/schema\\\/logo\\\/image\\\/\",\"url\":\"https:\\\/\\\/ledsolintel.com\\\/wp-content\\\/uploads\\\/2024\\\/11\\\/webmenaje-logo-1508269066.jpg\",\"contentUrl\":\"https:\\\/\\\/ledsolintel.com\\\/wp-content\\\/uploads\\\/2024\\\/11\\\/webmenaje-logo-1508269066.jpg\",\"width\":370,\"height\":90,\"caption\":\"Solintel Noroeste, S.L.\"},\"image\":{\"@id\":\"https:\\\/\\\/ledsolintel.com\\\/#\\\/schema\\\/logo\\\/image\\\/\"},\"sameAs\":[\"http:\\\/\\\/www.facebook.com\\\/webmenaje\",\"https:\\\/\\\/x.com\\\/webmenaje\",\"https:\\\/\\\/www.youtube.com\\\/channel\\\/UCX2KoVoeCG4LocZjUc6LmSQ\",\"http:\\\/\\\/www.pinterest.com\\\/webmenaje\"]}]}<\/script>\n<!-- \/ Yoast SEO plugin. -->","yoast_head_json":{"title":"Cadre triple r\u00e9glable pour AR111 blanc - Ledsolintel","robots":{"index":"index","follow":"follow","max-snippet":"max-snippet:-1","max-image-preview":"max-image-preview:large","max-video-preview":"max-video-preview:-1"},"canonical":"https:\/\/ledsolintel.com\/fr\/produit-2\/cadre-pivotant-triple-pour-ar111-blanc\/","og_locale":"fr_FR","og_type":"article","og_title":"Marco orientable triple para AR111 color blanco - Ledsolintel","og_description":"Este marco cuadrado triple de empotrar es ideal para la instalaci\u00f3n de l\u00e1mparas AR111. Su aro orientable permite dirigir el haz de luz de manera precisa en la direcci\u00f3n deseada para crear el ambiente perfecto dentro de cualquier estancia. Su dise\u00f1o est\u00e1 pensado para ofrecer un \u00e1ngulo de apertura peque\u00f1o y concentrar el haz de &hellip; Continue reading Marco orientable triple para AR111 color blanco","og_url":"https:\/\/ledsolintel.com\/fr\/produit-2\/cadre-pivotant-triple-pour-ar111-blanc\/","og_site_name":"Ledsolintel","article_publisher":"http:\/\/www.facebook.com\/webmenaje","article_modified_time":"2026-04-07T08:19:20+00:00","og_image":[{"width":600,"height":600,"url":"https:\/\/ledsolintel.com\/wp-content\/uploads\/2025\/11\/marco-orientable-triple-para-ar111-color-blanco.jpg","type":"image\/jpeg"}],"twitter_card":"summary_large_image","twitter_site":"@webmenaje","twitter_misc":{"Dur\u00e9e de lecture estim\u00e9e":"1 minute"},"schema":{"@context":"https:\/\/schema.org","@graph":[{"@type":"WebPage","@id":"https:\/\/ledsolintel.com\/product\/marco-orientable-triple-para-ar111-color-blanco\/","url":"https:\/\/ledsolintel.com\/product\/marco-orientable-triple-para-ar111-color-blanco\/","name":"Cadre triple r\u00e9glable pour AR111 blanc - Ledsolintel","isPartOf":{"@id":"https:\/\/ledsolintel.com\/#website"},"primaryImageOfPage":{"@id":"https:\/\/ledsolintel.com\/product\/marco-orientable-triple-para-ar111-color-blanco\/#primaryimage"},"image":{"@id":"https:\/\/ledsolintel.com\/product\/marco-orientable-triple-para-ar111-color-blanco\/#primaryimage"},"thumbnailUrl":"https:\/\/ledsolintel.com\/wp-content\/uploads\/2025\/11\/marco-orientable-triple-para-ar111-color-blanco.jpg","datePublished":"2025-11-11T13:00:17+00:00","dateModified":"2026-04-07T08:19:20+00:00","breadcrumb":{"@id":"https:\/\/ledsolintel.com\/product\/marco-orientable-triple-para-ar111-color-blanco\/#breadcrumb"},"inLanguage":"fr-FR","potentialAction":[{"@type":"ReadAction","target":["https:\/\/ledsolintel.com\/product\/marco-orientable-triple-para-ar111-color-blanco\/"]}]},{"@type":"ImageObject","inLanguage":"fr-FR","@id":"https:\/\/ledsolintel.com\/product\/marco-orientable-triple-para-ar111-color-blanco\/#primaryimage","url":"https:\/\/ledsolintel.com\/wp-content\/uploads\/2025\/11\/marco-orientable-triple-para-ar111-color-blanco.jpg","contentUrl":"https:\/\/ledsolintel.com\/wp-content\/uploads\/2025\/11\/marco-orientable-triple-para-ar111-color-blanco.jpg","width":600,"height":600},{"@type":"BreadcrumbList","@id":"https:\/\/ledsolintel.com\/product\/marco-orientable-triple-para-ar111-color-blanco\/#breadcrumb","itemListElement":[{"@type":"ListItem","position":1,"name":"Portada","item":"https:\/\/ledsolintel.com\/fr\/"},{"@type":"ListItem","position":2,"name":"Tienda","item":"https:\/\/ledsolintel.com\/tienda\/"},{"@type":"ListItem","position":3,"name":"Marco orientable triple para AR111 color blanco"}]},{"@type":"WebSite","@id":"https:\/\/ledsolintel.com\/#website","url":"https:\/\/ledsolintel.com\/","name":"Webmenaje","description":"Magasin d'ampoules et de lampes LED pour les professionnels","publisher":{"@id":"https:\/\/ledsolintel.com\/#organization"},"potentialAction":[{"@type":"SearchAction","target":{"@type":"EntryPoint","urlTemplate":"https:\/\/ledsolintel.com\/?s={search_term_string}"},"query-input":{"@type":"PropertyValueSpecification","valueRequired":true,"valueName":"search_term_string"}}],"inLanguage":"fr-FR"},{"@type":"Organization","@id":"https:\/\/ledsolintel.com\/#organization","name":"Solintel Noroeste, S.L.","url":"https:\/\/ledsolintel.com\/","logo":{"@type":"ImageObject","inLanguage":"fr-FR","@id":"https:\/\/ledsolintel.com\/#\/schema\/logo\/image\/","url":"https:\/\/ledsolintel.com\/wp-content\/uploads\/2024\/11\/webmenaje-logo-1508269066.jpg","contentUrl":"https:\/\/ledsolintel.com\/wp-content\/uploads\/2024\/11\/webmenaje-logo-1508269066.jpg","width":370,"height":90,"caption":"Solintel Noroeste, S.L."},"image":{"@id":"https:\/\/ledsolintel.com\/#\/schema\/logo\/image\/"},"sameAs":["http:\/\/www.facebook.com\/webmenaje","https:\/\/x.com\/webmenaje","https:\/\/www.youtube.com\/channel\/UCX2KoVoeCG4LocZjUc6LmSQ","http:\/\/www.pinterest.com\/webmenaje"]}]}},"_links":{"self":[{"href":"https:\/\/ledsolintel.com\/fr\/wp-json\/wp\/v2\/product\/266835","targetHints":{"allow":["GET"]}}],"collection":[{"href":"https:\/\/ledsolintel.com\/fr\/wp-json\/wp\/v2\/product"}],"about":[{"href":"https:\/\/ledsolintel.com\/fr\/wp-json\/wp\/v2\/types\/product"}],"version-history":[{"count":1,"href":"https:\/\/ledsolintel.com\/fr\/wp-json\/wp\/v2\/product\/266835\/revisions"}],"predecessor-version":[{"id":266836,"href":"https:\/\/ledsolintel.com\/fr\/wp-json\/wp\/v2\/product\/266835\/revisions\/266836"}],"wp:featuredmedia":[{"embeddable":true,"href":"https:\/\/ledsolintel.com\/fr\/wp-json\/wp\/v2\/media\/259799"}],"wp:attachment":[{"href":"https:\/\/ledsolintel.com\/fr\/wp-json\/wp\/v2\/media?parent=266835"}],"wp:term":[{"taxonomy":"product_brand","embeddable":true,"href":"https:\/\/ledsolintel.com\/fr\/wp-json\/wp\/v2\/product_brand?post=266835"},{"taxonomy":"product_cat","embeddable":true,"href":"https:\/\/ledsolintel.com\/fr\/wp-json\/wp\/v2\/product_cat?post=266835"},{"taxonomy":"product_tag","embeddable":true,"href":"https:\/\/ledsolintel.com\/fr\/wp-json\/wp\/v2\/product_tag?post=266835"}],"curies":[{"name":"wp","href":"https:\/\/api.w.org\/{rel}","templated":true}]}}