{"id":266798,"date":"2025-11-11T13:59:00","date_gmt":"2025-11-11T12:59:00","guid":{"rendered":"https:\/\/nueva.ledsolintel.com\/product\/foco-carril-cilindrico-para-lamparas-e27-blanco\/"},"modified":"2026-04-07T10:19:21","modified_gmt":"2026-04-07T08:19:21","slug":"foco-carril-cilindrico-para-lamparas-e27-blanco","status":"publish","type":"product","link":"https:\/\/ledsolintel.com\/fr\/produit-2\/foco-carril-cilindrico-para-lamparas-e27-blanco\/","title":{"rendered":"Spot rail cylindrique pour lampes E27 blanc"},"content":{"rendered":"<p>Le spot cylindrique E27 pour lampes sur rail monophas\u00e9es est con\u00e7u en aluminium avec une finition blanche. Son design moderne et compact en fait un luminaire parfait pour les installations dans les environnements domestiques et les espaces plus commerciaux. Dans le domaine commercial, il est id\u00e9al pour l'\u00e9clairage des magasins, des vitrines, des expositions, des supermarch\u00e9s, des h\u00f4tels ou des restaurants. Il est g\u00e9n\u00e9ralement associ\u00e9 \u00e0 des lampes PAR30, bien que n'importe quel type d'ampoule \u00e0 filetage E27 puisse \u00eatre utilis\u00e9.  Gr\u00e2ce \u00e0 son degr\u00e9 de protection IP20, il est id\u00e9al pour une installation \u00e0 l'int\u00e9rieur (protection contre les particules solides de plus de 12 mm et il n'est pas \u00e9tanche).  En plus d'\u00eatre un produit qui a une dur\u00e9e de vie de plus de 30 000 heures, il est garanti 3 ans. Il poss\u00e8de \u00e9galement le certificat CE, qui atteste qu'il est conforme aux exigences de l'UE en mati\u00e8re de compatibilit\u00e9 \u00e9lectromagn\u00e9tique et de basse tension. Ce certificat d\u00e9clare la conformit\u00e9 de ce produit \u00e0 toutes les exigences l\u00e9gales et garantit la validit\u00e9 de la vente du produit dans l'Espace \u00e9conomique europ\u00e9en.  Ampoule non incluse.<\/p>","protected":false},"excerpt":{"rendered":"<p>El foco carril cil\u00edndrico para l\u00e1mparas E27 para carriles monof\u00e1sicos, est\u00e1 dise\u00f1ado en aluminio con acabado en color blanco. Tiene un dise\u00f1o moderno y compacto que la convierte en una luminaria perfecta para instalaciones tanto en ambientes dom\u00e9sticos, como espacios m\u00e1s comerciales. Dentro del \u00e1mbito comercial es ideal para iluminaci\u00f3n en tiendas, escaparates, exposiciones, supermercados, &hellip; <a href=\"https:\/\/ledsolintel.com\/fr\/produit-2\/foco-carril-cilindrico-para-lamparas-e27-blanco\/\" class=\"more-link\">Continue reading <span class=\"screen-reader-text\">Spot rail cylindrique pour lampes E27 blanc<\/span><\/a><\/p>","protected":false},"featured_media":259760,"template":"","meta":[],"product_brand":[101370],"product_cat":[101371,15],"product_tag":[],"class_list":{"0":"post-266798","1":"product","2":"type-product","3":"status-publish","4":"has-post-thumbnail","6":"product_brand-masterled","7":"product_cat-masterled","8":"product_cat-uncategorized","9":"pa_color-blanco","12":"instock","13":"taxable","14":"shipping-taxable","15":"purchasable","16":"product-type-simple"},"yoast_head":"<!-- This site is optimized with the Yoast SEO plugin v26.6 - https:\/\/yoast.com\/wordpress\/plugins\/seo\/ -->\n<title>Foco Carril cil\u00edndrico para l\u00e1mparas E27 blanco - Ledsolintel<\/title>\n<meta name=\"robots\" content=\"index, follow, max-snippet:-1, max-image-preview:large, max-video-preview:-1\" \/>\n<link rel=\"canonical\" href=\"https:\/\/ledsolintel.com\/fr\/produit-2\/foco-carril-cilindrico-para-lamparas-e27-blanco\/\" \/>\n<meta property=\"og:locale\" content=\"fr_FR\" \/>\n<meta property=\"og:type\" content=\"article\" \/>\n<meta property=\"og:title\" content=\"Foco Carril cil\u00edndrico para l\u00e1mparas E27 blanco - Ledsolintel\" \/>\n<meta property=\"og:description\" content=\"El foco carril cil\u00edndrico para l\u00e1mparas E27 para carriles monof\u00e1sicos, est\u00e1 dise\u00f1ado en aluminio con acabado en color blanco. Tiene un dise\u00f1o moderno y compacto que la convierte en una luminaria perfecta para instalaciones tanto en ambientes dom\u00e9sticos, como espacios m\u00e1s comerciales. Dentro del \u00e1mbito comercial es ideal para iluminaci\u00f3n en tiendas, escaparates, exposiciones, supermercados, &hellip; Continue reading Foco Carril cil\u00edndrico para l\u00e1mparas E27 blanco\" \/>\n<meta property=\"og:url\" content=\"https:\/\/ledsolintel.com\/fr\/produit-2\/foco-carril-cilindrico-para-lamparas-e27-blanco\/\" \/>\n<meta property=\"og:site_name\" content=\"Ledsolintel\" \/>\n<meta property=\"article:publisher\" content=\"http:\/\/www.facebook.com\/webmenaje\" \/>\n<meta property=\"article:modified_time\" content=\"2026-04-07T08:19:21+00:00\" \/>\n<meta property=\"og:image\" content=\"https:\/\/ledsolintel.com\/wp-content\/uploads\/2025\/11\/foco-carril-cilindrico-para-lamparas-e27-blanco.jpg\" \/>\n\t<meta property=\"og:image:width\" content=\"1500\" \/>\n\t<meta property=\"og:image:height\" content=\"1500\" \/>\n\t<meta property=\"og:image:type\" content=\"image\/jpeg\" \/>\n<meta name=\"twitter:card\" content=\"summary_large_image\" \/>\n<meta name=\"twitter:site\" content=\"@webmenaje\" \/>\n<meta name=\"twitter:label1\" content=\"Dur\u00e9e de lecture estim\u00e9e\" \/>\n\t<meta name=\"twitter:data1\" content=\"1 minute\" \/>\n<script type=\"application\/ld+json\" class=\"yoast-schema-graph\">{\"@context\":\"https:\/\/schema.org\",\"@graph\":[{\"@type\":\"WebPage\",\"@id\":\"https:\/\/ledsolintel.com\/product\/foco-carril-cilindrico-para-lamparas-e27-blanco\/\",\"url\":\"https:\/\/ledsolintel.com\/product\/foco-carril-cilindrico-para-lamparas-e27-blanco\/\",\"name\":\"Foco Carril cil\u00edndrico para l\u00e1mparas E27 blanco - Ledsolintel\",\"isPartOf\":{\"@id\":\"https:\/\/ledsolintel.com\/#website\"},\"primaryImageOfPage\":{\"@id\":\"https:\/\/ledsolintel.com\/product\/foco-carril-cilindrico-para-lamparas-e27-blanco\/#primaryimage\"},\"image\":{\"@id\":\"https:\/\/ledsolintel.com\/product\/foco-carril-cilindrico-para-lamparas-e27-blanco\/#primaryimage\"},\"thumbnailUrl\":\"https:\/\/ledsolintel.com\/wp-content\/uploads\/2025\/11\/foco-carril-cilindrico-para-lamparas-e27-blanco.jpg\",\"datePublished\":\"2025-11-11T12:59:00+00:00\",\"dateModified\":\"2026-04-07T08:19:21+00:00\",\"breadcrumb\":{\"@id\":\"https:\/\/ledsolintel.com\/product\/foco-carril-cilindrico-para-lamparas-e27-blanco\/#breadcrumb\"},\"inLanguage\":\"fr-FR\",\"potentialAction\":[{\"@type\":\"ReadAction\",\"target\":[\"https:\/\/ledsolintel.com\/product\/foco-carril-cilindrico-para-lamparas-e27-blanco\/\"]}]},{\"@type\":\"ImageObject\",\"inLanguage\":\"fr-FR\",\"@id\":\"https:\/\/ledsolintel.com\/product\/foco-carril-cilindrico-para-lamparas-e27-blanco\/#primaryimage\",\"url\":\"https:\/\/ledsolintel.com\/wp-content\/uploads\/2025\/11\/foco-carril-cilindrico-para-lamparas-e27-blanco.jpg\",\"contentUrl\":\"https:\/\/ledsolintel.com\/wp-content\/uploads\/2025\/11\/foco-carril-cilindrico-para-lamparas-e27-blanco.jpg\",\"width\":1500,\"height\":1500},{\"@type\":\"BreadcrumbList\",\"@id\":\"https:\/\/ledsolintel.com\/product\/foco-carril-cilindrico-para-lamparas-e27-blanco\/#breadcrumb\",\"itemListElement\":[{\"@type\":\"ListItem\",\"position\":1,\"name\":\"Portada\",\"item\":\"https:\/\/ledsolintel.com\/fr\/\"},{\"@type\":\"ListItem\",\"position\":2,\"name\":\"Tienda\",\"item\":\"https:\/\/ledsolintel.com\/tienda\/\"},{\"@type\":\"ListItem\",\"position\":3,\"name\":\"Foco Carril cil\u00edndrico para l\u00e1mparas E27 blanco\"}]},{\"@type\":\"WebSite\",\"@id\":\"https:\/\/ledsolintel.com\/#website\",\"url\":\"https:\/\/ledsolintel.com\/\",\"name\":\"Webmenaje\",\"description\":\"Tienda de bombillas y l\u00e1mparas LED para profesionales\",\"publisher\":{\"@id\":\"https:\/\/ledsolintel.com\/#organization\"},\"potentialAction\":[{\"@type\":\"SearchAction\",\"target\":{\"@type\":\"EntryPoint\",\"urlTemplate\":\"https:\/\/ledsolintel.com\/?s={search_term_string}\"},\"query-input\":{\"@type\":\"PropertyValueSpecification\",\"valueRequired\":true,\"valueName\":\"search_term_string\"}}],\"inLanguage\":\"fr-FR\"},{\"@type\":\"Organization\",\"@id\":\"https:\/\/ledsolintel.com\/#organization\",\"name\":\"Solintel Noroeste, S.L.\",\"url\":\"https:\/\/ledsolintel.com\/\",\"logo\":{\"@type\":\"ImageObject\",\"inLanguage\":\"fr-FR\",\"@id\":\"https:\/\/ledsolintel.com\/#\/schema\/logo\/image\/\",\"url\":\"https:\/\/ledsolintel.com\/wp-content\/uploads\/2024\/11\/webmenaje-logo-1508269066.jpg\",\"contentUrl\":\"https:\/\/ledsolintel.com\/wp-content\/uploads\/2024\/11\/webmenaje-logo-1508269066.jpg\",\"width\":370,\"height\":90,\"caption\":\"Solintel Noroeste, S.L.\"},\"image\":{\"@id\":\"https:\/\/ledsolintel.com\/#\/schema\/logo\/image\/\"},\"sameAs\":[\"http:\/\/www.facebook.com\/webmenaje\",\"https:\/\/x.com\/webmenaje\",\"https:\/\/www.youtube.com\/channel\/UCX2KoVoeCG4LocZjUc6LmSQ\",\"http:\/\/www.pinterest.com\/webmenaje\"]}]}<\/script>\n<!-- \/ Yoast SEO plugin. -->","yoast_head_json":{"title":"Foco Carril cil\u00edndrico para l\u00e1mparas E27 blanco - Ledsolintel","robots":{"index":"index","follow":"follow","max-snippet":"max-snippet:-1","max-image-preview":"max-image-preview:large","max-video-preview":"max-video-preview:-1"},"canonical":"https:\/\/ledsolintel.com\/fr\/produit-2\/foco-carril-cilindrico-para-lamparas-e27-blanco\/","og_locale":"fr_FR","og_type":"article","og_title":"Foco Carril cil\u00edndrico para l\u00e1mparas E27 blanco - Ledsolintel","og_description":"El foco carril cil\u00edndrico para l\u00e1mparas E27 para carriles monof\u00e1sicos, est\u00e1 dise\u00f1ado en aluminio con acabado en color blanco. Tiene un dise\u00f1o moderno y compacto que la convierte en una luminaria perfecta para instalaciones tanto en ambientes dom\u00e9sticos, como espacios m\u00e1s comerciales. Dentro del \u00e1mbito comercial es ideal para iluminaci\u00f3n en tiendas, escaparates, exposiciones, supermercados, &hellip; Continue reading Foco Carril cil\u00edndrico para l\u00e1mparas E27 blanco","og_url":"https:\/\/ledsolintel.com\/fr\/produit-2\/foco-carril-cilindrico-para-lamparas-e27-blanco\/","og_site_name":"Ledsolintel","article_publisher":"http:\/\/www.facebook.com\/webmenaje","article_modified_time":"2026-04-07T08:19:21+00:00","og_image":[{"width":1500,"height":1500,"url":"https:\/\/ledsolintel.com\/wp-content\/uploads\/2025\/11\/foco-carril-cilindrico-para-lamparas-e27-blanco.jpg","type":"image\/jpeg"}],"twitter_card":"summary_large_image","twitter_site":"@webmenaje","twitter_misc":{"Dur\u00e9e de lecture estim\u00e9e":"1 minute"},"schema":{"@context":"https:\/\/schema.org","@graph":[{"@type":"WebPage","@id":"https:\/\/ledsolintel.com\/product\/foco-carril-cilindrico-para-lamparas-e27-blanco\/","url":"https:\/\/ledsolintel.com\/product\/foco-carril-cilindrico-para-lamparas-e27-blanco\/","name":"Foco Carril cil\u00edndrico para l\u00e1mparas E27 blanco - Ledsolintel","isPartOf":{"@id":"https:\/\/ledsolintel.com\/#website"},"primaryImageOfPage":{"@id":"https:\/\/ledsolintel.com\/product\/foco-carril-cilindrico-para-lamparas-e27-blanco\/#primaryimage"},"image":{"@id":"https:\/\/ledsolintel.com\/product\/foco-carril-cilindrico-para-lamparas-e27-blanco\/#primaryimage"},"thumbnailUrl":"https:\/\/ledsolintel.com\/wp-content\/uploads\/2025\/11\/foco-carril-cilindrico-para-lamparas-e27-blanco.jpg","datePublished":"2025-11-11T12:59:00+00:00","dateModified":"2026-04-07T08:19:21+00:00","breadcrumb":{"@id":"https:\/\/ledsolintel.com\/product\/foco-carril-cilindrico-para-lamparas-e27-blanco\/#breadcrumb"},"inLanguage":"fr-FR","potentialAction":[{"@type":"ReadAction","target":["https:\/\/ledsolintel.com\/product\/foco-carril-cilindrico-para-lamparas-e27-blanco\/"]}]},{"@type":"ImageObject","inLanguage":"fr-FR","@id":"https:\/\/ledsolintel.com\/product\/foco-carril-cilindrico-para-lamparas-e27-blanco\/#primaryimage","url":"https:\/\/ledsolintel.com\/wp-content\/uploads\/2025\/11\/foco-carril-cilindrico-para-lamparas-e27-blanco.jpg","contentUrl":"https:\/\/ledsolintel.com\/wp-content\/uploads\/2025\/11\/foco-carril-cilindrico-para-lamparas-e27-blanco.jpg","width":1500,"height":1500},{"@type":"BreadcrumbList","@id":"https:\/\/ledsolintel.com\/product\/foco-carril-cilindrico-para-lamparas-e27-blanco\/#breadcrumb","itemListElement":[{"@type":"ListItem","position":1,"name":"Portada","item":"https:\/\/ledsolintel.com\/fr\/"},{"@type":"ListItem","position":2,"name":"Tienda","item":"https:\/\/ledsolintel.com\/tienda\/"},{"@type":"ListItem","position":3,"name":"Foco Carril cil\u00edndrico para l\u00e1mparas E27 blanco"}]},{"@type":"WebSite","@id":"https:\/\/ledsolintel.com\/#website","url":"https:\/\/ledsolintel.com\/","name":"Webmenaje","description":"Magasin d'ampoules et de lampes LED pour les professionnels","publisher":{"@id":"https:\/\/ledsolintel.com\/#organization"},"potentialAction":[{"@type":"SearchAction","target":{"@type":"EntryPoint","urlTemplate":"https:\/\/ledsolintel.com\/?s={search_term_string}"},"query-input":{"@type":"PropertyValueSpecification","valueRequired":true,"valueName":"search_term_string"}}],"inLanguage":"fr-FR"},{"@type":"Organization","@id":"https:\/\/ledsolintel.com\/#organization","name":"Solintel Noroeste, S.L.","url":"https:\/\/ledsolintel.com\/","logo":{"@type":"ImageObject","inLanguage":"fr-FR","@id":"https:\/\/ledsolintel.com\/#\/schema\/logo\/image\/","url":"https:\/\/ledsolintel.com\/wp-content\/uploads\/2024\/11\/webmenaje-logo-1508269066.jpg","contentUrl":"https:\/\/ledsolintel.com\/wp-content\/uploads\/2024\/11\/webmenaje-logo-1508269066.jpg","width":370,"height":90,"caption":"Solintel Noroeste, S.L."},"image":{"@id":"https:\/\/ledsolintel.com\/#\/schema\/logo\/image\/"},"sameAs":["http:\/\/www.facebook.com\/webmenaje","https:\/\/x.com\/webmenaje","https:\/\/www.youtube.com\/channel\/UCX2KoVoeCG4LocZjUc6LmSQ","http:\/\/www.pinterest.com\/webmenaje"]}]}},"_links":{"self":[{"href":"https:\/\/ledsolintel.com\/fr\/wp-json\/wp\/v2\/product\/266798","targetHints":{"allow":["GET"]}}],"collection":[{"href":"https:\/\/ledsolintel.com\/fr\/wp-json\/wp\/v2\/product"}],"about":[{"href":"https:\/\/ledsolintel.com\/fr\/wp-json\/wp\/v2\/types\/product"}],"version-history":[{"count":1,"href":"https:\/\/ledsolintel.com\/fr\/wp-json\/wp\/v2\/product\/266798\/revisions"}],"predecessor-version":[{"id":266799,"href":"https:\/\/ledsolintel.com\/fr\/wp-json\/wp\/v2\/product\/266798\/revisions\/266799"}],"wp:featuredmedia":[{"embeddable":true,"href":"https:\/\/ledsolintel.com\/fr\/wp-json\/wp\/v2\/media\/259760"}],"wp:attachment":[{"href":"https:\/\/ledsolintel.com\/fr\/wp-json\/wp\/v2\/media?parent=266798"}],"wp:term":[{"taxonomy":"product_brand","embeddable":true,"href":"https:\/\/ledsolintel.com\/fr\/wp-json\/wp\/v2\/product_brand?post=266798"},{"taxonomy":"product_cat","embeddable":true,"href":"https:\/\/ledsolintel.com\/fr\/wp-json\/wp\/v2\/product_cat?post=266798"},{"taxonomy":"product_tag","embeddable":true,"href":"https:\/\/ledsolintel.com\/fr\/wp-json\/wp\/v2\/product_tag?post=266798"}],"curies":[{"name":"wp","href":"https:\/\/api.w.org\/{rel}","templated":true}]}}