{"id":266719,"date":"2025-11-11T13:54:53","date_gmt":"2025-11-11T12:54:53","guid":{"rendered":"https:\/\/nueva.ledsolintel.com\/product\/panel-led-60-x-60-cm-40w-marco-blanco\/"},"modified":"2026-04-07T10:19:21","modified_gmt":"2026-04-07T08:19:21","slug":"panneau-led-60-x-60-cm-40w-blanc-cadre","status":"publish","type":"product","link":"https:\/\/ledsolintel.com\/fr\/produit-2\/panneau-led-60-x-60-cm-40w-blanc-cadre\/","title":{"rendered":"Panneau Led 60 x 60 cm 40W Cadre blanc"},"content":{"rendered":"<p>Le panneau LED extra-plat de 40W avec une finition blanche est l'un des produits les plus utilis\u00e9s dans le domaine de l'\u00e9clairage car il est id\u00e9al pour l'installation dans les plafonds, qu'ils aient peu ou beaucoup d'espace. Gr\u00e2ce \u00e0 son angle de dispersion de la lumi\u00e8re de 120\u00b0 et \u00e0 son \u00e9clairage efficace et doux, il est id\u00e9al comme source lumineuse pour un usage r\u00e9sidentiel (couloirs, entr\u00e9es, salons, chambres, salles de bains ou cuisines) et pour des espaces plus vastes tels que bureaux, magasins, h\u00f4tels, bars, restaurants ou supermarch\u00e9s.  Sa conception lui conf\u00e8re une grande robustesse, ainsi qu'un rendement lumineux \u00e9lev\u00e9. Une version dimmable est \u00e9galement disponible en achetant le driver dimmable correspondant.  Pour \u00e9viter d'endommager le driver ou le luminaire, l'installation doit \u00eatre effectu\u00e9e hors tension. Ne jamais connecter un panneau \u00e0 un driver lorsque celui-ci est sous tension.  Il a un rendement \u00e9lev\u00e9 en consommant 40W gr\u00e2ce aux LED SMD 4014 180 qu'il int\u00e8gre, parvenant \u00e0 fournir un flux lumineux de 3800 lumens. L'\u00e9clairage qu'il fournit repr\u00e9sente une valeur de consommation de 40kWh\/1000h, ce qui signifie une r\u00e9duction de la quantit\u00e9 d'\u00e9nergie factur\u00e9e et des \u00e9missions de gaz polluants dans l'atmosph\u00e8re. Ce panneau est disponible en deux temp\u00e9ratures de couleur : blanc (6000\u00b0K) et neutre (4500\u00b0K).  Il doit \u00eatre install\u00e9 \u00e0 l'int\u00e9rieur car il a un degr\u00e9 de protection IP20 (protection contre les particules solides de plus de 12 mm et n'est pas \u00e9tanche). Il peut supporter une tension d'entr\u00e9e de 85 - 265V et une fr\u00e9quence de fonctionnement de 50\/60 Hz. Ses dimensions sont de 595 x 595 x 9 mm, et les dimensions de coupe sont de 575 x 575 mm.  En ce qui concerne l'installation, ce panneau r\u00e9tro\u00e9clair\u00e9 offre quatre options de montage : (1) mont\u00e9 sur un plafond technique, (2) viss\u00e9 \u00e0 la surface, (3) suspendu \u00e0 des c\u00e2bles en acier ou (4) int\u00e9gr\u00e9 \u00e0 l'aide de clips sur un plafond en pl\u00e2tre. Ce panneau se pr\u00e9sente sous sa forme la plus simple, \u00e0 savoir le montage sur un plafond suspendu. Pour les autres options, les accessoires correspondant \u00e0 chaque syst\u00e8me de montage doivent \u00eatre achet\u00e9s. (a) Installation par kit d'installation de panneaux LED suspendus : ils sont fix\u00e9s au plafond au moyen de c\u00e2bles en acier et d'attaches. (b) Installation par cadre de surface : le panneau est plac\u00e9 dans le cadre qui est fix\u00e9 au plafond. Enter Aluminium frame for panel 60\u00d760 cm (c) Installation \u00e0 l'aide d'un kit pour plafond en pl\u00e2tre : il s'agit de clips qui sont fix\u00e9s au panneau et qui permettent de l'encastrer dans le faux-plafond. Enter Plaster kit for 60\u00d760 cm panel (d) Installation \u00e0 l'aide d'un kit de surface : il se compose de supports qui sont fix\u00e9s au panneau et permettent de le fixer au plafond. Enter Kit de surface pour panneau LED En plus d'\u00eatre un produit qui a une dur\u00e9e de vie de plus de 30 000 heures, il b\u00e9n\u00e9ficie d'une garantie de 3 ans. Il poss\u00e8de \u00e9galement le certificat CE, qui atteste qu'il est conforme aux exigences de l'UE en mati\u00e8re de compatibilit\u00e9 \u00e9lectromagn\u00e9tique et de basse tension. Ce certificat d\u00e9clare la conformit\u00e9 du produit \u00e0 toutes les exigences l\u00e9gales et garantit la validit\u00e9 de la vente du produit dans l'Espace \u00e9conomique europ\u00e9en.  Pilote inclus.<\/p>","protected":false},"excerpt":{"rendered":"<p>Panel de LEDs extraplano de 40W con acabado en color blanco, es uno de los productos m\u00e1s utilizados en iluminaci\u00f3n ya que es ideal para su instalaci\u00f3n en techos, tanto si cuentan con poco o mucho espacio. Debido a su \u00e1ngulo de dispersi\u00f3n lum\u00ednica de 120\u00b0 y su iluminaci\u00f3n eficiente y suave, lo hace ideal &hellip; <a href=\"https:\/\/ledsolintel.com\/fr\/produit-2\/panneau-led-60-x-60-cm-40w-blanc-cadre\/\" class=\"more-link\">Continue reading <span class=\"screen-reader-text\">Panneau Led 60 x 60 cm 40W Cadre blanc<\/span><\/a><\/p>","protected":false},"featured_media":259686,"template":"","meta":[],"product_brand":[101370],"product_cat":[101371,15],"product_tag":[],"class_list":{"0":"post-266719","1":"product","2":"type-product","3":"status-publish","4":"has-post-thumbnail","6":"product_brand-masterled","7":"product_cat-masterled","8":"product_cat-uncategorized","9":"pa_temperatura-color-luz-blanca","10":"pa_temperatura-color-luz-neutra","13":"instock","14":"taxable","15":"shipping-taxable","16":"purchasable","17":"product-type-variable","18":"has-default-attributes"},"yoast_head":"<!-- This site is optimized with the Yoast SEO plugin v27.4 - https:\/\/yoast.com\/product\/yoast-seo-wordpress\/ -->\n<title>Panel Led 60 x 60 cm 40W Marco Blanco - Ledsolintel<\/title>\n<meta name=\"robots\" content=\"index, follow, max-snippet:-1, max-image-preview:large, max-video-preview:-1\" \/>\n<link rel=\"canonical\" href=\"https:\/\/ledsolintel.com\/fr\/produit-2\/panneau-led-60-x-60-cm-40w-blanc-cadre\/\" \/>\n<meta property=\"og:locale\" content=\"fr_FR\" \/>\n<meta property=\"og:type\" content=\"article\" \/>\n<meta property=\"og:title\" content=\"Panel Led 60 x 60 cm 40W Marco Blanco - Ledsolintel\" \/>\n<meta property=\"og:description\" content=\"Panel de LEDs extraplano de 40W con acabado en color blanco, es uno de los productos m\u00e1s utilizados en iluminaci\u00f3n ya que es ideal para su instalaci\u00f3n en techos, tanto si cuentan con poco o mucho espacio. Debido a su \u00e1ngulo de dispersi\u00f3n lum\u00ednica de 120\u00b0 y su iluminaci\u00f3n eficiente y suave, lo hace ideal &hellip; Continue reading Panel Led 60 x 60 cm 40W Marco Blanco\" \/>\n<meta property=\"og:url\" content=\"https:\/\/ledsolintel.com\/fr\/produit-2\/panneau-led-60-x-60-cm-40w-blanc-cadre\/\" \/>\n<meta property=\"og:site_name\" content=\"Ledsolintel\" \/>\n<meta property=\"article:publisher\" content=\"http:\/\/www.facebook.com\/webmenaje\" \/>\n<meta property=\"article:modified_time\" content=\"2026-04-07T08:19:21+00:00\" \/>\n<meta property=\"og:image\" content=\"https:\/\/ledsolintel.com\/wp-content\/uploads\/2025\/11\/panel-led-60-x-60-cm-40w-extraplano-marco-blanco.jpg\" \/>\n\t<meta property=\"og:image:width\" content=\"600\" \/>\n\t<meta property=\"og:image:height\" content=\"600\" \/>\n\t<meta property=\"og:image:type\" content=\"image\/jpeg\" \/>\n<meta name=\"twitter:card\" content=\"summary_large_image\" \/>\n<meta name=\"twitter:site\" content=\"@webmenaje\" \/>\n<meta name=\"twitter:label1\" content=\"Dur\u00e9e de lecture estim\u00e9e\" \/>\n\t<meta name=\"twitter:data1\" content=\"3 minutes\" \/>\n<script type=\"application\/ld+json\" class=\"yoast-schema-graph\">{\"@context\":\"https:\\\/\\\/schema.org\",\"@graph\":[{\"@type\":\"WebPage\",\"@id\":\"https:\\\/\\\/ledsolintel.com\\\/product\\\/panel-led-60-x-60-cm-40w-marco-blanco\\\/\",\"url\":\"https:\\\/\\\/ledsolintel.com\\\/product\\\/panel-led-60-x-60-cm-40w-marco-blanco\\\/\",\"name\":\"Panel Led 60 x 60 cm 40W Marco Blanco - Ledsolintel\",\"isPartOf\":{\"@id\":\"https:\\\/\\\/ledsolintel.com\\\/#website\"},\"primaryImageOfPage\":{\"@id\":\"https:\\\/\\\/ledsolintel.com\\\/product\\\/panel-led-60-x-60-cm-40w-marco-blanco\\\/#primaryimage\"},\"image\":{\"@id\":\"https:\\\/\\\/ledsolintel.com\\\/product\\\/panel-led-60-x-60-cm-40w-marco-blanco\\\/#primaryimage\"},\"thumbnailUrl\":\"https:\\\/\\\/ledsolintel.com\\\/wp-content\\\/uploads\\\/2025\\\/11\\\/panel-led-60-x-60-cm-40w-extraplano-marco-blanco.jpg\",\"datePublished\":\"2025-11-11T12:54:53+00:00\",\"dateModified\":\"2026-04-07T08:19:21+00:00\",\"breadcrumb\":{\"@id\":\"https:\\\/\\\/ledsolintel.com\\\/product\\\/panel-led-60-x-60-cm-40w-marco-blanco\\\/#breadcrumb\"},\"inLanguage\":\"fr-FR\",\"potentialAction\":[{\"@type\":\"ReadAction\",\"target\":[\"https:\\\/\\\/ledsolintel.com\\\/product\\\/panel-led-60-x-60-cm-40w-marco-blanco\\\/\"]}]},{\"@type\":\"ImageObject\",\"inLanguage\":\"fr-FR\",\"@id\":\"https:\\\/\\\/ledsolintel.com\\\/product\\\/panel-led-60-x-60-cm-40w-marco-blanco\\\/#primaryimage\",\"url\":\"https:\\\/\\\/ledsolintel.com\\\/wp-content\\\/uploads\\\/2025\\\/11\\\/panel-led-60-x-60-cm-40w-extraplano-marco-blanco.jpg\",\"contentUrl\":\"https:\\\/\\\/ledsolintel.com\\\/wp-content\\\/uploads\\\/2025\\\/11\\\/panel-led-60-x-60-cm-40w-extraplano-marco-blanco.jpg\",\"width\":600,\"height\":600},{\"@type\":\"BreadcrumbList\",\"@id\":\"https:\\\/\\\/ledsolintel.com\\\/product\\\/panel-led-60-x-60-cm-40w-marco-blanco\\\/#breadcrumb\",\"itemListElement\":[{\"@type\":\"ListItem\",\"position\":1,\"name\":\"Portada\",\"item\":\"https:\\\/\\\/ledsolintel.com\\\/fr\\\/\"},{\"@type\":\"ListItem\",\"position\":2,\"name\":\"Tienda\",\"item\":\"https:\\\/\\\/ledsolintel.com\\\/tienda\\\/\"},{\"@type\":\"ListItem\",\"position\":3,\"name\":\"Panel Led 60 x 60 cm 40W Marco Blanco\"}]},{\"@type\":\"WebSite\",\"@id\":\"https:\\\/\\\/ledsolintel.com\\\/#website\",\"url\":\"https:\\\/\\\/ledsolintel.com\\\/\",\"name\":\"Webmenaje\",\"description\":\"Tienda de bombillas y l\u00e1mparas LED para profesionales\",\"publisher\":{\"@id\":\"https:\\\/\\\/ledsolintel.com\\\/#organization\"},\"potentialAction\":[{\"@type\":\"SearchAction\",\"target\":{\"@type\":\"EntryPoint\",\"urlTemplate\":\"https:\\\/\\\/ledsolintel.com\\\/?s={search_term_string}\"},\"query-input\":{\"@type\":\"PropertyValueSpecification\",\"valueRequired\":true,\"valueName\":\"search_term_string\"}}],\"inLanguage\":\"fr-FR\"},{\"@type\":\"Organization\",\"@id\":\"https:\\\/\\\/ledsolintel.com\\\/#organization\",\"name\":\"Solintel Noroeste, S.L.\",\"url\":\"https:\\\/\\\/ledsolintel.com\\\/\",\"logo\":{\"@type\":\"ImageObject\",\"inLanguage\":\"fr-FR\",\"@id\":\"https:\\\/\\\/ledsolintel.com\\\/#\\\/schema\\\/logo\\\/image\\\/\",\"url\":\"https:\\\/\\\/ledsolintel.com\\\/wp-content\\\/uploads\\\/2024\\\/11\\\/webmenaje-logo-1508269066.jpg\",\"contentUrl\":\"https:\\\/\\\/ledsolintel.com\\\/wp-content\\\/uploads\\\/2024\\\/11\\\/webmenaje-logo-1508269066.jpg\",\"width\":370,\"height\":90,\"caption\":\"Solintel Noroeste, S.L.\"},\"image\":{\"@id\":\"https:\\\/\\\/ledsolintel.com\\\/#\\\/schema\\\/logo\\\/image\\\/\"},\"sameAs\":[\"http:\\\/\\\/www.facebook.com\\\/webmenaje\",\"https:\\\/\\\/x.com\\\/webmenaje\",\"https:\\\/\\\/www.youtube.com\\\/channel\\\/UCX2KoVoeCG4LocZjUc6LmSQ\",\"http:\\\/\\\/www.pinterest.com\\\/webmenaje\"]}]}<\/script>\n<!-- \/ Yoast SEO plugin. -->","yoast_head_json":{"title":"Panneau Led 60 x 60 cm 40W Cadre blanc - Ledsolintel","robots":{"index":"index","follow":"follow","max-snippet":"max-snippet:-1","max-image-preview":"max-image-preview:large","max-video-preview":"max-video-preview:-1"},"canonical":"https:\/\/ledsolintel.com\/fr\/produit-2\/panneau-led-60-x-60-cm-40w-blanc-cadre\/","og_locale":"fr_FR","og_type":"article","og_title":"Panel Led 60 x 60 cm 40W Marco Blanco - Ledsolintel","og_description":"Panel de LEDs extraplano de 40W con acabado en color blanco, es uno de los productos m\u00e1s utilizados en iluminaci\u00f3n ya que es ideal para su instalaci\u00f3n en techos, tanto si cuentan con poco o mucho espacio. Debido a su \u00e1ngulo de dispersi\u00f3n lum\u00ednica de 120\u00b0 y su iluminaci\u00f3n eficiente y suave, lo hace ideal &hellip; Continue reading Panel Led 60 x 60 cm 40W Marco Blanco","og_url":"https:\/\/ledsolintel.com\/fr\/produit-2\/panneau-led-60-x-60-cm-40w-blanc-cadre\/","og_site_name":"Ledsolintel","article_publisher":"http:\/\/www.facebook.com\/webmenaje","article_modified_time":"2026-04-07T08:19:21+00:00","og_image":[{"width":600,"height":600,"url":"https:\/\/ledsolintel.com\/wp-content\/uploads\/2025\/11\/panel-led-60-x-60-cm-40w-extraplano-marco-blanco.jpg","type":"image\/jpeg"}],"twitter_card":"summary_large_image","twitter_site":"@webmenaje","twitter_misc":{"Dur\u00e9e de lecture estim\u00e9e":"3 minutes"},"schema":{"@context":"https:\/\/schema.org","@graph":[{"@type":"WebPage","@id":"https:\/\/ledsolintel.com\/product\/panel-led-60-x-60-cm-40w-marco-blanco\/","url":"https:\/\/ledsolintel.com\/product\/panel-led-60-x-60-cm-40w-marco-blanco\/","name":"Panneau Led 60 x 60 cm 40W Cadre blanc - Ledsolintel","isPartOf":{"@id":"https:\/\/ledsolintel.com\/#website"},"primaryImageOfPage":{"@id":"https:\/\/ledsolintel.com\/product\/panel-led-60-x-60-cm-40w-marco-blanco\/#primaryimage"},"image":{"@id":"https:\/\/ledsolintel.com\/product\/panel-led-60-x-60-cm-40w-marco-blanco\/#primaryimage"},"thumbnailUrl":"https:\/\/ledsolintel.com\/wp-content\/uploads\/2025\/11\/panel-led-60-x-60-cm-40w-extraplano-marco-blanco.jpg","datePublished":"2025-11-11T12:54:53+00:00","dateModified":"2026-04-07T08:19:21+00:00","breadcrumb":{"@id":"https:\/\/ledsolintel.com\/product\/panel-led-60-x-60-cm-40w-marco-blanco\/#breadcrumb"},"inLanguage":"fr-FR","potentialAction":[{"@type":"ReadAction","target":["https:\/\/ledsolintel.com\/product\/panel-led-60-x-60-cm-40w-marco-blanco\/"]}]},{"@type":"ImageObject","inLanguage":"fr-FR","@id":"https:\/\/ledsolintel.com\/product\/panel-led-60-x-60-cm-40w-marco-blanco\/#primaryimage","url":"https:\/\/ledsolintel.com\/wp-content\/uploads\/2025\/11\/panel-led-60-x-60-cm-40w-extraplano-marco-blanco.jpg","contentUrl":"https:\/\/ledsolintel.com\/wp-content\/uploads\/2025\/11\/panel-led-60-x-60-cm-40w-extraplano-marco-blanco.jpg","width":600,"height":600},{"@type":"BreadcrumbList","@id":"https:\/\/ledsolintel.com\/product\/panel-led-60-x-60-cm-40w-marco-blanco\/#breadcrumb","itemListElement":[{"@type":"ListItem","position":1,"name":"Portada","item":"https:\/\/ledsolintel.com\/fr\/"},{"@type":"ListItem","position":2,"name":"Tienda","item":"https:\/\/ledsolintel.com\/tienda\/"},{"@type":"ListItem","position":3,"name":"Panel Led 60 x 60 cm 40W Marco Blanco"}]},{"@type":"WebSite","@id":"https:\/\/ledsolintel.com\/#website","url":"https:\/\/ledsolintel.com\/","name":"Webmenaje","description":"Magasin d'ampoules et de lampes LED pour les professionnels","publisher":{"@id":"https:\/\/ledsolintel.com\/#organization"},"potentialAction":[{"@type":"SearchAction","target":{"@type":"EntryPoint","urlTemplate":"https:\/\/ledsolintel.com\/?s={search_term_string}"},"query-input":{"@type":"PropertyValueSpecification","valueRequired":true,"valueName":"search_term_string"}}],"inLanguage":"fr-FR"},{"@type":"Organization","@id":"https:\/\/ledsolintel.com\/#organization","name":"Solintel Noroeste, S.L.","url":"https:\/\/ledsolintel.com\/","logo":{"@type":"ImageObject","inLanguage":"fr-FR","@id":"https:\/\/ledsolintel.com\/#\/schema\/logo\/image\/","url":"https:\/\/ledsolintel.com\/wp-content\/uploads\/2024\/11\/webmenaje-logo-1508269066.jpg","contentUrl":"https:\/\/ledsolintel.com\/wp-content\/uploads\/2024\/11\/webmenaje-logo-1508269066.jpg","width":370,"height":90,"caption":"Solintel Noroeste, S.L."},"image":{"@id":"https:\/\/ledsolintel.com\/#\/schema\/logo\/image\/"},"sameAs":["http:\/\/www.facebook.com\/webmenaje","https:\/\/x.com\/webmenaje","https:\/\/www.youtube.com\/channel\/UCX2KoVoeCG4LocZjUc6LmSQ","http:\/\/www.pinterest.com\/webmenaje"]}]}},"_links":{"self":[{"href":"https:\/\/ledsolintel.com\/fr\/wp-json\/wp\/v2\/product\/266719","targetHints":{"allow":["GET"]}}],"collection":[{"href":"https:\/\/ledsolintel.com\/fr\/wp-json\/wp\/v2\/product"}],"about":[{"href":"https:\/\/ledsolintel.com\/fr\/wp-json\/wp\/v2\/types\/product"}],"version-history":[{"count":1,"href":"https:\/\/ledsolintel.com\/fr\/wp-json\/wp\/v2\/product\/266719\/revisions"}],"predecessor-version":[{"id":266720,"href":"https:\/\/ledsolintel.com\/fr\/wp-json\/wp\/v2\/product\/266719\/revisions\/266720"}],"wp:featuredmedia":[{"embeddable":true,"href":"https:\/\/ledsolintel.com\/fr\/wp-json\/wp\/v2\/media\/259686"}],"wp:attachment":[{"href":"https:\/\/ledsolintel.com\/fr\/wp-json\/wp\/v2\/media?parent=266719"}],"wp:term":[{"taxonomy":"product_brand","embeddable":true,"href":"https:\/\/ledsolintel.com\/fr\/wp-json\/wp\/v2\/product_brand?post=266719"},{"taxonomy":"product_cat","embeddable":true,"href":"https:\/\/ledsolintel.com\/fr\/wp-json\/wp\/v2\/product_cat?post=266719"},{"taxonomy":"product_tag","embeddable":true,"href":"https:\/\/ledsolintel.com\/fr\/wp-json\/wp\/v2\/product_tag?post=266719"}],"curies":[{"name":"wp","href":"https:\/\/api.w.org\/{rel}","templated":true}]}}