{"id":266698,"date":"2025-11-11T13:54:26","date_gmt":"2025-11-11T12:54:26","guid":{"rendered":"https:\/\/nueva.ledsolintel.com\/product\/controlador-tira-led-220v-con-mando-a-distancia\/"},"modified":"2026-02-02T16:00:25","modified_gmt":"2026-02-02T15:00:25","slug":"controlador-tira-led-220v-con-mando-a-distancia","status":"publish","type":"product","link":"https:\/\/ledsolintel.com\/fr\/produit-2\/controlador-tira-led-220v-con-mando-a-distancia\/","title":{"rendered":"Contr\u00f4leur de bande LED 220V avec t\u00e9l\u00e9commande"},"content":{"rendered":"<p>Kit enchufe controlador tira led 220V con mando a distancia. Permite gestionar y controlar f\u00e1cilmente las tiras gracias al mando a distancia (infrarrojos). Con este controlador se puede ajustar la intensidad, modo de funcionamiento y velocidad. Se conecta directamente a la red sin necesidad de ning\u00fan dispositivo adicional. El controlador conserva la \u00faltima configuraci\u00f3n a\u00fan cuando se retira la alimentaci\u00f3n.  \u00a0  Es ideal para gestionar la iluminaci\u00f3n LED en tu hogar o negocio. Soporta hasta 40 m de tira LED monocolor 220V. Este dispositivo permite ajustar la intensidad y el modo de operaci\u00f3n de forma remota, ofreciendo comodidad y flexibilidad en la gesti\u00f3n de la luz.  \u00a0  No compatible con las tiras led de 220V de corte 20 cm.  \u00a0  Soporta un voltaje de entrada: 220-240V.  \u00a0  Debido a su grado de protecci\u00f3n IP20 es ideal para instalar en zonas interiores (protecci\u00f3n contra part\u00edculas s\u00f3lidas de tama\u00f1o superior a 12mm y no es resistente al agua).  \u00a0  Dispone de una garant\u00eda de 3 a\u00f1os. Cuenta tambi\u00e9n con el certificado CE, que acredita que se cumple con los requisitos de la UE respecto a compatibilidad electromagn\u00e9tica y normativa de baja tensi\u00f3n. Con este certificado se declara la conformidad de dicho producto con todos los requisitos legales exigidos, y asegura la validez del producto para ser vendido en todo el Espacio Econ\u00f3mico Europeo.<\/p>","protected":false},"excerpt":{"rendered":"<p>Kit enchufe controlador tira led 220V con mando a distancia. Permite gestionar y controlar f\u00e1cilmente las tiras gracias al mando a distancia (infrarrojos). Con este controlador se puede ajustar la intensidad, modo de funcionamiento y velocidad. Se conecta directamente a la red sin necesidad de ning\u00fan dispositivo adicional. El controlador conserva la \u00faltima configuraci\u00f3n a\u00fan &hellip; <a href=\"https:\/\/ledsolintel.com\/fr\/produit-2\/controlador-tira-led-220v-con-mando-a-distancia\/\" class=\"more-link\">Continue reading <span class=\"screen-reader-text\">Contr\u00f4leur de bande LED 220V avec t\u00e9l\u00e9commande<\/span><\/a><\/p>","protected":false},"featured_media":259662,"template":"","meta":[],"product_brand":[101370],"product_cat":[15,101371,99655,99581],"product_tag":[],"class_list":{"0":"post-266698","1":"product","2":"type-product","3":"status-publish","4":"has-post-thumbnail","6":"product_brand-masterled","7":"product_cat-uncategorized","8":"product_cat-masterled","9":"product_cat-drivers-y-accesorios-para-tiras-de-led","10":"product_cat-tiras-de-led-perfiles-drivers-y-accesorios","11":"pa_voltaje-220v","14":"instock","15":"purchasable","16":"product-type-simple"},"yoast_head":"<!-- This site is optimized with the Yoast SEO plugin v26.6 - https:\/\/yoast.com\/wordpress\/plugins\/seo\/ -->\n<title>Controlador tira LED 220V con mando a distancia - Ledsolintel<\/title>\n<meta name=\"robots\" content=\"index, follow, max-snippet:-1, max-image-preview:large, max-video-preview:-1\" \/>\n<link rel=\"canonical\" href=\"https:\/\/ledsolintel.com\/fr\/produit-2\/controlador-tira-led-220v-con-mando-a-distancia\/\" \/>\n<meta property=\"og:locale\" content=\"fr_FR\" \/>\n<meta property=\"og:type\" content=\"article\" \/>\n<meta property=\"og:title\" content=\"Controlador tira LED 220V con mando a distancia - Ledsolintel\" \/>\n<meta property=\"og:description\" content=\"Kit enchufe controlador tira led 220V con mando a distancia. Permite gestionar y controlar f\u00e1cilmente las tiras gracias al mando a distancia (infrarrojos). Con este controlador se puede ajustar la intensidad, modo de funcionamiento y velocidad. Se conecta directamente a la red sin necesidad de ning\u00fan dispositivo adicional. El controlador conserva la \u00faltima configuraci\u00f3n a\u00fan &hellip; Continue reading Controlador tira LED 220V con mando a distancia\" \/>\n<meta property=\"og:url\" content=\"https:\/\/ledsolintel.com\/fr\/produit-2\/controlador-tira-led-220v-con-mando-a-distancia\/\" \/>\n<meta property=\"og:site_name\" content=\"Ledsolintel\" \/>\n<meta property=\"article:publisher\" content=\"http:\/\/www.facebook.com\/webmenaje\" \/>\n<meta property=\"article:modified_time\" content=\"2026-02-02T15:00:25+00:00\" \/>\n<meta property=\"og:image\" content=\"https:\/\/ledsolintel.com\/wp-content\/uploads\/2025\/11\/controlador-tira-led-220v-con-mando-a-distancia.jpg\" \/>\n\t<meta property=\"og:image:width\" content=\"1500\" \/>\n\t<meta property=\"og:image:height\" content=\"1500\" \/>\n\t<meta property=\"og:image:type\" content=\"image\/png\" \/>\n<meta name=\"twitter:card\" content=\"summary_large_image\" \/>\n<meta name=\"twitter:site\" content=\"@webmenaje\" \/>\n<meta name=\"twitter:label1\" content=\"Dur\u00e9e de lecture estim\u00e9e\" \/>\n\t<meta name=\"twitter:data1\" content=\"1 minute\" \/>\n<script type=\"application\/ld+json\" class=\"yoast-schema-graph\">{\"@context\":\"https:\/\/schema.org\",\"@graph\":[{\"@type\":\"WebPage\",\"@id\":\"https:\/\/ledsolintel.com\/product\/controlador-tira-led-220v-con-mando-a-distancia\/\",\"url\":\"https:\/\/ledsolintel.com\/product\/controlador-tira-led-220v-con-mando-a-distancia\/\",\"name\":\"Controlador tira LED 220V con mando a distancia - Ledsolintel\",\"isPartOf\":{\"@id\":\"https:\/\/ledsolintel.com\/#website\"},\"primaryImageOfPage\":{\"@id\":\"https:\/\/ledsolintel.com\/product\/controlador-tira-led-220v-con-mando-a-distancia\/#primaryimage\"},\"image\":{\"@id\":\"https:\/\/ledsolintel.com\/product\/controlador-tira-led-220v-con-mando-a-distancia\/#primaryimage\"},\"thumbnailUrl\":\"https:\/\/ledsolintel.com\/wp-content\/uploads\/2025\/11\/controlador-tira-led-220v-con-mando-a-distancia.jpg\",\"datePublished\":\"2025-11-11T12:54:26+00:00\",\"dateModified\":\"2026-02-02T15:00:25+00:00\",\"breadcrumb\":{\"@id\":\"https:\/\/ledsolintel.com\/product\/controlador-tira-led-220v-con-mando-a-distancia\/#breadcrumb\"},\"inLanguage\":\"fr-FR\",\"potentialAction\":[{\"@type\":\"ReadAction\",\"target\":[\"https:\/\/ledsolintel.com\/product\/controlador-tira-led-220v-con-mando-a-distancia\/\"]}]},{\"@type\":\"ImageObject\",\"inLanguage\":\"fr-FR\",\"@id\":\"https:\/\/ledsolintel.com\/product\/controlador-tira-led-220v-con-mando-a-distancia\/#primaryimage\",\"url\":\"https:\/\/ledsolintel.com\/wp-content\/uploads\/2025\/11\/controlador-tira-led-220v-con-mando-a-distancia.jpg\",\"contentUrl\":\"https:\/\/ledsolintel.com\/wp-content\/uploads\/2025\/11\/controlador-tira-led-220v-con-mando-a-distancia.jpg\",\"width\":1500,\"height\":1500},{\"@type\":\"BreadcrumbList\",\"@id\":\"https:\/\/ledsolintel.com\/product\/controlador-tira-led-220v-con-mando-a-distancia\/#breadcrumb\",\"itemListElement\":[{\"@type\":\"ListItem\",\"position\":1,\"name\":\"Portada\",\"item\":\"https:\/\/ledsolintel.com\/fr\/\"},{\"@type\":\"ListItem\",\"position\":2,\"name\":\"Tienda\",\"item\":\"https:\/\/ledsolintel.com\/tienda\/\"},{\"@type\":\"ListItem\",\"position\":3,\"name\":\"Controlador tira LED 220V con mando a distancia\"}]},{\"@type\":\"WebSite\",\"@id\":\"https:\/\/ledsolintel.com\/#website\",\"url\":\"https:\/\/ledsolintel.com\/\",\"name\":\"Webmenaje\",\"description\":\"Tienda de bombillas y l\u00e1mparas LED para profesionales\",\"publisher\":{\"@id\":\"https:\/\/ledsolintel.com\/#organization\"},\"potentialAction\":[{\"@type\":\"SearchAction\",\"target\":{\"@type\":\"EntryPoint\",\"urlTemplate\":\"https:\/\/ledsolintel.com\/?s={search_term_string}\"},\"query-input\":{\"@type\":\"PropertyValueSpecification\",\"valueRequired\":true,\"valueName\":\"search_term_string\"}}],\"inLanguage\":\"fr-FR\"},{\"@type\":\"Organization\",\"@id\":\"https:\/\/ledsolintel.com\/#organization\",\"name\":\"Solintel Noroeste, S.L.\",\"url\":\"https:\/\/ledsolintel.com\/\",\"logo\":{\"@type\":\"ImageObject\",\"inLanguage\":\"fr-FR\",\"@id\":\"https:\/\/ledsolintel.com\/#\/schema\/logo\/image\/\",\"url\":\"https:\/\/ledsolintel.com\/wp-content\/uploads\/2024\/11\/webmenaje-logo-1508269066.jpg\",\"contentUrl\":\"https:\/\/ledsolintel.com\/wp-content\/uploads\/2024\/11\/webmenaje-logo-1508269066.jpg\",\"width\":370,\"height\":90,\"caption\":\"Solintel Noroeste, S.L.\"},\"image\":{\"@id\":\"https:\/\/ledsolintel.com\/#\/schema\/logo\/image\/\"},\"sameAs\":[\"http:\/\/www.facebook.com\/webmenaje\",\"https:\/\/x.com\/webmenaje\",\"https:\/\/www.youtube.com\/channel\/UCX2KoVoeCG4LocZjUc6LmSQ\",\"http:\/\/www.pinterest.com\/webmenaje\"]}]}<\/script>\n<!-- \/ Yoast SEO plugin. -->","yoast_head_json":{"title":"Controlador tira LED 220V con mando a distancia - Ledsolintel","robots":{"index":"index","follow":"follow","max-snippet":"max-snippet:-1","max-image-preview":"max-image-preview:large","max-video-preview":"max-video-preview:-1"},"canonical":"https:\/\/ledsolintel.com\/fr\/produit-2\/controlador-tira-led-220v-con-mando-a-distancia\/","og_locale":"fr_FR","og_type":"article","og_title":"Controlador tira LED 220V con mando a distancia - Ledsolintel","og_description":"Kit enchufe controlador tira led 220V con mando a distancia. Permite gestionar y controlar f\u00e1cilmente las tiras gracias al mando a distancia (infrarrojos). Con este controlador se puede ajustar la intensidad, modo de funcionamiento y velocidad. Se conecta directamente a la red sin necesidad de ning\u00fan dispositivo adicional. El controlador conserva la \u00faltima configuraci\u00f3n a\u00fan &hellip; Continue reading Controlador tira LED 220V con mando a distancia","og_url":"https:\/\/ledsolintel.com\/fr\/produit-2\/controlador-tira-led-220v-con-mando-a-distancia\/","og_site_name":"Ledsolintel","article_publisher":"http:\/\/www.facebook.com\/webmenaje","article_modified_time":"2026-02-02T15:00:25+00:00","og_image":[{"width":1500,"height":1500,"url":"https:\/\/ledsolintel.com\/wp-content\/uploads\/2025\/11\/controlador-tira-led-220v-con-mando-a-distancia.jpg","type":"image\/png"}],"twitter_card":"summary_large_image","twitter_site":"@webmenaje","twitter_misc":{"Dur\u00e9e de lecture estim\u00e9e":"1 minute"},"schema":{"@context":"https:\/\/schema.org","@graph":[{"@type":"WebPage","@id":"https:\/\/ledsolintel.com\/product\/controlador-tira-led-220v-con-mando-a-distancia\/","url":"https:\/\/ledsolintel.com\/product\/controlador-tira-led-220v-con-mando-a-distancia\/","name":"Controlador tira LED 220V con mando a distancia - Ledsolintel","isPartOf":{"@id":"https:\/\/ledsolintel.com\/#website"},"primaryImageOfPage":{"@id":"https:\/\/ledsolintel.com\/product\/controlador-tira-led-220v-con-mando-a-distancia\/#primaryimage"},"image":{"@id":"https:\/\/ledsolintel.com\/product\/controlador-tira-led-220v-con-mando-a-distancia\/#primaryimage"},"thumbnailUrl":"https:\/\/ledsolintel.com\/wp-content\/uploads\/2025\/11\/controlador-tira-led-220v-con-mando-a-distancia.jpg","datePublished":"2025-11-11T12:54:26+00:00","dateModified":"2026-02-02T15:00:25+00:00","breadcrumb":{"@id":"https:\/\/ledsolintel.com\/product\/controlador-tira-led-220v-con-mando-a-distancia\/#breadcrumb"},"inLanguage":"fr-FR","potentialAction":[{"@type":"ReadAction","target":["https:\/\/ledsolintel.com\/product\/controlador-tira-led-220v-con-mando-a-distancia\/"]}]},{"@type":"ImageObject","inLanguage":"fr-FR","@id":"https:\/\/ledsolintel.com\/product\/controlador-tira-led-220v-con-mando-a-distancia\/#primaryimage","url":"https:\/\/ledsolintel.com\/wp-content\/uploads\/2025\/11\/controlador-tira-led-220v-con-mando-a-distancia.jpg","contentUrl":"https:\/\/ledsolintel.com\/wp-content\/uploads\/2025\/11\/controlador-tira-led-220v-con-mando-a-distancia.jpg","width":1500,"height":1500},{"@type":"BreadcrumbList","@id":"https:\/\/ledsolintel.com\/product\/controlador-tira-led-220v-con-mando-a-distancia\/#breadcrumb","itemListElement":[{"@type":"ListItem","position":1,"name":"Portada","item":"https:\/\/ledsolintel.com\/fr\/"},{"@type":"ListItem","position":2,"name":"Tienda","item":"https:\/\/ledsolintel.com\/tienda\/"},{"@type":"ListItem","position":3,"name":"Controlador tira LED 220V con mando a distancia"}]},{"@type":"WebSite","@id":"https:\/\/ledsolintel.com\/#website","url":"https:\/\/ledsolintel.com\/","name":"Webmenaje","description":"Magasin d'ampoules et de lampes LED pour les professionnels","publisher":{"@id":"https:\/\/ledsolintel.com\/#organization"},"potentialAction":[{"@type":"SearchAction","target":{"@type":"EntryPoint","urlTemplate":"https:\/\/ledsolintel.com\/?s={search_term_string}"},"query-input":{"@type":"PropertyValueSpecification","valueRequired":true,"valueName":"search_term_string"}}],"inLanguage":"fr-FR"},{"@type":"Organization","@id":"https:\/\/ledsolintel.com\/#organization","name":"Solintel Noroeste, S.L.","url":"https:\/\/ledsolintel.com\/","logo":{"@type":"ImageObject","inLanguage":"fr-FR","@id":"https:\/\/ledsolintel.com\/#\/schema\/logo\/image\/","url":"https:\/\/ledsolintel.com\/wp-content\/uploads\/2024\/11\/webmenaje-logo-1508269066.jpg","contentUrl":"https:\/\/ledsolintel.com\/wp-content\/uploads\/2024\/11\/webmenaje-logo-1508269066.jpg","width":370,"height":90,"caption":"Solintel Noroeste, S.L."},"image":{"@id":"https:\/\/ledsolintel.com\/#\/schema\/logo\/image\/"},"sameAs":["http:\/\/www.facebook.com\/webmenaje","https:\/\/x.com\/webmenaje","https:\/\/www.youtube.com\/channel\/UCX2KoVoeCG4LocZjUc6LmSQ","http:\/\/www.pinterest.com\/webmenaje"]}]}},"_links":{"self":[{"href":"https:\/\/ledsolintel.com\/fr\/wp-json\/wp\/v2\/product\/266698","targetHints":{"allow":["GET"]}}],"collection":[{"href":"https:\/\/ledsolintel.com\/fr\/wp-json\/wp\/v2\/product"}],"about":[{"href":"https:\/\/ledsolintel.com\/fr\/wp-json\/wp\/v2\/types\/product"}],"version-history":[{"count":1,"href":"https:\/\/ledsolintel.com\/fr\/wp-json\/wp\/v2\/product\/266698\/revisions"}],"predecessor-version":[{"id":266699,"href":"https:\/\/ledsolintel.com\/fr\/wp-json\/wp\/v2\/product\/266698\/revisions\/266699"}],"wp:featuredmedia":[{"embeddable":true,"href":"https:\/\/ledsolintel.com\/fr\/wp-json\/wp\/v2\/media\/259662"}],"wp:attachment":[{"href":"https:\/\/ledsolintel.com\/fr\/wp-json\/wp\/v2\/media?parent=266698"}],"wp:term":[{"taxonomy":"product_brand","embeddable":true,"href":"https:\/\/ledsolintel.com\/fr\/wp-json\/wp\/v2\/product_brand?post=266698"},{"taxonomy":"product_cat","embeddable":true,"href":"https:\/\/ledsolintel.com\/fr\/wp-json\/wp\/v2\/product_cat?post=266698"},{"taxonomy":"product_tag","embeddable":true,"href":"https:\/\/ledsolintel.com\/fr\/wp-json\/wp\/v2\/product_tag?post=266698"}],"curies":[{"name":"wp","href":"https:\/\/api.w.org\/{rel}","templated":true}]}}