{"id":266660,"date":"2025-11-11T13:53:29","date_gmt":"2025-11-11T12:53:29","guid":{"rendered":"https:\/\/nueva.ledsolintel.com\/product\/plafon-18w-detector-presencia-funcion-nocturna\/"},"modified":"2026-04-07T10:19:22","modified_gmt":"2026-04-07T08:19:22","slug":"plafon-18w-detector-presencia-funcion-nocturna","status":"publish","type":"product","link":"https:\/\/ledsolintel.com\/fr\/produit-2\/plafon-18w-detector-presencia-funcion-nocturna\/","title":{"rendered":"Plafonnier d\u00e9tecteur de pr\u00e9sence 18W avec fonction nocturne"},"content":{"rendered":"<p>Para evitar da\u00f1os en en driver o en la luminaria, se debe realizar la instalaci\u00f3n\u00a0 sin tensi\u00f3n en la red electrica. Nunca conecte un panel a un driver cuando dicho driver tenga tensi\u00f3n el\u00e9ctrica.Plaf\u00f3n Led de superficie\u00a0de 18W, de 1620 lumens. Posee un rango de alcance de 6 metros y un tiempo de funcionamiento sin detectar\u00a0de 30 segundos.Incluye sensor crep\u00fascular, que permite el encendido solamente en la oscuridad.Ideal para automatizar la iluminaci\u00f3n en pasillos, escaleras, &#8230;.Perfecto para iluminaci\u00f3n eficiente y suave, sin tener que hacer agujeros en el techo, f\u00e1cil instalaci\u00f3n, basta con una sencilla fijaci\u00f3n.Gran \u00e1ngulo de apertura de luz, sustituye todo tipo de l\u00e1mparas de superficie de techo.  Modelo color blanco.Incluye driver.<\/p>","protected":false},"excerpt":{"rendered":"<p>Para evitar da\u00f1os en en driver o en la luminaria, se debe realizar la instalaci\u00f3n\u00a0 sin tensi\u00f3n en la red electrica. Nunca conecte un panel a un driver cuando dicho driver tenga tensi\u00f3n el\u00e9ctrica.Plaf\u00f3n Led de superficie\u00a0de 18W, de 1620 lumens. Posee un rango de alcance de 6 metros y un tiempo de funcionamiento sin &hellip; <a href=\"https:\/\/ledsolintel.com\/fr\/produit-2\/plafon-18w-detector-presencia-funcion-nocturna\/\" class=\"more-link\">Continue reading <span class=\"screen-reader-text\">Plafonnier d\u00e9tecteur de pr\u00e9sence 18W avec fonction nocturne<\/span><\/a><\/p>","protected":false},"featured_media":259630,"template":"","meta":[],"product_brand":[101370],"product_cat":[15,101371],"product_tag":[],"class_list":{"0":"post-266660","1":"product","2":"type-product","3":"status-publish","4":"has-post-thumbnail","6":"product_brand-masterled","7":"product_cat-uncategorized","8":"product_cat-masterled","9":"pa_temperatura-color-luz-blanca","10":"pa_temperatura-color-luz-calida","11":"pa_temperatura-color-luz-neutra","14":"instock","15":"taxable","16":"shipping-taxable","17":"purchasable","18":"product-type-variable","19":"has-default-attributes"},"yoast_head":"<!-- This site is optimized with the Yoast SEO plugin v26.6 - https:\/\/yoast.com\/wordpress\/plugins\/seo\/ -->\n<title>Plaf\u00f3n 18W detector presencia funci\u00f3n nocturna - Ledsolintel<\/title>\n<meta name=\"robots\" content=\"index, follow, max-snippet:-1, max-image-preview:large, max-video-preview:-1\" \/>\n<link rel=\"canonical\" href=\"https:\/\/ledsolintel.com\/fr\/produit-2\/plafon-18w-detector-presencia-funcion-nocturna\/\" \/>\n<meta property=\"og:locale\" content=\"fr_FR\" \/>\n<meta property=\"og:type\" content=\"article\" \/>\n<meta property=\"og:title\" content=\"Plaf\u00f3n 18W detector presencia funci\u00f3n nocturna - Ledsolintel\" \/>\n<meta property=\"og:description\" content=\"Para evitar da\u00f1os en en driver o en la luminaria, se debe realizar la instalaci\u00f3n\u00a0 sin tensi\u00f3n en la red electrica. Nunca conecte un panel a un driver cuando dicho driver tenga tensi\u00f3n el\u00e9ctrica.Plaf\u00f3n Led de superficie\u00a0de 18W, de 1620 lumens. Posee un rango de alcance de 6 metros y un tiempo de funcionamiento sin &hellip; Continue reading Plaf\u00f3n 18W detector presencia funci\u00f3n nocturna\" \/>\n<meta property=\"og:url\" content=\"https:\/\/ledsolintel.com\/fr\/produit-2\/plafon-18w-detector-presencia-funcion-nocturna\/\" \/>\n<meta property=\"og:site_name\" content=\"Ledsolintel\" \/>\n<meta property=\"article:publisher\" content=\"http:\/\/www.facebook.com\/webmenaje\" \/>\n<meta property=\"article:modified_time\" content=\"2026-04-07T08:19:22+00:00\" \/>\n<meta property=\"og:image\" content=\"https:\/\/ledsolintel.com\/wp-content\/uploads\/2025\/11\/plafon-con-detector-de-presencia-18w.jpg\" \/>\n\t<meta property=\"og:image:width\" content=\"1500\" \/>\n\t<meta property=\"og:image:height\" content=\"1500\" \/>\n\t<meta property=\"og:image:type\" content=\"image\/jpeg\" \/>\n<meta name=\"twitter:card\" content=\"summary_large_image\" \/>\n<meta name=\"twitter:site\" content=\"@webmenaje\" \/>\n<meta name=\"twitter:label1\" content=\"Dur\u00e9e de lecture estim\u00e9e\" \/>\n\t<meta name=\"twitter:data1\" content=\"1 minute\" \/>\n<script type=\"application\/ld+json\" class=\"yoast-schema-graph\">{\"@context\":\"https:\/\/schema.org\",\"@graph\":[{\"@type\":\"WebPage\",\"@id\":\"https:\/\/ledsolintel.com\/product\/plafon-18w-detector-presencia-funcion-nocturna\/\",\"url\":\"https:\/\/ledsolintel.com\/product\/plafon-18w-detector-presencia-funcion-nocturna\/\",\"name\":\"Plaf\u00f3n 18W detector presencia funci\u00f3n nocturna - Ledsolintel\",\"isPartOf\":{\"@id\":\"https:\/\/ledsolintel.com\/#website\"},\"primaryImageOfPage\":{\"@id\":\"https:\/\/ledsolintel.com\/product\/plafon-18w-detector-presencia-funcion-nocturna\/#primaryimage\"},\"image\":{\"@id\":\"https:\/\/ledsolintel.com\/product\/plafon-18w-detector-presencia-funcion-nocturna\/#primaryimage\"},\"thumbnailUrl\":\"https:\/\/ledsolintel.com\/wp-content\/uploads\/2025\/11\/plafon-con-detector-de-presencia-18w.jpg\",\"datePublished\":\"2025-11-11T12:53:29+00:00\",\"dateModified\":\"2026-04-07T08:19:22+00:00\",\"breadcrumb\":{\"@id\":\"https:\/\/ledsolintel.com\/product\/plafon-18w-detector-presencia-funcion-nocturna\/#breadcrumb\"},\"inLanguage\":\"fr-FR\",\"potentialAction\":[{\"@type\":\"ReadAction\",\"target\":[\"https:\/\/ledsolintel.com\/product\/plafon-18w-detector-presencia-funcion-nocturna\/\"]}]},{\"@type\":\"ImageObject\",\"inLanguage\":\"fr-FR\",\"@id\":\"https:\/\/ledsolintel.com\/product\/plafon-18w-detector-presencia-funcion-nocturna\/#primaryimage\",\"url\":\"https:\/\/ledsolintel.com\/wp-content\/uploads\/2025\/11\/plafon-con-detector-de-presencia-18w.jpg\",\"contentUrl\":\"https:\/\/ledsolintel.com\/wp-content\/uploads\/2025\/11\/plafon-con-detector-de-presencia-18w.jpg\",\"width\":1500,\"height\":1500},{\"@type\":\"BreadcrumbList\",\"@id\":\"https:\/\/ledsolintel.com\/product\/plafon-18w-detector-presencia-funcion-nocturna\/#breadcrumb\",\"itemListElement\":[{\"@type\":\"ListItem\",\"position\":1,\"name\":\"Portada\",\"item\":\"https:\/\/ledsolintel.com\/fr\/\"},{\"@type\":\"ListItem\",\"position\":2,\"name\":\"Tienda\",\"item\":\"https:\/\/ledsolintel.com\/tienda\/\"},{\"@type\":\"ListItem\",\"position\":3,\"name\":\"Plaf\u00f3n 18W detector presencia funci\u00f3n nocturna\"}]},{\"@type\":\"WebSite\",\"@id\":\"https:\/\/ledsolintel.com\/#website\",\"url\":\"https:\/\/ledsolintel.com\/\",\"name\":\"Webmenaje\",\"description\":\"Tienda de bombillas y l\u00e1mparas LED para profesionales\",\"publisher\":{\"@id\":\"https:\/\/ledsolintel.com\/#organization\"},\"potentialAction\":[{\"@type\":\"SearchAction\",\"target\":{\"@type\":\"EntryPoint\",\"urlTemplate\":\"https:\/\/ledsolintel.com\/?s={search_term_string}\"},\"query-input\":{\"@type\":\"PropertyValueSpecification\",\"valueRequired\":true,\"valueName\":\"search_term_string\"}}],\"inLanguage\":\"fr-FR\"},{\"@type\":\"Organization\",\"@id\":\"https:\/\/ledsolintel.com\/#organization\",\"name\":\"Solintel Noroeste, S.L.\",\"url\":\"https:\/\/ledsolintel.com\/\",\"logo\":{\"@type\":\"ImageObject\",\"inLanguage\":\"fr-FR\",\"@id\":\"https:\/\/ledsolintel.com\/#\/schema\/logo\/image\/\",\"url\":\"https:\/\/ledsolintel.com\/wp-content\/uploads\/2024\/11\/webmenaje-logo-1508269066.jpg\",\"contentUrl\":\"https:\/\/ledsolintel.com\/wp-content\/uploads\/2024\/11\/webmenaje-logo-1508269066.jpg\",\"width\":370,\"height\":90,\"caption\":\"Solintel Noroeste, S.L.\"},\"image\":{\"@id\":\"https:\/\/ledsolintel.com\/#\/schema\/logo\/image\/\"},\"sameAs\":[\"http:\/\/www.facebook.com\/webmenaje\",\"https:\/\/x.com\/webmenaje\",\"https:\/\/www.youtube.com\/channel\/UCX2KoVoeCG4LocZjUc6LmSQ\",\"http:\/\/www.pinterest.com\/webmenaje\"]}]}<\/script>\n<!-- \/ Yoast SEO plugin. -->","yoast_head_json":{"title":"Plaf\u00f3n 18W detector presencia funci\u00f3n nocturna - Ledsolintel","robots":{"index":"index","follow":"follow","max-snippet":"max-snippet:-1","max-image-preview":"max-image-preview:large","max-video-preview":"max-video-preview:-1"},"canonical":"https:\/\/ledsolintel.com\/fr\/produit-2\/plafon-18w-detector-presencia-funcion-nocturna\/","og_locale":"fr_FR","og_type":"article","og_title":"Plaf\u00f3n 18W detector presencia funci\u00f3n nocturna - Ledsolintel","og_description":"Para evitar da\u00f1os en en driver o en la luminaria, se debe realizar la instalaci\u00f3n\u00a0 sin tensi\u00f3n en la red electrica. Nunca conecte un panel a un driver cuando dicho driver tenga tensi\u00f3n el\u00e9ctrica.Plaf\u00f3n Led de superficie\u00a0de 18W, de 1620 lumens. Posee un rango de alcance de 6 metros y un tiempo de funcionamiento sin &hellip; Continue reading Plaf\u00f3n 18W detector presencia funci\u00f3n nocturna","og_url":"https:\/\/ledsolintel.com\/fr\/produit-2\/plafon-18w-detector-presencia-funcion-nocturna\/","og_site_name":"Ledsolintel","article_publisher":"http:\/\/www.facebook.com\/webmenaje","article_modified_time":"2026-04-07T08:19:22+00:00","og_image":[{"width":1500,"height":1500,"url":"https:\/\/ledsolintel.com\/wp-content\/uploads\/2025\/11\/plafon-con-detector-de-presencia-18w.jpg","type":"image\/jpeg"}],"twitter_card":"summary_large_image","twitter_site":"@webmenaje","twitter_misc":{"Dur\u00e9e de lecture estim\u00e9e":"1 minute"},"schema":{"@context":"https:\/\/schema.org","@graph":[{"@type":"WebPage","@id":"https:\/\/ledsolintel.com\/product\/plafon-18w-detector-presencia-funcion-nocturna\/","url":"https:\/\/ledsolintel.com\/product\/plafon-18w-detector-presencia-funcion-nocturna\/","name":"Plaf\u00f3n 18W detector presencia funci\u00f3n nocturna - Ledsolintel","isPartOf":{"@id":"https:\/\/ledsolintel.com\/#website"},"primaryImageOfPage":{"@id":"https:\/\/ledsolintel.com\/product\/plafon-18w-detector-presencia-funcion-nocturna\/#primaryimage"},"image":{"@id":"https:\/\/ledsolintel.com\/product\/plafon-18w-detector-presencia-funcion-nocturna\/#primaryimage"},"thumbnailUrl":"https:\/\/ledsolintel.com\/wp-content\/uploads\/2025\/11\/plafon-con-detector-de-presencia-18w.jpg","datePublished":"2025-11-11T12:53:29+00:00","dateModified":"2026-04-07T08:19:22+00:00","breadcrumb":{"@id":"https:\/\/ledsolintel.com\/product\/plafon-18w-detector-presencia-funcion-nocturna\/#breadcrumb"},"inLanguage":"fr-FR","potentialAction":[{"@type":"ReadAction","target":["https:\/\/ledsolintel.com\/product\/plafon-18w-detector-presencia-funcion-nocturna\/"]}]},{"@type":"ImageObject","inLanguage":"fr-FR","@id":"https:\/\/ledsolintel.com\/product\/plafon-18w-detector-presencia-funcion-nocturna\/#primaryimage","url":"https:\/\/ledsolintel.com\/wp-content\/uploads\/2025\/11\/plafon-con-detector-de-presencia-18w.jpg","contentUrl":"https:\/\/ledsolintel.com\/wp-content\/uploads\/2025\/11\/plafon-con-detector-de-presencia-18w.jpg","width":1500,"height":1500},{"@type":"BreadcrumbList","@id":"https:\/\/ledsolintel.com\/product\/plafon-18w-detector-presencia-funcion-nocturna\/#breadcrumb","itemListElement":[{"@type":"ListItem","position":1,"name":"Portada","item":"https:\/\/ledsolintel.com\/fr\/"},{"@type":"ListItem","position":2,"name":"Tienda","item":"https:\/\/ledsolintel.com\/tienda\/"},{"@type":"ListItem","position":3,"name":"Plaf\u00f3n 18W detector presencia funci\u00f3n nocturna"}]},{"@type":"WebSite","@id":"https:\/\/ledsolintel.com\/#website","url":"https:\/\/ledsolintel.com\/","name":"Webmenaje","description":"Magasin d'ampoules et de lampes LED pour les professionnels","publisher":{"@id":"https:\/\/ledsolintel.com\/#organization"},"potentialAction":[{"@type":"SearchAction","target":{"@type":"EntryPoint","urlTemplate":"https:\/\/ledsolintel.com\/?s={search_term_string}"},"query-input":{"@type":"PropertyValueSpecification","valueRequired":true,"valueName":"search_term_string"}}],"inLanguage":"fr-FR"},{"@type":"Organization","@id":"https:\/\/ledsolintel.com\/#organization","name":"Solintel Noroeste, S.L.","url":"https:\/\/ledsolintel.com\/","logo":{"@type":"ImageObject","inLanguage":"fr-FR","@id":"https:\/\/ledsolintel.com\/#\/schema\/logo\/image\/","url":"https:\/\/ledsolintel.com\/wp-content\/uploads\/2024\/11\/webmenaje-logo-1508269066.jpg","contentUrl":"https:\/\/ledsolintel.com\/wp-content\/uploads\/2024\/11\/webmenaje-logo-1508269066.jpg","width":370,"height":90,"caption":"Solintel Noroeste, S.L."},"image":{"@id":"https:\/\/ledsolintel.com\/#\/schema\/logo\/image\/"},"sameAs":["http:\/\/www.facebook.com\/webmenaje","https:\/\/x.com\/webmenaje","https:\/\/www.youtube.com\/channel\/UCX2KoVoeCG4LocZjUc6LmSQ","http:\/\/www.pinterest.com\/webmenaje"]}]}},"_links":{"self":[{"href":"https:\/\/ledsolintel.com\/fr\/wp-json\/wp\/v2\/product\/266660","targetHints":{"allow":["GET"]}}],"collection":[{"href":"https:\/\/ledsolintel.com\/fr\/wp-json\/wp\/v2\/product"}],"about":[{"href":"https:\/\/ledsolintel.com\/fr\/wp-json\/wp\/v2\/types\/product"}],"version-history":[{"count":1,"href":"https:\/\/ledsolintel.com\/fr\/wp-json\/wp\/v2\/product\/266660\/revisions"}],"predecessor-version":[{"id":266661,"href":"https:\/\/ledsolintel.com\/fr\/wp-json\/wp\/v2\/product\/266660\/revisions\/266661"}],"wp:featuredmedia":[{"embeddable":true,"href":"https:\/\/ledsolintel.com\/fr\/wp-json\/wp\/v2\/media\/259630"}],"wp:attachment":[{"href":"https:\/\/ledsolintel.com\/fr\/wp-json\/wp\/v2\/media?parent=266660"}],"wp:term":[{"taxonomy":"product_brand","embeddable":true,"href":"https:\/\/ledsolintel.com\/fr\/wp-json\/wp\/v2\/product_brand?post=266660"},{"taxonomy":"product_cat","embeddable":true,"href":"https:\/\/ledsolintel.com\/fr\/wp-json\/wp\/v2\/product_cat?post=266660"},{"taxonomy":"product_tag","embeddable":true,"href":"https:\/\/ledsolintel.com\/fr\/wp-json\/wp\/v2\/product_tag?post=266660"}],"curies":[{"name":"wp","href":"https:\/\/api.w.org\/{rel}","templated":true}]}}