{"id":266650,"date":"2025-11-11T13:53:20","date_gmt":"2025-11-11T12:53:20","guid":{"rendered":"https:\/\/nueva.ledsolintel.com\/product\/driver-regulable-para-panel-led-de-hasta-40w\/"},"modified":"2026-04-07T10:19:22","modified_gmt":"2026-04-07T08:19:22","slug":"driver-regulable-para-panel-led-de-hasta-40w","status":"publish","type":"product","link":"https:\/\/ledsolintel.com\/fr\/produit-2\/driver-regulable-para-panel-led-de-hasta-40w\/","title":{"rendered":"Pilote ADJUSTABLE pour panneau LED jusqu'\u00e0 40W"},"content":{"rendered":"<p>L'alimentation du driver dimmable est compatible avec les panneaux LED jusqu'\u00e0 40W, 30\u00d760, 60\u00d760 ou 30\u00d7120 cm. Son bo\u00eetier en PVC le prot\u00e8ge des dommages \u00e9ventuels caus\u00e9s par l'eau et la poussi\u00e8re. Ce driver permet de r\u00e9guler l'intensit\u00e9 lumineuse des luminaires LED \u00e0 l'aide d'un variateur de type TRIAC. Il est \u00e9galement possible de grader un panneau de 72W de 60\u00d7120 cm en achetant deux unit\u00e9s de ce driver.  Pour \u00e9viter d'endommager le driver ou le luminaire, l'installation doit \u00eatre effectu\u00e9e hors tension. Ne jamais connecter un panneau \u00e0 un driver lorsque celui-ci est sous tension.  Il doit \u00eatre install\u00e9 \u00e0 l'int\u00e9rieur car il a un degr\u00e9 de protection IP20 (protection contre les particules solides de plus de 12 mm et n'est pas \u00e9tanche). Il supporte une tension d'entr\u00e9e de 180-240V, un courant de 600 mA et une fr\u00e9quence de fonctionnement de 50\/60 Hz. Ses dimensions sont de 140 x 45 x 28 mm.  En plus d'\u00eatre un produit qui a une dur\u00e9e de vie de plus de 30 000 heures, il est garanti 3 ans. Il poss\u00e8de \u00e9galement le certificat CE, qui atteste qu'il est conforme aux exigences de l'UE en mati\u00e8re de compatibilit\u00e9 \u00e9lectromagn\u00e9tique et de basse tension. Ce certificat d\u00e9clare la conformit\u00e9 du produit \u00e0 toutes les exigences l\u00e9gales et garantit la validit\u00e9 de la vente du produit dans l'Espace \u00e9conomique europ\u00e9en.<\/p>","protected":false},"excerpt":{"rendered":"<p>La fuente de alimentaci\u00f3n driver de intensidad regulable es compatible con paneles LED de hasta 40W, de 30&#215;60, 60&#215;60 o 30&#215;120 cm. Su caja de PVC protege de posibles da\u00f1os causados por el agua y el polvo. Este driver permite que se regule la intensidad de luz de las luminarias led mediante un regulador tipo &hellip; <a href=\"https:\/\/ledsolintel.com\/fr\/produit-2\/driver-regulable-para-panel-led-de-hasta-40w\/\" class=\"more-link\">Continue reading <span class=\"screen-reader-text\">Pilote ADJUSTABLE pour panneau LED jusqu'\u00e0 40W<\/span><\/a><\/p>","protected":false},"featured_media":259621,"template":"","meta":[],"product_brand":[101370],"product_cat":[101371,15],"product_tag":[],"class_list":{"0":"post-266650","1":"product","2":"type-product","3":"status-publish","4":"has-post-thumbnail","6":"product_brand-masterled","7":"product_cat-masterled","8":"product_cat-uncategorized","9":"pa_intensidad-regulable","12":"instock","13":"taxable","14":"shipping-taxable","15":"purchasable","16":"product-type-simple"},"yoast_head":"<!-- This site is optimized with the Yoast SEO plugin v26.6 - https:\/\/yoast.com\/wordpress\/plugins\/seo\/ -->\n<title>Driver REGULABLE para panel LED de hasta 40W - Ledsolintel<\/title>\n<meta name=\"robots\" content=\"index, follow, max-snippet:-1, max-image-preview:large, max-video-preview:-1\" \/>\n<link rel=\"canonical\" href=\"https:\/\/ledsolintel.com\/fr\/produit-2\/driver-regulable-para-panel-led-de-hasta-40w\/\" \/>\n<meta property=\"og:locale\" content=\"fr_FR\" \/>\n<meta property=\"og:type\" content=\"article\" \/>\n<meta property=\"og:title\" content=\"Driver REGULABLE para panel LED de hasta 40W - Ledsolintel\" \/>\n<meta property=\"og:description\" content=\"La fuente de alimentaci\u00f3n driver de intensidad regulable es compatible con paneles LED de hasta 40W, de 30&#215;60, 60&#215;60 o 30&#215;120 cm. Su caja de PVC protege de posibles da\u00f1os causados por el agua y el polvo. Este driver permite que se regule la intensidad de luz de las luminarias led mediante un regulador tipo &hellip; Continue reading Driver REGULABLE para panel LED de hasta 40W\" \/>\n<meta property=\"og:url\" content=\"https:\/\/ledsolintel.com\/fr\/produit-2\/driver-regulable-para-panel-led-de-hasta-40w\/\" \/>\n<meta property=\"og:site_name\" content=\"Ledsolintel\" \/>\n<meta property=\"article:publisher\" content=\"http:\/\/www.facebook.com\/webmenaje\" \/>\n<meta property=\"article:modified_time\" content=\"2026-04-07T08:19:22+00:00\" \/>\n<meta property=\"og:image\" content=\"https:\/\/ledsolintel.com\/wp-content\/uploads\/2025\/11\/driver-regulable-panel-40w.jpg\" \/>\n\t<meta property=\"og:image:width\" content=\"1500\" \/>\n\t<meta property=\"og:image:height\" content=\"1500\" \/>\n\t<meta property=\"og:image:type\" content=\"image\/jpeg\" \/>\n<meta name=\"twitter:card\" content=\"summary_large_image\" \/>\n<meta name=\"twitter:site\" content=\"@webmenaje\" \/>\n<meta name=\"twitter:label1\" content=\"Dur\u00e9e de lecture estim\u00e9e\" \/>\n\t<meta name=\"twitter:data1\" content=\"1 minute\" \/>\n<script type=\"application\/ld+json\" class=\"yoast-schema-graph\">{\"@context\":\"https:\/\/schema.org\",\"@graph\":[{\"@type\":\"WebPage\",\"@id\":\"https:\/\/ledsolintel.com\/product\/driver-regulable-para-panel-led-de-hasta-40w\/\",\"url\":\"https:\/\/ledsolintel.com\/product\/driver-regulable-para-panel-led-de-hasta-40w\/\",\"name\":\"Driver REGULABLE para panel LED de hasta 40W - Ledsolintel\",\"isPartOf\":{\"@id\":\"https:\/\/ledsolintel.com\/#website\"},\"primaryImageOfPage\":{\"@id\":\"https:\/\/ledsolintel.com\/product\/driver-regulable-para-panel-led-de-hasta-40w\/#primaryimage\"},\"image\":{\"@id\":\"https:\/\/ledsolintel.com\/product\/driver-regulable-para-panel-led-de-hasta-40w\/#primaryimage\"},\"thumbnailUrl\":\"https:\/\/ledsolintel.com\/wp-content\/uploads\/2025\/11\/driver-regulable-panel-40w.jpg\",\"datePublished\":\"2025-11-11T12:53:20+00:00\",\"dateModified\":\"2026-04-07T08:19:22+00:00\",\"breadcrumb\":{\"@id\":\"https:\/\/ledsolintel.com\/product\/driver-regulable-para-panel-led-de-hasta-40w\/#breadcrumb\"},\"inLanguage\":\"fr-FR\",\"potentialAction\":[{\"@type\":\"ReadAction\",\"target\":[\"https:\/\/ledsolintel.com\/product\/driver-regulable-para-panel-led-de-hasta-40w\/\"]}]},{\"@type\":\"ImageObject\",\"inLanguage\":\"fr-FR\",\"@id\":\"https:\/\/ledsolintel.com\/product\/driver-regulable-para-panel-led-de-hasta-40w\/#primaryimage\",\"url\":\"https:\/\/ledsolintel.com\/wp-content\/uploads\/2025\/11\/driver-regulable-panel-40w.jpg\",\"contentUrl\":\"https:\/\/ledsolintel.com\/wp-content\/uploads\/2025\/11\/driver-regulable-panel-40w.jpg\",\"width\":1500,\"height\":1500},{\"@type\":\"BreadcrumbList\",\"@id\":\"https:\/\/ledsolintel.com\/product\/driver-regulable-para-panel-led-de-hasta-40w\/#breadcrumb\",\"itemListElement\":[{\"@type\":\"ListItem\",\"position\":1,\"name\":\"Portada\",\"item\":\"https:\/\/ledsolintel.com\/fr\/\"},{\"@type\":\"ListItem\",\"position\":2,\"name\":\"Tienda\",\"item\":\"https:\/\/ledsolintel.com\/tienda\/\"},{\"@type\":\"ListItem\",\"position\":3,\"name\":\"Driver REGULABLE para panel LED de hasta 40W\"}]},{\"@type\":\"WebSite\",\"@id\":\"https:\/\/ledsolintel.com\/#website\",\"url\":\"https:\/\/ledsolintel.com\/\",\"name\":\"Webmenaje\",\"description\":\"Tienda de bombillas y l\u00e1mparas LED para profesionales\",\"publisher\":{\"@id\":\"https:\/\/ledsolintel.com\/#organization\"},\"potentialAction\":[{\"@type\":\"SearchAction\",\"target\":{\"@type\":\"EntryPoint\",\"urlTemplate\":\"https:\/\/ledsolintel.com\/?s={search_term_string}\"},\"query-input\":{\"@type\":\"PropertyValueSpecification\",\"valueRequired\":true,\"valueName\":\"search_term_string\"}}],\"inLanguage\":\"fr-FR\"},{\"@type\":\"Organization\",\"@id\":\"https:\/\/ledsolintel.com\/#organization\",\"name\":\"Solintel Noroeste, S.L.\",\"url\":\"https:\/\/ledsolintel.com\/\",\"logo\":{\"@type\":\"ImageObject\",\"inLanguage\":\"fr-FR\",\"@id\":\"https:\/\/ledsolintel.com\/#\/schema\/logo\/image\/\",\"url\":\"https:\/\/ledsolintel.com\/wp-content\/uploads\/2024\/11\/webmenaje-logo-1508269066.jpg\",\"contentUrl\":\"https:\/\/ledsolintel.com\/wp-content\/uploads\/2024\/11\/webmenaje-logo-1508269066.jpg\",\"width\":370,\"height\":90,\"caption\":\"Solintel Noroeste, S.L.\"},\"image\":{\"@id\":\"https:\/\/ledsolintel.com\/#\/schema\/logo\/image\/\"},\"sameAs\":[\"http:\/\/www.facebook.com\/webmenaje\",\"https:\/\/x.com\/webmenaje\",\"https:\/\/www.youtube.com\/channel\/UCX2KoVoeCG4LocZjUc6LmSQ\",\"http:\/\/www.pinterest.com\/webmenaje\"]}]}<\/script>\n<!-- \/ Yoast SEO plugin. -->","yoast_head_json":{"title":"Driver REGULABLE para panel LED de hasta 40W - Ledsolintel","robots":{"index":"index","follow":"follow","max-snippet":"max-snippet:-1","max-image-preview":"max-image-preview:large","max-video-preview":"max-video-preview:-1"},"canonical":"https:\/\/ledsolintel.com\/fr\/produit-2\/driver-regulable-para-panel-led-de-hasta-40w\/","og_locale":"fr_FR","og_type":"article","og_title":"Driver REGULABLE para panel LED de hasta 40W - Ledsolintel","og_description":"La fuente de alimentaci\u00f3n driver de intensidad regulable es compatible con paneles LED de hasta 40W, de 30&#215;60, 60&#215;60 o 30&#215;120 cm. Su caja de PVC protege de posibles da\u00f1os causados por el agua y el polvo. Este driver permite que se regule la intensidad de luz de las luminarias led mediante un regulador tipo &hellip; Continue reading Driver REGULABLE para panel LED de hasta 40W","og_url":"https:\/\/ledsolintel.com\/fr\/produit-2\/driver-regulable-para-panel-led-de-hasta-40w\/","og_site_name":"Ledsolintel","article_publisher":"http:\/\/www.facebook.com\/webmenaje","article_modified_time":"2026-04-07T08:19:22+00:00","og_image":[{"width":1500,"height":1500,"url":"https:\/\/ledsolintel.com\/wp-content\/uploads\/2025\/11\/driver-regulable-panel-40w.jpg","type":"image\/jpeg"}],"twitter_card":"summary_large_image","twitter_site":"@webmenaje","twitter_misc":{"Dur\u00e9e de lecture estim\u00e9e":"1 minute"},"schema":{"@context":"https:\/\/schema.org","@graph":[{"@type":"WebPage","@id":"https:\/\/ledsolintel.com\/product\/driver-regulable-para-panel-led-de-hasta-40w\/","url":"https:\/\/ledsolintel.com\/product\/driver-regulable-para-panel-led-de-hasta-40w\/","name":"Driver REGULABLE para panel LED de hasta 40W - Ledsolintel","isPartOf":{"@id":"https:\/\/ledsolintel.com\/#website"},"primaryImageOfPage":{"@id":"https:\/\/ledsolintel.com\/product\/driver-regulable-para-panel-led-de-hasta-40w\/#primaryimage"},"image":{"@id":"https:\/\/ledsolintel.com\/product\/driver-regulable-para-panel-led-de-hasta-40w\/#primaryimage"},"thumbnailUrl":"https:\/\/ledsolintel.com\/wp-content\/uploads\/2025\/11\/driver-regulable-panel-40w.jpg","datePublished":"2025-11-11T12:53:20+00:00","dateModified":"2026-04-07T08:19:22+00:00","breadcrumb":{"@id":"https:\/\/ledsolintel.com\/product\/driver-regulable-para-panel-led-de-hasta-40w\/#breadcrumb"},"inLanguage":"fr-FR","potentialAction":[{"@type":"ReadAction","target":["https:\/\/ledsolintel.com\/product\/driver-regulable-para-panel-led-de-hasta-40w\/"]}]},{"@type":"ImageObject","inLanguage":"fr-FR","@id":"https:\/\/ledsolintel.com\/product\/driver-regulable-para-panel-led-de-hasta-40w\/#primaryimage","url":"https:\/\/ledsolintel.com\/wp-content\/uploads\/2025\/11\/driver-regulable-panel-40w.jpg","contentUrl":"https:\/\/ledsolintel.com\/wp-content\/uploads\/2025\/11\/driver-regulable-panel-40w.jpg","width":1500,"height":1500},{"@type":"BreadcrumbList","@id":"https:\/\/ledsolintel.com\/product\/driver-regulable-para-panel-led-de-hasta-40w\/#breadcrumb","itemListElement":[{"@type":"ListItem","position":1,"name":"Portada","item":"https:\/\/ledsolintel.com\/fr\/"},{"@type":"ListItem","position":2,"name":"Tienda","item":"https:\/\/ledsolintel.com\/tienda\/"},{"@type":"ListItem","position":3,"name":"Driver REGULABLE para panel LED de hasta 40W"}]},{"@type":"WebSite","@id":"https:\/\/ledsolintel.com\/#website","url":"https:\/\/ledsolintel.com\/","name":"Webmenaje","description":"Magasin d'ampoules et de lampes LED pour les professionnels","publisher":{"@id":"https:\/\/ledsolintel.com\/#organization"},"potentialAction":[{"@type":"SearchAction","target":{"@type":"EntryPoint","urlTemplate":"https:\/\/ledsolintel.com\/?s={search_term_string}"},"query-input":{"@type":"PropertyValueSpecification","valueRequired":true,"valueName":"search_term_string"}}],"inLanguage":"fr-FR"},{"@type":"Organization","@id":"https:\/\/ledsolintel.com\/#organization","name":"Solintel Noroeste, S.L.","url":"https:\/\/ledsolintel.com\/","logo":{"@type":"ImageObject","inLanguage":"fr-FR","@id":"https:\/\/ledsolintel.com\/#\/schema\/logo\/image\/","url":"https:\/\/ledsolintel.com\/wp-content\/uploads\/2024\/11\/webmenaje-logo-1508269066.jpg","contentUrl":"https:\/\/ledsolintel.com\/wp-content\/uploads\/2024\/11\/webmenaje-logo-1508269066.jpg","width":370,"height":90,"caption":"Solintel Noroeste, S.L."},"image":{"@id":"https:\/\/ledsolintel.com\/#\/schema\/logo\/image\/"},"sameAs":["http:\/\/www.facebook.com\/webmenaje","https:\/\/x.com\/webmenaje","https:\/\/www.youtube.com\/channel\/UCX2KoVoeCG4LocZjUc6LmSQ","http:\/\/www.pinterest.com\/webmenaje"]}]}},"_links":{"self":[{"href":"https:\/\/ledsolintel.com\/fr\/wp-json\/wp\/v2\/product\/266650","targetHints":{"allow":["GET"]}}],"collection":[{"href":"https:\/\/ledsolintel.com\/fr\/wp-json\/wp\/v2\/product"}],"about":[{"href":"https:\/\/ledsolintel.com\/fr\/wp-json\/wp\/v2\/types\/product"}],"version-history":[{"count":1,"href":"https:\/\/ledsolintel.com\/fr\/wp-json\/wp\/v2\/product\/266650\/revisions"}],"predecessor-version":[{"id":266651,"href":"https:\/\/ledsolintel.com\/fr\/wp-json\/wp\/v2\/product\/266650\/revisions\/266651"}],"wp:featuredmedia":[{"embeddable":true,"href":"https:\/\/ledsolintel.com\/fr\/wp-json\/wp\/v2\/media\/259621"}],"wp:attachment":[{"href":"https:\/\/ledsolintel.com\/fr\/wp-json\/wp\/v2\/media?parent=266650"}],"wp:term":[{"taxonomy":"product_brand","embeddable":true,"href":"https:\/\/ledsolintel.com\/fr\/wp-json\/wp\/v2\/product_brand?post=266650"},{"taxonomy":"product_cat","embeddable":true,"href":"https:\/\/ledsolintel.com\/fr\/wp-json\/wp\/v2\/product_cat?post=266650"},{"taxonomy":"product_tag","embeddable":true,"href":"https:\/\/ledsolintel.com\/fr\/wp-json\/wp\/v2\/product_tag?post=266650"}],"curies":[{"name":"wp","href":"https:\/\/api.w.org\/{rel}","templated":true}]}}