{"id":266630,"date":"2025-11-11T13:52:59","date_gmt":"2025-11-11T12:52:59","guid":{"rendered":"https:\/\/nueva.ledsolintel.com\/product\/luz-de-emergencia-led-3w\/"},"modified":"2026-04-07T10:19:22","modified_gmt":"2026-04-07T08:19:22","slug":"luz-de-emergencia-led-3w","status":"publish","type":"product","link":"https:\/\/ledsolintel.com\/fr\/produit-2\/luz-de-emergencia-led-3w\/","title":{"rendered":"Lampe d'urgence LED 3W"},"content":{"rendered":"<p>Luz de emergencia LED de 3W, con una autonom\u00eda de hasta 3 horas. Permite dos opciones de instalaci\u00f3n, tanto en superficie como empotrada, gracias al marco desmontable que incorpora. La luz entra en funcionamiento cuando hay un corte de tensi\u00f3n en la red. En condiciones normales permanece apagada mientras carga su bater\u00eda. Este tipo de iluminaria es una soluci\u00f3n confiable y eficiente para garantizar la iluminaci\u00f3n en situaciones de emergencia. Dise\u00f1ada para activarse autom\u00e1ticamente ante un corte de corriente, esta luz proporciona un nivel de iluminaci\u00f3n adecuado para evacuar o iluminar \u00e1reas clave de forma segura.  Con un dise\u00f1o compacto y una instalaci\u00f3n sencilla, es ideal para colocar en viviendas, oficinas, comercios o cualquier espacio donde se requiera una fuente de luz de respaldo. Adem\u00e1s, su tecnolog\u00eda LED asegura un bajo consumo energ\u00e9tico y una larga durabilidad, lo que la convierte en una opci\u00f3n rentable y ecol\u00f3gica.  Cuenta con una alta eficacia al consumir 3W mediante el LED SMD5730 6 leds que integra, logrando proporcionar un flujo luminoso de 200 lumens. La iluminaci\u00f3n que aporta representa un consumo por valor de 3kWh\/1000h, lo que supone una reducci\u00f3n de la cantidad de energ\u00eda facturada y de emisiones de gases contaminantes a la atm\u00f3sfera. Est\u00e1 disponible en una temperatura de color: blanca (6000\u00b0K). Est\u00e1 dise\u00f1ado en PVC con las medidas de 265 x 106 x 40 mm.  Su instalaci\u00f3n debe realizarse en lugares interiores al poseer un grado de protecci\u00f3n IP20 (protecci\u00f3n contra part\u00edculas s\u00f3lidas de tama\u00f1o superior a 12 mm y no es resistente al agua).  Dispone de una garant\u00eda de 3 a\u00f1os. Cuenta tambi\u00e9n con el certificado CE, que acredita que se cumple con los requisitos de la UE respecto a compatibilidad electromagn\u00e9tica y normativa de baja tensi\u00f3n. Con este certificado se declara la conformidad de dicho producto con todos los requisitos legales exigidos, y asegura la validez del producto para ser vendido en todo el Espacio Econ\u00f3mico Europeo.<\/p>","protected":false},"excerpt":{"rendered":"<p>Luz de emergencia LED de 3W, con una autonom\u00eda de hasta 3 horas. Permite dos opciones de instalaci\u00f3n, tanto en superficie como empotrada, gracias al marco desmontable que incorpora. La luz entra en funcionamiento cuando hay un corte de tensi\u00f3n en la red. En condiciones normales permanece apagada mientras carga su bater\u00eda. Este tipo de &hellip; <a href=\"https:\/\/ledsolintel.com\/fr\/produit-2\/luz-de-emergencia-led-3w\/\" class=\"more-link\">Continue reading <span class=\"screen-reader-text\">Lampe d'urgence LED 3W<\/span><\/a><\/p>","protected":false},"featured_media":259600,"template":"","meta":[],"product_brand":[101370],"product_cat":[101371,15],"product_tag":[],"class_list":{"0":"post-266630","1":"product","2":"type-product","3":"status-publish","4":"has-post-thumbnail","6":"product_brand-masterled","7":"product_cat-masterled","8":"product_cat-uncategorized","9":"pa_temperatura-color-luz-blanca","12":"instock","13":"taxable","14":"shipping-taxable","15":"purchasable","16":"product-type-simple"},"yoast_head":"<!-- This site is optimized with the Yoast SEO plugin v27.4 - https:\/\/yoast.com\/product\/yoast-seo-wordpress\/ -->\n<title>Luz de emergencia led 3W - Ledsolintel<\/title>\n<meta name=\"robots\" content=\"index, follow, max-snippet:-1, max-image-preview:large, max-video-preview:-1\" \/>\n<link rel=\"canonical\" href=\"https:\/\/ledsolintel.com\/fr\/produit-2\/luz-de-emergencia-led-3w\/\" \/>\n<meta property=\"og:locale\" content=\"fr_FR\" \/>\n<meta property=\"og:type\" content=\"article\" \/>\n<meta property=\"og:title\" content=\"Luz de emergencia led 3W - Ledsolintel\" \/>\n<meta property=\"og:description\" content=\"Luz de emergencia LED de 3W, con una autonom\u00eda de hasta 3 horas. Permite dos opciones de instalaci\u00f3n, tanto en superficie como empotrada, gracias al marco desmontable que incorpora. La luz entra en funcionamiento cuando hay un corte de tensi\u00f3n en la red. En condiciones normales permanece apagada mientras carga su bater\u00eda. Este tipo de &hellip; Continue reading Luz de emergencia led 3W\" \/>\n<meta property=\"og:url\" content=\"https:\/\/ledsolintel.com\/fr\/produit-2\/luz-de-emergencia-led-3w\/\" \/>\n<meta property=\"og:site_name\" content=\"Ledsolintel\" \/>\n<meta property=\"article:publisher\" content=\"http:\/\/www.facebook.com\/webmenaje\" \/>\n<meta property=\"article:modified_time\" content=\"2026-04-07T08:19:22+00:00\" \/>\n<meta property=\"og:image\" content=\"https:\/\/ledsolintel.com\/wp-content\/uploads\/2025\/11\/luz-de-emergencia-led-3w.jpg\" \/>\n\t<meta property=\"og:image:width\" content=\"1500\" \/>\n\t<meta property=\"og:image:height\" content=\"1500\" \/>\n\t<meta property=\"og:image:type\" content=\"image\/jpeg\" \/>\n<meta name=\"twitter:card\" content=\"summary_large_image\" \/>\n<meta name=\"twitter:site\" content=\"@webmenaje\" \/>\n<meta name=\"twitter:label1\" content=\"Dur\u00e9e de lecture estim\u00e9e\" \/>\n\t<meta name=\"twitter:data1\" content=\"2 minutes\" \/>\n<script type=\"application\/ld+json\" class=\"yoast-schema-graph\">{\"@context\":\"https:\\\/\\\/schema.org\",\"@graph\":[{\"@type\":\"WebPage\",\"@id\":\"https:\\\/\\\/ledsolintel.com\\\/product\\\/luz-de-emergencia-led-3w\\\/\",\"url\":\"https:\\\/\\\/ledsolintel.com\\\/product\\\/luz-de-emergencia-led-3w\\\/\",\"name\":\"Luz de emergencia led 3W - Ledsolintel\",\"isPartOf\":{\"@id\":\"https:\\\/\\\/ledsolintel.com\\\/#website\"},\"primaryImageOfPage\":{\"@id\":\"https:\\\/\\\/ledsolintel.com\\\/product\\\/luz-de-emergencia-led-3w\\\/#primaryimage\"},\"image\":{\"@id\":\"https:\\\/\\\/ledsolintel.com\\\/product\\\/luz-de-emergencia-led-3w\\\/#primaryimage\"},\"thumbnailUrl\":\"https:\\\/\\\/ledsolintel.com\\\/wp-content\\\/uploads\\\/2025\\\/11\\\/luz-de-emergencia-led-3w.jpg\",\"datePublished\":\"2025-11-11T12:52:59+00:00\",\"dateModified\":\"2026-04-07T08:19:22+00:00\",\"breadcrumb\":{\"@id\":\"https:\\\/\\\/ledsolintel.com\\\/product\\\/luz-de-emergencia-led-3w\\\/#breadcrumb\"},\"inLanguage\":\"fr-FR\",\"potentialAction\":[{\"@type\":\"ReadAction\",\"target\":[\"https:\\\/\\\/ledsolintel.com\\\/product\\\/luz-de-emergencia-led-3w\\\/\"]}]},{\"@type\":\"ImageObject\",\"inLanguage\":\"fr-FR\",\"@id\":\"https:\\\/\\\/ledsolintel.com\\\/product\\\/luz-de-emergencia-led-3w\\\/#primaryimage\",\"url\":\"https:\\\/\\\/ledsolintel.com\\\/wp-content\\\/uploads\\\/2025\\\/11\\\/luz-de-emergencia-led-3w.jpg\",\"contentUrl\":\"https:\\\/\\\/ledsolintel.com\\\/wp-content\\\/uploads\\\/2025\\\/11\\\/luz-de-emergencia-led-3w.jpg\",\"width\":1500,\"height\":1500},{\"@type\":\"BreadcrumbList\",\"@id\":\"https:\\\/\\\/ledsolintel.com\\\/product\\\/luz-de-emergencia-led-3w\\\/#breadcrumb\",\"itemListElement\":[{\"@type\":\"ListItem\",\"position\":1,\"name\":\"Portada\",\"item\":\"https:\\\/\\\/ledsolintel.com\\\/fr\\\/\"},{\"@type\":\"ListItem\",\"position\":2,\"name\":\"Tienda\",\"item\":\"https:\\\/\\\/ledsolintel.com\\\/tienda\\\/\"},{\"@type\":\"ListItem\",\"position\":3,\"name\":\"Luz de emergencia led 3W\"}]},{\"@type\":\"WebSite\",\"@id\":\"https:\\\/\\\/ledsolintel.com\\\/#website\",\"url\":\"https:\\\/\\\/ledsolintel.com\\\/\",\"name\":\"Webmenaje\",\"description\":\"Tienda de bombillas y l\u00e1mparas LED para profesionales\",\"publisher\":{\"@id\":\"https:\\\/\\\/ledsolintel.com\\\/#organization\"},\"potentialAction\":[{\"@type\":\"SearchAction\",\"target\":{\"@type\":\"EntryPoint\",\"urlTemplate\":\"https:\\\/\\\/ledsolintel.com\\\/?s={search_term_string}\"},\"query-input\":{\"@type\":\"PropertyValueSpecification\",\"valueRequired\":true,\"valueName\":\"search_term_string\"}}],\"inLanguage\":\"fr-FR\"},{\"@type\":\"Organization\",\"@id\":\"https:\\\/\\\/ledsolintel.com\\\/#organization\",\"name\":\"Solintel Noroeste, S.L.\",\"url\":\"https:\\\/\\\/ledsolintel.com\\\/\",\"logo\":{\"@type\":\"ImageObject\",\"inLanguage\":\"fr-FR\",\"@id\":\"https:\\\/\\\/ledsolintel.com\\\/#\\\/schema\\\/logo\\\/image\\\/\",\"url\":\"https:\\\/\\\/ledsolintel.com\\\/wp-content\\\/uploads\\\/2024\\\/11\\\/webmenaje-logo-1508269066.jpg\",\"contentUrl\":\"https:\\\/\\\/ledsolintel.com\\\/wp-content\\\/uploads\\\/2024\\\/11\\\/webmenaje-logo-1508269066.jpg\",\"width\":370,\"height\":90,\"caption\":\"Solintel Noroeste, S.L.\"},\"image\":{\"@id\":\"https:\\\/\\\/ledsolintel.com\\\/#\\\/schema\\\/logo\\\/image\\\/\"},\"sameAs\":[\"http:\\\/\\\/www.facebook.com\\\/webmenaje\",\"https:\\\/\\\/x.com\\\/webmenaje\",\"https:\\\/\\\/www.youtube.com\\\/channel\\\/UCX2KoVoeCG4LocZjUc6LmSQ\",\"http:\\\/\\\/www.pinterest.com\\\/webmenaje\"]}]}<\/script>\n<!-- \/ Yoast SEO plugin. -->","yoast_head_json":{"title":"Luz de emergencia led 3W - Ledsolintel","robots":{"index":"index","follow":"follow","max-snippet":"max-snippet:-1","max-image-preview":"max-image-preview:large","max-video-preview":"max-video-preview:-1"},"canonical":"https:\/\/ledsolintel.com\/fr\/produit-2\/luz-de-emergencia-led-3w\/","og_locale":"fr_FR","og_type":"article","og_title":"Luz de emergencia led 3W - Ledsolintel","og_description":"Luz de emergencia LED de 3W, con una autonom\u00eda de hasta 3 horas. Permite dos opciones de instalaci\u00f3n, tanto en superficie como empotrada, gracias al marco desmontable que incorpora. La luz entra en funcionamiento cuando hay un corte de tensi\u00f3n en la red. En condiciones normales permanece apagada mientras carga su bater\u00eda. Este tipo de &hellip; Continue reading Luz de emergencia led 3W","og_url":"https:\/\/ledsolintel.com\/fr\/produit-2\/luz-de-emergencia-led-3w\/","og_site_name":"Ledsolintel","article_publisher":"http:\/\/www.facebook.com\/webmenaje","article_modified_time":"2026-04-07T08:19:22+00:00","og_image":[{"width":1500,"height":1500,"url":"https:\/\/ledsolintel.com\/wp-content\/uploads\/2025\/11\/luz-de-emergencia-led-3w.jpg","type":"image\/jpeg"}],"twitter_card":"summary_large_image","twitter_site":"@webmenaje","twitter_misc":{"Dur\u00e9e de lecture estim\u00e9e":"2 minutes"},"schema":{"@context":"https:\/\/schema.org","@graph":[{"@type":"WebPage","@id":"https:\/\/ledsolintel.com\/product\/luz-de-emergencia-led-3w\/","url":"https:\/\/ledsolintel.com\/product\/luz-de-emergencia-led-3w\/","name":"Luz de emergencia led 3W - Ledsolintel","isPartOf":{"@id":"https:\/\/ledsolintel.com\/#website"},"primaryImageOfPage":{"@id":"https:\/\/ledsolintel.com\/product\/luz-de-emergencia-led-3w\/#primaryimage"},"image":{"@id":"https:\/\/ledsolintel.com\/product\/luz-de-emergencia-led-3w\/#primaryimage"},"thumbnailUrl":"https:\/\/ledsolintel.com\/wp-content\/uploads\/2025\/11\/luz-de-emergencia-led-3w.jpg","datePublished":"2025-11-11T12:52:59+00:00","dateModified":"2026-04-07T08:19:22+00:00","breadcrumb":{"@id":"https:\/\/ledsolintel.com\/product\/luz-de-emergencia-led-3w\/#breadcrumb"},"inLanguage":"fr-FR","potentialAction":[{"@type":"ReadAction","target":["https:\/\/ledsolintel.com\/product\/luz-de-emergencia-led-3w\/"]}]},{"@type":"ImageObject","inLanguage":"fr-FR","@id":"https:\/\/ledsolintel.com\/product\/luz-de-emergencia-led-3w\/#primaryimage","url":"https:\/\/ledsolintel.com\/wp-content\/uploads\/2025\/11\/luz-de-emergencia-led-3w.jpg","contentUrl":"https:\/\/ledsolintel.com\/wp-content\/uploads\/2025\/11\/luz-de-emergencia-led-3w.jpg","width":1500,"height":1500},{"@type":"BreadcrumbList","@id":"https:\/\/ledsolintel.com\/product\/luz-de-emergencia-led-3w\/#breadcrumb","itemListElement":[{"@type":"ListItem","position":1,"name":"Portada","item":"https:\/\/ledsolintel.com\/fr\/"},{"@type":"ListItem","position":2,"name":"Tienda","item":"https:\/\/ledsolintel.com\/tienda\/"},{"@type":"ListItem","position":3,"name":"Luz de emergencia led 3W"}]},{"@type":"WebSite","@id":"https:\/\/ledsolintel.com\/#website","url":"https:\/\/ledsolintel.com\/","name":"Webmenaje","description":"Magasin d'ampoules et de lampes LED pour les professionnels","publisher":{"@id":"https:\/\/ledsolintel.com\/#organization"},"potentialAction":[{"@type":"SearchAction","target":{"@type":"EntryPoint","urlTemplate":"https:\/\/ledsolintel.com\/?s={search_term_string}"},"query-input":{"@type":"PropertyValueSpecification","valueRequired":true,"valueName":"search_term_string"}}],"inLanguage":"fr-FR"},{"@type":"Organization","@id":"https:\/\/ledsolintel.com\/#organization","name":"Solintel Noroeste, S.L.","url":"https:\/\/ledsolintel.com\/","logo":{"@type":"ImageObject","inLanguage":"fr-FR","@id":"https:\/\/ledsolintel.com\/#\/schema\/logo\/image\/","url":"https:\/\/ledsolintel.com\/wp-content\/uploads\/2024\/11\/webmenaje-logo-1508269066.jpg","contentUrl":"https:\/\/ledsolintel.com\/wp-content\/uploads\/2024\/11\/webmenaje-logo-1508269066.jpg","width":370,"height":90,"caption":"Solintel Noroeste, S.L."},"image":{"@id":"https:\/\/ledsolintel.com\/#\/schema\/logo\/image\/"},"sameAs":["http:\/\/www.facebook.com\/webmenaje","https:\/\/x.com\/webmenaje","https:\/\/www.youtube.com\/channel\/UCX2KoVoeCG4LocZjUc6LmSQ","http:\/\/www.pinterest.com\/webmenaje"]}]}},"_links":{"self":[{"href":"https:\/\/ledsolintel.com\/fr\/wp-json\/wp\/v2\/product\/266630","targetHints":{"allow":["GET"]}}],"collection":[{"href":"https:\/\/ledsolintel.com\/fr\/wp-json\/wp\/v2\/product"}],"about":[{"href":"https:\/\/ledsolintel.com\/fr\/wp-json\/wp\/v2\/types\/product"}],"version-history":[{"count":1,"href":"https:\/\/ledsolintel.com\/fr\/wp-json\/wp\/v2\/product\/266630\/revisions"}],"predecessor-version":[{"id":266631,"href":"https:\/\/ledsolintel.com\/fr\/wp-json\/wp\/v2\/product\/266630\/revisions\/266631"}],"wp:featuredmedia":[{"embeddable":true,"href":"https:\/\/ledsolintel.com\/fr\/wp-json\/wp\/v2\/media\/259600"}],"wp:attachment":[{"href":"https:\/\/ledsolintel.com\/fr\/wp-json\/wp\/v2\/media?parent=266630"}],"wp:term":[{"taxonomy":"product_brand","embeddable":true,"href":"https:\/\/ledsolintel.com\/fr\/wp-json\/wp\/v2\/product_brand?post=266630"},{"taxonomy":"product_cat","embeddable":true,"href":"https:\/\/ledsolintel.com\/fr\/wp-json\/wp\/v2\/product_cat?post=266630"},{"taxonomy":"product_tag","embeddable":true,"href":"https:\/\/ledsolintel.com\/fr\/wp-json\/wp\/v2\/product_tag?post=266630"}],"curies":[{"name":"wp","href":"https:\/\/api.w.org\/{rel}","templated":true}]}}