{"id":266593,"date":"2025-11-11T13:52:36","date_gmt":"2025-11-11T12:52:36","guid":{"rendered":"https:\/\/nueva.ledsolintel.com\/product\/bombilla-regulable-led-old-360o-6w-estilo-retro\/"},"modified":"2026-04-07T10:19:23","modified_gmt":"2026-04-07T08:19:23","slug":"bombilla-regulable-led-old-360o-6w-estilo-retro","status":"publish","type":"product","link":"https:\/\/ledsolintel.com\/fr\/produit-2\/bombilla-regulable-led-old-360o-6w-estilo-retro\/","title":{"rendered":"OLD 360\u00ba ampoule led dimmable 6W style r\u00e9tro"},"content":{"rendered":"<p>La bombilla de filamento LED OLD A60 de 6W regulable, es una opci\u00f3n ideal para iluminar cualquier espacio de manera eficiente y econ\u00f3mica. Esta bombilla tiene un gran \u00edndice de reproduci\u00f3n crom\u00e1tica (Ra&gt;90-95)y adem\u00e1s, sustituye a las bombillas cl\u00e1sicas de toda la vida de filamento de 50W. Las bombillas LED consumen hasta un 85% menos de energ\u00eda y duran 20 veces m\u00e1s que las bombillas incandescentes.  Su instalaci\u00f3n debe realizarse en lugares interiores al poseer un grado de protecci\u00f3n IP20 (protecci\u00f3n contra part\u00edculas s\u00f3lidas de tama\u00f1o superior a 12mm y no es resistente al agua). Es ideal para crear ambientes retro en cualquier estancia dentro del hogar, siendo un complemento perfecto para nuestros accesorios de la serie vintage: campana vintage, portal\u00e1mparas, flor\u00f3n + pasacables o el cable el\u00e9ctrico vintage.  Los LEDs que integra del tipo COB son capaces de proporcionar un flujo luminoso de 550 lumens distribuidos uniformemente por un difusor de PVC, distribuyendo la luz en un \u00e1ngulo de apertura de 360\u00b0.  Posee unas dimensiones de \u2205 60 X 102 mm. Se instala en un casquillo de rosca normal (E27) pudiendo soportar un voltaje de entrada entre 200 y 240V, y una frecuencia de 50 Hz. Est\u00e1 disponible en color c\u00e1lido (2700\u00b0K)  Adem\u00e1s de ser un producto que tiene m\u00e1s de 30.000 horas de vida, dispone de una garant\u00eda de 3 a\u00f1os. Cuenta tambi\u00e9n con el certificado CE, que acredita que se cumple con los requisitos de la UE respecto a compatibilidad electromagn\u00e9tica y normativa de baja tensi\u00f3n. Con este certificado se declara la conformidad de dicho producto con todos los requisitos legales exigidos, y asegura la validez del producto para ser vendido en todo el Espacio Econ\u00f3mico Europeo.<\/p>","protected":false},"excerpt":{"rendered":"<p>La bombilla de filamento LED OLD A60 de 6W regulable, es una opci\u00f3n ideal para iluminar cualquier espacio de manera eficiente y econ\u00f3mica. Esta bombilla tiene un gran \u00edndice de reproduci\u00f3n crom\u00e1tica (Ra&gt;90-95)y adem\u00e1s, sustituye a las bombillas cl\u00e1sicas de toda la vida de filamento de 50W. Las bombillas LED consumen hasta un 85% menos &hellip; <a href=\"https:\/\/ledsolintel.com\/fr\/produit-2\/bombilla-regulable-led-old-360o-6w-estilo-retro\/\" class=\"more-link\">Continue reading <span class=\"screen-reader-text\">OLD 360\u00ba ampoule led dimmable 6W style r\u00e9tro<\/span><\/a><\/p>","protected":false},"featured_media":259557,"template":"","meta":[],"product_brand":[101370],"product_cat":[101371,15],"product_tag":[],"class_list":{"0":"post-266593","1":"product","2":"type-product","3":"status-publish","4":"has-post-thumbnail","6":"product_brand-masterled","7":"product_cat-masterled","8":"product_cat-uncategorized","9":"pa_temperatura-color-luz-calida","12":"instock","13":"taxable","14":"shipping-taxable","15":"purchasable","16":"product-type-simple"},"yoast_head":"<!-- This site is optimized with the Yoast SEO plugin v26.6 - https:\/\/yoast.com\/wordpress\/plugins\/seo\/ -->\n<title>Bombilla REGULABLE led OLD 360\u00ba 6W estilo retro - Ledsolintel<\/title>\n<meta name=\"robots\" content=\"index, follow, max-snippet:-1, max-image-preview:large, max-video-preview:-1\" \/>\n<link rel=\"canonical\" href=\"https:\/\/ledsolintel.com\/fr\/produit-2\/bombilla-regulable-led-old-360o-6w-estilo-retro\/\" \/>\n<meta property=\"og:locale\" content=\"fr_FR\" \/>\n<meta property=\"og:type\" content=\"article\" \/>\n<meta property=\"og:title\" content=\"Bombilla REGULABLE led OLD 360\u00ba 6W estilo retro - Ledsolintel\" \/>\n<meta property=\"og:description\" content=\"La bombilla de filamento LED OLD A60 de 6W regulable, es una opci\u00f3n ideal para iluminar cualquier espacio de manera eficiente y econ\u00f3mica. Esta bombilla tiene un gran \u00edndice de reproduci\u00f3n crom\u00e1tica (Ra&gt;90-95)y adem\u00e1s, sustituye a las bombillas cl\u00e1sicas de toda la vida de filamento de 50W. Las bombillas LED consumen hasta un 85% menos &hellip; Continue reading Bombilla REGULABLE led OLD 360\u00ba 6W estilo retro\" \/>\n<meta property=\"og:url\" content=\"https:\/\/ledsolintel.com\/fr\/produit-2\/bombilla-regulable-led-old-360o-6w-estilo-retro\/\" \/>\n<meta property=\"og:site_name\" content=\"Ledsolintel\" \/>\n<meta property=\"article:publisher\" content=\"http:\/\/www.facebook.com\/webmenaje\" \/>\n<meta property=\"article:modified_time\" content=\"2026-04-07T08:19:23+00:00\" \/>\n<meta property=\"og:image\" content=\"https:\/\/ledsolintel.com\/wp-content\/uploads\/2025\/11\/bombilla-de-filamentos-led-dorada-360-6w.jpg\" \/>\n\t<meta property=\"og:image:width\" content=\"1500\" \/>\n\t<meta property=\"og:image:height\" content=\"1500\" \/>\n\t<meta property=\"og:image:type\" content=\"image\/jpeg\" \/>\n<meta name=\"twitter:card\" content=\"summary_large_image\" \/>\n<meta name=\"twitter:site\" content=\"@webmenaje\" \/>\n<meta name=\"twitter:label1\" content=\"Dur\u00e9e de lecture estim\u00e9e\" \/>\n\t<meta name=\"twitter:data1\" content=\"1 minute\" \/>\n<script type=\"application\/ld+json\" class=\"yoast-schema-graph\">{\"@context\":\"https:\/\/schema.org\",\"@graph\":[{\"@type\":\"WebPage\",\"@id\":\"https:\/\/ledsolintel.com\/product\/bombilla-regulable-led-old-360o-6w-estilo-retro\/\",\"url\":\"https:\/\/ledsolintel.com\/product\/bombilla-regulable-led-old-360o-6w-estilo-retro\/\",\"name\":\"Bombilla REGULABLE led OLD 360\u00ba 6W estilo retro - Ledsolintel\",\"isPartOf\":{\"@id\":\"https:\/\/ledsolintel.com\/#website\"},\"primaryImageOfPage\":{\"@id\":\"https:\/\/ledsolintel.com\/product\/bombilla-regulable-led-old-360o-6w-estilo-retro\/#primaryimage\"},\"image\":{\"@id\":\"https:\/\/ledsolintel.com\/product\/bombilla-regulable-led-old-360o-6w-estilo-retro\/#primaryimage\"},\"thumbnailUrl\":\"https:\/\/ledsolintel.com\/wp-content\/uploads\/2025\/11\/bombilla-de-filamentos-led-dorada-360-6w.jpg\",\"datePublished\":\"2025-11-11T12:52:36+00:00\",\"dateModified\":\"2026-04-07T08:19:23+00:00\",\"breadcrumb\":{\"@id\":\"https:\/\/ledsolintel.com\/product\/bombilla-regulable-led-old-360o-6w-estilo-retro\/#breadcrumb\"},\"inLanguage\":\"fr-FR\",\"potentialAction\":[{\"@type\":\"ReadAction\",\"target\":[\"https:\/\/ledsolintel.com\/product\/bombilla-regulable-led-old-360o-6w-estilo-retro\/\"]}]},{\"@type\":\"ImageObject\",\"inLanguage\":\"fr-FR\",\"@id\":\"https:\/\/ledsolintel.com\/product\/bombilla-regulable-led-old-360o-6w-estilo-retro\/#primaryimage\",\"url\":\"https:\/\/ledsolintel.com\/wp-content\/uploads\/2025\/11\/bombilla-de-filamentos-led-dorada-360-6w.jpg\",\"contentUrl\":\"https:\/\/ledsolintel.com\/wp-content\/uploads\/2025\/11\/bombilla-de-filamentos-led-dorada-360-6w.jpg\",\"width\":1500,\"height\":1500},{\"@type\":\"BreadcrumbList\",\"@id\":\"https:\/\/ledsolintel.com\/product\/bombilla-regulable-led-old-360o-6w-estilo-retro\/#breadcrumb\",\"itemListElement\":[{\"@type\":\"ListItem\",\"position\":1,\"name\":\"Portada\",\"item\":\"https:\/\/ledsolintel.com\/fr\/\"},{\"@type\":\"ListItem\",\"position\":2,\"name\":\"Tienda\",\"item\":\"https:\/\/ledsolintel.com\/tienda\/\"},{\"@type\":\"ListItem\",\"position\":3,\"name\":\"Bombilla REGULABLE led OLD 360\u00ba 6W estilo retro\"}]},{\"@type\":\"WebSite\",\"@id\":\"https:\/\/ledsolintel.com\/#website\",\"url\":\"https:\/\/ledsolintel.com\/\",\"name\":\"Webmenaje\",\"description\":\"Tienda de bombillas y l\u00e1mparas LED para profesionales\",\"publisher\":{\"@id\":\"https:\/\/ledsolintel.com\/#organization\"},\"potentialAction\":[{\"@type\":\"SearchAction\",\"target\":{\"@type\":\"EntryPoint\",\"urlTemplate\":\"https:\/\/ledsolintel.com\/?s={search_term_string}\"},\"query-input\":{\"@type\":\"PropertyValueSpecification\",\"valueRequired\":true,\"valueName\":\"search_term_string\"}}],\"inLanguage\":\"fr-FR\"},{\"@type\":\"Organization\",\"@id\":\"https:\/\/ledsolintel.com\/#organization\",\"name\":\"Solintel Noroeste, S.L.\",\"url\":\"https:\/\/ledsolintel.com\/\",\"logo\":{\"@type\":\"ImageObject\",\"inLanguage\":\"fr-FR\",\"@id\":\"https:\/\/ledsolintel.com\/#\/schema\/logo\/image\/\",\"url\":\"https:\/\/ledsolintel.com\/wp-content\/uploads\/2024\/11\/webmenaje-logo-1508269066.jpg\",\"contentUrl\":\"https:\/\/ledsolintel.com\/wp-content\/uploads\/2024\/11\/webmenaje-logo-1508269066.jpg\",\"width\":370,\"height\":90,\"caption\":\"Solintel Noroeste, S.L.\"},\"image\":{\"@id\":\"https:\/\/ledsolintel.com\/#\/schema\/logo\/image\/\"},\"sameAs\":[\"http:\/\/www.facebook.com\/webmenaje\",\"https:\/\/x.com\/webmenaje\",\"https:\/\/www.youtube.com\/channel\/UCX2KoVoeCG4LocZjUc6LmSQ\",\"http:\/\/www.pinterest.com\/webmenaje\"]}]}<\/script>\n<!-- \/ Yoast SEO plugin. -->","yoast_head_json":{"title":"Bombilla REGULABLE led OLD 360\u00ba 6W estilo retro - Ledsolintel","robots":{"index":"index","follow":"follow","max-snippet":"max-snippet:-1","max-image-preview":"max-image-preview:large","max-video-preview":"max-video-preview:-1"},"canonical":"https:\/\/ledsolintel.com\/fr\/produit-2\/bombilla-regulable-led-old-360o-6w-estilo-retro\/","og_locale":"fr_FR","og_type":"article","og_title":"Bombilla REGULABLE led OLD 360\u00ba 6W estilo retro - Ledsolintel","og_description":"La bombilla de filamento LED OLD A60 de 6W regulable, es una opci\u00f3n ideal para iluminar cualquier espacio de manera eficiente y econ\u00f3mica. Esta bombilla tiene un gran \u00edndice de reproduci\u00f3n crom\u00e1tica (Ra&gt;90-95)y adem\u00e1s, sustituye a las bombillas cl\u00e1sicas de toda la vida de filamento de 50W. Las bombillas LED consumen hasta un 85% menos &hellip; Continue reading Bombilla REGULABLE led OLD 360\u00ba 6W estilo retro","og_url":"https:\/\/ledsolintel.com\/fr\/produit-2\/bombilla-regulable-led-old-360o-6w-estilo-retro\/","og_site_name":"Ledsolintel","article_publisher":"http:\/\/www.facebook.com\/webmenaje","article_modified_time":"2026-04-07T08:19:23+00:00","og_image":[{"width":1500,"height":1500,"url":"https:\/\/ledsolintel.com\/wp-content\/uploads\/2025\/11\/bombilla-de-filamentos-led-dorada-360-6w.jpg","type":"image\/jpeg"}],"twitter_card":"summary_large_image","twitter_site":"@webmenaje","twitter_misc":{"Dur\u00e9e de lecture estim\u00e9e":"1 minute"},"schema":{"@context":"https:\/\/schema.org","@graph":[{"@type":"WebPage","@id":"https:\/\/ledsolintel.com\/product\/bombilla-regulable-led-old-360o-6w-estilo-retro\/","url":"https:\/\/ledsolintel.com\/product\/bombilla-regulable-led-old-360o-6w-estilo-retro\/","name":"Bombilla REGULABLE led OLD 360\u00ba 6W estilo retro - Ledsolintel","isPartOf":{"@id":"https:\/\/ledsolintel.com\/#website"},"primaryImageOfPage":{"@id":"https:\/\/ledsolintel.com\/product\/bombilla-regulable-led-old-360o-6w-estilo-retro\/#primaryimage"},"image":{"@id":"https:\/\/ledsolintel.com\/product\/bombilla-regulable-led-old-360o-6w-estilo-retro\/#primaryimage"},"thumbnailUrl":"https:\/\/ledsolintel.com\/wp-content\/uploads\/2025\/11\/bombilla-de-filamentos-led-dorada-360-6w.jpg","datePublished":"2025-11-11T12:52:36+00:00","dateModified":"2026-04-07T08:19:23+00:00","breadcrumb":{"@id":"https:\/\/ledsolintel.com\/product\/bombilla-regulable-led-old-360o-6w-estilo-retro\/#breadcrumb"},"inLanguage":"fr-FR","potentialAction":[{"@type":"ReadAction","target":["https:\/\/ledsolintel.com\/product\/bombilla-regulable-led-old-360o-6w-estilo-retro\/"]}]},{"@type":"ImageObject","inLanguage":"fr-FR","@id":"https:\/\/ledsolintel.com\/product\/bombilla-regulable-led-old-360o-6w-estilo-retro\/#primaryimage","url":"https:\/\/ledsolintel.com\/wp-content\/uploads\/2025\/11\/bombilla-de-filamentos-led-dorada-360-6w.jpg","contentUrl":"https:\/\/ledsolintel.com\/wp-content\/uploads\/2025\/11\/bombilla-de-filamentos-led-dorada-360-6w.jpg","width":1500,"height":1500},{"@type":"BreadcrumbList","@id":"https:\/\/ledsolintel.com\/product\/bombilla-regulable-led-old-360o-6w-estilo-retro\/#breadcrumb","itemListElement":[{"@type":"ListItem","position":1,"name":"Portada","item":"https:\/\/ledsolintel.com\/fr\/"},{"@type":"ListItem","position":2,"name":"Tienda","item":"https:\/\/ledsolintel.com\/tienda\/"},{"@type":"ListItem","position":3,"name":"Bombilla REGULABLE led OLD 360\u00ba 6W estilo retro"}]},{"@type":"WebSite","@id":"https:\/\/ledsolintel.com\/#website","url":"https:\/\/ledsolintel.com\/","name":"Webmenaje","description":"Magasin d'ampoules et de lampes LED pour les professionnels","publisher":{"@id":"https:\/\/ledsolintel.com\/#organization"},"potentialAction":[{"@type":"SearchAction","target":{"@type":"EntryPoint","urlTemplate":"https:\/\/ledsolintel.com\/?s={search_term_string}"},"query-input":{"@type":"PropertyValueSpecification","valueRequired":true,"valueName":"search_term_string"}}],"inLanguage":"fr-FR"},{"@type":"Organization","@id":"https:\/\/ledsolintel.com\/#organization","name":"Solintel Noroeste, S.L.","url":"https:\/\/ledsolintel.com\/","logo":{"@type":"ImageObject","inLanguage":"fr-FR","@id":"https:\/\/ledsolintel.com\/#\/schema\/logo\/image\/","url":"https:\/\/ledsolintel.com\/wp-content\/uploads\/2024\/11\/webmenaje-logo-1508269066.jpg","contentUrl":"https:\/\/ledsolintel.com\/wp-content\/uploads\/2024\/11\/webmenaje-logo-1508269066.jpg","width":370,"height":90,"caption":"Solintel Noroeste, S.L."},"image":{"@id":"https:\/\/ledsolintel.com\/#\/schema\/logo\/image\/"},"sameAs":["http:\/\/www.facebook.com\/webmenaje","https:\/\/x.com\/webmenaje","https:\/\/www.youtube.com\/channel\/UCX2KoVoeCG4LocZjUc6LmSQ","http:\/\/www.pinterest.com\/webmenaje"]}]}},"_links":{"self":[{"href":"https:\/\/ledsolintel.com\/fr\/wp-json\/wp\/v2\/product\/266593","targetHints":{"allow":["GET"]}}],"collection":[{"href":"https:\/\/ledsolintel.com\/fr\/wp-json\/wp\/v2\/product"}],"about":[{"href":"https:\/\/ledsolintel.com\/fr\/wp-json\/wp\/v2\/types\/product"}],"version-history":[{"count":1,"href":"https:\/\/ledsolintel.com\/fr\/wp-json\/wp\/v2\/product\/266593\/revisions"}],"predecessor-version":[{"id":266594,"href":"https:\/\/ledsolintel.com\/fr\/wp-json\/wp\/v2\/product\/266593\/revisions\/266594"}],"wp:featuredmedia":[{"embeddable":true,"href":"https:\/\/ledsolintel.com\/fr\/wp-json\/wp\/v2\/media\/259557"}],"wp:attachment":[{"href":"https:\/\/ledsolintel.com\/fr\/wp-json\/wp\/v2\/media?parent=266593"}],"wp:term":[{"taxonomy":"product_brand","embeddable":true,"href":"https:\/\/ledsolintel.com\/fr\/wp-json\/wp\/v2\/product_brand?post=266593"},{"taxonomy":"product_cat","embeddable":true,"href":"https:\/\/ledsolintel.com\/fr\/wp-json\/wp\/v2\/product_cat?post=266593"},{"taxonomy":"product_tag","embeddable":true,"href":"https:\/\/ledsolintel.com\/fr\/wp-json\/wp\/v2\/product_tag?post=266593"}],"curies":[{"name":"wp","href":"https:\/\/api.w.org\/{rel}","templated":true}]}}