{"id":266581,"date":"2025-11-11T13:52:26","date_gmt":"2025-11-11T12:52:26","guid":{"rendered":"https:\/\/nueva.ledsolintel.com\/product\/base-para-tubo-led-t8-600-mm\/"},"modified":"2026-04-07T10:19:23","modified_gmt":"2026-04-07T08:19:23","slug":"base-pour-tube-led-t8-600-mm","status":"publish","type":"product","link":"https:\/\/ledsolintel.com\/fr\/produit-2\/base-pour-tube-led-t8-600-mm\/","title":{"rendered":"Socle pour tube LED T8 600 mm"},"content":{"rendered":"<p>Socle pour tube LED T8 de 600 mm de connexion par les deux t\u00eates. Il est con\u00e7u en aluminium et mesure 600 x 30 x 50 mm. Il doit \u00eatre install\u00e9 \u00e0 l'int\u00e9rieur en raison de son degr\u00e9 de protection IP20 (prot\u00e9g\u00e9 contre les particules solides de plus de 12 mm et non \u00e9tanche).  Il est garanti 3 ans. Il poss\u00e8de \u00e9galement le certificat CE, qui atteste qu'il est conforme aux exigences de l'UE en mati\u00e8re de compatibilit\u00e9 \u00e9lectromagn\u00e9tique et de r\u00e9glementation sur la basse tension. Ce certificat d\u00e9clare la conformit\u00e9 du produit \u00e0 toutes les exigences l\u00e9gales et garantit la validit\u00e9 du produit pour la vente dans l'Espace \u00e9conomique europ\u00e9en.  Il comprend des clips de fixation, des connecteurs permettant d'assembler plusieurs bases en continu et un connecteur pour l'installation sur le r\u00e9seau \u00e9lectrique.<\/p>","protected":false},"excerpt":{"rendered":"<p>Base para tubo LED T8 de 600 mm de conexi\u00f3n por las dos cabezas. Est\u00e1 dise\u00f1ado en aluminio con las medidas de 600 x 30 x 50 mm. Su instalaci\u00f3n se debe realizar en espacios interiores debido a su grado de protecci\u00f3n IP20 (protegido contra part\u00edculas s\u00f3lidas de tama\u00f1o superior a 12mm y no es &hellip; <a href=\"https:\/\/ledsolintel.com\/fr\/produit-2\/base-pour-tube-led-t8-600-mm\/\" class=\"more-link\">Continue reading <span class=\"screen-reader-text\">Socle pour tube LED T8 600 mm<\/span><\/a><\/p>","protected":false},"featured_media":259541,"template":"","meta":[],"product_brand":[101370],"product_cat":[101371,15],"product_tag":[],"class_list":{"0":"post-266581","1":"product","2":"type-product","3":"status-publish","4":"has-post-thumbnail","6":"product_brand-masterled","7":"product_cat-masterled","8":"product_cat-uncategorized","9":"pa_material-aluminio","12":"instock","13":"taxable","14":"shipping-taxable","15":"purchasable","16":"product-type-simple"},"yoast_head":"<!-- This site is optimized with the Yoast SEO plugin v26.6 - https:\/\/yoast.com\/wordpress\/plugins\/seo\/ -->\n<title>Base para tubo LED T8 600 mm - Ledsolintel<\/title>\n<meta name=\"robots\" content=\"index, follow, max-snippet:-1, max-image-preview:large, max-video-preview:-1\" \/>\n<link rel=\"canonical\" href=\"https:\/\/ledsolintel.com\/fr\/produit-2\/base-pour-tube-led-t8-600-mm\/\" \/>\n<meta property=\"og:locale\" content=\"fr_FR\" \/>\n<meta property=\"og:type\" content=\"article\" \/>\n<meta property=\"og:title\" content=\"Base para tubo LED T8 600 mm - Ledsolintel\" \/>\n<meta property=\"og:description\" content=\"Base para tubo LED T8 de 600 mm de conexi\u00f3n por las dos cabezas. Est\u00e1 dise\u00f1ado en aluminio con las medidas de 600 x 30 x 50 mm. Su instalaci\u00f3n se debe realizar en espacios interiores debido a su grado de protecci\u00f3n IP20 (protegido contra part\u00edculas s\u00f3lidas de tama\u00f1o superior a 12mm y no es &hellip; Continue reading Base para tubo LED T8 600 mm\" \/>\n<meta property=\"og:url\" content=\"https:\/\/ledsolintel.com\/fr\/produit-2\/base-pour-tube-led-t8-600-mm\/\" \/>\n<meta property=\"og:site_name\" content=\"Ledsolintel\" \/>\n<meta property=\"article:publisher\" content=\"http:\/\/www.facebook.com\/webmenaje\" \/>\n<meta property=\"article:modified_time\" content=\"2026-04-07T08:19:23+00:00\" \/>\n<meta property=\"og:image\" content=\"https:\/\/ledsolintel.com\/wp-content\/uploads\/2025\/11\/base-para-tubo-led-t8-600-mm.jpg\" \/>\n\t<meta property=\"og:image:width\" content=\"1500\" \/>\n\t<meta property=\"og:image:height\" content=\"1500\" \/>\n\t<meta property=\"og:image:type\" content=\"image\/jpeg\" \/>\n<meta name=\"twitter:card\" content=\"summary_large_image\" \/>\n<meta name=\"twitter:site\" content=\"@webmenaje\" \/>\n<meta name=\"twitter:label1\" content=\"Dur\u00e9e de lecture estim\u00e9e\" \/>\n\t<meta name=\"twitter:data1\" content=\"1 minute\" \/>\n<script type=\"application\/ld+json\" class=\"yoast-schema-graph\">{\"@context\":\"https:\/\/schema.org\",\"@graph\":[{\"@type\":\"WebPage\",\"@id\":\"https:\/\/ledsolintel.com\/product\/base-para-tubo-led-t8-600-mm\/\",\"url\":\"https:\/\/ledsolintel.com\/product\/base-para-tubo-led-t8-600-mm\/\",\"name\":\"Base para tubo LED T8 600 mm - Ledsolintel\",\"isPartOf\":{\"@id\":\"https:\/\/ledsolintel.com\/#website\"},\"primaryImageOfPage\":{\"@id\":\"https:\/\/ledsolintel.com\/product\/base-para-tubo-led-t8-600-mm\/#primaryimage\"},\"image\":{\"@id\":\"https:\/\/ledsolintel.com\/product\/base-para-tubo-led-t8-600-mm\/#primaryimage\"},\"thumbnailUrl\":\"https:\/\/ledsolintel.com\/wp-content\/uploads\/2025\/11\/base-para-tubo-led-t8-600-mm.jpg\",\"datePublished\":\"2025-11-11T12:52:26+00:00\",\"dateModified\":\"2026-04-07T08:19:23+00:00\",\"breadcrumb\":{\"@id\":\"https:\/\/ledsolintel.com\/product\/base-para-tubo-led-t8-600-mm\/#breadcrumb\"},\"inLanguage\":\"fr-FR\",\"potentialAction\":[{\"@type\":\"ReadAction\",\"target\":[\"https:\/\/ledsolintel.com\/product\/base-para-tubo-led-t8-600-mm\/\"]}]},{\"@type\":\"ImageObject\",\"inLanguage\":\"fr-FR\",\"@id\":\"https:\/\/ledsolintel.com\/product\/base-para-tubo-led-t8-600-mm\/#primaryimage\",\"url\":\"https:\/\/ledsolintel.com\/wp-content\/uploads\/2025\/11\/base-para-tubo-led-t8-600-mm.jpg\",\"contentUrl\":\"https:\/\/ledsolintel.com\/wp-content\/uploads\/2025\/11\/base-para-tubo-led-t8-600-mm.jpg\",\"width\":1500,\"height\":1500},{\"@type\":\"BreadcrumbList\",\"@id\":\"https:\/\/ledsolintel.com\/product\/base-para-tubo-led-t8-600-mm\/#breadcrumb\",\"itemListElement\":[{\"@type\":\"ListItem\",\"position\":1,\"name\":\"Portada\",\"item\":\"https:\/\/ledsolintel.com\/fr\/\"},{\"@type\":\"ListItem\",\"position\":2,\"name\":\"Tienda\",\"item\":\"https:\/\/ledsolintel.com\/tienda\/\"},{\"@type\":\"ListItem\",\"position\":3,\"name\":\"Base para tubo LED T8 600 mm\"}]},{\"@type\":\"WebSite\",\"@id\":\"https:\/\/ledsolintel.com\/#website\",\"url\":\"https:\/\/ledsolintel.com\/\",\"name\":\"Webmenaje\",\"description\":\"Tienda de bombillas y l\u00e1mparas LED para profesionales\",\"publisher\":{\"@id\":\"https:\/\/ledsolintel.com\/#organization\"},\"potentialAction\":[{\"@type\":\"SearchAction\",\"target\":{\"@type\":\"EntryPoint\",\"urlTemplate\":\"https:\/\/ledsolintel.com\/?s={search_term_string}\"},\"query-input\":{\"@type\":\"PropertyValueSpecification\",\"valueRequired\":true,\"valueName\":\"search_term_string\"}}],\"inLanguage\":\"fr-FR\"},{\"@type\":\"Organization\",\"@id\":\"https:\/\/ledsolintel.com\/#organization\",\"name\":\"Solintel Noroeste, S.L.\",\"url\":\"https:\/\/ledsolintel.com\/\",\"logo\":{\"@type\":\"ImageObject\",\"inLanguage\":\"fr-FR\",\"@id\":\"https:\/\/ledsolintel.com\/#\/schema\/logo\/image\/\",\"url\":\"https:\/\/ledsolintel.com\/wp-content\/uploads\/2024\/11\/webmenaje-logo-1508269066.jpg\",\"contentUrl\":\"https:\/\/ledsolintel.com\/wp-content\/uploads\/2024\/11\/webmenaje-logo-1508269066.jpg\",\"width\":370,\"height\":90,\"caption\":\"Solintel Noroeste, S.L.\"},\"image\":{\"@id\":\"https:\/\/ledsolintel.com\/#\/schema\/logo\/image\/\"},\"sameAs\":[\"http:\/\/www.facebook.com\/webmenaje\",\"https:\/\/x.com\/webmenaje\",\"https:\/\/www.youtube.com\/channel\/UCX2KoVoeCG4LocZjUc6LmSQ\",\"http:\/\/www.pinterest.com\/webmenaje\"]}]}<\/script>\n<!-- \/ Yoast SEO plugin. -->","yoast_head_json":{"title":"Base pour tube LED T8 600 mm - Ledsolintel","robots":{"index":"index","follow":"follow","max-snippet":"max-snippet:-1","max-image-preview":"max-image-preview:large","max-video-preview":"max-video-preview:-1"},"canonical":"https:\/\/ledsolintel.com\/fr\/produit-2\/base-pour-tube-led-t8-600-mm\/","og_locale":"fr_FR","og_type":"article","og_title":"Base para tubo LED T8 600 mm - Ledsolintel","og_description":"Base para tubo LED T8 de 600 mm de conexi\u00f3n por las dos cabezas. Est\u00e1 dise\u00f1ado en aluminio con las medidas de 600 x 30 x 50 mm. Su instalaci\u00f3n se debe realizar en espacios interiores debido a su grado de protecci\u00f3n IP20 (protegido contra part\u00edculas s\u00f3lidas de tama\u00f1o superior a 12mm y no es &hellip; Continue reading Base para tubo LED T8 600 mm","og_url":"https:\/\/ledsolintel.com\/fr\/produit-2\/base-pour-tube-led-t8-600-mm\/","og_site_name":"Ledsolintel","article_publisher":"http:\/\/www.facebook.com\/webmenaje","article_modified_time":"2026-04-07T08:19:23+00:00","og_image":[{"width":1500,"height":1500,"url":"https:\/\/ledsolintel.com\/wp-content\/uploads\/2025\/11\/base-para-tubo-led-t8-600-mm.jpg","type":"image\/jpeg"}],"twitter_card":"summary_large_image","twitter_site":"@webmenaje","twitter_misc":{"Dur\u00e9e de lecture estim\u00e9e":"1 minute"},"schema":{"@context":"https:\/\/schema.org","@graph":[{"@type":"WebPage","@id":"https:\/\/ledsolintel.com\/product\/base-para-tubo-led-t8-600-mm\/","url":"https:\/\/ledsolintel.com\/product\/base-para-tubo-led-t8-600-mm\/","name":"Base pour tube LED T8 600 mm - Ledsolintel","isPartOf":{"@id":"https:\/\/ledsolintel.com\/#website"},"primaryImageOfPage":{"@id":"https:\/\/ledsolintel.com\/product\/base-para-tubo-led-t8-600-mm\/#primaryimage"},"image":{"@id":"https:\/\/ledsolintel.com\/product\/base-para-tubo-led-t8-600-mm\/#primaryimage"},"thumbnailUrl":"https:\/\/ledsolintel.com\/wp-content\/uploads\/2025\/11\/base-para-tubo-led-t8-600-mm.jpg","datePublished":"2025-11-11T12:52:26+00:00","dateModified":"2026-04-07T08:19:23+00:00","breadcrumb":{"@id":"https:\/\/ledsolintel.com\/product\/base-para-tubo-led-t8-600-mm\/#breadcrumb"},"inLanguage":"fr-FR","potentialAction":[{"@type":"ReadAction","target":["https:\/\/ledsolintel.com\/product\/base-para-tubo-led-t8-600-mm\/"]}]},{"@type":"ImageObject","inLanguage":"fr-FR","@id":"https:\/\/ledsolintel.com\/product\/base-para-tubo-led-t8-600-mm\/#primaryimage","url":"https:\/\/ledsolintel.com\/wp-content\/uploads\/2025\/11\/base-para-tubo-led-t8-600-mm.jpg","contentUrl":"https:\/\/ledsolintel.com\/wp-content\/uploads\/2025\/11\/base-para-tubo-led-t8-600-mm.jpg","width":1500,"height":1500},{"@type":"BreadcrumbList","@id":"https:\/\/ledsolintel.com\/product\/base-para-tubo-led-t8-600-mm\/#breadcrumb","itemListElement":[{"@type":"ListItem","position":1,"name":"Portada","item":"https:\/\/ledsolintel.com\/fr\/"},{"@type":"ListItem","position":2,"name":"Tienda","item":"https:\/\/ledsolintel.com\/tienda\/"},{"@type":"ListItem","position":3,"name":"Base para tubo LED T8 600 mm"}]},{"@type":"WebSite","@id":"https:\/\/ledsolintel.com\/#website","url":"https:\/\/ledsolintel.com\/","name":"Webmenaje","description":"Magasin d'ampoules et de lampes LED pour les professionnels","publisher":{"@id":"https:\/\/ledsolintel.com\/#organization"},"potentialAction":[{"@type":"SearchAction","target":{"@type":"EntryPoint","urlTemplate":"https:\/\/ledsolintel.com\/?s={search_term_string}"},"query-input":{"@type":"PropertyValueSpecification","valueRequired":true,"valueName":"search_term_string"}}],"inLanguage":"fr-FR"},{"@type":"Organization","@id":"https:\/\/ledsolintel.com\/#organization","name":"Solintel Noroeste, S.L.","url":"https:\/\/ledsolintel.com\/","logo":{"@type":"ImageObject","inLanguage":"fr-FR","@id":"https:\/\/ledsolintel.com\/#\/schema\/logo\/image\/","url":"https:\/\/ledsolintel.com\/wp-content\/uploads\/2024\/11\/webmenaje-logo-1508269066.jpg","contentUrl":"https:\/\/ledsolintel.com\/wp-content\/uploads\/2024\/11\/webmenaje-logo-1508269066.jpg","width":370,"height":90,"caption":"Solintel Noroeste, S.L."},"image":{"@id":"https:\/\/ledsolintel.com\/#\/schema\/logo\/image\/"},"sameAs":["http:\/\/www.facebook.com\/webmenaje","https:\/\/x.com\/webmenaje","https:\/\/www.youtube.com\/channel\/UCX2KoVoeCG4LocZjUc6LmSQ","http:\/\/www.pinterest.com\/webmenaje"]}]}},"_links":{"self":[{"href":"https:\/\/ledsolintel.com\/fr\/wp-json\/wp\/v2\/product\/266581","targetHints":{"allow":["GET"]}}],"collection":[{"href":"https:\/\/ledsolintel.com\/fr\/wp-json\/wp\/v2\/product"}],"about":[{"href":"https:\/\/ledsolintel.com\/fr\/wp-json\/wp\/v2\/types\/product"}],"version-history":[{"count":1,"href":"https:\/\/ledsolintel.com\/fr\/wp-json\/wp\/v2\/product\/266581\/revisions"}],"predecessor-version":[{"id":266582,"href":"https:\/\/ledsolintel.com\/fr\/wp-json\/wp\/v2\/product\/266581\/revisions\/266582"}],"wp:featuredmedia":[{"embeddable":true,"href":"https:\/\/ledsolintel.com\/fr\/wp-json\/wp\/v2\/media\/259541"}],"wp:attachment":[{"href":"https:\/\/ledsolintel.com\/fr\/wp-json\/wp\/v2\/media?parent=266581"}],"wp:term":[{"taxonomy":"product_brand","embeddable":true,"href":"https:\/\/ledsolintel.com\/fr\/wp-json\/wp\/v2\/product_brand?post=266581"},{"taxonomy":"product_cat","embeddable":true,"href":"https:\/\/ledsolintel.com\/fr\/wp-json\/wp\/v2\/product_cat?post=266581"},{"taxonomy":"product_tag","embeddable":true,"href":"https:\/\/ledsolintel.com\/fr\/wp-json\/wp\/v2\/product_tag?post=266581"}],"curies":[{"name":"wp","href":"https:\/\/api.w.org\/{rel}","templated":true}]}}