{"id":266568,"date":"2025-11-11T13:52:14","date_gmt":"2025-11-11T12:52:14","guid":{"rendered":"https:\/\/nueva.ledsolintel.com\/product\/interruptor-regulador-tactil-para-perfiles-led\/"},"modified":"2026-04-07T10:19:23","modified_gmt":"2026-04-07T08:19:23","slug":"interruptor-regulador-tactil-para-perfiles-led","status":"publish","type":"product","link":"https:\/\/ledsolintel.com\/fr\/produit-2\/interruptor-regulador-tactil-para-perfiles-led\/","title":{"rendered":"Interrupteur tactile + gradateur pour profils LED"},"content":{"rendered":"<p>Interruptor + regulador (dimmer) t\u00e1ctil que permite encender y apagar las tiras de led de 12 y 24 V alojadas en perfiles de aluminio y tambi\u00e9n regular su intensidad de luz desde el 100% hasta el apagado. El dispositivo se aloja dentro del perfil y, gracias a un sensor \u00f3ptico, permite detectar las pulsaciones que se hacen con el dedo sobre el difusor opaco.  \u00a0  Su funcionamiento es muy sencillo, mediante una pulsaci\u00f3n corta, el dispositivo enciende o apaga la tira (una pulsaci\u00f3n para encender y otra para apagar). Si se mantiene una pulsaci\u00f3n prolongada el dispositivo permite ajustar progresivamente la intensidad de la luz de la tira, desde el apagado hasta el 100% de luminosidad. Su conexi\u00f3n es muy f\u00e1cil, mediante enchufe r\u00e1pido sin necesidad de hacer soldaduras.  \u00a0  Es importante recordar que en el momento de la conexi\u00f3n la tira siempre tiene que estar apagada.   \u00a0  Soporta un voltaje de entrada y de salida de: 12-24V.  \u00a0  Debido a su grado de protecci\u00f3n IP20 es ideal para instalar en zonas interiores (protecci\u00f3n contra part\u00edculas s\u00f3lidas de tama\u00f1o superior a 12mm y no es resistente al agua).  \u00a0  Adem\u00e1s de contar con m\u00e1s de 30.000 horas de vida, dispone de una garant\u00eda de 3 a\u00f1os. Cuenta tambi\u00e9n con el certificado CE, que acredita que se cumple con los requisitos de la UE respecto a compatibilidad electromagn\u00e9tica y normativa de baja tensi\u00f3n. Con este certificado se declara la conformidad de dicho producto con todos los requisitos legales exigidos, y asegura la validez del producto para ser vendido en todo el Espacio Econ\u00f3mico Europeo.<\/p>","protected":false},"excerpt":{"rendered":"<p>Interruptor + regulador (dimmer) t\u00e1ctil que permite encender y apagar las tiras de led de 12 y 24 V alojadas en perfiles de aluminio y tambi\u00e9n regular su intensidad de luz desde el 100% hasta el apagado. El dispositivo se aloja dentro del perfil y, gracias a un sensor \u00f3ptico, permite detectar las pulsaciones que &hellip; <a href=\"https:\/\/ledsolintel.com\/fr\/produit-2\/interruptor-regulador-tactil-para-perfiles-led\/\" class=\"more-link\">Continue reading <span class=\"screen-reader-text\">Interrupteur tactile + gradateur pour profils LED<\/span><\/a><\/p>","protected":false},"featured_media":259531,"template":"","meta":[],"product_brand":[101370],"product_cat":[101371,99617,15],"product_tag":[],"class_list":{"0":"post-266568","1":"product","2":"type-product","3":"status-publish","4":"has-post-thumbnail","6":"product_brand-masterled","7":"product_cat-masterled","8":"product_cat-material-electrico","9":"product_cat-uncategorized","10":"pa_interior-exterior-interior","13":"instock","14":"taxable","15":"shipping-taxable","16":"purchasable","17":"product-type-simple"},"yoast_head":"<!-- This site is optimized with the Yoast SEO plugin v26.6 - https:\/\/yoast.com\/wordpress\/plugins\/seo\/ -->\n<title>Interruptor + regulador t\u00e1ctil para perfiles LED - Ledsolintel<\/title>\n<meta name=\"robots\" content=\"index, follow, max-snippet:-1, max-image-preview:large, max-video-preview:-1\" \/>\n<link rel=\"canonical\" href=\"https:\/\/ledsolintel.com\/fr\/produit-2\/interruptor-regulador-tactil-para-perfiles-led\/\" \/>\n<meta property=\"og:locale\" content=\"fr_FR\" \/>\n<meta property=\"og:type\" content=\"article\" \/>\n<meta property=\"og:title\" content=\"Interruptor + regulador t\u00e1ctil para perfiles LED - Ledsolintel\" \/>\n<meta property=\"og:description\" content=\"Interruptor + regulador (dimmer) t\u00e1ctil que permite encender y apagar las tiras de led de 12 y 24 V alojadas en perfiles de aluminio y tambi\u00e9n regular su intensidad de luz desde el 100% hasta el apagado. El dispositivo se aloja dentro del perfil y, gracias a un sensor \u00f3ptico, permite detectar las pulsaciones que &hellip; Continue reading Interruptor + regulador t\u00e1ctil para perfiles LED\" \/>\n<meta property=\"og:url\" content=\"https:\/\/ledsolintel.com\/fr\/produit-2\/interruptor-regulador-tactil-para-perfiles-led\/\" \/>\n<meta property=\"og:site_name\" content=\"Ledsolintel\" \/>\n<meta property=\"article:publisher\" content=\"http:\/\/www.facebook.com\/webmenaje\" \/>\n<meta property=\"article:modified_time\" content=\"2026-04-07T08:19:23+00:00\" \/>\n<meta property=\"og:image\" content=\"https:\/\/ledsolintel.com\/wp-content\/uploads\/2025\/11\/interruptor-regulador-tactil-para-perfiles-led.jpg\" \/>\n\t<meta property=\"og:image:width\" content=\"1500\" \/>\n\t<meta property=\"og:image:height\" content=\"1500\" \/>\n\t<meta property=\"og:image:type\" content=\"image\/jpeg\" \/>\n<meta name=\"twitter:card\" content=\"summary_large_image\" \/>\n<meta name=\"twitter:site\" content=\"@webmenaje\" \/>\n<meta name=\"twitter:label1\" content=\"Dur\u00e9e de lecture estim\u00e9e\" \/>\n\t<meta name=\"twitter:data1\" content=\"1 minute\" \/>\n<script type=\"application\/ld+json\" class=\"yoast-schema-graph\">{\"@context\":\"https:\/\/schema.org\",\"@graph\":[{\"@type\":\"WebPage\",\"@id\":\"https:\/\/ledsolintel.com\/product\/interruptor-regulador-tactil-para-perfiles-led\/\",\"url\":\"https:\/\/ledsolintel.com\/product\/interruptor-regulador-tactil-para-perfiles-led\/\",\"name\":\"Interruptor + regulador t\u00e1ctil para perfiles LED - Ledsolintel\",\"isPartOf\":{\"@id\":\"https:\/\/ledsolintel.com\/#website\"},\"primaryImageOfPage\":{\"@id\":\"https:\/\/ledsolintel.com\/product\/interruptor-regulador-tactil-para-perfiles-led\/#primaryimage\"},\"image\":{\"@id\":\"https:\/\/ledsolintel.com\/product\/interruptor-regulador-tactil-para-perfiles-led\/#primaryimage\"},\"thumbnailUrl\":\"https:\/\/ledsolintel.com\/wp-content\/uploads\/2025\/11\/interruptor-regulador-tactil-para-perfiles-led.jpg\",\"datePublished\":\"2025-11-11T12:52:14+00:00\",\"dateModified\":\"2026-04-07T08:19:23+00:00\",\"breadcrumb\":{\"@id\":\"https:\/\/ledsolintel.com\/product\/interruptor-regulador-tactil-para-perfiles-led\/#breadcrumb\"},\"inLanguage\":\"fr-FR\",\"potentialAction\":[{\"@type\":\"ReadAction\",\"target\":[\"https:\/\/ledsolintel.com\/product\/interruptor-regulador-tactil-para-perfiles-led\/\"]}]},{\"@type\":\"ImageObject\",\"inLanguage\":\"fr-FR\",\"@id\":\"https:\/\/ledsolintel.com\/product\/interruptor-regulador-tactil-para-perfiles-led\/#primaryimage\",\"url\":\"https:\/\/ledsolintel.com\/wp-content\/uploads\/2025\/11\/interruptor-regulador-tactil-para-perfiles-led.jpg\",\"contentUrl\":\"https:\/\/ledsolintel.com\/wp-content\/uploads\/2025\/11\/interruptor-regulador-tactil-para-perfiles-led.jpg\",\"width\":1500,\"height\":1500},{\"@type\":\"BreadcrumbList\",\"@id\":\"https:\/\/ledsolintel.com\/product\/interruptor-regulador-tactil-para-perfiles-led\/#breadcrumb\",\"itemListElement\":[{\"@type\":\"ListItem\",\"position\":1,\"name\":\"Portada\",\"item\":\"https:\/\/ledsolintel.com\/fr\/\"},{\"@type\":\"ListItem\",\"position\":2,\"name\":\"Tienda\",\"item\":\"https:\/\/ledsolintel.com\/tienda\/\"},{\"@type\":\"ListItem\",\"position\":3,\"name\":\"Interruptor + regulador t\u00e1ctil para perfiles LED\"}]},{\"@type\":\"WebSite\",\"@id\":\"https:\/\/ledsolintel.com\/#website\",\"url\":\"https:\/\/ledsolintel.com\/\",\"name\":\"Webmenaje\",\"description\":\"Tienda de bombillas y l\u00e1mparas LED para profesionales\",\"publisher\":{\"@id\":\"https:\/\/ledsolintel.com\/#organization\"},\"potentialAction\":[{\"@type\":\"SearchAction\",\"target\":{\"@type\":\"EntryPoint\",\"urlTemplate\":\"https:\/\/ledsolintel.com\/?s={search_term_string}\"},\"query-input\":{\"@type\":\"PropertyValueSpecification\",\"valueRequired\":true,\"valueName\":\"search_term_string\"}}],\"inLanguage\":\"fr-FR\"},{\"@type\":\"Organization\",\"@id\":\"https:\/\/ledsolintel.com\/#organization\",\"name\":\"Solintel Noroeste, S.L.\",\"url\":\"https:\/\/ledsolintel.com\/\",\"logo\":{\"@type\":\"ImageObject\",\"inLanguage\":\"fr-FR\",\"@id\":\"https:\/\/ledsolintel.com\/#\/schema\/logo\/image\/\",\"url\":\"https:\/\/ledsolintel.com\/wp-content\/uploads\/2024\/11\/webmenaje-logo-1508269066.jpg\",\"contentUrl\":\"https:\/\/ledsolintel.com\/wp-content\/uploads\/2024\/11\/webmenaje-logo-1508269066.jpg\",\"width\":370,\"height\":90,\"caption\":\"Solintel Noroeste, S.L.\"},\"image\":{\"@id\":\"https:\/\/ledsolintel.com\/#\/schema\/logo\/image\/\"},\"sameAs\":[\"http:\/\/www.facebook.com\/webmenaje\",\"https:\/\/x.com\/webmenaje\",\"https:\/\/www.youtube.com\/channel\/UCX2KoVoeCG4LocZjUc6LmSQ\",\"http:\/\/www.pinterest.com\/webmenaje\"]}]}<\/script>\n<!-- \/ Yoast SEO plugin. -->","yoast_head_json":{"title":"Interruptor + regulador t\u00e1ctil para perfiles LED - Ledsolintel","robots":{"index":"index","follow":"follow","max-snippet":"max-snippet:-1","max-image-preview":"max-image-preview:large","max-video-preview":"max-video-preview:-1"},"canonical":"https:\/\/ledsolintel.com\/fr\/produit-2\/interruptor-regulador-tactil-para-perfiles-led\/","og_locale":"fr_FR","og_type":"article","og_title":"Interruptor + regulador t\u00e1ctil para perfiles LED - Ledsolintel","og_description":"Interruptor + regulador (dimmer) t\u00e1ctil que permite encender y apagar las tiras de led de 12 y 24 V alojadas en perfiles de aluminio y tambi\u00e9n regular su intensidad de luz desde el 100% hasta el apagado. El dispositivo se aloja dentro del perfil y, gracias a un sensor \u00f3ptico, permite detectar las pulsaciones que &hellip; Continue reading Interruptor + regulador t\u00e1ctil para perfiles LED","og_url":"https:\/\/ledsolintel.com\/fr\/produit-2\/interruptor-regulador-tactil-para-perfiles-led\/","og_site_name":"Ledsolintel","article_publisher":"http:\/\/www.facebook.com\/webmenaje","article_modified_time":"2026-04-07T08:19:23+00:00","og_image":[{"width":1500,"height":1500,"url":"https:\/\/ledsolintel.com\/wp-content\/uploads\/2025\/11\/interruptor-regulador-tactil-para-perfiles-led.jpg","type":"image\/jpeg"}],"twitter_card":"summary_large_image","twitter_site":"@webmenaje","twitter_misc":{"Dur\u00e9e de lecture estim\u00e9e":"1 minute"},"schema":{"@context":"https:\/\/schema.org","@graph":[{"@type":"WebPage","@id":"https:\/\/ledsolintel.com\/product\/interruptor-regulador-tactil-para-perfiles-led\/","url":"https:\/\/ledsolintel.com\/product\/interruptor-regulador-tactil-para-perfiles-led\/","name":"Interruptor + regulador t\u00e1ctil para perfiles LED - Ledsolintel","isPartOf":{"@id":"https:\/\/ledsolintel.com\/#website"},"primaryImageOfPage":{"@id":"https:\/\/ledsolintel.com\/product\/interruptor-regulador-tactil-para-perfiles-led\/#primaryimage"},"image":{"@id":"https:\/\/ledsolintel.com\/product\/interruptor-regulador-tactil-para-perfiles-led\/#primaryimage"},"thumbnailUrl":"https:\/\/ledsolintel.com\/wp-content\/uploads\/2025\/11\/interruptor-regulador-tactil-para-perfiles-led.jpg","datePublished":"2025-11-11T12:52:14+00:00","dateModified":"2026-04-07T08:19:23+00:00","breadcrumb":{"@id":"https:\/\/ledsolintel.com\/product\/interruptor-regulador-tactil-para-perfiles-led\/#breadcrumb"},"inLanguage":"fr-FR","potentialAction":[{"@type":"ReadAction","target":["https:\/\/ledsolintel.com\/product\/interruptor-regulador-tactil-para-perfiles-led\/"]}]},{"@type":"ImageObject","inLanguage":"fr-FR","@id":"https:\/\/ledsolintel.com\/product\/interruptor-regulador-tactil-para-perfiles-led\/#primaryimage","url":"https:\/\/ledsolintel.com\/wp-content\/uploads\/2025\/11\/interruptor-regulador-tactil-para-perfiles-led.jpg","contentUrl":"https:\/\/ledsolintel.com\/wp-content\/uploads\/2025\/11\/interruptor-regulador-tactil-para-perfiles-led.jpg","width":1500,"height":1500},{"@type":"BreadcrumbList","@id":"https:\/\/ledsolintel.com\/product\/interruptor-regulador-tactil-para-perfiles-led\/#breadcrumb","itemListElement":[{"@type":"ListItem","position":1,"name":"Portada","item":"https:\/\/ledsolintel.com\/fr\/"},{"@type":"ListItem","position":2,"name":"Tienda","item":"https:\/\/ledsolintel.com\/tienda\/"},{"@type":"ListItem","position":3,"name":"Interruptor + regulador t\u00e1ctil para perfiles LED"}]},{"@type":"WebSite","@id":"https:\/\/ledsolintel.com\/#website","url":"https:\/\/ledsolintel.com\/","name":"Webmenaje","description":"Magasin d'ampoules et de lampes LED pour les professionnels","publisher":{"@id":"https:\/\/ledsolintel.com\/#organization"},"potentialAction":[{"@type":"SearchAction","target":{"@type":"EntryPoint","urlTemplate":"https:\/\/ledsolintel.com\/?s={search_term_string}"},"query-input":{"@type":"PropertyValueSpecification","valueRequired":true,"valueName":"search_term_string"}}],"inLanguage":"fr-FR"},{"@type":"Organization","@id":"https:\/\/ledsolintel.com\/#organization","name":"Solintel Noroeste, S.L.","url":"https:\/\/ledsolintel.com\/","logo":{"@type":"ImageObject","inLanguage":"fr-FR","@id":"https:\/\/ledsolintel.com\/#\/schema\/logo\/image\/","url":"https:\/\/ledsolintel.com\/wp-content\/uploads\/2024\/11\/webmenaje-logo-1508269066.jpg","contentUrl":"https:\/\/ledsolintel.com\/wp-content\/uploads\/2024\/11\/webmenaje-logo-1508269066.jpg","width":370,"height":90,"caption":"Solintel Noroeste, S.L."},"image":{"@id":"https:\/\/ledsolintel.com\/#\/schema\/logo\/image\/"},"sameAs":["http:\/\/www.facebook.com\/webmenaje","https:\/\/x.com\/webmenaje","https:\/\/www.youtube.com\/channel\/UCX2KoVoeCG4LocZjUc6LmSQ","http:\/\/www.pinterest.com\/webmenaje"]}]}},"_links":{"self":[{"href":"https:\/\/ledsolintel.com\/fr\/wp-json\/wp\/v2\/product\/266568","targetHints":{"allow":["GET"]}}],"collection":[{"href":"https:\/\/ledsolintel.com\/fr\/wp-json\/wp\/v2\/product"}],"about":[{"href":"https:\/\/ledsolintel.com\/fr\/wp-json\/wp\/v2\/types\/product"}],"version-history":[{"count":1,"href":"https:\/\/ledsolintel.com\/fr\/wp-json\/wp\/v2\/product\/266568\/revisions"}],"predecessor-version":[{"id":266569,"href":"https:\/\/ledsolintel.com\/fr\/wp-json\/wp\/v2\/product\/266568\/revisions\/266569"}],"wp:featuredmedia":[{"embeddable":true,"href":"https:\/\/ledsolintel.com\/fr\/wp-json\/wp\/v2\/media\/259531"}],"wp:attachment":[{"href":"https:\/\/ledsolintel.com\/fr\/wp-json\/wp\/v2\/media?parent=266568"}],"wp:term":[{"taxonomy":"product_brand","embeddable":true,"href":"https:\/\/ledsolintel.com\/fr\/wp-json\/wp\/v2\/product_brand?post=266568"},{"taxonomy":"product_cat","embeddable":true,"href":"https:\/\/ledsolintel.com\/fr\/wp-json\/wp\/v2\/product_cat?post=266568"},{"taxonomy":"product_tag","embeddable":true,"href":"https:\/\/ledsolintel.com\/fr\/wp-json\/wp\/v2\/product_tag?post=266568"}],"curies":[{"name":"wp","href":"https:\/\/api.w.org\/{rel}","templated":true}]}}