{"id":266564,"date":"2025-11-11T13:52:10","date_gmt":"2025-11-11T12:52:10","guid":{"rendered":"https:\/\/nueva.ledsolintel.com\/product\/panel-led-30-x-120-cm-40w-marco-plata\/"},"modified":"2026-04-07T10:19:23","modified_gmt":"2026-04-07T08:19:23","slug":"panel-led-30-x-120-cm-40w-marco-plata","status":"publish","type":"product","link":"https:\/\/ledsolintel.com\/fr\/produit-2\/panel-led-30-x-120-cm-40w-marco-plata\/","title":{"rendered":"Panneau LED 30 x 120 cm 40W cadre argent\u00e9"},"content":{"rendered":"<p>Panel LED para techo con marco de plata extraplano de 40W dispone de leds a lo largo de todo el panel siendo la distribuci\u00f3n luminosa m\u00e1s uniforme en comparaci\u00f3n con los paneles extraplanos. Su dise\u00f1o le confiere una gran robustez, as\u00ed como una gran potencia lum\u00ednica. Es un producto ideal para la iluminaci\u00f3n de oficinas, pasillos, bibliotecas, salas de reuniones, colegios, hoteles, bares y restaurantes. Tambi\u00e9n disponible en versi\u00f3n regulable, adquiriendo el driver regulable correspondiente.  Para evitar da\u00f1os en el driver o en la luminaria, se debe realizar la instalaci\u00f3n sin tensi\u00f3n en la red el\u00e9ctrica. Nunca conecte un panel a un driver cuando dicho driver tenga tensi\u00f3n el\u00e9ctrica.  Cuenta con una alta eficacia al consumir 40W mediante los LEDs SMD que integra, logrando proporcionar un flujo luminoso de 3800 lumens. La iluminaci\u00f3n que aporta representa un consumo por valor de 40kWh\/1000h, lo que supone una reducci\u00f3n de la cantidad de energ\u00eda facturada y de emisiones de gases contaminantes a la atm\u00f3sfera. Este panel est\u00e1 disponible en dos temperaturas de color: blanca (6000\u00b0K) y neutra (4500\u00b0K).  Su instalaci\u00f3n debe realizarse en lugares interiores al poseer un grado de protecci\u00f3n IP20 (protecci\u00f3n contra part\u00edculas s\u00f3lidas de tama\u00f1o superior a 12mm y no es resistente al agua). Soporta un voltaje de entrada de 220V y una frecuencia de servicio de 50\/60 Hz. Est\u00e1 dise\u00f1ado en aluminio y PVC con las dimensiones de 295 x 1195 x 9 mm, y la medida de corte de 275 x 1175 mm.  Este panel led viene en su forma m\u00e1s simple, que es para posar sobre techo t\u00e9cnico. Para las dem\u00e1s opciones se han de adquirir los accesorios para cada sistema de montaje.  \u00a0  a) Instalaci\u00f3n mediante Kit instalaci\u00f3n panel led colgante: se fijan al techo por mediaci\u00f3n de cables de acero y piezas de fijacci\u00f3n. Entrar en Kit instalaci\u00f3n panel led colgante.  b) Instalaci\u00f3n mediante kit para techos de escayola: consta de unas grapas que se fijan al panel y permiten encastrarlo en el falso techo. Entrar en Kit escayola para panel 30&#215;120 cm.  c) Instalaci\u00f3n mediante kit de superficie: consta de unas escuadras que se agarran al panel y permiten fijarlo al techo. Entrar en Kit de superficie para panel LED.  d) Instalaci\u00f3n marco de superficie: el panel se posa en el marco que va fijado al techo. Entrar en marco aluminio para panel 30&#215;120.  \u00a0  Adem\u00e1s de ser un producto que tiene m\u00e1s de 30.000 horas de vida, dispone de una garant\u00eda de 3 a\u00f1os. Cuenta tambi\u00e9n con el certificado CE, que acredita que se cumple con los requisitos de la UE respecto a compatibilidad electromagn\u00e9tica y normativa de baja tensi\u00f3n. Con este certificado se declara la conformidad de dicho producto con todos los requisitos legales exigidos, y asegura la validez del producto para ser vendido en todo el Espacio Econ\u00f3mico Europeo.  Incluye driver.<\/p>","protected":false},"excerpt":{"rendered":"<p>Panel LED para techo con marco de plata extraplano de 40W dispone de leds a lo largo de todo el panel siendo la distribuci\u00f3n luminosa m\u00e1s uniforme en comparaci\u00f3n con los paneles extraplanos. Su dise\u00f1o le confiere una gran robustez, as\u00ed como una gran potencia lum\u00ednica. Es un producto ideal para la iluminaci\u00f3n de oficinas, &hellip; <a href=\"https:\/\/ledsolintel.com\/fr\/produit-2\/panel-led-30-x-120-cm-40w-marco-plata\/\" class=\"more-link\">Continue reading <span class=\"screen-reader-text\">Panneau LED 30 x 120 cm 40W cadre argent\u00e9<\/span><\/a><\/p>","protected":false},"featured_media":259529,"template":"","meta":[],"product_brand":[101370],"product_cat":[15,101371],"product_tag":[],"class_list":{"0":"post-266564","1":"product","2":"type-product","3":"status-publish","4":"has-post-thumbnail","6":"product_brand-masterled","7":"product_cat-uncategorized","8":"product_cat-masterled","9":"pa_temperatura-color-luz-blanca","10":"pa_temperatura-color-luz-neutra","13":"instock","14":"taxable","15":"shipping-taxable","16":"purchasable","17":"product-type-variable","18":"has-default-attributes"},"yoast_head":"<!-- This site is optimized with the Yoast SEO plugin v26.6 - https:\/\/yoast.com\/wordpress\/plugins\/seo\/ -->\n<title>Panel Led 30 x 120 cm 40W marco plata - Ledsolintel<\/title>\n<meta name=\"robots\" content=\"index, follow, max-snippet:-1, max-image-preview:large, max-video-preview:-1\" \/>\n<link rel=\"canonical\" href=\"https:\/\/ledsolintel.com\/fr\/produit-2\/panel-led-30-x-120-cm-40w-marco-plata\/\" \/>\n<meta property=\"og:locale\" content=\"fr_FR\" \/>\n<meta property=\"og:type\" content=\"article\" \/>\n<meta property=\"og:title\" content=\"Panel Led 30 x 120 cm 40W marco plata - Ledsolintel\" \/>\n<meta property=\"og:description\" content=\"Panel LED para techo con marco de plata extraplano de 40W dispone de leds a lo largo de todo el panel siendo la distribuci\u00f3n luminosa m\u00e1s uniforme en comparaci\u00f3n con los paneles extraplanos. Su dise\u00f1o le confiere una gran robustez, as\u00ed como una gran potencia lum\u00ednica. Es un producto ideal para la iluminaci\u00f3n de oficinas, &hellip; Continue reading Panel Led 30 x 120 cm 40W marco plata\" \/>\n<meta property=\"og:url\" content=\"https:\/\/ledsolintel.com\/fr\/produit-2\/panel-led-30-x-120-cm-40w-marco-plata\/\" \/>\n<meta property=\"og:site_name\" content=\"Ledsolintel\" \/>\n<meta property=\"article:publisher\" content=\"http:\/\/www.facebook.com\/webmenaje\" \/>\n<meta property=\"article:modified_time\" content=\"2026-04-07T08:19:23+00:00\" \/>\n<meta property=\"og:image\" content=\"https:\/\/ledsolintel.com\/wp-content\/uploads\/2025\/11\/panel-led-120x30-1.jpg\" \/>\n\t<meta property=\"og:image:width\" content=\"600\" \/>\n\t<meta property=\"og:image:height\" content=\"600\" \/>\n\t<meta property=\"og:image:type\" content=\"image\/jpeg\" \/>\n<meta name=\"twitter:card\" content=\"summary_large_image\" \/>\n<meta name=\"twitter:site\" content=\"@webmenaje\" \/>\n<meta name=\"twitter:label1\" content=\"Dur\u00e9e de lecture estim\u00e9e\" \/>\n\t<meta name=\"twitter:data1\" content=\"3 minutes\" \/>\n<script type=\"application\/ld+json\" class=\"yoast-schema-graph\">{\"@context\":\"https:\/\/schema.org\",\"@graph\":[{\"@type\":\"WebPage\",\"@id\":\"https:\/\/ledsolintel.com\/product\/panel-led-30-x-120-cm-40w-marco-plata\/\",\"url\":\"https:\/\/ledsolintel.com\/product\/panel-led-30-x-120-cm-40w-marco-plata\/\",\"name\":\"Panel Led 30 x 120 cm 40W marco plata - Ledsolintel\",\"isPartOf\":{\"@id\":\"https:\/\/ledsolintel.com\/#website\"},\"primaryImageOfPage\":{\"@id\":\"https:\/\/ledsolintel.com\/product\/panel-led-30-x-120-cm-40w-marco-plata\/#primaryimage\"},\"image\":{\"@id\":\"https:\/\/ledsolintel.com\/product\/panel-led-30-x-120-cm-40w-marco-plata\/#primaryimage\"},\"thumbnailUrl\":\"https:\/\/ledsolintel.com\/wp-content\/uploads\/2025\/11\/panel-led-120x30-1.jpg\",\"datePublished\":\"2025-11-11T12:52:10+00:00\",\"dateModified\":\"2026-04-07T08:19:23+00:00\",\"breadcrumb\":{\"@id\":\"https:\/\/ledsolintel.com\/product\/panel-led-30-x-120-cm-40w-marco-plata\/#breadcrumb\"},\"inLanguage\":\"fr-FR\",\"potentialAction\":[{\"@type\":\"ReadAction\",\"target\":[\"https:\/\/ledsolintel.com\/product\/panel-led-30-x-120-cm-40w-marco-plata\/\"]}]},{\"@type\":\"ImageObject\",\"inLanguage\":\"fr-FR\",\"@id\":\"https:\/\/ledsolintel.com\/product\/panel-led-30-x-120-cm-40w-marco-plata\/#primaryimage\",\"url\":\"https:\/\/ledsolintel.com\/wp-content\/uploads\/2025\/11\/panel-led-120x30-1.jpg\",\"contentUrl\":\"https:\/\/ledsolintel.com\/wp-content\/uploads\/2025\/11\/panel-led-120x30-1.jpg\",\"width\":600,\"height\":600},{\"@type\":\"BreadcrumbList\",\"@id\":\"https:\/\/ledsolintel.com\/product\/panel-led-30-x-120-cm-40w-marco-plata\/#breadcrumb\",\"itemListElement\":[{\"@type\":\"ListItem\",\"position\":1,\"name\":\"Portada\",\"item\":\"https:\/\/ledsolintel.com\/fr\/\"},{\"@type\":\"ListItem\",\"position\":2,\"name\":\"Tienda\",\"item\":\"https:\/\/ledsolintel.com\/tienda\/\"},{\"@type\":\"ListItem\",\"position\":3,\"name\":\"Panel Led 30 x 120 cm 40W marco plata\"}]},{\"@type\":\"WebSite\",\"@id\":\"https:\/\/ledsolintel.com\/#website\",\"url\":\"https:\/\/ledsolintel.com\/\",\"name\":\"Webmenaje\",\"description\":\"Tienda de bombillas y l\u00e1mparas LED para profesionales\",\"publisher\":{\"@id\":\"https:\/\/ledsolintel.com\/#organization\"},\"potentialAction\":[{\"@type\":\"SearchAction\",\"target\":{\"@type\":\"EntryPoint\",\"urlTemplate\":\"https:\/\/ledsolintel.com\/?s={search_term_string}\"},\"query-input\":{\"@type\":\"PropertyValueSpecification\",\"valueRequired\":true,\"valueName\":\"search_term_string\"}}],\"inLanguage\":\"fr-FR\"},{\"@type\":\"Organization\",\"@id\":\"https:\/\/ledsolintel.com\/#organization\",\"name\":\"Solintel Noroeste, S.L.\",\"url\":\"https:\/\/ledsolintel.com\/\",\"logo\":{\"@type\":\"ImageObject\",\"inLanguage\":\"fr-FR\",\"@id\":\"https:\/\/ledsolintel.com\/#\/schema\/logo\/image\/\",\"url\":\"https:\/\/ledsolintel.com\/wp-content\/uploads\/2024\/11\/webmenaje-logo-1508269066.jpg\",\"contentUrl\":\"https:\/\/ledsolintel.com\/wp-content\/uploads\/2024\/11\/webmenaje-logo-1508269066.jpg\",\"width\":370,\"height\":90,\"caption\":\"Solintel Noroeste, S.L.\"},\"image\":{\"@id\":\"https:\/\/ledsolintel.com\/#\/schema\/logo\/image\/\"},\"sameAs\":[\"http:\/\/www.facebook.com\/webmenaje\",\"https:\/\/x.com\/webmenaje\",\"https:\/\/www.youtube.com\/channel\/UCX2KoVoeCG4LocZjUc6LmSQ\",\"http:\/\/www.pinterest.com\/webmenaje\"]}]}<\/script>\n<!-- \/ Yoast SEO plugin. -->","yoast_head_json":{"title":"Panel Led 30 x 120 cm 40W marco plata - Ledsolintel","robots":{"index":"index","follow":"follow","max-snippet":"max-snippet:-1","max-image-preview":"max-image-preview:large","max-video-preview":"max-video-preview:-1"},"canonical":"https:\/\/ledsolintel.com\/fr\/produit-2\/panel-led-30-x-120-cm-40w-marco-plata\/","og_locale":"fr_FR","og_type":"article","og_title":"Panel Led 30 x 120 cm 40W marco plata - Ledsolintel","og_description":"Panel LED para techo con marco de plata extraplano de 40W dispone de leds a lo largo de todo el panel siendo la distribuci\u00f3n luminosa m\u00e1s uniforme en comparaci\u00f3n con los paneles extraplanos. Su dise\u00f1o le confiere una gran robustez, as\u00ed como una gran potencia lum\u00ednica. Es un producto ideal para la iluminaci\u00f3n de oficinas, &hellip; Continue reading Panel Led 30 x 120 cm 40W marco plata","og_url":"https:\/\/ledsolintel.com\/fr\/produit-2\/panel-led-30-x-120-cm-40w-marco-plata\/","og_site_name":"Ledsolintel","article_publisher":"http:\/\/www.facebook.com\/webmenaje","article_modified_time":"2026-04-07T08:19:23+00:00","og_image":[{"width":600,"height":600,"url":"https:\/\/ledsolintel.com\/wp-content\/uploads\/2025\/11\/panel-led-120x30-1.jpg","type":"image\/jpeg"}],"twitter_card":"summary_large_image","twitter_site":"@webmenaje","twitter_misc":{"Dur\u00e9e de lecture estim\u00e9e":"3 minutes"},"schema":{"@context":"https:\/\/schema.org","@graph":[{"@type":"WebPage","@id":"https:\/\/ledsolintel.com\/product\/panel-led-30-x-120-cm-40w-marco-plata\/","url":"https:\/\/ledsolintel.com\/product\/panel-led-30-x-120-cm-40w-marco-plata\/","name":"Panel Led 30 x 120 cm 40W marco plata - Ledsolintel","isPartOf":{"@id":"https:\/\/ledsolintel.com\/#website"},"primaryImageOfPage":{"@id":"https:\/\/ledsolintel.com\/product\/panel-led-30-x-120-cm-40w-marco-plata\/#primaryimage"},"image":{"@id":"https:\/\/ledsolintel.com\/product\/panel-led-30-x-120-cm-40w-marco-plata\/#primaryimage"},"thumbnailUrl":"https:\/\/ledsolintel.com\/wp-content\/uploads\/2025\/11\/panel-led-120x30-1.jpg","datePublished":"2025-11-11T12:52:10+00:00","dateModified":"2026-04-07T08:19:23+00:00","breadcrumb":{"@id":"https:\/\/ledsolintel.com\/product\/panel-led-30-x-120-cm-40w-marco-plata\/#breadcrumb"},"inLanguage":"fr-FR","potentialAction":[{"@type":"ReadAction","target":["https:\/\/ledsolintel.com\/product\/panel-led-30-x-120-cm-40w-marco-plata\/"]}]},{"@type":"ImageObject","inLanguage":"fr-FR","@id":"https:\/\/ledsolintel.com\/product\/panel-led-30-x-120-cm-40w-marco-plata\/#primaryimage","url":"https:\/\/ledsolintel.com\/wp-content\/uploads\/2025\/11\/panel-led-120x30-1.jpg","contentUrl":"https:\/\/ledsolintel.com\/wp-content\/uploads\/2025\/11\/panel-led-120x30-1.jpg","width":600,"height":600},{"@type":"BreadcrumbList","@id":"https:\/\/ledsolintel.com\/product\/panel-led-30-x-120-cm-40w-marco-plata\/#breadcrumb","itemListElement":[{"@type":"ListItem","position":1,"name":"Portada","item":"https:\/\/ledsolintel.com\/fr\/"},{"@type":"ListItem","position":2,"name":"Tienda","item":"https:\/\/ledsolintel.com\/tienda\/"},{"@type":"ListItem","position":3,"name":"Panel Led 30 x 120 cm 40W marco plata"}]},{"@type":"WebSite","@id":"https:\/\/ledsolintel.com\/#website","url":"https:\/\/ledsolintel.com\/","name":"Webmenaje","description":"Magasin d'ampoules et de lampes LED pour les professionnels","publisher":{"@id":"https:\/\/ledsolintel.com\/#organization"},"potentialAction":[{"@type":"SearchAction","target":{"@type":"EntryPoint","urlTemplate":"https:\/\/ledsolintel.com\/?s={search_term_string}"},"query-input":{"@type":"PropertyValueSpecification","valueRequired":true,"valueName":"search_term_string"}}],"inLanguage":"fr-FR"},{"@type":"Organization","@id":"https:\/\/ledsolintel.com\/#organization","name":"Solintel Noroeste, S.L.","url":"https:\/\/ledsolintel.com\/","logo":{"@type":"ImageObject","inLanguage":"fr-FR","@id":"https:\/\/ledsolintel.com\/#\/schema\/logo\/image\/","url":"https:\/\/ledsolintel.com\/wp-content\/uploads\/2024\/11\/webmenaje-logo-1508269066.jpg","contentUrl":"https:\/\/ledsolintel.com\/wp-content\/uploads\/2024\/11\/webmenaje-logo-1508269066.jpg","width":370,"height":90,"caption":"Solintel Noroeste, S.L."},"image":{"@id":"https:\/\/ledsolintel.com\/#\/schema\/logo\/image\/"},"sameAs":["http:\/\/www.facebook.com\/webmenaje","https:\/\/x.com\/webmenaje","https:\/\/www.youtube.com\/channel\/UCX2KoVoeCG4LocZjUc6LmSQ","http:\/\/www.pinterest.com\/webmenaje"]}]}},"_links":{"self":[{"href":"https:\/\/ledsolintel.com\/fr\/wp-json\/wp\/v2\/product\/266564","targetHints":{"allow":["GET"]}}],"collection":[{"href":"https:\/\/ledsolintel.com\/fr\/wp-json\/wp\/v2\/product"}],"about":[{"href":"https:\/\/ledsolintel.com\/fr\/wp-json\/wp\/v2\/types\/product"}],"version-history":[{"count":1,"href":"https:\/\/ledsolintel.com\/fr\/wp-json\/wp\/v2\/product\/266564\/revisions"}],"predecessor-version":[{"id":266565,"href":"https:\/\/ledsolintel.com\/fr\/wp-json\/wp\/v2\/product\/266564\/revisions\/266565"}],"wp:featuredmedia":[{"embeddable":true,"href":"https:\/\/ledsolintel.com\/fr\/wp-json\/wp\/v2\/media\/259529"}],"wp:attachment":[{"href":"https:\/\/ledsolintel.com\/fr\/wp-json\/wp\/v2\/media?parent=266564"}],"wp:term":[{"taxonomy":"product_brand","embeddable":true,"href":"https:\/\/ledsolintel.com\/fr\/wp-json\/wp\/v2\/product_brand?post=266564"},{"taxonomy":"product_cat","embeddable":true,"href":"https:\/\/ledsolintel.com\/fr\/wp-json\/wp\/v2\/product_cat?post=266564"},{"taxonomy":"product_tag","embeddable":true,"href":"https:\/\/ledsolintel.com\/fr\/wp-json\/wp\/v2\/product_tag?post=266564"}],"curies":[{"name":"wp","href":"https:\/\/api.w.org\/{rel}","templated":true}]}}