{"id":266539,"date":"2025-11-11T13:51:19","date_gmt":"2025-11-11T12:51:19","guid":{"rendered":"https:\/\/nueva.ledsolintel.com\/product\/driver-regulable-para-panel-led-de-3w-a-7w\/"},"modified":"2026-04-07T10:19:23","modified_gmt":"2026-04-07T08:19:23","slug":"driver-regulable-para-panel-led-de-3w-a-7w","status":"publish","type":"product","link":"https:\/\/ledsolintel.com\/fr\/produit-2\/driver-regulable-para-panel-led-de-3w-a-7w\/","title":{"rendered":"Pilote ADJUSTABLE pour panneau LED de 3W \u00e0 7W"},"content":{"rendered":"<p>La fuente de alimentaci\u00f3n driver de intensidad regulable es compatible con el panel LED de 3W a 7W. Es un transformador de corriente y voltaje regulable para los downlight led, su caja de PVC protege de posibles da\u00f1os causados por el agua y el polvo. El objetivo de los drivers es el uso de transformadores electr\u00f3nicos, ahorro de energ\u00eda LED econ\u00f3mica y ecol\u00f3gica. Este driver permite que se regule la intensidad de luz de los downlight led mediante un regulador tipo TRIAC.  Para evitar da\u00f1os en el driver o en la luminaria, se debe realizar la instalaci\u00f3n sin tensi\u00f3n en la red el\u00e9ctrica. Nunca conecte un panel a un driver cuando dicho driver tenga tensi\u00f3n el\u00e9ctrica.  Su instalaci\u00f3n debe realizarse en lugares interiores al poseer un grado de protecci\u00f3n IP20 (protecci\u00f3n contra part\u00edculas s\u00f3lidas de tama\u00f1o superior a 12mm y no es resistente al agua). Soporta un voltaje de entrada de 200\/240V, una intensidad de 280 mA y una frecuencia de servicio de 50\/60 Hz. Est\u00e1 dise\u00f1ado con las medidas de 68 x 33 x 22 mm.  Adem\u00e1s de ser un producto que tiene m\u00e1s de 30.000 horas de vida, dispone de una garant\u00eda de 3 a\u00f1os. Cuenta tambi\u00e9n con el certificado CE, que acredita que se cumple con los requisitos de la UE respecto a compatibilidad electromagn\u00e9tica y normativa de baja tensi\u00f3n. Con este certificado se declara la conformidad de dicho producto con todos los requisitos legales exigidos, y asegura la validez del producto para ser vendido en todo el Espacio Econ\u00f3mico Europeo.<\/p>","protected":false},"excerpt":{"rendered":"<p>La fuente de alimentaci\u00f3n driver de intensidad regulable es compatible con el panel LED de 3W a 7W. Es un transformador de corriente y voltaje regulable para los downlight led, su caja de PVC protege de posibles da\u00f1os causados por el agua y el polvo. El objetivo de los drivers es el uso de transformadores &hellip; <a href=\"https:\/\/ledsolintel.com\/fr\/produit-2\/driver-regulable-para-panel-led-de-3w-a-7w\/\" class=\"more-link\">Continue reading <span class=\"screen-reader-text\">Pilote ADJUSTABLE pour panneau LED de 3W \u00e0 7W<\/span><\/a><\/p>","protected":false},"featured_media":259511,"template":"","meta":[],"product_brand":[101370],"product_cat":[100093,99757,101371,99617,15],"product_tag":[],"class_list":{"0":"post-266539","1":"product","2":"type-product","3":"status-publish","4":"has-post-thumbnail","6":"product_brand-masterled","7":"product_cat-balastros-electronicos-y-transformadores","8":"product_cat-balastros-y-transformadores","9":"product_cat-masterled","10":"product_cat-material-electrico","11":"product_cat-uncategorized","12":"pa_intensidad-regulable","15":"instock","16":"taxable","17":"shipping-taxable","18":"purchasable","19":"product-type-simple"},"yoast_head":"<!-- This site is optimized with the Yoast SEO plugin v27.4 - https:\/\/yoast.com\/product\/yoast-seo-wordpress\/ -->\n<title>Driver REGULABLE para panel LED de 3W a 7W - Ledsolintel<\/title>\n<meta name=\"robots\" content=\"index, follow, max-snippet:-1, max-image-preview:large, max-video-preview:-1\" \/>\n<link rel=\"canonical\" href=\"https:\/\/ledsolintel.com\/fr\/produit-2\/driver-regulable-para-panel-led-de-3w-a-7w\/\" \/>\n<meta property=\"og:locale\" content=\"fr_FR\" \/>\n<meta property=\"og:type\" content=\"article\" \/>\n<meta property=\"og:title\" content=\"Driver REGULABLE para panel LED de 3W a 7W - Ledsolintel\" \/>\n<meta property=\"og:description\" content=\"La fuente de alimentaci\u00f3n driver de intensidad regulable es compatible con el panel LED de 3W a 7W. Es un transformador de corriente y voltaje regulable para los downlight led, su caja de PVC protege de posibles da\u00f1os causados por el agua y el polvo. El objetivo de los drivers es el uso de transformadores &hellip; Continue reading Driver REGULABLE para panel LED de 3W a 7W\" \/>\n<meta property=\"og:url\" content=\"https:\/\/ledsolintel.com\/fr\/produit-2\/driver-regulable-para-panel-led-de-3w-a-7w\/\" \/>\n<meta property=\"og:site_name\" content=\"Ledsolintel\" \/>\n<meta property=\"article:publisher\" content=\"http:\/\/www.facebook.com\/webmenaje\" \/>\n<meta property=\"article:modified_time\" content=\"2026-04-07T08:19:23+00:00\" \/>\n<meta property=\"og:image\" content=\"https:\/\/ledsolintel.com\/wp-content\/uploads\/2025\/11\/driver-regulable-para-panel-led-de-3w-a-7w.jpg\" \/>\n\t<meta property=\"og:image:width\" content=\"1500\" \/>\n\t<meta property=\"og:image:height\" content=\"1500\" \/>\n\t<meta property=\"og:image:type\" content=\"image\/jpeg\" \/>\n<meta name=\"twitter:card\" content=\"summary_large_image\" \/>\n<meta name=\"twitter:site\" content=\"@webmenaje\" \/>\n<meta name=\"twitter:label1\" content=\"Dur\u00e9e de lecture estim\u00e9e\" \/>\n\t<meta name=\"twitter:data1\" content=\"1 minute\" \/>\n<script type=\"application\/ld+json\" class=\"yoast-schema-graph\">{\"@context\":\"https:\\\/\\\/schema.org\",\"@graph\":[{\"@type\":\"WebPage\",\"@id\":\"https:\\\/\\\/ledsolintel.com\\\/product\\\/driver-regulable-para-panel-led-de-3w-a-7w\\\/\",\"url\":\"https:\\\/\\\/ledsolintel.com\\\/product\\\/driver-regulable-para-panel-led-de-3w-a-7w\\\/\",\"name\":\"Driver REGULABLE para panel LED de 3W a 7W - Ledsolintel\",\"isPartOf\":{\"@id\":\"https:\\\/\\\/ledsolintel.com\\\/#website\"},\"primaryImageOfPage\":{\"@id\":\"https:\\\/\\\/ledsolintel.com\\\/product\\\/driver-regulable-para-panel-led-de-3w-a-7w\\\/#primaryimage\"},\"image\":{\"@id\":\"https:\\\/\\\/ledsolintel.com\\\/product\\\/driver-regulable-para-panel-led-de-3w-a-7w\\\/#primaryimage\"},\"thumbnailUrl\":\"https:\\\/\\\/ledsolintel.com\\\/wp-content\\\/uploads\\\/2025\\\/11\\\/driver-regulable-para-panel-led-de-3w-a-7w.jpg\",\"datePublished\":\"2025-11-11T12:51:19+00:00\",\"dateModified\":\"2026-04-07T08:19:23+00:00\",\"breadcrumb\":{\"@id\":\"https:\\\/\\\/ledsolintel.com\\\/product\\\/driver-regulable-para-panel-led-de-3w-a-7w\\\/#breadcrumb\"},\"inLanguage\":\"fr-FR\",\"potentialAction\":[{\"@type\":\"ReadAction\",\"target\":[\"https:\\\/\\\/ledsolintel.com\\\/product\\\/driver-regulable-para-panel-led-de-3w-a-7w\\\/\"]}]},{\"@type\":\"ImageObject\",\"inLanguage\":\"fr-FR\",\"@id\":\"https:\\\/\\\/ledsolintel.com\\\/product\\\/driver-regulable-para-panel-led-de-3w-a-7w\\\/#primaryimage\",\"url\":\"https:\\\/\\\/ledsolintel.com\\\/wp-content\\\/uploads\\\/2025\\\/11\\\/driver-regulable-para-panel-led-de-3w-a-7w.jpg\",\"contentUrl\":\"https:\\\/\\\/ledsolintel.com\\\/wp-content\\\/uploads\\\/2025\\\/11\\\/driver-regulable-para-panel-led-de-3w-a-7w.jpg\",\"width\":1500,\"height\":1500},{\"@type\":\"BreadcrumbList\",\"@id\":\"https:\\\/\\\/ledsolintel.com\\\/product\\\/driver-regulable-para-panel-led-de-3w-a-7w\\\/#breadcrumb\",\"itemListElement\":[{\"@type\":\"ListItem\",\"position\":1,\"name\":\"Portada\",\"item\":\"https:\\\/\\\/ledsolintel.com\\\/fr\\\/\"},{\"@type\":\"ListItem\",\"position\":2,\"name\":\"Tienda\",\"item\":\"https:\\\/\\\/ledsolintel.com\\\/tienda\\\/\"},{\"@type\":\"ListItem\",\"position\":3,\"name\":\"Driver REGULABLE para panel LED de 3W a 7W\"}]},{\"@type\":\"WebSite\",\"@id\":\"https:\\\/\\\/ledsolintel.com\\\/#website\",\"url\":\"https:\\\/\\\/ledsolintel.com\\\/\",\"name\":\"Webmenaje\",\"description\":\"Tienda de bombillas y l\u00e1mparas LED para profesionales\",\"publisher\":{\"@id\":\"https:\\\/\\\/ledsolintel.com\\\/#organization\"},\"potentialAction\":[{\"@type\":\"SearchAction\",\"target\":{\"@type\":\"EntryPoint\",\"urlTemplate\":\"https:\\\/\\\/ledsolintel.com\\\/?s={search_term_string}\"},\"query-input\":{\"@type\":\"PropertyValueSpecification\",\"valueRequired\":true,\"valueName\":\"search_term_string\"}}],\"inLanguage\":\"fr-FR\"},{\"@type\":\"Organization\",\"@id\":\"https:\\\/\\\/ledsolintel.com\\\/#organization\",\"name\":\"Solintel Noroeste, S.L.\",\"url\":\"https:\\\/\\\/ledsolintel.com\\\/\",\"logo\":{\"@type\":\"ImageObject\",\"inLanguage\":\"fr-FR\",\"@id\":\"https:\\\/\\\/ledsolintel.com\\\/#\\\/schema\\\/logo\\\/image\\\/\",\"url\":\"https:\\\/\\\/ledsolintel.com\\\/wp-content\\\/uploads\\\/2024\\\/11\\\/webmenaje-logo-1508269066.jpg\",\"contentUrl\":\"https:\\\/\\\/ledsolintel.com\\\/wp-content\\\/uploads\\\/2024\\\/11\\\/webmenaje-logo-1508269066.jpg\",\"width\":370,\"height\":90,\"caption\":\"Solintel Noroeste, S.L.\"},\"image\":{\"@id\":\"https:\\\/\\\/ledsolintel.com\\\/#\\\/schema\\\/logo\\\/image\\\/\"},\"sameAs\":[\"http:\\\/\\\/www.facebook.com\\\/webmenaje\",\"https:\\\/\\\/x.com\\\/webmenaje\",\"https:\\\/\\\/www.youtube.com\\\/channel\\\/UCX2KoVoeCG4LocZjUc6LmSQ\",\"http:\\\/\\\/www.pinterest.com\\\/webmenaje\"]}]}<\/script>\n<!-- \/ Yoast SEO plugin. -->","yoast_head_json":{"title":"Driver REGULABLE para panel LED de 3W a 7W - Ledsolintel","robots":{"index":"index","follow":"follow","max-snippet":"max-snippet:-1","max-image-preview":"max-image-preview:large","max-video-preview":"max-video-preview:-1"},"canonical":"https:\/\/ledsolintel.com\/fr\/produit-2\/driver-regulable-para-panel-led-de-3w-a-7w\/","og_locale":"fr_FR","og_type":"article","og_title":"Driver REGULABLE para panel LED de 3W a 7W - Ledsolintel","og_description":"La fuente de alimentaci\u00f3n driver de intensidad regulable es compatible con el panel LED de 3W a 7W. Es un transformador de corriente y voltaje regulable para los downlight led, su caja de PVC protege de posibles da\u00f1os causados por el agua y el polvo. El objetivo de los drivers es el uso de transformadores &hellip; Continue reading Driver REGULABLE para panel LED de 3W a 7W","og_url":"https:\/\/ledsolintel.com\/fr\/produit-2\/driver-regulable-para-panel-led-de-3w-a-7w\/","og_site_name":"Ledsolintel","article_publisher":"http:\/\/www.facebook.com\/webmenaje","article_modified_time":"2026-04-07T08:19:23+00:00","og_image":[{"width":1500,"height":1500,"url":"https:\/\/ledsolintel.com\/wp-content\/uploads\/2025\/11\/driver-regulable-para-panel-led-de-3w-a-7w.jpg","type":"image\/jpeg"}],"twitter_card":"summary_large_image","twitter_site":"@webmenaje","twitter_misc":{"Dur\u00e9e de lecture estim\u00e9e":"1 minute"},"schema":{"@context":"https:\/\/schema.org","@graph":[{"@type":"WebPage","@id":"https:\/\/ledsolintel.com\/product\/driver-regulable-para-panel-led-de-3w-a-7w\/","url":"https:\/\/ledsolintel.com\/product\/driver-regulable-para-panel-led-de-3w-a-7w\/","name":"Driver REGULABLE para panel LED de 3W a 7W - Ledsolintel","isPartOf":{"@id":"https:\/\/ledsolintel.com\/#website"},"primaryImageOfPage":{"@id":"https:\/\/ledsolintel.com\/product\/driver-regulable-para-panel-led-de-3w-a-7w\/#primaryimage"},"image":{"@id":"https:\/\/ledsolintel.com\/product\/driver-regulable-para-panel-led-de-3w-a-7w\/#primaryimage"},"thumbnailUrl":"https:\/\/ledsolintel.com\/wp-content\/uploads\/2025\/11\/driver-regulable-para-panel-led-de-3w-a-7w.jpg","datePublished":"2025-11-11T12:51:19+00:00","dateModified":"2026-04-07T08:19:23+00:00","breadcrumb":{"@id":"https:\/\/ledsolintel.com\/product\/driver-regulable-para-panel-led-de-3w-a-7w\/#breadcrumb"},"inLanguage":"fr-FR","potentialAction":[{"@type":"ReadAction","target":["https:\/\/ledsolintel.com\/product\/driver-regulable-para-panel-led-de-3w-a-7w\/"]}]},{"@type":"ImageObject","inLanguage":"fr-FR","@id":"https:\/\/ledsolintel.com\/product\/driver-regulable-para-panel-led-de-3w-a-7w\/#primaryimage","url":"https:\/\/ledsolintel.com\/wp-content\/uploads\/2025\/11\/driver-regulable-para-panel-led-de-3w-a-7w.jpg","contentUrl":"https:\/\/ledsolintel.com\/wp-content\/uploads\/2025\/11\/driver-regulable-para-panel-led-de-3w-a-7w.jpg","width":1500,"height":1500},{"@type":"BreadcrumbList","@id":"https:\/\/ledsolintel.com\/product\/driver-regulable-para-panel-led-de-3w-a-7w\/#breadcrumb","itemListElement":[{"@type":"ListItem","position":1,"name":"Portada","item":"https:\/\/ledsolintel.com\/fr\/"},{"@type":"ListItem","position":2,"name":"Tienda","item":"https:\/\/ledsolintel.com\/tienda\/"},{"@type":"ListItem","position":3,"name":"Driver REGULABLE para panel LED de 3W a 7W"}]},{"@type":"WebSite","@id":"https:\/\/ledsolintel.com\/#website","url":"https:\/\/ledsolintel.com\/","name":"Webmenaje","description":"Magasin d'ampoules et de lampes LED pour les professionnels","publisher":{"@id":"https:\/\/ledsolintel.com\/#organization"},"potentialAction":[{"@type":"SearchAction","target":{"@type":"EntryPoint","urlTemplate":"https:\/\/ledsolintel.com\/?s={search_term_string}"},"query-input":{"@type":"PropertyValueSpecification","valueRequired":true,"valueName":"search_term_string"}}],"inLanguage":"fr-FR"},{"@type":"Organization","@id":"https:\/\/ledsolintel.com\/#organization","name":"Solintel Noroeste, S.L.","url":"https:\/\/ledsolintel.com\/","logo":{"@type":"ImageObject","inLanguage":"fr-FR","@id":"https:\/\/ledsolintel.com\/#\/schema\/logo\/image\/","url":"https:\/\/ledsolintel.com\/wp-content\/uploads\/2024\/11\/webmenaje-logo-1508269066.jpg","contentUrl":"https:\/\/ledsolintel.com\/wp-content\/uploads\/2024\/11\/webmenaje-logo-1508269066.jpg","width":370,"height":90,"caption":"Solintel Noroeste, S.L."},"image":{"@id":"https:\/\/ledsolintel.com\/#\/schema\/logo\/image\/"},"sameAs":["http:\/\/www.facebook.com\/webmenaje","https:\/\/x.com\/webmenaje","https:\/\/www.youtube.com\/channel\/UCX2KoVoeCG4LocZjUc6LmSQ","http:\/\/www.pinterest.com\/webmenaje"]}]}},"_links":{"self":[{"href":"https:\/\/ledsolintel.com\/fr\/wp-json\/wp\/v2\/product\/266539","targetHints":{"allow":["GET"]}}],"collection":[{"href":"https:\/\/ledsolintel.com\/fr\/wp-json\/wp\/v2\/product"}],"about":[{"href":"https:\/\/ledsolintel.com\/fr\/wp-json\/wp\/v2\/types\/product"}],"version-history":[{"count":1,"href":"https:\/\/ledsolintel.com\/fr\/wp-json\/wp\/v2\/product\/266539\/revisions"}],"predecessor-version":[{"id":266540,"href":"https:\/\/ledsolintel.com\/fr\/wp-json\/wp\/v2\/product\/266539\/revisions\/266540"}],"wp:featuredmedia":[{"embeddable":true,"href":"https:\/\/ledsolintel.com\/fr\/wp-json\/wp\/v2\/media\/259511"}],"wp:attachment":[{"href":"https:\/\/ledsolintel.com\/fr\/wp-json\/wp\/v2\/media?parent=266539"}],"wp:term":[{"taxonomy":"product_brand","embeddable":true,"href":"https:\/\/ledsolintel.com\/fr\/wp-json\/wp\/v2\/product_brand?post=266539"},{"taxonomy":"product_cat","embeddable":true,"href":"https:\/\/ledsolintel.com\/fr\/wp-json\/wp\/v2\/product_cat?post=266539"},{"taxonomy":"product_tag","embeddable":true,"href":"https:\/\/ledsolintel.com\/fr\/wp-json\/wp\/v2\/product_tag?post=266539"}],"curies":[{"name":"wp","href":"https:\/\/api.w.org\/{rel}","templated":true}]}}