{"id":266529,"date":"2025-11-11T13:51:12","date_gmt":"2025-11-11T12:51:12","guid":{"rendered":"https:\/\/nueva.ledsolintel.com\/product\/perfil-rectangular-aluminio-tira-led-20-x-21-x-1000mm\/"},"modified":"2026-04-07T10:19:23","modified_gmt":"2026-04-07T08:19:23","slug":"perfil-rectangular-aluminio-tira-led-20-x-21-x-1000mm","status":"publish","type":"product","link":"https:\/\/ledsolintel.com\/fr\/produit-2\/perfil-rectangular-aluminio-tira-led-20-x-21-x-1000mm\/","title":{"rendered":"Profil aluminium rectangulaire 20 x 21 x 1000mm"},"content":{"rendered":"<p>Perfil rectangular de aluminio para tiras led, con difusor trasl\u00facido.\u00a0Ideal para proteger y ocultar las tiras led de hasta 16 mm de ancho. INCLUYE: Perfil de aluminio de un metro, difusor\u00a0transl\u00facido\u00a0y\u00a0tapas de los extremos finales.Los perfiles Masterled son tanto para tiras led r\u00edgidas como flexibles, sirven para diferentes aplicaciones, para los escalones de las escaleras, luz empotrada en cualquier\u00a0material, barandillas, ba\u00f1os, salones, etc&#8230;\u00a0Ideal para las tiras LED de 220V.Caracter\u00edsticas:Medidas (ancho x alto x largo): 20 x 21 x 1000 mmMedida interior para las tiras: 16 mmMaterial perfil: aluminio.Material Cubierta: PVC.Env\u00edo en 24-48h, Para m\u00e1s Informaci\u00f3n \u00a0Pol\u00edtica de Env\u00edos.  \u00a0Pol\u00edtica de Devoluciones.<\/p>","protected":false},"excerpt":{"rendered":"<p>Perfil rectangular de aluminio para tiras led, con difusor trasl\u00facido.\u00a0Ideal para proteger y ocultar las tiras led de hasta 16 mm de ancho. INCLUYE: Perfil de aluminio de un metro, difusor\u00a0transl\u00facido\u00a0y\u00a0tapas de los extremos finales.Los perfiles Masterled son tanto para tiras led r\u00edgidas como flexibles, sirven para diferentes aplicaciones, para los escalones de las escaleras, &hellip; <a href=\"https:\/\/ledsolintel.com\/fr\/produit-2\/perfil-rectangular-aluminio-tira-led-20-x-21-x-1000mm\/\" class=\"more-link\">Continue reading <span class=\"screen-reader-text\">Profil aluminium rectangulaire 20 x 21 x 1000mm<\/span><\/a><\/p>","protected":false},"featured_media":259501,"template":"","meta":[],"product_brand":[101370],"product_cat":[101371,15],"product_tag":[],"class_list":{"0":"post-266529","1":"product","2":"type-product","3":"status-publish","4":"has-post-thumbnail","6":"product_brand-masterled","7":"product_cat-masterled","8":"product_cat-uncategorized","9":"pa_material-aluminio","12":"instock","13":"taxable","14":"shipping-taxable","15":"purchasable","16":"product-type-simple"},"yoast_head":"<!-- This site is optimized with the Yoast SEO plugin v27.4 - https:\/\/yoast.com\/product\/yoast-seo-wordpress\/ -->\n<title>Perfil rectangular aluminio tira led 20 x 21 x 1000mm - Ledsolintel<\/title>\n<meta name=\"robots\" content=\"index, follow, max-snippet:-1, max-image-preview:large, max-video-preview:-1\" \/>\n<link rel=\"canonical\" href=\"https:\/\/ledsolintel.com\/fr\/produit-2\/perfil-rectangular-aluminio-tira-led-20-x-21-x-1000mm\/\" \/>\n<meta property=\"og:locale\" content=\"fr_FR\" \/>\n<meta property=\"og:type\" content=\"article\" \/>\n<meta property=\"og:title\" content=\"Perfil rectangular aluminio tira led 20 x 21 x 1000mm - Ledsolintel\" \/>\n<meta property=\"og:description\" content=\"Perfil rectangular de aluminio para tiras led, con difusor trasl\u00facido.\u00a0Ideal para proteger y ocultar las tiras led de hasta 16 mm de ancho. INCLUYE: Perfil de aluminio de un metro, difusor\u00a0transl\u00facido\u00a0y\u00a0tapas de los extremos finales.Los perfiles Masterled son tanto para tiras led r\u00edgidas como flexibles, sirven para diferentes aplicaciones, para los escalones de las escaleras, &hellip; Continue reading Perfil rectangular aluminio tira led 20 x 21 x 1000mm\" \/>\n<meta property=\"og:url\" content=\"https:\/\/ledsolintel.com\/fr\/produit-2\/perfil-rectangular-aluminio-tira-led-20-x-21-x-1000mm\/\" \/>\n<meta property=\"og:site_name\" content=\"Ledsolintel\" \/>\n<meta property=\"article:publisher\" content=\"http:\/\/www.facebook.com\/webmenaje\" \/>\n<meta property=\"article:modified_time\" content=\"2026-04-07T08:19:23+00:00\" \/>\n<meta property=\"og:image\" content=\"https:\/\/ledsolintel.com\/wp-content\/uploads\/2025\/11\/perfil-rectangular-aluminio-tira-led-20-x-21-x-1000mm.jpg\" \/>\n\t<meta property=\"og:image:width\" content=\"1500\" \/>\n\t<meta property=\"og:image:height\" content=\"1500\" \/>\n\t<meta property=\"og:image:type\" content=\"image\/jpeg\" \/>\n<meta name=\"twitter:card\" content=\"summary_large_image\" \/>\n<meta name=\"twitter:site\" content=\"@webmenaje\" \/>\n<meta name=\"twitter:label1\" content=\"Dur\u00e9e de lecture estim\u00e9e\" \/>\n\t<meta name=\"twitter:data1\" content=\"1 minute\" \/>\n<script type=\"application\/ld+json\" class=\"yoast-schema-graph\">{\"@context\":\"https:\\\/\\\/schema.org\",\"@graph\":[{\"@type\":\"WebPage\",\"@id\":\"https:\\\/\\\/ledsolintel.com\\\/product\\\/perfil-rectangular-aluminio-tira-led-20-x-21-x-1000mm\\\/\",\"url\":\"https:\\\/\\\/ledsolintel.com\\\/product\\\/perfil-rectangular-aluminio-tira-led-20-x-21-x-1000mm\\\/\",\"name\":\"Perfil rectangular aluminio tira led 20 x 21 x 1000mm - Ledsolintel\",\"isPartOf\":{\"@id\":\"https:\\\/\\\/ledsolintel.com\\\/#website\"},\"primaryImageOfPage\":{\"@id\":\"https:\\\/\\\/ledsolintel.com\\\/product\\\/perfil-rectangular-aluminio-tira-led-20-x-21-x-1000mm\\\/#primaryimage\"},\"image\":{\"@id\":\"https:\\\/\\\/ledsolintel.com\\\/product\\\/perfil-rectangular-aluminio-tira-led-20-x-21-x-1000mm\\\/#primaryimage\"},\"thumbnailUrl\":\"https:\\\/\\\/ledsolintel.com\\\/wp-content\\\/uploads\\\/2025\\\/11\\\/perfil-rectangular-aluminio-tira-led-20-x-21-x-1000mm.jpg\",\"datePublished\":\"2025-11-11T12:51:12+00:00\",\"dateModified\":\"2026-04-07T08:19:23+00:00\",\"breadcrumb\":{\"@id\":\"https:\\\/\\\/ledsolintel.com\\\/product\\\/perfil-rectangular-aluminio-tira-led-20-x-21-x-1000mm\\\/#breadcrumb\"},\"inLanguage\":\"fr-FR\",\"potentialAction\":[{\"@type\":\"ReadAction\",\"target\":[\"https:\\\/\\\/ledsolintel.com\\\/product\\\/perfil-rectangular-aluminio-tira-led-20-x-21-x-1000mm\\\/\"]}]},{\"@type\":\"ImageObject\",\"inLanguage\":\"fr-FR\",\"@id\":\"https:\\\/\\\/ledsolintel.com\\\/product\\\/perfil-rectangular-aluminio-tira-led-20-x-21-x-1000mm\\\/#primaryimage\",\"url\":\"https:\\\/\\\/ledsolintel.com\\\/wp-content\\\/uploads\\\/2025\\\/11\\\/perfil-rectangular-aluminio-tira-led-20-x-21-x-1000mm.jpg\",\"contentUrl\":\"https:\\\/\\\/ledsolintel.com\\\/wp-content\\\/uploads\\\/2025\\\/11\\\/perfil-rectangular-aluminio-tira-led-20-x-21-x-1000mm.jpg\",\"width\":1500,\"height\":1500},{\"@type\":\"BreadcrumbList\",\"@id\":\"https:\\\/\\\/ledsolintel.com\\\/product\\\/perfil-rectangular-aluminio-tira-led-20-x-21-x-1000mm\\\/#breadcrumb\",\"itemListElement\":[{\"@type\":\"ListItem\",\"position\":1,\"name\":\"Portada\",\"item\":\"https:\\\/\\\/ledsolintel.com\\\/fr\\\/\"},{\"@type\":\"ListItem\",\"position\":2,\"name\":\"Tienda\",\"item\":\"https:\\\/\\\/ledsolintel.com\\\/tienda\\\/\"},{\"@type\":\"ListItem\",\"position\":3,\"name\":\"Perfil rectangular aluminio tira led 20 x 21 x 1000mm\"}]},{\"@type\":\"WebSite\",\"@id\":\"https:\\\/\\\/ledsolintel.com\\\/#website\",\"url\":\"https:\\\/\\\/ledsolintel.com\\\/\",\"name\":\"Webmenaje\",\"description\":\"Tienda de bombillas y l\u00e1mparas LED para profesionales\",\"publisher\":{\"@id\":\"https:\\\/\\\/ledsolintel.com\\\/#organization\"},\"potentialAction\":[{\"@type\":\"SearchAction\",\"target\":{\"@type\":\"EntryPoint\",\"urlTemplate\":\"https:\\\/\\\/ledsolintel.com\\\/?s={search_term_string}\"},\"query-input\":{\"@type\":\"PropertyValueSpecification\",\"valueRequired\":true,\"valueName\":\"search_term_string\"}}],\"inLanguage\":\"fr-FR\"},{\"@type\":\"Organization\",\"@id\":\"https:\\\/\\\/ledsolintel.com\\\/#organization\",\"name\":\"Solintel Noroeste, S.L.\",\"url\":\"https:\\\/\\\/ledsolintel.com\\\/\",\"logo\":{\"@type\":\"ImageObject\",\"inLanguage\":\"fr-FR\",\"@id\":\"https:\\\/\\\/ledsolintel.com\\\/#\\\/schema\\\/logo\\\/image\\\/\",\"url\":\"https:\\\/\\\/ledsolintel.com\\\/wp-content\\\/uploads\\\/2024\\\/11\\\/webmenaje-logo-1508269066.jpg\",\"contentUrl\":\"https:\\\/\\\/ledsolintel.com\\\/wp-content\\\/uploads\\\/2024\\\/11\\\/webmenaje-logo-1508269066.jpg\",\"width\":370,\"height\":90,\"caption\":\"Solintel Noroeste, S.L.\"},\"image\":{\"@id\":\"https:\\\/\\\/ledsolintel.com\\\/#\\\/schema\\\/logo\\\/image\\\/\"},\"sameAs\":[\"http:\\\/\\\/www.facebook.com\\\/webmenaje\",\"https:\\\/\\\/x.com\\\/webmenaje\",\"https:\\\/\\\/www.youtube.com\\\/channel\\\/UCX2KoVoeCG4LocZjUc6LmSQ\",\"http:\\\/\\\/www.pinterest.com\\\/webmenaje\"]}]}<\/script>\n<!-- \/ Yoast SEO plugin. -->","yoast_head_json":{"title":"Perfil rectangular aluminio tira led 20 x 21 x 1000mm - Ledsolintel","robots":{"index":"index","follow":"follow","max-snippet":"max-snippet:-1","max-image-preview":"max-image-preview:large","max-video-preview":"max-video-preview:-1"},"canonical":"https:\/\/ledsolintel.com\/fr\/produit-2\/perfil-rectangular-aluminio-tira-led-20-x-21-x-1000mm\/","og_locale":"fr_FR","og_type":"article","og_title":"Perfil rectangular aluminio tira led 20 x 21 x 1000mm - Ledsolintel","og_description":"Perfil rectangular de aluminio para tiras led, con difusor trasl\u00facido.\u00a0Ideal para proteger y ocultar las tiras led de hasta 16 mm de ancho. INCLUYE: Perfil de aluminio de un metro, difusor\u00a0transl\u00facido\u00a0y\u00a0tapas de los extremos finales.Los perfiles Masterled son tanto para tiras led r\u00edgidas como flexibles, sirven para diferentes aplicaciones, para los escalones de las escaleras, &hellip; Continue reading Perfil rectangular aluminio tira led 20 x 21 x 1000mm","og_url":"https:\/\/ledsolintel.com\/fr\/produit-2\/perfil-rectangular-aluminio-tira-led-20-x-21-x-1000mm\/","og_site_name":"Ledsolintel","article_publisher":"http:\/\/www.facebook.com\/webmenaje","article_modified_time":"2026-04-07T08:19:23+00:00","og_image":[{"width":1500,"height":1500,"url":"https:\/\/ledsolintel.com\/wp-content\/uploads\/2025\/11\/perfil-rectangular-aluminio-tira-led-20-x-21-x-1000mm.jpg","type":"image\/jpeg"}],"twitter_card":"summary_large_image","twitter_site":"@webmenaje","twitter_misc":{"Dur\u00e9e de lecture estim\u00e9e":"1 minute"},"schema":{"@context":"https:\/\/schema.org","@graph":[{"@type":"WebPage","@id":"https:\/\/ledsolintel.com\/product\/perfil-rectangular-aluminio-tira-led-20-x-21-x-1000mm\/","url":"https:\/\/ledsolintel.com\/product\/perfil-rectangular-aluminio-tira-led-20-x-21-x-1000mm\/","name":"Perfil rectangular aluminio tira led 20 x 21 x 1000mm - Ledsolintel","isPartOf":{"@id":"https:\/\/ledsolintel.com\/#website"},"primaryImageOfPage":{"@id":"https:\/\/ledsolintel.com\/product\/perfil-rectangular-aluminio-tira-led-20-x-21-x-1000mm\/#primaryimage"},"image":{"@id":"https:\/\/ledsolintel.com\/product\/perfil-rectangular-aluminio-tira-led-20-x-21-x-1000mm\/#primaryimage"},"thumbnailUrl":"https:\/\/ledsolintel.com\/wp-content\/uploads\/2025\/11\/perfil-rectangular-aluminio-tira-led-20-x-21-x-1000mm.jpg","datePublished":"2025-11-11T12:51:12+00:00","dateModified":"2026-04-07T08:19:23+00:00","breadcrumb":{"@id":"https:\/\/ledsolintel.com\/product\/perfil-rectangular-aluminio-tira-led-20-x-21-x-1000mm\/#breadcrumb"},"inLanguage":"fr-FR","potentialAction":[{"@type":"ReadAction","target":["https:\/\/ledsolintel.com\/product\/perfil-rectangular-aluminio-tira-led-20-x-21-x-1000mm\/"]}]},{"@type":"ImageObject","inLanguage":"fr-FR","@id":"https:\/\/ledsolintel.com\/product\/perfil-rectangular-aluminio-tira-led-20-x-21-x-1000mm\/#primaryimage","url":"https:\/\/ledsolintel.com\/wp-content\/uploads\/2025\/11\/perfil-rectangular-aluminio-tira-led-20-x-21-x-1000mm.jpg","contentUrl":"https:\/\/ledsolintel.com\/wp-content\/uploads\/2025\/11\/perfil-rectangular-aluminio-tira-led-20-x-21-x-1000mm.jpg","width":1500,"height":1500},{"@type":"BreadcrumbList","@id":"https:\/\/ledsolintel.com\/product\/perfil-rectangular-aluminio-tira-led-20-x-21-x-1000mm\/#breadcrumb","itemListElement":[{"@type":"ListItem","position":1,"name":"Portada","item":"https:\/\/ledsolintel.com\/fr\/"},{"@type":"ListItem","position":2,"name":"Tienda","item":"https:\/\/ledsolintel.com\/tienda\/"},{"@type":"ListItem","position":3,"name":"Perfil rectangular aluminio tira led 20 x 21 x 1000mm"}]},{"@type":"WebSite","@id":"https:\/\/ledsolintel.com\/#website","url":"https:\/\/ledsolintel.com\/","name":"Webmenaje","description":"Magasin d'ampoules et de lampes LED pour les professionnels","publisher":{"@id":"https:\/\/ledsolintel.com\/#organization"},"potentialAction":[{"@type":"SearchAction","target":{"@type":"EntryPoint","urlTemplate":"https:\/\/ledsolintel.com\/?s={search_term_string}"},"query-input":{"@type":"PropertyValueSpecification","valueRequired":true,"valueName":"search_term_string"}}],"inLanguage":"fr-FR"},{"@type":"Organization","@id":"https:\/\/ledsolintel.com\/#organization","name":"Solintel Noroeste, S.L.","url":"https:\/\/ledsolintel.com\/","logo":{"@type":"ImageObject","inLanguage":"fr-FR","@id":"https:\/\/ledsolintel.com\/#\/schema\/logo\/image\/","url":"https:\/\/ledsolintel.com\/wp-content\/uploads\/2024\/11\/webmenaje-logo-1508269066.jpg","contentUrl":"https:\/\/ledsolintel.com\/wp-content\/uploads\/2024\/11\/webmenaje-logo-1508269066.jpg","width":370,"height":90,"caption":"Solintel Noroeste, S.L."},"image":{"@id":"https:\/\/ledsolintel.com\/#\/schema\/logo\/image\/"},"sameAs":["http:\/\/www.facebook.com\/webmenaje","https:\/\/x.com\/webmenaje","https:\/\/www.youtube.com\/channel\/UCX2KoVoeCG4LocZjUc6LmSQ","http:\/\/www.pinterest.com\/webmenaje"]}]}},"_links":{"self":[{"href":"https:\/\/ledsolintel.com\/fr\/wp-json\/wp\/v2\/product\/266529","targetHints":{"allow":["GET"]}}],"collection":[{"href":"https:\/\/ledsolintel.com\/fr\/wp-json\/wp\/v2\/product"}],"about":[{"href":"https:\/\/ledsolintel.com\/fr\/wp-json\/wp\/v2\/types\/product"}],"version-history":[{"count":1,"href":"https:\/\/ledsolintel.com\/fr\/wp-json\/wp\/v2\/product\/266529\/revisions"}],"predecessor-version":[{"id":266530,"href":"https:\/\/ledsolintel.com\/fr\/wp-json\/wp\/v2\/product\/266529\/revisions\/266530"}],"wp:featuredmedia":[{"embeddable":true,"href":"https:\/\/ledsolintel.com\/fr\/wp-json\/wp\/v2\/media\/259501"}],"wp:attachment":[{"href":"https:\/\/ledsolintel.com\/fr\/wp-json\/wp\/v2\/media?parent=266529"}],"wp:term":[{"taxonomy":"product_brand","embeddable":true,"href":"https:\/\/ledsolintel.com\/fr\/wp-json\/wp\/v2\/product_brand?post=266529"},{"taxonomy":"product_cat","embeddable":true,"href":"https:\/\/ledsolintel.com\/fr\/wp-json\/wp\/v2\/product_cat?post=266529"},{"taxonomy":"product_tag","embeddable":true,"href":"https:\/\/ledsolintel.com\/fr\/wp-json\/wp\/v2\/product_tag?post=266529"}],"curies":[{"name":"wp","href":"https:\/\/api.w.org\/{rel}","templated":true}]}}