{"id":266467,"date":"2025-11-11T13:50:10","date_gmt":"2025-11-11T12:50:10","guid":{"rendered":"https:\/\/nueva.ledsolintel.com\/product\/bombilla-led-g24-bi-pin-10w\/"},"modified":"2026-04-07T10:19:24","modified_gmt":"2026-04-07T08:19:24","slug":"bombilla-led-g24-bi-pin-10w","status":"publish","type":"product","link":"https:\/\/ledsolintel.com\/fr\/produit-2\/bombilla-led-g24-bi-pin-10w\/","title":{"rendered":"Ampoule LED G24 (Bi-Pin) 10W"},"content":{"rendered":"<p>La bombilla G24 10W bi-pin es una opci\u00f3n ideal para iluminar espacios varios como salones, cocinas, oficinas, tiendas, etc. Tienen una vida \u00fatil, y un ahorro mucho mayor que una luz convencional (ahorran un 90%). La bombilla G24 est\u00e1 indicada para sustituir la bombilla G24 de bajo consumo de 18W o en los downlights tradicionales de 22.5 cm con 2 bombillas G24 de bajo consumo. Para su instalaci\u00f3n en downlights tradicionales es necesario retirar el balastro y conectarlas directamente a 220V.  Este tipo de bombilla tiene una potencia de 10W. Est\u00e1 fabricada en silicona con las medidas de 35 x 35 x 175 mm e integra unos LEDs SMD2835 48 leds que proporcionan un flujo luminoso de 1000 lumens distribuyendo la luz en un \u00e1ngulo de apertura de 120\u00b0. Puede soportar un voltaje de entrada de 85 &#8211; 265V y una frecuencia de 50\/60 Hz.  Est\u00e1 disponible en dos temperaturas de color: blanca (6000\u00b0K) y c\u00e1lida (3000\u00b0K).  Su instalaci\u00f3n debe realizarse en lugares interiores al poseer un grado de protecci\u00f3n IP20 (protecci\u00f3n contra part\u00edculas s\u00f3lidas de tama\u00f1o superior a 12 mm y no es resistente al agua).  Adem\u00e1s de ser un producto que tiene m\u00e1s de 30.000 horas de vida, dispone de una garant\u00eda de 3 a\u00f1os. Cuenta tambi\u00e9n con el certificado CE, que acredita que se cumple con los requisitos de la UE respecto a compatibilidad electromagn\u00e9tica y normativa de baja tensi\u00f3n. Con este certificado se declara la conformidad de dicho producto con todos los requisitos legales exigidos, y asegura la validez del producto para ser vendido en todo el Espacio Econ\u00f3mico Europeo.<\/p>","protected":false},"excerpt":{"rendered":"<p>La bombilla G24 10W bi-pin es una opci\u00f3n ideal para iluminar espacios varios como salones, cocinas, oficinas, tiendas, etc. Tienen una vida \u00fatil, y un ahorro mucho mayor que una luz convencional (ahorran un 90%). La bombilla G24 est\u00e1 indicada para sustituir la bombilla G24 de bajo consumo de 18W o en los downlights tradicionales &hellip; <a href=\"https:\/\/ledsolintel.com\/fr\/produit-2\/bombilla-led-g24-bi-pin-10w\/\" class=\"more-link\">Continue reading <span class=\"screen-reader-text\">Ampoule LED G24 (Bi-Pin) 10W<\/span><\/a><\/p>","protected":false},"featured_media":259459,"template":"","meta":[],"product_brand":[101370],"product_cat":[15,101371],"product_tag":[],"class_list":{"0":"post-266467","1":"product","2":"type-product","3":"status-publish","4":"has-post-thumbnail","6":"product_brand-masterled","7":"product_cat-uncategorized","8":"product_cat-masterled","9":"pa_temperatura-color-luz-blanca","12":"instock","13":"taxable","14":"shipping-taxable","15":"purchasable","16":"product-type-simple"},"yoast_head":"<!-- This site is optimized with the Yoast SEO plugin v26.6 - https:\/\/yoast.com\/wordpress\/plugins\/seo\/ -->\n<title>Bombilla led G24 (Bi-Pin) 10W - Ledsolintel<\/title>\n<meta name=\"robots\" content=\"index, follow, max-snippet:-1, max-image-preview:large, max-video-preview:-1\" \/>\n<link rel=\"canonical\" href=\"https:\/\/ledsolintel.com\/fr\/produit-2\/bombilla-led-g24-bi-pin-10w\/\" \/>\n<meta property=\"og:locale\" content=\"fr_FR\" \/>\n<meta property=\"og:type\" content=\"article\" \/>\n<meta property=\"og:title\" content=\"Bombilla led G24 (Bi-Pin) 10W - Ledsolintel\" \/>\n<meta property=\"og:description\" content=\"La bombilla G24 10W bi-pin es una opci\u00f3n ideal para iluminar espacios varios como salones, cocinas, oficinas, tiendas, etc. Tienen una vida \u00fatil, y un ahorro mucho mayor que una luz convencional (ahorran un 90%). La bombilla G24 est\u00e1 indicada para sustituir la bombilla G24 de bajo consumo de 18W o en los downlights tradicionales &hellip; Continue reading Bombilla led G24 (Bi-Pin) 10W\" \/>\n<meta property=\"og:url\" content=\"https:\/\/ledsolintel.com\/fr\/produit-2\/bombilla-led-g24-bi-pin-10w\/\" \/>\n<meta property=\"og:site_name\" content=\"Ledsolintel\" \/>\n<meta property=\"article:publisher\" content=\"http:\/\/www.facebook.com\/webmenaje\" \/>\n<meta property=\"article:modified_time\" content=\"2026-04-07T08:19:24+00:00\" \/>\n<meta property=\"og:image\" content=\"https:\/\/ledsolintel.com\/wp-content\/uploads\/2025\/11\/bombilla-led-g24-bi-pin-10w.jpg\" \/>\n\t<meta property=\"og:image:width\" content=\"1500\" \/>\n\t<meta property=\"og:image:height\" content=\"1500\" \/>\n\t<meta property=\"og:image:type\" content=\"image\/jpeg\" \/>\n<meta name=\"twitter:card\" content=\"summary_large_image\" \/>\n<meta name=\"twitter:site\" content=\"@webmenaje\" \/>\n<meta name=\"twitter:label1\" content=\"Dur\u00e9e de lecture estim\u00e9e\" \/>\n\t<meta name=\"twitter:data1\" content=\"1 minute\" \/>\n<script type=\"application\/ld+json\" class=\"yoast-schema-graph\">{\"@context\":\"https:\/\/schema.org\",\"@graph\":[{\"@type\":\"WebPage\",\"@id\":\"https:\/\/ledsolintel.com\/product\/bombilla-led-g24-bi-pin-10w\/\",\"url\":\"https:\/\/ledsolintel.com\/product\/bombilla-led-g24-bi-pin-10w\/\",\"name\":\"Bombilla led G24 (Bi-Pin) 10W - Ledsolintel\",\"isPartOf\":{\"@id\":\"https:\/\/ledsolintel.com\/#website\"},\"primaryImageOfPage\":{\"@id\":\"https:\/\/ledsolintel.com\/product\/bombilla-led-g24-bi-pin-10w\/#primaryimage\"},\"image\":{\"@id\":\"https:\/\/ledsolintel.com\/product\/bombilla-led-g24-bi-pin-10w\/#primaryimage\"},\"thumbnailUrl\":\"https:\/\/ledsolintel.com\/wp-content\/uploads\/2025\/11\/bombilla-led-g24-bi-pin-10w.jpg\",\"datePublished\":\"2025-11-11T12:50:10+00:00\",\"dateModified\":\"2026-04-07T08:19:24+00:00\",\"breadcrumb\":{\"@id\":\"https:\/\/ledsolintel.com\/product\/bombilla-led-g24-bi-pin-10w\/#breadcrumb\"},\"inLanguage\":\"fr-FR\",\"potentialAction\":[{\"@type\":\"ReadAction\",\"target\":[\"https:\/\/ledsolintel.com\/product\/bombilla-led-g24-bi-pin-10w\/\"]}]},{\"@type\":\"ImageObject\",\"inLanguage\":\"fr-FR\",\"@id\":\"https:\/\/ledsolintel.com\/product\/bombilla-led-g24-bi-pin-10w\/#primaryimage\",\"url\":\"https:\/\/ledsolintel.com\/wp-content\/uploads\/2025\/11\/bombilla-led-g24-bi-pin-10w.jpg\",\"contentUrl\":\"https:\/\/ledsolintel.com\/wp-content\/uploads\/2025\/11\/bombilla-led-g24-bi-pin-10w.jpg\",\"width\":1500,\"height\":1500},{\"@type\":\"BreadcrumbList\",\"@id\":\"https:\/\/ledsolintel.com\/product\/bombilla-led-g24-bi-pin-10w\/#breadcrumb\",\"itemListElement\":[{\"@type\":\"ListItem\",\"position\":1,\"name\":\"Portada\",\"item\":\"https:\/\/ledsolintel.com\/fr\/\"},{\"@type\":\"ListItem\",\"position\":2,\"name\":\"Tienda\",\"item\":\"https:\/\/ledsolintel.com\/tienda\/\"},{\"@type\":\"ListItem\",\"position\":3,\"name\":\"Bombilla led G24 (Bi-Pin) 10W\"}]},{\"@type\":\"WebSite\",\"@id\":\"https:\/\/ledsolintel.com\/#website\",\"url\":\"https:\/\/ledsolintel.com\/\",\"name\":\"Webmenaje\",\"description\":\"Tienda de bombillas y l\u00e1mparas LED para profesionales\",\"publisher\":{\"@id\":\"https:\/\/ledsolintel.com\/#organization\"},\"potentialAction\":[{\"@type\":\"SearchAction\",\"target\":{\"@type\":\"EntryPoint\",\"urlTemplate\":\"https:\/\/ledsolintel.com\/?s={search_term_string}\"},\"query-input\":{\"@type\":\"PropertyValueSpecification\",\"valueRequired\":true,\"valueName\":\"search_term_string\"}}],\"inLanguage\":\"fr-FR\"},{\"@type\":\"Organization\",\"@id\":\"https:\/\/ledsolintel.com\/#organization\",\"name\":\"Solintel Noroeste, S.L.\",\"url\":\"https:\/\/ledsolintel.com\/\",\"logo\":{\"@type\":\"ImageObject\",\"inLanguage\":\"fr-FR\",\"@id\":\"https:\/\/ledsolintel.com\/#\/schema\/logo\/image\/\",\"url\":\"https:\/\/ledsolintel.com\/wp-content\/uploads\/2024\/11\/webmenaje-logo-1508269066.jpg\",\"contentUrl\":\"https:\/\/ledsolintel.com\/wp-content\/uploads\/2024\/11\/webmenaje-logo-1508269066.jpg\",\"width\":370,\"height\":90,\"caption\":\"Solintel Noroeste, S.L.\"},\"image\":{\"@id\":\"https:\/\/ledsolintel.com\/#\/schema\/logo\/image\/\"},\"sameAs\":[\"http:\/\/www.facebook.com\/webmenaje\",\"https:\/\/x.com\/webmenaje\",\"https:\/\/www.youtube.com\/channel\/UCX2KoVoeCG4LocZjUc6LmSQ\",\"http:\/\/www.pinterest.com\/webmenaje\"]}]}<\/script>\n<!-- \/ Yoast SEO plugin. -->","yoast_head_json":{"title":"Bombilla led G24 (Bi-Pin) 10W - Ledsolintel","robots":{"index":"index","follow":"follow","max-snippet":"max-snippet:-1","max-image-preview":"max-image-preview:large","max-video-preview":"max-video-preview:-1"},"canonical":"https:\/\/ledsolintel.com\/fr\/produit-2\/bombilla-led-g24-bi-pin-10w\/","og_locale":"fr_FR","og_type":"article","og_title":"Bombilla led G24 (Bi-Pin) 10W - Ledsolintel","og_description":"La bombilla G24 10W bi-pin es una opci\u00f3n ideal para iluminar espacios varios como salones, cocinas, oficinas, tiendas, etc. Tienen una vida \u00fatil, y un ahorro mucho mayor que una luz convencional (ahorran un 90%). La bombilla G24 est\u00e1 indicada para sustituir la bombilla G24 de bajo consumo de 18W o en los downlights tradicionales &hellip; Continue reading Bombilla led G24 (Bi-Pin) 10W","og_url":"https:\/\/ledsolintel.com\/fr\/produit-2\/bombilla-led-g24-bi-pin-10w\/","og_site_name":"Ledsolintel","article_publisher":"http:\/\/www.facebook.com\/webmenaje","article_modified_time":"2026-04-07T08:19:24+00:00","og_image":[{"width":1500,"height":1500,"url":"https:\/\/ledsolintel.com\/wp-content\/uploads\/2025\/11\/bombilla-led-g24-bi-pin-10w.jpg","type":"image\/jpeg"}],"twitter_card":"summary_large_image","twitter_site":"@webmenaje","twitter_misc":{"Dur\u00e9e de lecture estim\u00e9e":"1 minute"},"schema":{"@context":"https:\/\/schema.org","@graph":[{"@type":"WebPage","@id":"https:\/\/ledsolintel.com\/product\/bombilla-led-g24-bi-pin-10w\/","url":"https:\/\/ledsolintel.com\/product\/bombilla-led-g24-bi-pin-10w\/","name":"Bombilla led G24 (Bi-Pin) 10W - Ledsolintel","isPartOf":{"@id":"https:\/\/ledsolintel.com\/#website"},"primaryImageOfPage":{"@id":"https:\/\/ledsolintel.com\/product\/bombilla-led-g24-bi-pin-10w\/#primaryimage"},"image":{"@id":"https:\/\/ledsolintel.com\/product\/bombilla-led-g24-bi-pin-10w\/#primaryimage"},"thumbnailUrl":"https:\/\/ledsolintel.com\/wp-content\/uploads\/2025\/11\/bombilla-led-g24-bi-pin-10w.jpg","datePublished":"2025-11-11T12:50:10+00:00","dateModified":"2026-04-07T08:19:24+00:00","breadcrumb":{"@id":"https:\/\/ledsolintel.com\/product\/bombilla-led-g24-bi-pin-10w\/#breadcrumb"},"inLanguage":"fr-FR","potentialAction":[{"@type":"ReadAction","target":["https:\/\/ledsolintel.com\/product\/bombilla-led-g24-bi-pin-10w\/"]}]},{"@type":"ImageObject","inLanguage":"fr-FR","@id":"https:\/\/ledsolintel.com\/product\/bombilla-led-g24-bi-pin-10w\/#primaryimage","url":"https:\/\/ledsolintel.com\/wp-content\/uploads\/2025\/11\/bombilla-led-g24-bi-pin-10w.jpg","contentUrl":"https:\/\/ledsolintel.com\/wp-content\/uploads\/2025\/11\/bombilla-led-g24-bi-pin-10w.jpg","width":1500,"height":1500},{"@type":"BreadcrumbList","@id":"https:\/\/ledsolintel.com\/product\/bombilla-led-g24-bi-pin-10w\/#breadcrumb","itemListElement":[{"@type":"ListItem","position":1,"name":"Portada","item":"https:\/\/ledsolintel.com\/fr\/"},{"@type":"ListItem","position":2,"name":"Tienda","item":"https:\/\/ledsolintel.com\/tienda\/"},{"@type":"ListItem","position":3,"name":"Bombilla led G24 (Bi-Pin) 10W"}]},{"@type":"WebSite","@id":"https:\/\/ledsolintel.com\/#website","url":"https:\/\/ledsolintel.com\/","name":"Webmenaje","description":"Magasin d'ampoules et de lampes LED pour les professionnels","publisher":{"@id":"https:\/\/ledsolintel.com\/#organization"},"potentialAction":[{"@type":"SearchAction","target":{"@type":"EntryPoint","urlTemplate":"https:\/\/ledsolintel.com\/?s={search_term_string}"},"query-input":{"@type":"PropertyValueSpecification","valueRequired":true,"valueName":"search_term_string"}}],"inLanguage":"fr-FR"},{"@type":"Organization","@id":"https:\/\/ledsolintel.com\/#organization","name":"Solintel Noroeste, S.L.","url":"https:\/\/ledsolintel.com\/","logo":{"@type":"ImageObject","inLanguage":"fr-FR","@id":"https:\/\/ledsolintel.com\/#\/schema\/logo\/image\/","url":"https:\/\/ledsolintel.com\/wp-content\/uploads\/2024\/11\/webmenaje-logo-1508269066.jpg","contentUrl":"https:\/\/ledsolintel.com\/wp-content\/uploads\/2024\/11\/webmenaje-logo-1508269066.jpg","width":370,"height":90,"caption":"Solintel Noroeste, S.L."},"image":{"@id":"https:\/\/ledsolintel.com\/#\/schema\/logo\/image\/"},"sameAs":["http:\/\/www.facebook.com\/webmenaje","https:\/\/x.com\/webmenaje","https:\/\/www.youtube.com\/channel\/UCX2KoVoeCG4LocZjUc6LmSQ","http:\/\/www.pinterest.com\/webmenaje"]}]}},"_links":{"self":[{"href":"https:\/\/ledsolintel.com\/fr\/wp-json\/wp\/v2\/product\/266467","targetHints":{"allow":["GET"]}}],"collection":[{"href":"https:\/\/ledsolintel.com\/fr\/wp-json\/wp\/v2\/product"}],"about":[{"href":"https:\/\/ledsolintel.com\/fr\/wp-json\/wp\/v2\/types\/product"}],"version-history":[{"count":1,"href":"https:\/\/ledsolintel.com\/fr\/wp-json\/wp\/v2\/product\/266467\/revisions"}],"predecessor-version":[{"id":266468,"href":"https:\/\/ledsolintel.com\/fr\/wp-json\/wp\/v2\/product\/266467\/revisions\/266468"}],"wp:featuredmedia":[{"embeddable":true,"href":"https:\/\/ledsolintel.com\/fr\/wp-json\/wp\/v2\/media\/259459"}],"wp:attachment":[{"href":"https:\/\/ledsolintel.com\/fr\/wp-json\/wp\/v2\/media?parent=266467"}],"wp:term":[{"taxonomy":"product_brand","embeddable":true,"href":"https:\/\/ledsolintel.com\/fr\/wp-json\/wp\/v2\/product_brand?post=266467"},{"taxonomy":"product_cat","embeddable":true,"href":"https:\/\/ledsolintel.com\/fr\/wp-json\/wp\/v2\/product_cat?post=266467"},{"taxonomy":"product_tag","embeddable":true,"href":"https:\/\/ledsolintel.com\/fr\/wp-json\/wp\/v2\/product_tag?post=266467"}],"curies":[{"name":"wp","href":"https:\/\/api.w.org\/{rel}","templated":true}]}}