{"id":266460,"date":"2025-11-11T13:50:00","date_gmt":"2025-11-11T12:50:00","guid":{"rendered":"https:\/\/nueva.ledsolintel.com\/product\/regleta-5w-base-ensamblable-opaco\/"},"modified":"2026-04-07T10:19:24","modified_gmt":"2026-04-07T08:19:24","slug":"multiprise-5w-opaque-base-assemblee","status":"publish","type":"product","link":"https:\/\/ledsolintel.com\/fr\/produit-2\/multiprise-5w-opaque-base-assemblee\/","title":{"rendered":"Bande de base opaque assemblable 5W"},"content":{"rendered":"<p>Bande LED 5W avec base assemblable con\u00e7ue avec un corps en aluminium et PVC, c'est une option efficace et durable pour l'\u00e9clairage des espaces r\u00e9sidentiels, des centres commerciaux, des magasins, des centres de sant\u00e9, des bureaux, des entrep\u00f4ts ou dans le canal HORECA. Il est recommand\u00e9 de ne pas d\u00e9passer un maximum de 5 bandes connect\u00e9es en s\u00e9rie. L'angle de dispersion de la lumi\u00e8re est de 180\u00b0, ce qui garantit un \u00e9clairage homog\u00e8ne.  Tr\u00e8s efficace, il consomme 5W gr\u00e2ce \u00e0 la LED de type SMD, fournissant un flux lumineux de 400 lumens, avec une valeur de consommation de 5kWh\/1000h. Son diffuseur opaque r\u00e9duit l'\u00e9blouissement.  Elle doit \u00eatre install\u00e9e \u00e0 l'int\u00e9rieur en raison de son degr\u00e9 de protection IP20 (elle est prot\u00e9g\u00e9e contre les particules solides de plus de 12 mm et n'est pas \u00e9tanche). Il peut \u00eatre install\u00e9 directement sur les prises de courant (165-265V) avec une fr\u00e9quence de fonctionnement de 50\/60Hz. Les dimensions de ce tube sont de 23 x 33 x 300 mm. Il est disponible en deux temp\u00e9ratures de couleur : blanc (6500\u00b0K) et chaud (3000\u00b0K).  En plus d'\u00eatre un produit d'une dur\u00e9e de vie de plus de 30 000 heures, il est garanti 3 ans. Elle poss\u00e8de \u00e9galement le certificat CE, qui atteste qu'elle est conforme aux exigences de l'UE en mati\u00e8re de compatibilit\u00e9 \u00e9lectromagn\u00e9tique et de basse tension. Ce certificat d\u00e9clare la conformit\u00e9 du produit \u00e0 toutes les exigences l\u00e9gales et garantit la validit\u00e9 de la vente du produit dans l'Espace \u00e9conomique europ\u00e9en.  Comprend des clips de fixation, un c\u00e2ble d'alimentation et un connecteur pour l'assemblage.<\/p>","protected":false},"excerpt":{"rendered":"<p>Regleta led de 5W con base ensamblable dise\u00f1ada con el cuerpo de aluminio y PVC, es una opci\u00f3n eficiente y duradera para iluminar espacios residenciales, centros comerciales, tiendas, centros de salud, oficinas, almacenes o en el canal HORECA. Se recomienda no superar un m\u00e1ximo de 5 regletas conectadas en serie. Dispone de un \u00e1ngulo de &hellip; <a href=\"https:\/\/ledsolintel.com\/fr\/produit-2\/multiprise-5w-opaque-base-assemblee\/\" class=\"more-link\">Continue reading <span class=\"screen-reader-text\">Bande de base opaque assemblable 5W<\/span><\/a><\/p>","protected":false},"featured_media":259448,"template":"","meta":[],"product_brand":[101370],"product_cat":[101371,15],"product_tag":[],"class_list":{"0":"post-266460","1":"product","2":"type-product","3":"status-publish","4":"has-post-thumbnail","6":"product_brand-masterled","7":"product_cat-masterled","8":"product_cat-uncategorized","9":"pa_temperatura-color-luz-blanca","10":"pa_temperatura-color-luz-calida","13":"instock","14":"taxable","15":"shipping-taxable","16":"purchasable","17":"product-type-variable","18":"has-default-attributes"},"yoast_head":"<!-- This site is optimized with the Yoast SEO plugin v27.4 - https:\/\/yoast.com\/product\/yoast-seo-wordpress\/ -->\n<title>Regleta 5W base ensamblable opaco - Ledsolintel<\/title>\n<meta name=\"robots\" content=\"index, follow, max-snippet:-1, max-image-preview:large, max-video-preview:-1\" \/>\n<link rel=\"canonical\" href=\"https:\/\/ledsolintel.com\/fr\/produit-2\/multiprise-5w-opaque-base-assemblee\/\" \/>\n<meta property=\"og:locale\" content=\"fr_FR\" \/>\n<meta property=\"og:type\" content=\"article\" \/>\n<meta property=\"og:title\" content=\"Regleta 5W base ensamblable opaco - Ledsolintel\" \/>\n<meta property=\"og:description\" content=\"Regleta led de 5W con base ensamblable dise\u00f1ada con el cuerpo de aluminio y PVC, es una opci\u00f3n eficiente y duradera para iluminar espacios residenciales, centros comerciales, tiendas, centros de salud, oficinas, almacenes o en el canal HORECA. Se recomienda no superar un m\u00e1ximo de 5 regletas conectadas en serie. Dispone de un \u00e1ngulo de &hellip; Continue reading Regleta 5W base ensamblable opaco\" \/>\n<meta property=\"og:url\" content=\"https:\/\/ledsolintel.com\/fr\/produit-2\/multiprise-5w-opaque-base-assemblee\/\" \/>\n<meta property=\"og:site_name\" content=\"Ledsolintel\" \/>\n<meta property=\"article:publisher\" content=\"http:\/\/www.facebook.com\/webmenaje\" \/>\n<meta property=\"article:modified_time\" content=\"2026-04-07T08:19:24+00:00\" \/>\n<meta property=\"og:image\" content=\"https:\/\/ledsolintel.com\/wp-content\/uploads\/2025\/11\/regleta-5w-base-ensamblable-opaco.jpg\" \/>\n\t<meta property=\"og:image:width\" content=\"1500\" \/>\n\t<meta property=\"og:image:height\" content=\"1500\" \/>\n\t<meta property=\"og:image:type\" content=\"image\/jpeg\" \/>\n<meta name=\"twitter:card\" content=\"summary_large_image\" \/>\n<meta name=\"twitter:site\" content=\"@webmenaje\" \/>\n<meta name=\"twitter:label1\" content=\"Dur\u00e9e de lecture estim\u00e9e\" \/>\n\t<meta name=\"twitter:data1\" content=\"1 minute\" \/>\n<script type=\"application\/ld+json\" class=\"yoast-schema-graph\">{\"@context\":\"https:\\\/\\\/schema.org\",\"@graph\":[{\"@type\":\"WebPage\",\"@id\":\"https:\\\/\\\/ledsolintel.com\\\/product\\\/regleta-5w-base-ensamblable-opaco\\\/\",\"url\":\"https:\\\/\\\/ledsolintel.com\\\/product\\\/regleta-5w-base-ensamblable-opaco\\\/\",\"name\":\"Regleta 5W base ensamblable opaco - Ledsolintel\",\"isPartOf\":{\"@id\":\"https:\\\/\\\/ledsolintel.com\\\/#website\"},\"primaryImageOfPage\":{\"@id\":\"https:\\\/\\\/ledsolintel.com\\\/product\\\/regleta-5w-base-ensamblable-opaco\\\/#primaryimage\"},\"image\":{\"@id\":\"https:\\\/\\\/ledsolintel.com\\\/product\\\/regleta-5w-base-ensamblable-opaco\\\/#primaryimage\"},\"thumbnailUrl\":\"https:\\\/\\\/ledsolintel.com\\\/wp-content\\\/uploads\\\/2025\\\/11\\\/regleta-5w-base-ensamblable-opaco.jpg\",\"datePublished\":\"2025-11-11T12:50:00+00:00\",\"dateModified\":\"2026-04-07T08:19:24+00:00\",\"breadcrumb\":{\"@id\":\"https:\\\/\\\/ledsolintel.com\\\/product\\\/regleta-5w-base-ensamblable-opaco\\\/#breadcrumb\"},\"inLanguage\":\"fr-FR\",\"potentialAction\":[{\"@type\":\"ReadAction\",\"target\":[\"https:\\\/\\\/ledsolintel.com\\\/product\\\/regleta-5w-base-ensamblable-opaco\\\/\"]}]},{\"@type\":\"ImageObject\",\"inLanguage\":\"fr-FR\",\"@id\":\"https:\\\/\\\/ledsolintel.com\\\/product\\\/regleta-5w-base-ensamblable-opaco\\\/#primaryimage\",\"url\":\"https:\\\/\\\/ledsolintel.com\\\/wp-content\\\/uploads\\\/2025\\\/11\\\/regleta-5w-base-ensamblable-opaco.jpg\",\"contentUrl\":\"https:\\\/\\\/ledsolintel.com\\\/wp-content\\\/uploads\\\/2025\\\/11\\\/regleta-5w-base-ensamblable-opaco.jpg\",\"width\":1500,\"height\":1500},{\"@type\":\"BreadcrumbList\",\"@id\":\"https:\\\/\\\/ledsolintel.com\\\/product\\\/regleta-5w-base-ensamblable-opaco\\\/#breadcrumb\",\"itemListElement\":[{\"@type\":\"ListItem\",\"position\":1,\"name\":\"Portada\",\"item\":\"https:\\\/\\\/ledsolintel.com\\\/fr\\\/\"},{\"@type\":\"ListItem\",\"position\":2,\"name\":\"Tienda\",\"item\":\"https:\\\/\\\/ledsolintel.com\\\/tienda\\\/\"},{\"@type\":\"ListItem\",\"position\":3,\"name\":\"Regleta 5W base ensamblable opaco\"}]},{\"@type\":\"WebSite\",\"@id\":\"https:\\\/\\\/ledsolintel.com\\\/#website\",\"url\":\"https:\\\/\\\/ledsolintel.com\\\/\",\"name\":\"Webmenaje\",\"description\":\"Tienda de bombillas y l\u00e1mparas LED para profesionales\",\"publisher\":{\"@id\":\"https:\\\/\\\/ledsolintel.com\\\/#organization\"},\"potentialAction\":[{\"@type\":\"SearchAction\",\"target\":{\"@type\":\"EntryPoint\",\"urlTemplate\":\"https:\\\/\\\/ledsolintel.com\\\/?s={search_term_string}\"},\"query-input\":{\"@type\":\"PropertyValueSpecification\",\"valueRequired\":true,\"valueName\":\"search_term_string\"}}],\"inLanguage\":\"fr-FR\"},{\"@type\":\"Organization\",\"@id\":\"https:\\\/\\\/ledsolintel.com\\\/#organization\",\"name\":\"Solintel Noroeste, S.L.\",\"url\":\"https:\\\/\\\/ledsolintel.com\\\/\",\"logo\":{\"@type\":\"ImageObject\",\"inLanguage\":\"fr-FR\",\"@id\":\"https:\\\/\\\/ledsolintel.com\\\/#\\\/schema\\\/logo\\\/image\\\/\",\"url\":\"https:\\\/\\\/ledsolintel.com\\\/wp-content\\\/uploads\\\/2024\\\/11\\\/webmenaje-logo-1508269066.jpg\",\"contentUrl\":\"https:\\\/\\\/ledsolintel.com\\\/wp-content\\\/uploads\\\/2024\\\/11\\\/webmenaje-logo-1508269066.jpg\",\"width\":370,\"height\":90,\"caption\":\"Solintel Noroeste, S.L.\"},\"image\":{\"@id\":\"https:\\\/\\\/ledsolintel.com\\\/#\\\/schema\\\/logo\\\/image\\\/\"},\"sameAs\":[\"http:\\\/\\\/www.facebook.com\\\/webmenaje\",\"https:\\\/\\\/x.com\\\/webmenaje\",\"https:\\\/\\\/www.youtube.com\\\/channel\\\/UCX2KoVoeCG4LocZjUc6LmSQ\",\"http:\\\/\\\/www.pinterest.com\\\/webmenaje\"]}]}<\/script>\n<!-- \/ Yoast SEO plugin. -->","yoast_head_json":{"title":"Socle opaque assemblable 5W - Ledsolintel","robots":{"index":"index","follow":"follow","max-snippet":"max-snippet:-1","max-image-preview":"max-image-preview:large","max-video-preview":"max-video-preview:-1"},"canonical":"https:\/\/ledsolintel.com\/fr\/produit-2\/multiprise-5w-opaque-base-assemblee\/","og_locale":"fr_FR","og_type":"article","og_title":"Regleta 5W base ensamblable opaco - Ledsolintel","og_description":"Regleta led de 5W con base ensamblable dise\u00f1ada con el cuerpo de aluminio y PVC, es una opci\u00f3n eficiente y duradera para iluminar espacios residenciales, centros comerciales, tiendas, centros de salud, oficinas, almacenes o en el canal HORECA. Se recomienda no superar un m\u00e1ximo de 5 regletas conectadas en serie. Dispone de un \u00e1ngulo de &hellip; Continue reading Regleta 5W base ensamblable opaco","og_url":"https:\/\/ledsolintel.com\/fr\/produit-2\/multiprise-5w-opaque-base-assemblee\/","og_site_name":"Ledsolintel","article_publisher":"http:\/\/www.facebook.com\/webmenaje","article_modified_time":"2026-04-07T08:19:24+00:00","og_image":[{"width":1500,"height":1500,"url":"https:\/\/ledsolintel.com\/wp-content\/uploads\/2025\/11\/regleta-5w-base-ensamblable-opaco.jpg","type":"image\/jpeg"}],"twitter_card":"summary_large_image","twitter_site":"@webmenaje","twitter_misc":{"Dur\u00e9e de lecture estim\u00e9e":"1 minute"},"schema":{"@context":"https:\/\/schema.org","@graph":[{"@type":"WebPage","@id":"https:\/\/ledsolintel.com\/product\/regleta-5w-base-ensamblable-opaco\/","url":"https:\/\/ledsolintel.com\/product\/regleta-5w-base-ensamblable-opaco\/","name":"Socle opaque assemblable 5W - Ledsolintel","isPartOf":{"@id":"https:\/\/ledsolintel.com\/#website"},"primaryImageOfPage":{"@id":"https:\/\/ledsolintel.com\/product\/regleta-5w-base-ensamblable-opaco\/#primaryimage"},"image":{"@id":"https:\/\/ledsolintel.com\/product\/regleta-5w-base-ensamblable-opaco\/#primaryimage"},"thumbnailUrl":"https:\/\/ledsolintel.com\/wp-content\/uploads\/2025\/11\/regleta-5w-base-ensamblable-opaco.jpg","datePublished":"2025-11-11T12:50:00+00:00","dateModified":"2026-04-07T08:19:24+00:00","breadcrumb":{"@id":"https:\/\/ledsolintel.com\/product\/regleta-5w-base-ensamblable-opaco\/#breadcrumb"},"inLanguage":"fr-FR","potentialAction":[{"@type":"ReadAction","target":["https:\/\/ledsolintel.com\/product\/regleta-5w-base-ensamblable-opaco\/"]}]},{"@type":"ImageObject","inLanguage":"fr-FR","@id":"https:\/\/ledsolintel.com\/product\/regleta-5w-base-ensamblable-opaco\/#primaryimage","url":"https:\/\/ledsolintel.com\/wp-content\/uploads\/2025\/11\/regleta-5w-base-ensamblable-opaco.jpg","contentUrl":"https:\/\/ledsolintel.com\/wp-content\/uploads\/2025\/11\/regleta-5w-base-ensamblable-opaco.jpg","width":1500,"height":1500},{"@type":"BreadcrumbList","@id":"https:\/\/ledsolintel.com\/product\/regleta-5w-base-ensamblable-opaco\/#breadcrumb","itemListElement":[{"@type":"ListItem","position":1,"name":"Portada","item":"https:\/\/ledsolintel.com\/fr\/"},{"@type":"ListItem","position":2,"name":"Tienda","item":"https:\/\/ledsolintel.com\/tienda\/"},{"@type":"ListItem","position":3,"name":"Regleta 5W base ensamblable opaco"}]},{"@type":"WebSite","@id":"https:\/\/ledsolintel.com\/#website","url":"https:\/\/ledsolintel.com\/","name":"Webmenaje","description":"Magasin d'ampoules et de lampes LED pour les professionnels","publisher":{"@id":"https:\/\/ledsolintel.com\/#organization"},"potentialAction":[{"@type":"SearchAction","target":{"@type":"EntryPoint","urlTemplate":"https:\/\/ledsolintel.com\/?s={search_term_string}"},"query-input":{"@type":"PropertyValueSpecification","valueRequired":true,"valueName":"search_term_string"}}],"inLanguage":"fr-FR"},{"@type":"Organization","@id":"https:\/\/ledsolintel.com\/#organization","name":"Solintel Noroeste, S.L.","url":"https:\/\/ledsolintel.com\/","logo":{"@type":"ImageObject","inLanguage":"fr-FR","@id":"https:\/\/ledsolintel.com\/#\/schema\/logo\/image\/","url":"https:\/\/ledsolintel.com\/wp-content\/uploads\/2024\/11\/webmenaje-logo-1508269066.jpg","contentUrl":"https:\/\/ledsolintel.com\/wp-content\/uploads\/2024\/11\/webmenaje-logo-1508269066.jpg","width":370,"height":90,"caption":"Solintel Noroeste, S.L."},"image":{"@id":"https:\/\/ledsolintel.com\/#\/schema\/logo\/image\/"},"sameAs":["http:\/\/www.facebook.com\/webmenaje","https:\/\/x.com\/webmenaje","https:\/\/www.youtube.com\/channel\/UCX2KoVoeCG4LocZjUc6LmSQ","http:\/\/www.pinterest.com\/webmenaje"]}]}},"_links":{"self":[{"href":"https:\/\/ledsolintel.com\/fr\/wp-json\/wp\/v2\/product\/266460","targetHints":{"allow":["GET"]}}],"collection":[{"href":"https:\/\/ledsolintel.com\/fr\/wp-json\/wp\/v2\/product"}],"about":[{"href":"https:\/\/ledsolintel.com\/fr\/wp-json\/wp\/v2\/types\/product"}],"version-history":[{"count":1,"href":"https:\/\/ledsolintel.com\/fr\/wp-json\/wp\/v2\/product\/266460\/revisions"}],"predecessor-version":[{"id":266461,"href":"https:\/\/ledsolintel.com\/fr\/wp-json\/wp\/v2\/product\/266460\/revisions\/266461"}],"wp:featuredmedia":[{"embeddable":true,"href":"https:\/\/ledsolintel.com\/fr\/wp-json\/wp\/v2\/media\/259448"}],"wp:attachment":[{"href":"https:\/\/ledsolintel.com\/fr\/wp-json\/wp\/v2\/media?parent=266460"}],"wp:term":[{"taxonomy":"product_brand","embeddable":true,"href":"https:\/\/ledsolintel.com\/fr\/wp-json\/wp\/v2\/product_brand?post=266460"},{"taxonomy":"product_cat","embeddable":true,"href":"https:\/\/ledsolintel.com\/fr\/wp-json\/wp\/v2\/product_cat?post=266460"},{"taxonomy":"product_tag","embeddable":true,"href":"https:\/\/ledsolintel.com\/fr\/wp-json\/wp\/v2\/product_tag?post=266460"}],"curies":[{"name":"wp","href":"https:\/\/api.w.org\/{rel}","templated":true}]}}