{"id":266415,"date":"2025-11-11T13:49:14","date_gmt":"2025-11-11T12:49:14","guid":{"rendered":"https:\/\/nueva.ledsolintel.com\/product\/conexion-doble-para-tira-led-220v-rgb\/"},"modified":"2026-04-07T10:19:24","modified_gmt":"2026-04-07T08:19:24","slug":"conexion-doble-para-tira-led-220v-rgb","status":"publish","type":"product","link":"https:\/\/ledsolintel.com\/fr\/produit-2\/conexion-doble-para-tira-led-220v-rgb\/","title":{"rendered":"Double connexion pour bande LED 220V RGB"},"content":{"rendered":"<p>Conexi\u00f3n doble para tiras led 220V RGB para conectar los extremos de 2 tiras led 220V RGB. Con este conector se pueden unir dos tramos de tira haciendo diferentes curvas y \u00e1ngulos, permitiendo conseguir una gran versatilidad en cualquier instalaci\u00f3n. Para conectarla a las tiras se necesita el pincho conector tira led 220V RGB.  Est\u00e1 fabricado en poliamida de alta flexibilidad, con cuatro cables internos de 0,5 mm2 de secci\u00f3n. Tiene un grado de protecci\u00f3n IP20, por lo que las cabezas se deben proteger con adhesivo o tubo termoretr\u00e1ctil en caso de instalaciones a la intemperie.  Este art\u00edculo es compatible solamente con nuestras tiras LED RGB de 220V referencia TL00220RGB(no compatible con otros modelos de tira). La conexi\u00f3n es muy sencilla; basta con introducir el extremo de la tira en el conector y cerrarlo mediante su sistema de clip. Una vez insertada la tira, se debe verificar que ha quedado bien sujeta al conector. Tambi\u00e9n se debe verificar el correcto funcionamiento antes de la instalaci\u00f3n en el emplazamiento final. Para m\u00e1s informaci\u00f3n acerca de la instalaci\u00f3n, consultar la gu\u00eda disponible en el apartado &#8220;Manuales y descargas&#8221;.  Dispone de una garant\u00eda de 3 a\u00f1os. Cuenta tambi\u00e9n con el certificado CE, que acredita que se cumple con los requisitos de la UE respecto a compatibilidad electromagn\u00e9tica y normativa de baja tensi\u00f3n. Con este certificado se declara la conformidad de dicho producto con todos los requisitos legales exigidos, y asegura la validez del producto para ser vendido en todo el Espacio Econ\u00f3mico Europeo.<\/p>","protected":false},"excerpt":{"rendered":"<p>Conexi\u00f3n doble para tiras led 220V RGB para conectar los extremos de 2 tiras led 220V RGB. Con este conector se pueden unir dos tramos de tira haciendo diferentes curvas y \u00e1ngulos, permitiendo conseguir una gran versatilidad en cualquier instalaci\u00f3n. Para conectarla a las tiras se necesita el pincho conector tira led 220V RGB. Est\u00e1 &hellip; <a href=\"https:\/\/ledsolintel.com\/fr\/produit-2\/conexion-doble-para-tira-led-220v-rgb\/\" class=\"more-link\">Continue reading <span class=\"screen-reader-text\">Double connexion pour bande LED 220V RGB<\/span><\/a><\/p>","protected":false},"featured_media":259404,"template":"","meta":[],"product_brand":[101370],"product_cat":[101371,15],"product_tag":[],"class_list":{"0":"post-266415","1":"product","2":"type-product","3":"status-publish","4":"has-post-thumbnail","6":"product_brand-masterled","7":"product_cat-masterled","8":"product_cat-uncategorized","9":"pa_voltaje-220v","12":"instock","13":"taxable","14":"shipping-taxable","15":"purchasable","16":"product-type-simple"},"yoast_head":"<!-- This site is optimized with the Yoast SEO plugin v27.4 - https:\/\/yoast.com\/product\/yoast-seo-wordpress\/ -->\n<title>Conexi\u00f3n doble para tira led 220V RGB - Ledsolintel<\/title>\n<meta name=\"robots\" content=\"index, follow, max-snippet:-1, max-image-preview:large, max-video-preview:-1\" \/>\n<link rel=\"canonical\" href=\"https:\/\/ledsolintel.com\/fr\/produit-2\/conexion-doble-para-tira-led-220v-rgb\/\" \/>\n<meta property=\"og:locale\" content=\"fr_FR\" \/>\n<meta property=\"og:type\" content=\"article\" \/>\n<meta property=\"og:title\" content=\"Conexi\u00f3n doble para tira led 220V RGB - Ledsolintel\" \/>\n<meta property=\"og:description\" content=\"Conexi\u00f3n doble para tiras led 220V RGB para conectar los extremos de 2 tiras led 220V RGB. Con este conector se pueden unir dos tramos de tira haciendo diferentes curvas y \u00e1ngulos, permitiendo conseguir una gran versatilidad en cualquier instalaci\u00f3n. Para conectarla a las tiras se necesita el pincho conector tira led 220V RGB. Est\u00e1 &hellip; Continue reading Conexi\u00f3n doble para tira led 220V RGB\" \/>\n<meta property=\"og:url\" content=\"https:\/\/ledsolintel.com\/fr\/produit-2\/conexion-doble-para-tira-led-220v-rgb\/\" \/>\n<meta property=\"og:site_name\" content=\"Ledsolintel\" \/>\n<meta property=\"article:publisher\" content=\"http:\/\/www.facebook.com\/webmenaje\" \/>\n<meta property=\"article:modified_time\" content=\"2026-04-07T08:19:24+00:00\" \/>\n<meta property=\"og:image\" content=\"https:\/\/ledsolintel.com\/wp-content\/uploads\/2025\/11\/conexion-doble-tira-led-220v-rgb.jpg\" \/>\n\t<meta property=\"og:image:width\" content=\"1500\" \/>\n\t<meta property=\"og:image:height\" content=\"1500\" \/>\n\t<meta property=\"og:image:type\" content=\"image\/jpeg\" \/>\n<meta name=\"twitter:card\" content=\"summary_large_image\" \/>\n<meta name=\"twitter:site\" content=\"@webmenaje\" \/>\n<meta name=\"twitter:label1\" content=\"Dur\u00e9e de lecture estim\u00e9e\" \/>\n\t<meta name=\"twitter:data1\" content=\"1 minute\" \/>\n<script type=\"application\/ld+json\" class=\"yoast-schema-graph\">{\"@context\":\"https:\\\/\\\/schema.org\",\"@graph\":[{\"@type\":\"WebPage\",\"@id\":\"https:\\\/\\\/ledsolintel.com\\\/product\\\/conexion-doble-para-tira-led-220v-rgb\\\/\",\"url\":\"https:\\\/\\\/ledsolintel.com\\\/product\\\/conexion-doble-para-tira-led-220v-rgb\\\/\",\"name\":\"Conexi\u00f3n doble para tira led 220V RGB - Ledsolintel\",\"isPartOf\":{\"@id\":\"https:\\\/\\\/ledsolintel.com\\\/#website\"},\"primaryImageOfPage\":{\"@id\":\"https:\\\/\\\/ledsolintel.com\\\/product\\\/conexion-doble-para-tira-led-220v-rgb\\\/#primaryimage\"},\"image\":{\"@id\":\"https:\\\/\\\/ledsolintel.com\\\/product\\\/conexion-doble-para-tira-led-220v-rgb\\\/#primaryimage\"},\"thumbnailUrl\":\"https:\\\/\\\/ledsolintel.com\\\/wp-content\\\/uploads\\\/2025\\\/11\\\/conexion-doble-tira-led-220v-rgb.jpg\",\"datePublished\":\"2025-11-11T12:49:14+00:00\",\"dateModified\":\"2026-04-07T08:19:24+00:00\",\"breadcrumb\":{\"@id\":\"https:\\\/\\\/ledsolintel.com\\\/product\\\/conexion-doble-para-tira-led-220v-rgb\\\/#breadcrumb\"},\"inLanguage\":\"fr-FR\",\"potentialAction\":[{\"@type\":\"ReadAction\",\"target\":[\"https:\\\/\\\/ledsolintel.com\\\/product\\\/conexion-doble-para-tira-led-220v-rgb\\\/\"]}]},{\"@type\":\"ImageObject\",\"inLanguage\":\"fr-FR\",\"@id\":\"https:\\\/\\\/ledsolintel.com\\\/product\\\/conexion-doble-para-tira-led-220v-rgb\\\/#primaryimage\",\"url\":\"https:\\\/\\\/ledsolintel.com\\\/wp-content\\\/uploads\\\/2025\\\/11\\\/conexion-doble-tira-led-220v-rgb.jpg\",\"contentUrl\":\"https:\\\/\\\/ledsolintel.com\\\/wp-content\\\/uploads\\\/2025\\\/11\\\/conexion-doble-tira-led-220v-rgb.jpg\",\"width\":1500,\"height\":1500},{\"@type\":\"BreadcrumbList\",\"@id\":\"https:\\\/\\\/ledsolintel.com\\\/product\\\/conexion-doble-para-tira-led-220v-rgb\\\/#breadcrumb\",\"itemListElement\":[{\"@type\":\"ListItem\",\"position\":1,\"name\":\"Portada\",\"item\":\"https:\\\/\\\/ledsolintel.com\\\/fr\\\/\"},{\"@type\":\"ListItem\",\"position\":2,\"name\":\"Tienda\",\"item\":\"https:\\\/\\\/ledsolintel.com\\\/tienda\\\/\"},{\"@type\":\"ListItem\",\"position\":3,\"name\":\"Conexi\u00f3n doble para tira led 220V RGB\"}]},{\"@type\":\"WebSite\",\"@id\":\"https:\\\/\\\/ledsolintel.com\\\/#website\",\"url\":\"https:\\\/\\\/ledsolintel.com\\\/\",\"name\":\"Webmenaje\",\"description\":\"Tienda de bombillas y l\u00e1mparas LED para profesionales\",\"publisher\":{\"@id\":\"https:\\\/\\\/ledsolintel.com\\\/#organization\"},\"potentialAction\":[{\"@type\":\"SearchAction\",\"target\":{\"@type\":\"EntryPoint\",\"urlTemplate\":\"https:\\\/\\\/ledsolintel.com\\\/?s={search_term_string}\"},\"query-input\":{\"@type\":\"PropertyValueSpecification\",\"valueRequired\":true,\"valueName\":\"search_term_string\"}}],\"inLanguage\":\"fr-FR\"},{\"@type\":\"Organization\",\"@id\":\"https:\\\/\\\/ledsolintel.com\\\/#organization\",\"name\":\"Solintel Noroeste, S.L.\",\"url\":\"https:\\\/\\\/ledsolintel.com\\\/\",\"logo\":{\"@type\":\"ImageObject\",\"inLanguage\":\"fr-FR\",\"@id\":\"https:\\\/\\\/ledsolintel.com\\\/#\\\/schema\\\/logo\\\/image\\\/\",\"url\":\"https:\\\/\\\/ledsolintel.com\\\/wp-content\\\/uploads\\\/2024\\\/11\\\/webmenaje-logo-1508269066.jpg\",\"contentUrl\":\"https:\\\/\\\/ledsolintel.com\\\/wp-content\\\/uploads\\\/2024\\\/11\\\/webmenaje-logo-1508269066.jpg\",\"width\":370,\"height\":90,\"caption\":\"Solintel Noroeste, S.L.\"},\"image\":{\"@id\":\"https:\\\/\\\/ledsolintel.com\\\/#\\\/schema\\\/logo\\\/image\\\/\"},\"sameAs\":[\"http:\\\/\\\/www.facebook.com\\\/webmenaje\",\"https:\\\/\\\/x.com\\\/webmenaje\",\"https:\\\/\\\/www.youtube.com\\\/channel\\\/UCX2KoVoeCG4LocZjUc6LmSQ\",\"http:\\\/\\\/www.pinterest.com\\\/webmenaje\"]}]}<\/script>\n<!-- \/ Yoast SEO plugin. -->","yoast_head_json":{"title":"Conexi\u00f3n doble para tira led 220V RGB - Ledsolintel","robots":{"index":"index","follow":"follow","max-snippet":"max-snippet:-1","max-image-preview":"max-image-preview:large","max-video-preview":"max-video-preview:-1"},"canonical":"https:\/\/ledsolintel.com\/fr\/produit-2\/conexion-doble-para-tira-led-220v-rgb\/","og_locale":"fr_FR","og_type":"article","og_title":"Conexi\u00f3n doble para tira led 220V RGB - Ledsolintel","og_description":"Conexi\u00f3n doble para tiras led 220V RGB para conectar los extremos de 2 tiras led 220V RGB. Con este conector se pueden unir dos tramos de tira haciendo diferentes curvas y \u00e1ngulos, permitiendo conseguir una gran versatilidad en cualquier instalaci\u00f3n. Para conectarla a las tiras se necesita el pincho conector tira led 220V RGB. Est\u00e1 &hellip; Continue reading Conexi\u00f3n doble para tira led 220V RGB","og_url":"https:\/\/ledsolintel.com\/fr\/produit-2\/conexion-doble-para-tira-led-220v-rgb\/","og_site_name":"Ledsolintel","article_publisher":"http:\/\/www.facebook.com\/webmenaje","article_modified_time":"2026-04-07T08:19:24+00:00","og_image":[{"width":1500,"height":1500,"url":"https:\/\/ledsolintel.com\/wp-content\/uploads\/2025\/11\/conexion-doble-tira-led-220v-rgb.jpg","type":"image\/jpeg"}],"twitter_card":"summary_large_image","twitter_site":"@webmenaje","twitter_misc":{"Dur\u00e9e de lecture estim\u00e9e":"1 minute"},"schema":{"@context":"https:\/\/schema.org","@graph":[{"@type":"WebPage","@id":"https:\/\/ledsolintel.com\/product\/conexion-doble-para-tira-led-220v-rgb\/","url":"https:\/\/ledsolintel.com\/product\/conexion-doble-para-tira-led-220v-rgb\/","name":"Conexi\u00f3n doble para tira led 220V RGB - Ledsolintel","isPartOf":{"@id":"https:\/\/ledsolintel.com\/#website"},"primaryImageOfPage":{"@id":"https:\/\/ledsolintel.com\/product\/conexion-doble-para-tira-led-220v-rgb\/#primaryimage"},"image":{"@id":"https:\/\/ledsolintel.com\/product\/conexion-doble-para-tira-led-220v-rgb\/#primaryimage"},"thumbnailUrl":"https:\/\/ledsolintel.com\/wp-content\/uploads\/2025\/11\/conexion-doble-tira-led-220v-rgb.jpg","datePublished":"2025-11-11T12:49:14+00:00","dateModified":"2026-04-07T08:19:24+00:00","breadcrumb":{"@id":"https:\/\/ledsolintel.com\/product\/conexion-doble-para-tira-led-220v-rgb\/#breadcrumb"},"inLanguage":"fr-FR","potentialAction":[{"@type":"ReadAction","target":["https:\/\/ledsolintel.com\/product\/conexion-doble-para-tira-led-220v-rgb\/"]}]},{"@type":"ImageObject","inLanguage":"fr-FR","@id":"https:\/\/ledsolintel.com\/product\/conexion-doble-para-tira-led-220v-rgb\/#primaryimage","url":"https:\/\/ledsolintel.com\/wp-content\/uploads\/2025\/11\/conexion-doble-tira-led-220v-rgb.jpg","contentUrl":"https:\/\/ledsolintel.com\/wp-content\/uploads\/2025\/11\/conexion-doble-tira-led-220v-rgb.jpg","width":1500,"height":1500},{"@type":"BreadcrumbList","@id":"https:\/\/ledsolintel.com\/product\/conexion-doble-para-tira-led-220v-rgb\/#breadcrumb","itemListElement":[{"@type":"ListItem","position":1,"name":"Portada","item":"https:\/\/ledsolintel.com\/fr\/"},{"@type":"ListItem","position":2,"name":"Tienda","item":"https:\/\/ledsolintel.com\/tienda\/"},{"@type":"ListItem","position":3,"name":"Conexi\u00f3n doble para tira led 220V RGB"}]},{"@type":"WebSite","@id":"https:\/\/ledsolintel.com\/#website","url":"https:\/\/ledsolintel.com\/","name":"Webmenaje","description":"Magasin d'ampoules et de lampes LED pour les professionnels","publisher":{"@id":"https:\/\/ledsolintel.com\/#organization"},"potentialAction":[{"@type":"SearchAction","target":{"@type":"EntryPoint","urlTemplate":"https:\/\/ledsolintel.com\/?s={search_term_string}"},"query-input":{"@type":"PropertyValueSpecification","valueRequired":true,"valueName":"search_term_string"}}],"inLanguage":"fr-FR"},{"@type":"Organization","@id":"https:\/\/ledsolintel.com\/#organization","name":"Solintel Noroeste, S.L.","url":"https:\/\/ledsolintel.com\/","logo":{"@type":"ImageObject","inLanguage":"fr-FR","@id":"https:\/\/ledsolintel.com\/#\/schema\/logo\/image\/","url":"https:\/\/ledsolintel.com\/wp-content\/uploads\/2024\/11\/webmenaje-logo-1508269066.jpg","contentUrl":"https:\/\/ledsolintel.com\/wp-content\/uploads\/2024\/11\/webmenaje-logo-1508269066.jpg","width":370,"height":90,"caption":"Solintel Noroeste, S.L."},"image":{"@id":"https:\/\/ledsolintel.com\/#\/schema\/logo\/image\/"},"sameAs":["http:\/\/www.facebook.com\/webmenaje","https:\/\/x.com\/webmenaje","https:\/\/www.youtube.com\/channel\/UCX2KoVoeCG4LocZjUc6LmSQ","http:\/\/www.pinterest.com\/webmenaje"]}]}},"_links":{"self":[{"href":"https:\/\/ledsolintel.com\/fr\/wp-json\/wp\/v2\/product\/266415","targetHints":{"allow":["GET"]}}],"collection":[{"href":"https:\/\/ledsolintel.com\/fr\/wp-json\/wp\/v2\/product"}],"about":[{"href":"https:\/\/ledsolintel.com\/fr\/wp-json\/wp\/v2\/types\/product"}],"version-history":[{"count":1,"href":"https:\/\/ledsolintel.com\/fr\/wp-json\/wp\/v2\/product\/266415\/revisions"}],"predecessor-version":[{"id":266416,"href":"https:\/\/ledsolintel.com\/fr\/wp-json\/wp\/v2\/product\/266415\/revisions\/266416"}],"wp:featuredmedia":[{"embeddable":true,"href":"https:\/\/ledsolintel.com\/fr\/wp-json\/wp\/v2\/media\/259404"}],"wp:attachment":[{"href":"https:\/\/ledsolintel.com\/fr\/wp-json\/wp\/v2\/media?parent=266415"}],"wp:term":[{"taxonomy":"product_brand","embeddable":true,"href":"https:\/\/ledsolintel.com\/fr\/wp-json\/wp\/v2\/product_brand?post=266415"},{"taxonomy":"product_cat","embeddable":true,"href":"https:\/\/ledsolintel.com\/fr\/wp-json\/wp\/v2\/product_cat?post=266415"},{"taxonomy":"product_tag","embeddable":true,"href":"https:\/\/ledsolintel.com\/fr\/wp-json\/wp\/v2\/product_tag?post=266415"}],"curies":[{"name":"wp","href":"https:\/\/api.w.org\/{rel}","templated":true}]}}