{"id":266346,"date":"2025-11-11T13:48:11","date_gmt":"2025-11-11T12:48:11","guid":{"rendered":"https:\/\/nueva.ledsolintel.com\/product\/kit-enchufe-tira-led-220v\/"},"modified":"2026-04-07T10:19:25","modified_gmt":"2026-04-07T08:19:25","slug":"kit-de-branchement-de-bande-led-220v","status":"publish","type":"product","link":"https:\/\/ledsolintel.com\/fr\/produit-2\/kit-de-branchement-de-bande-led-220v\/","title":{"rendered":"Kit d'enfichage de bande LED 220V"},"content":{"rendered":"<p>Le kit d'enfichage 220V pour bandes de LED supporte jusqu'\u00e0 50 m de bande de LED. Cette barrette permet de brancher la bande LED directement sur le secteur, sans avoir recours \u00e0 un transformateur ou \u00e0 tout autre dispositif suppl\u00e9mentaire.     Elle peut supporter une puissance de 100-265V et une fr\u00e9quence de fonctionnement de 50\/60 Hz.     Le kit comprend : 1) Redresseur de courant - Dimensions : 30 x 15 x 450 mm - Mat\u00e9riau : PVC 2) Broche de connexion - Dimensions : 21 x 12 mm - Mat\u00e9riau : PVC et laiton 3) Embout de bande LED - Dimensions : 15 x 15 x 2 mm - Mat\u00e9riau : PVC Il est con\u00e7u pour \u00eatre install\u00e9 \u00e0 l'int\u00e9rieur et \u00e0 l'ext\u00e9rieur gr\u00e2ce \u00e0 son indice de protection IP65 (protection totale contre la poussi\u00e8re et les jets d'eau).     Il est garanti 3 ans. Il poss\u00e8de \u00e9galement le certificat CE, qui atteste qu'il est conforme aux exigences de l'UE en mati\u00e8re de compatibilit\u00e9 \u00e9lectromagn\u00e9tique et de r\u00e9glementation sur la basse tension. Ce certificat d\u00e9clare la conformit\u00e9 du produit \u00e0 toutes les exigences l\u00e9gales et garantit la validit\u00e9 de la vente du produit dans l'Espace \u00e9conomique europ\u00e9en.  \u00a0<\/p>","protected":false},"excerpt":{"rendered":"<p>El kit enchufe para tiras led de 220V, soporta hasta 50 m de tira led. Esta tira permite conectar de manera directa la tira led a la red, sin necesidad de transformador ni de ning\u00fan dispositivo adicional. \u00a0 Es capaz de soportar una potencia de 100-265V y una frecuencia de servicio de 50\/60 Hz. \u00a0 &hellip; <a href=\"https:\/\/ledsolintel.com\/fr\/produit-2\/kit-de-branchement-de-bande-led-220v\/\" class=\"more-link\">Continue reading <span class=\"screen-reader-text\">Kit d'enfichage de bande LED 220V<\/span><\/a><\/p>","protected":false},"featured_media":259356,"template":"","meta":[],"product_brand":[101370],"product_cat":[100093,99757,101371,99617,15],"product_tag":[],"class_list":{"0":"post-266346","1":"product","2":"type-product","3":"status-publish","4":"has-post-thumbnail","6":"product_brand-masterled","7":"product_cat-balastros-electronicos-y-transformadores","8":"product_cat-balastros-y-transformadores","9":"product_cat-masterled","10":"product_cat-material-electrico","11":"product_cat-uncategorized","12":"pa_voltaje-220v","15":"instock","16":"taxable","17":"shipping-taxable","18":"purchasable","19":"product-type-simple"},"yoast_head":"<!-- This site is optimized with the Yoast SEO plugin v27.4 - https:\/\/yoast.com\/product\/yoast-seo-wordpress\/ -->\n<title>Kit enchufe tira led 220V - Ledsolintel<\/title>\n<meta name=\"robots\" content=\"index, follow, max-snippet:-1, max-image-preview:large, max-video-preview:-1\" \/>\n<link rel=\"canonical\" href=\"https:\/\/ledsolintel.com\/fr\/produit-2\/kit-de-branchement-de-bande-led-220v\/\" \/>\n<meta property=\"og:locale\" content=\"fr_FR\" \/>\n<meta property=\"og:type\" content=\"article\" \/>\n<meta property=\"og:title\" content=\"Kit enchufe tira led 220V - Ledsolintel\" \/>\n<meta property=\"og:description\" content=\"El kit enchufe para tiras led de 220V, soporta hasta 50 m de tira led. Esta tira permite conectar de manera directa la tira led a la red, sin necesidad de transformador ni de ning\u00fan dispositivo adicional. \u00a0 Es capaz de soportar una potencia de 100-265V y una frecuencia de servicio de 50\/60 Hz. \u00a0 &hellip; Continue reading Kit enchufe tira led 220V\" \/>\n<meta property=\"og:url\" content=\"https:\/\/ledsolintel.com\/fr\/produit-2\/kit-de-branchement-de-bande-led-220v\/\" \/>\n<meta property=\"og:site_name\" content=\"Ledsolintel\" \/>\n<meta property=\"article:publisher\" content=\"http:\/\/www.facebook.com\/webmenaje\" \/>\n<meta property=\"article:modified_time\" content=\"2026-04-07T08:19:25+00:00\" \/>\n<meta property=\"og:image\" content=\"https:\/\/ledsolintel.com\/wp-content\/uploads\/2025\/11\/kit-enchufe-tira-led-220v.jpg\" \/>\n\t<meta property=\"og:image:width\" content=\"1500\" \/>\n\t<meta property=\"og:image:height\" content=\"1500\" \/>\n\t<meta property=\"og:image:type\" content=\"image\/jpeg\" \/>\n<meta name=\"twitter:card\" content=\"summary_large_image\" \/>\n<meta name=\"twitter:site\" content=\"@webmenaje\" \/>\n<meta name=\"twitter:label1\" content=\"Dur\u00e9e de lecture estim\u00e9e\" \/>\n\t<meta name=\"twitter:data1\" content=\"1 minute\" \/>\n<script type=\"application\/ld+json\" class=\"yoast-schema-graph\">{\"@context\":\"https:\\\/\\\/schema.org\",\"@graph\":[{\"@type\":\"WebPage\",\"@id\":\"https:\\\/\\\/ledsolintel.com\\\/product\\\/kit-enchufe-tira-led-220v\\\/\",\"url\":\"https:\\\/\\\/ledsolintel.com\\\/product\\\/kit-enchufe-tira-led-220v\\\/\",\"name\":\"Kit enchufe tira led 220V - Ledsolintel\",\"isPartOf\":{\"@id\":\"https:\\\/\\\/ledsolintel.com\\\/#website\"},\"primaryImageOfPage\":{\"@id\":\"https:\\\/\\\/ledsolintel.com\\\/product\\\/kit-enchufe-tira-led-220v\\\/#primaryimage\"},\"image\":{\"@id\":\"https:\\\/\\\/ledsolintel.com\\\/product\\\/kit-enchufe-tira-led-220v\\\/#primaryimage\"},\"thumbnailUrl\":\"https:\\\/\\\/ledsolintel.com\\\/wp-content\\\/uploads\\\/2025\\\/11\\\/kit-enchufe-tira-led-220v.jpg\",\"datePublished\":\"2025-11-11T12:48:11+00:00\",\"dateModified\":\"2026-04-07T08:19:25+00:00\",\"breadcrumb\":{\"@id\":\"https:\\\/\\\/ledsolintel.com\\\/product\\\/kit-enchufe-tira-led-220v\\\/#breadcrumb\"},\"inLanguage\":\"fr-FR\",\"potentialAction\":[{\"@type\":\"ReadAction\",\"target\":[\"https:\\\/\\\/ledsolintel.com\\\/product\\\/kit-enchufe-tira-led-220v\\\/\"]}]},{\"@type\":\"ImageObject\",\"inLanguage\":\"fr-FR\",\"@id\":\"https:\\\/\\\/ledsolintel.com\\\/product\\\/kit-enchufe-tira-led-220v\\\/#primaryimage\",\"url\":\"https:\\\/\\\/ledsolintel.com\\\/wp-content\\\/uploads\\\/2025\\\/11\\\/kit-enchufe-tira-led-220v.jpg\",\"contentUrl\":\"https:\\\/\\\/ledsolintel.com\\\/wp-content\\\/uploads\\\/2025\\\/11\\\/kit-enchufe-tira-led-220v.jpg\",\"width\":1500,\"height\":1500},{\"@type\":\"BreadcrumbList\",\"@id\":\"https:\\\/\\\/ledsolintel.com\\\/product\\\/kit-enchufe-tira-led-220v\\\/#breadcrumb\",\"itemListElement\":[{\"@type\":\"ListItem\",\"position\":1,\"name\":\"Portada\",\"item\":\"https:\\\/\\\/ledsolintel.com\\\/fr\\\/\"},{\"@type\":\"ListItem\",\"position\":2,\"name\":\"Tienda\",\"item\":\"https:\\\/\\\/ledsolintel.com\\\/tienda\\\/\"},{\"@type\":\"ListItem\",\"position\":3,\"name\":\"Kit enchufe tira led 220V\"}]},{\"@type\":\"WebSite\",\"@id\":\"https:\\\/\\\/ledsolintel.com\\\/#website\",\"url\":\"https:\\\/\\\/ledsolintel.com\\\/\",\"name\":\"Webmenaje\",\"description\":\"Tienda de bombillas y l\u00e1mparas LED para profesionales\",\"publisher\":{\"@id\":\"https:\\\/\\\/ledsolintel.com\\\/#organization\"},\"potentialAction\":[{\"@type\":\"SearchAction\",\"target\":{\"@type\":\"EntryPoint\",\"urlTemplate\":\"https:\\\/\\\/ledsolintel.com\\\/?s={search_term_string}\"},\"query-input\":{\"@type\":\"PropertyValueSpecification\",\"valueRequired\":true,\"valueName\":\"search_term_string\"}}],\"inLanguage\":\"fr-FR\"},{\"@type\":\"Organization\",\"@id\":\"https:\\\/\\\/ledsolintel.com\\\/#organization\",\"name\":\"Solintel Noroeste, S.L.\",\"url\":\"https:\\\/\\\/ledsolintel.com\\\/\",\"logo\":{\"@type\":\"ImageObject\",\"inLanguage\":\"fr-FR\",\"@id\":\"https:\\\/\\\/ledsolintel.com\\\/#\\\/schema\\\/logo\\\/image\\\/\",\"url\":\"https:\\\/\\\/ledsolintel.com\\\/wp-content\\\/uploads\\\/2024\\\/11\\\/webmenaje-logo-1508269066.jpg\",\"contentUrl\":\"https:\\\/\\\/ledsolintel.com\\\/wp-content\\\/uploads\\\/2024\\\/11\\\/webmenaje-logo-1508269066.jpg\",\"width\":370,\"height\":90,\"caption\":\"Solintel Noroeste, S.L.\"},\"image\":{\"@id\":\"https:\\\/\\\/ledsolintel.com\\\/#\\\/schema\\\/logo\\\/image\\\/\"},\"sameAs\":[\"http:\\\/\\\/www.facebook.com\\\/webmenaje\",\"https:\\\/\\\/x.com\\\/webmenaje\",\"https:\\\/\\\/www.youtube.com\\\/channel\\\/UCX2KoVoeCG4LocZjUc6LmSQ\",\"http:\\\/\\\/www.pinterest.com\\\/webmenaje\"]}]}<\/script>\n<!-- \/ Yoast SEO plugin. -->","yoast_head_json":{"title":"Kit bandeau de leds enfichable 220V - Ledsolintel","robots":{"index":"index","follow":"follow","max-snippet":"max-snippet:-1","max-image-preview":"max-image-preview:large","max-video-preview":"max-video-preview:-1"},"canonical":"https:\/\/ledsolintel.com\/fr\/produit-2\/kit-de-branchement-de-bande-led-220v\/","og_locale":"fr_FR","og_type":"article","og_title":"Kit enchufe tira led 220V - Ledsolintel","og_description":"El kit enchufe para tiras led de 220V, soporta hasta 50 m de tira led. Esta tira permite conectar de manera directa la tira led a la red, sin necesidad de transformador ni de ning\u00fan dispositivo adicional. \u00a0 Es capaz de soportar una potencia de 100-265V y una frecuencia de servicio de 50\/60 Hz. \u00a0 &hellip; Continue reading Kit enchufe tira led 220V","og_url":"https:\/\/ledsolintel.com\/fr\/produit-2\/kit-de-branchement-de-bande-led-220v\/","og_site_name":"Ledsolintel","article_publisher":"http:\/\/www.facebook.com\/webmenaje","article_modified_time":"2026-04-07T08:19:25+00:00","og_image":[{"width":1500,"height":1500,"url":"https:\/\/ledsolintel.com\/wp-content\/uploads\/2025\/11\/kit-enchufe-tira-led-220v.jpg","type":"image\/jpeg"}],"twitter_card":"summary_large_image","twitter_site":"@webmenaje","twitter_misc":{"Dur\u00e9e de lecture estim\u00e9e":"1 minute"},"schema":{"@context":"https:\/\/schema.org","@graph":[{"@type":"WebPage","@id":"https:\/\/ledsolintel.com\/product\/kit-enchufe-tira-led-220v\/","url":"https:\/\/ledsolintel.com\/product\/kit-enchufe-tira-led-220v\/","name":"Kit bandeau de leds enfichable 220V - Ledsolintel","isPartOf":{"@id":"https:\/\/ledsolintel.com\/#website"},"primaryImageOfPage":{"@id":"https:\/\/ledsolintel.com\/product\/kit-enchufe-tira-led-220v\/#primaryimage"},"image":{"@id":"https:\/\/ledsolintel.com\/product\/kit-enchufe-tira-led-220v\/#primaryimage"},"thumbnailUrl":"https:\/\/ledsolintel.com\/wp-content\/uploads\/2025\/11\/kit-enchufe-tira-led-220v.jpg","datePublished":"2025-11-11T12:48:11+00:00","dateModified":"2026-04-07T08:19:25+00:00","breadcrumb":{"@id":"https:\/\/ledsolintel.com\/product\/kit-enchufe-tira-led-220v\/#breadcrumb"},"inLanguage":"fr-FR","potentialAction":[{"@type":"ReadAction","target":["https:\/\/ledsolintel.com\/product\/kit-enchufe-tira-led-220v\/"]}]},{"@type":"ImageObject","inLanguage":"fr-FR","@id":"https:\/\/ledsolintel.com\/product\/kit-enchufe-tira-led-220v\/#primaryimage","url":"https:\/\/ledsolintel.com\/wp-content\/uploads\/2025\/11\/kit-enchufe-tira-led-220v.jpg","contentUrl":"https:\/\/ledsolintel.com\/wp-content\/uploads\/2025\/11\/kit-enchufe-tira-led-220v.jpg","width":1500,"height":1500},{"@type":"BreadcrumbList","@id":"https:\/\/ledsolintel.com\/product\/kit-enchufe-tira-led-220v\/#breadcrumb","itemListElement":[{"@type":"ListItem","position":1,"name":"Portada","item":"https:\/\/ledsolintel.com\/fr\/"},{"@type":"ListItem","position":2,"name":"Tienda","item":"https:\/\/ledsolintel.com\/tienda\/"},{"@type":"ListItem","position":3,"name":"Kit enchufe tira led 220V"}]},{"@type":"WebSite","@id":"https:\/\/ledsolintel.com\/#website","url":"https:\/\/ledsolintel.com\/","name":"Webmenaje","description":"Magasin d'ampoules et de lampes LED pour les professionnels","publisher":{"@id":"https:\/\/ledsolintel.com\/#organization"},"potentialAction":[{"@type":"SearchAction","target":{"@type":"EntryPoint","urlTemplate":"https:\/\/ledsolintel.com\/?s={search_term_string}"},"query-input":{"@type":"PropertyValueSpecification","valueRequired":true,"valueName":"search_term_string"}}],"inLanguage":"fr-FR"},{"@type":"Organization","@id":"https:\/\/ledsolintel.com\/#organization","name":"Solintel Noroeste, S.L.","url":"https:\/\/ledsolintel.com\/","logo":{"@type":"ImageObject","inLanguage":"fr-FR","@id":"https:\/\/ledsolintel.com\/#\/schema\/logo\/image\/","url":"https:\/\/ledsolintel.com\/wp-content\/uploads\/2024\/11\/webmenaje-logo-1508269066.jpg","contentUrl":"https:\/\/ledsolintel.com\/wp-content\/uploads\/2024\/11\/webmenaje-logo-1508269066.jpg","width":370,"height":90,"caption":"Solintel Noroeste, S.L."},"image":{"@id":"https:\/\/ledsolintel.com\/#\/schema\/logo\/image\/"},"sameAs":["http:\/\/www.facebook.com\/webmenaje","https:\/\/x.com\/webmenaje","https:\/\/www.youtube.com\/channel\/UCX2KoVoeCG4LocZjUc6LmSQ","http:\/\/www.pinterest.com\/webmenaje"]}]}},"_links":{"self":[{"href":"https:\/\/ledsolintel.com\/fr\/wp-json\/wp\/v2\/product\/266346","targetHints":{"allow":["GET"]}}],"collection":[{"href":"https:\/\/ledsolintel.com\/fr\/wp-json\/wp\/v2\/product"}],"about":[{"href":"https:\/\/ledsolintel.com\/fr\/wp-json\/wp\/v2\/types\/product"}],"version-history":[{"count":1,"href":"https:\/\/ledsolintel.com\/fr\/wp-json\/wp\/v2\/product\/266346\/revisions"}],"predecessor-version":[{"id":266347,"href":"https:\/\/ledsolintel.com\/fr\/wp-json\/wp\/v2\/product\/266346\/revisions\/266347"}],"wp:featuredmedia":[{"embeddable":true,"href":"https:\/\/ledsolintel.com\/fr\/wp-json\/wp\/v2\/media\/259356"}],"wp:attachment":[{"href":"https:\/\/ledsolintel.com\/fr\/wp-json\/wp\/v2\/media?parent=266346"}],"wp:term":[{"taxonomy":"product_brand","embeddable":true,"href":"https:\/\/ledsolintel.com\/fr\/wp-json\/wp\/v2\/product_brand?post=266346"},{"taxonomy":"product_cat","embeddable":true,"href":"https:\/\/ledsolintel.com\/fr\/wp-json\/wp\/v2\/product_cat?post=266346"},{"taxonomy":"product_tag","embeddable":true,"href":"https:\/\/ledsolintel.com\/fr\/wp-json\/wp\/v2\/product_tag?post=266346"}],"curies":[{"name":"wp","href":"https:\/\/api.w.org\/{rel}","templated":true}]}}