{"id":266223,"date":"2025-11-11T13:45:56","date_gmt":"2025-11-11T12:45:56","guid":{"rendered":"https:\/\/nueva.ledsolintel.com\/product\/conector-union-rigido-tira-led-10mm-2-vias\/"},"modified":"2026-04-07T10:19:26","modified_gmt":"2026-04-07T08:19:26","slug":"connecteur-union-rigide-bande-led-10mm-2-voies","status":"publish","type":"product","link":"https:\/\/ledsolintel.com\/fr\/produit-2\/connecteur-union-rigide-bande-led-10mm-2-voies\/","title":{"rendered":"Connecteur rigide pour bande LED 10mm 2 voies"},"content":{"rendered":"<p>Connecteur interm\u00e9diaire pour deux bandes de LED TL5050 unicolores avec syst\u00e8me rigide. Il permet la connexion de deux bandes de LED de longueurs diff\u00e9rentes, une installation facile et la s\u00e9curit\u00e9. Il a 2 voies, une longueur de 10 mm et une connexion Pin Click.  Gr\u00e2ce \u00e0 son degr\u00e9 de protection IP20, il est id\u00e9al pour une installation en int\u00e9rieur (protection contre les particules solides de plus de 12 mm et n'est pas \u00e9tanche).  Il est garanti 3 ans. Il poss\u00e8de \u00e9galement le certificat CE, qui atteste qu'il est conforme aux exigences de l'UE en mati\u00e8re de compatibilit\u00e9 \u00e9lectromagn\u00e9tique et de basse tension. Ce certificat d\u00e9clare la conformit\u00e9 du produit \u00e0 toutes les exigences l\u00e9gales et garantit la validit\u00e9 de la vente du produit dans l'ensemble de l'Espace \u00e9conomique europ\u00e9en.<\/p>","protected":false},"excerpt":{"rendered":"<p>Conector de uni\u00f3n intermedia de dos tiras led monocolor TL5050 con sistema r\u00edgido. Permite la uni\u00f3n de dos tiras LED de diferentes tramos, de f\u00e1cil instalaci\u00f3n y seguridad. Cuenta con 2 v\u00edas, una longitud de 10 mm y una conexi\u00f3n tipo Pin Click. Debido a su grado de protecci\u00f3n IP20 es ideal para instalar en &hellip; <a href=\"https:\/\/ledsolintel.com\/fr\/produit-2\/connecteur-union-rigide-bande-led-10mm-2-voies\/\" class=\"more-link\">Continue reading <span class=\"screen-reader-text\">Connecteur rigide pour bande LED 10mm 2 voies<\/span><\/a><\/p>","protected":false},"featured_media":259259,"template":"","meta":[],"product_brand":[101370],"product_cat":[15,101371],"product_tag":[],"class_list":{"0":"post-266223","1":"product","2":"type-product","3":"status-publish","4":"has-post-thumbnail","6":"product_brand-masterled","7":"product_cat-uncategorized","8":"product_cat-masterled","9":"pa_voltaje-12-24v","12":"instock","13":"taxable","14":"shipping-taxable","15":"purchasable","16":"product-type-simple"},"yoast_head":"<!-- This site is optimized with the Yoast SEO plugin v26.6 - https:\/\/yoast.com\/wordpress\/plugins\/seo\/ -->\n<title>Conector uni\u00f3n r\u00edgido tira LED 10mm 2 v\u00edas - Ledsolintel<\/title>\n<meta name=\"robots\" content=\"index, follow, max-snippet:-1, max-image-preview:large, max-video-preview:-1\" \/>\n<link rel=\"canonical\" href=\"https:\/\/ledsolintel.com\/fr\/produit-2\/connecteur-union-rigide-bande-led-10mm-2-voies\/\" \/>\n<meta property=\"og:locale\" content=\"fr_FR\" \/>\n<meta property=\"og:type\" content=\"article\" \/>\n<meta property=\"og:title\" content=\"Conector uni\u00f3n r\u00edgido tira LED 10mm 2 v\u00edas - Ledsolintel\" \/>\n<meta property=\"og:description\" content=\"Conector de uni\u00f3n intermedia de dos tiras led monocolor TL5050 con sistema r\u00edgido. Permite la uni\u00f3n de dos tiras LED de diferentes tramos, de f\u00e1cil instalaci\u00f3n y seguridad. Cuenta con 2 v\u00edas, una longitud de 10 mm y una conexi\u00f3n tipo Pin Click. Debido a su grado de protecci\u00f3n IP20 es ideal para instalar en &hellip; Continue reading Conector uni\u00f3n r\u00edgido tira LED 10mm 2 v\u00edas\" \/>\n<meta property=\"og:url\" content=\"https:\/\/ledsolintel.com\/fr\/produit-2\/connecteur-union-rigide-bande-led-10mm-2-voies\/\" \/>\n<meta property=\"og:site_name\" content=\"Ledsolintel\" \/>\n<meta property=\"article:publisher\" content=\"http:\/\/www.facebook.com\/webmenaje\" \/>\n<meta property=\"article:modified_time\" content=\"2026-04-07T08:19:26+00:00\" \/>\n<meta property=\"og:image\" content=\"https:\/\/ledsolintel.com\/wp-content\/uploads\/2025\/11\/conector-union-rigido-tira-led-10mm-2-vias.jpg\" \/>\n\t<meta property=\"og:image:width\" content=\"600\" \/>\n\t<meta property=\"og:image:height\" content=\"600\" \/>\n\t<meta property=\"og:image:type\" content=\"image\/jpeg\" \/>\n<meta name=\"twitter:card\" content=\"summary_large_image\" \/>\n<meta name=\"twitter:site\" content=\"@webmenaje\" \/>\n<meta name=\"twitter:label1\" content=\"Dur\u00e9e de lecture estim\u00e9e\" \/>\n\t<meta name=\"twitter:data1\" content=\"1 minute\" \/>\n<script type=\"application\/ld+json\" class=\"yoast-schema-graph\">{\"@context\":\"https:\/\/schema.org\",\"@graph\":[{\"@type\":\"WebPage\",\"@id\":\"https:\/\/ledsolintel.com\/product\/conector-union-rigido-tira-led-10mm-2-vias\/\",\"url\":\"https:\/\/ledsolintel.com\/product\/conector-union-rigido-tira-led-10mm-2-vias\/\",\"name\":\"Conector uni\u00f3n r\u00edgido tira LED 10mm 2 v\u00edas - Ledsolintel\",\"isPartOf\":{\"@id\":\"https:\/\/ledsolintel.com\/#website\"},\"primaryImageOfPage\":{\"@id\":\"https:\/\/ledsolintel.com\/product\/conector-union-rigido-tira-led-10mm-2-vias\/#primaryimage\"},\"image\":{\"@id\":\"https:\/\/ledsolintel.com\/product\/conector-union-rigido-tira-led-10mm-2-vias\/#primaryimage\"},\"thumbnailUrl\":\"https:\/\/ledsolintel.com\/wp-content\/uploads\/2025\/11\/conector-union-rigido-tira-led-10mm-2-vias.jpg\",\"datePublished\":\"2025-11-11T12:45:56+00:00\",\"dateModified\":\"2026-04-07T08:19:26+00:00\",\"breadcrumb\":{\"@id\":\"https:\/\/ledsolintel.com\/product\/conector-union-rigido-tira-led-10mm-2-vias\/#breadcrumb\"},\"inLanguage\":\"fr-FR\",\"potentialAction\":[{\"@type\":\"ReadAction\",\"target\":[\"https:\/\/ledsolintel.com\/product\/conector-union-rigido-tira-led-10mm-2-vias\/\"]}]},{\"@type\":\"ImageObject\",\"inLanguage\":\"fr-FR\",\"@id\":\"https:\/\/ledsolintel.com\/product\/conector-union-rigido-tira-led-10mm-2-vias\/#primaryimage\",\"url\":\"https:\/\/ledsolintel.com\/wp-content\/uploads\/2025\/11\/conector-union-rigido-tira-led-10mm-2-vias.jpg\",\"contentUrl\":\"https:\/\/ledsolintel.com\/wp-content\/uploads\/2025\/11\/conector-union-rigido-tira-led-10mm-2-vias.jpg\",\"width\":600,\"height\":600},{\"@type\":\"BreadcrumbList\",\"@id\":\"https:\/\/ledsolintel.com\/product\/conector-union-rigido-tira-led-10mm-2-vias\/#breadcrumb\",\"itemListElement\":[{\"@type\":\"ListItem\",\"position\":1,\"name\":\"Portada\",\"item\":\"https:\/\/ledsolintel.com\/fr\/\"},{\"@type\":\"ListItem\",\"position\":2,\"name\":\"Tienda\",\"item\":\"https:\/\/ledsolintel.com\/tienda\/\"},{\"@type\":\"ListItem\",\"position\":3,\"name\":\"Conector uni\u00f3n r\u00edgido tira LED 10mm 2 v\u00edas\"}]},{\"@type\":\"WebSite\",\"@id\":\"https:\/\/ledsolintel.com\/#website\",\"url\":\"https:\/\/ledsolintel.com\/\",\"name\":\"Webmenaje\",\"description\":\"Tienda de bombillas y l\u00e1mparas LED para profesionales\",\"publisher\":{\"@id\":\"https:\/\/ledsolintel.com\/#organization\"},\"potentialAction\":[{\"@type\":\"SearchAction\",\"target\":{\"@type\":\"EntryPoint\",\"urlTemplate\":\"https:\/\/ledsolintel.com\/?s={search_term_string}\"},\"query-input\":{\"@type\":\"PropertyValueSpecification\",\"valueRequired\":true,\"valueName\":\"search_term_string\"}}],\"inLanguage\":\"fr-FR\"},{\"@type\":\"Organization\",\"@id\":\"https:\/\/ledsolintel.com\/#organization\",\"name\":\"Solintel Noroeste, S.L.\",\"url\":\"https:\/\/ledsolintel.com\/\",\"logo\":{\"@type\":\"ImageObject\",\"inLanguage\":\"fr-FR\",\"@id\":\"https:\/\/ledsolintel.com\/#\/schema\/logo\/image\/\",\"url\":\"https:\/\/ledsolintel.com\/wp-content\/uploads\/2024\/11\/webmenaje-logo-1508269066.jpg\",\"contentUrl\":\"https:\/\/ledsolintel.com\/wp-content\/uploads\/2024\/11\/webmenaje-logo-1508269066.jpg\",\"width\":370,\"height\":90,\"caption\":\"Solintel Noroeste, S.L.\"},\"image\":{\"@id\":\"https:\/\/ledsolintel.com\/#\/schema\/logo\/image\/\"},\"sameAs\":[\"http:\/\/www.facebook.com\/webmenaje\",\"https:\/\/x.com\/webmenaje\",\"https:\/\/www.youtube.com\/channel\/UCX2KoVoeCG4LocZjUc6LmSQ\",\"http:\/\/www.pinterest.com\/webmenaje\"]}]}<\/script>\n<!-- \/ Yoast SEO plugin. -->","yoast_head_json":{"title":"Connecteur rigide pour bande LED 10mm 2 voies - Ledsolintel","robots":{"index":"index","follow":"follow","max-snippet":"max-snippet:-1","max-image-preview":"max-image-preview:large","max-video-preview":"max-video-preview:-1"},"canonical":"https:\/\/ledsolintel.com\/fr\/produit-2\/connecteur-union-rigide-bande-led-10mm-2-voies\/","og_locale":"fr_FR","og_type":"article","og_title":"Conector uni\u00f3n r\u00edgido tira LED 10mm 2 v\u00edas - Ledsolintel","og_description":"Conector de uni\u00f3n intermedia de dos tiras led monocolor TL5050 con sistema r\u00edgido. Permite la uni\u00f3n de dos tiras LED de diferentes tramos, de f\u00e1cil instalaci\u00f3n y seguridad. Cuenta con 2 v\u00edas, una longitud de 10 mm y una conexi\u00f3n tipo Pin Click. Debido a su grado de protecci\u00f3n IP20 es ideal para instalar en &hellip; Continue reading Conector uni\u00f3n r\u00edgido tira LED 10mm 2 v\u00edas","og_url":"https:\/\/ledsolintel.com\/fr\/produit-2\/connecteur-union-rigide-bande-led-10mm-2-voies\/","og_site_name":"Ledsolintel","article_publisher":"http:\/\/www.facebook.com\/webmenaje","article_modified_time":"2026-04-07T08:19:26+00:00","og_image":[{"width":600,"height":600,"url":"https:\/\/ledsolintel.com\/wp-content\/uploads\/2025\/11\/conector-union-rigido-tira-led-10mm-2-vias.jpg","type":"image\/jpeg"}],"twitter_card":"summary_large_image","twitter_site":"@webmenaje","twitter_misc":{"Dur\u00e9e de lecture estim\u00e9e":"1 minute"},"schema":{"@context":"https:\/\/schema.org","@graph":[{"@type":"WebPage","@id":"https:\/\/ledsolintel.com\/product\/conector-union-rigido-tira-led-10mm-2-vias\/","url":"https:\/\/ledsolintel.com\/product\/conector-union-rigido-tira-led-10mm-2-vias\/","name":"Connecteur rigide pour bande LED 10mm 2 voies - Ledsolintel","isPartOf":{"@id":"https:\/\/ledsolintel.com\/#website"},"primaryImageOfPage":{"@id":"https:\/\/ledsolintel.com\/product\/conector-union-rigido-tira-led-10mm-2-vias\/#primaryimage"},"image":{"@id":"https:\/\/ledsolintel.com\/product\/conector-union-rigido-tira-led-10mm-2-vias\/#primaryimage"},"thumbnailUrl":"https:\/\/ledsolintel.com\/wp-content\/uploads\/2025\/11\/conector-union-rigido-tira-led-10mm-2-vias.jpg","datePublished":"2025-11-11T12:45:56+00:00","dateModified":"2026-04-07T08:19:26+00:00","breadcrumb":{"@id":"https:\/\/ledsolintel.com\/product\/conector-union-rigido-tira-led-10mm-2-vias\/#breadcrumb"},"inLanguage":"fr-FR","potentialAction":[{"@type":"ReadAction","target":["https:\/\/ledsolintel.com\/product\/conector-union-rigido-tira-led-10mm-2-vias\/"]}]},{"@type":"ImageObject","inLanguage":"fr-FR","@id":"https:\/\/ledsolintel.com\/product\/conector-union-rigido-tira-led-10mm-2-vias\/#primaryimage","url":"https:\/\/ledsolintel.com\/wp-content\/uploads\/2025\/11\/conector-union-rigido-tira-led-10mm-2-vias.jpg","contentUrl":"https:\/\/ledsolintel.com\/wp-content\/uploads\/2025\/11\/conector-union-rigido-tira-led-10mm-2-vias.jpg","width":600,"height":600},{"@type":"BreadcrumbList","@id":"https:\/\/ledsolintel.com\/product\/conector-union-rigido-tira-led-10mm-2-vias\/#breadcrumb","itemListElement":[{"@type":"ListItem","position":1,"name":"Portada","item":"https:\/\/ledsolintel.com\/fr\/"},{"@type":"ListItem","position":2,"name":"Tienda","item":"https:\/\/ledsolintel.com\/tienda\/"},{"@type":"ListItem","position":3,"name":"Conector uni\u00f3n r\u00edgido tira LED 10mm 2 v\u00edas"}]},{"@type":"WebSite","@id":"https:\/\/ledsolintel.com\/#website","url":"https:\/\/ledsolintel.com\/","name":"Webmenaje","description":"Magasin d'ampoules et de lampes LED pour les professionnels","publisher":{"@id":"https:\/\/ledsolintel.com\/#organization"},"potentialAction":[{"@type":"SearchAction","target":{"@type":"EntryPoint","urlTemplate":"https:\/\/ledsolintel.com\/?s={search_term_string}"},"query-input":{"@type":"PropertyValueSpecification","valueRequired":true,"valueName":"search_term_string"}}],"inLanguage":"fr-FR"},{"@type":"Organization","@id":"https:\/\/ledsolintel.com\/#organization","name":"Solintel Noroeste, S.L.","url":"https:\/\/ledsolintel.com\/","logo":{"@type":"ImageObject","inLanguage":"fr-FR","@id":"https:\/\/ledsolintel.com\/#\/schema\/logo\/image\/","url":"https:\/\/ledsolintel.com\/wp-content\/uploads\/2024\/11\/webmenaje-logo-1508269066.jpg","contentUrl":"https:\/\/ledsolintel.com\/wp-content\/uploads\/2024\/11\/webmenaje-logo-1508269066.jpg","width":370,"height":90,"caption":"Solintel Noroeste, S.L."},"image":{"@id":"https:\/\/ledsolintel.com\/#\/schema\/logo\/image\/"},"sameAs":["http:\/\/www.facebook.com\/webmenaje","https:\/\/x.com\/webmenaje","https:\/\/www.youtube.com\/channel\/UCX2KoVoeCG4LocZjUc6LmSQ","http:\/\/www.pinterest.com\/webmenaje"]}]}},"_links":{"self":[{"href":"https:\/\/ledsolintel.com\/fr\/wp-json\/wp\/v2\/product\/266223","targetHints":{"allow":["GET"]}}],"collection":[{"href":"https:\/\/ledsolintel.com\/fr\/wp-json\/wp\/v2\/product"}],"about":[{"href":"https:\/\/ledsolintel.com\/fr\/wp-json\/wp\/v2\/types\/product"}],"version-history":[{"count":1,"href":"https:\/\/ledsolintel.com\/fr\/wp-json\/wp\/v2\/product\/266223\/revisions"}],"predecessor-version":[{"id":266224,"href":"https:\/\/ledsolintel.com\/fr\/wp-json\/wp\/v2\/product\/266223\/revisions\/266224"}],"wp:featuredmedia":[{"embeddable":true,"href":"https:\/\/ledsolintel.com\/fr\/wp-json\/wp\/v2\/media\/259259"}],"wp:attachment":[{"href":"https:\/\/ledsolintel.com\/fr\/wp-json\/wp\/v2\/media?parent=266223"}],"wp:term":[{"taxonomy":"product_brand","embeddable":true,"href":"https:\/\/ledsolintel.com\/fr\/wp-json\/wp\/v2\/product_brand?post=266223"},{"taxonomy":"product_cat","embeddable":true,"href":"https:\/\/ledsolintel.com\/fr\/wp-json\/wp\/v2\/product_cat?post=266223"},{"taxonomy":"product_tag","embeddable":true,"href":"https:\/\/ledsolintel.com\/fr\/wp-json\/wp\/v2\/product_tag?post=266223"}],"curies":[{"name":"wp","href":"https:\/\/api.w.org\/{rel}","templated":true}]}}