{"id":266199,"date":"2025-11-11T13:45:25","date_gmt":"2025-11-11T12:45:25","guid":{"rendered":"https:\/\/nueva.ledsolintel.com\/product\/plafon-led-18w-redondo\/"},"modified":"2026-04-07T10:19:26","modified_gmt":"2026-04-07T08:19:26","slug":"plafonnier-led-18w-rond","status":"publish","type":"product","link":"https:\/\/ledsolintel.com\/fr\/produit-2\/plafonnier-led-18w-rond\/","title":{"rendered":"Plafonnier \u00e0 leds 18W rond"},"content":{"rendered":"<p>Le plafonnier LED rond en saillie de 18W avec une finition blanche est l'un des produits les plus utilis\u00e9s dans le domaine de l'\u00e9clairage car il est id\u00e9al pour une installation dans les plafonds, qu'ils aient peu ou beaucoup d'espace. Gr\u00e2ce \u00e0 son angle de dispersion de la lumi\u00e8re de 120\u00b0 et \u00e0 son \u00e9clairage efficace et doux, il est id\u00e9al comme source lumineuse pour un usage r\u00e9sidentiel (couloirs, entr\u00e9es, salons, chambres, salles de bains ou cuisines) et pour des espaces plus vastes comme les bureaux, les magasins, les h\u00f4tels, les bars, les restaurants ou les supermarch\u00e9s. Il remplace tous les types de lampes mont\u00e9es en surface au plafond. Il est \u00e9galement disponible en version gradable en achetant le pilote correspondant.  La technologie LED a une consommation plus faible que les downlights halog\u00e8nes conventionnels, ce qui vous permet d'\u00e9conomiser chaque mois sur votre facture d'\u00e9lectricit\u00e9.  Pour \u00e9viter d'endommager le driver ou le luminaire, l'installation doit \u00eatre effectu\u00e9e hors tension. Ne jamais connecter un panneau \u00e0 un driver lorsque celui-ci est sous tension.  Il a un rendement \u00e9lev\u00e9 en consommant 18W gr\u00e2ce aux 60 LED SMD2835 qu'il int\u00e8gre, parvenant \u00e0 fournir un flux lumineux de 1620 lumens. L'\u00e9clairage qu'il fournit repr\u00e9sente une consommation de 18kWh\/1000h, ce qui signifie une r\u00e9duction de la quantit\u00e9 d'\u00e9nergie factur\u00e9e et des \u00e9missions de gaz polluants dans l'atmosph\u00e8re. Ce plafonnier est disponible en trois temp\u00e9ratures de couleur : blanc (6500\u00b0K), neutre (4000\u00b0K) et chaud (3000\u00b0K). Il doit \u00eatre install\u00e9 \u00e0 l'int\u00e9rieur car il a un indice de protection IP20 (protection contre les particules solides de plus de 12 mm et n'est pas \u00e9tanche). Il supporte une tension d'entr\u00e9e de 220-240V et une fr\u00e9quence de fonctionnement de 50\/60 Hz. Il est con\u00e7u en aluminium et en PVC avec des dimensions de \u00d8 220 x 40 mm. Son installation est tr\u00e8s simple, il n'est pas n\u00e9cessaire de faire des trous d'encastrement, il suffit d'une simple fixation \u00e0 l'aide de vis.  En plus d'\u00eatre un produit avec une dur\u00e9e de vie de plus de 30 000 heures, il b\u00e9n\u00e9ficie d'une garantie de 3 ans. Il poss\u00e8de \u00e9galement le certificat CE, qui atteste qu'il est conforme aux exigences de l'UE en mati\u00e8re de compatibilit\u00e9 \u00e9lectromagn\u00e9tique et de basse tension. Ce certificat d\u00e9clare la conformit\u00e9 du produit \u00e0 toutes les exigences l\u00e9gales et garantit la validit\u00e9 de la vente du produit dans l'Espace \u00e9conomique europ\u00e9en.  Inclut le pilote et les vis de montage.<\/p>","protected":false},"excerpt":{"rendered":"<p>Plaf\u00f3n de LEDs redondo de superficie de 18W con acabado en color blanco, es uno de los productos m\u00e1s utilizados en iluminaci\u00f3n ya que es ideal para su instalaci\u00f3n en techos, tanto si cuentan con poco o mucho espacio. Debido a su \u00e1ngulo de dispersi\u00f3n lum\u00ednica de 120\u00b0 y su iluminaci\u00f3n eficiente y suave, lo &hellip; <a href=\"https:\/\/ledsolintel.com\/fr\/produit-2\/plafonnier-led-18w-rond\/\" class=\"more-link\">Continue reading <span class=\"screen-reader-text\">Plafonnier \u00e0 leds 18W rond<\/span><\/a><\/p>","protected":false},"featured_media":259240,"template":"","meta":[],"product_brand":[101370],"product_cat":[15,101371],"product_tag":[],"class_list":{"0":"post-266199","1":"product","2":"type-product","3":"status-publish","4":"has-post-thumbnail","6":"product_brand-masterled","7":"product_cat-uncategorized","8":"product_cat-masterled","9":"pa_temperatura-color-luz-blanca","10":"pa_temperatura-color-luz-calida","11":"pa_temperatura-color-luz-neutra","14":"instock","15":"taxable","16":"shipping-taxable","17":"purchasable","18":"product-type-variable","19":"has-default-attributes"},"yoast_head":"<!-- This site is optimized with the Yoast SEO plugin v26.6 - https:\/\/yoast.com\/wordpress\/plugins\/seo\/ -->\n<title>Plaf\u00f3n Led 18W redondo - Ledsolintel<\/title>\n<meta name=\"robots\" content=\"index, follow, max-snippet:-1, max-image-preview:large, max-video-preview:-1\" \/>\n<link rel=\"canonical\" href=\"https:\/\/ledsolintel.com\/fr\/produit-2\/plafonnier-led-18w-rond\/\" \/>\n<meta property=\"og:locale\" content=\"fr_FR\" \/>\n<meta property=\"og:type\" content=\"article\" \/>\n<meta property=\"og:title\" content=\"Plaf\u00f3n Led 18W redondo - Ledsolintel\" \/>\n<meta property=\"og:description\" content=\"Plaf\u00f3n de LEDs redondo de superficie de 18W con acabado en color blanco, es uno de los productos m\u00e1s utilizados en iluminaci\u00f3n ya que es ideal para su instalaci\u00f3n en techos, tanto si cuentan con poco o mucho espacio. Debido a su \u00e1ngulo de dispersi\u00f3n lum\u00ednica de 120\u00b0 y su iluminaci\u00f3n eficiente y suave, lo &hellip; Continue reading Plaf\u00f3n Led 18W redondo\" \/>\n<meta property=\"og:url\" content=\"https:\/\/ledsolintel.com\/fr\/produit-2\/plafonnier-led-18w-rond\/\" \/>\n<meta property=\"og:site_name\" content=\"Ledsolintel\" \/>\n<meta property=\"article:publisher\" content=\"http:\/\/www.facebook.com\/webmenaje\" \/>\n<meta property=\"article:modified_time\" content=\"2026-04-07T08:19:26+00:00\" \/>\n<meta property=\"og:image\" content=\"https:\/\/ledsolintel.com\/wp-content\/uploads\/2025\/11\/plafon-led-18w-redondo.jpg\" \/>\n\t<meta property=\"og:image:width\" content=\"1500\" \/>\n\t<meta property=\"og:image:height\" content=\"1500\" \/>\n\t<meta property=\"og:image:type\" content=\"image\/jpeg\" \/>\n<meta name=\"twitter:card\" content=\"summary_large_image\" \/>\n<meta name=\"twitter:site\" content=\"@webmenaje\" \/>\n<meta name=\"twitter:label1\" content=\"Dur\u00e9e de lecture estim\u00e9e\" \/>\n\t<meta name=\"twitter:data1\" content=\"2 minutes\" \/>\n<script type=\"application\/ld+json\" class=\"yoast-schema-graph\">{\"@context\":\"https:\/\/schema.org\",\"@graph\":[{\"@type\":\"WebPage\",\"@id\":\"https:\/\/ledsolintel.com\/product\/plafon-led-18w-redondo\/\",\"url\":\"https:\/\/ledsolintel.com\/product\/plafon-led-18w-redondo\/\",\"name\":\"Plaf\u00f3n Led 18W redondo - Ledsolintel\",\"isPartOf\":{\"@id\":\"https:\/\/ledsolintel.com\/#website\"},\"primaryImageOfPage\":{\"@id\":\"https:\/\/ledsolintel.com\/product\/plafon-led-18w-redondo\/#primaryimage\"},\"image\":{\"@id\":\"https:\/\/ledsolintel.com\/product\/plafon-led-18w-redondo\/#primaryimage\"},\"thumbnailUrl\":\"https:\/\/ledsolintel.com\/wp-content\/uploads\/2025\/11\/plafon-led-18w-redondo.jpg\",\"datePublished\":\"2025-11-11T12:45:25+00:00\",\"dateModified\":\"2026-04-07T08:19:26+00:00\",\"breadcrumb\":{\"@id\":\"https:\/\/ledsolintel.com\/product\/plafon-led-18w-redondo\/#breadcrumb\"},\"inLanguage\":\"fr-FR\",\"potentialAction\":[{\"@type\":\"ReadAction\",\"target\":[\"https:\/\/ledsolintel.com\/product\/plafon-led-18w-redondo\/\"]}]},{\"@type\":\"ImageObject\",\"inLanguage\":\"fr-FR\",\"@id\":\"https:\/\/ledsolintel.com\/product\/plafon-led-18w-redondo\/#primaryimage\",\"url\":\"https:\/\/ledsolintel.com\/wp-content\/uploads\/2025\/11\/plafon-led-18w-redondo.jpg\",\"contentUrl\":\"https:\/\/ledsolintel.com\/wp-content\/uploads\/2025\/11\/plafon-led-18w-redondo.jpg\",\"width\":1500,\"height\":1500},{\"@type\":\"BreadcrumbList\",\"@id\":\"https:\/\/ledsolintel.com\/product\/plafon-led-18w-redondo\/#breadcrumb\",\"itemListElement\":[{\"@type\":\"ListItem\",\"position\":1,\"name\":\"Portada\",\"item\":\"https:\/\/ledsolintel.com\/fr\/\"},{\"@type\":\"ListItem\",\"position\":2,\"name\":\"Tienda\",\"item\":\"https:\/\/ledsolintel.com\/tienda\/\"},{\"@type\":\"ListItem\",\"position\":3,\"name\":\"Plaf\u00f3n Led 18W redondo\"}]},{\"@type\":\"WebSite\",\"@id\":\"https:\/\/ledsolintel.com\/#website\",\"url\":\"https:\/\/ledsolintel.com\/\",\"name\":\"Webmenaje\",\"description\":\"Tienda de bombillas y l\u00e1mparas LED para profesionales\",\"publisher\":{\"@id\":\"https:\/\/ledsolintel.com\/#organization\"},\"potentialAction\":[{\"@type\":\"SearchAction\",\"target\":{\"@type\":\"EntryPoint\",\"urlTemplate\":\"https:\/\/ledsolintel.com\/?s={search_term_string}\"},\"query-input\":{\"@type\":\"PropertyValueSpecification\",\"valueRequired\":true,\"valueName\":\"search_term_string\"}}],\"inLanguage\":\"fr-FR\"},{\"@type\":\"Organization\",\"@id\":\"https:\/\/ledsolintel.com\/#organization\",\"name\":\"Solintel Noroeste, S.L.\",\"url\":\"https:\/\/ledsolintel.com\/\",\"logo\":{\"@type\":\"ImageObject\",\"inLanguage\":\"fr-FR\",\"@id\":\"https:\/\/ledsolintel.com\/#\/schema\/logo\/image\/\",\"url\":\"https:\/\/ledsolintel.com\/wp-content\/uploads\/2024\/11\/webmenaje-logo-1508269066.jpg\",\"contentUrl\":\"https:\/\/ledsolintel.com\/wp-content\/uploads\/2024\/11\/webmenaje-logo-1508269066.jpg\",\"width\":370,\"height\":90,\"caption\":\"Solintel Noroeste, S.L.\"},\"image\":{\"@id\":\"https:\/\/ledsolintel.com\/#\/schema\/logo\/image\/\"},\"sameAs\":[\"http:\/\/www.facebook.com\/webmenaje\",\"https:\/\/x.com\/webmenaje\",\"https:\/\/www.youtube.com\/channel\/UCX2KoVoeCG4LocZjUc6LmSQ\",\"http:\/\/www.pinterest.com\/webmenaje\"]}]}<\/script>\n<!-- \/ Yoast SEO plugin. -->","yoast_head_json":{"title":"Plafonnier \u00e0 leds 18W rond - Ledsolintel","robots":{"index":"index","follow":"follow","max-snippet":"max-snippet:-1","max-image-preview":"max-image-preview:large","max-video-preview":"max-video-preview:-1"},"canonical":"https:\/\/ledsolintel.com\/fr\/produit-2\/plafonnier-led-18w-rond\/","og_locale":"fr_FR","og_type":"article","og_title":"Plaf\u00f3n Led 18W redondo - Ledsolintel","og_description":"Plaf\u00f3n de LEDs redondo de superficie de 18W con acabado en color blanco, es uno de los productos m\u00e1s utilizados en iluminaci\u00f3n ya que es ideal para su instalaci\u00f3n en techos, tanto si cuentan con poco o mucho espacio. Debido a su \u00e1ngulo de dispersi\u00f3n lum\u00ednica de 120\u00b0 y su iluminaci\u00f3n eficiente y suave, lo &hellip; Continue reading Plaf\u00f3n Led 18W redondo","og_url":"https:\/\/ledsolintel.com\/fr\/produit-2\/plafonnier-led-18w-rond\/","og_site_name":"Ledsolintel","article_publisher":"http:\/\/www.facebook.com\/webmenaje","article_modified_time":"2026-04-07T08:19:26+00:00","og_image":[{"width":1500,"height":1500,"url":"https:\/\/ledsolintel.com\/wp-content\/uploads\/2025\/11\/plafon-led-18w-redondo.jpg","type":"image\/jpeg"}],"twitter_card":"summary_large_image","twitter_site":"@webmenaje","twitter_misc":{"Dur\u00e9e de lecture estim\u00e9e":"2 minutes"},"schema":{"@context":"https:\/\/schema.org","@graph":[{"@type":"WebPage","@id":"https:\/\/ledsolintel.com\/product\/plafon-led-18w-redondo\/","url":"https:\/\/ledsolintel.com\/product\/plafon-led-18w-redondo\/","name":"Plafonnier \u00e0 leds 18W rond - Ledsolintel","isPartOf":{"@id":"https:\/\/ledsolintel.com\/#website"},"primaryImageOfPage":{"@id":"https:\/\/ledsolintel.com\/product\/plafon-led-18w-redondo\/#primaryimage"},"image":{"@id":"https:\/\/ledsolintel.com\/product\/plafon-led-18w-redondo\/#primaryimage"},"thumbnailUrl":"https:\/\/ledsolintel.com\/wp-content\/uploads\/2025\/11\/plafon-led-18w-redondo.jpg","datePublished":"2025-11-11T12:45:25+00:00","dateModified":"2026-04-07T08:19:26+00:00","breadcrumb":{"@id":"https:\/\/ledsolintel.com\/product\/plafon-led-18w-redondo\/#breadcrumb"},"inLanguage":"fr-FR","potentialAction":[{"@type":"ReadAction","target":["https:\/\/ledsolintel.com\/product\/plafon-led-18w-redondo\/"]}]},{"@type":"ImageObject","inLanguage":"fr-FR","@id":"https:\/\/ledsolintel.com\/product\/plafon-led-18w-redondo\/#primaryimage","url":"https:\/\/ledsolintel.com\/wp-content\/uploads\/2025\/11\/plafon-led-18w-redondo.jpg","contentUrl":"https:\/\/ledsolintel.com\/wp-content\/uploads\/2025\/11\/plafon-led-18w-redondo.jpg","width":1500,"height":1500},{"@type":"BreadcrumbList","@id":"https:\/\/ledsolintel.com\/product\/plafon-led-18w-redondo\/#breadcrumb","itemListElement":[{"@type":"ListItem","position":1,"name":"Portada","item":"https:\/\/ledsolintel.com\/fr\/"},{"@type":"ListItem","position":2,"name":"Tienda","item":"https:\/\/ledsolintel.com\/tienda\/"},{"@type":"ListItem","position":3,"name":"Plaf\u00f3n Led 18W redondo"}]},{"@type":"WebSite","@id":"https:\/\/ledsolintel.com\/#website","url":"https:\/\/ledsolintel.com\/","name":"Webmenaje","description":"Magasin d'ampoules et de lampes LED pour les professionnels","publisher":{"@id":"https:\/\/ledsolintel.com\/#organization"},"potentialAction":[{"@type":"SearchAction","target":{"@type":"EntryPoint","urlTemplate":"https:\/\/ledsolintel.com\/?s={search_term_string}"},"query-input":{"@type":"PropertyValueSpecification","valueRequired":true,"valueName":"search_term_string"}}],"inLanguage":"fr-FR"},{"@type":"Organization","@id":"https:\/\/ledsolintel.com\/#organization","name":"Solintel Noroeste, S.L.","url":"https:\/\/ledsolintel.com\/","logo":{"@type":"ImageObject","inLanguage":"fr-FR","@id":"https:\/\/ledsolintel.com\/#\/schema\/logo\/image\/","url":"https:\/\/ledsolintel.com\/wp-content\/uploads\/2024\/11\/webmenaje-logo-1508269066.jpg","contentUrl":"https:\/\/ledsolintel.com\/wp-content\/uploads\/2024\/11\/webmenaje-logo-1508269066.jpg","width":370,"height":90,"caption":"Solintel Noroeste, S.L."},"image":{"@id":"https:\/\/ledsolintel.com\/#\/schema\/logo\/image\/"},"sameAs":["http:\/\/www.facebook.com\/webmenaje","https:\/\/x.com\/webmenaje","https:\/\/www.youtube.com\/channel\/UCX2KoVoeCG4LocZjUc6LmSQ","http:\/\/www.pinterest.com\/webmenaje"]}]}},"_links":{"self":[{"href":"https:\/\/ledsolintel.com\/fr\/wp-json\/wp\/v2\/product\/266199","targetHints":{"allow":["GET"]}}],"collection":[{"href":"https:\/\/ledsolintel.com\/fr\/wp-json\/wp\/v2\/product"}],"about":[{"href":"https:\/\/ledsolintel.com\/fr\/wp-json\/wp\/v2\/types\/product"}],"version-history":[{"count":1,"href":"https:\/\/ledsolintel.com\/fr\/wp-json\/wp\/v2\/product\/266199\/revisions"}],"predecessor-version":[{"id":266200,"href":"https:\/\/ledsolintel.com\/fr\/wp-json\/wp\/v2\/product\/266199\/revisions\/266200"}],"wp:featuredmedia":[{"embeddable":true,"href":"https:\/\/ledsolintel.com\/fr\/wp-json\/wp\/v2\/media\/259240"}],"wp:attachment":[{"href":"https:\/\/ledsolintel.com\/fr\/wp-json\/wp\/v2\/media?parent=266199"}],"wp:term":[{"taxonomy":"product_brand","embeddable":true,"href":"https:\/\/ledsolintel.com\/fr\/wp-json\/wp\/v2\/product_brand?post=266199"},{"taxonomy":"product_cat","embeddable":true,"href":"https:\/\/ledsolintel.com\/fr\/wp-json\/wp\/v2\/product_cat?post=266199"},{"taxonomy":"product_tag","embeddable":true,"href":"https:\/\/ledsolintel.com\/fr\/wp-json\/wp\/v2\/product_tag?post=266199"}],"curies":[{"name":"wp","href":"https:\/\/api.w.org\/{rel}","templated":true}]}}