{"id":266110,"date":"2025-11-11T13:43:53","date_gmt":"2025-11-11T12:43:53","guid":{"rendered":"https:\/\/nueva.ledsolintel.com\/product\/downlight-panel-18w-redondo\/"},"modified":"2026-04-07T10:19:27","modified_gmt":"2026-04-07T08:19:27","slug":"downlight-panel-18w-redondo","status":"publish","type":"product","link":"https:\/\/ledsolintel.com\/fr\/produit-2\/downlight-panel-18w-redondo\/","title":{"rendered":"Panneau lumineux 18W rond"},"content":{"rendered":"<p>Para evitar da\u00f1os en en driver o en la luminaria, se debe realizar la instalaci\u00f3n\u00a0 sin tensi\u00f3n en la red electrica. Nunca conecte un panel a un driver cuando dicho driver tenga tensi\u00f3n el\u00e9ctrica.Downlight Led de 18W extraplano,\u00a0con 1620 lumens.Su dise\u00f1o\u00a0ultrafino permite la instalci\u00f3n empotrada en cualquier tipo de falso techo.  Modelo color blanco. \u200bIncluye driver y grapas de sujecci\u00f3n.Tambi\u00e9n disponible en versi\u00f3n REGULABLE, adquiriendo\u00a0el\u00a0driver regulable.Caracter\u00edsitcas y montaje Downlight LED:  Descripci\u00f3n del Producto  El Downlight LED 18W Redondo Extraplano es perfecto para quienes buscan una iluminaci\u00f3n moderna y eficiente. Con un dise\u00f1o redondo y delgado, este downlight se integra discretamente en techos, proporcionando una luz uniforme y de bajo consumo para cualquier espacio.  Caracter\u00edsticas T\u00e9cnicas    Potencia: 18W  Forma: Redonda y dise\u00f1o extraplano para instalaci\u00f3n en techos  Iluminaci\u00f3n uniforme, ideal para espacios residenciales y comerciales  Consumo energ\u00e9tico reducido y larga vida \u00fatil    Aplicaciones Recomendadas  Este downlight LED es ideal para oficinas, hogares, tiendas y otros espacios que requieran una iluminaci\u00f3n de calidad y bajo consumo. Su dise\u00f1o extraplano lo convierte en una opci\u00f3n est\u00e9tica y funcional para cualquier ambiente.  Descubre m\u00e1s opciones en nuestra secci\u00f3n de Paneles y Downlight Extraplanos y elige la soluci\u00f3n de iluminaci\u00f3n que mejor se adapte a tus necesidades.<\/p>","protected":false},"excerpt":{"rendered":"<p>Para evitar da\u00f1os en en driver o en la luminaria, se debe realizar la instalaci\u00f3n\u00a0 sin tensi\u00f3n en la red electrica. Nunca conecte un panel a un driver cuando dicho driver tenga tensi\u00f3n el\u00e9ctrica.Downlight Led de 18W extraplano,\u00a0con 1620 lumens.Su dise\u00f1o\u00a0ultrafino permite la instalci\u00f3n empotrada en cualquier tipo de falso techo. Modelo color blanco. \u200bIncluye &hellip; <a href=\"https:\/\/ledsolintel.com\/fr\/produit-2\/downlight-panel-18w-redondo\/\" class=\"more-link\">Continue reading <span class=\"screen-reader-text\">Panneau lumineux 18W rond<\/span><\/a><\/p>","protected":false},"featured_media":259157,"template":"","meta":[],"product_brand":[101370],"product_cat":[101371,15],"product_tag":[],"class_list":{"0":"post-266110","1":"product","2":"type-product","3":"status-publish","4":"has-post-thumbnail","6":"product_brand-masterled","7":"product_cat-masterled","8":"product_cat-uncategorized","9":"pa_temperatura-color-luz-blanca","10":"pa_temperatura-color-luz-calida","11":"pa_temperatura-color-luz-neutra","14":"instock","15":"taxable","16":"shipping-taxable","17":"purchasable","18":"product-type-variable","19":"has-default-attributes"},"yoast_head":"<!-- This site is optimized with the Yoast SEO plugin v26.6 - https:\/\/yoast.com\/wordpress\/plugins\/seo\/ -->\n<title>Downlight panel 18W redondo - Ledsolintel<\/title>\n<meta name=\"robots\" content=\"index, follow, max-snippet:-1, max-image-preview:large, max-video-preview:-1\" \/>\n<link rel=\"canonical\" href=\"https:\/\/ledsolintel.com\/fr\/produit-2\/downlight-panel-18w-redondo\/\" \/>\n<meta property=\"og:locale\" content=\"fr_FR\" \/>\n<meta property=\"og:type\" content=\"article\" \/>\n<meta property=\"og:title\" content=\"Downlight panel 18W redondo - Ledsolintel\" \/>\n<meta property=\"og:description\" content=\"Para evitar da\u00f1os en en driver o en la luminaria, se debe realizar la instalaci\u00f3n\u00a0 sin tensi\u00f3n en la red electrica. Nunca conecte un panel a un driver cuando dicho driver tenga tensi\u00f3n el\u00e9ctrica.Downlight Led de 18W extraplano,\u00a0con 1620 lumens.Su dise\u00f1o\u00a0ultrafino permite la instalci\u00f3n empotrada en cualquier tipo de falso techo. Modelo color blanco. \u200bIncluye &hellip; Continue reading Downlight panel 18W redondo\" \/>\n<meta property=\"og:url\" content=\"https:\/\/ledsolintel.com\/fr\/produit-2\/downlight-panel-18w-redondo\/\" \/>\n<meta property=\"og:site_name\" content=\"Ledsolintel\" \/>\n<meta property=\"article:publisher\" content=\"http:\/\/www.facebook.com\/webmenaje\" \/>\n<meta property=\"article:modified_time\" content=\"2026-04-07T08:19:27+00:00\" \/>\n<meta property=\"og:image\" content=\"https:\/\/ledsolintel.com\/wp-content\/uploads\/2025\/11\/downlight-led-18w-redondo.jpg\" \/>\n\t<meta property=\"og:image:width\" content=\"1500\" \/>\n\t<meta property=\"og:image:height\" content=\"1500\" \/>\n\t<meta property=\"og:image:type\" content=\"image\/jpeg\" \/>\n<meta name=\"twitter:card\" content=\"summary_large_image\" \/>\n<meta name=\"twitter:site\" content=\"@webmenaje\" \/>\n<meta name=\"twitter:label1\" content=\"Dur\u00e9e de lecture estim\u00e9e\" \/>\n\t<meta name=\"twitter:data1\" content=\"1 minute\" \/>\n<script type=\"application\/ld+json\" class=\"yoast-schema-graph\">{\"@context\":\"https:\/\/schema.org\",\"@graph\":[{\"@type\":\"WebPage\",\"@id\":\"https:\/\/ledsolintel.com\/product\/downlight-panel-18w-redondo\/\",\"url\":\"https:\/\/ledsolintel.com\/product\/downlight-panel-18w-redondo\/\",\"name\":\"Downlight panel 18W redondo - Ledsolintel\",\"isPartOf\":{\"@id\":\"https:\/\/ledsolintel.com\/#website\"},\"primaryImageOfPage\":{\"@id\":\"https:\/\/ledsolintel.com\/product\/downlight-panel-18w-redondo\/#primaryimage\"},\"image\":{\"@id\":\"https:\/\/ledsolintel.com\/product\/downlight-panel-18w-redondo\/#primaryimage\"},\"thumbnailUrl\":\"https:\/\/ledsolintel.com\/wp-content\/uploads\/2025\/11\/downlight-led-18w-redondo.jpg\",\"datePublished\":\"2025-11-11T12:43:53+00:00\",\"dateModified\":\"2026-04-07T08:19:27+00:00\",\"breadcrumb\":{\"@id\":\"https:\/\/ledsolintel.com\/product\/downlight-panel-18w-redondo\/#breadcrumb\"},\"inLanguage\":\"fr-FR\",\"potentialAction\":[{\"@type\":\"ReadAction\",\"target\":[\"https:\/\/ledsolintel.com\/product\/downlight-panel-18w-redondo\/\"]}]},{\"@type\":\"ImageObject\",\"inLanguage\":\"fr-FR\",\"@id\":\"https:\/\/ledsolintel.com\/product\/downlight-panel-18w-redondo\/#primaryimage\",\"url\":\"https:\/\/ledsolintel.com\/wp-content\/uploads\/2025\/11\/downlight-led-18w-redondo.jpg\",\"contentUrl\":\"https:\/\/ledsolintel.com\/wp-content\/uploads\/2025\/11\/downlight-led-18w-redondo.jpg\",\"width\":1500,\"height\":1500},{\"@type\":\"BreadcrumbList\",\"@id\":\"https:\/\/ledsolintel.com\/product\/downlight-panel-18w-redondo\/#breadcrumb\",\"itemListElement\":[{\"@type\":\"ListItem\",\"position\":1,\"name\":\"Portada\",\"item\":\"https:\/\/ledsolintel.com\/fr\/\"},{\"@type\":\"ListItem\",\"position\":2,\"name\":\"Tienda\",\"item\":\"https:\/\/ledsolintel.com\/tienda\/\"},{\"@type\":\"ListItem\",\"position\":3,\"name\":\"Downlight panel 18W redondo\"}]},{\"@type\":\"WebSite\",\"@id\":\"https:\/\/ledsolintel.com\/#website\",\"url\":\"https:\/\/ledsolintel.com\/\",\"name\":\"Webmenaje\",\"description\":\"Tienda de bombillas y l\u00e1mparas LED para profesionales\",\"publisher\":{\"@id\":\"https:\/\/ledsolintel.com\/#organization\"},\"potentialAction\":[{\"@type\":\"SearchAction\",\"target\":{\"@type\":\"EntryPoint\",\"urlTemplate\":\"https:\/\/ledsolintel.com\/?s={search_term_string}\"},\"query-input\":{\"@type\":\"PropertyValueSpecification\",\"valueRequired\":true,\"valueName\":\"search_term_string\"}}],\"inLanguage\":\"fr-FR\"},{\"@type\":\"Organization\",\"@id\":\"https:\/\/ledsolintel.com\/#organization\",\"name\":\"Solintel Noroeste, S.L.\",\"url\":\"https:\/\/ledsolintel.com\/\",\"logo\":{\"@type\":\"ImageObject\",\"inLanguage\":\"fr-FR\",\"@id\":\"https:\/\/ledsolintel.com\/#\/schema\/logo\/image\/\",\"url\":\"https:\/\/ledsolintel.com\/wp-content\/uploads\/2024\/11\/webmenaje-logo-1508269066.jpg\",\"contentUrl\":\"https:\/\/ledsolintel.com\/wp-content\/uploads\/2024\/11\/webmenaje-logo-1508269066.jpg\",\"width\":370,\"height\":90,\"caption\":\"Solintel Noroeste, S.L.\"},\"image\":{\"@id\":\"https:\/\/ledsolintel.com\/#\/schema\/logo\/image\/\"},\"sameAs\":[\"http:\/\/www.facebook.com\/webmenaje\",\"https:\/\/x.com\/webmenaje\",\"https:\/\/www.youtube.com\/channel\/UCX2KoVoeCG4LocZjUc6LmSQ\",\"http:\/\/www.pinterest.com\/webmenaje\"]}]}<\/script>\n<!-- \/ Yoast SEO plugin. -->","yoast_head_json":{"title":"Downlight panel 18W redondo - Ledsolintel","robots":{"index":"index","follow":"follow","max-snippet":"max-snippet:-1","max-image-preview":"max-image-preview:large","max-video-preview":"max-video-preview:-1"},"canonical":"https:\/\/ledsolintel.com\/fr\/produit-2\/downlight-panel-18w-redondo\/","og_locale":"fr_FR","og_type":"article","og_title":"Downlight panel 18W redondo - Ledsolintel","og_description":"Para evitar da\u00f1os en en driver o en la luminaria, se debe realizar la instalaci\u00f3n\u00a0 sin tensi\u00f3n en la red electrica. Nunca conecte un panel a un driver cuando dicho driver tenga tensi\u00f3n el\u00e9ctrica.Downlight Led de 18W extraplano,\u00a0con 1620 lumens.Su dise\u00f1o\u00a0ultrafino permite la instalci\u00f3n empotrada en cualquier tipo de falso techo. Modelo color blanco. \u200bIncluye &hellip; Continue reading Downlight panel 18W redondo","og_url":"https:\/\/ledsolintel.com\/fr\/produit-2\/downlight-panel-18w-redondo\/","og_site_name":"Ledsolintel","article_publisher":"http:\/\/www.facebook.com\/webmenaje","article_modified_time":"2026-04-07T08:19:27+00:00","og_image":[{"width":1500,"height":1500,"url":"https:\/\/ledsolintel.com\/wp-content\/uploads\/2025\/11\/downlight-led-18w-redondo.jpg","type":"image\/jpeg"}],"twitter_card":"summary_large_image","twitter_site":"@webmenaje","twitter_misc":{"Dur\u00e9e de lecture estim\u00e9e":"1 minute"},"schema":{"@context":"https:\/\/schema.org","@graph":[{"@type":"WebPage","@id":"https:\/\/ledsolintel.com\/product\/downlight-panel-18w-redondo\/","url":"https:\/\/ledsolintel.com\/product\/downlight-panel-18w-redondo\/","name":"Downlight panel 18W redondo - Ledsolintel","isPartOf":{"@id":"https:\/\/ledsolintel.com\/#website"},"primaryImageOfPage":{"@id":"https:\/\/ledsolintel.com\/product\/downlight-panel-18w-redondo\/#primaryimage"},"image":{"@id":"https:\/\/ledsolintel.com\/product\/downlight-panel-18w-redondo\/#primaryimage"},"thumbnailUrl":"https:\/\/ledsolintel.com\/wp-content\/uploads\/2025\/11\/downlight-led-18w-redondo.jpg","datePublished":"2025-11-11T12:43:53+00:00","dateModified":"2026-04-07T08:19:27+00:00","breadcrumb":{"@id":"https:\/\/ledsolintel.com\/product\/downlight-panel-18w-redondo\/#breadcrumb"},"inLanguage":"fr-FR","potentialAction":[{"@type":"ReadAction","target":["https:\/\/ledsolintel.com\/product\/downlight-panel-18w-redondo\/"]}]},{"@type":"ImageObject","inLanguage":"fr-FR","@id":"https:\/\/ledsolintel.com\/product\/downlight-panel-18w-redondo\/#primaryimage","url":"https:\/\/ledsolintel.com\/wp-content\/uploads\/2025\/11\/downlight-led-18w-redondo.jpg","contentUrl":"https:\/\/ledsolintel.com\/wp-content\/uploads\/2025\/11\/downlight-led-18w-redondo.jpg","width":1500,"height":1500},{"@type":"BreadcrumbList","@id":"https:\/\/ledsolintel.com\/product\/downlight-panel-18w-redondo\/#breadcrumb","itemListElement":[{"@type":"ListItem","position":1,"name":"Portada","item":"https:\/\/ledsolintel.com\/fr\/"},{"@type":"ListItem","position":2,"name":"Tienda","item":"https:\/\/ledsolintel.com\/tienda\/"},{"@type":"ListItem","position":3,"name":"Downlight panel 18W redondo"}]},{"@type":"WebSite","@id":"https:\/\/ledsolintel.com\/#website","url":"https:\/\/ledsolintel.com\/","name":"Webmenaje","description":"Magasin d'ampoules et de lampes LED pour les professionnels","publisher":{"@id":"https:\/\/ledsolintel.com\/#organization"},"potentialAction":[{"@type":"SearchAction","target":{"@type":"EntryPoint","urlTemplate":"https:\/\/ledsolintel.com\/?s={search_term_string}"},"query-input":{"@type":"PropertyValueSpecification","valueRequired":true,"valueName":"search_term_string"}}],"inLanguage":"fr-FR"},{"@type":"Organization","@id":"https:\/\/ledsolintel.com\/#organization","name":"Solintel Noroeste, S.L.","url":"https:\/\/ledsolintel.com\/","logo":{"@type":"ImageObject","inLanguage":"fr-FR","@id":"https:\/\/ledsolintel.com\/#\/schema\/logo\/image\/","url":"https:\/\/ledsolintel.com\/wp-content\/uploads\/2024\/11\/webmenaje-logo-1508269066.jpg","contentUrl":"https:\/\/ledsolintel.com\/wp-content\/uploads\/2024\/11\/webmenaje-logo-1508269066.jpg","width":370,"height":90,"caption":"Solintel Noroeste, S.L."},"image":{"@id":"https:\/\/ledsolintel.com\/#\/schema\/logo\/image\/"},"sameAs":["http:\/\/www.facebook.com\/webmenaje","https:\/\/x.com\/webmenaje","https:\/\/www.youtube.com\/channel\/UCX2KoVoeCG4LocZjUc6LmSQ","http:\/\/www.pinterest.com\/webmenaje"]}]}},"_links":{"self":[{"href":"https:\/\/ledsolintel.com\/fr\/wp-json\/wp\/v2\/product\/266110","targetHints":{"allow":["GET"]}}],"collection":[{"href":"https:\/\/ledsolintel.com\/fr\/wp-json\/wp\/v2\/product"}],"about":[{"href":"https:\/\/ledsolintel.com\/fr\/wp-json\/wp\/v2\/types\/product"}],"version-history":[{"count":1,"href":"https:\/\/ledsolintel.com\/fr\/wp-json\/wp\/v2\/product\/266110\/revisions"}],"predecessor-version":[{"id":266111,"href":"https:\/\/ledsolintel.com\/fr\/wp-json\/wp\/v2\/product\/266110\/revisions\/266111"}],"wp:featuredmedia":[{"embeddable":true,"href":"https:\/\/ledsolintel.com\/fr\/wp-json\/wp\/v2\/media\/259157"}],"wp:attachment":[{"href":"https:\/\/ledsolintel.com\/fr\/wp-json\/wp\/v2\/media?parent=266110"}],"wp:term":[{"taxonomy":"product_brand","embeddable":true,"href":"https:\/\/ledsolintel.com\/fr\/wp-json\/wp\/v2\/product_brand?post=266110"},{"taxonomy":"product_cat","embeddable":true,"href":"https:\/\/ledsolintel.com\/fr\/wp-json\/wp\/v2\/product_cat?post=266110"},{"taxonomy":"product_tag","embeddable":true,"href":"https:\/\/ledsolintel.com\/fr\/wp-json\/wp\/v2\/product_tag?post=266110"}],"curies":[{"name":"wp","href":"https:\/\/api.w.org\/{rel}","templated":true}]}}