{"id":256788,"date":"2024-09-12T12:24:51","date_gmt":"2024-09-12T10:24:51","guid":{"rendered":"https:\/\/nueva.ledsolintel.com\/product\/beneito-faure-proyector-para-carril-magnetico-led-diro-regulable-dali\/"},"modified":"2024-09-12T12:24:51","modified_gmt":"2024-09-12T10:24:51","slug":"beneito-faure-proyector-para-carril-magnetico-led-diro-regulable-dali","status":"publish","type":"product","link":"https:\/\/ledsolintel.com\/fr\/produit-2\/beneito-faure-proyector-para-carril-magnetico-led-diro-regulable-dali\/","title":{"rendered":"BENEITO FAURE Projecteur pour rail magn\u00e9tique LED DIRO dimmable DALI"},"content":{"rendered":"<ul>\n<li>Puissance : 7 W<\/li>\n<li>Tensi\u00f3n: 48 V DC<\/li>\n<li>Luminosit\u00e9 : 420 lm<\/li>\n<li>CCT : 2700 - 6500 K (dimmable)<\/li>\n<li>Optique : 36<\/li>\n<li>IRC &gt; 90<\/li>\n<li>Dur\u00e9e de vie : 50 000 h<\/li>\n<li>IP20<\/li>\n<li>Di\u00e1metro: 85 x 36 mm<\/li>\n<li>UGR &lt; 10<\/li>\n<\/ul>","protected":false},"excerpt":{"rendered":"<p>L\u00e1mpara colgante para carril magn\u00e9tico LED DIRO 7W de Beneito Faure. 48V,\u00a0colocaci\u00f3n sencilla sin necesidad de instalaciones. Luz suave ambiental. Regulaci\u00f3n DALI<\/p>","protected":false},"featured_media":256785,"template":"","meta":[],"product_brand":[99357],"product_cat":[99609,99931,99573,99915],"product_tag":[],"class_list":{"0":"post-256788","1":"product","2":"type-product","3":"status-publish","4":"has-post-thumbnail","6":"product_brand-beneito-faure","7":"product_cat-iluminacion-tecnica","8":"product_cat-luminarias-de-carril-magnetico","9":"product_cat-iluminacion-interior","10":"product_cat-carril-magnetico","11":"pa_acabado-blanco","12":"pa_acabado-negro","15":"instock","16":"taxable","17":"shipping-taxable","18":"purchasable","19":"product-type-variable","20":"has-default-attributes"},"yoast_head":"<!-- This site is optimized with the Yoast SEO plugin v26.6 - https:\/\/yoast.com\/wordpress\/plugins\/seo\/ -->\n<title>BENEITO FAURE proyector para carril magn\u00e9tico LED DIRO regulable DALI<\/title>\n<meta name=\"description\" content=\"L\u00e1mpara colgante para carril magn\u00e9tico LED DIRO 7W de Beneito Faure. 48V, colocaci\u00f3n sencilla sin instalaci\u00f3n Luz suave ambiental. Regulaci\u00f3n DALI\" \/>\n<meta name=\"robots\" content=\"index, follow, max-snippet:-1, max-image-preview:large, max-video-preview:-1\" \/>\n<link rel=\"canonical\" href=\"https:\/\/ledsolintel.com\/fr\/produit-2\/beneito-faure-proyector-para-carril-magnetico-led-diro-regulable-dali\/\" \/>\n<meta property=\"og:locale\" content=\"fr_FR\" \/>\n<meta property=\"og:type\" content=\"article\" \/>\n<meta property=\"og:title\" content=\"BENEITO FAURE proyector para carril magn\u00e9tico LED DIRO regulable DALI\" \/>\n<meta property=\"og:description\" content=\"L\u00e1mpara colgante para carril magn\u00e9tico LED DIRO 7W de Beneito Faure. 48V, colocaci\u00f3n sencilla sin instalaci\u00f3n Luz suave ambiental. Regulaci\u00f3n DALI\" \/>\n<meta property=\"og:url\" content=\"https:\/\/ledsolintel.com\/fr\/produit-2\/beneito-faure-proyector-para-carril-magnetico-led-diro-regulable-dali\/\" \/>\n<meta property=\"og:site_name\" content=\"Ledsolintel\" \/>\n<meta property=\"article:publisher\" content=\"http:\/\/www.facebook.com\/webmenaje\" \/>\n<meta property=\"og:image\" content=\"https:\/\/ledsolintel.com\/wp-content\/uploads\/2024\/09\/31654-BENEITO-FAURE-proyector-para-carril-magnetico-LED-DIRO-regulable-DALI.jpg\" \/>\n\t<meta property=\"og:image:width\" content=\"1\" \/>\n\t<meta property=\"og:image:height\" content=\"1\" \/>\n\t<meta property=\"og:image:type\" content=\"image\/jpeg\" \/>\n<meta name=\"twitter:card\" content=\"summary_large_image\" \/>\n<meta name=\"twitter:site\" content=\"@webmenaje\" \/>\n<script type=\"application\/ld+json\" class=\"yoast-schema-graph\">{\"@context\":\"https:\/\/schema.org\",\"@graph\":[{\"@type\":\"WebPage\",\"@id\":\"https:\/\/ledsolintel.com\/product\/beneito-faure-proyector-para-carril-magnetico-led-diro-regulable-dali\/\",\"url\":\"https:\/\/ledsolintel.com\/product\/beneito-faure-proyector-para-carril-magnetico-led-diro-regulable-dali\/\",\"name\":\"BENEITO FAURE proyector para carril magn\u00e9tico LED DIRO regulable DALI\",\"isPartOf\":{\"@id\":\"https:\/\/ledsolintel.com\/#website\"},\"primaryImageOfPage\":{\"@id\":\"https:\/\/ledsolintel.com\/product\/beneito-faure-proyector-para-carril-magnetico-led-diro-regulable-dali\/#primaryimage\"},\"image\":{\"@id\":\"https:\/\/ledsolintel.com\/product\/beneito-faure-proyector-para-carril-magnetico-led-diro-regulable-dali\/#primaryimage\"},\"thumbnailUrl\":\"https:\/\/ledsolintel.com\/wp-content\/uploads\/2024\/09\/31654-BENEITO-FAURE-proyector-para-carril-magnetico-LED-DIRO-regulable-DALI.jpg\",\"datePublished\":\"2024-09-12T10:24:51+00:00\",\"description\":\"L\u00e1mpara colgante para carril magn\u00e9tico LED DIRO 7W de Beneito Faure. 48V, colocaci\u00f3n sencilla sin instalaci\u00f3n Luz suave ambiental. Regulaci\u00f3n DALI\",\"breadcrumb\":{\"@id\":\"https:\/\/ledsolintel.com\/product\/beneito-faure-proyector-para-carril-magnetico-led-diro-regulable-dali\/#breadcrumb\"},\"inLanguage\":\"fr-FR\",\"potentialAction\":[{\"@type\":\"ReadAction\",\"target\":[\"https:\/\/ledsolintel.com\/product\/beneito-faure-proyector-para-carril-magnetico-led-diro-regulable-dali\/\"]}]},{\"@type\":\"ImageObject\",\"inLanguage\":\"fr-FR\",\"@id\":\"https:\/\/ledsolintel.com\/product\/beneito-faure-proyector-para-carril-magnetico-led-diro-regulable-dali\/#primaryimage\",\"url\":\"https:\/\/ledsolintel.com\/wp-content\/uploads\/2024\/09\/31654-BENEITO-FAURE-proyector-para-carril-magnetico-LED-DIRO-regulable-DALI.jpg\",\"contentUrl\":\"https:\/\/ledsolintel.com\/wp-content\/uploads\/2024\/09\/31654-BENEITO-FAURE-proyector-para-carril-magnetico-LED-DIRO-regulable-DALI.jpg\",\"caption\":\"BENEITO FAURE proyector para carril magn\u00e9tico LED DIRO regulable DALI\"},{\"@type\":\"BreadcrumbList\",\"@id\":\"https:\/\/ledsolintel.com\/product\/beneito-faure-proyector-para-carril-magnetico-led-diro-regulable-dali\/#breadcrumb\",\"itemListElement\":[{\"@type\":\"ListItem\",\"position\":1,\"name\":\"Portada\",\"item\":\"https:\/\/ledsolintel.com\/fr\/\"},{\"@type\":\"ListItem\",\"position\":2,\"name\":\"Tienda\",\"item\":\"https:\/\/ledsolintel.com\/tienda\/\"},{\"@type\":\"ListItem\",\"position\":3,\"name\":\"BENEITO FAURE proyector para carril magn\u00e9tico LED DIRO regulable DALI\"}]},{\"@type\":\"WebSite\",\"@id\":\"https:\/\/ledsolintel.com\/#website\",\"url\":\"https:\/\/ledsolintel.com\/\",\"name\":\"Webmenaje\",\"description\":\"Tienda de bombillas y l\u00e1mparas LED para profesionales\",\"publisher\":{\"@id\":\"https:\/\/ledsolintel.com\/#organization\"},\"potentialAction\":[{\"@type\":\"SearchAction\",\"target\":{\"@type\":\"EntryPoint\",\"urlTemplate\":\"https:\/\/ledsolintel.com\/?s={search_term_string}\"},\"query-input\":{\"@type\":\"PropertyValueSpecification\",\"valueRequired\":true,\"valueName\":\"search_term_string\"}}],\"inLanguage\":\"fr-FR\"},{\"@type\":\"Organization\",\"@id\":\"https:\/\/ledsolintel.com\/#organization\",\"name\":\"Solintel Noroeste, S.L.\",\"url\":\"https:\/\/ledsolintel.com\/\",\"logo\":{\"@type\":\"ImageObject\",\"inLanguage\":\"fr-FR\",\"@id\":\"https:\/\/ledsolintel.com\/#\/schema\/logo\/image\/\",\"url\":\"https:\/\/ledsolintel.com\/wp-content\/uploads\/2024\/11\/webmenaje-logo-1508269066.jpg\",\"contentUrl\":\"https:\/\/ledsolintel.com\/wp-content\/uploads\/2024\/11\/webmenaje-logo-1508269066.jpg\",\"width\":370,\"height\":90,\"caption\":\"Solintel Noroeste, S.L.\"},\"image\":{\"@id\":\"https:\/\/ledsolintel.com\/#\/schema\/logo\/image\/\"},\"sameAs\":[\"http:\/\/www.facebook.com\/webmenaje\",\"https:\/\/x.com\/webmenaje\",\"https:\/\/www.youtube.com\/channel\/UCX2KoVoeCG4LocZjUc6LmSQ\",\"http:\/\/www.pinterest.com\/webmenaje\"]}]}<\/script>\n<!-- \/ Yoast SEO plugin. -->","yoast_head_json":{"title":"BENEITO FAURE Projecteur pour rail magn\u00e9tique LED DIRO dimmable DALI","description":"L\u00e1mpara colgante para carril magn\u00e9tico LED DIRO 7W de Beneito Faure. 48V, colocaci\u00f3n sencilla sin instalaci\u00f3n Luz suave ambiental. Regulaci\u00f3n DALI","robots":{"index":"index","follow":"follow","max-snippet":"max-snippet:-1","max-image-preview":"max-image-preview:large","max-video-preview":"max-video-preview:-1"},"canonical":"https:\/\/ledsolintel.com\/fr\/produit-2\/beneito-faure-proyector-para-carril-magnetico-led-diro-regulable-dali\/","og_locale":"fr_FR","og_type":"article","og_title":"BENEITO FAURE proyector para carril magn\u00e9tico LED DIRO regulable DALI","og_description":"L\u00e1mpara colgante para carril magn\u00e9tico LED DIRO 7W de Beneito Faure. 48V, colocaci\u00f3n sencilla sin instalaci\u00f3n Luz suave ambiental. Regulaci\u00f3n DALI","og_url":"https:\/\/ledsolintel.com\/fr\/produit-2\/beneito-faure-proyector-para-carril-magnetico-led-diro-regulable-dali\/","og_site_name":"Ledsolintel","article_publisher":"http:\/\/www.facebook.com\/webmenaje","og_image":[{"url":"https:\/\/ledsolintel.com\/wp-content\/uploads\/2024\/09\/31654-BENEITO-FAURE-proyector-para-carril-magnetico-LED-DIRO-regulable-DALI.jpg","width":1,"height":1,"type":"image\/jpeg"}],"twitter_card":"summary_large_image","twitter_site":"@webmenaje","schema":{"@context":"https:\/\/schema.org","@graph":[{"@type":"WebPage","@id":"https:\/\/ledsolintel.com\/product\/beneito-faure-proyector-para-carril-magnetico-led-diro-regulable-dali\/","url":"https:\/\/ledsolintel.com\/product\/beneito-faure-proyector-para-carril-magnetico-led-diro-regulable-dali\/","name":"BENEITO FAURE Projecteur pour rail magn\u00e9tique LED DIRO dimmable DALI","isPartOf":{"@id":"https:\/\/ledsolintel.com\/#website"},"primaryImageOfPage":{"@id":"https:\/\/ledsolintel.com\/product\/beneito-faure-proyector-para-carril-magnetico-led-diro-regulable-dali\/#primaryimage"},"image":{"@id":"https:\/\/ledsolintel.com\/product\/beneito-faure-proyector-para-carril-magnetico-led-diro-regulable-dali\/#primaryimage"},"thumbnailUrl":"https:\/\/ledsolintel.com\/wp-content\/uploads\/2024\/09\/31654-BENEITO-FAURE-proyector-para-carril-magnetico-LED-DIRO-regulable-DALI.jpg","datePublished":"2024-09-12T10:24:51+00:00","description":"L\u00e1mpara colgante para carril magn\u00e9tico LED DIRO 7W de Beneito Faure. 48V, colocaci\u00f3n sencilla sin instalaci\u00f3n Luz suave ambiental. Regulaci\u00f3n DALI","breadcrumb":{"@id":"https:\/\/ledsolintel.com\/product\/beneito-faure-proyector-para-carril-magnetico-led-diro-regulable-dali\/#breadcrumb"},"inLanguage":"fr-FR","potentialAction":[{"@type":"ReadAction","target":["https:\/\/ledsolintel.com\/product\/beneito-faure-proyector-para-carril-magnetico-led-diro-regulable-dali\/"]}]},{"@type":"ImageObject","inLanguage":"fr-FR","@id":"https:\/\/ledsolintel.com\/product\/beneito-faure-proyector-para-carril-magnetico-led-diro-regulable-dali\/#primaryimage","url":"https:\/\/ledsolintel.com\/wp-content\/uploads\/2024\/09\/31654-BENEITO-FAURE-proyector-para-carril-magnetico-LED-DIRO-regulable-DALI.jpg","contentUrl":"https:\/\/ledsolintel.com\/wp-content\/uploads\/2024\/09\/31654-BENEITO-FAURE-proyector-para-carril-magnetico-LED-DIRO-regulable-DALI.jpg","caption":"BENEITO FAURE proyector para carril magn\u00e9tico LED DIRO regulable DALI"},{"@type":"BreadcrumbList","@id":"https:\/\/ledsolintel.com\/product\/beneito-faure-proyector-para-carril-magnetico-led-diro-regulable-dali\/#breadcrumb","itemListElement":[{"@type":"ListItem","position":1,"name":"Portada","item":"https:\/\/ledsolintel.com\/fr\/"},{"@type":"ListItem","position":2,"name":"Tienda","item":"https:\/\/ledsolintel.com\/tienda\/"},{"@type":"ListItem","position":3,"name":"BENEITO FAURE proyector para carril magn\u00e9tico LED DIRO regulable DALI"}]},{"@type":"WebSite","@id":"https:\/\/ledsolintel.com\/#website","url":"https:\/\/ledsolintel.com\/","name":"Webmenaje","description":"Magasin d'ampoules et de lampes LED pour les professionnels","publisher":{"@id":"https:\/\/ledsolintel.com\/#organization"},"potentialAction":[{"@type":"SearchAction","target":{"@type":"EntryPoint","urlTemplate":"https:\/\/ledsolintel.com\/?s={search_term_string}"},"query-input":{"@type":"PropertyValueSpecification","valueRequired":true,"valueName":"search_term_string"}}],"inLanguage":"fr-FR"},{"@type":"Organization","@id":"https:\/\/ledsolintel.com\/#organization","name":"Solintel Noroeste, S.L.","url":"https:\/\/ledsolintel.com\/","logo":{"@type":"ImageObject","inLanguage":"fr-FR","@id":"https:\/\/ledsolintel.com\/#\/schema\/logo\/image\/","url":"https:\/\/ledsolintel.com\/wp-content\/uploads\/2024\/11\/webmenaje-logo-1508269066.jpg","contentUrl":"https:\/\/ledsolintel.com\/wp-content\/uploads\/2024\/11\/webmenaje-logo-1508269066.jpg","width":370,"height":90,"caption":"Solintel Noroeste, S.L."},"image":{"@id":"https:\/\/ledsolintel.com\/#\/schema\/logo\/image\/"},"sameAs":["http:\/\/www.facebook.com\/webmenaje","https:\/\/x.com\/webmenaje","https:\/\/www.youtube.com\/channel\/UCX2KoVoeCG4LocZjUc6LmSQ","http:\/\/www.pinterest.com\/webmenaje"]}]}},"_links":{"self":[{"href":"https:\/\/ledsolintel.com\/fr\/wp-json\/wp\/v2\/product\/256788","targetHints":{"allow":["GET"]}}],"collection":[{"href":"https:\/\/ledsolintel.com\/fr\/wp-json\/wp\/v2\/product"}],"about":[{"href":"https:\/\/ledsolintel.com\/fr\/wp-json\/wp\/v2\/types\/product"}],"version-history":[{"count":0,"href":"https:\/\/ledsolintel.com\/fr\/wp-json\/wp\/v2\/product\/256788\/revisions"}],"wp:featuredmedia":[{"embeddable":true,"href":"https:\/\/ledsolintel.com\/fr\/wp-json\/wp\/v2\/media\/256785"}],"wp:attachment":[{"href":"https:\/\/ledsolintel.com\/fr\/wp-json\/wp\/v2\/media?parent=256788"}],"wp:term":[{"taxonomy":"product_brand","embeddable":true,"href":"https:\/\/ledsolintel.com\/fr\/wp-json\/wp\/v2\/product_brand?post=256788"},{"taxonomy":"product_cat","embeddable":true,"href":"https:\/\/ledsolintel.com\/fr\/wp-json\/wp\/v2\/product_cat?post=256788"},{"taxonomy":"product_tag","embeddable":true,"href":"https:\/\/ledsolintel.com\/fr\/wp-json\/wp\/v2\/product_tag?post=256788"}],"curies":[{"name":"wp","href":"https:\/\/api.w.org\/{rel}","templated":true}]}}