{"id":256573,"date":"2024-08-07T17:48:08","date_gmt":"2024-08-07T15:48:08","guid":{"rendered":"https:\/\/nueva.ledsolintel.com\/product\/roblan-aplique-de-bano-led-aloe-16w-cct-ip44\/"},"modified":"2024-08-07T17:48:08","modified_gmt":"2024-08-07T15:48:08","slug":"roblan-aplique-de-bano-led-aloe-16w-cct-ip44","status":"publish","type":"product","link":"https:\/\/ledsolintel.com\/fr\/produit-2\/roblan-aplique-de-bano-led-aloe-16w-cct-ip44\/","title":{"rendered":"ROBLAN aplique de ba\u00f1o LED ALOE 16W CCT IP44"},"content":{"rendered":"<ul>\n<li>Puissance : 16 W<\/li>\n<li>Tension : 220-240 V AC<\/li>\n<li>Tipo de LED: EDISON SMD 2835<\/li>\n<li>Medidas: 100 x 695 x 55 mm<\/li>\n<li>CCT: 3000 K \/4000 K (regulable)<\/li>\n<li>Flujo luminoso: 1430 lm<\/li>\n<li>\u00c1ngulo de apertura: 120-180\u00ba<\/li>\n<li>Protection IP44<\/li>\n<li>IRC &gt; 80<\/li>\n<li>Facteur de puissance &gt; 0,5<\/li>\n<\/ul>","protected":false},"excerpt":{"rendered":"<p>Aplique LED ALOE de Roblan. Protegido contra el agua, dise\u00f1ado para uso en ba\u00f1os, apto para iluminaci\u00f3n profesional y dise\u00f1o de interiores. CCT regulable.<\/p>","protected":false},"featured_media":256572,"template":"","meta":[],"product_brand":[99355],"product_cat":[99573,99637],"product_tag":[],"class_list":{"0":"post-256573","1":"product","2":"type-product","3":"status-publish","4":"has-post-thumbnail","6":"product_brand-roblan","7":"product_cat-iluminacion-interior","8":"product_cat-lamparas-de-bano","11":"instock","12":"taxable","13":"shipping-taxable","14":"purchasable","15":"product-type-simple"},"yoast_head":"<!-- This site is optimized with the Yoast SEO plugin v26.6 - https:\/\/yoast.com\/wordpress\/plugins\/seo\/ -->\n<title>ROBLAN aplique de ba\u00f1o LED ALOE 16W CCT IP44<\/title>\n<meta name=\"description\" content=\"Aplique LED ALOE de Roblan. Protegido contra el agua, dise\u00f1ado para uso en ba\u00f1os, apto para iluminaci\u00f3n profesional y dise\u00f1o de interiores. CCT regulable.\" \/>\n<meta name=\"robots\" content=\"index, follow, max-snippet:-1, max-image-preview:large, max-video-preview:-1\" \/>\n<link rel=\"canonical\" href=\"https:\/\/ledsolintel.com\/fr\/produit-2\/roblan-aplique-de-bano-led-aloe-16w-cct-ip44\/\" \/>\n<meta property=\"og:locale\" content=\"fr_FR\" \/>\n<meta property=\"og:type\" content=\"article\" \/>\n<meta property=\"og:title\" content=\"ROBLAN aplique de ba\u00f1o LED ALOE 16W CCT IP44\" \/>\n<meta property=\"og:description\" content=\"Aplique LED ALOE de Roblan. Protegido contra el agua, dise\u00f1ado para uso en ba\u00f1os, apto para iluminaci\u00f3n profesional y dise\u00f1o de interiores. CCT regulable.\" \/>\n<meta property=\"og:url\" content=\"https:\/\/ledsolintel.com\/fr\/produit-2\/roblan-aplique-de-bano-led-aloe-16w-cct-ip44\/\" \/>\n<meta property=\"og:site_name\" content=\"Ledsolintel\" \/>\n<meta property=\"article:publisher\" content=\"http:\/\/www.facebook.com\/webmenaje\" \/>\n<meta property=\"og:image\" content=\"https:\/\/ledsolintel.com\/wp-content\/uploads\/2024\/08\/31504-ROBLAN-aplique-de-bano-LED-ALOE-8W-CCT-IP44.jpg\" \/>\n\t<meta property=\"og:image:width\" content=\"1\" \/>\n\t<meta property=\"og:image:height\" content=\"1\" \/>\n\t<meta property=\"og:image:type\" content=\"image\/jpeg\" \/>\n<meta name=\"twitter:card\" content=\"summary_large_image\" \/>\n<meta name=\"twitter:site\" content=\"@webmenaje\" \/>\n<script type=\"application\/ld+json\" class=\"yoast-schema-graph\">{\"@context\":\"https:\/\/schema.org\",\"@graph\":[{\"@type\":\"WebPage\",\"@id\":\"https:\/\/ledsolintel.com\/fr\/product\/roblan-aplique-de-bano-led-aloe-16w-cct-ip44\/\",\"url\":\"https:\/\/ledsolintel.com\/fr\/product\/roblan-aplique-de-bano-led-aloe-16w-cct-ip44\/\",\"name\":\"ROBLAN aplique de ba\u00f1o LED ALOE 16W CCT IP44\",\"isPartOf\":{\"@id\":\"https:\/\/ledsolintel.com\/#website\"},\"primaryImageOfPage\":{\"@id\":\"https:\/\/ledsolintel.com\/fr\/product\/roblan-aplique-de-bano-led-aloe-16w-cct-ip44\/#primaryimage\"},\"image\":{\"@id\":\"https:\/\/ledsolintel.com\/fr\/product\/roblan-aplique-de-bano-led-aloe-16w-cct-ip44\/#primaryimage\"},\"thumbnailUrl\":\"https:\/\/ledsolintel.com\/wp-content\/uploads\/2024\/08\/31504-ROBLAN-aplique-de-bano-LED-ALOE-8W-CCT-IP44.jpg\",\"datePublished\":\"2024-08-07T15:48:08+00:00\",\"description\":\"Aplique LED ALOE de Roblan. Protegido contra el agua, dise\u00f1ado para uso en ba\u00f1os, apto para iluminaci\u00f3n profesional y dise\u00f1o de interiores. CCT regulable.\",\"breadcrumb\":{\"@id\":\"https:\/\/ledsolintel.com\/fr\/product\/roblan-aplique-de-bano-led-aloe-16w-cct-ip44\/#breadcrumb\"},\"inLanguage\":\"fr-FR\",\"potentialAction\":[{\"@type\":\"ReadAction\",\"target\":[\"https:\/\/ledsolintel.com\/fr\/product\/roblan-aplique-de-bano-led-aloe-16w-cct-ip44\/\"]}]},{\"@type\":\"ImageObject\",\"inLanguage\":\"fr-FR\",\"@id\":\"https:\/\/ledsolintel.com\/fr\/product\/roblan-aplique-de-bano-led-aloe-16w-cct-ip44\/#primaryimage\",\"url\":\"https:\/\/ledsolintel.com\/wp-content\/uploads\/2024\/08\/31504-ROBLAN-aplique-de-bano-LED-ALOE-8W-CCT-IP44.jpg\",\"contentUrl\":\"https:\/\/ledsolintel.com\/wp-content\/uploads\/2024\/08\/31504-ROBLAN-aplique-de-bano-LED-ALOE-8W-CCT-IP44.jpg\",\"caption\":\"ROBLAN aplique de ba\u00f1o LED ALOE 8W CCT IP44\"},{\"@type\":\"BreadcrumbList\",\"@id\":\"https:\/\/ledsolintel.com\/fr\/product\/roblan-aplique-de-bano-led-aloe-16w-cct-ip44\/#breadcrumb\",\"itemListElement\":[{\"@type\":\"ListItem\",\"position\":1,\"name\":\"Portada\",\"item\":\"https:\/\/ledsolintel.com\/fr\/\"},{\"@type\":\"ListItem\",\"position\":2,\"name\":\"Tienda\",\"item\":\"https:\/\/ledsolintel.com\/tienda\/\"},{\"@type\":\"ListItem\",\"position\":3,\"name\":\"ROBLAN aplique de ba\u00f1o LED ALOE 16W CCT IP44\"}]},{\"@type\":\"WebSite\",\"@id\":\"https:\/\/ledsolintel.com\/#website\",\"url\":\"https:\/\/ledsolintel.com\/\",\"name\":\"Webmenaje\",\"description\":\"Tienda de bombillas y l\u00e1mparas LED para profesionales\",\"publisher\":{\"@id\":\"https:\/\/ledsolintel.com\/#organization\"},\"potentialAction\":[{\"@type\":\"SearchAction\",\"target\":{\"@type\":\"EntryPoint\",\"urlTemplate\":\"https:\/\/ledsolintel.com\/?s={search_term_string}\"},\"query-input\":{\"@type\":\"PropertyValueSpecification\",\"valueRequired\":true,\"valueName\":\"search_term_string\"}}],\"inLanguage\":\"fr-FR\"},{\"@type\":\"Organization\",\"@id\":\"https:\/\/ledsolintel.com\/#organization\",\"name\":\"Solintel Noroeste, S.L.\",\"url\":\"https:\/\/ledsolintel.com\/\",\"logo\":{\"@type\":\"ImageObject\",\"inLanguage\":\"fr-FR\",\"@id\":\"https:\/\/ledsolintel.com\/#\/schema\/logo\/image\/\",\"url\":\"https:\/\/ledsolintel.com\/wp-content\/uploads\/2024\/11\/webmenaje-logo-1508269066.jpg\",\"contentUrl\":\"https:\/\/ledsolintel.com\/wp-content\/uploads\/2024\/11\/webmenaje-logo-1508269066.jpg\",\"width\":370,\"height\":90,\"caption\":\"Solintel Noroeste, S.L.\"},\"image\":{\"@id\":\"https:\/\/ledsolintel.com\/#\/schema\/logo\/image\/\"},\"sameAs\":[\"http:\/\/www.facebook.com\/webmenaje\",\"https:\/\/x.com\/webmenaje\",\"https:\/\/www.youtube.com\/channel\/UCX2KoVoeCG4LocZjUc6LmSQ\",\"http:\/\/www.pinterest.com\/webmenaje\"]}]}<\/script>\n<!-- \/ Yoast SEO plugin. -->","yoast_head_json":{"title":"ROBLAN aplique de ba\u00f1o LED ALOE 16W CCT IP44","description":"Aplique LED ALOE de Roblan. Protegido contra el agua, dise\u00f1ado para uso en ba\u00f1os, apto para iluminaci\u00f3n profesional y dise\u00f1o de interiores. CCT regulable.","robots":{"index":"index","follow":"follow","max-snippet":"max-snippet:-1","max-image-preview":"max-image-preview:large","max-video-preview":"max-video-preview:-1"},"canonical":"https:\/\/ledsolintel.com\/fr\/produit-2\/roblan-aplique-de-bano-led-aloe-16w-cct-ip44\/","og_locale":"fr_FR","og_type":"article","og_title":"ROBLAN aplique de ba\u00f1o LED ALOE 16W CCT IP44","og_description":"Aplique LED ALOE de Roblan. Protegido contra el agua, dise\u00f1ado para uso en ba\u00f1os, apto para iluminaci\u00f3n profesional y dise\u00f1o de interiores. CCT regulable.","og_url":"https:\/\/ledsolintel.com\/fr\/produit-2\/roblan-aplique-de-bano-led-aloe-16w-cct-ip44\/","og_site_name":"Ledsolintel","article_publisher":"http:\/\/www.facebook.com\/webmenaje","og_image":[{"url":"https:\/\/ledsolintel.com\/wp-content\/uploads\/2024\/08\/31504-ROBLAN-aplique-de-bano-LED-ALOE-8W-CCT-IP44.jpg","width":1,"height":1,"type":"image\/jpeg"}],"twitter_card":"summary_large_image","twitter_site":"@webmenaje","schema":{"@context":"https:\/\/schema.org","@graph":[{"@type":"WebPage","@id":"https:\/\/ledsolintel.com\/fr\/product\/roblan-aplique-de-bano-led-aloe-16w-cct-ip44\/","url":"https:\/\/ledsolintel.com\/fr\/product\/roblan-aplique-de-bano-led-aloe-16w-cct-ip44\/","name":"ROBLAN aplique de ba\u00f1o LED ALOE 16W CCT IP44","isPartOf":{"@id":"https:\/\/ledsolintel.com\/#website"},"primaryImageOfPage":{"@id":"https:\/\/ledsolintel.com\/fr\/product\/roblan-aplique-de-bano-led-aloe-16w-cct-ip44\/#primaryimage"},"image":{"@id":"https:\/\/ledsolintel.com\/fr\/product\/roblan-aplique-de-bano-led-aloe-16w-cct-ip44\/#primaryimage"},"thumbnailUrl":"https:\/\/ledsolintel.com\/wp-content\/uploads\/2024\/08\/31504-ROBLAN-aplique-de-bano-LED-ALOE-8W-CCT-IP44.jpg","datePublished":"2024-08-07T15:48:08+00:00","description":"Aplique LED ALOE de Roblan. Protegido contra el agua, dise\u00f1ado para uso en ba\u00f1os, apto para iluminaci\u00f3n profesional y dise\u00f1o de interiores. CCT regulable.","breadcrumb":{"@id":"https:\/\/ledsolintel.com\/fr\/product\/roblan-aplique-de-bano-led-aloe-16w-cct-ip44\/#breadcrumb"},"inLanguage":"fr-FR","potentialAction":[{"@type":"ReadAction","target":["https:\/\/ledsolintel.com\/fr\/product\/roblan-aplique-de-bano-led-aloe-16w-cct-ip44\/"]}]},{"@type":"ImageObject","inLanguage":"fr-FR","@id":"https:\/\/ledsolintel.com\/fr\/product\/roblan-aplique-de-bano-led-aloe-16w-cct-ip44\/#primaryimage","url":"https:\/\/ledsolintel.com\/wp-content\/uploads\/2024\/08\/31504-ROBLAN-aplique-de-bano-LED-ALOE-8W-CCT-IP44.jpg","contentUrl":"https:\/\/ledsolintel.com\/wp-content\/uploads\/2024\/08\/31504-ROBLAN-aplique-de-bano-LED-ALOE-8W-CCT-IP44.jpg","caption":"ROBLAN aplique de ba\u00f1o LED ALOE 8W CCT IP44"},{"@type":"BreadcrumbList","@id":"https:\/\/ledsolintel.com\/fr\/product\/roblan-aplique-de-bano-led-aloe-16w-cct-ip44\/#breadcrumb","itemListElement":[{"@type":"ListItem","position":1,"name":"Portada","item":"https:\/\/ledsolintel.com\/fr\/"},{"@type":"ListItem","position":2,"name":"Tienda","item":"https:\/\/ledsolintel.com\/tienda\/"},{"@type":"ListItem","position":3,"name":"ROBLAN aplique de ba\u00f1o LED ALOE 16W CCT IP44"}]},{"@type":"WebSite","@id":"https:\/\/ledsolintel.com\/#website","url":"https:\/\/ledsolintel.com\/","name":"Webmenaje","description":"Magasin d'ampoules et de lampes LED pour les professionnels","publisher":{"@id":"https:\/\/ledsolintel.com\/#organization"},"potentialAction":[{"@type":"SearchAction","target":{"@type":"EntryPoint","urlTemplate":"https:\/\/ledsolintel.com\/?s={search_term_string}"},"query-input":{"@type":"PropertyValueSpecification","valueRequired":true,"valueName":"search_term_string"}}],"inLanguage":"fr-FR"},{"@type":"Organization","@id":"https:\/\/ledsolintel.com\/#organization","name":"Solintel Noroeste, S.L.","url":"https:\/\/ledsolintel.com\/","logo":{"@type":"ImageObject","inLanguage":"fr-FR","@id":"https:\/\/ledsolintel.com\/#\/schema\/logo\/image\/","url":"https:\/\/ledsolintel.com\/wp-content\/uploads\/2024\/11\/webmenaje-logo-1508269066.jpg","contentUrl":"https:\/\/ledsolintel.com\/wp-content\/uploads\/2024\/11\/webmenaje-logo-1508269066.jpg","width":370,"height":90,"caption":"Solintel Noroeste, S.L."},"image":{"@id":"https:\/\/ledsolintel.com\/#\/schema\/logo\/image\/"},"sameAs":["http:\/\/www.facebook.com\/webmenaje","https:\/\/x.com\/webmenaje","https:\/\/www.youtube.com\/channel\/UCX2KoVoeCG4LocZjUc6LmSQ","http:\/\/www.pinterest.com\/webmenaje"]}]}},"_links":{"self":[{"href":"https:\/\/ledsolintel.com\/fr\/wp-json\/wp\/v2\/product\/256573","targetHints":{"allow":["GET"]}}],"collection":[{"href":"https:\/\/ledsolintel.com\/fr\/wp-json\/wp\/v2\/product"}],"about":[{"href":"https:\/\/ledsolintel.com\/fr\/wp-json\/wp\/v2\/types\/product"}],"version-history":[{"count":0,"href":"https:\/\/ledsolintel.com\/fr\/wp-json\/wp\/v2\/product\/256573\/revisions"}],"wp:featuredmedia":[{"embeddable":true,"href":"https:\/\/ledsolintel.com\/fr\/wp-json\/wp\/v2\/media\/256572"}],"wp:attachment":[{"href":"https:\/\/ledsolintel.com\/fr\/wp-json\/wp\/v2\/media?parent=256573"}],"wp:term":[{"taxonomy":"product_brand","embeddable":true,"href":"https:\/\/ledsolintel.com\/fr\/wp-json\/wp\/v2\/product_brand?post=256573"},{"taxonomy":"product_cat","embeddable":true,"href":"https:\/\/ledsolintel.com\/fr\/wp-json\/wp\/v2\/product_cat?post=256573"},{"taxonomy":"product_tag","embeddable":true,"href":"https:\/\/ledsolintel.com\/fr\/wp-json\/wp\/v2\/product_tag?post=256573"}],"curies":[{"name":"wp","href":"https:\/\/api.w.org\/{rel}","templated":true}]}}